{"id":378051,"date":"2025-05-22T09:28:50","date_gmt":"2025-05-22T07:28:50","guid":{"rendered":"https:\/\/shopatoa.com\/ro\/naipo-dispozitiv-de-masaj-2-in-1-pentru-talpa-si-gambe-naipo-mgf-3600-2\/"},"modified":"2025-12-13T11:26:54","modified_gmt":"2025-12-13T10:26:54","slug":"naipo-dispozitiv-de-masaj-2-in-1-pentru-talpa-si-gambe-naipo-mgf-3600-2","status":"publish","type":"product","link":"https:\/\/shopatoa.com\/ro\/naipo-dispozitiv-de-masaj-2-in-1-pentru-talpa-si-gambe-naipo-mgf-3600-2\/","title":{"rendered":"NAIPO Dispozitiv de masaj 2 \u00een 1 pentru talp\u0103 \u0219i gambe Naipo MGF-3600"},"content":{"rendered":"<p>Dispozitivul de masaj pliabil Naipo MGF-3600 ofer\u0103 o masaj pl\u0103cut\u0103 \u0219i relaxare pentru talp\u0103 \u0219i gambe dup\u0103 o zi \u00eentreag\u0103 petrecut\u0103 \u00een picioare. Rezultatul perfect este ob\u021binut datorit\u0103 rolelor de masaj profunde \u0219i aerului comprimat. Masajul aplicat corect are \u0219i efecte preventive semnificative. Dac\u0103 petrece\u021bi \u00eentreaga zi \u00een pantofi cu toc, atunci acest dispozitiv de masaj este special conceput pentru dumneavoastr\u0103.<\/p>\n","protected":false},"excerpt":{"rendered":"<p>Dispozitivul de masaj pliabil Naipo MGF-3600 ofer\u0103 o masaj pl\u0103cut\u0103 \u0219i relaxare pentru talp\u0103 \u0219i gambe dup\u0103 o zi \u00eentreag\u0103 petrecut\u0103 \u00een picioare. Rezultatul perfect este ob\u021binut datorit\u0103 rolelor de masaj profunde \u0219i aerului comprimat. Masajul aplicat corect are \u0219i efecte preventive semnificative. Dac\u0103 petrece\u021bi \u00eentreaga zi \u00een pantofi cu toc, atunci acest dispozitiv de&#8230;<\/p>\n","protected":false},"featured_media":378052,"comment_status":"closed","ping_status":"open","template":"","meta":{"_acf_changed":false,"_kadence_starter_templates_imported_post":false,"_kad_post_transparent":"","_kad_post_title":"","_kad_post_layout":"","_kad_post_sidebar_id":"","_kad_post_content_style":"","_kad_post_vertical_padding":"","_kad_post_feature":"","_kad_post_feature_position":"","_kad_post_header":false,"_kad_post_footer":false,"_kad_post_classname":""},"product_brand":[1015],"product_cat":[246,676,726,611],"product_tag":[],"class_list":{"0":"post-378051","1":"product","2":"type-product","3":"status-publish","4":"has-post-thumbnail","6":"product_brand-naipo","7":"product_cat-cosmetice","8":"product_cat-dispozitive-si-preparate-pentru-masaj","9":"product_cat-echipament-pentru-masaj","10":"product_cat-produse-cosmetice-pentru-corp","12":"first","13":"instock","14":"product-type-external","15":"entry","16":"content-bg","17":"loop-entry"},"acf":[],"yoast_head":"<!-- This site is optimized with the Yoast SEO plugin v27.4 - https:\/\/yoast.com\/product\/yoast-seo-wordpress\/ -->\n<title>NAIPO Dispozitiv de masaj 2 \u00een 1 pentru talp\u0103 \u0219i gambe Naipo MGF-3600 - SHOPATOA.COM<\/title>\n<meta name=\"robots\" content=\"index, follow, max-snippet:-1, max-image-preview:large, max-video-preview:-1\" \/>\n<link rel=\"canonical\" href=\"https:\/\/shopatoa.com\/ro\/naipo-dispozitiv-de-masaj-2-in-1-pentru-talpa-si-gambe-naipo-mgf-3600-2\/\" \/>\n<meta property=\"og:locale\" content=\"ro_RO\" \/>\n<meta property=\"og:type\" content=\"article\" \/>\n<meta property=\"og:title\" content=\"NAIPO Dispozitiv de masaj 2 \u00een 1 pentru talp\u0103 \u0219i gambe Naipo MGF-3600 - SHOPATOA.COM\" \/>\n<meta property=\"og:description\" content=\"Dispozitivul de masaj pliabil Naipo MGF-3600 ofer\u0103 o masaj pl\u0103cut\u0103 \u0219i relaxare pentru talp\u0103 \u0219i gambe dup\u0103 o zi \u00eentreag\u0103 petrecut\u0103 \u00een picioare. Rezultatul perfect este ob\u021binut datorit\u0103 rolelor de masaj profunde \u0219i aerului comprimat. Masajul aplicat corect are \u0219i efecte preventive semnificative. Dac\u0103 petrece\u021bi \u00eentreaga zi \u00een pantofi cu toc, atunci acest dispozitiv de...\" \/>\n<meta property=\"og:url\" content=\"https:\/\/shopatoa.com\/ro\/naipo-dispozitiv-de-masaj-2-in-1-pentru-talpa-si-gambe-naipo-mgf-3600-2\/\" \/>\n<meta property=\"og:site_name\" content=\"SHOPATOA\" \/>\n<meta property=\"article:modified_time\" content=\"2025-12-13T10:26:54+00:00\" \/>\n<meta property=\"og:image\" content=\"https:\/\/storage.googleapis.com\/cz-shopatoa-img\/ro\/9f1ca7a4-unnamed-file.webp\" \/>\n\t<meta property=\"og:image:width\" content=\"800\" \/>\n\t<meta property=\"og:image:height\" content=\"800\" \/>\n\t<meta property=\"og:image:type\" content=\"image\/webp\" \/>\n<meta name=\"twitter:card\" content=\"summary_large_image\" \/>\n<script type=\"application\/ld+json\" class=\"yoast-schema-graph\">{\"@context\":\"https:\\\/\\\/schema.org\",\"@graph\":[{\"@type\":\"WebPage\",\"@id\":\"https:\\\/\\\/shopatoa.com\\\/ro\\\/naipo-dispozitiv-de-masaj-2-in-1-pentru-talpa-si-gambe-naipo-mgf-3600-2\\\/\",\"url\":\"https:\\\/\\\/shopatoa.com\\\/ro\\\/naipo-dispozitiv-de-masaj-2-in-1-pentru-talpa-si-gambe-naipo-mgf-3600-2\\\/\",\"name\":\"NAIPO Dispozitiv de masaj 2 \u00een 1 pentru talp\u0103 \u0219i gambe Naipo MGF-3600 - SHOPATOA.COM\",\"isPartOf\":{\"@id\":\"https:\\\/\\\/shopatoa.com\\\/ro\\\/#website\"},\"primaryImageOfPage\":{\"@id\":\"https:\\\/\\\/shopatoa.com\\\/ro\\\/naipo-dispozitiv-de-masaj-2-in-1-pentru-talpa-si-gambe-naipo-mgf-3600-2\\\/#primaryimage\"},\"image\":{\"@id\":\"https:\\\/\\\/shopatoa.com\\\/ro\\\/naipo-dispozitiv-de-masaj-2-in-1-pentru-talpa-si-gambe-naipo-mgf-3600-2\\\/#primaryimage\"},\"thumbnailUrl\":\"https:\\\/\\\/storage.googleapis.com\\\/cz-shopatoa-img\\\/ro\\\/9f1ca7a4-unnamed-file.webp\",\"datePublished\":\"2025-05-22T07:28:50+00:00\",\"dateModified\":\"2025-12-13T10:26:54+00:00\",\"breadcrumb\":{\"@id\":\"https:\\\/\\\/shopatoa.com\\\/ro\\\/naipo-dispozitiv-de-masaj-2-in-1-pentru-talpa-si-gambe-naipo-mgf-3600-2\\\/#breadcrumb\"},\"inLanguage\":\"ro-RO\",\"potentialAction\":[{\"@type\":\"ReadAction\",\"target\":[\"https:\\\/\\\/shopatoa.com\\\/ro\\\/naipo-dispozitiv-de-masaj-2-in-1-pentru-talpa-si-gambe-naipo-mgf-3600-2\\\/\"]}]},{\"@type\":\"ImageObject\",\"inLanguage\":\"ro-RO\",\"@id\":\"https:\\\/\\\/shopatoa.com\\\/ro\\\/naipo-dispozitiv-de-masaj-2-in-1-pentru-talpa-si-gambe-naipo-mgf-3600-2\\\/#primaryimage\",\"url\":\"https:\\\/\\\/storage.googleapis.com\\\/cz-shopatoa-img\\\/ro\\\/9f1ca7a4-unnamed-file.webp\",\"contentUrl\":\"https:\\\/\\\/storage.googleapis.com\\\/cz-shopatoa-img\\\/ro\\\/9f1ca7a4-unnamed-file.webp\",\"width\":800,\"height\":800},{\"@type\":\"BreadcrumbList\",\"@id\":\"https:\\\/\\\/shopatoa.com\\\/ro\\\/naipo-dispozitiv-de-masaj-2-in-1-pentru-talpa-si-gambe-naipo-mgf-3600-2\\\/#breadcrumb\",\"itemListElement\":[{\"@type\":\"ListItem\",\"position\":1,\"name\":\"Dom\u016f\",\"item\":\"https:\\\/\\\/shopatoa.com\\\/ro\\\/\"},{\"@type\":\"ListItem\",\"position\":2,\"name\":\"Shop\",\"item\":\"https:\\\/\\\/shopatoa.com\\\/ro\\\/shop\\\/\"},{\"@type\":\"ListItem\",\"position\":3,\"name\":\"Cosmetice\",\"item\":\"https:\\\/\\\/shopatoa.com\\\/ro\\\/cosmetice\\\/\"},{\"@type\":\"ListItem\",\"position\":4,\"name\":\"Produse cosmetice pentru corp\",\"item\":\"https:\\\/\\\/shopatoa.com\\\/ro\\\/produse-cosmetice-pentru-corp\\\/\"},{\"@type\":\"ListItem\",\"position\":5,\"name\":\"Dispozitive \u0219i preparate pentru masaj\",\"item\":\"https:\\\/\\\/shopatoa.com\\\/ro\\\/dispozitive-si-preparate-pentru-masaj\\\/\"},{\"@type\":\"ListItem\",\"position\":6,\"name\":\"Echipament pentru masaj\",\"item\":\"https:\\\/\\\/shopatoa.com\\\/ro\\\/echipament-pentru-masaj\\\/\"},{\"@type\":\"ListItem\",\"position\":7,\"name\":\"NAIPO Dispozitiv de masaj 2 \u00een 1 pentru talp\u0103 \u0219i gambe Naipo MGF-3600\"}]},{\"@type\":\"WebSite\",\"@id\":\"https:\\\/\\\/shopatoa.com\\\/ro\\\/#website\",\"url\":\"https:\\\/\\\/shopatoa.com\\\/ro\\\/\",\"name\":\"SHOPATOA\",\"description\":\"\",\"publisher\":{\"@id\":\"https:\\\/\\\/shopatoa.com\\\/ro\\\/#organization\"},\"potentialAction\":[{\"@type\":\"SearchAction\",\"target\":{\"@type\":\"EntryPoint\",\"urlTemplate\":\"https:\\\/\\\/shopatoa.com\\\/ro\\\/?s={search_term_string}\"},\"query-input\":{\"@type\":\"PropertyValueSpecification\",\"valueRequired\":true,\"valueName\":\"search_term_string\"}}],\"inLanguage\":\"ro-RO\"},{\"@type\":\"Organization\",\"@id\":\"https:\\\/\\\/shopatoa.com\\\/ro\\\/#organization\",\"name\":\"SHOPATOA\",\"url\":\"https:\\\/\\\/shopatoa.com\\\/ro\\\/\",\"logo\":{\"@type\":\"ImageObject\",\"inLanguage\":\"ro-RO\",\"@id\":\"https:\\\/\\\/shopatoa.com\\\/ro\\\/#\\\/schema\\\/logo\\\/image\\\/\",\"url\":\"https:\\\/\\\/storage.googleapis.com\\\/cz-shopatoa-img\\\/ro\\\/b4dac915-shopatoa_logo.png\",\"contentUrl\":\"https:\\\/\\\/storage.googleapis.com\\\/cz-shopatoa-img\\\/ro\\\/b4dac915-shopatoa_logo.png\",\"width\":416,\"height\":63,\"caption\":\"SHOPATOA\"},\"image\":{\"@id\":\"https:\\\/\\\/shopatoa.com\\\/ro\\\/#\\\/schema\\\/logo\\\/image\\\/\"}}]}<\/script>\n<!-- \/ Yoast SEO plugin. -->","yoast_head_json":{"title":"NAIPO Dispozitiv de masaj 2 \u00een 1 pentru talp\u0103 \u0219i gambe Naipo MGF-3600 - SHOPATOA.COM","robots":{"index":"index","follow":"follow","max-snippet":"max-snippet:-1","max-image-preview":"max-image-preview:large","max-video-preview":"max-video-preview:-1"},"canonical":"https:\/\/shopatoa.com\/ro\/naipo-dispozitiv-de-masaj-2-in-1-pentru-talpa-si-gambe-naipo-mgf-3600-2\/","og_locale":"ro_RO","og_type":"article","og_title":"NAIPO Dispozitiv de masaj 2 \u00een 1 pentru talp\u0103 \u0219i gambe Naipo MGF-3600 - SHOPATOA.COM","og_description":"Dispozitivul de masaj pliabil Naipo MGF-3600 ofer\u0103 o masaj pl\u0103cut\u0103 \u0219i relaxare pentru talp\u0103 \u0219i gambe dup\u0103 o zi \u00eentreag\u0103 petrecut\u0103 \u00een picioare. Rezultatul perfect este ob\u021binut datorit\u0103 rolelor de masaj profunde \u0219i aerului comprimat. Masajul aplicat corect are \u0219i efecte preventive semnificative. Dac\u0103 petrece\u021bi \u00eentreaga zi \u00een pantofi cu toc, atunci acest dispozitiv de...","og_url":"https:\/\/shopatoa.com\/ro\/naipo-dispozitiv-de-masaj-2-in-1-pentru-talpa-si-gambe-naipo-mgf-3600-2\/","og_site_name":"SHOPATOA","article_modified_time":"2025-12-13T10:26:54+00:00","og_image":[{"width":800,"height":800,"url":"https:\/\/storage.googleapis.com\/cz-shopatoa-img\/ro\/9f1ca7a4-unnamed-file.webp","type":"image\/webp"}],"twitter_card":"summary_large_image","schema":{"@context":"https:\/\/schema.org","@graph":[{"@type":"WebPage","@id":"https:\/\/shopatoa.com\/ro\/naipo-dispozitiv-de-masaj-2-in-1-pentru-talpa-si-gambe-naipo-mgf-3600-2\/","url":"https:\/\/shopatoa.com\/ro\/naipo-dispozitiv-de-masaj-2-in-1-pentru-talpa-si-gambe-naipo-mgf-3600-2\/","name":"NAIPO Dispozitiv de masaj 2 \u00een 1 pentru talp\u0103 \u0219i gambe Naipo MGF-3600 - SHOPATOA.COM","isPartOf":{"@id":"https:\/\/shopatoa.com\/ro\/#website"},"primaryImageOfPage":{"@id":"https:\/\/shopatoa.com\/ro\/naipo-dispozitiv-de-masaj-2-in-1-pentru-talpa-si-gambe-naipo-mgf-3600-2\/#primaryimage"},"image":{"@id":"https:\/\/shopatoa.com\/ro\/naipo-dispozitiv-de-masaj-2-in-1-pentru-talpa-si-gambe-naipo-mgf-3600-2\/#primaryimage"},"thumbnailUrl":"https:\/\/storage.googleapis.com\/cz-shopatoa-img\/ro\/9f1ca7a4-unnamed-file.webp","datePublished":"2025-05-22T07:28:50+00:00","dateModified":"2025-12-13T10:26:54+00:00","breadcrumb":{"@id":"https:\/\/shopatoa.com\/ro\/naipo-dispozitiv-de-masaj-2-in-1-pentru-talpa-si-gambe-naipo-mgf-3600-2\/#breadcrumb"},"inLanguage":"ro-RO","potentialAction":[{"@type":"ReadAction","target":["https:\/\/shopatoa.com\/ro\/naipo-dispozitiv-de-masaj-2-in-1-pentru-talpa-si-gambe-naipo-mgf-3600-2\/"]}]},{"@type":"ImageObject","inLanguage":"ro-RO","@id":"https:\/\/shopatoa.com\/ro\/naipo-dispozitiv-de-masaj-2-in-1-pentru-talpa-si-gambe-naipo-mgf-3600-2\/#primaryimage","url":"https:\/\/storage.googleapis.com\/cz-shopatoa-img\/ro\/9f1ca7a4-unnamed-file.webp","contentUrl":"https:\/\/storage.googleapis.com\/cz-shopatoa-img\/ro\/9f1ca7a4-unnamed-file.webp","width":800,"height":800},{"@type":"BreadcrumbList","@id":"https:\/\/shopatoa.com\/ro\/naipo-dispozitiv-de-masaj-2-in-1-pentru-talpa-si-gambe-naipo-mgf-3600-2\/#breadcrumb","itemListElement":[{"@type":"ListItem","position":1,"name":"Dom\u016f","item":"https:\/\/shopatoa.com\/ro\/"},{"@type":"ListItem","position":2,"name":"Shop","item":"https:\/\/shopatoa.com\/ro\/shop\/"},{"@type":"ListItem","position":3,"name":"Cosmetice","item":"https:\/\/shopatoa.com\/ro\/cosmetice\/"},{"@type":"ListItem","position":4,"name":"Produse cosmetice pentru corp","item":"https:\/\/shopatoa.com\/ro\/produse-cosmetice-pentru-corp\/"},{"@type":"ListItem","position":5,"name":"Dispozitive \u0219i preparate pentru masaj","item":"https:\/\/shopatoa.com\/ro\/dispozitive-si-preparate-pentru-masaj\/"},{"@type":"ListItem","position":6,"name":"Echipament pentru masaj","item":"https:\/\/shopatoa.com\/ro\/echipament-pentru-masaj\/"},{"@type":"ListItem","position":7,"name":"NAIPO Dispozitiv de masaj 2 \u00een 1 pentru talp\u0103 \u0219i gambe Naipo MGF-3600"}]},{"@type":"WebSite","@id":"https:\/\/shopatoa.com\/ro\/#website","url":"https:\/\/shopatoa.com\/ro\/","name":"SHOPATOA","description":"","publisher":{"@id":"https:\/\/shopatoa.com\/ro\/#organization"},"potentialAction":[{"@type":"SearchAction","target":{"@type":"EntryPoint","urlTemplate":"https:\/\/shopatoa.com\/ro\/?s={search_term_string}"},"query-input":{"@type":"PropertyValueSpecification","valueRequired":true,"valueName":"search_term_string"}}],"inLanguage":"ro-RO"},{"@type":"Organization","@id":"https:\/\/shopatoa.com\/ro\/#organization","name":"SHOPATOA","url":"https:\/\/shopatoa.com\/ro\/","logo":{"@type":"ImageObject","inLanguage":"ro-RO","@id":"https:\/\/shopatoa.com\/ro\/#\/schema\/logo\/image\/","url":"https:\/\/storage.googleapis.com\/cz-shopatoa-img\/ro\/b4dac915-shopatoa_logo.png","contentUrl":"https:\/\/storage.googleapis.com\/cz-shopatoa-img\/ro\/b4dac915-shopatoa_logo.png","width":416,"height":63,"caption":"SHOPATOA"},"image":{"@id":"https:\/\/shopatoa.com\/ro\/#\/schema\/logo\/image\/"}}]}},"_links":{"self":[{"href":"https:\/\/shopatoa.com\/ro\/wp-json\/wp\/v2\/product\/378051","targetHints":{"allow":["GET"]}}],"collection":[{"href":"https:\/\/shopatoa.com\/ro\/wp-json\/wp\/v2\/product"}],"about":[{"href":"https:\/\/shopatoa.com\/ro\/wp-json\/wp\/v2\/types\/product"}],"replies":[{"embeddable":true,"href":"https:\/\/shopatoa.com\/ro\/wp-json\/wp\/v2\/comments?post=378051"}],"wp:featuredmedia":[{"embeddable":true,"href":"https:\/\/shopatoa.com\/ro\/wp-json\/wp\/v2\/media\/378052"}],"wp:attachment":[{"href":"https:\/\/shopatoa.com\/ro\/wp-json\/wp\/v2\/media?parent=378051"}],"wp:term":[{"taxonomy":"product_brand","embeddable":true,"href":"https:\/\/shopatoa.com\/ro\/wp-json\/wp\/v2\/product_brand?post=378051"},{"taxonomy":"product_cat","embeddable":true,"href":"https:\/\/shopatoa.com\/ro\/wp-json\/wp\/v2\/product_cat?post=378051"},{"taxonomy":"product_tag","embeddable":true,"href":"https:\/\/shopatoa.com\/ro\/wp-json\/wp\/v2\/product_tag?post=378051"}],"curies":[{"name":"wp","href":"https:\/\/api.w.org\/{rel}","templated":true}]}}