{"id":378485,"date":"2025-05-22T10:02:57","date_gmt":"2025-05-22T08:02:57","guid":{"rendered":"https:\/\/shopatoa.com\/ro\/satisfyer-vibrator-pentru-stimularea-clitorisului-curvy-trinity-3-red-2\/"},"modified":"2025-12-13T08:46:08","modified_gmt":"2025-12-13T07:46:08","slug":"satisfyer-vibrator-pentru-stimularea-clitorisului-curvy-trinity-3-red-2","status":"publish","type":"product","link":"https:\/\/shopatoa.com\/ro\/satisfyer-vibrator-pentru-stimularea-clitorisului-curvy-trinity-3-red-2\/","title":{"rendered":"Satisfyer Vibrator pentru stimularea clitorisului Curvy Trinity 3 Red"},"content":{"rendered":"<p>Poti folosi Satisfyer Trinity Curvy 3 ca vibrator atasament pentru a-ti stimula clitorisul cu unde de presiune sau ca vibrator pentru a stimula punctul G. Trinity are 11 programe de unde de presiune si 12 programe de vibratii, care pot fi controlate individual sau combinate. Vibratorul este fabricat din silicon medical moale, care este prietenos cu pielea, neted \u0219i foarte igienic. Datorit\u0103 suprafe\u021bei impermeabile, poate fi folosit \u0219i atunci c\u00e2nd doresti sa te joci \u00een ap\u0103 \u0219i este u\u0219or de cur\u0103\u021bat. Trinity este echipat cu 3 motoare care \u00ee\u021bi vor face pl\u0103cerea mai bun\u0103. Se incarca printr-un cablu magnetic USB, care este inclus in pachet.<\/p>\n","protected":false},"excerpt":{"rendered":"<p>Poti folosi Satisfyer Trinity Curvy 3 ca vibrator atasament pentru a-ti stimula clitorisul cu unde de presiune sau ca vibrator pentru a stimula punctul G. Trinity are 11 programe de unde de presiune si 12 programe de vibratii, care pot fi controlate individual sau combinate. Vibratorul este fabricat din silicon medical moale, care este prietenos&#8230;<\/p>\n","protected":false},"featured_media":378486,"comment_status":"closed","ping_status":"open","template":"","meta":{"_acf_changed":false,"_kadence_starter_templates_imported_post":false,"_kad_post_transparent":"","_kad_post_title":"","_kad_post_layout":"","_kad_post_sidebar_id":"","_kad_post_content_style":"","_kad_post_vertical_padding":"","_kad_post_feature":"","_kad_post_feature_position":"","_kad_post_header":false,"_kad_post_footer":false,"_kad_post_classname":""},"product_brand":[224],"product_cat":[246,668,669,611],"product_tag":[],"class_list":{"0":"post-378485","1":"product","2":"type-product","3":"status-publish","4":"has-post-thumbnail","6":"product_brand-satisfyer","7":"product_cat-cosmetice","8":"product_cat-jucarii-sexy","9":"product_cat-jucarii-si-produse-erotice","10":"product_cat-produse-cosmetice-pentru-corp","12":"first","13":"instock","14":"sale","15":"product-type-external","16":"entry","17":"content-bg","18":"loop-entry"},"acf":[],"yoast_head":"<!-- This site is optimized with the Yoast SEO plugin v27.4 - https:\/\/yoast.com\/product\/yoast-seo-wordpress\/ -->\n<title>Satisfyer Vibrator pentru stimularea clitorisului Curvy Trinity 3 Red - SHOPATOA.COM<\/title>\n<meta name=\"robots\" content=\"index, follow, max-snippet:-1, max-image-preview:large, max-video-preview:-1\" \/>\n<link rel=\"canonical\" href=\"https:\/\/shopatoa.com\/ro\/satisfyer-vibrator-pentru-stimularea-clitorisului-curvy-trinity-3-red-2\/\" \/>\n<meta property=\"og:locale\" content=\"ro_RO\" \/>\n<meta property=\"og:type\" content=\"article\" \/>\n<meta property=\"og:title\" content=\"Satisfyer Vibrator pentru stimularea clitorisului Curvy Trinity 3 Red - SHOPATOA.COM\" \/>\n<meta property=\"og:description\" content=\"Poti folosi Satisfyer Trinity Curvy 3 ca vibrator atasament pentru a-ti stimula clitorisul cu unde de presiune sau ca vibrator pentru a stimula punctul G. Trinity are 11 programe de unde de presiune si 12 programe de vibratii, care pot fi controlate individual sau combinate. Vibratorul este fabricat din silicon medical moale, care este prietenos...\" \/>\n<meta property=\"og:url\" content=\"https:\/\/shopatoa.com\/ro\/satisfyer-vibrator-pentru-stimularea-clitorisului-curvy-trinity-3-red-2\/\" \/>\n<meta property=\"og:site_name\" content=\"SHOPATOA\" \/>\n<meta property=\"article:modified_time\" content=\"2025-12-13T07:46:08+00:00\" \/>\n<meta property=\"og:image\" content=\"https:\/\/storage.googleapis.com\/cz-shopatoa-img\/ro\/c20f5274-unnamed-file.webp\" \/>\n\t<meta property=\"og:image:width\" content=\"800\" \/>\n\t<meta property=\"og:image:height\" content=\"800\" \/>\n\t<meta property=\"og:image:type\" content=\"image\/webp\" \/>\n<meta name=\"twitter:card\" content=\"summary_large_image\" \/>\n<meta name=\"twitter:label1\" content=\"Timp estimat pentru citire\" \/>\n\t<meta name=\"twitter:data1\" content=\"1 minut\" \/>\n<script type=\"application\/ld+json\" class=\"yoast-schema-graph\">{\"@context\":\"https:\\\/\\\/schema.org\",\"@graph\":[{\"@type\":\"WebPage\",\"@id\":\"https:\\\/\\\/shopatoa.com\\\/ro\\\/satisfyer-vibrator-pentru-stimularea-clitorisului-curvy-trinity-3-red-2\\\/\",\"url\":\"https:\\\/\\\/shopatoa.com\\\/ro\\\/satisfyer-vibrator-pentru-stimularea-clitorisului-curvy-trinity-3-red-2\\\/\",\"name\":\"Satisfyer Vibrator pentru stimularea clitorisului Curvy Trinity 3 Red - SHOPATOA.COM\",\"isPartOf\":{\"@id\":\"https:\\\/\\\/shopatoa.com\\\/ro\\\/#website\"},\"primaryImageOfPage\":{\"@id\":\"https:\\\/\\\/shopatoa.com\\\/ro\\\/satisfyer-vibrator-pentru-stimularea-clitorisului-curvy-trinity-3-red-2\\\/#primaryimage\"},\"image\":{\"@id\":\"https:\\\/\\\/shopatoa.com\\\/ro\\\/satisfyer-vibrator-pentru-stimularea-clitorisului-curvy-trinity-3-red-2\\\/#primaryimage\"},\"thumbnailUrl\":\"https:\\\/\\\/storage.googleapis.com\\\/cz-shopatoa-img\\\/ro\\\/c20f5274-unnamed-file.webp\",\"datePublished\":\"2025-05-22T08:02:57+00:00\",\"dateModified\":\"2025-12-13T07:46:08+00:00\",\"breadcrumb\":{\"@id\":\"https:\\\/\\\/shopatoa.com\\\/ro\\\/satisfyer-vibrator-pentru-stimularea-clitorisului-curvy-trinity-3-red-2\\\/#breadcrumb\"},\"inLanguage\":\"ro-RO\",\"potentialAction\":[{\"@type\":\"ReadAction\",\"target\":[\"https:\\\/\\\/shopatoa.com\\\/ro\\\/satisfyer-vibrator-pentru-stimularea-clitorisului-curvy-trinity-3-red-2\\\/\"]}]},{\"@type\":\"ImageObject\",\"inLanguage\":\"ro-RO\",\"@id\":\"https:\\\/\\\/shopatoa.com\\\/ro\\\/satisfyer-vibrator-pentru-stimularea-clitorisului-curvy-trinity-3-red-2\\\/#primaryimage\",\"url\":\"https:\\\/\\\/storage.googleapis.com\\\/cz-shopatoa-img\\\/ro\\\/c20f5274-unnamed-file.webp\",\"contentUrl\":\"https:\\\/\\\/storage.googleapis.com\\\/cz-shopatoa-img\\\/ro\\\/c20f5274-unnamed-file.webp\",\"width\":800,\"height\":800},{\"@type\":\"BreadcrumbList\",\"@id\":\"https:\\\/\\\/shopatoa.com\\\/ro\\\/satisfyer-vibrator-pentru-stimularea-clitorisului-curvy-trinity-3-red-2\\\/#breadcrumb\",\"itemListElement\":[{\"@type\":\"ListItem\",\"position\":1,\"name\":\"Dom\u016f\",\"item\":\"https:\\\/\\\/shopatoa.com\\\/ro\\\/\"},{\"@type\":\"ListItem\",\"position\":2,\"name\":\"Shop\",\"item\":\"https:\\\/\\\/shopatoa.com\\\/ro\\\/shop\\\/\"},{\"@type\":\"ListItem\",\"position\":3,\"name\":\"Cosmetice\",\"item\":\"https:\\\/\\\/shopatoa.com\\\/ro\\\/cosmetice\\\/\"},{\"@type\":\"ListItem\",\"position\":4,\"name\":\"Produse cosmetice pentru corp\",\"item\":\"https:\\\/\\\/shopatoa.com\\\/ro\\\/produse-cosmetice-pentru-corp\\\/\"},{\"@type\":\"ListItem\",\"position\":5,\"name\":\"Juc\u0103rii sexy\",\"item\":\"https:\\\/\\\/shopatoa.com\\\/ro\\\/jucarii-sexy\\\/\"},{\"@type\":\"ListItem\",\"position\":6,\"name\":\"Juc\u0103rii si produse erotice\",\"item\":\"https:\\\/\\\/shopatoa.com\\\/ro\\\/jucarii-si-produse-erotice\\\/\"},{\"@type\":\"ListItem\",\"position\":7,\"name\":\"Satisfyer Vibrator pentru stimularea clitorisului Curvy Trinity 3 Red\"}]},{\"@type\":\"WebSite\",\"@id\":\"https:\\\/\\\/shopatoa.com\\\/ro\\\/#website\",\"url\":\"https:\\\/\\\/shopatoa.com\\\/ro\\\/\",\"name\":\"SHOPATOA\",\"description\":\"\",\"publisher\":{\"@id\":\"https:\\\/\\\/shopatoa.com\\\/ro\\\/#organization\"},\"potentialAction\":[{\"@type\":\"SearchAction\",\"target\":{\"@type\":\"EntryPoint\",\"urlTemplate\":\"https:\\\/\\\/shopatoa.com\\\/ro\\\/?s={search_term_string}\"},\"query-input\":{\"@type\":\"PropertyValueSpecification\",\"valueRequired\":true,\"valueName\":\"search_term_string\"}}],\"inLanguage\":\"ro-RO\"},{\"@type\":\"Organization\",\"@id\":\"https:\\\/\\\/shopatoa.com\\\/ro\\\/#organization\",\"name\":\"SHOPATOA\",\"url\":\"https:\\\/\\\/shopatoa.com\\\/ro\\\/\",\"logo\":{\"@type\":\"ImageObject\",\"inLanguage\":\"ro-RO\",\"@id\":\"https:\\\/\\\/shopatoa.com\\\/ro\\\/#\\\/schema\\\/logo\\\/image\\\/\",\"url\":\"https:\\\/\\\/storage.googleapis.com\\\/cz-shopatoa-img\\\/ro\\\/b4dac915-shopatoa_logo.png\",\"contentUrl\":\"https:\\\/\\\/storage.googleapis.com\\\/cz-shopatoa-img\\\/ro\\\/b4dac915-shopatoa_logo.png\",\"width\":416,\"height\":63,\"caption\":\"SHOPATOA\"},\"image\":{\"@id\":\"https:\\\/\\\/shopatoa.com\\\/ro\\\/#\\\/schema\\\/logo\\\/image\\\/\"}}]}<\/script>\n<!-- \/ Yoast SEO plugin. -->","yoast_head_json":{"title":"Satisfyer Vibrator pentru stimularea clitorisului Curvy Trinity 3 Red - SHOPATOA.COM","robots":{"index":"index","follow":"follow","max-snippet":"max-snippet:-1","max-image-preview":"max-image-preview:large","max-video-preview":"max-video-preview:-1"},"canonical":"https:\/\/shopatoa.com\/ro\/satisfyer-vibrator-pentru-stimularea-clitorisului-curvy-trinity-3-red-2\/","og_locale":"ro_RO","og_type":"article","og_title":"Satisfyer Vibrator pentru stimularea clitorisului Curvy Trinity 3 Red - SHOPATOA.COM","og_description":"Poti folosi Satisfyer Trinity Curvy 3 ca vibrator atasament pentru a-ti stimula clitorisul cu unde de presiune sau ca vibrator pentru a stimula punctul G. Trinity are 11 programe de unde de presiune si 12 programe de vibratii, care pot fi controlate individual sau combinate. Vibratorul este fabricat din silicon medical moale, care este prietenos...","og_url":"https:\/\/shopatoa.com\/ro\/satisfyer-vibrator-pentru-stimularea-clitorisului-curvy-trinity-3-red-2\/","og_site_name":"SHOPATOA","article_modified_time":"2025-12-13T07:46:08+00:00","og_image":[{"width":800,"height":800,"url":"https:\/\/storage.googleapis.com\/cz-shopatoa-img\/ro\/c20f5274-unnamed-file.webp","type":"image\/webp"}],"twitter_card":"summary_large_image","twitter_misc":{"Timp estimat pentru citire":"1 minut"},"schema":{"@context":"https:\/\/schema.org","@graph":[{"@type":"WebPage","@id":"https:\/\/shopatoa.com\/ro\/satisfyer-vibrator-pentru-stimularea-clitorisului-curvy-trinity-3-red-2\/","url":"https:\/\/shopatoa.com\/ro\/satisfyer-vibrator-pentru-stimularea-clitorisului-curvy-trinity-3-red-2\/","name":"Satisfyer Vibrator pentru stimularea clitorisului Curvy Trinity 3 Red - SHOPATOA.COM","isPartOf":{"@id":"https:\/\/shopatoa.com\/ro\/#website"},"primaryImageOfPage":{"@id":"https:\/\/shopatoa.com\/ro\/satisfyer-vibrator-pentru-stimularea-clitorisului-curvy-trinity-3-red-2\/#primaryimage"},"image":{"@id":"https:\/\/shopatoa.com\/ro\/satisfyer-vibrator-pentru-stimularea-clitorisului-curvy-trinity-3-red-2\/#primaryimage"},"thumbnailUrl":"https:\/\/storage.googleapis.com\/cz-shopatoa-img\/ro\/c20f5274-unnamed-file.webp","datePublished":"2025-05-22T08:02:57+00:00","dateModified":"2025-12-13T07:46:08+00:00","breadcrumb":{"@id":"https:\/\/shopatoa.com\/ro\/satisfyer-vibrator-pentru-stimularea-clitorisului-curvy-trinity-3-red-2\/#breadcrumb"},"inLanguage":"ro-RO","potentialAction":[{"@type":"ReadAction","target":["https:\/\/shopatoa.com\/ro\/satisfyer-vibrator-pentru-stimularea-clitorisului-curvy-trinity-3-red-2\/"]}]},{"@type":"ImageObject","inLanguage":"ro-RO","@id":"https:\/\/shopatoa.com\/ro\/satisfyer-vibrator-pentru-stimularea-clitorisului-curvy-trinity-3-red-2\/#primaryimage","url":"https:\/\/storage.googleapis.com\/cz-shopatoa-img\/ro\/c20f5274-unnamed-file.webp","contentUrl":"https:\/\/storage.googleapis.com\/cz-shopatoa-img\/ro\/c20f5274-unnamed-file.webp","width":800,"height":800},{"@type":"BreadcrumbList","@id":"https:\/\/shopatoa.com\/ro\/satisfyer-vibrator-pentru-stimularea-clitorisului-curvy-trinity-3-red-2\/#breadcrumb","itemListElement":[{"@type":"ListItem","position":1,"name":"Dom\u016f","item":"https:\/\/shopatoa.com\/ro\/"},{"@type":"ListItem","position":2,"name":"Shop","item":"https:\/\/shopatoa.com\/ro\/shop\/"},{"@type":"ListItem","position":3,"name":"Cosmetice","item":"https:\/\/shopatoa.com\/ro\/cosmetice\/"},{"@type":"ListItem","position":4,"name":"Produse cosmetice pentru corp","item":"https:\/\/shopatoa.com\/ro\/produse-cosmetice-pentru-corp\/"},{"@type":"ListItem","position":5,"name":"Juc\u0103rii sexy","item":"https:\/\/shopatoa.com\/ro\/jucarii-sexy\/"},{"@type":"ListItem","position":6,"name":"Juc\u0103rii si produse erotice","item":"https:\/\/shopatoa.com\/ro\/jucarii-si-produse-erotice\/"},{"@type":"ListItem","position":7,"name":"Satisfyer Vibrator pentru stimularea clitorisului Curvy Trinity 3 Red"}]},{"@type":"WebSite","@id":"https:\/\/shopatoa.com\/ro\/#website","url":"https:\/\/shopatoa.com\/ro\/","name":"SHOPATOA","description":"","publisher":{"@id":"https:\/\/shopatoa.com\/ro\/#organization"},"potentialAction":[{"@type":"SearchAction","target":{"@type":"EntryPoint","urlTemplate":"https:\/\/shopatoa.com\/ro\/?s={search_term_string}"},"query-input":{"@type":"PropertyValueSpecification","valueRequired":true,"valueName":"search_term_string"}}],"inLanguage":"ro-RO"},{"@type":"Organization","@id":"https:\/\/shopatoa.com\/ro\/#organization","name":"SHOPATOA","url":"https:\/\/shopatoa.com\/ro\/","logo":{"@type":"ImageObject","inLanguage":"ro-RO","@id":"https:\/\/shopatoa.com\/ro\/#\/schema\/logo\/image\/","url":"https:\/\/storage.googleapis.com\/cz-shopatoa-img\/ro\/b4dac915-shopatoa_logo.png","contentUrl":"https:\/\/storage.googleapis.com\/cz-shopatoa-img\/ro\/b4dac915-shopatoa_logo.png","width":416,"height":63,"caption":"SHOPATOA"},"image":{"@id":"https:\/\/shopatoa.com\/ro\/#\/schema\/logo\/image\/"}}]}},"_links":{"self":[{"href":"https:\/\/shopatoa.com\/ro\/wp-json\/wp\/v2\/product\/378485","targetHints":{"allow":["GET"]}}],"collection":[{"href":"https:\/\/shopatoa.com\/ro\/wp-json\/wp\/v2\/product"}],"about":[{"href":"https:\/\/shopatoa.com\/ro\/wp-json\/wp\/v2\/types\/product"}],"replies":[{"embeddable":true,"href":"https:\/\/shopatoa.com\/ro\/wp-json\/wp\/v2\/comments?post=378485"}],"wp:featuredmedia":[{"embeddable":true,"href":"https:\/\/shopatoa.com\/ro\/wp-json\/wp\/v2\/media\/378486"}],"wp:attachment":[{"href":"https:\/\/shopatoa.com\/ro\/wp-json\/wp\/v2\/media?parent=378485"}],"wp:term":[{"taxonomy":"product_brand","embeddable":true,"href":"https:\/\/shopatoa.com\/ro\/wp-json\/wp\/v2\/product_brand?post=378485"},{"taxonomy":"product_cat","embeddable":true,"href":"https:\/\/shopatoa.com\/ro\/wp-json\/wp\/v2\/product_cat?post=378485"},{"taxonomy":"product_tag","embeddable":true,"href":"https:\/\/shopatoa.com\/ro\/wp-json\/wp\/v2\/product_tag?post=378485"}],"curies":[{"name":"wp","href":"https:\/\/api.w.org\/{rel}","templated":true}]}}