{"id":378489,"date":"2025-05-22T10:04:42","date_gmt":"2025-05-22T08:04:42","guid":{"rendered":"https:\/\/shopatoa.com\/ro\/dermalogica-gel-de-curatare-cu-prebiotice-active-clay-cleanser-150-ml-2\/"},"modified":"2025-10-08T17:56:48","modified_gmt":"2025-10-08T15:56:48","slug":"dermalogica-gel-de-curatare-cu-prebiotice-active-clay-cleanser-150-ml-2","status":"publish","type":"product","link":"https:\/\/shopatoa.com\/ro\/dermalogica-gel-de-curatare-cu-prebiotice-active-clay-cleanser-150-ml-2\/","title":{"rendered":"Dermalogica Gel de cur\u0103\u021bare cu prebiotice (Active Clay Cleanser) 150 ml"},"content":{"rendered":"<p>Gelul de cur\u0103\u021bare cu prebiotice con\u021bine argil\u0103 de caolin, care este bogat\u0103 \u00een minerale \u0219i \u00eendep\u0103rteaz\u0103 excesul de sebum \u0219i c\u0103rbune, care cur\u0103\u021b\u0103 \u00een profunzime \u0219i ajut\u0103 la restabilirea echilibrului pielii. Detergentul activ cu argil\u0103 con\u021bine prebiotice care ofer\u0103 nutri\u021bie bacteriilor benefice din piele \u0219i, \u00een acela\u0219i timp, protejeaz\u0103 \u00eempotriva pierderii de hidratare.<\/p>\n","protected":false},"excerpt":{"rendered":"<p>Gelul de cur\u0103\u021bare cu prebiotice con\u021bine argil\u0103 de caolin, care este bogat\u0103 \u00een minerale \u0219i \u00eendep\u0103rteaz\u0103 excesul de sebum \u0219i c\u0103rbune, care cur\u0103\u021b\u0103 \u00een profunzime \u0219i ajut\u0103 la restabilirea echilibrului pielii. Detergentul activ cu argil\u0103 con\u021bine prebiotice care ofer\u0103 nutri\u021bie bacteriilor benefice din piele \u0219i, \u00een acela\u0219i timp, protejeaz\u0103 \u00eempotriva pierderii de hidratare.<\/p>\n","protected":false},"featured_media":378490,"comment_status":"closed","ping_status":"open","template":"","meta":{"_acf_changed":false,"_kadence_starter_templates_imported_post":false,"_kad_post_transparent":"","_kad_post_title":"","_kad_post_layout":"","_kad_post_sidebar_id":"","_kad_post_content_style":"","_kad_post_vertical_padding":"","_kad_post_feature":"","_kad_post_feature_position":"","_kad_post_header":false,"_kad_post_footer":false,"_kad_post_classname":""},"product_brand":[243],"product_cat":[246,660,634,706,633],"product_tag":[],"class_list":{"0":"post-378489","1":"product","2":"type-product","3":"status-publish","4":"has-post-thumbnail","6":"product_brand-dermalogica","7":"product_cat-cosmetice","8":"product_cat-curatarea-demachierea-fetei","9":"product_cat-produse-cosmetice-de-ingrijire-a-pielii","10":"product_cat-produse-cosmetice-pentru-curatare","11":"product_cat-produse-cosmetice-pentru-piele","13":"first","14":"instock","15":"product-type-external","16":"entry","17":"content-bg","18":"loop-entry"},"acf":[],"yoast_head":"<!-- This site is optimized with the Yoast SEO plugin v27.3 - https:\/\/yoast.com\/product\/yoast-seo-wordpress\/ -->\n<title>Dermalogica Gel de cur\u0103\u021bare cu prebiotice (Active Clay Cleanser) 150 ml - SHOPATOA.COM<\/title>\n<meta name=\"robots\" content=\"index, follow, max-snippet:-1, max-image-preview:large, max-video-preview:-1\" \/>\n<link rel=\"canonical\" href=\"https:\/\/shopatoa.com\/ro\/dermalogica-gel-de-curatare-cu-prebiotice-active-clay-cleanser-150-ml-2\/\" \/>\n<meta property=\"og:locale\" content=\"ro_RO\" \/>\n<meta property=\"og:type\" content=\"article\" \/>\n<meta property=\"og:title\" content=\"Dermalogica Gel de cur\u0103\u021bare cu prebiotice (Active Clay Cleanser) 150 ml - SHOPATOA.COM\" \/>\n<meta property=\"og:description\" content=\"Gelul de cur\u0103\u021bare cu prebiotice con\u021bine argil\u0103 de caolin, care este bogat\u0103 \u00een minerale \u0219i \u00eendep\u0103rteaz\u0103 excesul de sebum \u0219i c\u0103rbune, care cur\u0103\u021b\u0103 \u00een profunzime \u0219i ajut\u0103 la restabilirea echilibrului pielii. Detergentul activ cu argil\u0103 con\u021bine prebiotice care ofer\u0103 nutri\u021bie bacteriilor benefice din piele \u0219i, \u00een acela\u0219i timp, protejeaz\u0103 \u00eempotriva pierderii de hidratare.\" \/>\n<meta property=\"og:url\" content=\"https:\/\/shopatoa.com\/ro\/dermalogica-gel-de-curatare-cu-prebiotice-active-clay-cleanser-150-ml-2\/\" \/>\n<meta property=\"og:site_name\" content=\"SHOPATOA\" \/>\n<meta property=\"article:modified_time\" content=\"2025-10-08T15:56:48+00:00\" \/>\n<meta property=\"og:image\" content=\"https:\/\/storage.googleapis.com\/cz-shopatoa-img\/ro\/dc7f8e0a-unnamed-file.webp\" \/>\n\t<meta property=\"og:image:width\" content=\"800\" \/>\n\t<meta property=\"og:image:height\" content=\"800\" \/>\n\t<meta property=\"og:image:type\" content=\"image\/webp\" \/>\n<meta name=\"twitter:card\" content=\"summary_large_image\" \/>\n<script type=\"application\/ld+json\" class=\"yoast-schema-graph\">{\"@context\":\"https:\\\/\\\/schema.org\",\"@graph\":[{\"@type\":\"WebPage\",\"@id\":\"https:\\\/\\\/shopatoa.com\\\/ro\\\/dermalogica-gel-de-curatare-cu-prebiotice-active-clay-cleanser-150-ml-2\\\/\",\"url\":\"https:\\\/\\\/shopatoa.com\\\/ro\\\/dermalogica-gel-de-curatare-cu-prebiotice-active-clay-cleanser-150-ml-2\\\/\",\"name\":\"Dermalogica Gel de cur\u0103\u021bare cu prebiotice (Active Clay Cleanser) 150 ml - SHOPATOA.COM\",\"isPartOf\":{\"@id\":\"https:\\\/\\\/shopatoa.com\\\/ro\\\/#website\"},\"primaryImageOfPage\":{\"@id\":\"https:\\\/\\\/shopatoa.com\\\/ro\\\/dermalogica-gel-de-curatare-cu-prebiotice-active-clay-cleanser-150-ml-2\\\/#primaryimage\"},\"image\":{\"@id\":\"https:\\\/\\\/shopatoa.com\\\/ro\\\/dermalogica-gel-de-curatare-cu-prebiotice-active-clay-cleanser-150-ml-2\\\/#primaryimage\"},\"thumbnailUrl\":\"https:\\\/\\\/storage.googleapis.com\\\/cz-shopatoa-img\\\/ro\\\/dc7f8e0a-unnamed-file.webp\",\"datePublished\":\"2025-05-22T08:04:42+00:00\",\"dateModified\":\"2025-10-08T15:56:48+00:00\",\"breadcrumb\":{\"@id\":\"https:\\\/\\\/shopatoa.com\\\/ro\\\/dermalogica-gel-de-curatare-cu-prebiotice-active-clay-cleanser-150-ml-2\\\/#breadcrumb\"},\"inLanguage\":\"ro-RO\",\"potentialAction\":[{\"@type\":\"ReadAction\",\"target\":[\"https:\\\/\\\/shopatoa.com\\\/ro\\\/dermalogica-gel-de-curatare-cu-prebiotice-active-clay-cleanser-150-ml-2\\\/\"]}]},{\"@type\":\"ImageObject\",\"inLanguage\":\"ro-RO\",\"@id\":\"https:\\\/\\\/shopatoa.com\\\/ro\\\/dermalogica-gel-de-curatare-cu-prebiotice-active-clay-cleanser-150-ml-2\\\/#primaryimage\",\"url\":\"https:\\\/\\\/storage.googleapis.com\\\/cz-shopatoa-img\\\/ro\\\/dc7f8e0a-unnamed-file.webp\",\"contentUrl\":\"https:\\\/\\\/storage.googleapis.com\\\/cz-shopatoa-img\\\/ro\\\/dc7f8e0a-unnamed-file.webp\",\"width\":800,\"height\":800},{\"@type\":\"BreadcrumbList\",\"@id\":\"https:\\\/\\\/shopatoa.com\\\/ro\\\/dermalogica-gel-de-curatare-cu-prebiotice-active-clay-cleanser-150-ml-2\\\/#breadcrumb\",\"itemListElement\":[{\"@type\":\"ListItem\",\"position\":1,\"name\":\"Dom\u016f\",\"item\":\"https:\\\/\\\/shopatoa.com\\\/ro\\\/\"},{\"@type\":\"ListItem\",\"position\":2,\"name\":\"Shop\",\"item\":\"https:\\\/\\\/shopatoa.com\\\/ro\\\/shop\\\/\"},{\"@type\":\"ListItem\",\"position\":3,\"name\":\"Cosmetice\",\"item\":\"https:\\\/\\\/shopatoa.com\\\/ro\\\/cosmetice\\\/\"},{\"@type\":\"ListItem\",\"position\":4,\"name\":\"Produse cosmetice pentru piele\",\"item\":\"https:\\\/\\\/shopatoa.com\\\/ro\\\/produse-cosmetice-pentru-piele\\\/\"},{\"@type\":\"ListItem\",\"position\":5,\"name\":\"Produse cosmetice de \u00eengrijire a pielii\",\"item\":\"https:\\\/\\\/shopatoa.com\\\/ro\\\/produse-cosmetice-de-ingrijire-a-pielii\\\/\"},{\"@type\":\"ListItem\",\"position\":6,\"name\":\"Cur\u0103\u021barea, demachierea fe\u021bei\",\"item\":\"https:\\\/\\\/shopatoa.com\\\/ro\\\/curatarea-demachierea-fetei\\\/\"},{\"@type\":\"ListItem\",\"position\":7,\"name\":\"Produse cosmetice pentru cur\u0103\u021bare\",\"item\":\"https:\\\/\\\/shopatoa.com\\\/ro\\\/produse-cosmetice-pentru-curatare\\\/\"},{\"@type\":\"ListItem\",\"position\":8,\"name\":\"Dermalogica Gel de cur\u0103\u021bare cu prebiotice (Active Clay Cleanser) 150 ml\"}]},{\"@type\":\"WebSite\",\"@id\":\"https:\\\/\\\/shopatoa.com\\\/ro\\\/#website\",\"url\":\"https:\\\/\\\/shopatoa.com\\\/ro\\\/\",\"name\":\"SHOPATOA\",\"description\":\"\",\"publisher\":{\"@id\":\"https:\\\/\\\/shopatoa.com\\\/ro\\\/#organization\"},\"potentialAction\":[{\"@type\":\"SearchAction\",\"target\":{\"@type\":\"EntryPoint\",\"urlTemplate\":\"https:\\\/\\\/shopatoa.com\\\/ro\\\/?s={search_term_string}\"},\"query-input\":{\"@type\":\"PropertyValueSpecification\",\"valueRequired\":true,\"valueName\":\"search_term_string\"}}],\"inLanguage\":\"ro-RO\"},{\"@type\":\"Organization\",\"@id\":\"https:\\\/\\\/shopatoa.com\\\/ro\\\/#organization\",\"name\":\"SHOPATOA\",\"url\":\"https:\\\/\\\/shopatoa.com\\\/ro\\\/\",\"logo\":{\"@type\":\"ImageObject\",\"inLanguage\":\"ro-RO\",\"@id\":\"https:\\\/\\\/shopatoa.com\\\/ro\\\/#\\\/schema\\\/logo\\\/image\\\/\",\"url\":\"https:\\\/\\\/storage.googleapis.com\\\/cz-shopatoa-img\\\/ro\\\/b4dac915-shopatoa_logo.png\",\"contentUrl\":\"https:\\\/\\\/storage.googleapis.com\\\/cz-shopatoa-img\\\/ro\\\/b4dac915-shopatoa_logo.png\",\"width\":416,\"height\":63,\"caption\":\"SHOPATOA\"},\"image\":{\"@id\":\"https:\\\/\\\/shopatoa.com\\\/ro\\\/#\\\/schema\\\/logo\\\/image\\\/\"}}]}<\/script>\n<!-- \/ Yoast SEO plugin. -->","yoast_head_json":{"title":"Dermalogica Gel de cur\u0103\u021bare cu prebiotice (Active Clay Cleanser) 150 ml - SHOPATOA.COM","robots":{"index":"index","follow":"follow","max-snippet":"max-snippet:-1","max-image-preview":"max-image-preview:large","max-video-preview":"max-video-preview:-1"},"canonical":"https:\/\/shopatoa.com\/ro\/dermalogica-gel-de-curatare-cu-prebiotice-active-clay-cleanser-150-ml-2\/","og_locale":"ro_RO","og_type":"article","og_title":"Dermalogica Gel de cur\u0103\u021bare cu prebiotice (Active Clay Cleanser) 150 ml - SHOPATOA.COM","og_description":"Gelul de cur\u0103\u021bare cu prebiotice con\u021bine argil\u0103 de caolin, care este bogat\u0103 \u00een minerale \u0219i \u00eendep\u0103rteaz\u0103 excesul de sebum \u0219i c\u0103rbune, care cur\u0103\u021b\u0103 \u00een profunzime \u0219i ajut\u0103 la restabilirea echilibrului pielii. Detergentul activ cu argil\u0103 con\u021bine prebiotice care ofer\u0103 nutri\u021bie bacteriilor benefice din piele \u0219i, \u00een acela\u0219i timp, protejeaz\u0103 \u00eempotriva pierderii de hidratare.","og_url":"https:\/\/shopatoa.com\/ro\/dermalogica-gel-de-curatare-cu-prebiotice-active-clay-cleanser-150-ml-2\/","og_site_name":"SHOPATOA","article_modified_time":"2025-10-08T15:56:48+00:00","og_image":[{"width":800,"height":800,"url":"https:\/\/storage.googleapis.com\/cz-shopatoa-img\/ro\/dc7f8e0a-unnamed-file.webp","type":"image\/webp"}],"twitter_card":"summary_large_image","schema":{"@context":"https:\/\/schema.org","@graph":[{"@type":"WebPage","@id":"https:\/\/shopatoa.com\/ro\/dermalogica-gel-de-curatare-cu-prebiotice-active-clay-cleanser-150-ml-2\/","url":"https:\/\/shopatoa.com\/ro\/dermalogica-gel-de-curatare-cu-prebiotice-active-clay-cleanser-150-ml-2\/","name":"Dermalogica Gel de cur\u0103\u021bare cu prebiotice (Active Clay Cleanser) 150 ml - SHOPATOA.COM","isPartOf":{"@id":"https:\/\/shopatoa.com\/ro\/#website"},"primaryImageOfPage":{"@id":"https:\/\/shopatoa.com\/ro\/dermalogica-gel-de-curatare-cu-prebiotice-active-clay-cleanser-150-ml-2\/#primaryimage"},"image":{"@id":"https:\/\/shopatoa.com\/ro\/dermalogica-gel-de-curatare-cu-prebiotice-active-clay-cleanser-150-ml-2\/#primaryimage"},"thumbnailUrl":"https:\/\/storage.googleapis.com\/cz-shopatoa-img\/ro\/dc7f8e0a-unnamed-file.webp","datePublished":"2025-05-22T08:04:42+00:00","dateModified":"2025-10-08T15:56:48+00:00","breadcrumb":{"@id":"https:\/\/shopatoa.com\/ro\/dermalogica-gel-de-curatare-cu-prebiotice-active-clay-cleanser-150-ml-2\/#breadcrumb"},"inLanguage":"ro-RO","potentialAction":[{"@type":"ReadAction","target":["https:\/\/shopatoa.com\/ro\/dermalogica-gel-de-curatare-cu-prebiotice-active-clay-cleanser-150-ml-2\/"]}]},{"@type":"ImageObject","inLanguage":"ro-RO","@id":"https:\/\/shopatoa.com\/ro\/dermalogica-gel-de-curatare-cu-prebiotice-active-clay-cleanser-150-ml-2\/#primaryimage","url":"https:\/\/storage.googleapis.com\/cz-shopatoa-img\/ro\/dc7f8e0a-unnamed-file.webp","contentUrl":"https:\/\/storage.googleapis.com\/cz-shopatoa-img\/ro\/dc7f8e0a-unnamed-file.webp","width":800,"height":800},{"@type":"BreadcrumbList","@id":"https:\/\/shopatoa.com\/ro\/dermalogica-gel-de-curatare-cu-prebiotice-active-clay-cleanser-150-ml-2\/#breadcrumb","itemListElement":[{"@type":"ListItem","position":1,"name":"Dom\u016f","item":"https:\/\/shopatoa.com\/ro\/"},{"@type":"ListItem","position":2,"name":"Shop","item":"https:\/\/shopatoa.com\/ro\/shop\/"},{"@type":"ListItem","position":3,"name":"Cosmetice","item":"https:\/\/shopatoa.com\/ro\/cosmetice\/"},{"@type":"ListItem","position":4,"name":"Produse cosmetice pentru piele","item":"https:\/\/shopatoa.com\/ro\/produse-cosmetice-pentru-piele\/"},{"@type":"ListItem","position":5,"name":"Produse cosmetice de \u00eengrijire a pielii","item":"https:\/\/shopatoa.com\/ro\/produse-cosmetice-de-ingrijire-a-pielii\/"},{"@type":"ListItem","position":6,"name":"Cur\u0103\u021barea, demachierea fe\u021bei","item":"https:\/\/shopatoa.com\/ro\/curatarea-demachierea-fetei\/"},{"@type":"ListItem","position":7,"name":"Produse cosmetice pentru cur\u0103\u021bare","item":"https:\/\/shopatoa.com\/ro\/produse-cosmetice-pentru-curatare\/"},{"@type":"ListItem","position":8,"name":"Dermalogica Gel de cur\u0103\u021bare cu prebiotice (Active Clay Cleanser) 150 ml"}]},{"@type":"WebSite","@id":"https:\/\/shopatoa.com\/ro\/#website","url":"https:\/\/shopatoa.com\/ro\/","name":"SHOPATOA","description":"","publisher":{"@id":"https:\/\/shopatoa.com\/ro\/#organization"},"potentialAction":[{"@type":"SearchAction","target":{"@type":"EntryPoint","urlTemplate":"https:\/\/shopatoa.com\/ro\/?s={search_term_string}"},"query-input":{"@type":"PropertyValueSpecification","valueRequired":true,"valueName":"search_term_string"}}],"inLanguage":"ro-RO"},{"@type":"Organization","@id":"https:\/\/shopatoa.com\/ro\/#organization","name":"SHOPATOA","url":"https:\/\/shopatoa.com\/ro\/","logo":{"@type":"ImageObject","inLanguage":"ro-RO","@id":"https:\/\/shopatoa.com\/ro\/#\/schema\/logo\/image\/","url":"https:\/\/storage.googleapis.com\/cz-shopatoa-img\/ro\/b4dac915-shopatoa_logo.png","contentUrl":"https:\/\/storage.googleapis.com\/cz-shopatoa-img\/ro\/b4dac915-shopatoa_logo.png","width":416,"height":63,"caption":"SHOPATOA"},"image":{"@id":"https:\/\/shopatoa.com\/ro\/#\/schema\/logo\/image\/"}}]}},"_links":{"self":[{"href":"https:\/\/shopatoa.com\/ro\/wp-json\/wp\/v2\/product\/378489","targetHints":{"allow":["GET"]}}],"collection":[{"href":"https:\/\/shopatoa.com\/ro\/wp-json\/wp\/v2\/product"}],"about":[{"href":"https:\/\/shopatoa.com\/ro\/wp-json\/wp\/v2\/types\/product"}],"replies":[{"embeddable":true,"href":"https:\/\/shopatoa.com\/ro\/wp-json\/wp\/v2\/comments?post=378489"}],"wp:featuredmedia":[{"embeddable":true,"href":"https:\/\/shopatoa.com\/ro\/wp-json\/wp\/v2\/media\/378490"}],"wp:attachment":[{"href":"https:\/\/shopatoa.com\/ro\/wp-json\/wp\/v2\/media?parent=378489"}],"wp:term":[{"taxonomy":"product_brand","embeddable":true,"href":"https:\/\/shopatoa.com\/ro\/wp-json\/wp\/v2\/product_brand?post=378489"},{"taxonomy":"product_cat","embeddable":true,"href":"https:\/\/shopatoa.com\/ro\/wp-json\/wp\/v2\/product_cat?post=378489"},{"taxonomy":"product_tag","embeddable":true,"href":"https:\/\/shopatoa.com\/ro\/wp-json\/wp\/v2\/product_tag?post=378489"}],"curies":[{"name":"wp","href":"https:\/\/api.w.org\/{rel}","templated":true}]}}