{"id":378565,"date":"2025-05-22T10:09:39","date_gmt":"2025-05-22T08:09:39","guid":{"rendered":"https:\/\/shopatoa.com\/ro\/bellissima-placa-de-indreptat-parul-cu-suprafata-ceramica-11464-b21-300-imetec-2\/"},"modified":"2025-12-13T08:03:25","modified_gmt":"2025-12-13T07:03:25","slug":"bellissima-placa-de-indreptat-parul-cu-suprafata-ceramica-11464-b21-300-imetec-2","status":"publish","type":"product","link":"https:\/\/shopatoa.com\/ro\/bellissima-placa-de-indreptat-parul-cu-suprafata-ceramica-11464-b21-300-imetec-2\/","title":{"rendered":"Bellissima Placa de \u00eendreptat p\u0103rul cu suprafa\u021ba ceramic\u0103 11464 B21 300 Imetec"},"content":{"rendered":"<p>Placa de \u00eendreptat p\u0103rul \u00ee\u021bi \u00eendreapt\u0103 p\u0103rul dintr-o singur\u0103 mi\u0219care. Las\u0103 firele frumos drepte \u0219i str\u0103lucitoare. Suprafa\u021ba ceramic\u0103 distribuie uniform c\u0103ldura \u0219i protejeaz\u0103 maxim p\u0103rul. Sistem Active Plates Technology cu suprafe\u021be de \u00eendreptat care se adapteaz\u0103 perfect p\u0103rului \u0219i asigur\u0103 efect maxim cu o singur\u0103 mi\u0219care a pl\u0103ci.<\/p>\n","protected":false},"excerpt":{"rendered":"<p>Placa de \u00eendreptat p\u0103rul \u00ee\u021bi \u00eendreapt\u0103 p\u0103rul dintr-o singur\u0103 mi\u0219care. Las\u0103 firele frumos drepte \u0219i str\u0103lucitoare. Suprafa\u021ba ceramic\u0103 distribuie uniform c\u0103ldura \u0219i protejeaz\u0103 maxim p\u0103rul. Sistem Active Plates Technology cu suprafe\u021be de \u00eendreptat care se adapteaz\u0103 perfect p\u0103rului \u0219i asigur\u0103 efect maxim cu o singur\u0103 mi\u0219care a pl\u0103ci.<\/p>\n","protected":false},"featured_media":378566,"comment_status":"closed","ping_status":"open","template":"","meta":{"_acf_changed":false,"_kadence_starter_templates_imported_post":false,"_kad_post_transparent":"","_kad_post_title":"","_kad_post_layout":"","_kad_post_sidebar_id":"","_kad_post_content_style":"","_kad_post_vertical_padding":"","_kad_post_feature":"","_kad_post_feature_position":"","_kad_post_header":false,"_kad_post_footer":false,"_kad_post_classname":""},"product_brand":[976],"product_cat":[246,727,623,624],"product_tag":[],"class_list":{"0":"post-378565","1":"product","2":"type-product","3":"status-publish","4":"has-post-thumbnail","6":"product_brand-bellissima","7":"product_cat-cosmetice","8":"product_cat-placa-pentru-par","9":"product_cat-produse-cosmetice-pentru-par","10":"product_cat-produse-aparate-si-accesorii-pentru-par","12":"first","13":"instock","14":"sale","15":"product-type-external","16":"entry","17":"content-bg","18":"loop-entry"},"acf":[],"yoast_head":"<!-- This site is optimized with the Yoast SEO plugin v27.4 - https:\/\/yoast.com\/product\/yoast-seo-wordpress\/ -->\n<title>Bellissima Placa de \u00eendreptat p\u0103rul cu suprafa\u021ba ceramic\u0103 11464 B21 300 Imetec - SHOPATOA.COM<\/title>\n<meta name=\"robots\" content=\"index, follow, max-snippet:-1, max-image-preview:large, max-video-preview:-1\" \/>\n<link rel=\"canonical\" href=\"https:\/\/shopatoa.com\/ro\/bellissima-placa-de-indreptat-parul-cu-suprafata-ceramica-11464-b21-300-imetec-2\/\" \/>\n<meta property=\"og:locale\" content=\"ro_RO\" \/>\n<meta property=\"og:type\" content=\"article\" \/>\n<meta property=\"og:title\" content=\"Bellissima Placa de \u00eendreptat p\u0103rul cu suprafa\u021ba ceramic\u0103 11464 B21 300 Imetec - SHOPATOA.COM\" \/>\n<meta property=\"og:description\" content=\"Placa de \u00eendreptat p\u0103rul \u00ee\u021bi \u00eendreapt\u0103 p\u0103rul dintr-o singur\u0103 mi\u0219care. Las\u0103 firele frumos drepte \u0219i str\u0103lucitoare. Suprafa\u021ba ceramic\u0103 distribuie uniform c\u0103ldura \u0219i protejeaz\u0103 maxim p\u0103rul. Sistem Active Plates Technology cu suprafe\u021be de \u00eendreptat care se adapteaz\u0103 perfect p\u0103rului \u0219i asigur\u0103 efect maxim cu o singur\u0103 mi\u0219care a pl\u0103ci.\" \/>\n<meta property=\"og:url\" content=\"https:\/\/shopatoa.com\/ro\/bellissima-placa-de-indreptat-parul-cu-suprafata-ceramica-11464-b21-300-imetec-2\/\" \/>\n<meta property=\"og:site_name\" content=\"SHOPATOA\" \/>\n<meta property=\"article:modified_time\" content=\"2025-12-13T07:03:25+00:00\" \/>\n<meta property=\"og:image\" content=\"https:\/\/storage.googleapis.com\/cz-shopatoa-img\/ro\/d38fd538-unnamed-file.webp\" \/>\n\t<meta property=\"og:image:width\" content=\"800\" \/>\n\t<meta property=\"og:image:height\" content=\"800\" \/>\n\t<meta property=\"og:image:type\" content=\"image\/webp\" \/>\n<meta name=\"twitter:card\" content=\"summary_large_image\" \/>\n<script type=\"application\/ld+json\" class=\"yoast-schema-graph\">{\"@context\":\"https:\\\/\\\/schema.org\",\"@graph\":[{\"@type\":\"WebPage\",\"@id\":\"https:\\\/\\\/shopatoa.com\\\/ro\\\/bellissima-placa-de-indreptat-parul-cu-suprafata-ceramica-11464-b21-300-imetec-2\\\/\",\"url\":\"https:\\\/\\\/shopatoa.com\\\/ro\\\/bellissima-placa-de-indreptat-parul-cu-suprafata-ceramica-11464-b21-300-imetec-2\\\/\",\"name\":\"Bellissima Placa de \u00eendreptat p\u0103rul cu suprafa\u021ba ceramic\u0103 11464 B21 300 Imetec - SHOPATOA.COM\",\"isPartOf\":{\"@id\":\"https:\\\/\\\/shopatoa.com\\\/ro\\\/#website\"},\"primaryImageOfPage\":{\"@id\":\"https:\\\/\\\/shopatoa.com\\\/ro\\\/bellissima-placa-de-indreptat-parul-cu-suprafata-ceramica-11464-b21-300-imetec-2\\\/#primaryimage\"},\"image\":{\"@id\":\"https:\\\/\\\/shopatoa.com\\\/ro\\\/bellissima-placa-de-indreptat-parul-cu-suprafata-ceramica-11464-b21-300-imetec-2\\\/#primaryimage\"},\"thumbnailUrl\":\"https:\\\/\\\/storage.googleapis.com\\\/cz-shopatoa-img\\\/ro\\\/d38fd538-unnamed-file.webp\",\"datePublished\":\"2025-05-22T08:09:39+00:00\",\"dateModified\":\"2025-12-13T07:03:25+00:00\",\"breadcrumb\":{\"@id\":\"https:\\\/\\\/shopatoa.com\\\/ro\\\/bellissima-placa-de-indreptat-parul-cu-suprafata-ceramica-11464-b21-300-imetec-2\\\/#breadcrumb\"},\"inLanguage\":\"ro-RO\",\"potentialAction\":[{\"@type\":\"ReadAction\",\"target\":[\"https:\\\/\\\/shopatoa.com\\\/ro\\\/bellissima-placa-de-indreptat-parul-cu-suprafata-ceramica-11464-b21-300-imetec-2\\\/\"]}]},{\"@type\":\"ImageObject\",\"inLanguage\":\"ro-RO\",\"@id\":\"https:\\\/\\\/shopatoa.com\\\/ro\\\/bellissima-placa-de-indreptat-parul-cu-suprafata-ceramica-11464-b21-300-imetec-2\\\/#primaryimage\",\"url\":\"https:\\\/\\\/storage.googleapis.com\\\/cz-shopatoa-img\\\/ro\\\/d38fd538-unnamed-file.webp\",\"contentUrl\":\"https:\\\/\\\/storage.googleapis.com\\\/cz-shopatoa-img\\\/ro\\\/d38fd538-unnamed-file.webp\",\"width\":800,\"height\":800},{\"@type\":\"BreadcrumbList\",\"@id\":\"https:\\\/\\\/shopatoa.com\\\/ro\\\/bellissima-placa-de-indreptat-parul-cu-suprafata-ceramica-11464-b21-300-imetec-2\\\/#breadcrumb\",\"itemListElement\":[{\"@type\":\"ListItem\",\"position\":1,\"name\":\"Dom\u016f\",\"item\":\"https:\\\/\\\/shopatoa.com\\\/ro\\\/\"},{\"@type\":\"ListItem\",\"position\":2,\"name\":\"Shop\",\"item\":\"https:\\\/\\\/shopatoa.com\\\/ro\\\/shop\\\/\"},{\"@type\":\"ListItem\",\"position\":3,\"name\":\"Cosmetice\",\"item\":\"https:\\\/\\\/shopatoa.com\\\/ro\\\/cosmetice\\\/\"},{\"@type\":\"ListItem\",\"position\":4,\"name\":\"Produse cosmetice pentru p\u0103r\",\"item\":\"https:\\\/\\\/shopatoa.com\\\/ro\\\/produse-cosmetice-pentru-par\\\/\"},{\"@type\":\"ListItem\",\"position\":5,\"name\":\"Produse, aparate \u0219i accesorii pentru p\u0103r\",\"item\":\"https:\\\/\\\/shopatoa.com\\\/ro\\\/produse-aparate-si-accesorii-pentru-par\\\/\"},{\"@type\":\"ListItem\",\"position\":6,\"name\":\"Plac\u0103 pentru p\u0103r\",\"item\":\"https:\\\/\\\/shopatoa.com\\\/ro\\\/placa-pentru-par\\\/\"},{\"@type\":\"ListItem\",\"position\":7,\"name\":\"Bellissima Placa de \u00eendreptat p\u0103rul cu suprafa\u021ba ceramic\u0103 11464 B21 300 Imetec\"}]},{\"@type\":\"WebSite\",\"@id\":\"https:\\\/\\\/shopatoa.com\\\/ro\\\/#website\",\"url\":\"https:\\\/\\\/shopatoa.com\\\/ro\\\/\",\"name\":\"SHOPATOA\",\"description\":\"\",\"publisher\":{\"@id\":\"https:\\\/\\\/shopatoa.com\\\/ro\\\/#organization\"},\"potentialAction\":[{\"@type\":\"SearchAction\",\"target\":{\"@type\":\"EntryPoint\",\"urlTemplate\":\"https:\\\/\\\/shopatoa.com\\\/ro\\\/?s={search_term_string}\"},\"query-input\":{\"@type\":\"PropertyValueSpecification\",\"valueRequired\":true,\"valueName\":\"search_term_string\"}}],\"inLanguage\":\"ro-RO\"},{\"@type\":\"Organization\",\"@id\":\"https:\\\/\\\/shopatoa.com\\\/ro\\\/#organization\",\"name\":\"SHOPATOA\",\"url\":\"https:\\\/\\\/shopatoa.com\\\/ro\\\/\",\"logo\":{\"@type\":\"ImageObject\",\"inLanguage\":\"ro-RO\",\"@id\":\"https:\\\/\\\/shopatoa.com\\\/ro\\\/#\\\/schema\\\/logo\\\/image\\\/\",\"url\":\"https:\\\/\\\/storage.googleapis.com\\\/cz-shopatoa-img\\\/ro\\\/b4dac915-shopatoa_logo.png\",\"contentUrl\":\"https:\\\/\\\/storage.googleapis.com\\\/cz-shopatoa-img\\\/ro\\\/b4dac915-shopatoa_logo.png\",\"width\":416,\"height\":63,\"caption\":\"SHOPATOA\"},\"image\":{\"@id\":\"https:\\\/\\\/shopatoa.com\\\/ro\\\/#\\\/schema\\\/logo\\\/image\\\/\"}}]}<\/script>\n<!-- \/ Yoast SEO plugin. -->","yoast_head_json":{"title":"Bellissima Placa de \u00eendreptat p\u0103rul cu suprafa\u021ba ceramic\u0103 11464 B21 300 Imetec - SHOPATOA.COM","robots":{"index":"index","follow":"follow","max-snippet":"max-snippet:-1","max-image-preview":"max-image-preview:large","max-video-preview":"max-video-preview:-1"},"canonical":"https:\/\/shopatoa.com\/ro\/bellissima-placa-de-indreptat-parul-cu-suprafata-ceramica-11464-b21-300-imetec-2\/","og_locale":"ro_RO","og_type":"article","og_title":"Bellissima Placa de \u00eendreptat p\u0103rul cu suprafa\u021ba ceramic\u0103 11464 B21 300 Imetec - SHOPATOA.COM","og_description":"Placa de \u00eendreptat p\u0103rul \u00ee\u021bi \u00eendreapt\u0103 p\u0103rul dintr-o singur\u0103 mi\u0219care. Las\u0103 firele frumos drepte \u0219i str\u0103lucitoare. Suprafa\u021ba ceramic\u0103 distribuie uniform c\u0103ldura \u0219i protejeaz\u0103 maxim p\u0103rul. Sistem Active Plates Technology cu suprafe\u021be de \u00eendreptat care se adapteaz\u0103 perfect p\u0103rului \u0219i asigur\u0103 efect maxim cu o singur\u0103 mi\u0219care a pl\u0103ci.","og_url":"https:\/\/shopatoa.com\/ro\/bellissima-placa-de-indreptat-parul-cu-suprafata-ceramica-11464-b21-300-imetec-2\/","og_site_name":"SHOPATOA","article_modified_time":"2025-12-13T07:03:25+00:00","og_image":[{"width":800,"height":800,"url":"https:\/\/storage.googleapis.com\/cz-shopatoa-img\/ro\/d38fd538-unnamed-file.webp","type":"image\/webp"}],"twitter_card":"summary_large_image","schema":{"@context":"https:\/\/schema.org","@graph":[{"@type":"WebPage","@id":"https:\/\/shopatoa.com\/ro\/bellissima-placa-de-indreptat-parul-cu-suprafata-ceramica-11464-b21-300-imetec-2\/","url":"https:\/\/shopatoa.com\/ro\/bellissima-placa-de-indreptat-parul-cu-suprafata-ceramica-11464-b21-300-imetec-2\/","name":"Bellissima Placa de \u00eendreptat p\u0103rul cu suprafa\u021ba ceramic\u0103 11464 B21 300 Imetec - SHOPATOA.COM","isPartOf":{"@id":"https:\/\/shopatoa.com\/ro\/#website"},"primaryImageOfPage":{"@id":"https:\/\/shopatoa.com\/ro\/bellissima-placa-de-indreptat-parul-cu-suprafata-ceramica-11464-b21-300-imetec-2\/#primaryimage"},"image":{"@id":"https:\/\/shopatoa.com\/ro\/bellissima-placa-de-indreptat-parul-cu-suprafata-ceramica-11464-b21-300-imetec-2\/#primaryimage"},"thumbnailUrl":"https:\/\/storage.googleapis.com\/cz-shopatoa-img\/ro\/d38fd538-unnamed-file.webp","datePublished":"2025-05-22T08:09:39+00:00","dateModified":"2025-12-13T07:03:25+00:00","breadcrumb":{"@id":"https:\/\/shopatoa.com\/ro\/bellissima-placa-de-indreptat-parul-cu-suprafata-ceramica-11464-b21-300-imetec-2\/#breadcrumb"},"inLanguage":"ro-RO","potentialAction":[{"@type":"ReadAction","target":["https:\/\/shopatoa.com\/ro\/bellissima-placa-de-indreptat-parul-cu-suprafata-ceramica-11464-b21-300-imetec-2\/"]}]},{"@type":"ImageObject","inLanguage":"ro-RO","@id":"https:\/\/shopatoa.com\/ro\/bellissima-placa-de-indreptat-parul-cu-suprafata-ceramica-11464-b21-300-imetec-2\/#primaryimage","url":"https:\/\/storage.googleapis.com\/cz-shopatoa-img\/ro\/d38fd538-unnamed-file.webp","contentUrl":"https:\/\/storage.googleapis.com\/cz-shopatoa-img\/ro\/d38fd538-unnamed-file.webp","width":800,"height":800},{"@type":"BreadcrumbList","@id":"https:\/\/shopatoa.com\/ro\/bellissima-placa-de-indreptat-parul-cu-suprafata-ceramica-11464-b21-300-imetec-2\/#breadcrumb","itemListElement":[{"@type":"ListItem","position":1,"name":"Dom\u016f","item":"https:\/\/shopatoa.com\/ro\/"},{"@type":"ListItem","position":2,"name":"Shop","item":"https:\/\/shopatoa.com\/ro\/shop\/"},{"@type":"ListItem","position":3,"name":"Cosmetice","item":"https:\/\/shopatoa.com\/ro\/cosmetice\/"},{"@type":"ListItem","position":4,"name":"Produse cosmetice pentru p\u0103r","item":"https:\/\/shopatoa.com\/ro\/produse-cosmetice-pentru-par\/"},{"@type":"ListItem","position":5,"name":"Produse, aparate \u0219i accesorii pentru p\u0103r","item":"https:\/\/shopatoa.com\/ro\/produse-aparate-si-accesorii-pentru-par\/"},{"@type":"ListItem","position":6,"name":"Plac\u0103 pentru p\u0103r","item":"https:\/\/shopatoa.com\/ro\/placa-pentru-par\/"},{"@type":"ListItem","position":7,"name":"Bellissima Placa de \u00eendreptat p\u0103rul cu suprafa\u021ba ceramic\u0103 11464 B21 300 Imetec"}]},{"@type":"WebSite","@id":"https:\/\/shopatoa.com\/ro\/#website","url":"https:\/\/shopatoa.com\/ro\/","name":"SHOPATOA","description":"","publisher":{"@id":"https:\/\/shopatoa.com\/ro\/#organization"},"potentialAction":[{"@type":"SearchAction","target":{"@type":"EntryPoint","urlTemplate":"https:\/\/shopatoa.com\/ro\/?s={search_term_string}"},"query-input":{"@type":"PropertyValueSpecification","valueRequired":true,"valueName":"search_term_string"}}],"inLanguage":"ro-RO"},{"@type":"Organization","@id":"https:\/\/shopatoa.com\/ro\/#organization","name":"SHOPATOA","url":"https:\/\/shopatoa.com\/ro\/","logo":{"@type":"ImageObject","inLanguage":"ro-RO","@id":"https:\/\/shopatoa.com\/ro\/#\/schema\/logo\/image\/","url":"https:\/\/storage.googleapis.com\/cz-shopatoa-img\/ro\/b4dac915-shopatoa_logo.png","contentUrl":"https:\/\/storage.googleapis.com\/cz-shopatoa-img\/ro\/b4dac915-shopatoa_logo.png","width":416,"height":63,"caption":"SHOPATOA"},"image":{"@id":"https:\/\/shopatoa.com\/ro\/#\/schema\/logo\/image\/"}}]}},"_links":{"self":[{"href":"https:\/\/shopatoa.com\/ro\/wp-json\/wp\/v2\/product\/378565","targetHints":{"allow":["GET"]}}],"collection":[{"href":"https:\/\/shopatoa.com\/ro\/wp-json\/wp\/v2\/product"}],"about":[{"href":"https:\/\/shopatoa.com\/ro\/wp-json\/wp\/v2\/types\/product"}],"replies":[{"embeddable":true,"href":"https:\/\/shopatoa.com\/ro\/wp-json\/wp\/v2\/comments?post=378565"}],"wp:featuredmedia":[{"embeddable":true,"href":"https:\/\/shopatoa.com\/ro\/wp-json\/wp\/v2\/media\/378566"}],"wp:attachment":[{"href":"https:\/\/shopatoa.com\/ro\/wp-json\/wp\/v2\/media?parent=378565"}],"wp:term":[{"taxonomy":"product_brand","embeddable":true,"href":"https:\/\/shopatoa.com\/ro\/wp-json\/wp\/v2\/product_brand?post=378565"},{"taxonomy":"product_cat","embeddable":true,"href":"https:\/\/shopatoa.com\/ro\/wp-json\/wp\/v2\/product_cat?post=378565"},{"taxonomy":"product_tag","embeddable":true,"href":"https:\/\/shopatoa.com\/ro\/wp-json\/wp\/v2\/product_tag?post=378565"}],"curies":[{"name":"wp","href":"https:\/\/api.w.org\/{rel}","templated":true}]}}