{"id":379684,"date":"2025-06-16T01:12:20","date_gmt":"2025-06-15T23:12:20","guid":{"rendered":"https:\/\/shopatoa.com\/ro\/hairmate-cement-masca-regeneratoare-fara-clatire-200-ml\/"},"modified":"2025-10-08T17:58:38","modified_gmt":"2025-10-08T15:58:38","slug":"hairmate-cement-masca-regeneratoare-fara-clatire-200-ml","status":"publish","type":"product","link":"https:\/\/shopatoa.com\/ro\/hairmate-cement-masca-regeneratoare-fara-clatire-200-ml\/","title":{"rendered":"HAIRMATE Cement masc\u0103 regeneratoare f\u0103r\u0103 cl\u0103tire 200 ml"},"content":{"rendered":"<p>HAIRMATE Cement, 200 ml, Masca pentru par pentru femei, Masca pentru p\u0103r HAIRMATE Cement este o etap\u0103 indispensabil\u0103 \u00een ritualul \u00eengrijirii p\u0103rului. Oferind p\u0103rului un moment de regenerare, acesta va r\u0103spl\u0103ti str\u0103lucind \u00een toat\u0103 vitalitatea \u0219i frumuse\u021bea sa.  Caracteristici:  are grij\u0103 de toat\u0103 lungimea p\u0103rului sl\u0103bit protejeaz\u0103 \u00eempotriva influen\u021belor negative ale mediului reface structura p\u0103rului previne electrizarea \u0219i firele de p\u0103r rebele nedorite nu \u00eencarc\u0103 p\u0103rul  Ingrediente:  ulei de cocos \u2013 fortific\u0103, hidrateaz\u0103 \u0219i sus\u021bine regenerarea p\u0103rului uscat \u0219i deteriorat, ajut\u0103 \u00een cazul v\u00e2rfurilor despicate \u0219i al cas\u0103rii, restabile\u0219te str\u0103lucirea p\u0103rului, hr\u0103ne\u0219te scalpul \u0219i amelioreaz\u0103 problema m\u0103tre\u021bii argil\u0103 \u2013 datorit\u0103 suprafe\u021bei sale poroase are propriet\u0103\u021bi excelente de absorb\u021bie, \u00eendep\u0103rteaz\u0103 celulele moarte cutanate, cur\u0103\u021b\u0103 \u00een profunzime scalpul \u0219i foliculii de p\u0103r, contribuind la stimularea cre\u0219terii unui p\u0103r puternic, elastic \u0219i s\u0103n\u0103tos  Cum se utilizeaz\u0103: Se aplic\u0103 pe p\u0103rul umed. Nu cl\u0103ti\u021bi. Apoi piept\u0103na\u021bi \u0219i coafa\u021bi p\u0103rul ca de obicei.<\/p>\n","protected":false},"excerpt":{"rendered":"<p>HAIRMATE Cement, 200 ml, Masca pentru par pentru femei, Masca pentru p\u0103r HAIRMATE Cement este o etap\u0103 indispensabil\u0103 \u00een ritualul \u00eengrijirii p\u0103rului. Oferind p\u0103rului un moment de regenerare, acesta va r\u0103spl\u0103ti str\u0103lucind \u00een toat\u0103 vitalitatea \u0219i frumuse\u021bea sa. Caracteristici: are grij\u0103 de toat\u0103 lungimea p\u0103rului sl\u0103bit protejeaz\u0103 \u00eempotriva influen\u021belor negative ale mediului reface structura p\u0103rului&#8230;<\/p>\n","protected":false},"featured_media":379685,"comment_status":"closed","ping_status":"open","template":"","meta":{"_acf_changed":false,"_kadence_starter_templates_imported_post":false,"_kad_post_transparent":"","_kad_post_title":"","_kad_post_layout":"","_kad_post_sidebar_id":"","_kad_post_content_style":"","_kad_post_vertical_padding":"","_kad_post_feature":"","_kad_post_feature_position":"","_kad_post_header":false,"_kad_post_footer":false,"_kad_post_classname":""},"product_brand":[1825],"product_cat":[1564,1563,1565,1614,1562],"product_tag":[],"class_list":{"0":"post-379684","1":"product","2":"type-product","3":"status-publish","4":"has-post-thumbnail","6":"product_brand-hairmate","7":"product_cat-cosmetice-ingrijire-personala","8":"product_cat-ingrijire-personala","9":"product_cat-ingrijirea-pielii","10":"product_cat-masti-si-peelings-pentru-ten","11":"product_cat-sanatate-si-frumusete","12":"pa_gen-female","13":"pa_marime-200-ml","15":"first","16":"instock","17":"sale","18":"product-type-external","19":"entry","20":"content-bg","21":"loop-entry"},"acf":[],"yoast_head":"<!-- This site is optimized with the Yoast SEO plugin v27.4 - https:\/\/yoast.com\/product\/yoast-seo-wordpress\/ -->\n<title>HAIRMATE Cement masc\u0103 regeneratoare f\u0103r\u0103 cl\u0103tire 200 ml - SHOPATOA.COM<\/title>\n<meta name=\"robots\" content=\"index, follow, max-snippet:-1, max-image-preview:large, max-video-preview:-1\" \/>\n<link rel=\"canonical\" href=\"https:\/\/shopatoa.com\/ro\/hairmate-cement-masca-regeneratoare-fara-clatire-200-ml\/\" \/>\n<meta property=\"og:locale\" content=\"ro_RO\" \/>\n<meta property=\"og:type\" content=\"article\" \/>\n<meta property=\"og:title\" content=\"HAIRMATE Cement masc\u0103 regeneratoare f\u0103r\u0103 cl\u0103tire 200 ml - SHOPATOA.COM\" \/>\n<meta property=\"og:description\" content=\"HAIRMATE Cement, 200 ml, Masca pentru par pentru femei, Masca pentru p\u0103r HAIRMATE Cement este o etap\u0103 indispensabil\u0103 \u00een ritualul \u00eengrijirii p\u0103rului. Oferind p\u0103rului un moment de regenerare, acesta va r\u0103spl\u0103ti str\u0103lucind \u00een toat\u0103 vitalitatea \u0219i frumuse\u021bea sa. Caracteristici: are grij\u0103 de toat\u0103 lungimea p\u0103rului sl\u0103bit protejeaz\u0103 \u00eempotriva influen\u021belor negative ale mediului reface structura p\u0103rului...\" \/>\n<meta property=\"og:url\" content=\"https:\/\/shopatoa.com\/ro\/hairmate-cement-masca-regeneratoare-fara-clatire-200-ml\/\" \/>\n<meta property=\"og:site_name\" content=\"SHOPATOA\" \/>\n<meta property=\"article:modified_time\" content=\"2025-10-08T15:58:38+00:00\" \/>\n<meta property=\"og:image\" content=\"https:\/\/storage.googleapis.com\/cz-shopatoa-img\/ro\/ad93589e-unnamed-file.webp\" \/>\n\t<meta property=\"og:image:width\" content=\"800\" \/>\n\t<meta property=\"og:image:height\" content=\"800\" \/>\n\t<meta property=\"og:image:type\" content=\"image\/webp\" \/>\n<meta name=\"twitter:card\" content=\"summary_large_image\" \/>\n<meta name=\"twitter:label1\" content=\"Timp estimat pentru citire\" \/>\n\t<meta name=\"twitter:data1\" content=\"1 minut\" \/>\n<script type=\"application\/ld+json\" class=\"yoast-schema-graph\">{\"@context\":\"https:\\\/\\\/schema.org\",\"@graph\":[{\"@type\":\"WebPage\",\"@id\":\"https:\\\/\\\/shopatoa.com\\\/ro\\\/hairmate-cement-masca-regeneratoare-fara-clatire-200-ml\\\/\",\"url\":\"https:\\\/\\\/shopatoa.com\\\/ro\\\/hairmate-cement-masca-regeneratoare-fara-clatire-200-ml\\\/\",\"name\":\"HAIRMATE Cement masc\u0103 regeneratoare f\u0103r\u0103 cl\u0103tire 200 ml - SHOPATOA.COM\",\"isPartOf\":{\"@id\":\"https:\\\/\\\/shopatoa.com\\\/ro\\\/#website\"},\"primaryImageOfPage\":{\"@id\":\"https:\\\/\\\/shopatoa.com\\\/ro\\\/hairmate-cement-masca-regeneratoare-fara-clatire-200-ml\\\/#primaryimage\"},\"image\":{\"@id\":\"https:\\\/\\\/shopatoa.com\\\/ro\\\/hairmate-cement-masca-regeneratoare-fara-clatire-200-ml\\\/#primaryimage\"},\"thumbnailUrl\":\"https:\\\/\\\/storage.googleapis.com\\\/cz-shopatoa-img\\\/ro\\\/ad93589e-unnamed-file.webp\",\"datePublished\":\"2025-06-15T23:12:20+00:00\",\"dateModified\":\"2025-10-08T15:58:38+00:00\",\"breadcrumb\":{\"@id\":\"https:\\\/\\\/shopatoa.com\\\/ro\\\/hairmate-cement-masca-regeneratoare-fara-clatire-200-ml\\\/#breadcrumb\"},\"inLanguage\":\"ro-RO\",\"potentialAction\":[{\"@type\":\"ReadAction\",\"target\":[\"https:\\\/\\\/shopatoa.com\\\/ro\\\/hairmate-cement-masca-regeneratoare-fara-clatire-200-ml\\\/\"]}]},{\"@type\":\"ImageObject\",\"inLanguage\":\"ro-RO\",\"@id\":\"https:\\\/\\\/shopatoa.com\\\/ro\\\/hairmate-cement-masca-regeneratoare-fara-clatire-200-ml\\\/#primaryimage\",\"url\":\"https:\\\/\\\/storage.googleapis.com\\\/cz-shopatoa-img\\\/ro\\\/ad93589e-unnamed-file.webp\",\"contentUrl\":\"https:\\\/\\\/storage.googleapis.com\\\/cz-shopatoa-img\\\/ro\\\/ad93589e-unnamed-file.webp\",\"width\":800,\"height\":800},{\"@type\":\"BreadcrumbList\",\"@id\":\"https:\\\/\\\/shopatoa.com\\\/ro\\\/hairmate-cement-masca-regeneratoare-fara-clatire-200-ml\\\/#breadcrumb\",\"itemListElement\":[{\"@type\":\"ListItem\",\"position\":1,\"name\":\"Dom\u016f\",\"item\":\"https:\\\/\\\/shopatoa.com\\\/ro\\\/\"},{\"@type\":\"ListItem\",\"position\":2,\"name\":\"Shop\",\"item\":\"https:\\\/\\\/shopatoa.com\\\/ro\\\/shop\\\/\"},{\"@type\":\"ListItem\",\"position\":3,\"name\":\"S\u0103n\u0103tate \u0219i frumuse\u021be\",\"item\":\"https:\\\/\\\/shopatoa.com\\\/ro\\\/sanatate-si-frumusete\\\/\"},{\"@type\":\"ListItem\",\"position\":4,\"name\":\"\u00cengrijire personal\u0103\",\"item\":\"https:\\\/\\\/shopatoa.com\\\/ro\\\/ingrijire-personala\\\/\"},{\"@type\":\"ListItem\",\"position\":5,\"name\":\"Cosmetice\",\"item\":\"https:\\\/\\\/shopatoa.com\\\/ro\\\/cosmetice-ingrijire-personala\\\/\"},{\"@type\":\"ListItem\",\"position\":6,\"name\":\"\u00cengrijirea pielii\",\"item\":\"https:\\\/\\\/shopatoa.com\\\/ro\\\/ingrijirea-pielii\\\/\"},{\"@type\":\"ListItem\",\"position\":7,\"name\":\"M\u0103\u0219ti \u0219i peelings pentru ten\",\"item\":\"https:\\\/\\\/shopatoa.com\\\/ro\\\/masti-si-peelings-pentru-ten\\\/\"},{\"@type\":\"ListItem\",\"position\":8,\"name\":\"HAIRMATE Cement masc\u0103 regeneratoare f\u0103r\u0103 cl\u0103tire 200 ml\"}]},{\"@type\":\"WebSite\",\"@id\":\"https:\\\/\\\/shopatoa.com\\\/ro\\\/#website\",\"url\":\"https:\\\/\\\/shopatoa.com\\\/ro\\\/\",\"name\":\"SHOPATOA\",\"description\":\"\",\"publisher\":{\"@id\":\"https:\\\/\\\/shopatoa.com\\\/ro\\\/#organization\"},\"potentialAction\":[{\"@type\":\"SearchAction\",\"target\":{\"@type\":\"EntryPoint\",\"urlTemplate\":\"https:\\\/\\\/shopatoa.com\\\/ro\\\/?s={search_term_string}\"},\"query-input\":{\"@type\":\"PropertyValueSpecification\",\"valueRequired\":true,\"valueName\":\"search_term_string\"}}],\"inLanguage\":\"ro-RO\"},{\"@type\":\"Organization\",\"@id\":\"https:\\\/\\\/shopatoa.com\\\/ro\\\/#organization\",\"name\":\"SHOPATOA\",\"url\":\"https:\\\/\\\/shopatoa.com\\\/ro\\\/\",\"logo\":{\"@type\":\"ImageObject\",\"inLanguage\":\"ro-RO\",\"@id\":\"https:\\\/\\\/shopatoa.com\\\/ro\\\/#\\\/schema\\\/logo\\\/image\\\/\",\"url\":\"https:\\\/\\\/storage.googleapis.com\\\/cz-shopatoa-img\\\/ro\\\/b4dac915-shopatoa_logo.png\",\"contentUrl\":\"https:\\\/\\\/storage.googleapis.com\\\/cz-shopatoa-img\\\/ro\\\/b4dac915-shopatoa_logo.png\",\"width\":416,\"height\":63,\"caption\":\"SHOPATOA\"},\"image\":{\"@id\":\"https:\\\/\\\/shopatoa.com\\\/ro\\\/#\\\/schema\\\/logo\\\/image\\\/\"}}]}<\/script>\n<!-- \/ Yoast SEO plugin. -->","yoast_head_json":{"title":"HAIRMATE Cement masc\u0103 regeneratoare f\u0103r\u0103 cl\u0103tire 200 ml - SHOPATOA.COM","robots":{"index":"index","follow":"follow","max-snippet":"max-snippet:-1","max-image-preview":"max-image-preview:large","max-video-preview":"max-video-preview:-1"},"canonical":"https:\/\/shopatoa.com\/ro\/hairmate-cement-masca-regeneratoare-fara-clatire-200-ml\/","og_locale":"ro_RO","og_type":"article","og_title":"HAIRMATE Cement masc\u0103 regeneratoare f\u0103r\u0103 cl\u0103tire 200 ml - SHOPATOA.COM","og_description":"HAIRMATE Cement, 200 ml, Masca pentru par pentru femei, Masca pentru p\u0103r HAIRMATE Cement este o etap\u0103 indispensabil\u0103 \u00een ritualul \u00eengrijirii p\u0103rului. Oferind p\u0103rului un moment de regenerare, acesta va r\u0103spl\u0103ti str\u0103lucind \u00een toat\u0103 vitalitatea \u0219i frumuse\u021bea sa. Caracteristici: are grij\u0103 de toat\u0103 lungimea p\u0103rului sl\u0103bit protejeaz\u0103 \u00eempotriva influen\u021belor negative ale mediului reface structura p\u0103rului...","og_url":"https:\/\/shopatoa.com\/ro\/hairmate-cement-masca-regeneratoare-fara-clatire-200-ml\/","og_site_name":"SHOPATOA","article_modified_time":"2025-10-08T15:58:38+00:00","og_image":[{"width":800,"height":800,"url":"https:\/\/storage.googleapis.com\/cz-shopatoa-img\/ro\/ad93589e-unnamed-file.webp","type":"image\/webp"}],"twitter_card":"summary_large_image","twitter_misc":{"Timp estimat pentru citire":"1 minut"},"schema":{"@context":"https:\/\/schema.org","@graph":[{"@type":"WebPage","@id":"https:\/\/shopatoa.com\/ro\/hairmate-cement-masca-regeneratoare-fara-clatire-200-ml\/","url":"https:\/\/shopatoa.com\/ro\/hairmate-cement-masca-regeneratoare-fara-clatire-200-ml\/","name":"HAIRMATE Cement masc\u0103 regeneratoare f\u0103r\u0103 cl\u0103tire 200 ml - SHOPATOA.COM","isPartOf":{"@id":"https:\/\/shopatoa.com\/ro\/#website"},"primaryImageOfPage":{"@id":"https:\/\/shopatoa.com\/ro\/hairmate-cement-masca-regeneratoare-fara-clatire-200-ml\/#primaryimage"},"image":{"@id":"https:\/\/shopatoa.com\/ro\/hairmate-cement-masca-regeneratoare-fara-clatire-200-ml\/#primaryimage"},"thumbnailUrl":"https:\/\/storage.googleapis.com\/cz-shopatoa-img\/ro\/ad93589e-unnamed-file.webp","datePublished":"2025-06-15T23:12:20+00:00","dateModified":"2025-10-08T15:58:38+00:00","breadcrumb":{"@id":"https:\/\/shopatoa.com\/ro\/hairmate-cement-masca-regeneratoare-fara-clatire-200-ml\/#breadcrumb"},"inLanguage":"ro-RO","potentialAction":[{"@type":"ReadAction","target":["https:\/\/shopatoa.com\/ro\/hairmate-cement-masca-regeneratoare-fara-clatire-200-ml\/"]}]},{"@type":"ImageObject","inLanguage":"ro-RO","@id":"https:\/\/shopatoa.com\/ro\/hairmate-cement-masca-regeneratoare-fara-clatire-200-ml\/#primaryimage","url":"https:\/\/storage.googleapis.com\/cz-shopatoa-img\/ro\/ad93589e-unnamed-file.webp","contentUrl":"https:\/\/storage.googleapis.com\/cz-shopatoa-img\/ro\/ad93589e-unnamed-file.webp","width":800,"height":800},{"@type":"BreadcrumbList","@id":"https:\/\/shopatoa.com\/ro\/hairmate-cement-masca-regeneratoare-fara-clatire-200-ml\/#breadcrumb","itemListElement":[{"@type":"ListItem","position":1,"name":"Dom\u016f","item":"https:\/\/shopatoa.com\/ro\/"},{"@type":"ListItem","position":2,"name":"Shop","item":"https:\/\/shopatoa.com\/ro\/shop\/"},{"@type":"ListItem","position":3,"name":"S\u0103n\u0103tate \u0219i frumuse\u021be","item":"https:\/\/shopatoa.com\/ro\/sanatate-si-frumusete\/"},{"@type":"ListItem","position":4,"name":"\u00cengrijire personal\u0103","item":"https:\/\/shopatoa.com\/ro\/ingrijire-personala\/"},{"@type":"ListItem","position":5,"name":"Cosmetice","item":"https:\/\/shopatoa.com\/ro\/cosmetice-ingrijire-personala\/"},{"@type":"ListItem","position":6,"name":"\u00cengrijirea pielii","item":"https:\/\/shopatoa.com\/ro\/ingrijirea-pielii\/"},{"@type":"ListItem","position":7,"name":"M\u0103\u0219ti \u0219i peelings pentru ten","item":"https:\/\/shopatoa.com\/ro\/masti-si-peelings-pentru-ten\/"},{"@type":"ListItem","position":8,"name":"HAIRMATE Cement masc\u0103 regeneratoare f\u0103r\u0103 cl\u0103tire 200 ml"}]},{"@type":"WebSite","@id":"https:\/\/shopatoa.com\/ro\/#website","url":"https:\/\/shopatoa.com\/ro\/","name":"SHOPATOA","description":"","publisher":{"@id":"https:\/\/shopatoa.com\/ro\/#organization"},"potentialAction":[{"@type":"SearchAction","target":{"@type":"EntryPoint","urlTemplate":"https:\/\/shopatoa.com\/ro\/?s={search_term_string}"},"query-input":{"@type":"PropertyValueSpecification","valueRequired":true,"valueName":"search_term_string"}}],"inLanguage":"ro-RO"},{"@type":"Organization","@id":"https:\/\/shopatoa.com\/ro\/#organization","name":"SHOPATOA","url":"https:\/\/shopatoa.com\/ro\/","logo":{"@type":"ImageObject","inLanguage":"ro-RO","@id":"https:\/\/shopatoa.com\/ro\/#\/schema\/logo\/image\/","url":"https:\/\/storage.googleapis.com\/cz-shopatoa-img\/ro\/b4dac915-shopatoa_logo.png","contentUrl":"https:\/\/storage.googleapis.com\/cz-shopatoa-img\/ro\/b4dac915-shopatoa_logo.png","width":416,"height":63,"caption":"SHOPATOA"},"image":{"@id":"https:\/\/shopatoa.com\/ro\/#\/schema\/logo\/image\/"}}]}},"_links":{"self":[{"href":"https:\/\/shopatoa.com\/ro\/wp-json\/wp\/v2\/product\/379684","targetHints":{"allow":["GET"]}}],"collection":[{"href":"https:\/\/shopatoa.com\/ro\/wp-json\/wp\/v2\/product"}],"about":[{"href":"https:\/\/shopatoa.com\/ro\/wp-json\/wp\/v2\/types\/product"}],"replies":[{"embeddable":true,"href":"https:\/\/shopatoa.com\/ro\/wp-json\/wp\/v2\/comments?post=379684"}],"wp:featuredmedia":[{"embeddable":true,"href":"https:\/\/shopatoa.com\/ro\/wp-json\/wp\/v2\/media\/379685"}],"wp:attachment":[{"href":"https:\/\/shopatoa.com\/ro\/wp-json\/wp\/v2\/media?parent=379684"}],"wp:term":[{"taxonomy":"product_brand","embeddable":true,"href":"https:\/\/shopatoa.com\/ro\/wp-json\/wp\/v2\/product_brand?post=379684"},{"taxonomy":"product_cat","embeddable":true,"href":"https:\/\/shopatoa.com\/ro\/wp-json\/wp\/v2\/product_cat?post=379684"},{"taxonomy":"product_tag","embeddable":true,"href":"https:\/\/shopatoa.com\/ro\/wp-json\/wp\/v2\/product_tag?post=379684"}],"curies":[{"name":"wp","href":"https:\/\/api.w.org\/{rel}","templated":true}]}}