{"id":380003,"date":"2025-06-16T02:03:51","date_gmt":"2025-06-16T00:03:51","guid":{"rendered":"https:\/\/shopatoa.com\/ro\/keune-style-root-volumizer-spray-styling-si-extra-volum-500-ml\/"},"modified":"2025-10-08T17:59:36","modified_gmt":"2025-10-08T15:59:36","slug":"keune-style-root-volumizer-spray-styling-si-extra-volum-500-ml","status":"publish","type":"product","link":"https:\/\/shopatoa.com\/ro\/keune-style-root-volumizer-spray-styling-si-extra-volum-500-ml\/","title":{"rendered":"Keune Style Root Volumizer spray styling \u0219i extra volum 500 ml"},"content":{"rendered":"<p>Keune Style Root Volumizer, 500 ml, Spray pentru volum pentru femei, Spune\u021bi adio p\u0103rului flasc o dat\u0103 pentru totdeauna. Spray pentru volum Keune Style Root Volumizer confer\u0103 volum chiar \u0219i celui mai sub\u021bire p\u0103r \u0219i \u00eel ridic\u0103 de la r\u0103d\u0103cin\u0103, pentru ca acesta s\u0103 par\u0103 instantaneu mai bogat \u0219i mult mai des. Nu \u00eencarc\u0103 p\u0103rul \u0219i nu las\u0103 o senza\u021bie lipicioas\u0103. V\u0103 ajut\u0103 s\u0103 crea\u021bi rapid \u0219i u\u0219or o coafur\u0103 frumoas\u0103, bogat\u0103 \u0219i aerisit\u0103 \u2013 exact a\u0219a cum v\u0103 dori\u021bi. De acum \u00eenainte, toat\u0103 lumea din anturajul dvs. o va admira.  Caracteristici:  confer\u0103 o str\u0103lucire atr\u0103g\u0103toare confer\u0103 p\u0103rului volum, de la r\u0103d\u0103cin\u0103 aplicare u\u0219oar\u0103 \u0219i rapid\u0103  Ingrediente:  filtre UV  Cum se utilizeaz\u0103: Se agit\u0103 bine, \u00eenainte de utilizare. Se aplic\u0103 o cantitate adecvat\u0103 de produs pe p\u0103rul umed \u0219i uscat \u00een prosop \u0219i se fr\u0103m\u00e2nt\u0103 cu m\u00e2inile. Usca\u021bi folosind peria pentru a crea volum.<\/p>\n","protected":false},"excerpt":{"rendered":"<p>Keune Style Root Volumizer, 500 ml, Spray pentru volum pentru femei, Spune\u021bi adio p\u0103rului flasc o dat\u0103 pentru totdeauna. Spray pentru volum Keune Style Root Volumizer confer\u0103 volum chiar \u0219i celui mai sub\u021bire p\u0103r \u0219i \u00eel ridic\u0103 de la r\u0103d\u0103cin\u0103, pentru ca acesta s\u0103 par\u0103 instantaneu mai bogat \u0219i mult mai des. Nu \u00eencarc\u0103 p\u0103rul&#8230;<\/p>\n","protected":false},"featured_media":380004,"comment_status":"closed","ping_status":"open","template":"","meta":{"_acf_changed":false,"_kadence_starter_templates_imported_post":false,"_kad_post_transparent":"","_kad_post_title":"","_kad_post_layout":"","_kad_post_sidebar_id":"","_kad_post_content_style":"","_kad_post_vertical_padding":"","_kad_post_feature":"","_kad_post_feature_position":"","_kad_post_header":false,"_kad_post_footer":false,"_kad_post_classname":""},"product_brand":[1890],"product_cat":[1563,1590,1562],"product_tag":[],"class_list":{"0":"post-380003","1":"product","2":"type-product","3":"status-publish","4":"has-post-thumbnail","6":"product_brand-keune","7":"product_cat-ingrijire-personala","8":"product_cat-ingrijirea-parului","9":"product_cat-sanatate-si-frumusete","10":"pa_gen-female","11":"pa_marime-500-ml","13":"first","14":"instock","15":"product-type-external","16":"entry","17":"content-bg","18":"loop-entry"},"acf":[],"yoast_head":"<!-- This site is optimized with the Yoast SEO plugin v27.4 - https:\/\/yoast.com\/product\/yoast-seo-wordpress\/ -->\n<title>Keune Style Root Volumizer spray styling \u0219i extra volum 500 ml - SHOPATOA.COM<\/title>\n<meta name=\"robots\" content=\"index, follow, max-snippet:-1, max-image-preview:large, max-video-preview:-1\" \/>\n<link rel=\"canonical\" href=\"https:\/\/shopatoa.com\/ro\/keune-style-root-volumizer-spray-styling-si-extra-volum-500-ml\/\" \/>\n<meta property=\"og:locale\" content=\"ro_RO\" \/>\n<meta property=\"og:type\" content=\"article\" \/>\n<meta property=\"og:title\" content=\"Keune Style Root Volumizer spray styling \u0219i extra volum 500 ml - SHOPATOA.COM\" \/>\n<meta property=\"og:description\" content=\"Keune Style Root Volumizer, 500 ml, Spray pentru volum pentru femei, Spune\u021bi adio p\u0103rului flasc o dat\u0103 pentru totdeauna. Spray pentru volum Keune Style Root Volumizer confer\u0103 volum chiar \u0219i celui mai sub\u021bire p\u0103r \u0219i \u00eel ridic\u0103 de la r\u0103d\u0103cin\u0103, pentru ca acesta s\u0103 par\u0103 instantaneu mai bogat \u0219i mult mai des. Nu \u00eencarc\u0103 p\u0103rul...\" \/>\n<meta property=\"og:url\" content=\"https:\/\/shopatoa.com\/ro\/keune-style-root-volumizer-spray-styling-si-extra-volum-500-ml\/\" \/>\n<meta property=\"og:site_name\" content=\"SHOPATOA\" \/>\n<meta property=\"article:modified_time\" content=\"2025-10-08T15:59:36+00:00\" \/>\n<meta property=\"og:image\" content=\"https:\/\/storage.googleapis.com\/cz-shopatoa-img\/ro\/51a27c8f-unnamed-file.webp\" \/>\n\t<meta property=\"og:image:width\" content=\"800\" \/>\n\t<meta property=\"og:image:height\" content=\"800\" \/>\n\t<meta property=\"og:image:type\" content=\"image\/webp\" \/>\n<meta name=\"twitter:card\" content=\"summary_large_image\" \/>\n<meta name=\"twitter:label1\" content=\"Timp estimat pentru citire\" \/>\n\t<meta name=\"twitter:data1\" content=\"1 minut\" \/>\n<script type=\"application\/ld+json\" class=\"yoast-schema-graph\">{\"@context\":\"https:\\\/\\\/schema.org\",\"@graph\":[{\"@type\":\"WebPage\",\"@id\":\"https:\\\/\\\/shopatoa.com\\\/ro\\\/keune-style-root-volumizer-spray-styling-si-extra-volum-500-ml\\\/\",\"url\":\"https:\\\/\\\/shopatoa.com\\\/ro\\\/keune-style-root-volumizer-spray-styling-si-extra-volum-500-ml\\\/\",\"name\":\"Keune Style Root Volumizer spray styling \u0219i extra volum 500 ml - SHOPATOA.COM\",\"isPartOf\":{\"@id\":\"https:\\\/\\\/shopatoa.com\\\/ro\\\/#website\"},\"primaryImageOfPage\":{\"@id\":\"https:\\\/\\\/shopatoa.com\\\/ro\\\/keune-style-root-volumizer-spray-styling-si-extra-volum-500-ml\\\/#primaryimage\"},\"image\":{\"@id\":\"https:\\\/\\\/shopatoa.com\\\/ro\\\/keune-style-root-volumizer-spray-styling-si-extra-volum-500-ml\\\/#primaryimage\"},\"thumbnailUrl\":\"https:\\\/\\\/storage.googleapis.com\\\/cz-shopatoa-img\\\/ro\\\/51a27c8f-unnamed-file.webp\",\"datePublished\":\"2025-06-16T00:03:51+00:00\",\"dateModified\":\"2025-10-08T15:59:36+00:00\",\"breadcrumb\":{\"@id\":\"https:\\\/\\\/shopatoa.com\\\/ro\\\/keune-style-root-volumizer-spray-styling-si-extra-volum-500-ml\\\/#breadcrumb\"},\"inLanguage\":\"ro-RO\",\"potentialAction\":[{\"@type\":\"ReadAction\",\"target\":[\"https:\\\/\\\/shopatoa.com\\\/ro\\\/keune-style-root-volumizer-spray-styling-si-extra-volum-500-ml\\\/\"]}]},{\"@type\":\"ImageObject\",\"inLanguage\":\"ro-RO\",\"@id\":\"https:\\\/\\\/shopatoa.com\\\/ro\\\/keune-style-root-volumizer-spray-styling-si-extra-volum-500-ml\\\/#primaryimage\",\"url\":\"https:\\\/\\\/storage.googleapis.com\\\/cz-shopatoa-img\\\/ro\\\/51a27c8f-unnamed-file.webp\",\"contentUrl\":\"https:\\\/\\\/storage.googleapis.com\\\/cz-shopatoa-img\\\/ro\\\/51a27c8f-unnamed-file.webp\",\"width\":800,\"height\":800},{\"@type\":\"BreadcrumbList\",\"@id\":\"https:\\\/\\\/shopatoa.com\\\/ro\\\/keune-style-root-volumizer-spray-styling-si-extra-volum-500-ml\\\/#breadcrumb\",\"itemListElement\":[{\"@type\":\"ListItem\",\"position\":1,\"name\":\"Dom\u016f\",\"item\":\"https:\\\/\\\/shopatoa.com\\\/ro\\\/\"},{\"@type\":\"ListItem\",\"position\":2,\"name\":\"Shop\",\"item\":\"https:\\\/\\\/shopatoa.com\\\/ro\\\/shop\\\/\"},{\"@type\":\"ListItem\",\"position\":3,\"name\":\"S\u0103n\u0103tate \u0219i frumuse\u021be\",\"item\":\"https:\\\/\\\/shopatoa.com\\\/ro\\\/sanatate-si-frumusete\\\/\"},{\"@type\":\"ListItem\",\"position\":4,\"name\":\"\u00cengrijire personal\u0103\",\"item\":\"https:\\\/\\\/shopatoa.com\\\/ro\\\/ingrijire-personala\\\/\"},{\"@type\":\"ListItem\",\"position\":5,\"name\":\"\u00cengrijirea p\u0103rului\",\"item\":\"https:\\\/\\\/shopatoa.com\\\/ro\\\/ingrijirea-parului\\\/\"},{\"@type\":\"ListItem\",\"position\":6,\"name\":\"Keune Style Root Volumizer spray styling \u0219i extra volum 500 ml\"}]},{\"@type\":\"WebSite\",\"@id\":\"https:\\\/\\\/shopatoa.com\\\/ro\\\/#website\",\"url\":\"https:\\\/\\\/shopatoa.com\\\/ro\\\/\",\"name\":\"SHOPATOA\",\"description\":\"\",\"publisher\":{\"@id\":\"https:\\\/\\\/shopatoa.com\\\/ro\\\/#organization\"},\"potentialAction\":[{\"@type\":\"SearchAction\",\"target\":{\"@type\":\"EntryPoint\",\"urlTemplate\":\"https:\\\/\\\/shopatoa.com\\\/ro\\\/?s={search_term_string}\"},\"query-input\":{\"@type\":\"PropertyValueSpecification\",\"valueRequired\":true,\"valueName\":\"search_term_string\"}}],\"inLanguage\":\"ro-RO\"},{\"@type\":\"Organization\",\"@id\":\"https:\\\/\\\/shopatoa.com\\\/ro\\\/#organization\",\"name\":\"SHOPATOA\",\"url\":\"https:\\\/\\\/shopatoa.com\\\/ro\\\/\",\"logo\":{\"@type\":\"ImageObject\",\"inLanguage\":\"ro-RO\",\"@id\":\"https:\\\/\\\/shopatoa.com\\\/ro\\\/#\\\/schema\\\/logo\\\/image\\\/\",\"url\":\"https:\\\/\\\/storage.googleapis.com\\\/cz-shopatoa-img\\\/ro\\\/b4dac915-shopatoa_logo.png\",\"contentUrl\":\"https:\\\/\\\/storage.googleapis.com\\\/cz-shopatoa-img\\\/ro\\\/b4dac915-shopatoa_logo.png\",\"width\":416,\"height\":63,\"caption\":\"SHOPATOA\"},\"image\":{\"@id\":\"https:\\\/\\\/shopatoa.com\\\/ro\\\/#\\\/schema\\\/logo\\\/image\\\/\"}}]}<\/script>\n<!-- \/ Yoast SEO plugin. -->","yoast_head_json":{"title":"Keune Style Root Volumizer spray styling \u0219i extra volum 500 ml - SHOPATOA.COM","robots":{"index":"index","follow":"follow","max-snippet":"max-snippet:-1","max-image-preview":"max-image-preview:large","max-video-preview":"max-video-preview:-1"},"canonical":"https:\/\/shopatoa.com\/ro\/keune-style-root-volumizer-spray-styling-si-extra-volum-500-ml\/","og_locale":"ro_RO","og_type":"article","og_title":"Keune Style Root Volumizer spray styling \u0219i extra volum 500 ml - SHOPATOA.COM","og_description":"Keune Style Root Volumizer, 500 ml, Spray pentru volum pentru femei, Spune\u021bi adio p\u0103rului flasc o dat\u0103 pentru totdeauna. Spray pentru volum Keune Style Root Volumizer confer\u0103 volum chiar \u0219i celui mai sub\u021bire p\u0103r \u0219i \u00eel ridic\u0103 de la r\u0103d\u0103cin\u0103, pentru ca acesta s\u0103 par\u0103 instantaneu mai bogat \u0219i mult mai des. Nu \u00eencarc\u0103 p\u0103rul...","og_url":"https:\/\/shopatoa.com\/ro\/keune-style-root-volumizer-spray-styling-si-extra-volum-500-ml\/","og_site_name":"SHOPATOA","article_modified_time":"2025-10-08T15:59:36+00:00","og_image":[{"width":800,"height":800,"url":"https:\/\/storage.googleapis.com\/cz-shopatoa-img\/ro\/51a27c8f-unnamed-file.webp","type":"image\/webp"}],"twitter_card":"summary_large_image","twitter_misc":{"Timp estimat pentru citire":"1 minut"},"schema":{"@context":"https:\/\/schema.org","@graph":[{"@type":"WebPage","@id":"https:\/\/shopatoa.com\/ro\/keune-style-root-volumizer-spray-styling-si-extra-volum-500-ml\/","url":"https:\/\/shopatoa.com\/ro\/keune-style-root-volumizer-spray-styling-si-extra-volum-500-ml\/","name":"Keune Style Root Volumizer spray styling \u0219i extra volum 500 ml - SHOPATOA.COM","isPartOf":{"@id":"https:\/\/shopatoa.com\/ro\/#website"},"primaryImageOfPage":{"@id":"https:\/\/shopatoa.com\/ro\/keune-style-root-volumizer-spray-styling-si-extra-volum-500-ml\/#primaryimage"},"image":{"@id":"https:\/\/shopatoa.com\/ro\/keune-style-root-volumizer-spray-styling-si-extra-volum-500-ml\/#primaryimage"},"thumbnailUrl":"https:\/\/storage.googleapis.com\/cz-shopatoa-img\/ro\/51a27c8f-unnamed-file.webp","datePublished":"2025-06-16T00:03:51+00:00","dateModified":"2025-10-08T15:59:36+00:00","breadcrumb":{"@id":"https:\/\/shopatoa.com\/ro\/keune-style-root-volumizer-spray-styling-si-extra-volum-500-ml\/#breadcrumb"},"inLanguage":"ro-RO","potentialAction":[{"@type":"ReadAction","target":["https:\/\/shopatoa.com\/ro\/keune-style-root-volumizer-spray-styling-si-extra-volum-500-ml\/"]}]},{"@type":"ImageObject","inLanguage":"ro-RO","@id":"https:\/\/shopatoa.com\/ro\/keune-style-root-volumizer-spray-styling-si-extra-volum-500-ml\/#primaryimage","url":"https:\/\/storage.googleapis.com\/cz-shopatoa-img\/ro\/51a27c8f-unnamed-file.webp","contentUrl":"https:\/\/storage.googleapis.com\/cz-shopatoa-img\/ro\/51a27c8f-unnamed-file.webp","width":800,"height":800},{"@type":"BreadcrumbList","@id":"https:\/\/shopatoa.com\/ro\/keune-style-root-volumizer-spray-styling-si-extra-volum-500-ml\/#breadcrumb","itemListElement":[{"@type":"ListItem","position":1,"name":"Dom\u016f","item":"https:\/\/shopatoa.com\/ro\/"},{"@type":"ListItem","position":2,"name":"Shop","item":"https:\/\/shopatoa.com\/ro\/shop\/"},{"@type":"ListItem","position":3,"name":"S\u0103n\u0103tate \u0219i frumuse\u021be","item":"https:\/\/shopatoa.com\/ro\/sanatate-si-frumusete\/"},{"@type":"ListItem","position":4,"name":"\u00cengrijire personal\u0103","item":"https:\/\/shopatoa.com\/ro\/ingrijire-personala\/"},{"@type":"ListItem","position":5,"name":"\u00cengrijirea p\u0103rului","item":"https:\/\/shopatoa.com\/ro\/ingrijirea-parului\/"},{"@type":"ListItem","position":6,"name":"Keune Style Root Volumizer spray styling \u0219i extra volum 500 ml"}]},{"@type":"WebSite","@id":"https:\/\/shopatoa.com\/ro\/#website","url":"https:\/\/shopatoa.com\/ro\/","name":"SHOPATOA","description":"","publisher":{"@id":"https:\/\/shopatoa.com\/ro\/#organization"},"potentialAction":[{"@type":"SearchAction","target":{"@type":"EntryPoint","urlTemplate":"https:\/\/shopatoa.com\/ro\/?s={search_term_string}"},"query-input":{"@type":"PropertyValueSpecification","valueRequired":true,"valueName":"search_term_string"}}],"inLanguage":"ro-RO"},{"@type":"Organization","@id":"https:\/\/shopatoa.com\/ro\/#organization","name":"SHOPATOA","url":"https:\/\/shopatoa.com\/ro\/","logo":{"@type":"ImageObject","inLanguage":"ro-RO","@id":"https:\/\/shopatoa.com\/ro\/#\/schema\/logo\/image\/","url":"https:\/\/storage.googleapis.com\/cz-shopatoa-img\/ro\/b4dac915-shopatoa_logo.png","contentUrl":"https:\/\/storage.googleapis.com\/cz-shopatoa-img\/ro\/b4dac915-shopatoa_logo.png","width":416,"height":63,"caption":"SHOPATOA"},"image":{"@id":"https:\/\/shopatoa.com\/ro\/#\/schema\/logo\/image\/"}}]}},"_links":{"self":[{"href":"https:\/\/shopatoa.com\/ro\/wp-json\/wp\/v2\/product\/380003","targetHints":{"allow":["GET"]}}],"collection":[{"href":"https:\/\/shopatoa.com\/ro\/wp-json\/wp\/v2\/product"}],"about":[{"href":"https:\/\/shopatoa.com\/ro\/wp-json\/wp\/v2\/types\/product"}],"replies":[{"embeddable":true,"href":"https:\/\/shopatoa.com\/ro\/wp-json\/wp\/v2\/comments?post=380003"}],"wp:featuredmedia":[{"embeddable":true,"href":"https:\/\/shopatoa.com\/ro\/wp-json\/wp\/v2\/media\/380004"}],"wp:attachment":[{"href":"https:\/\/shopatoa.com\/ro\/wp-json\/wp\/v2\/media?parent=380003"}],"wp:term":[{"taxonomy":"product_brand","embeddable":true,"href":"https:\/\/shopatoa.com\/ro\/wp-json\/wp\/v2\/product_brand?post=380003"},{"taxonomy":"product_cat","embeddable":true,"href":"https:\/\/shopatoa.com\/ro\/wp-json\/wp\/v2\/product_cat?post=380003"},{"taxonomy":"product_tag","embeddable":true,"href":"https:\/\/shopatoa.com\/ro\/wp-json\/wp\/v2\/product_tag?post=380003"}],"curies":[{"name":"wp","href":"https:\/\/api.w.org\/{rel}","templated":true}]}}