{"id":380111,"date":"2025-06-16T02:26:48","date_gmt":"2025-06-16T00:26:48","guid":{"rendered":"https:\/\/shopatoa.com\/ro\/danessa-myricks-beauty-small-acrylic-palette-paleta-goala-pentru-fard-de-ochi-si-blush-1-buc\/"},"modified":"2025-10-08T17:59:48","modified_gmt":"2025-10-08T15:59:48","slug":"danessa-myricks-beauty-small-acrylic-palette-paleta-goala-pentru-fard-de-ochi-si-blush-1-buc","status":"publish","type":"product","link":"https:\/\/shopatoa.com\/ro\/danessa-myricks-beauty-small-acrylic-palette-paleta-goala-pentru-fard-de-ochi-si-blush-1-buc\/","title":{"rendered":"Danessa Myricks Beauty Small Acrylic Palette paleta goala pentru fard de ochi si blush 1 buc"},"content":{"rendered":"<p>Danessa Myricks Beauty Small Acrylic Palette, 1 buc, cutii pentru cosmetice decorative pentru femei, Trusa pentru cosmetice decorative Danessa Myricks Beauty Small Acrylic Palette ofer\u0103 spa\u021biu pentru propria aranjare a produselor de machiaj preferate. O pute\u021bi completa cu produse cosmetice decorative \u00een func\u021bie de preferin\u021bele dvs. actuale, astfel \u00eenc\u00e2t s\u0103 ave\u021bi \u00eentotdeauna cele mai bune articole la \u00eendem\u00e2n\u0103, inclusiv \u00een c\u0103l\u0103torii. Avantajul este variabilitatea mare \u0219i, prin urmare, posibilitatea de a crea diverse combina\u021bii, dar \u0219i \u00eenchiderea etan\u0219\u0103, datorit\u0103 c\u0103reia nu va c\u0103dea nimic din trus\u0103. Crea\u021bi o palet\u0103 cosmetic\u0103 exact pe gustul dvs. \u2013 alegerea v\u0103 apar\u021bine!  Caracteristici:  ofer\u0103 multe varia\u021bii \u0219i posibilit\u0103\u021bi de combinare<\/p>\n","protected":false},"excerpt":{"rendered":"<p>Danessa Myricks Beauty Small Acrylic Palette, 1 buc, cutii pentru cosmetice decorative pentru femei, Trusa pentru cosmetice decorative Danessa Myricks Beauty Small Acrylic Palette ofer\u0103 spa\u021biu pentru propria aranjare a produselor de machiaj preferate. O pute\u021bi completa cu produse cosmetice decorative \u00een func\u021bie de preferin\u021bele dvs. actuale, astfel \u00eenc\u00e2t s\u0103 ave\u021bi \u00eentotdeauna cele mai bune&#8230;<\/p>\n","protected":false},"featured_media":380112,"comment_status":"closed","ping_status":"open","template":"","meta":{"_acf_changed":false,"_kadence_starter_templates_imported_post":false,"_kad_post_transparent":"","_kad_post_title":"","_kad_post_layout":"","_kad_post_sidebar_id":"","_kad_post_content_style":"","_kad_post_vertical_padding":"","_kad_post_feature":"","_kad_post_feature_position":"","_kad_post_header":false,"_kad_post_footer":false,"_kad_post_classname":""},"product_brand":[1920],"product_cat":[1564,1563,1576,1622,1562],"product_tag":[],"class_list":{"0":"post-380111","1":"product","2":"type-product","3":"status-publish","4":"has-post-thumbnail","6":"product_brand-danessa-myricks-beauty","7":"product_cat-cosmetice-ingrijire-personala","8":"product_cat-ingrijire-personala","9":"product_cat-machiaj","10":"product_cat-machiaj-de-fata","11":"product_cat-sanatate-si-frumusete","12":"pa_gen-female","13":"pa_marime-1-buc","15":"first","16":"instock","17":"product-type-external","18":"entry","19":"content-bg","20":"loop-entry"},"acf":[],"yoast_head":"<!-- This site is optimized with the Yoast SEO plugin v27.4 - https:\/\/yoast.com\/product\/yoast-seo-wordpress\/ -->\n<title>Danessa Myricks Beauty Small Acrylic Palette paleta goala pentru fard de ochi si blush 1 buc - SHOPATOA.COM<\/title>\n<meta name=\"robots\" content=\"index, follow, max-snippet:-1, max-image-preview:large, max-video-preview:-1\" \/>\n<link rel=\"canonical\" href=\"https:\/\/shopatoa.com\/ro\/danessa-myricks-beauty-small-acrylic-palette-paleta-goala-pentru-fard-de-ochi-si-blush-1-buc\/\" \/>\n<meta property=\"og:locale\" content=\"ro_RO\" \/>\n<meta property=\"og:type\" content=\"article\" \/>\n<meta property=\"og:title\" content=\"Danessa Myricks Beauty Small Acrylic Palette paleta goala pentru fard de ochi si blush 1 buc - SHOPATOA.COM\" \/>\n<meta property=\"og:description\" content=\"Danessa Myricks Beauty Small Acrylic Palette, 1 buc, cutii pentru cosmetice decorative pentru femei, Trusa pentru cosmetice decorative Danessa Myricks Beauty Small Acrylic Palette ofer\u0103 spa\u021biu pentru propria aranjare a produselor de machiaj preferate. O pute\u021bi completa cu produse cosmetice decorative \u00een func\u021bie de preferin\u021bele dvs. actuale, astfel \u00eenc\u00e2t s\u0103 ave\u021bi \u00eentotdeauna cele mai bune...\" \/>\n<meta property=\"og:url\" content=\"https:\/\/shopatoa.com\/ro\/danessa-myricks-beauty-small-acrylic-palette-paleta-goala-pentru-fard-de-ochi-si-blush-1-buc\/\" \/>\n<meta property=\"og:site_name\" content=\"SHOPATOA\" \/>\n<meta property=\"article:modified_time\" content=\"2025-10-08T15:59:48+00:00\" \/>\n<meta property=\"og:image\" content=\"https:\/\/storage.googleapis.com\/cz-shopatoa-img\/ro\/5fdd103d-unnamed-file.webp\" \/>\n\t<meta property=\"og:image:width\" content=\"800\" \/>\n\t<meta property=\"og:image:height\" content=\"800\" \/>\n\t<meta property=\"og:image:type\" content=\"image\/webp\" \/>\n<meta name=\"twitter:card\" content=\"summary_large_image\" \/>\n<meta name=\"twitter:label1\" content=\"Timp estimat pentru citire\" \/>\n\t<meta name=\"twitter:data1\" content=\"1 minut\" \/>\n<script type=\"application\/ld+json\" class=\"yoast-schema-graph\">{\"@context\":\"https:\\\/\\\/schema.org\",\"@graph\":[{\"@type\":\"WebPage\",\"@id\":\"https:\\\/\\\/shopatoa.com\\\/ro\\\/danessa-myricks-beauty-small-acrylic-palette-paleta-goala-pentru-fard-de-ochi-si-blush-1-buc\\\/\",\"url\":\"https:\\\/\\\/shopatoa.com\\\/ro\\\/danessa-myricks-beauty-small-acrylic-palette-paleta-goala-pentru-fard-de-ochi-si-blush-1-buc\\\/\",\"name\":\"Danessa Myricks Beauty Small Acrylic Palette paleta goala pentru fard de ochi si blush 1 buc - SHOPATOA.COM\",\"isPartOf\":{\"@id\":\"https:\\\/\\\/shopatoa.com\\\/ro\\\/#website\"},\"primaryImageOfPage\":{\"@id\":\"https:\\\/\\\/shopatoa.com\\\/ro\\\/danessa-myricks-beauty-small-acrylic-palette-paleta-goala-pentru-fard-de-ochi-si-blush-1-buc\\\/#primaryimage\"},\"image\":{\"@id\":\"https:\\\/\\\/shopatoa.com\\\/ro\\\/danessa-myricks-beauty-small-acrylic-palette-paleta-goala-pentru-fard-de-ochi-si-blush-1-buc\\\/#primaryimage\"},\"thumbnailUrl\":\"https:\\\/\\\/storage.googleapis.com\\\/cz-shopatoa-img\\\/ro\\\/5fdd103d-unnamed-file.webp\",\"datePublished\":\"2025-06-16T00:26:48+00:00\",\"dateModified\":\"2025-10-08T15:59:48+00:00\",\"breadcrumb\":{\"@id\":\"https:\\\/\\\/shopatoa.com\\\/ro\\\/danessa-myricks-beauty-small-acrylic-palette-paleta-goala-pentru-fard-de-ochi-si-blush-1-buc\\\/#breadcrumb\"},\"inLanguage\":\"ro-RO\",\"potentialAction\":[{\"@type\":\"ReadAction\",\"target\":[\"https:\\\/\\\/shopatoa.com\\\/ro\\\/danessa-myricks-beauty-small-acrylic-palette-paleta-goala-pentru-fard-de-ochi-si-blush-1-buc\\\/\"]}]},{\"@type\":\"ImageObject\",\"inLanguage\":\"ro-RO\",\"@id\":\"https:\\\/\\\/shopatoa.com\\\/ro\\\/danessa-myricks-beauty-small-acrylic-palette-paleta-goala-pentru-fard-de-ochi-si-blush-1-buc\\\/#primaryimage\",\"url\":\"https:\\\/\\\/storage.googleapis.com\\\/cz-shopatoa-img\\\/ro\\\/5fdd103d-unnamed-file.webp\",\"contentUrl\":\"https:\\\/\\\/storage.googleapis.com\\\/cz-shopatoa-img\\\/ro\\\/5fdd103d-unnamed-file.webp\",\"width\":800,\"height\":800},{\"@type\":\"BreadcrumbList\",\"@id\":\"https:\\\/\\\/shopatoa.com\\\/ro\\\/danessa-myricks-beauty-small-acrylic-palette-paleta-goala-pentru-fard-de-ochi-si-blush-1-buc\\\/#breadcrumb\",\"itemListElement\":[{\"@type\":\"ListItem\",\"position\":1,\"name\":\"Dom\u016f\",\"item\":\"https:\\\/\\\/shopatoa.com\\\/ro\\\/\"},{\"@type\":\"ListItem\",\"position\":2,\"name\":\"Shop\",\"item\":\"https:\\\/\\\/shopatoa.com\\\/ro\\\/shop\\\/\"},{\"@type\":\"ListItem\",\"position\":3,\"name\":\"S\u0103n\u0103tate \u0219i frumuse\u021be\",\"item\":\"https:\\\/\\\/shopatoa.com\\\/ro\\\/sanatate-si-frumusete\\\/\"},{\"@type\":\"ListItem\",\"position\":4,\"name\":\"\u00cengrijire personal\u0103\",\"item\":\"https:\\\/\\\/shopatoa.com\\\/ro\\\/ingrijire-personala\\\/\"},{\"@type\":\"ListItem\",\"position\":5,\"name\":\"Cosmetice\",\"item\":\"https:\\\/\\\/shopatoa.com\\\/ro\\\/cosmetice-ingrijire-personala\\\/\"},{\"@type\":\"ListItem\",\"position\":6,\"name\":\"Machiaj\",\"item\":\"https:\\\/\\\/shopatoa.com\\\/ro\\\/machiaj\\\/\"},{\"@type\":\"ListItem\",\"position\":7,\"name\":\"Machiaj de fa\u021b\u0103\",\"item\":\"https:\\\/\\\/shopatoa.com\\\/ro\\\/machiaj-de-fata\\\/\"},{\"@type\":\"ListItem\",\"position\":8,\"name\":\"Danessa Myricks Beauty Small Acrylic Palette paleta goala pentru fard de ochi si blush 1 buc\"}]},{\"@type\":\"WebSite\",\"@id\":\"https:\\\/\\\/shopatoa.com\\\/ro\\\/#website\",\"url\":\"https:\\\/\\\/shopatoa.com\\\/ro\\\/\",\"name\":\"SHOPATOA\",\"description\":\"\",\"publisher\":{\"@id\":\"https:\\\/\\\/shopatoa.com\\\/ro\\\/#organization\"},\"potentialAction\":[{\"@type\":\"SearchAction\",\"target\":{\"@type\":\"EntryPoint\",\"urlTemplate\":\"https:\\\/\\\/shopatoa.com\\\/ro\\\/?s={search_term_string}\"},\"query-input\":{\"@type\":\"PropertyValueSpecification\",\"valueRequired\":true,\"valueName\":\"search_term_string\"}}],\"inLanguage\":\"ro-RO\"},{\"@type\":\"Organization\",\"@id\":\"https:\\\/\\\/shopatoa.com\\\/ro\\\/#organization\",\"name\":\"SHOPATOA\",\"url\":\"https:\\\/\\\/shopatoa.com\\\/ro\\\/\",\"logo\":{\"@type\":\"ImageObject\",\"inLanguage\":\"ro-RO\",\"@id\":\"https:\\\/\\\/shopatoa.com\\\/ro\\\/#\\\/schema\\\/logo\\\/image\\\/\",\"url\":\"https:\\\/\\\/storage.googleapis.com\\\/cz-shopatoa-img\\\/ro\\\/b4dac915-shopatoa_logo.png\",\"contentUrl\":\"https:\\\/\\\/storage.googleapis.com\\\/cz-shopatoa-img\\\/ro\\\/b4dac915-shopatoa_logo.png\",\"width\":416,\"height\":63,\"caption\":\"SHOPATOA\"},\"image\":{\"@id\":\"https:\\\/\\\/shopatoa.com\\\/ro\\\/#\\\/schema\\\/logo\\\/image\\\/\"}}]}<\/script>\n<!-- \/ Yoast SEO plugin. -->","yoast_head_json":{"title":"Danessa Myricks Beauty Small Acrylic Palette paleta goala pentru fard de ochi si blush 1 buc - SHOPATOA.COM","robots":{"index":"index","follow":"follow","max-snippet":"max-snippet:-1","max-image-preview":"max-image-preview:large","max-video-preview":"max-video-preview:-1"},"canonical":"https:\/\/shopatoa.com\/ro\/danessa-myricks-beauty-small-acrylic-palette-paleta-goala-pentru-fard-de-ochi-si-blush-1-buc\/","og_locale":"ro_RO","og_type":"article","og_title":"Danessa Myricks Beauty Small Acrylic Palette paleta goala pentru fard de ochi si blush 1 buc - SHOPATOA.COM","og_description":"Danessa Myricks Beauty Small Acrylic Palette, 1 buc, cutii pentru cosmetice decorative pentru femei, Trusa pentru cosmetice decorative Danessa Myricks Beauty Small Acrylic Palette ofer\u0103 spa\u021biu pentru propria aranjare a produselor de machiaj preferate. O pute\u021bi completa cu produse cosmetice decorative \u00een func\u021bie de preferin\u021bele dvs. actuale, astfel \u00eenc\u00e2t s\u0103 ave\u021bi \u00eentotdeauna cele mai bune...","og_url":"https:\/\/shopatoa.com\/ro\/danessa-myricks-beauty-small-acrylic-palette-paleta-goala-pentru-fard-de-ochi-si-blush-1-buc\/","og_site_name":"SHOPATOA","article_modified_time":"2025-10-08T15:59:48+00:00","og_image":[{"width":800,"height":800,"url":"https:\/\/storage.googleapis.com\/cz-shopatoa-img\/ro\/5fdd103d-unnamed-file.webp","type":"image\/webp"}],"twitter_card":"summary_large_image","twitter_misc":{"Timp estimat pentru citire":"1 minut"},"schema":{"@context":"https:\/\/schema.org","@graph":[{"@type":"WebPage","@id":"https:\/\/shopatoa.com\/ro\/danessa-myricks-beauty-small-acrylic-palette-paleta-goala-pentru-fard-de-ochi-si-blush-1-buc\/","url":"https:\/\/shopatoa.com\/ro\/danessa-myricks-beauty-small-acrylic-palette-paleta-goala-pentru-fard-de-ochi-si-blush-1-buc\/","name":"Danessa Myricks Beauty Small Acrylic Palette paleta goala pentru fard de ochi si blush 1 buc - SHOPATOA.COM","isPartOf":{"@id":"https:\/\/shopatoa.com\/ro\/#website"},"primaryImageOfPage":{"@id":"https:\/\/shopatoa.com\/ro\/danessa-myricks-beauty-small-acrylic-palette-paleta-goala-pentru-fard-de-ochi-si-blush-1-buc\/#primaryimage"},"image":{"@id":"https:\/\/shopatoa.com\/ro\/danessa-myricks-beauty-small-acrylic-palette-paleta-goala-pentru-fard-de-ochi-si-blush-1-buc\/#primaryimage"},"thumbnailUrl":"https:\/\/storage.googleapis.com\/cz-shopatoa-img\/ro\/5fdd103d-unnamed-file.webp","datePublished":"2025-06-16T00:26:48+00:00","dateModified":"2025-10-08T15:59:48+00:00","breadcrumb":{"@id":"https:\/\/shopatoa.com\/ro\/danessa-myricks-beauty-small-acrylic-palette-paleta-goala-pentru-fard-de-ochi-si-blush-1-buc\/#breadcrumb"},"inLanguage":"ro-RO","potentialAction":[{"@type":"ReadAction","target":["https:\/\/shopatoa.com\/ro\/danessa-myricks-beauty-small-acrylic-palette-paleta-goala-pentru-fard-de-ochi-si-blush-1-buc\/"]}]},{"@type":"ImageObject","inLanguage":"ro-RO","@id":"https:\/\/shopatoa.com\/ro\/danessa-myricks-beauty-small-acrylic-palette-paleta-goala-pentru-fard-de-ochi-si-blush-1-buc\/#primaryimage","url":"https:\/\/storage.googleapis.com\/cz-shopatoa-img\/ro\/5fdd103d-unnamed-file.webp","contentUrl":"https:\/\/storage.googleapis.com\/cz-shopatoa-img\/ro\/5fdd103d-unnamed-file.webp","width":800,"height":800},{"@type":"BreadcrumbList","@id":"https:\/\/shopatoa.com\/ro\/danessa-myricks-beauty-small-acrylic-palette-paleta-goala-pentru-fard-de-ochi-si-blush-1-buc\/#breadcrumb","itemListElement":[{"@type":"ListItem","position":1,"name":"Dom\u016f","item":"https:\/\/shopatoa.com\/ro\/"},{"@type":"ListItem","position":2,"name":"Shop","item":"https:\/\/shopatoa.com\/ro\/shop\/"},{"@type":"ListItem","position":3,"name":"S\u0103n\u0103tate \u0219i frumuse\u021be","item":"https:\/\/shopatoa.com\/ro\/sanatate-si-frumusete\/"},{"@type":"ListItem","position":4,"name":"\u00cengrijire personal\u0103","item":"https:\/\/shopatoa.com\/ro\/ingrijire-personala\/"},{"@type":"ListItem","position":5,"name":"Cosmetice","item":"https:\/\/shopatoa.com\/ro\/cosmetice-ingrijire-personala\/"},{"@type":"ListItem","position":6,"name":"Machiaj","item":"https:\/\/shopatoa.com\/ro\/machiaj\/"},{"@type":"ListItem","position":7,"name":"Machiaj de fa\u021b\u0103","item":"https:\/\/shopatoa.com\/ro\/machiaj-de-fata\/"},{"@type":"ListItem","position":8,"name":"Danessa Myricks Beauty Small Acrylic Palette paleta goala pentru fard de ochi si blush 1 buc"}]},{"@type":"WebSite","@id":"https:\/\/shopatoa.com\/ro\/#website","url":"https:\/\/shopatoa.com\/ro\/","name":"SHOPATOA","description":"","publisher":{"@id":"https:\/\/shopatoa.com\/ro\/#organization"},"potentialAction":[{"@type":"SearchAction","target":{"@type":"EntryPoint","urlTemplate":"https:\/\/shopatoa.com\/ro\/?s={search_term_string}"},"query-input":{"@type":"PropertyValueSpecification","valueRequired":true,"valueName":"search_term_string"}}],"inLanguage":"ro-RO"},{"@type":"Organization","@id":"https:\/\/shopatoa.com\/ro\/#organization","name":"SHOPATOA","url":"https:\/\/shopatoa.com\/ro\/","logo":{"@type":"ImageObject","inLanguage":"ro-RO","@id":"https:\/\/shopatoa.com\/ro\/#\/schema\/logo\/image\/","url":"https:\/\/storage.googleapis.com\/cz-shopatoa-img\/ro\/b4dac915-shopatoa_logo.png","contentUrl":"https:\/\/storage.googleapis.com\/cz-shopatoa-img\/ro\/b4dac915-shopatoa_logo.png","width":416,"height":63,"caption":"SHOPATOA"},"image":{"@id":"https:\/\/shopatoa.com\/ro\/#\/schema\/logo\/image\/"}}]}},"_links":{"self":[{"href":"https:\/\/shopatoa.com\/ro\/wp-json\/wp\/v2\/product\/380111","targetHints":{"allow":["GET"]}}],"collection":[{"href":"https:\/\/shopatoa.com\/ro\/wp-json\/wp\/v2\/product"}],"about":[{"href":"https:\/\/shopatoa.com\/ro\/wp-json\/wp\/v2\/types\/product"}],"replies":[{"embeddable":true,"href":"https:\/\/shopatoa.com\/ro\/wp-json\/wp\/v2\/comments?post=380111"}],"wp:featuredmedia":[{"embeddable":true,"href":"https:\/\/shopatoa.com\/ro\/wp-json\/wp\/v2\/media\/380112"}],"wp:attachment":[{"href":"https:\/\/shopatoa.com\/ro\/wp-json\/wp\/v2\/media?parent=380111"}],"wp:term":[{"taxonomy":"product_brand","embeddable":true,"href":"https:\/\/shopatoa.com\/ro\/wp-json\/wp\/v2\/product_brand?post=380111"},{"taxonomy":"product_cat","embeddable":true,"href":"https:\/\/shopatoa.com\/ro\/wp-json\/wp\/v2\/product_cat?post=380111"},{"taxonomy":"product_tag","embeddable":true,"href":"https:\/\/shopatoa.com\/ro\/wp-json\/wp\/v2\/product_tag?post=380111"}],"curies":[{"name":"wp","href":"https:\/\/api.w.org\/{rel}","templated":true}]}}