{"id":380153,"date":"2025-06-16T02:30:32","date_gmt":"2025-06-16T00:30:32","guid":{"rendered":"https:\/\/shopatoa.com\/ro\/so-eco-ceramic-round-brush-perie-termoceramica-pentru-par-o-53-mm-1-buc\/"},"modified":"2025-12-12T08:54:58","modified_gmt":"2025-12-12T07:54:58","slug":"so-eco-ceramic-round-brush-perie-termoceramica-pentru-par-o-53-mm-1-buc","status":"publish","type":"product","link":"https:\/\/shopatoa.com\/ro\/so-eco-ceramic-round-brush-perie-termoceramica-pentru-par-o-53-mm-1-buc\/","title":{"rendered":"So Eco Ceramic Round Brush perie termoceramic\u0103 pentru p\u0103r \u00d8 53 mm 1 buc"},"content":{"rendered":"<p>So Eco Ceramic Round Brush, 1 buc, Perii cilindrice pentru femei, Pentru aranjarea p\u0103rului \u00een timpul usc\u0103rii cu usc\u0103torul, este ideal\u0103 peria de p\u0103r rotund\u0103 So Eco Ceramic Round Brush . Ca instrument indispensabil pentru uscarea regulat\u0103 a p\u0103rului, v\u0103 va ajuta s\u0103 crea\u021bi o coafur\u0103 voluminoas\u0103 \u0219i bogat\u0103, care va fi admirat\u0103 \u0219i se va bucura de succes. Este suficient s\u0103 piept\u0103na\u021bi fiecare \u0219uvi\u021b\u0103 \u00een parte, \u00een timp ce l\u0103sa\u021bi aerul cald al usc\u0103torului s\u0103 p\u0103trund\u0103 prin ele. Ve\u021bi ob\u021bine un p\u0103r neted \u0219i catifelat, precum \u0219i o coafur\u0103 voluminoas\u0103 \u0219i aerisit\u0103 \u00een cel mai scurt timp.  Caracteristici:  Este ideal\u0103 pentru aranjarea p\u0103rului \u00een timpul usc\u0103rii prin suflare ajut\u0103 la definirea formei dorite peria este ideal\u0103 pentru a crea bucle \u0219i onduleuri aranjeaz\u0103 p\u0103rul f\u0103r\u0103 s\u0103 trag\u0103 nepl\u0103cut  Cum se utilizeaz\u0103: Folosi\u021bi \u00eempreun\u0103 cu un usc\u0103tor de p\u0103r pentru a usca \u0219i modela coafura.<\/p>\n","protected":false},"excerpt":{"rendered":"<p>So Eco Ceramic Round Brush, 1 buc, Perii cilindrice pentru femei, Pentru aranjarea p\u0103rului \u00een timpul usc\u0103rii cu usc\u0103torul, este ideal\u0103 peria de p\u0103r rotund\u0103 So Eco Ceramic Round Brush . Ca instrument indispensabil pentru uscarea regulat\u0103 a p\u0103rului, v\u0103 va ajuta s\u0103 crea\u021bi o coafur\u0103 voluminoas\u0103 \u0219i bogat\u0103, care va fi admirat\u0103 \u0219i se&#8230;<\/p>\n","protected":false},"featured_media":380154,"comment_status":"closed","ping_status":"open","template":"","meta":{"_acf_changed":false,"_kadence_starter_templates_imported_post":false,"_kad_post_transparent":"","_kad_post_title":"","_kad_post_layout":"","_kad_post_sidebar_id":"","_kad_post_content_style":"","_kad_post_vertical_padding":"","_kad_post_feature":"","_kad_post_feature_position":"","_kad_post_header":false,"_kad_post_footer":false,"_kad_post_classname":""},"product_brand":[1767],"product_cat":[1729,1730,1728,1731],"product_tag":[],"class_list":{"0":"post-380153","1":"product","2":"type-product","3":"status-publish","4":"has-post-thumbnail","6":"product_brand-so-eco","7":"product_cat-accesorii-de-imbracaminte","8":"product_cat-accesorii-de-par-accesorii-de-imbracaminte","9":"product_cat-imbracaminte-si-accesorii","10":"product_cat-piepteni-de-par","11":"pa_gen-female","12":"pa_marime-1-buc","14":"first","15":"instock","16":"sale","17":"product-type-external","18":"entry","19":"content-bg","20":"loop-entry"},"acf":[],"yoast_head":"<!-- This site is optimized with the Yoast SEO plugin v27.3 - https:\/\/yoast.com\/product\/yoast-seo-wordpress\/ -->\n<title>So Eco Ceramic Round Brush perie termoceramic\u0103 pentru p\u0103r \u00d8 53 mm 1 buc - SHOPATOA.COM<\/title>\n<meta name=\"robots\" content=\"index, follow, max-snippet:-1, max-image-preview:large, max-video-preview:-1\" \/>\n<link rel=\"canonical\" href=\"https:\/\/shopatoa.com\/ro\/so-eco-ceramic-round-brush-perie-termoceramica-pentru-par-o-53-mm-1-buc\/\" \/>\n<meta property=\"og:locale\" content=\"ro_RO\" \/>\n<meta property=\"og:type\" content=\"article\" \/>\n<meta property=\"og:title\" content=\"So Eco Ceramic Round Brush perie termoceramic\u0103 pentru p\u0103r \u00d8 53 mm 1 buc - SHOPATOA.COM\" \/>\n<meta property=\"og:description\" content=\"So Eco Ceramic Round Brush, 1 buc, Perii cilindrice pentru femei, Pentru aranjarea p\u0103rului \u00een timpul usc\u0103rii cu usc\u0103torul, este ideal\u0103 peria de p\u0103r rotund\u0103 So Eco Ceramic Round Brush . Ca instrument indispensabil pentru uscarea regulat\u0103 a p\u0103rului, v\u0103 va ajuta s\u0103 crea\u021bi o coafur\u0103 voluminoas\u0103 \u0219i bogat\u0103, care va fi admirat\u0103 \u0219i se...\" \/>\n<meta property=\"og:url\" content=\"https:\/\/shopatoa.com\/ro\/so-eco-ceramic-round-brush-perie-termoceramica-pentru-par-o-53-mm-1-buc\/\" \/>\n<meta property=\"og:site_name\" content=\"SHOPATOA\" \/>\n<meta property=\"article:modified_time\" content=\"2025-12-12T07:54:58+00:00\" \/>\n<meta property=\"og:image\" content=\"https:\/\/storage.googleapis.com\/cz-shopatoa-img\/ro\/9835d8b3-unnamed-file.webp\" \/>\n\t<meta property=\"og:image:width\" content=\"800\" \/>\n\t<meta property=\"og:image:height\" content=\"800\" \/>\n\t<meta property=\"og:image:type\" content=\"image\/webp\" \/>\n<meta name=\"twitter:card\" content=\"summary_large_image\" \/>\n<meta name=\"twitter:label1\" content=\"Timp estimat pentru citire\" \/>\n\t<meta name=\"twitter:data1\" content=\"1 minut\" \/>\n<script type=\"application\/ld+json\" class=\"yoast-schema-graph\">{\"@context\":\"https:\\\/\\\/schema.org\",\"@graph\":[{\"@type\":\"WebPage\",\"@id\":\"https:\\\/\\\/shopatoa.com\\\/ro\\\/so-eco-ceramic-round-brush-perie-termoceramica-pentru-par-o-53-mm-1-buc\\\/\",\"url\":\"https:\\\/\\\/shopatoa.com\\\/ro\\\/so-eco-ceramic-round-brush-perie-termoceramica-pentru-par-o-53-mm-1-buc\\\/\",\"name\":\"So Eco Ceramic Round Brush perie termoceramic\u0103 pentru p\u0103r \u00d8 53 mm 1 buc - SHOPATOA.COM\",\"isPartOf\":{\"@id\":\"https:\\\/\\\/shopatoa.com\\\/ro\\\/#website\"},\"primaryImageOfPage\":{\"@id\":\"https:\\\/\\\/shopatoa.com\\\/ro\\\/so-eco-ceramic-round-brush-perie-termoceramica-pentru-par-o-53-mm-1-buc\\\/#primaryimage\"},\"image\":{\"@id\":\"https:\\\/\\\/shopatoa.com\\\/ro\\\/so-eco-ceramic-round-brush-perie-termoceramica-pentru-par-o-53-mm-1-buc\\\/#primaryimage\"},\"thumbnailUrl\":\"https:\\\/\\\/storage.googleapis.com\\\/cz-shopatoa-img\\\/ro\\\/9835d8b3-unnamed-file.webp\",\"datePublished\":\"2025-06-16T00:30:32+00:00\",\"dateModified\":\"2025-12-12T07:54:58+00:00\",\"breadcrumb\":{\"@id\":\"https:\\\/\\\/shopatoa.com\\\/ro\\\/so-eco-ceramic-round-brush-perie-termoceramica-pentru-par-o-53-mm-1-buc\\\/#breadcrumb\"},\"inLanguage\":\"ro-RO\",\"potentialAction\":[{\"@type\":\"ReadAction\",\"target\":[\"https:\\\/\\\/shopatoa.com\\\/ro\\\/so-eco-ceramic-round-brush-perie-termoceramica-pentru-par-o-53-mm-1-buc\\\/\"]}]},{\"@type\":\"ImageObject\",\"inLanguage\":\"ro-RO\",\"@id\":\"https:\\\/\\\/shopatoa.com\\\/ro\\\/so-eco-ceramic-round-brush-perie-termoceramica-pentru-par-o-53-mm-1-buc\\\/#primaryimage\",\"url\":\"https:\\\/\\\/storage.googleapis.com\\\/cz-shopatoa-img\\\/ro\\\/9835d8b3-unnamed-file.webp\",\"contentUrl\":\"https:\\\/\\\/storage.googleapis.com\\\/cz-shopatoa-img\\\/ro\\\/9835d8b3-unnamed-file.webp\",\"width\":800,\"height\":800},{\"@type\":\"BreadcrumbList\",\"@id\":\"https:\\\/\\\/shopatoa.com\\\/ro\\\/so-eco-ceramic-round-brush-perie-termoceramica-pentru-par-o-53-mm-1-buc\\\/#breadcrumb\",\"itemListElement\":[{\"@type\":\"ListItem\",\"position\":1,\"name\":\"Dom\u016f\",\"item\":\"https:\\\/\\\/shopatoa.com\\\/ro\\\/\"},{\"@type\":\"ListItem\",\"position\":2,\"name\":\"Shop\",\"item\":\"https:\\\/\\\/shopatoa.com\\\/ro\\\/shop\\\/\"},{\"@type\":\"ListItem\",\"position\":3,\"name\":\"\u00cembr\u0103c\u0103minte \u0219i accesorii\",\"item\":\"https:\\\/\\\/shopatoa.com\\\/ro\\\/imbracaminte-si-accesorii\\\/\"},{\"@type\":\"ListItem\",\"position\":4,\"name\":\"Accesorii de \u00eembr\u0103c\u0103minte\",\"item\":\"https:\\\/\\\/shopatoa.com\\\/ro\\\/accesorii-de-imbracaminte\\\/\"},{\"@type\":\"ListItem\",\"position\":5,\"name\":\"Accesorii de p\u0103r\",\"item\":\"https:\\\/\\\/shopatoa.com\\\/ro\\\/accesorii-de-par-accesorii-de-imbracaminte\\\/\"},{\"@type\":\"ListItem\",\"position\":6,\"name\":\"Piepteni de p\u0103r\",\"item\":\"https:\\\/\\\/shopatoa.com\\\/ro\\\/piepteni-de-par\\\/\"},{\"@type\":\"ListItem\",\"position\":7,\"name\":\"So Eco Ceramic Round Brush perie termoceramic\u0103 pentru p\u0103r \u00d8 53 mm 1 buc\"}]},{\"@type\":\"WebSite\",\"@id\":\"https:\\\/\\\/shopatoa.com\\\/ro\\\/#website\",\"url\":\"https:\\\/\\\/shopatoa.com\\\/ro\\\/\",\"name\":\"SHOPATOA\",\"description\":\"\",\"publisher\":{\"@id\":\"https:\\\/\\\/shopatoa.com\\\/ro\\\/#organization\"},\"potentialAction\":[{\"@type\":\"SearchAction\",\"target\":{\"@type\":\"EntryPoint\",\"urlTemplate\":\"https:\\\/\\\/shopatoa.com\\\/ro\\\/?s={search_term_string}\"},\"query-input\":{\"@type\":\"PropertyValueSpecification\",\"valueRequired\":true,\"valueName\":\"search_term_string\"}}],\"inLanguage\":\"ro-RO\"},{\"@type\":\"Organization\",\"@id\":\"https:\\\/\\\/shopatoa.com\\\/ro\\\/#organization\",\"name\":\"SHOPATOA\",\"url\":\"https:\\\/\\\/shopatoa.com\\\/ro\\\/\",\"logo\":{\"@type\":\"ImageObject\",\"inLanguage\":\"ro-RO\",\"@id\":\"https:\\\/\\\/shopatoa.com\\\/ro\\\/#\\\/schema\\\/logo\\\/image\\\/\",\"url\":\"https:\\\/\\\/storage.googleapis.com\\\/cz-shopatoa-img\\\/ro\\\/b4dac915-shopatoa_logo.png\",\"contentUrl\":\"https:\\\/\\\/storage.googleapis.com\\\/cz-shopatoa-img\\\/ro\\\/b4dac915-shopatoa_logo.png\",\"width\":416,\"height\":63,\"caption\":\"SHOPATOA\"},\"image\":{\"@id\":\"https:\\\/\\\/shopatoa.com\\\/ro\\\/#\\\/schema\\\/logo\\\/image\\\/\"}}]}<\/script>\n<!-- \/ Yoast SEO plugin. -->","yoast_head_json":{"title":"So Eco Ceramic Round Brush perie termoceramic\u0103 pentru p\u0103r \u00d8 53 mm 1 buc - SHOPATOA.COM","robots":{"index":"index","follow":"follow","max-snippet":"max-snippet:-1","max-image-preview":"max-image-preview:large","max-video-preview":"max-video-preview:-1"},"canonical":"https:\/\/shopatoa.com\/ro\/so-eco-ceramic-round-brush-perie-termoceramica-pentru-par-o-53-mm-1-buc\/","og_locale":"ro_RO","og_type":"article","og_title":"So Eco Ceramic Round Brush perie termoceramic\u0103 pentru p\u0103r \u00d8 53 mm 1 buc - SHOPATOA.COM","og_description":"So Eco Ceramic Round Brush, 1 buc, Perii cilindrice pentru femei, Pentru aranjarea p\u0103rului \u00een timpul usc\u0103rii cu usc\u0103torul, este ideal\u0103 peria de p\u0103r rotund\u0103 So Eco Ceramic Round Brush . Ca instrument indispensabil pentru uscarea regulat\u0103 a p\u0103rului, v\u0103 va ajuta s\u0103 crea\u021bi o coafur\u0103 voluminoas\u0103 \u0219i bogat\u0103, care va fi admirat\u0103 \u0219i se...","og_url":"https:\/\/shopatoa.com\/ro\/so-eco-ceramic-round-brush-perie-termoceramica-pentru-par-o-53-mm-1-buc\/","og_site_name":"SHOPATOA","article_modified_time":"2025-12-12T07:54:58+00:00","og_image":[{"width":800,"height":800,"url":"https:\/\/storage.googleapis.com\/cz-shopatoa-img\/ro\/9835d8b3-unnamed-file.webp","type":"image\/webp"}],"twitter_card":"summary_large_image","twitter_misc":{"Timp estimat pentru citire":"1 minut"},"schema":{"@context":"https:\/\/schema.org","@graph":[{"@type":"WebPage","@id":"https:\/\/shopatoa.com\/ro\/so-eco-ceramic-round-brush-perie-termoceramica-pentru-par-o-53-mm-1-buc\/","url":"https:\/\/shopatoa.com\/ro\/so-eco-ceramic-round-brush-perie-termoceramica-pentru-par-o-53-mm-1-buc\/","name":"So Eco Ceramic Round Brush perie termoceramic\u0103 pentru p\u0103r \u00d8 53 mm 1 buc - SHOPATOA.COM","isPartOf":{"@id":"https:\/\/shopatoa.com\/ro\/#website"},"primaryImageOfPage":{"@id":"https:\/\/shopatoa.com\/ro\/so-eco-ceramic-round-brush-perie-termoceramica-pentru-par-o-53-mm-1-buc\/#primaryimage"},"image":{"@id":"https:\/\/shopatoa.com\/ro\/so-eco-ceramic-round-brush-perie-termoceramica-pentru-par-o-53-mm-1-buc\/#primaryimage"},"thumbnailUrl":"https:\/\/storage.googleapis.com\/cz-shopatoa-img\/ro\/9835d8b3-unnamed-file.webp","datePublished":"2025-06-16T00:30:32+00:00","dateModified":"2025-12-12T07:54:58+00:00","breadcrumb":{"@id":"https:\/\/shopatoa.com\/ro\/so-eco-ceramic-round-brush-perie-termoceramica-pentru-par-o-53-mm-1-buc\/#breadcrumb"},"inLanguage":"ro-RO","potentialAction":[{"@type":"ReadAction","target":["https:\/\/shopatoa.com\/ro\/so-eco-ceramic-round-brush-perie-termoceramica-pentru-par-o-53-mm-1-buc\/"]}]},{"@type":"ImageObject","inLanguage":"ro-RO","@id":"https:\/\/shopatoa.com\/ro\/so-eco-ceramic-round-brush-perie-termoceramica-pentru-par-o-53-mm-1-buc\/#primaryimage","url":"https:\/\/storage.googleapis.com\/cz-shopatoa-img\/ro\/9835d8b3-unnamed-file.webp","contentUrl":"https:\/\/storage.googleapis.com\/cz-shopatoa-img\/ro\/9835d8b3-unnamed-file.webp","width":800,"height":800},{"@type":"BreadcrumbList","@id":"https:\/\/shopatoa.com\/ro\/so-eco-ceramic-round-brush-perie-termoceramica-pentru-par-o-53-mm-1-buc\/#breadcrumb","itemListElement":[{"@type":"ListItem","position":1,"name":"Dom\u016f","item":"https:\/\/shopatoa.com\/ro\/"},{"@type":"ListItem","position":2,"name":"Shop","item":"https:\/\/shopatoa.com\/ro\/shop\/"},{"@type":"ListItem","position":3,"name":"\u00cembr\u0103c\u0103minte \u0219i accesorii","item":"https:\/\/shopatoa.com\/ro\/imbracaminte-si-accesorii\/"},{"@type":"ListItem","position":4,"name":"Accesorii de \u00eembr\u0103c\u0103minte","item":"https:\/\/shopatoa.com\/ro\/accesorii-de-imbracaminte\/"},{"@type":"ListItem","position":5,"name":"Accesorii de p\u0103r","item":"https:\/\/shopatoa.com\/ro\/accesorii-de-par-accesorii-de-imbracaminte\/"},{"@type":"ListItem","position":6,"name":"Piepteni de p\u0103r","item":"https:\/\/shopatoa.com\/ro\/piepteni-de-par\/"},{"@type":"ListItem","position":7,"name":"So Eco Ceramic Round Brush perie termoceramic\u0103 pentru p\u0103r \u00d8 53 mm 1 buc"}]},{"@type":"WebSite","@id":"https:\/\/shopatoa.com\/ro\/#website","url":"https:\/\/shopatoa.com\/ro\/","name":"SHOPATOA","description":"","publisher":{"@id":"https:\/\/shopatoa.com\/ro\/#organization"},"potentialAction":[{"@type":"SearchAction","target":{"@type":"EntryPoint","urlTemplate":"https:\/\/shopatoa.com\/ro\/?s={search_term_string}"},"query-input":{"@type":"PropertyValueSpecification","valueRequired":true,"valueName":"search_term_string"}}],"inLanguage":"ro-RO"},{"@type":"Organization","@id":"https:\/\/shopatoa.com\/ro\/#organization","name":"SHOPATOA","url":"https:\/\/shopatoa.com\/ro\/","logo":{"@type":"ImageObject","inLanguage":"ro-RO","@id":"https:\/\/shopatoa.com\/ro\/#\/schema\/logo\/image\/","url":"https:\/\/storage.googleapis.com\/cz-shopatoa-img\/ro\/b4dac915-shopatoa_logo.png","contentUrl":"https:\/\/storage.googleapis.com\/cz-shopatoa-img\/ro\/b4dac915-shopatoa_logo.png","width":416,"height":63,"caption":"SHOPATOA"},"image":{"@id":"https:\/\/shopatoa.com\/ro\/#\/schema\/logo\/image\/"}}]}},"_links":{"self":[{"href":"https:\/\/shopatoa.com\/ro\/wp-json\/wp\/v2\/product\/380153","targetHints":{"allow":["GET"]}}],"collection":[{"href":"https:\/\/shopatoa.com\/ro\/wp-json\/wp\/v2\/product"}],"about":[{"href":"https:\/\/shopatoa.com\/ro\/wp-json\/wp\/v2\/types\/product"}],"replies":[{"embeddable":true,"href":"https:\/\/shopatoa.com\/ro\/wp-json\/wp\/v2\/comments?post=380153"}],"wp:featuredmedia":[{"embeddable":true,"href":"https:\/\/shopatoa.com\/ro\/wp-json\/wp\/v2\/media\/380154"}],"wp:attachment":[{"href":"https:\/\/shopatoa.com\/ro\/wp-json\/wp\/v2\/media?parent=380153"}],"wp:term":[{"taxonomy":"product_brand","embeddable":true,"href":"https:\/\/shopatoa.com\/ro\/wp-json\/wp\/v2\/product_brand?post=380153"},{"taxonomy":"product_cat","embeddable":true,"href":"https:\/\/shopatoa.com\/ro\/wp-json\/wp\/v2\/product_cat?post=380153"},{"taxonomy":"product_tag","embeddable":true,"href":"https:\/\/shopatoa.com\/ro\/wp-json\/wp\/v2\/product_tag?post=380153"}],"curies":[{"name":"wp","href":"https:\/\/api.w.org\/{rel}","templated":true}]}}