{"id":380575,"date":"2025-06-16T03:30:02","date_gmt":"2025-06-16T01:30:02","guid":{"rendered":"https:\/\/shopatoa.com\/ro\/etude-sunprise-mild-airy-finish-fluid-protector-cu-minerale-pentru-fata-spf-50-55-ml\/"},"modified":"2025-11-18T06:13:22","modified_gmt":"2025-11-18T05:13:22","slug":"etude-sunprise-mild-airy-finish-fluid-protector-cu-minerale-pentru-fata-spf-50-55-ml","status":"publish","type":"product","link":"https:\/\/shopatoa.com\/ro\/etude-sunprise-mild-airy-finish-fluid-protector-cu-minerale-pentru-fata-spf-50-55-ml\/","title":{"rendered":"ETUDE Sunprise Mild Airy Finish fluid protector cu minerale pentru fata SPF 50+ 55 ml"},"content":{"rendered":"<p>ETUDE Sunprise Mild Airy Finish, 55 ml, Protec\u021bie contra radia\u021biilor solare pentru femei, Proteja\u021bi-v\u0103 tenul \u00eempotriva \u00eemb\u0103tr\u00e2nirii premature \u0219i a altor afec\u021biuni cauzate de expunerea la soare. Tenul delicat al fe\u021bei este mult mai sensibil dec\u00e2t pielea celorlalte zone ale corpului \u0219i este expus la razele soarelui pe tot parcursul anului \u2013 de aceea este foarte important s\u0103 nu-i subestima\u021bi protec\u021bia. Produsul cu filtru UV mineral ETUDE Sunprise Mild Airy Finish creeaz\u0103 la nivelul tenului o barier\u0103, care asigur\u0103 protec\u021bie eficient\u0103 \u00eempotriva radia\u021biilor UV, ajut\u00e2ndu-v\u0103 s\u0103 preveni\u021bi nu doar arsurile solare sau petele pigmentare, ci \u0219i reducerea elasticit\u0103\u021bii, pierderea colagenului \u0219i alte semne de \u00eemb\u0103tr\u00e2nire a tenului.  Caracteristici:  protejeaz\u0103 pielea fa\u021b\u0103 de radia\u021biile UVA \u0219i UVB previne pigmentarea inegal\u0103 a pielii filtrele minerale UV &#8211; r\u0103m\u00e2n pe suprafa\u021ba pielii \u0219i reflect\u0103 razele solare produsul este prietenos cu pielea \u0219i cu mediul \u00eenconjur\u0103tor aplicare u\u0219oar\u0103 \u0219i rapid\u0103 se aplic\u0103 u\u0219or \u0219i nu las\u0103 o pelicul\u0103 gras\u0103 se recomand\u0103 pentru tenul sensibil  Ingrediente:  produs vegan Nu con\u021bine filtre UV chimice oxid de zinc \u2013 ofer\u0103 protec\u021bie \u00eempotriva radia\u021biilor UVA \u0219i UVB testat dermatologic  Cum se utilizeaz\u0103: Se aplic\u0103 pe pielea curat\u0103, \u00eenainte de expunerea la soare. Se repet\u0103 dac\u0103 este necesar, \u00een special dup\u0103 \u00eemb\u0103iere, \u00een caz de transpira\u021bie \u0219i dup\u0103 uscarea pielii cu prosopul. Produsul de protec\u021bie trebuie aplicat \u00een cantitate suficient\u0103.<\/p>\n","protected":false},"excerpt":{"rendered":"<p>ETUDE Sunprise Mild Airy Finish, 55 ml, Protec\u021bie contra radia\u021biilor solare pentru femei, Proteja\u021bi-v\u0103 tenul \u00eempotriva \u00eemb\u0103tr\u00e2nirii premature \u0219i a altor afec\u021biuni cauzate de expunerea la soare. Tenul delicat al fe\u021bei este mult mai sensibil dec\u00e2t pielea celorlalte zone ale corpului \u0219i este expus la razele soarelui pe tot parcursul anului \u2013 de aceea este&#8230;<\/p>\n","protected":false},"featured_media":380576,"comment_status":"closed","ping_status":"open","template":"","meta":{"_acf_changed":false,"_kadence_starter_templates_imported_post":false,"_kad_post_transparent":"","_kad_post_title":"","_kad_post_layout":"","_kad_post_sidebar_id":"","_kad_post_content_style":"","_kad_post_vertical_padding":"","_kad_post_feature":"","_kad_post_feature_position":"","_kad_post_header":false,"_kad_post_footer":false,"_kad_post_classname":""},"product_brand":[1988],"product_cat":[1564,1563,1565,1562],"product_tag":[],"class_list":{"0":"post-380575","1":"product","2":"type-product","3":"status-publish","4":"has-post-thumbnail","6":"product_brand-etude","7":"product_cat-cosmetice-ingrijire-personala","8":"product_cat-ingrijire-personala","9":"product_cat-ingrijirea-pielii","10":"product_cat-sanatate-si-frumusete","11":"pa_gen-female","12":"pa_marime-55-ml","14":"first","15":"instock","16":"sale","17":"product-type-external","18":"entry","19":"content-bg","20":"loop-entry"},"acf":[],"yoast_head":"<!-- This site is optimized with the Yoast SEO plugin v27.4 - https:\/\/yoast.com\/product\/yoast-seo-wordpress\/ -->\n<title>ETUDE Sunprise Mild Airy Finish fluid protector cu minerale pentru fata SPF 50+ 55 ml - SHOPATOA.COM<\/title>\n<meta name=\"robots\" content=\"index, follow, max-snippet:-1, max-image-preview:large, max-video-preview:-1\" \/>\n<link rel=\"canonical\" href=\"https:\/\/shopatoa.com\/ro\/etude-sunprise-mild-airy-finish-fluid-protector-cu-minerale-pentru-fata-spf-50-55-ml\/\" \/>\n<meta property=\"og:locale\" content=\"ro_RO\" \/>\n<meta property=\"og:type\" content=\"article\" \/>\n<meta property=\"og:title\" content=\"ETUDE Sunprise Mild Airy Finish fluid protector cu minerale pentru fata SPF 50+ 55 ml - SHOPATOA.COM\" \/>\n<meta property=\"og:description\" content=\"ETUDE Sunprise Mild Airy Finish, 55 ml, Protec\u021bie contra radia\u021biilor solare pentru femei, Proteja\u021bi-v\u0103 tenul \u00eempotriva \u00eemb\u0103tr\u00e2nirii premature \u0219i a altor afec\u021biuni cauzate de expunerea la soare. Tenul delicat al fe\u021bei este mult mai sensibil dec\u00e2t pielea celorlalte zone ale corpului \u0219i este expus la razele soarelui pe tot parcursul anului \u2013 de aceea este...\" \/>\n<meta property=\"og:url\" content=\"https:\/\/shopatoa.com\/ro\/etude-sunprise-mild-airy-finish-fluid-protector-cu-minerale-pentru-fata-spf-50-55-ml\/\" \/>\n<meta property=\"og:site_name\" content=\"SHOPATOA\" \/>\n<meta property=\"article:modified_time\" content=\"2025-11-18T05:13:22+00:00\" \/>\n<meta property=\"og:image\" content=\"https:\/\/storage.googleapis.com\/cz-shopatoa-img\/ro\/3e82e48d-unnamed-file.webp\" \/>\n\t<meta property=\"og:image:width\" content=\"800\" \/>\n\t<meta property=\"og:image:height\" content=\"800\" \/>\n\t<meta property=\"og:image:type\" content=\"image\/webp\" \/>\n<meta name=\"twitter:card\" content=\"summary_large_image\" \/>\n<meta name=\"twitter:label1\" content=\"Timp estimat pentru citire\" \/>\n\t<meta name=\"twitter:data1\" content=\"1 minut\" \/>\n<script type=\"application\/ld+json\" class=\"yoast-schema-graph\">{\"@context\":\"https:\\\/\\\/schema.org\",\"@graph\":[{\"@type\":\"WebPage\",\"@id\":\"https:\\\/\\\/shopatoa.com\\\/ro\\\/etude-sunprise-mild-airy-finish-fluid-protector-cu-minerale-pentru-fata-spf-50-55-ml\\\/\",\"url\":\"https:\\\/\\\/shopatoa.com\\\/ro\\\/etude-sunprise-mild-airy-finish-fluid-protector-cu-minerale-pentru-fata-spf-50-55-ml\\\/\",\"name\":\"ETUDE Sunprise Mild Airy Finish fluid protector cu minerale pentru fata SPF 50+ 55 ml - SHOPATOA.COM\",\"isPartOf\":{\"@id\":\"https:\\\/\\\/shopatoa.com\\\/ro\\\/#website\"},\"primaryImageOfPage\":{\"@id\":\"https:\\\/\\\/shopatoa.com\\\/ro\\\/etude-sunprise-mild-airy-finish-fluid-protector-cu-minerale-pentru-fata-spf-50-55-ml\\\/#primaryimage\"},\"image\":{\"@id\":\"https:\\\/\\\/shopatoa.com\\\/ro\\\/etude-sunprise-mild-airy-finish-fluid-protector-cu-minerale-pentru-fata-spf-50-55-ml\\\/#primaryimage\"},\"thumbnailUrl\":\"https:\\\/\\\/storage.googleapis.com\\\/cz-shopatoa-img\\\/ro\\\/3e82e48d-unnamed-file.webp\",\"datePublished\":\"2025-06-16T01:30:02+00:00\",\"dateModified\":\"2025-11-18T05:13:22+00:00\",\"breadcrumb\":{\"@id\":\"https:\\\/\\\/shopatoa.com\\\/ro\\\/etude-sunprise-mild-airy-finish-fluid-protector-cu-minerale-pentru-fata-spf-50-55-ml\\\/#breadcrumb\"},\"inLanguage\":\"ro-RO\",\"potentialAction\":[{\"@type\":\"ReadAction\",\"target\":[\"https:\\\/\\\/shopatoa.com\\\/ro\\\/etude-sunprise-mild-airy-finish-fluid-protector-cu-minerale-pentru-fata-spf-50-55-ml\\\/\"]}]},{\"@type\":\"ImageObject\",\"inLanguage\":\"ro-RO\",\"@id\":\"https:\\\/\\\/shopatoa.com\\\/ro\\\/etude-sunprise-mild-airy-finish-fluid-protector-cu-minerale-pentru-fata-spf-50-55-ml\\\/#primaryimage\",\"url\":\"https:\\\/\\\/storage.googleapis.com\\\/cz-shopatoa-img\\\/ro\\\/3e82e48d-unnamed-file.webp\",\"contentUrl\":\"https:\\\/\\\/storage.googleapis.com\\\/cz-shopatoa-img\\\/ro\\\/3e82e48d-unnamed-file.webp\",\"width\":800,\"height\":800},{\"@type\":\"BreadcrumbList\",\"@id\":\"https:\\\/\\\/shopatoa.com\\\/ro\\\/etude-sunprise-mild-airy-finish-fluid-protector-cu-minerale-pentru-fata-spf-50-55-ml\\\/#breadcrumb\",\"itemListElement\":[{\"@type\":\"ListItem\",\"position\":1,\"name\":\"Dom\u016f\",\"item\":\"https:\\\/\\\/shopatoa.com\\\/ro\\\/\"},{\"@type\":\"ListItem\",\"position\":2,\"name\":\"Shop\",\"item\":\"https:\\\/\\\/shopatoa.com\\\/ro\\\/shop\\\/\"},{\"@type\":\"ListItem\",\"position\":3,\"name\":\"S\u0103n\u0103tate \u0219i frumuse\u021be\",\"item\":\"https:\\\/\\\/shopatoa.com\\\/ro\\\/sanatate-si-frumusete\\\/\"},{\"@type\":\"ListItem\",\"position\":4,\"name\":\"\u00cengrijire personal\u0103\",\"item\":\"https:\\\/\\\/shopatoa.com\\\/ro\\\/ingrijire-personala\\\/\"},{\"@type\":\"ListItem\",\"position\":5,\"name\":\"Cosmetice\",\"item\":\"https:\\\/\\\/shopatoa.com\\\/ro\\\/cosmetice-ingrijire-personala\\\/\"},{\"@type\":\"ListItem\",\"position\":6,\"name\":\"\u00cengrijirea pielii\",\"item\":\"https:\\\/\\\/shopatoa.com\\\/ro\\\/ingrijirea-pielii\\\/\"},{\"@type\":\"ListItem\",\"position\":7,\"name\":\"ETUDE Sunprise Mild Airy Finish fluid protector cu minerale pentru fata SPF 50+ 55 ml\"}]},{\"@type\":\"WebSite\",\"@id\":\"https:\\\/\\\/shopatoa.com\\\/ro\\\/#website\",\"url\":\"https:\\\/\\\/shopatoa.com\\\/ro\\\/\",\"name\":\"SHOPATOA\",\"description\":\"\",\"publisher\":{\"@id\":\"https:\\\/\\\/shopatoa.com\\\/ro\\\/#organization\"},\"potentialAction\":[{\"@type\":\"SearchAction\",\"target\":{\"@type\":\"EntryPoint\",\"urlTemplate\":\"https:\\\/\\\/shopatoa.com\\\/ro\\\/?s={search_term_string}\"},\"query-input\":{\"@type\":\"PropertyValueSpecification\",\"valueRequired\":true,\"valueName\":\"search_term_string\"}}],\"inLanguage\":\"ro-RO\"},{\"@type\":\"Organization\",\"@id\":\"https:\\\/\\\/shopatoa.com\\\/ro\\\/#organization\",\"name\":\"SHOPATOA\",\"url\":\"https:\\\/\\\/shopatoa.com\\\/ro\\\/\",\"logo\":{\"@type\":\"ImageObject\",\"inLanguage\":\"ro-RO\",\"@id\":\"https:\\\/\\\/shopatoa.com\\\/ro\\\/#\\\/schema\\\/logo\\\/image\\\/\",\"url\":\"https:\\\/\\\/storage.googleapis.com\\\/cz-shopatoa-img\\\/ro\\\/b4dac915-shopatoa_logo.png\",\"contentUrl\":\"https:\\\/\\\/storage.googleapis.com\\\/cz-shopatoa-img\\\/ro\\\/b4dac915-shopatoa_logo.png\",\"width\":416,\"height\":63,\"caption\":\"SHOPATOA\"},\"image\":{\"@id\":\"https:\\\/\\\/shopatoa.com\\\/ro\\\/#\\\/schema\\\/logo\\\/image\\\/\"}}]}<\/script>\n<!-- \/ Yoast SEO plugin. -->","yoast_head_json":{"title":"ETUDE Sunprise Mild Airy Finish fluid protector cu minerale pentru fata SPF 50+ 55 ml - SHOPATOA.COM","robots":{"index":"index","follow":"follow","max-snippet":"max-snippet:-1","max-image-preview":"max-image-preview:large","max-video-preview":"max-video-preview:-1"},"canonical":"https:\/\/shopatoa.com\/ro\/etude-sunprise-mild-airy-finish-fluid-protector-cu-minerale-pentru-fata-spf-50-55-ml\/","og_locale":"ro_RO","og_type":"article","og_title":"ETUDE Sunprise Mild Airy Finish fluid protector cu minerale pentru fata SPF 50+ 55 ml - SHOPATOA.COM","og_description":"ETUDE Sunprise Mild Airy Finish, 55 ml, Protec\u021bie contra radia\u021biilor solare pentru femei, Proteja\u021bi-v\u0103 tenul \u00eempotriva \u00eemb\u0103tr\u00e2nirii premature \u0219i a altor afec\u021biuni cauzate de expunerea la soare. Tenul delicat al fe\u021bei este mult mai sensibil dec\u00e2t pielea celorlalte zone ale corpului \u0219i este expus la razele soarelui pe tot parcursul anului \u2013 de aceea este...","og_url":"https:\/\/shopatoa.com\/ro\/etude-sunprise-mild-airy-finish-fluid-protector-cu-minerale-pentru-fata-spf-50-55-ml\/","og_site_name":"SHOPATOA","article_modified_time":"2025-11-18T05:13:22+00:00","og_image":[{"width":800,"height":800,"url":"https:\/\/storage.googleapis.com\/cz-shopatoa-img\/ro\/3e82e48d-unnamed-file.webp","type":"image\/webp"}],"twitter_card":"summary_large_image","twitter_misc":{"Timp estimat pentru citire":"1 minut"},"schema":{"@context":"https:\/\/schema.org","@graph":[{"@type":"WebPage","@id":"https:\/\/shopatoa.com\/ro\/etude-sunprise-mild-airy-finish-fluid-protector-cu-minerale-pentru-fata-spf-50-55-ml\/","url":"https:\/\/shopatoa.com\/ro\/etude-sunprise-mild-airy-finish-fluid-protector-cu-minerale-pentru-fata-spf-50-55-ml\/","name":"ETUDE Sunprise Mild Airy Finish fluid protector cu minerale pentru fata SPF 50+ 55 ml - SHOPATOA.COM","isPartOf":{"@id":"https:\/\/shopatoa.com\/ro\/#website"},"primaryImageOfPage":{"@id":"https:\/\/shopatoa.com\/ro\/etude-sunprise-mild-airy-finish-fluid-protector-cu-minerale-pentru-fata-spf-50-55-ml\/#primaryimage"},"image":{"@id":"https:\/\/shopatoa.com\/ro\/etude-sunprise-mild-airy-finish-fluid-protector-cu-minerale-pentru-fata-spf-50-55-ml\/#primaryimage"},"thumbnailUrl":"https:\/\/storage.googleapis.com\/cz-shopatoa-img\/ro\/3e82e48d-unnamed-file.webp","datePublished":"2025-06-16T01:30:02+00:00","dateModified":"2025-11-18T05:13:22+00:00","breadcrumb":{"@id":"https:\/\/shopatoa.com\/ro\/etude-sunprise-mild-airy-finish-fluid-protector-cu-minerale-pentru-fata-spf-50-55-ml\/#breadcrumb"},"inLanguage":"ro-RO","potentialAction":[{"@type":"ReadAction","target":["https:\/\/shopatoa.com\/ro\/etude-sunprise-mild-airy-finish-fluid-protector-cu-minerale-pentru-fata-spf-50-55-ml\/"]}]},{"@type":"ImageObject","inLanguage":"ro-RO","@id":"https:\/\/shopatoa.com\/ro\/etude-sunprise-mild-airy-finish-fluid-protector-cu-minerale-pentru-fata-spf-50-55-ml\/#primaryimage","url":"https:\/\/storage.googleapis.com\/cz-shopatoa-img\/ro\/3e82e48d-unnamed-file.webp","contentUrl":"https:\/\/storage.googleapis.com\/cz-shopatoa-img\/ro\/3e82e48d-unnamed-file.webp","width":800,"height":800},{"@type":"BreadcrumbList","@id":"https:\/\/shopatoa.com\/ro\/etude-sunprise-mild-airy-finish-fluid-protector-cu-minerale-pentru-fata-spf-50-55-ml\/#breadcrumb","itemListElement":[{"@type":"ListItem","position":1,"name":"Dom\u016f","item":"https:\/\/shopatoa.com\/ro\/"},{"@type":"ListItem","position":2,"name":"Shop","item":"https:\/\/shopatoa.com\/ro\/shop\/"},{"@type":"ListItem","position":3,"name":"S\u0103n\u0103tate \u0219i frumuse\u021be","item":"https:\/\/shopatoa.com\/ro\/sanatate-si-frumusete\/"},{"@type":"ListItem","position":4,"name":"\u00cengrijire personal\u0103","item":"https:\/\/shopatoa.com\/ro\/ingrijire-personala\/"},{"@type":"ListItem","position":5,"name":"Cosmetice","item":"https:\/\/shopatoa.com\/ro\/cosmetice-ingrijire-personala\/"},{"@type":"ListItem","position":6,"name":"\u00cengrijirea pielii","item":"https:\/\/shopatoa.com\/ro\/ingrijirea-pielii\/"},{"@type":"ListItem","position":7,"name":"ETUDE Sunprise Mild Airy Finish fluid protector cu minerale pentru fata SPF 50+ 55 ml"}]},{"@type":"WebSite","@id":"https:\/\/shopatoa.com\/ro\/#website","url":"https:\/\/shopatoa.com\/ro\/","name":"SHOPATOA","description":"","publisher":{"@id":"https:\/\/shopatoa.com\/ro\/#organization"},"potentialAction":[{"@type":"SearchAction","target":{"@type":"EntryPoint","urlTemplate":"https:\/\/shopatoa.com\/ro\/?s={search_term_string}"},"query-input":{"@type":"PropertyValueSpecification","valueRequired":true,"valueName":"search_term_string"}}],"inLanguage":"ro-RO"},{"@type":"Organization","@id":"https:\/\/shopatoa.com\/ro\/#organization","name":"SHOPATOA","url":"https:\/\/shopatoa.com\/ro\/","logo":{"@type":"ImageObject","inLanguage":"ro-RO","@id":"https:\/\/shopatoa.com\/ro\/#\/schema\/logo\/image\/","url":"https:\/\/storage.googleapis.com\/cz-shopatoa-img\/ro\/b4dac915-shopatoa_logo.png","contentUrl":"https:\/\/storage.googleapis.com\/cz-shopatoa-img\/ro\/b4dac915-shopatoa_logo.png","width":416,"height":63,"caption":"SHOPATOA"},"image":{"@id":"https:\/\/shopatoa.com\/ro\/#\/schema\/logo\/image\/"}}]}},"_links":{"self":[{"href":"https:\/\/shopatoa.com\/ro\/wp-json\/wp\/v2\/product\/380575","targetHints":{"allow":["GET"]}}],"collection":[{"href":"https:\/\/shopatoa.com\/ro\/wp-json\/wp\/v2\/product"}],"about":[{"href":"https:\/\/shopatoa.com\/ro\/wp-json\/wp\/v2\/types\/product"}],"replies":[{"embeddable":true,"href":"https:\/\/shopatoa.com\/ro\/wp-json\/wp\/v2\/comments?post=380575"}],"wp:featuredmedia":[{"embeddable":true,"href":"https:\/\/shopatoa.com\/ro\/wp-json\/wp\/v2\/media\/380576"}],"wp:attachment":[{"href":"https:\/\/shopatoa.com\/ro\/wp-json\/wp\/v2\/media?parent=380575"}],"wp:term":[{"taxonomy":"product_brand","embeddable":true,"href":"https:\/\/shopatoa.com\/ro\/wp-json\/wp\/v2\/product_brand?post=380575"},{"taxonomy":"product_cat","embeddable":true,"href":"https:\/\/shopatoa.com\/ro\/wp-json\/wp\/v2\/product_cat?post=380575"},{"taxonomy":"product_tag","embeddable":true,"href":"https:\/\/shopatoa.com\/ro\/wp-json\/wp\/v2\/product_tag?post=380575"}],"curies":[{"name":"wp","href":"https:\/\/api.w.org\/{rel}","templated":true}]}}