{"id":380712,"date":"2025-06-16T03:52:46","date_gmt":"2025-06-16T01:52:46","guid":{"rendered":"https:\/\/shopatoa.com\/ro\/avon-bubble-bath-white-lily-spuma-de-baie-1000-ml\/"},"modified":"2025-12-12T06:25:53","modified_gmt":"2025-12-12T05:25:53","slug":"avon-bubble-bath-white-lily-spuma-de-baie-1000-ml","status":"publish","type":"product","link":"https:\/\/shopatoa.com\/ro\/avon-bubble-bath-white-lily-spuma-de-baie-1000-ml\/","title":{"rendered":"Avon Bubble Bath White Lily spuma de baie 1000 ml"},"content":{"rendered":"<p>Avon Bubble Bath White Lily, 1000 ml, Spumante de baie pentru femei, Nimic nu se compar\u0103 cu o relaxare binemeritat\u0103 \u00eentr-o baie plin\u0103 de spum\u0103 pl\u0103cut parfumat\u0103. Spuma de baie Avon Bubble Bath White Lily asigur\u0103 momente de bun\u0103stare \u0219i transform\u0103 rutina zilnic\u0103 de cur\u0103\u021bare \u00eentr-un ritual pl\u0103cut, un r\u0103sf\u0103\u021b pentru corp \u0219i sim\u021buri, pe care \u00eel ve\u021bi a\u0219tepta cu ner\u0103bdare. V\u0103 va ajuta corpul \u0219i mintea s\u0103 se relaxeze \u0219i s\u0103 se destind\u0103 chiar \u0219i dup\u0103 cea mai solicitant\u0103 zi. Ad\u0103uga\u021bi-o sub jet de ap\u0103 cald\u0103 \u0219i privi\u021bi cum se formeaz\u0103 nori de spum\u0103 luxuriant\u0103 \u0219i bogat\u0103, r\u0103sf\u0103\u021b\u00e2ndu-v\u0103 sim\u021burile \u0219i l\u0103s\u00e2ndu-v\u0103 pielea frumos parfumat\u0103.  Caracteristici:  ofer\u0103 o senza\u021bie de confort \u0219i de lini\u0219te miroase pl\u0103cut calmeaz\u0103 corpul \u0219i mintea  Cum se utilizeaz\u0103: Se adaug\u0103 \u00een apa fierbinte \u0219i se spumeaz\u0103.<\/p>\n","protected":false},"excerpt":{"rendered":"<p>Avon Bubble Bath White Lily, 1000 ml, Spumante de baie pentru femei, Nimic nu se compar\u0103 cu o relaxare binemeritat\u0103 \u00eentr-o baie plin\u0103 de spum\u0103 pl\u0103cut parfumat\u0103. Spuma de baie Avon Bubble Bath White Lily asigur\u0103 momente de bun\u0103stare \u0219i transform\u0103 rutina zilnic\u0103 de cur\u0103\u021bare \u00eentr-un ritual pl\u0103cut, un r\u0103sf\u0103\u021b pentru corp \u0219i sim\u021buri, pe&#8230;<\/p>\n","protected":false},"featured_media":380713,"comment_status":"closed","ping_status":"open","template":"","meta":{"_acf_changed":false,"_kadence_starter_templates_imported_post":false,"_kad_post_transparent":"","_kad_post_title":"","_kad_post_layout":"","_kad_post_sidebar_id":"","_kad_post_content_style":"","_kad_post_vertical_padding":"","_kad_post_feature":"","_kad_post_feature_position":"","_kad_post_header":false,"_kad_post_footer":false,"_kad_post_classname":""},"product_brand":[239],"product_cat":[1630,1570,1564,1563,1562],"product_tag":[],"class_list":{"0":"post-380712","1":"product","2":"type-product","3":"status-publish","4":"has-post-thumbnail","6":"product_brand-avon","7":"product_cat-aditivi-de-baie","8":"product_cat-baie-si-corp","9":"product_cat-cosmetice-ingrijire-personala","10":"product_cat-ingrijire-personala","11":"product_cat-sanatate-si-frumusete","12":"pa_gen-female","13":"pa_marime-1000-ml","15":"first","16":"instock","17":"sale","18":"product-type-external","19":"entry","20":"content-bg","21":"loop-entry"},"acf":[],"yoast_head":"<!-- This site is optimized with the Yoast SEO plugin v27.3 - https:\/\/yoast.com\/product\/yoast-seo-wordpress\/ -->\n<title>Avon Bubble Bath White Lily spuma de baie 1000 ml - SHOPATOA.COM<\/title>\n<meta name=\"robots\" content=\"index, follow, max-snippet:-1, max-image-preview:large, max-video-preview:-1\" \/>\n<link rel=\"canonical\" href=\"https:\/\/shopatoa.com\/ro\/avon-bubble-bath-white-lily-spuma-de-baie-1000-ml\/\" \/>\n<meta property=\"og:locale\" content=\"ro_RO\" \/>\n<meta property=\"og:type\" content=\"article\" \/>\n<meta property=\"og:title\" content=\"Avon Bubble Bath White Lily spuma de baie 1000 ml - SHOPATOA.COM\" \/>\n<meta property=\"og:description\" content=\"Avon Bubble Bath White Lily, 1000 ml, Spumante de baie pentru femei, Nimic nu se compar\u0103 cu o relaxare binemeritat\u0103 \u00eentr-o baie plin\u0103 de spum\u0103 pl\u0103cut parfumat\u0103. Spuma de baie Avon Bubble Bath White Lily asigur\u0103 momente de bun\u0103stare \u0219i transform\u0103 rutina zilnic\u0103 de cur\u0103\u021bare \u00eentr-un ritual pl\u0103cut, un r\u0103sf\u0103\u021b pentru corp \u0219i sim\u021buri, pe...\" \/>\n<meta property=\"og:url\" content=\"https:\/\/shopatoa.com\/ro\/avon-bubble-bath-white-lily-spuma-de-baie-1000-ml\/\" \/>\n<meta property=\"og:site_name\" content=\"SHOPATOA\" \/>\n<meta property=\"article:modified_time\" content=\"2025-12-12T05:25:53+00:00\" \/>\n<meta property=\"og:image\" content=\"https:\/\/storage.googleapis.com\/cz-shopatoa-img\/ro\/09d44757-unnamed-file.webp\" \/>\n\t<meta property=\"og:image:width\" content=\"800\" \/>\n\t<meta property=\"og:image:height\" content=\"800\" \/>\n\t<meta property=\"og:image:type\" content=\"image\/webp\" \/>\n<meta name=\"twitter:card\" content=\"summary_large_image\" \/>\n<meta name=\"twitter:label1\" content=\"Timp estimat pentru citire\" \/>\n\t<meta name=\"twitter:data1\" content=\"1 minut\" \/>\n<script type=\"application\/ld+json\" class=\"yoast-schema-graph\">{\"@context\":\"https:\\\/\\\/schema.org\",\"@graph\":[{\"@type\":\"WebPage\",\"@id\":\"https:\\\/\\\/shopatoa.com\\\/ro\\\/avon-bubble-bath-white-lily-spuma-de-baie-1000-ml\\\/\",\"url\":\"https:\\\/\\\/shopatoa.com\\\/ro\\\/avon-bubble-bath-white-lily-spuma-de-baie-1000-ml\\\/\",\"name\":\"Avon Bubble Bath White Lily spuma de baie 1000 ml - SHOPATOA.COM\",\"isPartOf\":{\"@id\":\"https:\\\/\\\/shopatoa.com\\\/ro\\\/#website\"},\"primaryImageOfPage\":{\"@id\":\"https:\\\/\\\/shopatoa.com\\\/ro\\\/avon-bubble-bath-white-lily-spuma-de-baie-1000-ml\\\/#primaryimage\"},\"image\":{\"@id\":\"https:\\\/\\\/shopatoa.com\\\/ro\\\/avon-bubble-bath-white-lily-spuma-de-baie-1000-ml\\\/#primaryimage\"},\"thumbnailUrl\":\"https:\\\/\\\/storage.googleapis.com\\\/cz-shopatoa-img\\\/ro\\\/09d44757-unnamed-file.webp\",\"datePublished\":\"2025-06-16T01:52:46+00:00\",\"dateModified\":\"2025-12-12T05:25:53+00:00\",\"breadcrumb\":{\"@id\":\"https:\\\/\\\/shopatoa.com\\\/ro\\\/avon-bubble-bath-white-lily-spuma-de-baie-1000-ml\\\/#breadcrumb\"},\"inLanguage\":\"ro-RO\",\"potentialAction\":[{\"@type\":\"ReadAction\",\"target\":[\"https:\\\/\\\/shopatoa.com\\\/ro\\\/avon-bubble-bath-white-lily-spuma-de-baie-1000-ml\\\/\"]}]},{\"@type\":\"ImageObject\",\"inLanguage\":\"ro-RO\",\"@id\":\"https:\\\/\\\/shopatoa.com\\\/ro\\\/avon-bubble-bath-white-lily-spuma-de-baie-1000-ml\\\/#primaryimage\",\"url\":\"https:\\\/\\\/storage.googleapis.com\\\/cz-shopatoa-img\\\/ro\\\/09d44757-unnamed-file.webp\",\"contentUrl\":\"https:\\\/\\\/storage.googleapis.com\\\/cz-shopatoa-img\\\/ro\\\/09d44757-unnamed-file.webp\",\"width\":800,\"height\":800},{\"@type\":\"BreadcrumbList\",\"@id\":\"https:\\\/\\\/shopatoa.com\\\/ro\\\/avon-bubble-bath-white-lily-spuma-de-baie-1000-ml\\\/#breadcrumb\",\"itemListElement\":[{\"@type\":\"ListItem\",\"position\":1,\"name\":\"Dom\u016f\",\"item\":\"https:\\\/\\\/shopatoa.com\\\/ro\\\/\"},{\"@type\":\"ListItem\",\"position\":2,\"name\":\"Shop\",\"item\":\"https:\\\/\\\/shopatoa.com\\\/ro\\\/shop\\\/\"},{\"@type\":\"ListItem\",\"position\":3,\"name\":\"S\u0103n\u0103tate \u0219i frumuse\u021be\",\"item\":\"https:\\\/\\\/shopatoa.com\\\/ro\\\/sanatate-si-frumusete\\\/\"},{\"@type\":\"ListItem\",\"position\":4,\"name\":\"\u00cengrijire personal\u0103\",\"item\":\"https:\\\/\\\/shopatoa.com\\\/ro\\\/ingrijire-personala\\\/\"},{\"@type\":\"ListItem\",\"position\":5,\"name\":\"Cosmetice\",\"item\":\"https:\\\/\\\/shopatoa.com\\\/ro\\\/cosmetice-ingrijire-personala\\\/\"},{\"@type\":\"ListItem\",\"position\":6,\"name\":\"Baie \u0219i corp\",\"item\":\"https:\\\/\\\/shopatoa.com\\\/ro\\\/baie-si-corp\\\/\"},{\"@type\":\"ListItem\",\"position\":7,\"name\":\"Aditivi de baie\",\"item\":\"https:\\\/\\\/shopatoa.com\\\/ro\\\/aditivi-de-baie\\\/\"},{\"@type\":\"ListItem\",\"position\":8,\"name\":\"Avon Bubble Bath White Lily spuma de baie 1000 ml\"}]},{\"@type\":\"WebSite\",\"@id\":\"https:\\\/\\\/shopatoa.com\\\/ro\\\/#website\",\"url\":\"https:\\\/\\\/shopatoa.com\\\/ro\\\/\",\"name\":\"SHOPATOA\",\"description\":\"\",\"publisher\":{\"@id\":\"https:\\\/\\\/shopatoa.com\\\/ro\\\/#organization\"},\"potentialAction\":[{\"@type\":\"SearchAction\",\"target\":{\"@type\":\"EntryPoint\",\"urlTemplate\":\"https:\\\/\\\/shopatoa.com\\\/ro\\\/?s={search_term_string}\"},\"query-input\":{\"@type\":\"PropertyValueSpecification\",\"valueRequired\":true,\"valueName\":\"search_term_string\"}}],\"inLanguage\":\"ro-RO\"},{\"@type\":\"Organization\",\"@id\":\"https:\\\/\\\/shopatoa.com\\\/ro\\\/#organization\",\"name\":\"SHOPATOA\",\"url\":\"https:\\\/\\\/shopatoa.com\\\/ro\\\/\",\"logo\":{\"@type\":\"ImageObject\",\"inLanguage\":\"ro-RO\",\"@id\":\"https:\\\/\\\/shopatoa.com\\\/ro\\\/#\\\/schema\\\/logo\\\/image\\\/\",\"url\":\"https:\\\/\\\/storage.googleapis.com\\\/cz-shopatoa-img\\\/ro\\\/b4dac915-shopatoa_logo.png\",\"contentUrl\":\"https:\\\/\\\/storage.googleapis.com\\\/cz-shopatoa-img\\\/ro\\\/b4dac915-shopatoa_logo.png\",\"width\":416,\"height\":63,\"caption\":\"SHOPATOA\"},\"image\":{\"@id\":\"https:\\\/\\\/shopatoa.com\\\/ro\\\/#\\\/schema\\\/logo\\\/image\\\/\"}}]}<\/script>\n<!-- \/ Yoast SEO plugin. -->","yoast_head_json":{"title":"Avon Bubble Bath White Lily spuma de baie 1000 ml - SHOPATOA.COM","robots":{"index":"index","follow":"follow","max-snippet":"max-snippet:-1","max-image-preview":"max-image-preview:large","max-video-preview":"max-video-preview:-1"},"canonical":"https:\/\/shopatoa.com\/ro\/avon-bubble-bath-white-lily-spuma-de-baie-1000-ml\/","og_locale":"ro_RO","og_type":"article","og_title":"Avon Bubble Bath White Lily spuma de baie 1000 ml - SHOPATOA.COM","og_description":"Avon Bubble Bath White Lily, 1000 ml, Spumante de baie pentru femei, Nimic nu se compar\u0103 cu o relaxare binemeritat\u0103 \u00eentr-o baie plin\u0103 de spum\u0103 pl\u0103cut parfumat\u0103. Spuma de baie Avon Bubble Bath White Lily asigur\u0103 momente de bun\u0103stare \u0219i transform\u0103 rutina zilnic\u0103 de cur\u0103\u021bare \u00eentr-un ritual pl\u0103cut, un r\u0103sf\u0103\u021b pentru corp \u0219i sim\u021buri, pe...","og_url":"https:\/\/shopatoa.com\/ro\/avon-bubble-bath-white-lily-spuma-de-baie-1000-ml\/","og_site_name":"SHOPATOA","article_modified_time":"2025-12-12T05:25:53+00:00","og_image":[{"width":800,"height":800,"url":"https:\/\/storage.googleapis.com\/cz-shopatoa-img\/ro\/09d44757-unnamed-file.webp","type":"image\/webp"}],"twitter_card":"summary_large_image","twitter_misc":{"Timp estimat pentru citire":"1 minut"},"schema":{"@context":"https:\/\/schema.org","@graph":[{"@type":"WebPage","@id":"https:\/\/shopatoa.com\/ro\/avon-bubble-bath-white-lily-spuma-de-baie-1000-ml\/","url":"https:\/\/shopatoa.com\/ro\/avon-bubble-bath-white-lily-spuma-de-baie-1000-ml\/","name":"Avon Bubble Bath White Lily spuma de baie 1000 ml - SHOPATOA.COM","isPartOf":{"@id":"https:\/\/shopatoa.com\/ro\/#website"},"primaryImageOfPage":{"@id":"https:\/\/shopatoa.com\/ro\/avon-bubble-bath-white-lily-spuma-de-baie-1000-ml\/#primaryimage"},"image":{"@id":"https:\/\/shopatoa.com\/ro\/avon-bubble-bath-white-lily-spuma-de-baie-1000-ml\/#primaryimage"},"thumbnailUrl":"https:\/\/storage.googleapis.com\/cz-shopatoa-img\/ro\/09d44757-unnamed-file.webp","datePublished":"2025-06-16T01:52:46+00:00","dateModified":"2025-12-12T05:25:53+00:00","breadcrumb":{"@id":"https:\/\/shopatoa.com\/ro\/avon-bubble-bath-white-lily-spuma-de-baie-1000-ml\/#breadcrumb"},"inLanguage":"ro-RO","potentialAction":[{"@type":"ReadAction","target":["https:\/\/shopatoa.com\/ro\/avon-bubble-bath-white-lily-spuma-de-baie-1000-ml\/"]}]},{"@type":"ImageObject","inLanguage":"ro-RO","@id":"https:\/\/shopatoa.com\/ro\/avon-bubble-bath-white-lily-spuma-de-baie-1000-ml\/#primaryimage","url":"https:\/\/storage.googleapis.com\/cz-shopatoa-img\/ro\/09d44757-unnamed-file.webp","contentUrl":"https:\/\/storage.googleapis.com\/cz-shopatoa-img\/ro\/09d44757-unnamed-file.webp","width":800,"height":800},{"@type":"BreadcrumbList","@id":"https:\/\/shopatoa.com\/ro\/avon-bubble-bath-white-lily-spuma-de-baie-1000-ml\/#breadcrumb","itemListElement":[{"@type":"ListItem","position":1,"name":"Dom\u016f","item":"https:\/\/shopatoa.com\/ro\/"},{"@type":"ListItem","position":2,"name":"Shop","item":"https:\/\/shopatoa.com\/ro\/shop\/"},{"@type":"ListItem","position":3,"name":"S\u0103n\u0103tate \u0219i frumuse\u021be","item":"https:\/\/shopatoa.com\/ro\/sanatate-si-frumusete\/"},{"@type":"ListItem","position":4,"name":"\u00cengrijire personal\u0103","item":"https:\/\/shopatoa.com\/ro\/ingrijire-personala\/"},{"@type":"ListItem","position":5,"name":"Cosmetice","item":"https:\/\/shopatoa.com\/ro\/cosmetice-ingrijire-personala\/"},{"@type":"ListItem","position":6,"name":"Baie \u0219i corp","item":"https:\/\/shopatoa.com\/ro\/baie-si-corp\/"},{"@type":"ListItem","position":7,"name":"Aditivi de baie","item":"https:\/\/shopatoa.com\/ro\/aditivi-de-baie\/"},{"@type":"ListItem","position":8,"name":"Avon Bubble Bath White Lily spuma de baie 1000 ml"}]},{"@type":"WebSite","@id":"https:\/\/shopatoa.com\/ro\/#website","url":"https:\/\/shopatoa.com\/ro\/","name":"SHOPATOA","description":"","publisher":{"@id":"https:\/\/shopatoa.com\/ro\/#organization"},"potentialAction":[{"@type":"SearchAction","target":{"@type":"EntryPoint","urlTemplate":"https:\/\/shopatoa.com\/ro\/?s={search_term_string}"},"query-input":{"@type":"PropertyValueSpecification","valueRequired":true,"valueName":"search_term_string"}}],"inLanguage":"ro-RO"},{"@type":"Organization","@id":"https:\/\/shopatoa.com\/ro\/#organization","name":"SHOPATOA","url":"https:\/\/shopatoa.com\/ro\/","logo":{"@type":"ImageObject","inLanguage":"ro-RO","@id":"https:\/\/shopatoa.com\/ro\/#\/schema\/logo\/image\/","url":"https:\/\/storage.googleapis.com\/cz-shopatoa-img\/ro\/b4dac915-shopatoa_logo.png","contentUrl":"https:\/\/storage.googleapis.com\/cz-shopatoa-img\/ro\/b4dac915-shopatoa_logo.png","width":416,"height":63,"caption":"SHOPATOA"},"image":{"@id":"https:\/\/shopatoa.com\/ro\/#\/schema\/logo\/image\/"}}]}},"_links":{"self":[{"href":"https:\/\/shopatoa.com\/ro\/wp-json\/wp\/v2\/product\/380712","targetHints":{"allow":["GET"]}}],"collection":[{"href":"https:\/\/shopatoa.com\/ro\/wp-json\/wp\/v2\/product"}],"about":[{"href":"https:\/\/shopatoa.com\/ro\/wp-json\/wp\/v2\/types\/product"}],"replies":[{"embeddable":true,"href":"https:\/\/shopatoa.com\/ro\/wp-json\/wp\/v2\/comments?post=380712"}],"wp:featuredmedia":[{"embeddable":true,"href":"https:\/\/shopatoa.com\/ro\/wp-json\/wp\/v2\/media\/380713"}],"wp:attachment":[{"href":"https:\/\/shopatoa.com\/ro\/wp-json\/wp\/v2\/media?parent=380712"}],"wp:term":[{"taxonomy":"product_brand","embeddable":true,"href":"https:\/\/shopatoa.com\/ro\/wp-json\/wp\/v2\/product_brand?post=380712"},{"taxonomy":"product_cat","embeddable":true,"href":"https:\/\/shopatoa.com\/ro\/wp-json\/wp\/v2\/product_cat?post=380712"},{"taxonomy":"product_tag","embeddable":true,"href":"https:\/\/shopatoa.com\/ro\/wp-json\/wp\/v2\/product_tag?post=380712"}],"curies":[{"name":"wp","href":"https:\/\/api.w.org\/{rel}","templated":true}]}}