{"id":380736,"date":"2025-06-16T03:54:58","date_gmt":"2025-06-16T01:54:58","guid":{"rendered":"https:\/\/shopatoa.com\/ro\/renovality-original-series-lavender-body-oil-ulei-de-corp-pentru-masaj-100-ml\/"},"modified":"2025-12-12T06:24:51","modified_gmt":"2025-12-12T05:24:51","slug":"renovality-original-series-lavender-body-oil-ulei-de-corp-pentru-masaj-100-ml","status":"publish","type":"product","link":"https:\/\/shopatoa.com\/ro\/renovality-original-series-lavender-body-oil-ulei-de-corp-pentru-masaj-100-ml\/","title":{"rendered":"Renovality Original Series Lavender Body Oil ulei de corp pentru masaj 100 ml"},"content":{"rendered":"<p>Renovality Original Series Lavender Body Oil, 100 ml, Uleiuri pentru masaj pentru femei, Sim\u021bi\u021bi c\u0103 pielea dvs. are nevoie de ceva \u00een plus fa\u021b\u0103 de \u00eengrijirea oferir\u0103 de lo\u021biune sau crem\u0103? Uleiul de corp Renovality Original Series Lavender Body Oil v\u0103 va \u00eembog\u0103\u021bi perfect rutina de \u00eengrijire \u2013 va conferi pielii o doz\u0103 suplimentar\u0103 de substan\u021be nutritive, \u00eei va favoriza regenerarea \u0219i \u00eei va asigura un aspect neted.  Caracteristici:  hr\u0103ne\u0219te \u0219i trateaz\u0103 pielea pentru o piele neted\u0103, ca de catifea catifeleaz\u0103 vizibil pielea  Cum se utilizeaz\u0103: Se maseaz\u0103 u\u0219or cantit\u0103\u021bi mici de ulei pentru masaj, pe \u00eentregul corp.<\/p>\n","protected":false},"excerpt":{"rendered":"<p>Renovality Original Series Lavender Body Oil, 100 ml, Uleiuri pentru masaj pentru femei, Sim\u021bi\u021bi c\u0103 pielea dvs. are nevoie de ceva \u00een plus fa\u021b\u0103 de \u00eengrijirea oferir\u0103 de lo\u021biune sau crem\u0103? Uleiul de corp Renovality Original Series Lavender Body Oil v\u0103 va \u00eembog\u0103\u021bi perfect rutina de \u00eengrijire \u2013 va conferi pielii o doz\u0103 suplimentar\u0103 de&#8230;<\/p>\n","protected":false},"featured_media":380737,"comment_status":"closed","ping_status":"open","template":"","meta":{"_acf_changed":false,"_kadence_starter_templates_imported_post":false,"_kad_post_transparent":"","_kad_post_title":"","_kad_post_layout":"","_kad_post_sidebar_id":"","_kad_post_content_style":"","_kad_post_vertical_padding":"","_kad_post_feature":"","_kad_post_feature_position":"","_kad_post_header":false,"_kad_post_footer":false,"_kad_post_classname":""},"product_brand":[2001],"product_cat":[1563,2002,1562,2003],"product_tag":[],"class_list":{"0":"post-380736","1":"product","2":"type-product","3":"status-publish","4":"has-post-thumbnail","6":"product_brand-renovality","7":"product_cat-ingrijire-personala","8":"product_cat-masaj-si-relaxare","9":"product_cat-sanatate-si-frumusete","10":"product_cat-ulei-de-masaj","11":"pa_gen-female","12":"pa_marime-100-ml","14":"first","15":"instock","16":"sale","17":"product-type-external","18":"entry","19":"content-bg","20":"loop-entry"},"acf":[],"yoast_head":"<!-- This site is optimized with the Yoast SEO plugin v27.4 - https:\/\/yoast.com\/product\/yoast-seo-wordpress\/ -->\n<title>Renovality Original Series Lavender Body Oil ulei de corp pentru masaj 100 ml - SHOPATOA.COM<\/title>\n<meta name=\"robots\" content=\"index, follow, max-snippet:-1, max-image-preview:large, max-video-preview:-1\" \/>\n<link rel=\"canonical\" href=\"https:\/\/shopatoa.com\/ro\/renovality-original-series-lavender-body-oil-ulei-de-corp-pentru-masaj-100-ml\/\" \/>\n<meta property=\"og:locale\" content=\"ro_RO\" \/>\n<meta property=\"og:type\" content=\"article\" \/>\n<meta property=\"og:title\" content=\"Renovality Original Series Lavender Body Oil ulei de corp pentru masaj 100 ml - SHOPATOA.COM\" \/>\n<meta property=\"og:description\" content=\"Renovality Original Series Lavender Body Oil, 100 ml, Uleiuri pentru masaj pentru femei, Sim\u021bi\u021bi c\u0103 pielea dvs. are nevoie de ceva \u00een plus fa\u021b\u0103 de \u00eengrijirea oferir\u0103 de lo\u021biune sau crem\u0103? Uleiul de corp Renovality Original Series Lavender Body Oil v\u0103 va \u00eembog\u0103\u021bi perfect rutina de \u00eengrijire \u2013 va conferi pielii o doz\u0103 suplimentar\u0103 de...\" \/>\n<meta property=\"og:url\" content=\"https:\/\/shopatoa.com\/ro\/renovality-original-series-lavender-body-oil-ulei-de-corp-pentru-masaj-100-ml\/\" \/>\n<meta property=\"og:site_name\" content=\"SHOPATOA\" \/>\n<meta property=\"article:modified_time\" content=\"2025-12-12T05:24:51+00:00\" \/>\n<meta property=\"og:image\" content=\"https:\/\/storage.googleapis.com\/cz-shopatoa-img\/ro\/5119e6bf-unnamed-file.webp\" \/>\n\t<meta property=\"og:image:width\" content=\"800\" \/>\n\t<meta property=\"og:image:height\" content=\"800\" \/>\n\t<meta property=\"og:image:type\" content=\"image\/webp\" \/>\n<meta name=\"twitter:card\" content=\"summary_large_image\" \/>\n<meta name=\"twitter:label1\" content=\"Timp estimat pentru citire\" \/>\n\t<meta name=\"twitter:data1\" content=\"1 minut\" \/>\n<script type=\"application\/ld+json\" class=\"yoast-schema-graph\">{\"@context\":\"https:\\\/\\\/schema.org\",\"@graph\":[{\"@type\":\"WebPage\",\"@id\":\"https:\\\/\\\/shopatoa.com\\\/ro\\\/renovality-original-series-lavender-body-oil-ulei-de-corp-pentru-masaj-100-ml\\\/\",\"url\":\"https:\\\/\\\/shopatoa.com\\\/ro\\\/renovality-original-series-lavender-body-oil-ulei-de-corp-pentru-masaj-100-ml\\\/\",\"name\":\"Renovality Original Series Lavender Body Oil ulei de corp pentru masaj 100 ml - SHOPATOA.COM\",\"isPartOf\":{\"@id\":\"https:\\\/\\\/shopatoa.com\\\/ro\\\/#website\"},\"primaryImageOfPage\":{\"@id\":\"https:\\\/\\\/shopatoa.com\\\/ro\\\/renovality-original-series-lavender-body-oil-ulei-de-corp-pentru-masaj-100-ml\\\/#primaryimage\"},\"image\":{\"@id\":\"https:\\\/\\\/shopatoa.com\\\/ro\\\/renovality-original-series-lavender-body-oil-ulei-de-corp-pentru-masaj-100-ml\\\/#primaryimage\"},\"thumbnailUrl\":\"https:\\\/\\\/storage.googleapis.com\\\/cz-shopatoa-img\\\/ro\\\/5119e6bf-unnamed-file.webp\",\"datePublished\":\"2025-06-16T01:54:58+00:00\",\"dateModified\":\"2025-12-12T05:24:51+00:00\",\"breadcrumb\":{\"@id\":\"https:\\\/\\\/shopatoa.com\\\/ro\\\/renovality-original-series-lavender-body-oil-ulei-de-corp-pentru-masaj-100-ml\\\/#breadcrumb\"},\"inLanguage\":\"ro-RO\",\"potentialAction\":[{\"@type\":\"ReadAction\",\"target\":[\"https:\\\/\\\/shopatoa.com\\\/ro\\\/renovality-original-series-lavender-body-oil-ulei-de-corp-pentru-masaj-100-ml\\\/\"]}]},{\"@type\":\"ImageObject\",\"inLanguage\":\"ro-RO\",\"@id\":\"https:\\\/\\\/shopatoa.com\\\/ro\\\/renovality-original-series-lavender-body-oil-ulei-de-corp-pentru-masaj-100-ml\\\/#primaryimage\",\"url\":\"https:\\\/\\\/storage.googleapis.com\\\/cz-shopatoa-img\\\/ro\\\/5119e6bf-unnamed-file.webp\",\"contentUrl\":\"https:\\\/\\\/storage.googleapis.com\\\/cz-shopatoa-img\\\/ro\\\/5119e6bf-unnamed-file.webp\",\"width\":800,\"height\":800},{\"@type\":\"BreadcrumbList\",\"@id\":\"https:\\\/\\\/shopatoa.com\\\/ro\\\/renovality-original-series-lavender-body-oil-ulei-de-corp-pentru-masaj-100-ml\\\/#breadcrumb\",\"itemListElement\":[{\"@type\":\"ListItem\",\"position\":1,\"name\":\"Dom\u016f\",\"item\":\"https:\\\/\\\/shopatoa.com\\\/ro\\\/\"},{\"@type\":\"ListItem\",\"position\":2,\"name\":\"Shop\",\"item\":\"https:\\\/\\\/shopatoa.com\\\/ro\\\/shop\\\/\"},{\"@type\":\"ListItem\",\"position\":3,\"name\":\"S\u0103n\u0103tate \u0219i frumuse\u021be\",\"item\":\"https:\\\/\\\/shopatoa.com\\\/ro\\\/sanatate-si-frumusete\\\/\"},{\"@type\":\"ListItem\",\"position\":4,\"name\":\"\u00cengrijire personal\u0103\",\"item\":\"https:\\\/\\\/shopatoa.com\\\/ro\\\/ingrijire-personala\\\/\"},{\"@type\":\"ListItem\",\"position\":5,\"name\":\"Masaj \u0219i relaxare\",\"item\":\"https:\\\/\\\/shopatoa.com\\\/ro\\\/masaj-si-relaxare\\\/\"},{\"@type\":\"ListItem\",\"position\":6,\"name\":\"Ulei de masaj\",\"item\":\"https:\\\/\\\/shopatoa.com\\\/ro\\\/ulei-de-masaj\\\/\"},{\"@type\":\"ListItem\",\"position\":7,\"name\":\"Renovality Original Series Lavender Body Oil ulei de corp pentru masaj 100 ml\"}]},{\"@type\":\"WebSite\",\"@id\":\"https:\\\/\\\/shopatoa.com\\\/ro\\\/#website\",\"url\":\"https:\\\/\\\/shopatoa.com\\\/ro\\\/\",\"name\":\"SHOPATOA\",\"description\":\"\",\"publisher\":{\"@id\":\"https:\\\/\\\/shopatoa.com\\\/ro\\\/#organization\"},\"potentialAction\":[{\"@type\":\"SearchAction\",\"target\":{\"@type\":\"EntryPoint\",\"urlTemplate\":\"https:\\\/\\\/shopatoa.com\\\/ro\\\/?s={search_term_string}\"},\"query-input\":{\"@type\":\"PropertyValueSpecification\",\"valueRequired\":true,\"valueName\":\"search_term_string\"}}],\"inLanguage\":\"ro-RO\"},{\"@type\":\"Organization\",\"@id\":\"https:\\\/\\\/shopatoa.com\\\/ro\\\/#organization\",\"name\":\"SHOPATOA\",\"url\":\"https:\\\/\\\/shopatoa.com\\\/ro\\\/\",\"logo\":{\"@type\":\"ImageObject\",\"inLanguage\":\"ro-RO\",\"@id\":\"https:\\\/\\\/shopatoa.com\\\/ro\\\/#\\\/schema\\\/logo\\\/image\\\/\",\"url\":\"https:\\\/\\\/storage.googleapis.com\\\/cz-shopatoa-img\\\/ro\\\/b4dac915-shopatoa_logo.png\",\"contentUrl\":\"https:\\\/\\\/storage.googleapis.com\\\/cz-shopatoa-img\\\/ro\\\/b4dac915-shopatoa_logo.png\",\"width\":416,\"height\":63,\"caption\":\"SHOPATOA\"},\"image\":{\"@id\":\"https:\\\/\\\/shopatoa.com\\\/ro\\\/#\\\/schema\\\/logo\\\/image\\\/\"}}]}<\/script>\n<!-- \/ Yoast SEO plugin. -->","yoast_head_json":{"title":"Renovality Original Series Lavender Body Oil ulei de corp pentru masaj 100 ml - SHOPATOA.COM","robots":{"index":"index","follow":"follow","max-snippet":"max-snippet:-1","max-image-preview":"max-image-preview:large","max-video-preview":"max-video-preview:-1"},"canonical":"https:\/\/shopatoa.com\/ro\/renovality-original-series-lavender-body-oil-ulei-de-corp-pentru-masaj-100-ml\/","og_locale":"ro_RO","og_type":"article","og_title":"Renovality Original Series Lavender Body Oil ulei de corp pentru masaj 100 ml - SHOPATOA.COM","og_description":"Renovality Original Series Lavender Body Oil, 100 ml, Uleiuri pentru masaj pentru femei, Sim\u021bi\u021bi c\u0103 pielea dvs. are nevoie de ceva \u00een plus fa\u021b\u0103 de \u00eengrijirea oferir\u0103 de lo\u021biune sau crem\u0103? Uleiul de corp Renovality Original Series Lavender Body Oil v\u0103 va \u00eembog\u0103\u021bi perfect rutina de \u00eengrijire \u2013 va conferi pielii o doz\u0103 suplimentar\u0103 de...","og_url":"https:\/\/shopatoa.com\/ro\/renovality-original-series-lavender-body-oil-ulei-de-corp-pentru-masaj-100-ml\/","og_site_name":"SHOPATOA","article_modified_time":"2025-12-12T05:24:51+00:00","og_image":[{"width":800,"height":800,"url":"https:\/\/storage.googleapis.com\/cz-shopatoa-img\/ro\/5119e6bf-unnamed-file.webp","type":"image\/webp"}],"twitter_card":"summary_large_image","twitter_misc":{"Timp estimat pentru citire":"1 minut"},"schema":{"@context":"https:\/\/schema.org","@graph":[{"@type":"WebPage","@id":"https:\/\/shopatoa.com\/ro\/renovality-original-series-lavender-body-oil-ulei-de-corp-pentru-masaj-100-ml\/","url":"https:\/\/shopatoa.com\/ro\/renovality-original-series-lavender-body-oil-ulei-de-corp-pentru-masaj-100-ml\/","name":"Renovality Original Series Lavender Body Oil ulei de corp pentru masaj 100 ml - SHOPATOA.COM","isPartOf":{"@id":"https:\/\/shopatoa.com\/ro\/#website"},"primaryImageOfPage":{"@id":"https:\/\/shopatoa.com\/ro\/renovality-original-series-lavender-body-oil-ulei-de-corp-pentru-masaj-100-ml\/#primaryimage"},"image":{"@id":"https:\/\/shopatoa.com\/ro\/renovality-original-series-lavender-body-oil-ulei-de-corp-pentru-masaj-100-ml\/#primaryimage"},"thumbnailUrl":"https:\/\/storage.googleapis.com\/cz-shopatoa-img\/ro\/5119e6bf-unnamed-file.webp","datePublished":"2025-06-16T01:54:58+00:00","dateModified":"2025-12-12T05:24:51+00:00","breadcrumb":{"@id":"https:\/\/shopatoa.com\/ro\/renovality-original-series-lavender-body-oil-ulei-de-corp-pentru-masaj-100-ml\/#breadcrumb"},"inLanguage":"ro-RO","potentialAction":[{"@type":"ReadAction","target":["https:\/\/shopatoa.com\/ro\/renovality-original-series-lavender-body-oil-ulei-de-corp-pentru-masaj-100-ml\/"]}]},{"@type":"ImageObject","inLanguage":"ro-RO","@id":"https:\/\/shopatoa.com\/ro\/renovality-original-series-lavender-body-oil-ulei-de-corp-pentru-masaj-100-ml\/#primaryimage","url":"https:\/\/storage.googleapis.com\/cz-shopatoa-img\/ro\/5119e6bf-unnamed-file.webp","contentUrl":"https:\/\/storage.googleapis.com\/cz-shopatoa-img\/ro\/5119e6bf-unnamed-file.webp","width":800,"height":800},{"@type":"BreadcrumbList","@id":"https:\/\/shopatoa.com\/ro\/renovality-original-series-lavender-body-oil-ulei-de-corp-pentru-masaj-100-ml\/#breadcrumb","itemListElement":[{"@type":"ListItem","position":1,"name":"Dom\u016f","item":"https:\/\/shopatoa.com\/ro\/"},{"@type":"ListItem","position":2,"name":"Shop","item":"https:\/\/shopatoa.com\/ro\/shop\/"},{"@type":"ListItem","position":3,"name":"S\u0103n\u0103tate \u0219i frumuse\u021be","item":"https:\/\/shopatoa.com\/ro\/sanatate-si-frumusete\/"},{"@type":"ListItem","position":4,"name":"\u00cengrijire personal\u0103","item":"https:\/\/shopatoa.com\/ro\/ingrijire-personala\/"},{"@type":"ListItem","position":5,"name":"Masaj \u0219i relaxare","item":"https:\/\/shopatoa.com\/ro\/masaj-si-relaxare\/"},{"@type":"ListItem","position":6,"name":"Ulei de masaj","item":"https:\/\/shopatoa.com\/ro\/ulei-de-masaj\/"},{"@type":"ListItem","position":7,"name":"Renovality Original Series Lavender Body Oil ulei de corp pentru masaj 100 ml"}]},{"@type":"WebSite","@id":"https:\/\/shopatoa.com\/ro\/#website","url":"https:\/\/shopatoa.com\/ro\/","name":"SHOPATOA","description":"","publisher":{"@id":"https:\/\/shopatoa.com\/ro\/#organization"},"potentialAction":[{"@type":"SearchAction","target":{"@type":"EntryPoint","urlTemplate":"https:\/\/shopatoa.com\/ro\/?s={search_term_string}"},"query-input":{"@type":"PropertyValueSpecification","valueRequired":true,"valueName":"search_term_string"}}],"inLanguage":"ro-RO"},{"@type":"Organization","@id":"https:\/\/shopatoa.com\/ro\/#organization","name":"SHOPATOA","url":"https:\/\/shopatoa.com\/ro\/","logo":{"@type":"ImageObject","inLanguage":"ro-RO","@id":"https:\/\/shopatoa.com\/ro\/#\/schema\/logo\/image\/","url":"https:\/\/storage.googleapis.com\/cz-shopatoa-img\/ro\/b4dac915-shopatoa_logo.png","contentUrl":"https:\/\/storage.googleapis.com\/cz-shopatoa-img\/ro\/b4dac915-shopatoa_logo.png","width":416,"height":63,"caption":"SHOPATOA"},"image":{"@id":"https:\/\/shopatoa.com\/ro\/#\/schema\/logo\/image\/"}}]}},"_links":{"self":[{"href":"https:\/\/shopatoa.com\/ro\/wp-json\/wp\/v2\/product\/380736","targetHints":{"allow":["GET"]}}],"collection":[{"href":"https:\/\/shopatoa.com\/ro\/wp-json\/wp\/v2\/product"}],"about":[{"href":"https:\/\/shopatoa.com\/ro\/wp-json\/wp\/v2\/types\/product"}],"replies":[{"embeddable":true,"href":"https:\/\/shopatoa.com\/ro\/wp-json\/wp\/v2\/comments?post=380736"}],"wp:featuredmedia":[{"embeddable":true,"href":"https:\/\/shopatoa.com\/ro\/wp-json\/wp\/v2\/media\/380737"}],"wp:attachment":[{"href":"https:\/\/shopatoa.com\/ro\/wp-json\/wp\/v2\/media?parent=380736"}],"wp:term":[{"taxonomy":"product_brand","embeddable":true,"href":"https:\/\/shopatoa.com\/ro\/wp-json\/wp\/v2\/product_brand?post=380736"},{"taxonomy":"product_cat","embeddable":true,"href":"https:\/\/shopatoa.com\/ro\/wp-json\/wp\/v2\/product_cat?post=380736"},{"taxonomy":"product_tag","embeddable":true,"href":"https:\/\/shopatoa.com\/ro\/wp-json\/wp\/v2\/product_tag?post=380736"}],"curies":[{"name":"wp","href":"https:\/\/api.w.org\/{rel}","templated":true}]}}