{"id":380820,"date":"2025-06-16T04:15:58","date_gmt":"2025-06-16T02:15:58","guid":{"rendered":"https:\/\/shopatoa.com\/ro\/chi-lava-hairstyiling-iron1-placa-de-intins-parul-pentru-toate-tipurile-de-par-1-buc\/"},"modified":"2025-10-08T18:01:35","modified_gmt":"2025-10-08T16:01:35","slug":"chi-lava-hairstyiling-iron1-placa-de-intins-parul-pentru-toate-tipurile-de-par-1-buc","status":"publish","type":"product","link":"https:\/\/shopatoa.com\/ro\/chi-lava-hairstyiling-iron1-placa-de-intins-parul-pentru-toate-tipurile-de-par-1-buc\/","title":{"rendered":"CHI Lava Hairstyiling Iron1 placa de intins parul pentru toate tipurile de p\u0103r 1 buc"},"content":{"rendered":"<p>CHI Lava Hairstyiling Iron1, 1 buc, Placi de indreptat parul pentru femei, Dori\u021bi s\u0103 crea\u021bi coafuri perfect netede, \u00eens\u0103 rezultatul ob\u021binut cu ajutorul cremelor de netezire, gelurilor \u0219i altor produse de styling nu este suficient? Placa de p\u0103r CHI Lava Hairstyiling Iron1 v\u0103 va satisface nevoile \u0219i v\u0103 va ajuta s\u0103 ob\u021bine\u021bi aspectul dorit. V\u0103 va netezi perfect p\u0103rul, astfel \u00eenc\u00e2t s\u0103 fie \u00eentotdeauna frumos coafat, flexibil \u0219i minunat de str\u0103lucitor. Pe l\u00e2ng\u0103 faptul c\u0103 \u00eendreapt\u0103 perfect p\u0103rul, v\u0103 permite s\u0103 crea\u021bi \u0219i valuri elegante \u00een cel mai scurt timp.  Caracteristici:  neteze\u0219te perfect p\u0103rul cu temperatur\u0103 reglabil\u0103 previne \u00eencre\u021birea p\u0103rului poate fi folosit\u0103 \u0219i pentru crearea buclelor  Cum se utilizeaz\u0103: Se prinde o \u0219uvi\u021b\u0103 de p\u0103r \u00eentre pl\u0103ci \u0219i se apas\u0103 u\u0219or m\u00e2nerul pl\u0103cii. Se gliseaz\u0103 placa prin tragere, p\u00e2n\u0103 la v\u00e2rfurile p\u0103rului. Se repet\u0103 procesul, p\u00e2n\u0103 la ob\u021binerea coafurii dorite.<\/p>\n","protected":false},"excerpt":{"rendered":"<p>CHI Lava Hairstyiling Iron1, 1 buc, Placi de indreptat parul pentru femei, Dori\u021bi s\u0103 crea\u021bi coafuri perfect netede, \u00eens\u0103 rezultatul ob\u021binut cu ajutorul cremelor de netezire, gelurilor \u0219i altor produse de styling nu este suficient? Placa de p\u0103r CHI Lava Hairstyiling Iron1 v\u0103 va satisface nevoile \u0219i v\u0103 va ajuta s\u0103 ob\u021bine\u021bi aspectul dorit. V\u0103&#8230;<\/p>\n","protected":false},"featured_media":380821,"comment_status":"closed","ping_status":"open","template":"","meta":{"_acf_changed":false,"_kadence_starter_templates_imported_post":false,"_kad_post_transparent":"","_kad_post_title":"","_kad_post_layout":"","_kad_post_sidebar_id":"","_kad_post_content_style":"","_kad_post_vertical_padding":"","_kad_post_feature":"","_kad_post_feature_position":"","_kad_post_header":false,"_kad_post_footer":false,"_kad_post_classname":""},"product_brand":[1683],"product_cat":[1563,1590,1921,1562,1657],"product_tag":[],"class_list":{"0":"post-380820","1":"product","2":"type-product","3":"status-publish","4":"has-post-thumbnail","6":"product_brand-chi","7":"product_cat-ingrijire-personala","8":"product_cat-ingrijirea-parului","9":"product_cat-placi-de-indreptat-parul","10":"product_cat-sanatate-si-frumusete","11":"product_cat-unelte-de-coafat","12":"pa_gen-female","13":"pa_marime-1-buc","15":"first","16":"instock","17":"product-type-external","18":"entry","19":"content-bg","20":"loop-entry"},"acf":[],"yoast_head":"<!-- This site is optimized with the Yoast SEO plugin v27.4 - https:\/\/yoast.com\/product\/yoast-seo-wordpress\/ -->\n<title>CHI Lava Hairstyiling Iron1 placa de intins parul pentru toate tipurile de p\u0103r 1 buc - SHOPATOA.COM<\/title>\n<meta name=\"robots\" content=\"index, follow, max-snippet:-1, max-image-preview:large, max-video-preview:-1\" \/>\n<link rel=\"canonical\" href=\"https:\/\/shopatoa.com\/ro\/chi-lava-hairstyiling-iron1-placa-de-intins-parul-pentru-toate-tipurile-de-par-1-buc\/\" \/>\n<meta property=\"og:locale\" content=\"ro_RO\" \/>\n<meta property=\"og:type\" content=\"article\" \/>\n<meta property=\"og:title\" content=\"CHI Lava Hairstyiling Iron1 placa de intins parul pentru toate tipurile de p\u0103r 1 buc - SHOPATOA.COM\" \/>\n<meta property=\"og:description\" content=\"CHI Lava Hairstyiling Iron1, 1 buc, Placi de indreptat parul pentru femei, Dori\u021bi s\u0103 crea\u021bi coafuri perfect netede, \u00eens\u0103 rezultatul ob\u021binut cu ajutorul cremelor de netezire, gelurilor \u0219i altor produse de styling nu este suficient? Placa de p\u0103r CHI Lava Hairstyiling Iron1 v\u0103 va satisface nevoile \u0219i v\u0103 va ajuta s\u0103 ob\u021bine\u021bi aspectul dorit. V\u0103...\" \/>\n<meta property=\"og:url\" content=\"https:\/\/shopatoa.com\/ro\/chi-lava-hairstyiling-iron1-placa-de-intins-parul-pentru-toate-tipurile-de-par-1-buc\/\" \/>\n<meta property=\"og:site_name\" content=\"SHOPATOA\" \/>\n<meta property=\"article:modified_time\" content=\"2025-10-08T16:01:35+00:00\" \/>\n<meta property=\"og:image\" content=\"https:\/\/storage.googleapis.com\/cz-shopatoa-img\/ro\/fa127d25-unnamed-file.webp\" \/>\n\t<meta property=\"og:image:width\" content=\"800\" \/>\n\t<meta property=\"og:image:height\" content=\"800\" \/>\n\t<meta property=\"og:image:type\" content=\"image\/webp\" \/>\n<meta name=\"twitter:card\" content=\"summary_large_image\" \/>\n<meta name=\"twitter:label1\" content=\"Timp estimat pentru citire\" \/>\n\t<meta name=\"twitter:data1\" content=\"1 minut\" \/>\n<script type=\"application\/ld+json\" class=\"yoast-schema-graph\">{\"@context\":\"https:\\\/\\\/schema.org\",\"@graph\":[{\"@type\":\"WebPage\",\"@id\":\"https:\\\/\\\/shopatoa.com\\\/ro\\\/chi-lava-hairstyiling-iron1-placa-de-intins-parul-pentru-toate-tipurile-de-par-1-buc\\\/\",\"url\":\"https:\\\/\\\/shopatoa.com\\\/ro\\\/chi-lava-hairstyiling-iron1-placa-de-intins-parul-pentru-toate-tipurile-de-par-1-buc\\\/\",\"name\":\"CHI Lava Hairstyiling Iron1 placa de intins parul pentru toate tipurile de p\u0103r 1 buc - SHOPATOA.COM\",\"isPartOf\":{\"@id\":\"https:\\\/\\\/shopatoa.com\\\/ro\\\/#website\"},\"primaryImageOfPage\":{\"@id\":\"https:\\\/\\\/shopatoa.com\\\/ro\\\/chi-lava-hairstyiling-iron1-placa-de-intins-parul-pentru-toate-tipurile-de-par-1-buc\\\/#primaryimage\"},\"image\":{\"@id\":\"https:\\\/\\\/shopatoa.com\\\/ro\\\/chi-lava-hairstyiling-iron1-placa-de-intins-parul-pentru-toate-tipurile-de-par-1-buc\\\/#primaryimage\"},\"thumbnailUrl\":\"https:\\\/\\\/storage.googleapis.com\\\/cz-shopatoa-img\\\/ro\\\/fa127d25-unnamed-file.webp\",\"datePublished\":\"2025-06-16T02:15:58+00:00\",\"dateModified\":\"2025-10-08T16:01:35+00:00\",\"breadcrumb\":{\"@id\":\"https:\\\/\\\/shopatoa.com\\\/ro\\\/chi-lava-hairstyiling-iron1-placa-de-intins-parul-pentru-toate-tipurile-de-par-1-buc\\\/#breadcrumb\"},\"inLanguage\":\"ro-RO\",\"potentialAction\":[{\"@type\":\"ReadAction\",\"target\":[\"https:\\\/\\\/shopatoa.com\\\/ro\\\/chi-lava-hairstyiling-iron1-placa-de-intins-parul-pentru-toate-tipurile-de-par-1-buc\\\/\"]}]},{\"@type\":\"ImageObject\",\"inLanguage\":\"ro-RO\",\"@id\":\"https:\\\/\\\/shopatoa.com\\\/ro\\\/chi-lava-hairstyiling-iron1-placa-de-intins-parul-pentru-toate-tipurile-de-par-1-buc\\\/#primaryimage\",\"url\":\"https:\\\/\\\/storage.googleapis.com\\\/cz-shopatoa-img\\\/ro\\\/fa127d25-unnamed-file.webp\",\"contentUrl\":\"https:\\\/\\\/storage.googleapis.com\\\/cz-shopatoa-img\\\/ro\\\/fa127d25-unnamed-file.webp\",\"width\":800,\"height\":800},{\"@type\":\"BreadcrumbList\",\"@id\":\"https:\\\/\\\/shopatoa.com\\\/ro\\\/chi-lava-hairstyiling-iron1-placa-de-intins-parul-pentru-toate-tipurile-de-par-1-buc\\\/#breadcrumb\",\"itemListElement\":[{\"@type\":\"ListItem\",\"position\":1,\"name\":\"Dom\u016f\",\"item\":\"https:\\\/\\\/shopatoa.com\\\/ro\\\/\"},{\"@type\":\"ListItem\",\"position\":2,\"name\":\"Shop\",\"item\":\"https:\\\/\\\/shopatoa.com\\\/ro\\\/shop\\\/\"},{\"@type\":\"ListItem\",\"position\":3,\"name\":\"S\u0103n\u0103tate \u0219i frumuse\u021be\",\"item\":\"https:\\\/\\\/shopatoa.com\\\/ro\\\/sanatate-si-frumusete\\\/\"},{\"@type\":\"ListItem\",\"position\":4,\"name\":\"\u00cengrijire personal\u0103\",\"item\":\"https:\\\/\\\/shopatoa.com\\\/ro\\\/ingrijire-personala\\\/\"},{\"@type\":\"ListItem\",\"position\":5,\"name\":\"\u00cengrijirea p\u0103rului\",\"item\":\"https:\\\/\\\/shopatoa.com\\\/ro\\\/ingrijirea-parului\\\/\"},{\"@type\":\"ListItem\",\"position\":6,\"name\":\"Unelte de coafat\",\"item\":\"https:\\\/\\\/shopatoa.com\\\/ro\\\/unelte-de-coafat\\\/\"},{\"@type\":\"ListItem\",\"position\":7,\"name\":\"Pl\u0103ci de \u00eendreptat p\u0103rul\",\"item\":\"https:\\\/\\\/shopatoa.com\\\/ro\\\/placi-de-indreptat-parul\\\/\"},{\"@type\":\"ListItem\",\"position\":8,\"name\":\"CHI Lava Hairstyiling Iron1 placa de intins parul pentru toate tipurile de p\u0103r 1 buc\"}]},{\"@type\":\"WebSite\",\"@id\":\"https:\\\/\\\/shopatoa.com\\\/ro\\\/#website\",\"url\":\"https:\\\/\\\/shopatoa.com\\\/ro\\\/\",\"name\":\"SHOPATOA\",\"description\":\"\",\"publisher\":{\"@id\":\"https:\\\/\\\/shopatoa.com\\\/ro\\\/#organization\"},\"potentialAction\":[{\"@type\":\"SearchAction\",\"target\":{\"@type\":\"EntryPoint\",\"urlTemplate\":\"https:\\\/\\\/shopatoa.com\\\/ro\\\/?s={search_term_string}\"},\"query-input\":{\"@type\":\"PropertyValueSpecification\",\"valueRequired\":true,\"valueName\":\"search_term_string\"}}],\"inLanguage\":\"ro-RO\"},{\"@type\":\"Organization\",\"@id\":\"https:\\\/\\\/shopatoa.com\\\/ro\\\/#organization\",\"name\":\"SHOPATOA\",\"url\":\"https:\\\/\\\/shopatoa.com\\\/ro\\\/\",\"logo\":{\"@type\":\"ImageObject\",\"inLanguage\":\"ro-RO\",\"@id\":\"https:\\\/\\\/shopatoa.com\\\/ro\\\/#\\\/schema\\\/logo\\\/image\\\/\",\"url\":\"https:\\\/\\\/storage.googleapis.com\\\/cz-shopatoa-img\\\/ro\\\/b4dac915-shopatoa_logo.png\",\"contentUrl\":\"https:\\\/\\\/storage.googleapis.com\\\/cz-shopatoa-img\\\/ro\\\/b4dac915-shopatoa_logo.png\",\"width\":416,\"height\":63,\"caption\":\"SHOPATOA\"},\"image\":{\"@id\":\"https:\\\/\\\/shopatoa.com\\\/ro\\\/#\\\/schema\\\/logo\\\/image\\\/\"}}]}<\/script>\n<!-- \/ Yoast SEO plugin. -->","yoast_head_json":{"title":"CHI Lava Hairstyiling Iron1 placa de intins parul pentru toate tipurile de p\u0103r 1 buc - SHOPATOA.COM","robots":{"index":"index","follow":"follow","max-snippet":"max-snippet:-1","max-image-preview":"max-image-preview:large","max-video-preview":"max-video-preview:-1"},"canonical":"https:\/\/shopatoa.com\/ro\/chi-lava-hairstyiling-iron1-placa-de-intins-parul-pentru-toate-tipurile-de-par-1-buc\/","og_locale":"ro_RO","og_type":"article","og_title":"CHI Lava Hairstyiling Iron1 placa de intins parul pentru toate tipurile de p\u0103r 1 buc - SHOPATOA.COM","og_description":"CHI Lava Hairstyiling Iron1, 1 buc, Placi de indreptat parul pentru femei, Dori\u021bi s\u0103 crea\u021bi coafuri perfect netede, \u00eens\u0103 rezultatul ob\u021binut cu ajutorul cremelor de netezire, gelurilor \u0219i altor produse de styling nu este suficient? Placa de p\u0103r CHI Lava Hairstyiling Iron1 v\u0103 va satisface nevoile \u0219i v\u0103 va ajuta s\u0103 ob\u021bine\u021bi aspectul dorit. V\u0103...","og_url":"https:\/\/shopatoa.com\/ro\/chi-lava-hairstyiling-iron1-placa-de-intins-parul-pentru-toate-tipurile-de-par-1-buc\/","og_site_name":"SHOPATOA","article_modified_time":"2025-10-08T16:01:35+00:00","og_image":[{"width":800,"height":800,"url":"https:\/\/storage.googleapis.com\/cz-shopatoa-img\/ro\/fa127d25-unnamed-file.webp","type":"image\/webp"}],"twitter_card":"summary_large_image","twitter_misc":{"Timp estimat pentru citire":"1 minut"},"schema":{"@context":"https:\/\/schema.org","@graph":[{"@type":"WebPage","@id":"https:\/\/shopatoa.com\/ro\/chi-lava-hairstyiling-iron1-placa-de-intins-parul-pentru-toate-tipurile-de-par-1-buc\/","url":"https:\/\/shopatoa.com\/ro\/chi-lava-hairstyiling-iron1-placa-de-intins-parul-pentru-toate-tipurile-de-par-1-buc\/","name":"CHI Lava Hairstyiling Iron1 placa de intins parul pentru toate tipurile de p\u0103r 1 buc - SHOPATOA.COM","isPartOf":{"@id":"https:\/\/shopatoa.com\/ro\/#website"},"primaryImageOfPage":{"@id":"https:\/\/shopatoa.com\/ro\/chi-lava-hairstyiling-iron1-placa-de-intins-parul-pentru-toate-tipurile-de-par-1-buc\/#primaryimage"},"image":{"@id":"https:\/\/shopatoa.com\/ro\/chi-lava-hairstyiling-iron1-placa-de-intins-parul-pentru-toate-tipurile-de-par-1-buc\/#primaryimage"},"thumbnailUrl":"https:\/\/storage.googleapis.com\/cz-shopatoa-img\/ro\/fa127d25-unnamed-file.webp","datePublished":"2025-06-16T02:15:58+00:00","dateModified":"2025-10-08T16:01:35+00:00","breadcrumb":{"@id":"https:\/\/shopatoa.com\/ro\/chi-lava-hairstyiling-iron1-placa-de-intins-parul-pentru-toate-tipurile-de-par-1-buc\/#breadcrumb"},"inLanguage":"ro-RO","potentialAction":[{"@type":"ReadAction","target":["https:\/\/shopatoa.com\/ro\/chi-lava-hairstyiling-iron1-placa-de-intins-parul-pentru-toate-tipurile-de-par-1-buc\/"]}]},{"@type":"ImageObject","inLanguage":"ro-RO","@id":"https:\/\/shopatoa.com\/ro\/chi-lava-hairstyiling-iron1-placa-de-intins-parul-pentru-toate-tipurile-de-par-1-buc\/#primaryimage","url":"https:\/\/storage.googleapis.com\/cz-shopatoa-img\/ro\/fa127d25-unnamed-file.webp","contentUrl":"https:\/\/storage.googleapis.com\/cz-shopatoa-img\/ro\/fa127d25-unnamed-file.webp","width":800,"height":800},{"@type":"BreadcrumbList","@id":"https:\/\/shopatoa.com\/ro\/chi-lava-hairstyiling-iron1-placa-de-intins-parul-pentru-toate-tipurile-de-par-1-buc\/#breadcrumb","itemListElement":[{"@type":"ListItem","position":1,"name":"Dom\u016f","item":"https:\/\/shopatoa.com\/ro\/"},{"@type":"ListItem","position":2,"name":"Shop","item":"https:\/\/shopatoa.com\/ro\/shop\/"},{"@type":"ListItem","position":3,"name":"S\u0103n\u0103tate \u0219i frumuse\u021be","item":"https:\/\/shopatoa.com\/ro\/sanatate-si-frumusete\/"},{"@type":"ListItem","position":4,"name":"\u00cengrijire personal\u0103","item":"https:\/\/shopatoa.com\/ro\/ingrijire-personala\/"},{"@type":"ListItem","position":5,"name":"\u00cengrijirea p\u0103rului","item":"https:\/\/shopatoa.com\/ro\/ingrijirea-parului\/"},{"@type":"ListItem","position":6,"name":"Unelte de coafat","item":"https:\/\/shopatoa.com\/ro\/unelte-de-coafat\/"},{"@type":"ListItem","position":7,"name":"Pl\u0103ci de \u00eendreptat p\u0103rul","item":"https:\/\/shopatoa.com\/ro\/placi-de-indreptat-parul\/"},{"@type":"ListItem","position":8,"name":"CHI Lava Hairstyiling Iron1 placa de intins parul pentru toate tipurile de p\u0103r 1 buc"}]},{"@type":"WebSite","@id":"https:\/\/shopatoa.com\/ro\/#website","url":"https:\/\/shopatoa.com\/ro\/","name":"SHOPATOA","description":"","publisher":{"@id":"https:\/\/shopatoa.com\/ro\/#organization"},"potentialAction":[{"@type":"SearchAction","target":{"@type":"EntryPoint","urlTemplate":"https:\/\/shopatoa.com\/ro\/?s={search_term_string}"},"query-input":{"@type":"PropertyValueSpecification","valueRequired":true,"valueName":"search_term_string"}}],"inLanguage":"ro-RO"},{"@type":"Organization","@id":"https:\/\/shopatoa.com\/ro\/#organization","name":"SHOPATOA","url":"https:\/\/shopatoa.com\/ro\/","logo":{"@type":"ImageObject","inLanguage":"ro-RO","@id":"https:\/\/shopatoa.com\/ro\/#\/schema\/logo\/image\/","url":"https:\/\/storage.googleapis.com\/cz-shopatoa-img\/ro\/b4dac915-shopatoa_logo.png","contentUrl":"https:\/\/storage.googleapis.com\/cz-shopatoa-img\/ro\/b4dac915-shopatoa_logo.png","width":416,"height":63,"caption":"SHOPATOA"},"image":{"@id":"https:\/\/shopatoa.com\/ro\/#\/schema\/logo\/image\/"}}]}},"_links":{"self":[{"href":"https:\/\/shopatoa.com\/ro\/wp-json\/wp\/v2\/product\/380820","targetHints":{"allow":["GET"]}}],"collection":[{"href":"https:\/\/shopatoa.com\/ro\/wp-json\/wp\/v2\/product"}],"about":[{"href":"https:\/\/shopatoa.com\/ro\/wp-json\/wp\/v2\/types\/product"}],"replies":[{"embeddable":true,"href":"https:\/\/shopatoa.com\/ro\/wp-json\/wp\/v2\/comments?post=380820"}],"wp:featuredmedia":[{"embeddable":true,"href":"https:\/\/shopatoa.com\/ro\/wp-json\/wp\/v2\/media\/380821"}],"wp:attachment":[{"href":"https:\/\/shopatoa.com\/ro\/wp-json\/wp\/v2\/media?parent=380820"}],"wp:term":[{"taxonomy":"product_brand","embeddable":true,"href":"https:\/\/shopatoa.com\/ro\/wp-json\/wp\/v2\/product_brand?post=380820"},{"taxonomy":"product_cat","embeddable":true,"href":"https:\/\/shopatoa.com\/ro\/wp-json\/wp\/v2\/product_cat?post=380820"},{"taxonomy":"product_tag","embeddable":true,"href":"https:\/\/shopatoa.com\/ro\/wp-json\/wp\/v2\/product_tag?post=380820"}],"curies":[{"name":"wp","href":"https:\/\/api.w.org\/{rel}","templated":true}]}}