{"id":381110,"date":"2025-06-16T04:55:02","date_gmt":"2025-06-16T02:55:02","guid":{"rendered":"https:\/\/shopatoa.com\/ro\/rudy-le-maioliche-sicilian-lemon-gel-pentru-curatarea-mainilor-50-ml\/"},"modified":"2025-10-08T18:02:24","modified_gmt":"2025-10-08T16:02:24","slug":"rudy-le-maioliche-sicilian-lemon-gel-pentru-curatarea-mainilor-50-ml","status":"publish","type":"product","link":"https:\/\/shopatoa.com\/ro\/rudy-le-maioliche-sicilian-lemon-gel-pentru-curatarea-mainilor-50-ml\/","title":{"rendered":"Rudy &#8211; Le Maioliche Sicilian Lemon gel pentru cur\u0103\u021barea m\u00e2inilor 50 ml"},"content":{"rendered":"<p>Rudy &#8211; Le Maioliche Sicilian Lemon, 50 ml, Geluri pentru cur\u0103\u021barea m\u00e2inilor pentru femei, Igiena m\u00e2inilor este extrem de important\u0103, \u00een special \u00eenainte de mas\u0103. Nu ave\u021bi posibilitatea s\u0103 v\u0103 sp\u0103la\u021bi pe m\u00e2ini? Gelul igienic Rudy &#8211; Le Maioliche Sicilian Lemon v\u0103 va ajuta s\u0103 le men\u021bine\u021bi curate oriunde v-a\u021bi afla. V\u0103 va fi de folos pentru \u00eendep\u0103rtarea impurit\u0103\u021bilor de pe piele, indiferent dac\u0103 v\u0103 afla\u021bi \u00eentr-o vacan\u021b\u0103 sau c\u0103l\u0103torie, \u00een timpul deplas\u0103rii zilnice cu mijloacele de transport \u00een comun, la plimbarea c\u0103\u021belului sau chiar la locul de joac\u0103. \u00cel ve\u021bi aprecia cu orice ocazie, dar mai ales atunci c\u00e2nd nu ave\u021bi la \u00eendem\u00e2n\u0103 ap\u0103 \u0219i s\u0103pun.  Caracteristici:  las\u0103 m\u00e2inile curate igienic nu usuc\u0103 pielea, nici \u00een utilizarea de zi cu zi cu miros pl\u0103cut proasp\u0103t  Cum se utilizeaz\u0103: Aplica\u021bi o cantitate mic\u0103 de produs \u00een palm\u0103 \u0219i r\u0103sp\u00e2ndi\u021bi-l p\u00e2n\u0103 se absoarbe \u00een ambele m\u00e2ini. Nu cl\u0103ti\u021bi.<\/p>\n","protected":false},"excerpt":{"rendered":"<p>Rudy &#8211; Le Maioliche Sicilian Lemon, 50 ml, Geluri pentru cur\u0103\u021barea m\u00e2inilor pentru femei, Igiena m\u00e2inilor este extrem de important\u0103, \u00een special \u00eenainte de mas\u0103. Nu ave\u021bi posibilitatea s\u0103 v\u0103 sp\u0103la\u021bi pe m\u00e2ini? Gelul igienic Rudy &#8211; Le Maioliche Sicilian Lemon v\u0103 va ajuta s\u0103 le men\u021bine\u021bi curate oriunde v-a\u021bi afla. V\u0103 va fi de&#8230;<\/p>\n","protected":false},"featured_media":381111,"comment_status":"closed","ping_status":"open","template":"","meta":{"_acf_changed":false,"_kadence_starter_templates_imported_post":false,"_kad_post_transparent":"","_kad_post_title":"","_kad_post_layout":"","_kad_post_sidebar_id":"","_kad_post_content_style":"","_kad_post_vertical_padding":"","_kad_post_feature":"","_kad_post_feature_position":"","_kad_post_header":false,"_kad_post_footer":false,"_kad_post_classname":""},"product_brand":[1895],"product_cat":[1570,1564,2045,1563,1562],"product_tag":[],"class_list":{"0":"post-381110","1":"product","2":"type-product","3":"status-publish","4":"has-post-thumbnail","6":"product_brand-rudy-le-maioliche","7":"product_cat-baie-si-corp","8":"product_cat-cosmetice-ingrijire-personala","9":"product_cat-dezinfectante-si-servetele-dezinfectante","10":"product_cat-ingrijire-personala","11":"product_cat-sanatate-si-frumusete","12":"pa_gen-female","13":"pa_marime-50-ml","15":"first","16":"instock","17":"product-type-external","18":"entry","19":"content-bg","20":"loop-entry"},"acf":[],"yoast_head":"<!-- This site is optimized with the Yoast SEO plugin v27.4 - https:\/\/yoast.com\/product\/yoast-seo-wordpress\/ -->\n<title>Rudy - Le Maioliche Sicilian Lemon gel pentru cur\u0103\u021barea m\u00e2inilor 50 ml - SHOPATOA.COM<\/title>\n<meta name=\"robots\" content=\"index, follow, max-snippet:-1, max-image-preview:large, max-video-preview:-1\" \/>\n<link rel=\"canonical\" href=\"https:\/\/shopatoa.com\/ro\/rudy-le-maioliche-sicilian-lemon-gel-pentru-curatarea-mainilor-50-ml\/\" \/>\n<meta property=\"og:locale\" content=\"ro_RO\" \/>\n<meta property=\"og:type\" content=\"article\" \/>\n<meta property=\"og:title\" content=\"Rudy - Le Maioliche Sicilian Lemon gel pentru cur\u0103\u021barea m\u00e2inilor 50 ml - SHOPATOA.COM\" \/>\n<meta property=\"og:description\" content=\"Rudy &#8211; Le Maioliche Sicilian Lemon, 50 ml, Geluri pentru cur\u0103\u021barea m\u00e2inilor pentru femei, Igiena m\u00e2inilor este extrem de important\u0103, \u00een special \u00eenainte de mas\u0103. Nu ave\u021bi posibilitatea s\u0103 v\u0103 sp\u0103la\u021bi pe m\u00e2ini? Gelul igienic Rudy &#8211; Le Maioliche Sicilian Lemon v\u0103 va ajuta s\u0103 le men\u021bine\u021bi curate oriunde v-a\u021bi afla. V\u0103 va fi de...\" \/>\n<meta property=\"og:url\" content=\"https:\/\/shopatoa.com\/ro\/rudy-le-maioliche-sicilian-lemon-gel-pentru-curatarea-mainilor-50-ml\/\" \/>\n<meta property=\"og:site_name\" content=\"SHOPATOA\" \/>\n<meta property=\"article:modified_time\" content=\"2025-10-08T16:02:24+00:00\" \/>\n<meta property=\"og:image\" content=\"https:\/\/storage.googleapis.com\/cz-shopatoa-img\/ro\/72d42ac0-unnamed-file.webp\" \/>\n\t<meta property=\"og:image:width\" content=\"800\" \/>\n\t<meta property=\"og:image:height\" content=\"800\" \/>\n\t<meta property=\"og:image:type\" content=\"image\/webp\" \/>\n<meta name=\"twitter:card\" content=\"summary_large_image\" \/>\n<meta name=\"twitter:label1\" content=\"Timp estimat pentru citire\" \/>\n\t<meta name=\"twitter:data1\" content=\"1 minut\" \/>\n<script type=\"application\/ld+json\" class=\"yoast-schema-graph\">{\"@context\":\"https:\\\/\\\/schema.org\",\"@graph\":[{\"@type\":\"WebPage\",\"@id\":\"https:\\\/\\\/shopatoa.com\\\/ro\\\/rudy-le-maioliche-sicilian-lemon-gel-pentru-curatarea-mainilor-50-ml\\\/\",\"url\":\"https:\\\/\\\/shopatoa.com\\\/ro\\\/rudy-le-maioliche-sicilian-lemon-gel-pentru-curatarea-mainilor-50-ml\\\/\",\"name\":\"Rudy - Le Maioliche Sicilian Lemon gel pentru cur\u0103\u021barea m\u00e2inilor 50 ml - SHOPATOA.COM\",\"isPartOf\":{\"@id\":\"https:\\\/\\\/shopatoa.com\\\/ro\\\/#website\"},\"primaryImageOfPage\":{\"@id\":\"https:\\\/\\\/shopatoa.com\\\/ro\\\/rudy-le-maioliche-sicilian-lemon-gel-pentru-curatarea-mainilor-50-ml\\\/#primaryimage\"},\"image\":{\"@id\":\"https:\\\/\\\/shopatoa.com\\\/ro\\\/rudy-le-maioliche-sicilian-lemon-gel-pentru-curatarea-mainilor-50-ml\\\/#primaryimage\"},\"thumbnailUrl\":\"https:\\\/\\\/storage.googleapis.com\\\/cz-shopatoa-img\\\/ro\\\/72d42ac0-unnamed-file.webp\",\"datePublished\":\"2025-06-16T02:55:02+00:00\",\"dateModified\":\"2025-10-08T16:02:24+00:00\",\"breadcrumb\":{\"@id\":\"https:\\\/\\\/shopatoa.com\\\/ro\\\/rudy-le-maioliche-sicilian-lemon-gel-pentru-curatarea-mainilor-50-ml\\\/#breadcrumb\"},\"inLanguage\":\"ro-RO\",\"potentialAction\":[{\"@type\":\"ReadAction\",\"target\":[\"https:\\\/\\\/shopatoa.com\\\/ro\\\/rudy-le-maioliche-sicilian-lemon-gel-pentru-curatarea-mainilor-50-ml\\\/\"]}]},{\"@type\":\"ImageObject\",\"inLanguage\":\"ro-RO\",\"@id\":\"https:\\\/\\\/shopatoa.com\\\/ro\\\/rudy-le-maioliche-sicilian-lemon-gel-pentru-curatarea-mainilor-50-ml\\\/#primaryimage\",\"url\":\"https:\\\/\\\/storage.googleapis.com\\\/cz-shopatoa-img\\\/ro\\\/72d42ac0-unnamed-file.webp\",\"contentUrl\":\"https:\\\/\\\/storage.googleapis.com\\\/cz-shopatoa-img\\\/ro\\\/72d42ac0-unnamed-file.webp\",\"width\":800,\"height\":800},{\"@type\":\"BreadcrumbList\",\"@id\":\"https:\\\/\\\/shopatoa.com\\\/ro\\\/rudy-le-maioliche-sicilian-lemon-gel-pentru-curatarea-mainilor-50-ml\\\/#breadcrumb\",\"itemListElement\":[{\"@type\":\"ListItem\",\"position\":1,\"name\":\"Dom\u016f\",\"item\":\"https:\\\/\\\/shopatoa.com\\\/ro\\\/\"},{\"@type\":\"ListItem\",\"position\":2,\"name\":\"Shop\",\"item\":\"https:\\\/\\\/shopatoa.com\\\/ro\\\/shop\\\/\"},{\"@type\":\"ListItem\",\"position\":3,\"name\":\"S\u0103n\u0103tate \u0219i frumuse\u021be\",\"item\":\"https:\\\/\\\/shopatoa.com\\\/ro\\\/sanatate-si-frumusete\\\/\"},{\"@type\":\"ListItem\",\"position\":4,\"name\":\"\u00cengrijire personal\u0103\",\"item\":\"https:\\\/\\\/shopatoa.com\\\/ro\\\/ingrijire-personala\\\/\"},{\"@type\":\"ListItem\",\"position\":5,\"name\":\"Cosmetice\",\"item\":\"https:\\\/\\\/shopatoa.com\\\/ro\\\/cosmetice-ingrijire-personala\\\/\"},{\"@type\":\"ListItem\",\"position\":6,\"name\":\"Baie \u0219i corp\",\"item\":\"https:\\\/\\\/shopatoa.com\\\/ro\\\/baie-si-corp\\\/\"},{\"@type\":\"ListItem\",\"position\":7,\"name\":\"Dezinfectante \u0219i \u0219erve\u021bele dezinfectante\",\"item\":\"https:\\\/\\\/shopatoa.com\\\/ro\\\/dezinfectante-si-servetele-dezinfectante\\\/\"},{\"@type\":\"ListItem\",\"position\":8,\"name\":\"Rudy &#8211; Le Maioliche Sicilian Lemon gel pentru cur\u0103\u021barea m\u00e2inilor 50 ml\"}]},{\"@type\":\"WebSite\",\"@id\":\"https:\\\/\\\/shopatoa.com\\\/ro\\\/#website\",\"url\":\"https:\\\/\\\/shopatoa.com\\\/ro\\\/\",\"name\":\"SHOPATOA\",\"description\":\"\",\"publisher\":{\"@id\":\"https:\\\/\\\/shopatoa.com\\\/ro\\\/#organization\"},\"potentialAction\":[{\"@type\":\"SearchAction\",\"target\":{\"@type\":\"EntryPoint\",\"urlTemplate\":\"https:\\\/\\\/shopatoa.com\\\/ro\\\/?s={search_term_string}\"},\"query-input\":{\"@type\":\"PropertyValueSpecification\",\"valueRequired\":true,\"valueName\":\"search_term_string\"}}],\"inLanguage\":\"ro-RO\"},{\"@type\":\"Organization\",\"@id\":\"https:\\\/\\\/shopatoa.com\\\/ro\\\/#organization\",\"name\":\"SHOPATOA\",\"url\":\"https:\\\/\\\/shopatoa.com\\\/ro\\\/\",\"logo\":{\"@type\":\"ImageObject\",\"inLanguage\":\"ro-RO\",\"@id\":\"https:\\\/\\\/shopatoa.com\\\/ro\\\/#\\\/schema\\\/logo\\\/image\\\/\",\"url\":\"https:\\\/\\\/storage.googleapis.com\\\/cz-shopatoa-img\\\/ro\\\/b4dac915-shopatoa_logo.png\",\"contentUrl\":\"https:\\\/\\\/storage.googleapis.com\\\/cz-shopatoa-img\\\/ro\\\/b4dac915-shopatoa_logo.png\",\"width\":416,\"height\":63,\"caption\":\"SHOPATOA\"},\"image\":{\"@id\":\"https:\\\/\\\/shopatoa.com\\\/ro\\\/#\\\/schema\\\/logo\\\/image\\\/\"}}]}<\/script>\n<!-- \/ Yoast SEO plugin. -->","yoast_head_json":{"title":"Rudy - Le Maioliche Sicilian Lemon gel pentru cur\u0103\u021barea m\u00e2inilor 50 ml - SHOPATOA.COM","robots":{"index":"index","follow":"follow","max-snippet":"max-snippet:-1","max-image-preview":"max-image-preview:large","max-video-preview":"max-video-preview:-1"},"canonical":"https:\/\/shopatoa.com\/ro\/rudy-le-maioliche-sicilian-lemon-gel-pentru-curatarea-mainilor-50-ml\/","og_locale":"ro_RO","og_type":"article","og_title":"Rudy - Le Maioliche Sicilian Lemon gel pentru cur\u0103\u021barea m\u00e2inilor 50 ml - SHOPATOA.COM","og_description":"Rudy &#8211; Le Maioliche Sicilian Lemon, 50 ml, Geluri pentru cur\u0103\u021barea m\u00e2inilor pentru femei, Igiena m\u00e2inilor este extrem de important\u0103, \u00een special \u00eenainte de mas\u0103. Nu ave\u021bi posibilitatea s\u0103 v\u0103 sp\u0103la\u021bi pe m\u00e2ini? Gelul igienic Rudy &#8211; Le Maioliche Sicilian Lemon v\u0103 va ajuta s\u0103 le men\u021bine\u021bi curate oriunde v-a\u021bi afla. V\u0103 va fi de...","og_url":"https:\/\/shopatoa.com\/ro\/rudy-le-maioliche-sicilian-lemon-gel-pentru-curatarea-mainilor-50-ml\/","og_site_name":"SHOPATOA","article_modified_time":"2025-10-08T16:02:24+00:00","og_image":[{"width":800,"height":800,"url":"https:\/\/storage.googleapis.com\/cz-shopatoa-img\/ro\/72d42ac0-unnamed-file.webp","type":"image\/webp"}],"twitter_card":"summary_large_image","twitter_misc":{"Timp estimat pentru citire":"1 minut"},"schema":{"@context":"https:\/\/schema.org","@graph":[{"@type":"WebPage","@id":"https:\/\/shopatoa.com\/ro\/rudy-le-maioliche-sicilian-lemon-gel-pentru-curatarea-mainilor-50-ml\/","url":"https:\/\/shopatoa.com\/ro\/rudy-le-maioliche-sicilian-lemon-gel-pentru-curatarea-mainilor-50-ml\/","name":"Rudy - Le Maioliche Sicilian Lemon gel pentru cur\u0103\u021barea m\u00e2inilor 50 ml - SHOPATOA.COM","isPartOf":{"@id":"https:\/\/shopatoa.com\/ro\/#website"},"primaryImageOfPage":{"@id":"https:\/\/shopatoa.com\/ro\/rudy-le-maioliche-sicilian-lemon-gel-pentru-curatarea-mainilor-50-ml\/#primaryimage"},"image":{"@id":"https:\/\/shopatoa.com\/ro\/rudy-le-maioliche-sicilian-lemon-gel-pentru-curatarea-mainilor-50-ml\/#primaryimage"},"thumbnailUrl":"https:\/\/storage.googleapis.com\/cz-shopatoa-img\/ro\/72d42ac0-unnamed-file.webp","datePublished":"2025-06-16T02:55:02+00:00","dateModified":"2025-10-08T16:02:24+00:00","breadcrumb":{"@id":"https:\/\/shopatoa.com\/ro\/rudy-le-maioliche-sicilian-lemon-gel-pentru-curatarea-mainilor-50-ml\/#breadcrumb"},"inLanguage":"ro-RO","potentialAction":[{"@type":"ReadAction","target":["https:\/\/shopatoa.com\/ro\/rudy-le-maioliche-sicilian-lemon-gel-pentru-curatarea-mainilor-50-ml\/"]}]},{"@type":"ImageObject","inLanguage":"ro-RO","@id":"https:\/\/shopatoa.com\/ro\/rudy-le-maioliche-sicilian-lemon-gel-pentru-curatarea-mainilor-50-ml\/#primaryimage","url":"https:\/\/storage.googleapis.com\/cz-shopatoa-img\/ro\/72d42ac0-unnamed-file.webp","contentUrl":"https:\/\/storage.googleapis.com\/cz-shopatoa-img\/ro\/72d42ac0-unnamed-file.webp","width":800,"height":800},{"@type":"BreadcrumbList","@id":"https:\/\/shopatoa.com\/ro\/rudy-le-maioliche-sicilian-lemon-gel-pentru-curatarea-mainilor-50-ml\/#breadcrumb","itemListElement":[{"@type":"ListItem","position":1,"name":"Dom\u016f","item":"https:\/\/shopatoa.com\/ro\/"},{"@type":"ListItem","position":2,"name":"Shop","item":"https:\/\/shopatoa.com\/ro\/shop\/"},{"@type":"ListItem","position":3,"name":"S\u0103n\u0103tate \u0219i frumuse\u021be","item":"https:\/\/shopatoa.com\/ro\/sanatate-si-frumusete\/"},{"@type":"ListItem","position":4,"name":"\u00cengrijire personal\u0103","item":"https:\/\/shopatoa.com\/ro\/ingrijire-personala\/"},{"@type":"ListItem","position":5,"name":"Cosmetice","item":"https:\/\/shopatoa.com\/ro\/cosmetice-ingrijire-personala\/"},{"@type":"ListItem","position":6,"name":"Baie \u0219i corp","item":"https:\/\/shopatoa.com\/ro\/baie-si-corp\/"},{"@type":"ListItem","position":7,"name":"Dezinfectante \u0219i \u0219erve\u021bele dezinfectante","item":"https:\/\/shopatoa.com\/ro\/dezinfectante-si-servetele-dezinfectante\/"},{"@type":"ListItem","position":8,"name":"Rudy &#8211; Le Maioliche Sicilian Lemon gel pentru cur\u0103\u021barea m\u00e2inilor 50 ml"}]},{"@type":"WebSite","@id":"https:\/\/shopatoa.com\/ro\/#website","url":"https:\/\/shopatoa.com\/ro\/","name":"SHOPATOA","description":"","publisher":{"@id":"https:\/\/shopatoa.com\/ro\/#organization"},"potentialAction":[{"@type":"SearchAction","target":{"@type":"EntryPoint","urlTemplate":"https:\/\/shopatoa.com\/ro\/?s={search_term_string}"},"query-input":{"@type":"PropertyValueSpecification","valueRequired":true,"valueName":"search_term_string"}}],"inLanguage":"ro-RO"},{"@type":"Organization","@id":"https:\/\/shopatoa.com\/ro\/#organization","name":"SHOPATOA","url":"https:\/\/shopatoa.com\/ro\/","logo":{"@type":"ImageObject","inLanguage":"ro-RO","@id":"https:\/\/shopatoa.com\/ro\/#\/schema\/logo\/image\/","url":"https:\/\/storage.googleapis.com\/cz-shopatoa-img\/ro\/b4dac915-shopatoa_logo.png","contentUrl":"https:\/\/storage.googleapis.com\/cz-shopatoa-img\/ro\/b4dac915-shopatoa_logo.png","width":416,"height":63,"caption":"SHOPATOA"},"image":{"@id":"https:\/\/shopatoa.com\/ro\/#\/schema\/logo\/image\/"}}]}},"_links":{"self":[{"href":"https:\/\/shopatoa.com\/ro\/wp-json\/wp\/v2\/product\/381110","targetHints":{"allow":["GET"]}}],"collection":[{"href":"https:\/\/shopatoa.com\/ro\/wp-json\/wp\/v2\/product"}],"about":[{"href":"https:\/\/shopatoa.com\/ro\/wp-json\/wp\/v2\/types\/product"}],"replies":[{"embeddable":true,"href":"https:\/\/shopatoa.com\/ro\/wp-json\/wp\/v2\/comments?post=381110"}],"wp:featuredmedia":[{"embeddable":true,"href":"https:\/\/shopatoa.com\/ro\/wp-json\/wp\/v2\/media\/381111"}],"wp:attachment":[{"href":"https:\/\/shopatoa.com\/ro\/wp-json\/wp\/v2\/media?parent=381110"}],"wp:term":[{"taxonomy":"product_brand","embeddable":true,"href":"https:\/\/shopatoa.com\/ro\/wp-json\/wp\/v2\/product_brand?post=381110"},{"taxonomy":"product_cat","embeddable":true,"href":"https:\/\/shopatoa.com\/ro\/wp-json\/wp\/v2\/product_cat?post=381110"},{"taxonomy":"product_tag","embeddable":true,"href":"https:\/\/shopatoa.com\/ro\/wp-json\/wp\/v2\/product_tag?post=381110"}],"curies":[{"name":"wp","href":"https:\/\/api.w.org\/{rel}","templated":true}]}}