{"id":381767,"date":"2025-06-16T06:14:02","date_gmt":"2025-06-16T04:14:02","guid":{"rendered":"https:\/\/shopatoa.com\/ro\/beautyblender-discglow-inferno-set-pentru-look-perfect-ii\/"},"modified":"2025-11-09T20:04:57","modified_gmt":"2025-11-09T19:04:57","slug":"beautyblender-discglow-inferno-set-pentru-look-perfect-ii","status":"publish","type":"product","link":"https:\/\/shopatoa.com\/ro\/beautyblender-discglow-inferno-set-pentru-look-perfect-ii\/","title":{"rendered":"beautyblender\u00ae Discglow Inferno set pentru look perfect II."},"content":{"rendered":"<p>beautyblender\u00ae Discglow Inferno, Pentru curatarea pensulelor pentru femei, Totul pentru un machiaj perfect \u00eentr-un singur ambalaj. Setul de cosmetice beautyblender\u00ae Discglow Inferno con\u021bine nu unul, ci mai multe articole de beauty, pentru a v\u0103 ajuta s\u0103 crea\u021bi sau s\u0103 \u00eembog\u0103\u021bi\u021bi rutina obi\u0219nuit\u0103 de machiaj. Pachetul plin de produse cosmetice decorative v\u0103 va \u00eenc\u00e2nta cu siguran\u021b\u0103 sau, drept cadou, \u00eei va \u00eenc\u00e2nta pe cei dragi.  Setul con\u021bine:   Pink burete pentru machiaj 1 buc  Beautyblender burete pentru machiaj, cu suport 1 buc Beautyclenser Solid detergent solid pentru bure\u021bi de machiaj \u0219i pensule 1 buc  Caracteristici:  frumos ambalat pentru aplicarea precis\u0103 a fondului de ten bucur\u0103 orice femeie  Cum se utilizeaz\u0103: Folosi\u021bi fiecare produs din setul cosmetic conform instruc\u021biunilor proprii.<\/p>\n","protected":false},"excerpt":{"rendered":"<p>beautyblender\u00ae Discglow Inferno, Pentru curatarea pensulelor pentru femei, Totul pentru un machiaj perfect \u00eentr-un singur ambalaj. Setul de cosmetice beautyblender\u00ae Discglow Inferno con\u021bine nu unul, ci mai multe articole de beauty, pentru a v\u0103 ajuta s\u0103 crea\u021bi sau s\u0103 \u00eembog\u0103\u021bi\u021bi rutina obi\u0219nuit\u0103 de machiaj. Pachetul plin de produse cosmetice decorative v\u0103 va \u00eenc\u00e2nta cu siguran\u021b\u0103&#8230;<\/p>\n","protected":false},"featured_media":381768,"comment_status":"closed","ping_status":"open","template":"","meta":{"_acf_changed":false,"_kadence_starter_templates_imported_post":false,"_kad_post_transparent":"","_kad_post_title":"","_kad_post_layout":"","_kad_post_sidebar_id":"","_kad_post_content_style":"","_kad_post_vertical_padding":"","_kad_post_feature":"","_kad_post_feature_position":"","_kad_post_header":false,"_kad_post_footer":false,"_kad_post_classname":""},"product_brand":[2125],"product_cat":[1564,1563,1576,1622,1562],"product_tag":[],"class_list":{"0":"post-381767","1":"product","2":"type-product","3":"status-publish","4":"has-post-thumbnail","6":"product_brand-beautyblender","7":"product_cat-cosmetice-ingrijire-personala","8":"product_cat-ingrijire-personala","9":"product_cat-machiaj","10":"product_cat-machiaj-de-fata","11":"product_cat-sanatate-si-frumusete","12":"pa_gen-female","14":"first","15":"instock","16":"sale","17":"product-type-external","18":"entry","19":"content-bg","20":"loop-entry"},"acf":[],"yoast_head":"<!-- This site is optimized with the Yoast SEO plugin v27.4 - https:\/\/yoast.com\/product\/yoast-seo-wordpress\/ -->\n<title>beautyblender\u00ae Discglow Inferno set pentru look perfect II. - SHOPATOA.COM<\/title>\n<meta name=\"robots\" content=\"index, follow, max-snippet:-1, max-image-preview:large, max-video-preview:-1\" \/>\n<link rel=\"canonical\" href=\"https:\/\/shopatoa.com\/ro\/beautyblender-discglow-inferno-set-pentru-look-perfect-ii\/\" \/>\n<meta property=\"og:locale\" content=\"ro_RO\" \/>\n<meta property=\"og:type\" content=\"article\" \/>\n<meta property=\"og:title\" content=\"beautyblender\u00ae Discglow Inferno set pentru look perfect II. - SHOPATOA.COM\" \/>\n<meta property=\"og:description\" content=\"beautyblender\u00ae Discglow Inferno, Pentru curatarea pensulelor pentru femei, Totul pentru un machiaj perfect \u00eentr-un singur ambalaj. Setul de cosmetice beautyblender\u00ae Discglow Inferno con\u021bine nu unul, ci mai multe articole de beauty, pentru a v\u0103 ajuta s\u0103 crea\u021bi sau s\u0103 \u00eembog\u0103\u021bi\u021bi rutina obi\u0219nuit\u0103 de machiaj. Pachetul plin de produse cosmetice decorative v\u0103 va \u00eenc\u00e2nta cu siguran\u021b\u0103...\" \/>\n<meta property=\"og:url\" content=\"https:\/\/shopatoa.com\/ro\/beautyblender-discglow-inferno-set-pentru-look-perfect-ii\/\" \/>\n<meta property=\"og:site_name\" content=\"SHOPATOA\" \/>\n<meta property=\"article:modified_time\" content=\"2025-11-09T19:04:57+00:00\" \/>\n<meta property=\"og:image\" content=\"https:\/\/storage.googleapis.com\/cz-shopatoa-img\/ro\/6924f0ed-unnamed-file.webp\" \/>\n\t<meta property=\"og:image:width\" content=\"800\" \/>\n\t<meta property=\"og:image:height\" content=\"800\" \/>\n\t<meta property=\"og:image:type\" content=\"image\/webp\" \/>\n<meta name=\"twitter:card\" content=\"summary_large_image\" \/>\n<meta name=\"twitter:label1\" content=\"Timp estimat pentru citire\" \/>\n\t<meta name=\"twitter:data1\" content=\"1 minut\" \/>\n<script type=\"application\/ld+json\" class=\"yoast-schema-graph\">{\"@context\":\"https:\\\/\\\/schema.org\",\"@graph\":[{\"@type\":\"WebPage\",\"@id\":\"https:\\\/\\\/shopatoa.com\\\/ro\\\/beautyblender-discglow-inferno-set-pentru-look-perfect-ii\\\/\",\"url\":\"https:\\\/\\\/shopatoa.com\\\/ro\\\/beautyblender-discglow-inferno-set-pentru-look-perfect-ii\\\/\",\"name\":\"beautyblender\u00ae Discglow Inferno set pentru look perfect II. - SHOPATOA.COM\",\"isPartOf\":{\"@id\":\"https:\\\/\\\/shopatoa.com\\\/ro\\\/#website\"},\"primaryImageOfPage\":{\"@id\":\"https:\\\/\\\/shopatoa.com\\\/ro\\\/beautyblender-discglow-inferno-set-pentru-look-perfect-ii\\\/#primaryimage\"},\"image\":{\"@id\":\"https:\\\/\\\/shopatoa.com\\\/ro\\\/beautyblender-discglow-inferno-set-pentru-look-perfect-ii\\\/#primaryimage\"},\"thumbnailUrl\":\"https:\\\/\\\/storage.googleapis.com\\\/cz-shopatoa-img\\\/ro\\\/6924f0ed-unnamed-file.webp\",\"datePublished\":\"2025-06-16T04:14:02+00:00\",\"dateModified\":\"2025-11-09T19:04:57+00:00\",\"breadcrumb\":{\"@id\":\"https:\\\/\\\/shopatoa.com\\\/ro\\\/beautyblender-discglow-inferno-set-pentru-look-perfect-ii\\\/#breadcrumb\"},\"inLanguage\":\"ro-RO\",\"potentialAction\":[{\"@type\":\"ReadAction\",\"target\":[\"https:\\\/\\\/shopatoa.com\\\/ro\\\/beautyblender-discglow-inferno-set-pentru-look-perfect-ii\\\/\"]}]},{\"@type\":\"ImageObject\",\"inLanguage\":\"ro-RO\",\"@id\":\"https:\\\/\\\/shopatoa.com\\\/ro\\\/beautyblender-discglow-inferno-set-pentru-look-perfect-ii\\\/#primaryimage\",\"url\":\"https:\\\/\\\/storage.googleapis.com\\\/cz-shopatoa-img\\\/ro\\\/6924f0ed-unnamed-file.webp\",\"contentUrl\":\"https:\\\/\\\/storage.googleapis.com\\\/cz-shopatoa-img\\\/ro\\\/6924f0ed-unnamed-file.webp\",\"width\":800,\"height\":800},{\"@type\":\"BreadcrumbList\",\"@id\":\"https:\\\/\\\/shopatoa.com\\\/ro\\\/beautyblender-discglow-inferno-set-pentru-look-perfect-ii\\\/#breadcrumb\",\"itemListElement\":[{\"@type\":\"ListItem\",\"position\":1,\"name\":\"Dom\u016f\",\"item\":\"https:\\\/\\\/shopatoa.com\\\/ro\\\/\"},{\"@type\":\"ListItem\",\"position\":2,\"name\":\"Shop\",\"item\":\"https:\\\/\\\/shopatoa.com\\\/ro\\\/shop\\\/\"},{\"@type\":\"ListItem\",\"position\":3,\"name\":\"S\u0103n\u0103tate \u0219i frumuse\u021be\",\"item\":\"https:\\\/\\\/shopatoa.com\\\/ro\\\/sanatate-si-frumusete\\\/\"},{\"@type\":\"ListItem\",\"position\":4,\"name\":\"\u00cengrijire personal\u0103\",\"item\":\"https:\\\/\\\/shopatoa.com\\\/ro\\\/ingrijire-personala\\\/\"},{\"@type\":\"ListItem\",\"position\":5,\"name\":\"Cosmetice\",\"item\":\"https:\\\/\\\/shopatoa.com\\\/ro\\\/cosmetice-ingrijire-personala\\\/\"},{\"@type\":\"ListItem\",\"position\":6,\"name\":\"Machiaj\",\"item\":\"https:\\\/\\\/shopatoa.com\\\/ro\\\/machiaj\\\/\"},{\"@type\":\"ListItem\",\"position\":7,\"name\":\"Machiaj de fa\u021b\u0103\",\"item\":\"https:\\\/\\\/shopatoa.com\\\/ro\\\/machiaj-de-fata\\\/\"},{\"@type\":\"ListItem\",\"position\":8,\"name\":\"beautyblender\u00ae Discglow Inferno set pentru look perfect II.\"}]},{\"@type\":\"WebSite\",\"@id\":\"https:\\\/\\\/shopatoa.com\\\/ro\\\/#website\",\"url\":\"https:\\\/\\\/shopatoa.com\\\/ro\\\/\",\"name\":\"SHOPATOA\",\"description\":\"\",\"publisher\":{\"@id\":\"https:\\\/\\\/shopatoa.com\\\/ro\\\/#organization\"},\"potentialAction\":[{\"@type\":\"SearchAction\",\"target\":{\"@type\":\"EntryPoint\",\"urlTemplate\":\"https:\\\/\\\/shopatoa.com\\\/ro\\\/?s={search_term_string}\"},\"query-input\":{\"@type\":\"PropertyValueSpecification\",\"valueRequired\":true,\"valueName\":\"search_term_string\"}}],\"inLanguage\":\"ro-RO\"},{\"@type\":\"Organization\",\"@id\":\"https:\\\/\\\/shopatoa.com\\\/ro\\\/#organization\",\"name\":\"SHOPATOA\",\"url\":\"https:\\\/\\\/shopatoa.com\\\/ro\\\/\",\"logo\":{\"@type\":\"ImageObject\",\"inLanguage\":\"ro-RO\",\"@id\":\"https:\\\/\\\/shopatoa.com\\\/ro\\\/#\\\/schema\\\/logo\\\/image\\\/\",\"url\":\"https:\\\/\\\/storage.googleapis.com\\\/cz-shopatoa-img\\\/ro\\\/b4dac915-shopatoa_logo.png\",\"contentUrl\":\"https:\\\/\\\/storage.googleapis.com\\\/cz-shopatoa-img\\\/ro\\\/b4dac915-shopatoa_logo.png\",\"width\":416,\"height\":63,\"caption\":\"SHOPATOA\"},\"image\":{\"@id\":\"https:\\\/\\\/shopatoa.com\\\/ro\\\/#\\\/schema\\\/logo\\\/image\\\/\"}}]}<\/script>\n<!-- \/ Yoast SEO plugin. -->","yoast_head_json":{"title":"beautyblender\u00ae Discglow Inferno set pentru look perfect II. - SHOPATOA.COM","robots":{"index":"index","follow":"follow","max-snippet":"max-snippet:-1","max-image-preview":"max-image-preview:large","max-video-preview":"max-video-preview:-1"},"canonical":"https:\/\/shopatoa.com\/ro\/beautyblender-discglow-inferno-set-pentru-look-perfect-ii\/","og_locale":"ro_RO","og_type":"article","og_title":"beautyblender\u00ae Discglow Inferno set pentru look perfect II. - SHOPATOA.COM","og_description":"beautyblender\u00ae Discglow Inferno, Pentru curatarea pensulelor pentru femei, Totul pentru un machiaj perfect \u00eentr-un singur ambalaj. Setul de cosmetice beautyblender\u00ae Discglow Inferno con\u021bine nu unul, ci mai multe articole de beauty, pentru a v\u0103 ajuta s\u0103 crea\u021bi sau s\u0103 \u00eembog\u0103\u021bi\u021bi rutina obi\u0219nuit\u0103 de machiaj. Pachetul plin de produse cosmetice decorative v\u0103 va \u00eenc\u00e2nta cu siguran\u021b\u0103...","og_url":"https:\/\/shopatoa.com\/ro\/beautyblender-discglow-inferno-set-pentru-look-perfect-ii\/","og_site_name":"SHOPATOA","article_modified_time":"2025-11-09T19:04:57+00:00","og_image":[{"width":800,"height":800,"url":"https:\/\/storage.googleapis.com\/cz-shopatoa-img\/ro\/6924f0ed-unnamed-file.webp","type":"image\/webp"}],"twitter_card":"summary_large_image","twitter_misc":{"Timp estimat pentru citire":"1 minut"},"schema":{"@context":"https:\/\/schema.org","@graph":[{"@type":"WebPage","@id":"https:\/\/shopatoa.com\/ro\/beautyblender-discglow-inferno-set-pentru-look-perfect-ii\/","url":"https:\/\/shopatoa.com\/ro\/beautyblender-discglow-inferno-set-pentru-look-perfect-ii\/","name":"beautyblender\u00ae Discglow Inferno set pentru look perfect II. - SHOPATOA.COM","isPartOf":{"@id":"https:\/\/shopatoa.com\/ro\/#website"},"primaryImageOfPage":{"@id":"https:\/\/shopatoa.com\/ro\/beautyblender-discglow-inferno-set-pentru-look-perfect-ii\/#primaryimage"},"image":{"@id":"https:\/\/shopatoa.com\/ro\/beautyblender-discglow-inferno-set-pentru-look-perfect-ii\/#primaryimage"},"thumbnailUrl":"https:\/\/storage.googleapis.com\/cz-shopatoa-img\/ro\/6924f0ed-unnamed-file.webp","datePublished":"2025-06-16T04:14:02+00:00","dateModified":"2025-11-09T19:04:57+00:00","breadcrumb":{"@id":"https:\/\/shopatoa.com\/ro\/beautyblender-discglow-inferno-set-pentru-look-perfect-ii\/#breadcrumb"},"inLanguage":"ro-RO","potentialAction":[{"@type":"ReadAction","target":["https:\/\/shopatoa.com\/ro\/beautyblender-discglow-inferno-set-pentru-look-perfect-ii\/"]}]},{"@type":"ImageObject","inLanguage":"ro-RO","@id":"https:\/\/shopatoa.com\/ro\/beautyblender-discglow-inferno-set-pentru-look-perfect-ii\/#primaryimage","url":"https:\/\/storage.googleapis.com\/cz-shopatoa-img\/ro\/6924f0ed-unnamed-file.webp","contentUrl":"https:\/\/storage.googleapis.com\/cz-shopatoa-img\/ro\/6924f0ed-unnamed-file.webp","width":800,"height":800},{"@type":"BreadcrumbList","@id":"https:\/\/shopatoa.com\/ro\/beautyblender-discglow-inferno-set-pentru-look-perfect-ii\/#breadcrumb","itemListElement":[{"@type":"ListItem","position":1,"name":"Dom\u016f","item":"https:\/\/shopatoa.com\/ro\/"},{"@type":"ListItem","position":2,"name":"Shop","item":"https:\/\/shopatoa.com\/ro\/shop\/"},{"@type":"ListItem","position":3,"name":"S\u0103n\u0103tate \u0219i frumuse\u021be","item":"https:\/\/shopatoa.com\/ro\/sanatate-si-frumusete\/"},{"@type":"ListItem","position":4,"name":"\u00cengrijire personal\u0103","item":"https:\/\/shopatoa.com\/ro\/ingrijire-personala\/"},{"@type":"ListItem","position":5,"name":"Cosmetice","item":"https:\/\/shopatoa.com\/ro\/cosmetice-ingrijire-personala\/"},{"@type":"ListItem","position":6,"name":"Machiaj","item":"https:\/\/shopatoa.com\/ro\/machiaj\/"},{"@type":"ListItem","position":7,"name":"Machiaj de fa\u021b\u0103","item":"https:\/\/shopatoa.com\/ro\/machiaj-de-fata\/"},{"@type":"ListItem","position":8,"name":"beautyblender\u00ae Discglow Inferno set pentru look perfect II."}]},{"@type":"WebSite","@id":"https:\/\/shopatoa.com\/ro\/#website","url":"https:\/\/shopatoa.com\/ro\/","name":"SHOPATOA","description":"","publisher":{"@id":"https:\/\/shopatoa.com\/ro\/#organization"},"potentialAction":[{"@type":"SearchAction","target":{"@type":"EntryPoint","urlTemplate":"https:\/\/shopatoa.com\/ro\/?s={search_term_string}"},"query-input":{"@type":"PropertyValueSpecification","valueRequired":true,"valueName":"search_term_string"}}],"inLanguage":"ro-RO"},{"@type":"Organization","@id":"https:\/\/shopatoa.com\/ro\/#organization","name":"SHOPATOA","url":"https:\/\/shopatoa.com\/ro\/","logo":{"@type":"ImageObject","inLanguage":"ro-RO","@id":"https:\/\/shopatoa.com\/ro\/#\/schema\/logo\/image\/","url":"https:\/\/storage.googleapis.com\/cz-shopatoa-img\/ro\/b4dac915-shopatoa_logo.png","contentUrl":"https:\/\/storage.googleapis.com\/cz-shopatoa-img\/ro\/b4dac915-shopatoa_logo.png","width":416,"height":63,"caption":"SHOPATOA"},"image":{"@id":"https:\/\/shopatoa.com\/ro\/#\/schema\/logo\/image\/"}}]}},"_links":{"self":[{"href":"https:\/\/shopatoa.com\/ro\/wp-json\/wp\/v2\/product\/381767","targetHints":{"allow":["GET"]}}],"collection":[{"href":"https:\/\/shopatoa.com\/ro\/wp-json\/wp\/v2\/product"}],"about":[{"href":"https:\/\/shopatoa.com\/ro\/wp-json\/wp\/v2\/types\/product"}],"replies":[{"embeddable":true,"href":"https:\/\/shopatoa.com\/ro\/wp-json\/wp\/v2\/comments?post=381767"}],"wp:featuredmedia":[{"embeddable":true,"href":"https:\/\/shopatoa.com\/ro\/wp-json\/wp\/v2\/media\/381768"}],"wp:attachment":[{"href":"https:\/\/shopatoa.com\/ro\/wp-json\/wp\/v2\/media?parent=381767"}],"wp:term":[{"taxonomy":"product_brand","embeddable":true,"href":"https:\/\/shopatoa.com\/ro\/wp-json\/wp\/v2\/product_brand?post=381767"},{"taxonomy":"product_cat","embeddable":true,"href":"https:\/\/shopatoa.com\/ro\/wp-json\/wp\/v2\/product_cat?post=381767"},{"taxonomy":"product_tag","embeddable":true,"href":"https:\/\/shopatoa.com\/ro\/wp-json\/wp\/v2\/product_tag?post=381767"}],"curies":[{"name":"wp","href":"https:\/\/api.w.org\/{rel}","templated":true}]}}