{"id":381797,"date":"2025-06-16T06:15:43","date_gmt":"2025-06-16T04:15:43","guid":{"rendered":"https:\/\/shopatoa.com\/ro\/danessa-myricks-beauty-lightwork-palette-paleta-pentru-fata-multifunctionala-faciale-culoare-ii\/"},"modified":"2025-12-12T15:15:48","modified_gmt":"2025-12-12T14:15:48","slug":"danessa-myricks-beauty-lightwork-palette-paleta-pentru-fata-multifunctionala-faciale-culoare-ii","status":"publish","type":"product","link":"https:\/\/shopatoa.com\/ro\/danessa-myricks-beauty-lightwork-palette-paleta-pentru-fata-multifunctionala-faciale-culoare-ii\/","title":{"rendered":"Danessa Myricks Beauty Lightwork Palette paleta pentru fata multifunctionala faciale culoare II"},"content":{"rendered":"<p>Danessa Myricks Beauty Lightwork Palette, 6&#215;8 g, Palete de machiaj multifunc\u021bionale pentru femei, Cu paleta de lux Danessa Myricks Beauty Lightwork se poate crea un fond de ten perfect, ca de la un artist \u00een fond de ten.  Caracteristici:  d\u0103 farmec fe\u021bei permite diverse stiluri de fond de ten cu aspect profesional rafineaz\u0103 \u0219i ilumineaz\u0103 chipul pentru rezisten\u021b\u0103 de lung\u0103 durat\u0103 efect sclipitor  Ingrediente:  oglind\u0103  Cum se utilizeaz\u0103: Se ia pe pensul\u0103 o cantitate mic\u0103 de fond de ten \u0219i se aplic\u0103 pe fa\u021b\u0103, dup\u0103 dorin\u021b\u0103.<\/p>\n","protected":false},"excerpt":{"rendered":"<p>Danessa Myricks Beauty Lightwork Palette, 6&#215;8 g, Palete de machiaj multifunc\u021bionale pentru femei, Cu paleta de lux Danessa Myricks Beauty Lightwork se poate crea un fond de ten perfect, ca de la un artist \u00een fond de ten. Caracteristici: d\u0103 farmec fe\u021bei permite diverse stiluri de fond de ten cu aspect profesional rafineaz\u0103 \u0219i ilumineaz\u0103&#8230;<\/p>\n","protected":false},"featured_media":381798,"comment_status":"closed","ping_status":"open","template":"","meta":{"_acf_changed":false,"_kadence_starter_templates_imported_post":false,"_kad_post_transparent":"","_kad_post_title":"","_kad_post_layout":"","_kad_post_sidebar_id":"","_kad_post_content_style":"","_kad_post_vertical_padding":"","_kad_post_feature":"","_kad_post_feature_position":"","_kad_post_header":false,"_kad_post_footer":false,"_kad_post_classname":""},"product_brand":[1920],"product_cat":[1564,1563,1576,1622,1562],"product_tag":[],"class_list":{"0":"post-381797","1":"product","2":"type-product","3":"status-publish","4":"has-post-thumbnail","6":"product_brand-danessa-myricks-beauty","7":"product_cat-cosmetice-ingrijire-personala","8":"product_cat-ingrijire-personala","9":"product_cat-machiaj","10":"product_cat-machiaj-de-fata","11":"product_cat-sanatate-si-frumusete","12":"pa_gen-female","13":"pa_marime-6x8-g","15":"first","16":"instock","17":"sale","18":"product-type-external","19":"entry","20":"content-bg","21":"loop-entry"},"acf":[],"yoast_head":"<!-- This site is optimized with the Yoast SEO plugin v27.4 - https:\/\/yoast.com\/product\/yoast-seo-wordpress\/ -->\n<title>Danessa Myricks Beauty Lightwork Palette paleta pentru fata multifunctionala faciale culoare II - SHOPATOA.COM<\/title>\n<meta name=\"robots\" content=\"index, follow, max-snippet:-1, max-image-preview:large, max-video-preview:-1\" \/>\n<link rel=\"canonical\" href=\"https:\/\/shopatoa.com\/ro\/danessa-myricks-beauty-lightwork-palette-paleta-pentru-fata-multifunctionala-faciale-culoare-ii\/\" \/>\n<meta property=\"og:locale\" content=\"ro_RO\" \/>\n<meta property=\"og:type\" content=\"article\" \/>\n<meta property=\"og:title\" content=\"Danessa Myricks Beauty Lightwork Palette paleta pentru fata multifunctionala faciale culoare II - SHOPATOA.COM\" \/>\n<meta property=\"og:description\" content=\"Danessa Myricks Beauty Lightwork Palette, 6&#215;8 g, Palete de machiaj multifunc\u021bionale pentru femei, Cu paleta de lux Danessa Myricks Beauty Lightwork se poate crea un fond de ten perfect, ca de la un artist \u00een fond de ten. Caracteristici: d\u0103 farmec fe\u021bei permite diverse stiluri de fond de ten cu aspect profesional rafineaz\u0103 \u0219i ilumineaz\u0103...\" \/>\n<meta property=\"og:url\" content=\"https:\/\/shopatoa.com\/ro\/danessa-myricks-beauty-lightwork-palette-paleta-pentru-fata-multifunctionala-faciale-culoare-ii\/\" \/>\n<meta property=\"og:site_name\" content=\"SHOPATOA\" \/>\n<meta property=\"article:modified_time\" content=\"2025-12-12T14:15:48+00:00\" \/>\n<meta property=\"og:image\" content=\"https:\/\/storage.googleapis.com\/cz-shopatoa-img\/ro\/681bd561-unnamed-file.webp\" \/>\n\t<meta property=\"og:image:width\" content=\"800\" \/>\n\t<meta property=\"og:image:height\" content=\"800\" \/>\n\t<meta property=\"og:image:type\" content=\"image\/webp\" \/>\n<meta name=\"twitter:card\" content=\"summary_large_image\" \/>\n<script type=\"application\/ld+json\" class=\"yoast-schema-graph\">{\"@context\":\"https:\\\/\\\/schema.org\",\"@graph\":[{\"@type\":\"WebPage\",\"@id\":\"https:\\\/\\\/shopatoa.com\\\/ro\\\/danessa-myricks-beauty-lightwork-palette-paleta-pentru-fata-multifunctionala-faciale-culoare-ii\\\/\",\"url\":\"https:\\\/\\\/shopatoa.com\\\/ro\\\/danessa-myricks-beauty-lightwork-palette-paleta-pentru-fata-multifunctionala-faciale-culoare-ii\\\/\",\"name\":\"Danessa Myricks Beauty Lightwork Palette paleta pentru fata multifunctionala faciale culoare II - SHOPATOA.COM\",\"isPartOf\":{\"@id\":\"https:\\\/\\\/shopatoa.com\\\/ro\\\/#website\"},\"primaryImageOfPage\":{\"@id\":\"https:\\\/\\\/shopatoa.com\\\/ro\\\/danessa-myricks-beauty-lightwork-palette-paleta-pentru-fata-multifunctionala-faciale-culoare-ii\\\/#primaryimage\"},\"image\":{\"@id\":\"https:\\\/\\\/shopatoa.com\\\/ro\\\/danessa-myricks-beauty-lightwork-palette-paleta-pentru-fata-multifunctionala-faciale-culoare-ii\\\/#primaryimage\"},\"thumbnailUrl\":\"https:\\\/\\\/storage.googleapis.com\\\/cz-shopatoa-img\\\/ro\\\/681bd561-unnamed-file.webp\",\"datePublished\":\"2025-06-16T04:15:43+00:00\",\"dateModified\":\"2025-12-12T14:15:48+00:00\",\"breadcrumb\":{\"@id\":\"https:\\\/\\\/shopatoa.com\\\/ro\\\/danessa-myricks-beauty-lightwork-palette-paleta-pentru-fata-multifunctionala-faciale-culoare-ii\\\/#breadcrumb\"},\"inLanguage\":\"ro-RO\",\"potentialAction\":[{\"@type\":\"ReadAction\",\"target\":[\"https:\\\/\\\/shopatoa.com\\\/ro\\\/danessa-myricks-beauty-lightwork-palette-paleta-pentru-fata-multifunctionala-faciale-culoare-ii\\\/\"]}]},{\"@type\":\"ImageObject\",\"inLanguage\":\"ro-RO\",\"@id\":\"https:\\\/\\\/shopatoa.com\\\/ro\\\/danessa-myricks-beauty-lightwork-palette-paleta-pentru-fata-multifunctionala-faciale-culoare-ii\\\/#primaryimage\",\"url\":\"https:\\\/\\\/storage.googleapis.com\\\/cz-shopatoa-img\\\/ro\\\/681bd561-unnamed-file.webp\",\"contentUrl\":\"https:\\\/\\\/storage.googleapis.com\\\/cz-shopatoa-img\\\/ro\\\/681bd561-unnamed-file.webp\",\"width\":800,\"height\":800},{\"@type\":\"BreadcrumbList\",\"@id\":\"https:\\\/\\\/shopatoa.com\\\/ro\\\/danessa-myricks-beauty-lightwork-palette-paleta-pentru-fata-multifunctionala-faciale-culoare-ii\\\/#breadcrumb\",\"itemListElement\":[{\"@type\":\"ListItem\",\"position\":1,\"name\":\"Dom\u016f\",\"item\":\"https:\\\/\\\/shopatoa.com\\\/ro\\\/\"},{\"@type\":\"ListItem\",\"position\":2,\"name\":\"Shop\",\"item\":\"https:\\\/\\\/shopatoa.com\\\/ro\\\/shop\\\/\"},{\"@type\":\"ListItem\",\"position\":3,\"name\":\"S\u0103n\u0103tate \u0219i frumuse\u021be\",\"item\":\"https:\\\/\\\/shopatoa.com\\\/ro\\\/sanatate-si-frumusete\\\/\"},{\"@type\":\"ListItem\",\"position\":4,\"name\":\"\u00cengrijire personal\u0103\",\"item\":\"https:\\\/\\\/shopatoa.com\\\/ro\\\/ingrijire-personala\\\/\"},{\"@type\":\"ListItem\",\"position\":5,\"name\":\"Cosmetice\",\"item\":\"https:\\\/\\\/shopatoa.com\\\/ro\\\/cosmetice-ingrijire-personala\\\/\"},{\"@type\":\"ListItem\",\"position\":6,\"name\":\"Machiaj\",\"item\":\"https:\\\/\\\/shopatoa.com\\\/ro\\\/machiaj\\\/\"},{\"@type\":\"ListItem\",\"position\":7,\"name\":\"Machiaj de fa\u021b\u0103\",\"item\":\"https:\\\/\\\/shopatoa.com\\\/ro\\\/machiaj-de-fata\\\/\"},{\"@type\":\"ListItem\",\"position\":8,\"name\":\"Danessa Myricks Beauty Lightwork Palette paleta pentru fata multifunctionala faciale culoare II\"}]},{\"@type\":\"WebSite\",\"@id\":\"https:\\\/\\\/shopatoa.com\\\/ro\\\/#website\",\"url\":\"https:\\\/\\\/shopatoa.com\\\/ro\\\/\",\"name\":\"SHOPATOA\",\"description\":\"\",\"publisher\":{\"@id\":\"https:\\\/\\\/shopatoa.com\\\/ro\\\/#organization\"},\"potentialAction\":[{\"@type\":\"SearchAction\",\"target\":{\"@type\":\"EntryPoint\",\"urlTemplate\":\"https:\\\/\\\/shopatoa.com\\\/ro\\\/?s={search_term_string}\"},\"query-input\":{\"@type\":\"PropertyValueSpecification\",\"valueRequired\":true,\"valueName\":\"search_term_string\"}}],\"inLanguage\":\"ro-RO\"},{\"@type\":\"Organization\",\"@id\":\"https:\\\/\\\/shopatoa.com\\\/ro\\\/#organization\",\"name\":\"SHOPATOA\",\"url\":\"https:\\\/\\\/shopatoa.com\\\/ro\\\/\",\"logo\":{\"@type\":\"ImageObject\",\"inLanguage\":\"ro-RO\",\"@id\":\"https:\\\/\\\/shopatoa.com\\\/ro\\\/#\\\/schema\\\/logo\\\/image\\\/\",\"url\":\"https:\\\/\\\/storage.googleapis.com\\\/cz-shopatoa-img\\\/ro\\\/b4dac915-shopatoa_logo.png\",\"contentUrl\":\"https:\\\/\\\/storage.googleapis.com\\\/cz-shopatoa-img\\\/ro\\\/b4dac915-shopatoa_logo.png\",\"width\":416,\"height\":63,\"caption\":\"SHOPATOA\"},\"image\":{\"@id\":\"https:\\\/\\\/shopatoa.com\\\/ro\\\/#\\\/schema\\\/logo\\\/image\\\/\"}}]}<\/script>\n<!-- \/ Yoast SEO plugin. -->","yoast_head_json":{"title":"Danessa Myricks Beauty Lightwork Palette paleta pentru fata multifunctionala faciale culoare II - SHOPATOA.COM","robots":{"index":"index","follow":"follow","max-snippet":"max-snippet:-1","max-image-preview":"max-image-preview:large","max-video-preview":"max-video-preview:-1"},"canonical":"https:\/\/shopatoa.com\/ro\/danessa-myricks-beauty-lightwork-palette-paleta-pentru-fata-multifunctionala-faciale-culoare-ii\/","og_locale":"ro_RO","og_type":"article","og_title":"Danessa Myricks Beauty Lightwork Palette paleta pentru fata multifunctionala faciale culoare II - SHOPATOA.COM","og_description":"Danessa Myricks Beauty Lightwork Palette, 6&#215;8 g, Palete de machiaj multifunc\u021bionale pentru femei, Cu paleta de lux Danessa Myricks Beauty Lightwork se poate crea un fond de ten perfect, ca de la un artist \u00een fond de ten. Caracteristici: d\u0103 farmec fe\u021bei permite diverse stiluri de fond de ten cu aspect profesional rafineaz\u0103 \u0219i ilumineaz\u0103...","og_url":"https:\/\/shopatoa.com\/ro\/danessa-myricks-beauty-lightwork-palette-paleta-pentru-fata-multifunctionala-faciale-culoare-ii\/","og_site_name":"SHOPATOA","article_modified_time":"2025-12-12T14:15:48+00:00","og_image":[{"width":800,"height":800,"url":"https:\/\/storage.googleapis.com\/cz-shopatoa-img\/ro\/681bd561-unnamed-file.webp","type":"image\/webp"}],"twitter_card":"summary_large_image","schema":{"@context":"https:\/\/schema.org","@graph":[{"@type":"WebPage","@id":"https:\/\/shopatoa.com\/ro\/danessa-myricks-beauty-lightwork-palette-paleta-pentru-fata-multifunctionala-faciale-culoare-ii\/","url":"https:\/\/shopatoa.com\/ro\/danessa-myricks-beauty-lightwork-palette-paleta-pentru-fata-multifunctionala-faciale-culoare-ii\/","name":"Danessa Myricks Beauty Lightwork Palette paleta pentru fata multifunctionala faciale culoare II - SHOPATOA.COM","isPartOf":{"@id":"https:\/\/shopatoa.com\/ro\/#website"},"primaryImageOfPage":{"@id":"https:\/\/shopatoa.com\/ro\/danessa-myricks-beauty-lightwork-palette-paleta-pentru-fata-multifunctionala-faciale-culoare-ii\/#primaryimage"},"image":{"@id":"https:\/\/shopatoa.com\/ro\/danessa-myricks-beauty-lightwork-palette-paleta-pentru-fata-multifunctionala-faciale-culoare-ii\/#primaryimage"},"thumbnailUrl":"https:\/\/storage.googleapis.com\/cz-shopatoa-img\/ro\/681bd561-unnamed-file.webp","datePublished":"2025-06-16T04:15:43+00:00","dateModified":"2025-12-12T14:15:48+00:00","breadcrumb":{"@id":"https:\/\/shopatoa.com\/ro\/danessa-myricks-beauty-lightwork-palette-paleta-pentru-fata-multifunctionala-faciale-culoare-ii\/#breadcrumb"},"inLanguage":"ro-RO","potentialAction":[{"@type":"ReadAction","target":["https:\/\/shopatoa.com\/ro\/danessa-myricks-beauty-lightwork-palette-paleta-pentru-fata-multifunctionala-faciale-culoare-ii\/"]}]},{"@type":"ImageObject","inLanguage":"ro-RO","@id":"https:\/\/shopatoa.com\/ro\/danessa-myricks-beauty-lightwork-palette-paleta-pentru-fata-multifunctionala-faciale-culoare-ii\/#primaryimage","url":"https:\/\/storage.googleapis.com\/cz-shopatoa-img\/ro\/681bd561-unnamed-file.webp","contentUrl":"https:\/\/storage.googleapis.com\/cz-shopatoa-img\/ro\/681bd561-unnamed-file.webp","width":800,"height":800},{"@type":"BreadcrumbList","@id":"https:\/\/shopatoa.com\/ro\/danessa-myricks-beauty-lightwork-palette-paleta-pentru-fata-multifunctionala-faciale-culoare-ii\/#breadcrumb","itemListElement":[{"@type":"ListItem","position":1,"name":"Dom\u016f","item":"https:\/\/shopatoa.com\/ro\/"},{"@type":"ListItem","position":2,"name":"Shop","item":"https:\/\/shopatoa.com\/ro\/shop\/"},{"@type":"ListItem","position":3,"name":"S\u0103n\u0103tate \u0219i frumuse\u021be","item":"https:\/\/shopatoa.com\/ro\/sanatate-si-frumusete\/"},{"@type":"ListItem","position":4,"name":"\u00cengrijire personal\u0103","item":"https:\/\/shopatoa.com\/ro\/ingrijire-personala\/"},{"@type":"ListItem","position":5,"name":"Cosmetice","item":"https:\/\/shopatoa.com\/ro\/cosmetice-ingrijire-personala\/"},{"@type":"ListItem","position":6,"name":"Machiaj","item":"https:\/\/shopatoa.com\/ro\/machiaj\/"},{"@type":"ListItem","position":7,"name":"Machiaj de fa\u021b\u0103","item":"https:\/\/shopatoa.com\/ro\/machiaj-de-fata\/"},{"@type":"ListItem","position":8,"name":"Danessa Myricks Beauty Lightwork Palette paleta pentru fata multifunctionala faciale culoare II"}]},{"@type":"WebSite","@id":"https:\/\/shopatoa.com\/ro\/#website","url":"https:\/\/shopatoa.com\/ro\/","name":"SHOPATOA","description":"","publisher":{"@id":"https:\/\/shopatoa.com\/ro\/#organization"},"potentialAction":[{"@type":"SearchAction","target":{"@type":"EntryPoint","urlTemplate":"https:\/\/shopatoa.com\/ro\/?s={search_term_string}"},"query-input":{"@type":"PropertyValueSpecification","valueRequired":true,"valueName":"search_term_string"}}],"inLanguage":"ro-RO"},{"@type":"Organization","@id":"https:\/\/shopatoa.com\/ro\/#organization","name":"SHOPATOA","url":"https:\/\/shopatoa.com\/ro\/","logo":{"@type":"ImageObject","inLanguage":"ro-RO","@id":"https:\/\/shopatoa.com\/ro\/#\/schema\/logo\/image\/","url":"https:\/\/storage.googleapis.com\/cz-shopatoa-img\/ro\/b4dac915-shopatoa_logo.png","contentUrl":"https:\/\/storage.googleapis.com\/cz-shopatoa-img\/ro\/b4dac915-shopatoa_logo.png","width":416,"height":63,"caption":"SHOPATOA"},"image":{"@id":"https:\/\/shopatoa.com\/ro\/#\/schema\/logo\/image\/"}}]}},"_links":{"self":[{"href":"https:\/\/shopatoa.com\/ro\/wp-json\/wp\/v2\/product\/381797","targetHints":{"allow":["GET"]}}],"collection":[{"href":"https:\/\/shopatoa.com\/ro\/wp-json\/wp\/v2\/product"}],"about":[{"href":"https:\/\/shopatoa.com\/ro\/wp-json\/wp\/v2\/types\/product"}],"replies":[{"embeddable":true,"href":"https:\/\/shopatoa.com\/ro\/wp-json\/wp\/v2\/comments?post=381797"}],"wp:featuredmedia":[{"embeddable":true,"href":"https:\/\/shopatoa.com\/ro\/wp-json\/wp\/v2\/media\/381798"}],"wp:attachment":[{"href":"https:\/\/shopatoa.com\/ro\/wp-json\/wp\/v2\/media?parent=381797"}],"wp:term":[{"taxonomy":"product_brand","embeddable":true,"href":"https:\/\/shopatoa.com\/ro\/wp-json\/wp\/v2\/product_brand?post=381797"},{"taxonomy":"product_cat","embeddable":true,"href":"https:\/\/shopatoa.com\/ro\/wp-json\/wp\/v2\/product_cat?post=381797"},{"taxonomy":"product_tag","embeddable":true,"href":"https:\/\/shopatoa.com\/ro\/wp-json\/wp\/v2\/product_tag?post=381797"}],"curies":[{"name":"wp","href":"https:\/\/api.w.org\/{rel}","templated":true}]}}