{"id":382336,"date":"2025-06-16T07:12:46","date_gmt":"2025-06-16T05:12:46","guid":{"rendered":"https:\/\/shopatoa.com\/ro\/curaprox-enzycal-zero-pasta-de-dinti-75-ml\/"},"modified":"2025-12-12T13:13:41","modified_gmt":"2025-12-12T12:13:41","slug":"curaprox-enzycal-zero-pasta-de-dinti-75-ml","status":"publish","type":"product","link":"https:\/\/shopatoa.com\/ro\/curaprox-enzycal-zero-pasta-de-dinti-75-ml\/","title":{"rendered":"Curaprox Enzycal Zero past\u0103 de din\u021bi 75 ml"},"content":{"rendered":"<p>Curaprox Enzycal Zero, 75 ml, Past\u0103 de din\u021bi unisex, Pasta de din\u021bi Curaprox Enzycal Zero nu con\u021bine fluor \u0219i \u00eent\u0103re\u0219te din\u021bii \u00een mod natural. Este adecvat\u0103 mai ales \u00een cazul sensibilit\u0103\u021bii din\u021bilor \u0219i gingiilor.  Caracteristici:  cur\u0103\u021b\u0103 eficient din\u021bii previne formarea pl\u0103cii dentobacteriene, a tartrului \u0219i a cariilor \u00eemprosp\u0103teaz\u0103 respira\u021bia \u00eengrije\u0219te gingiile  Ingrediente:  nu con\u021bine agent de spumare nu con\u021bine fluor  Cum se utilizeaz\u0103: Se utilizeaz\u0103 cel pu\u021bin de 2 x pe zi. Mai \u00eent\u00e2i se cur\u0103\u021b\u0103 bine din\u021bii, timp de cel pu\u021bin 2 minute. Se finalizeaz\u0103 cur\u0103\u021barea prin folosirea a\u021bei sau a periei interdentare.<\/p>\n","protected":false},"excerpt":{"rendered":"<p>Curaprox Enzycal Zero, 75 ml, Past\u0103 de din\u021bi unisex, Pasta de din\u021bi Curaprox Enzycal Zero nu con\u021bine fluor \u0219i \u00eent\u0103re\u0219te din\u021bii \u00een mod natural. Este adecvat\u0103 mai ales \u00een cazul sensibilit\u0103\u021bii din\u021bilor \u0219i gingiilor. Caracteristici: cur\u0103\u021b\u0103 eficient din\u021bii previne formarea pl\u0103cii dentobacteriene, a tartrului \u0219i a cariilor \u00eemprosp\u0103teaz\u0103 respira\u021bia \u00eengrije\u0219te gingiile Ingrediente: nu con\u021bine agent&#8230;<\/p>\n","protected":false},"featured_media":382337,"comment_status":"closed","ping_status":"open","template":"","meta":{"_acf_changed":false,"_kadence_starter_templates_imported_post":false,"_kad_post_transparent":"","_kad_post_title":"","_kad_post_layout":"","_kad_post_sidebar_id":"","_kad_post_content_style":"","_kad_post_vertical_padding":"","_kad_post_feature":"","_kad_post_feature_position":"","_kad_post_header":false,"_kad_post_footer":false,"_kad_post_classname":""},"product_brand":[1713],"product_cat":[1605,1563,1761,1562],"product_tag":[],"class_list":{"0":"post-382336","1":"product","2":"type-product","3":"status-publish","4":"has-post-thumbnail","6":"product_brand-curaprox","7":"product_cat-ingrijire-orala","8":"product_cat-ingrijire-personala","9":"product_cat-pasta-de-dinti","10":"product_cat-sanatate-si-frumusete","11":"pa_gen-unisex","12":"pa_marime-75-ml","14":"first","15":"instock","16":"sale","17":"product-type-external","18":"entry","19":"content-bg","20":"loop-entry"},"acf":[],"yoast_head":"<!-- This site is optimized with the Yoast SEO plugin v27.3 - https:\/\/yoast.com\/product\/yoast-seo-wordpress\/ -->\n<title>Curaprox Enzycal Zero past\u0103 de din\u021bi 75 ml - SHOPATOA.COM<\/title>\n<meta name=\"robots\" content=\"index, follow, max-snippet:-1, max-image-preview:large, max-video-preview:-1\" \/>\n<link rel=\"canonical\" href=\"https:\/\/shopatoa.com\/ro\/curaprox-enzycal-zero-pasta-de-dinti-75-ml\/\" \/>\n<meta property=\"og:locale\" content=\"ro_RO\" \/>\n<meta property=\"og:type\" content=\"article\" \/>\n<meta property=\"og:title\" content=\"Curaprox Enzycal Zero past\u0103 de din\u021bi 75 ml - SHOPATOA.COM\" \/>\n<meta property=\"og:description\" content=\"Curaprox Enzycal Zero, 75 ml, Past\u0103 de din\u021bi unisex, Pasta de din\u021bi Curaprox Enzycal Zero nu con\u021bine fluor \u0219i \u00eent\u0103re\u0219te din\u021bii \u00een mod natural. Este adecvat\u0103 mai ales \u00een cazul sensibilit\u0103\u021bii din\u021bilor \u0219i gingiilor. Caracteristici: cur\u0103\u021b\u0103 eficient din\u021bii previne formarea pl\u0103cii dentobacteriene, a tartrului \u0219i a cariilor \u00eemprosp\u0103teaz\u0103 respira\u021bia \u00eengrije\u0219te gingiile Ingrediente: nu con\u021bine agent...\" \/>\n<meta property=\"og:url\" content=\"https:\/\/shopatoa.com\/ro\/curaprox-enzycal-zero-pasta-de-dinti-75-ml\/\" \/>\n<meta property=\"og:site_name\" content=\"SHOPATOA\" \/>\n<meta property=\"article:modified_time\" content=\"2025-12-12T12:13:41+00:00\" \/>\n<meta property=\"og:image\" content=\"https:\/\/storage.googleapis.com\/cz-shopatoa-img\/ro\/2e2fc383-.webp\" \/>\n\t<meta property=\"og:image:width\" content=\"800\" \/>\n\t<meta property=\"og:image:height\" content=\"800\" \/>\n\t<meta property=\"og:image:type\" content=\"image\/webp\" \/>\n<meta name=\"twitter:card\" content=\"summary_large_image\" \/>\n<meta name=\"twitter:label1\" content=\"Timp estimat pentru citire\" \/>\n\t<meta name=\"twitter:data1\" content=\"1 minut\" \/>\n<script type=\"application\/ld+json\" class=\"yoast-schema-graph\">{\"@context\":\"https:\\\/\\\/schema.org\",\"@graph\":[{\"@type\":\"WebPage\",\"@id\":\"https:\\\/\\\/shopatoa.com\\\/ro\\\/curaprox-enzycal-zero-pasta-de-dinti-75-ml\\\/\",\"url\":\"https:\\\/\\\/shopatoa.com\\\/ro\\\/curaprox-enzycal-zero-pasta-de-dinti-75-ml\\\/\",\"name\":\"Curaprox Enzycal Zero past\u0103 de din\u021bi 75 ml - SHOPATOA.COM\",\"isPartOf\":{\"@id\":\"https:\\\/\\\/shopatoa.com\\\/ro\\\/#website\"},\"primaryImageOfPage\":{\"@id\":\"https:\\\/\\\/shopatoa.com\\\/ro\\\/curaprox-enzycal-zero-pasta-de-dinti-75-ml\\\/#primaryimage\"},\"image\":{\"@id\":\"https:\\\/\\\/shopatoa.com\\\/ro\\\/curaprox-enzycal-zero-pasta-de-dinti-75-ml\\\/#primaryimage\"},\"thumbnailUrl\":\"https:\\\/\\\/storage.googleapis.com\\\/cz-shopatoa-img\\\/ro\\\/2e2fc383-.webp\",\"datePublished\":\"2025-06-16T05:12:46+00:00\",\"dateModified\":\"2025-12-12T12:13:41+00:00\",\"breadcrumb\":{\"@id\":\"https:\\\/\\\/shopatoa.com\\\/ro\\\/curaprox-enzycal-zero-pasta-de-dinti-75-ml\\\/#breadcrumb\"},\"inLanguage\":\"ro-RO\",\"potentialAction\":[{\"@type\":\"ReadAction\",\"target\":[\"https:\\\/\\\/shopatoa.com\\\/ro\\\/curaprox-enzycal-zero-pasta-de-dinti-75-ml\\\/\"]}]},{\"@type\":\"ImageObject\",\"inLanguage\":\"ro-RO\",\"@id\":\"https:\\\/\\\/shopatoa.com\\\/ro\\\/curaprox-enzycal-zero-pasta-de-dinti-75-ml\\\/#primaryimage\",\"url\":\"https:\\\/\\\/storage.googleapis.com\\\/cz-shopatoa-img\\\/ro\\\/2e2fc383-.webp\",\"contentUrl\":\"https:\\\/\\\/storage.googleapis.com\\\/cz-shopatoa-img\\\/ro\\\/2e2fc383-.webp\",\"width\":800,\"height\":800},{\"@type\":\"BreadcrumbList\",\"@id\":\"https:\\\/\\\/shopatoa.com\\\/ro\\\/curaprox-enzycal-zero-pasta-de-dinti-75-ml\\\/#breadcrumb\",\"itemListElement\":[{\"@type\":\"ListItem\",\"position\":1,\"name\":\"Dom\u016f\",\"item\":\"https:\\\/\\\/shopatoa.com\\\/ro\\\/\"},{\"@type\":\"ListItem\",\"position\":2,\"name\":\"Shop\",\"item\":\"https:\\\/\\\/shopatoa.com\\\/ro\\\/shop\\\/\"},{\"@type\":\"ListItem\",\"position\":3,\"name\":\"S\u0103n\u0103tate \u0219i frumuse\u021be\",\"item\":\"https:\\\/\\\/shopatoa.com\\\/ro\\\/sanatate-si-frumusete\\\/\"},{\"@type\":\"ListItem\",\"position\":4,\"name\":\"\u00cengrijire personal\u0103\",\"item\":\"https:\\\/\\\/shopatoa.com\\\/ro\\\/ingrijire-personala\\\/\"},{\"@type\":\"ListItem\",\"position\":5,\"name\":\"\u00cengrijire oral\u0103\",\"item\":\"https:\\\/\\\/shopatoa.com\\\/ro\\\/ingrijire-orala\\\/\"},{\"@type\":\"ListItem\",\"position\":6,\"name\":\"Past\u0103 de din\u021bi\",\"item\":\"https:\\\/\\\/shopatoa.com\\\/ro\\\/pasta-de-dinti\\\/\"},{\"@type\":\"ListItem\",\"position\":7,\"name\":\"Curaprox Enzycal Zero past\u0103 de din\u021bi 75 ml\"}]},{\"@type\":\"WebSite\",\"@id\":\"https:\\\/\\\/shopatoa.com\\\/ro\\\/#website\",\"url\":\"https:\\\/\\\/shopatoa.com\\\/ro\\\/\",\"name\":\"SHOPATOA\",\"description\":\"\",\"publisher\":{\"@id\":\"https:\\\/\\\/shopatoa.com\\\/ro\\\/#organization\"},\"potentialAction\":[{\"@type\":\"SearchAction\",\"target\":{\"@type\":\"EntryPoint\",\"urlTemplate\":\"https:\\\/\\\/shopatoa.com\\\/ro\\\/?s={search_term_string}\"},\"query-input\":{\"@type\":\"PropertyValueSpecification\",\"valueRequired\":true,\"valueName\":\"search_term_string\"}}],\"inLanguage\":\"ro-RO\"},{\"@type\":\"Organization\",\"@id\":\"https:\\\/\\\/shopatoa.com\\\/ro\\\/#organization\",\"name\":\"SHOPATOA\",\"url\":\"https:\\\/\\\/shopatoa.com\\\/ro\\\/\",\"logo\":{\"@type\":\"ImageObject\",\"inLanguage\":\"ro-RO\",\"@id\":\"https:\\\/\\\/shopatoa.com\\\/ro\\\/#\\\/schema\\\/logo\\\/image\\\/\",\"url\":\"https:\\\/\\\/storage.googleapis.com\\\/cz-shopatoa-img\\\/ro\\\/b4dac915-shopatoa_logo.png\",\"contentUrl\":\"https:\\\/\\\/storage.googleapis.com\\\/cz-shopatoa-img\\\/ro\\\/b4dac915-shopatoa_logo.png\",\"width\":416,\"height\":63,\"caption\":\"SHOPATOA\"},\"image\":{\"@id\":\"https:\\\/\\\/shopatoa.com\\\/ro\\\/#\\\/schema\\\/logo\\\/image\\\/\"}}]}<\/script>\n<!-- \/ Yoast SEO plugin. -->","yoast_head_json":{"title":"Curaprox Enzycal Zero past\u0103 de din\u021bi 75 ml - SHOPATOA.COM","robots":{"index":"index","follow":"follow","max-snippet":"max-snippet:-1","max-image-preview":"max-image-preview:large","max-video-preview":"max-video-preview:-1"},"canonical":"https:\/\/shopatoa.com\/ro\/curaprox-enzycal-zero-pasta-de-dinti-75-ml\/","og_locale":"ro_RO","og_type":"article","og_title":"Curaprox Enzycal Zero past\u0103 de din\u021bi 75 ml - SHOPATOA.COM","og_description":"Curaprox Enzycal Zero, 75 ml, Past\u0103 de din\u021bi unisex, Pasta de din\u021bi Curaprox Enzycal Zero nu con\u021bine fluor \u0219i \u00eent\u0103re\u0219te din\u021bii \u00een mod natural. Este adecvat\u0103 mai ales \u00een cazul sensibilit\u0103\u021bii din\u021bilor \u0219i gingiilor. Caracteristici: cur\u0103\u021b\u0103 eficient din\u021bii previne formarea pl\u0103cii dentobacteriene, a tartrului \u0219i a cariilor \u00eemprosp\u0103teaz\u0103 respira\u021bia \u00eengrije\u0219te gingiile Ingrediente: nu con\u021bine agent...","og_url":"https:\/\/shopatoa.com\/ro\/curaprox-enzycal-zero-pasta-de-dinti-75-ml\/","og_site_name":"SHOPATOA","article_modified_time":"2025-12-12T12:13:41+00:00","og_image":[{"width":800,"height":800,"url":"https:\/\/storage.googleapis.com\/cz-shopatoa-img\/ro\/2e2fc383-.webp","type":"image\/webp"}],"twitter_card":"summary_large_image","twitter_misc":{"Timp estimat pentru citire":"1 minut"},"schema":{"@context":"https:\/\/schema.org","@graph":[{"@type":"WebPage","@id":"https:\/\/shopatoa.com\/ro\/curaprox-enzycal-zero-pasta-de-dinti-75-ml\/","url":"https:\/\/shopatoa.com\/ro\/curaprox-enzycal-zero-pasta-de-dinti-75-ml\/","name":"Curaprox Enzycal Zero past\u0103 de din\u021bi 75 ml - SHOPATOA.COM","isPartOf":{"@id":"https:\/\/shopatoa.com\/ro\/#website"},"primaryImageOfPage":{"@id":"https:\/\/shopatoa.com\/ro\/curaprox-enzycal-zero-pasta-de-dinti-75-ml\/#primaryimage"},"image":{"@id":"https:\/\/shopatoa.com\/ro\/curaprox-enzycal-zero-pasta-de-dinti-75-ml\/#primaryimage"},"thumbnailUrl":"https:\/\/storage.googleapis.com\/cz-shopatoa-img\/ro\/2e2fc383-.webp","datePublished":"2025-06-16T05:12:46+00:00","dateModified":"2025-12-12T12:13:41+00:00","breadcrumb":{"@id":"https:\/\/shopatoa.com\/ro\/curaprox-enzycal-zero-pasta-de-dinti-75-ml\/#breadcrumb"},"inLanguage":"ro-RO","potentialAction":[{"@type":"ReadAction","target":["https:\/\/shopatoa.com\/ro\/curaprox-enzycal-zero-pasta-de-dinti-75-ml\/"]}]},{"@type":"ImageObject","inLanguage":"ro-RO","@id":"https:\/\/shopatoa.com\/ro\/curaprox-enzycal-zero-pasta-de-dinti-75-ml\/#primaryimage","url":"https:\/\/storage.googleapis.com\/cz-shopatoa-img\/ro\/2e2fc383-.webp","contentUrl":"https:\/\/storage.googleapis.com\/cz-shopatoa-img\/ro\/2e2fc383-.webp","width":800,"height":800},{"@type":"BreadcrumbList","@id":"https:\/\/shopatoa.com\/ro\/curaprox-enzycal-zero-pasta-de-dinti-75-ml\/#breadcrumb","itemListElement":[{"@type":"ListItem","position":1,"name":"Dom\u016f","item":"https:\/\/shopatoa.com\/ro\/"},{"@type":"ListItem","position":2,"name":"Shop","item":"https:\/\/shopatoa.com\/ro\/shop\/"},{"@type":"ListItem","position":3,"name":"S\u0103n\u0103tate \u0219i frumuse\u021be","item":"https:\/\/shopatoa.com\/ro\/sanatate-si-frumusete\/"},{"@type":"ListItem","position":4,"name":"\u00cengrijire personal\u0103","item":"https:\/\/shopatoa.com\/ro\/ingrijire-personala\/"},{"@type":"ListItem","position":5,"name":"\u00cengrijire oral\u0103","item":"https:\/\/shopatoa.com\/ro\/ingrijire-orala\/"},{"@type":"ListItem","position":6,"name":"Past\u0103 de din\u021bi","item":"https:\/\/shopatoa.com\/ro\/pasta-de-dinti\/"},{"@type":"ListItem","position":7,"name":"Curaprox Enzycal Zero past\u0103 de din\u021bi 75 ml"}]},{"@type":"WebSite","@id":"https:\/\/shopatoa.com\/ro\/#website","url":"https:\/\/shopatoa.com\/ro\/","name":"SHOPATOA","description":"","publisher":{"@id":"https:\/\/shopatoa.com\/ro\/#organization"},"potentialAction":[{"@type":"SearchAction","target":{"@type":"EntryPoint","urlTemplate":"https:\/\/shopatoa.com\/ro\/?s={search_term_string}"},"query-input":{"@type":"PropertyValueSpecification","valueRequired":true,"valueName":"search_term_string"}}],"inLanguage":"ro-RO"},{"@type":"Organization","@id":"https:\/\/shopatoa.com\/ro\/#organization","name":"SHOPATOA","url":"https:\/\/shopatoa.com\/ro\/","logo":{"@type":"ImageObject","inLanguage":"ro-RO","@id":"https:\/\/shopatoa.com\/ro\/#\/schema\/logo\/image\/","url":"https:\/\/storage.googleapis.com\/cz-shopatoa-img\/ro\/b4dac915-shopatoa_logo.png","contentUrl":"https:\/\/storage.googleapis.com\/cz-shopatoa-img\/ro\/b4dac915-shopatoa_logo.png","width":416,"height":63,"caption":"SHOPATOA"},"image":{"@id":"https:\/\/shopatoa.com\/ro\/#\/schema\/logo\/image\/"}}]}},"_links":{"self":[{"href":"https:\/\/shopatoa.com\/ro\/wp-json\/wp\/v2\/product\/382336","targetHints":{"allow":["GET"]}}],"collection":[{"href":"https:\/\/shopatoa.com\/ro\/wp-json\/wp\/v2\/product"}],"about":[{"href":"https:\/\/shopatoa.com\/ro\/wp-json\/wp\/v2\/types\/product"}],"replies":[{"embeddable":true,"href":"https:\/\/shopatoa.com\/ro\/wp-json\/wp\/v2\/comments?post=382336"}],"wp:featuredmedia":[{"embeddable":true,"href":"https:\/\/shopatoa.com\/ro\/wp-json\/wp\/v2\/media\/382337"}],"wp:attachment":[{"href":"https:\/\/shopatoa.com\/ro\/wp-json\/wp\/v2\/media?parent=382336"}],"wp:term":[{"taxonomy":"product_brand","embeddable":true,"href":"https:\/\/shopatoa.com\/ro\/wp-json\/wp\/v2\/product_brand?post=382336"},{"taxonomy":"product_cat","embeddable":true,"href":"https:\/\/shopatoa.com\/ro\/wp-json\/wp\/v2\/product_cat?post=382336"},{"taxonomy":"product_tag","embeddable":true,"href":"https:\/\/shopatoa.com\/ro\/wp-json\/wp\/v2\/product_tag?post=382336"}],"curies":[{"name":"wp","href":"https:\/\/api.w.org\/{rel}","templated":true}]}}