{"id":382374,"date":"2025-06-16T07:17:10","date_gmt":"2025-06-16T05:17:10","guid":{"rendered":"https:\/\/shopatoa.com\/ro\/origins-dr-andrew-weil-for-origins-mega-mushroom-dark-spot-brightening-corrector-serum-ser-facial-impotriva-imperfectiunilor-pielii-30-ml\/"},"modified":"2025-12-12T13:04:26","modified_gmt":"2025-12-12T12:04:26","slug":"origins-dr-andrew-weil-for-origins-mega-mushroom-dark-spot-brightening-corrector-serum-ser-facial-impotriva-imperfectiunilor-pielii-30-ml","status":"publish","type":"product","link":"https:\/\/shopatoa.com\/ro\/origins-dr-andrew-weil-for-origins-mega-mushroom-dark-spot-brightening-corrector-serum-ser-facial-impotriva-imperfectiunilor-pielii-30-ml\/","title":{"rendered":"Origins Dr. Andrew Weil for Origins\u2122 Mega-Mushroom Dark Spot Brightening Corrector Serum ser facial impotriva imperfectiunilor pielii 30 ml"},"content":{"rendered":"<p>Origins Dr. Andrew Weil for Origins\u2122 Mega-Mushroom Dark Spot Brightening Corrector Serum, 30 ml, Seruri pentru piele pentru femei, Serul facial Origins Dr. Andrew Weil for Origins\u2122 este un produs cu un con\u021binut de substan\u021be active ridicat. De aceea, ofer\u0103 tenului cea mai luxoas\u0103 \u00eengrijire.  Caracteristici:  uniformizeaz\u0103 nuan\u021ba tenului hidrateaz\u0103 \u0219i hr\u0103ne\u0219te eficient ac\u021bioneaz\u0103 \u00eempotriva imperfec\u021biunilor reducerea petelor pigmentare se recomand\u0103 pentru tenul sensibil  Ingrediente:  produs vegan acid salicilic \u2013 cur\u0103\u021b\u0103 \u00een profunzime, decolmateaz\u0103 porii \u0219i previne apari\u021bia punctelor negre, ajut\u0103 la exfolierea pielii moarte \u0219i la eliminarea excesului de sebum ceramide \u2013 lipide esen\u021biale care se g\u0103sesc natural \u00een piele, sunt esen\u021biale pentru buna func\u021bionare a barierei protectoare cutanate, hidrateaz\u0103 \u0219i ajut\u0103 la prevenirea usc\u0103rii, irita\u021biei, deterior\u0103rii \u0219i ridurilor squalane \u2013 fixeaz\u0103 umiditatea \u00een piele prin formarea unui strat protector pe suprafa\u021ba acesteia, hidrateaz\u0103, catifeleaz\u0103 \u0219i neteze\u0219te, ajut\u0103 la reglarea produc\u021biei de sebum, datorit\u0103 efectelor sale antioxidante puternice contribuie \u0219i la uniformizarea nuan\u021bei extract de castravete \u2013 hidrateaz\u0103, umecteaz\u0103, \u00eemprosp\u0103teaz\u0103 \u0219i calmeaz\u0103, ofer\u0103 un efect de r\u0103cire, ajut\u0103 la reducerea ro\u0219e\u021bii, edemelor \u0219i a senza\u021biilor de disconfort cauzate de irita\u021bii betain\u0103 \u2013 umecteaz\u0103, calmeaz\u0103 \u0219i catifeleaz\u0103 tenul, ajut\u00e2nd la men\u021binerea optim\u0103 a hidrat\u0103rii acestuia extract de ghimbir \u2013 ofer\u0103 protec\u021bie antioxidant\u0103 \u00eempotriva factorilor externi nocivi, combate semnele vizibile ale \u00eemb\u0103tr\u00e2nirii pielii, calmeaz\u0103, favorizeaz\u0103 regenerarea \u0219i contribuie la fermitatea pielii \u0219i la uniformizarea nuan\u021bei  Cum se utilizeaz\u0103: Se tapoteaz\u0103 o cantitate adecvat\u0103 de ser pe pielea curat\u0103, cu v\u00e2rfurile degetelor. Se aplic\u0103 pe fa\u021b\u0103, pe g\u00e2t \u0219i pe decolteu. Se continu\u0103 cu tratamentul de zi\/noapte preferat. Se utilizeaz\u0103 \u00een fiecare diminea\u021b\u0103 \u0219i\/sau sear\u0103.<\/p>\n","protected":false},"excerpt":{"rendered":"<p>Origins Dr. Andrew Weil for Origins\u2122 Mega-Mushroom Dark Spot Brightening Corrector Serum, 30 ml, Seruri pentru piele pentru femei, Serul facial Origins Dr. Andrew Weil for Origins\u2122 este un produs cu un con\u021binut de substan\u021be active ridicat. De aceea, ofer\u0103 tenului cea mai luxoas\u0103 \u00eengrijire. Caracteristici: uniformizeaz\u0103 nuan\u021ba tenului hidrateaz\u0103 \u0219i hr\u0103ne\u0219te eficient ac\u021bioneaz\u0103 \u00eempotriva&#8230;<\/p>\n","protected":false},"featured_media":382375,"comment_status":"closed","ping_status":"open","template":"","meta":{"_acf_changed":false,"_kadence_starter_templates_imported_post":false,"_kad_post_transparent":"","_kad_post_title":"","_kad_post_layout":"","_kad_post_sidebar_id":"","_kad_post_content_style":"","_kad_post_vertical_padding":"","_kad_post_feature":"","_kad_post_feature_position":"","_kad_post_header":false,"_kad_post_footer":false,"_kad_post_classname":""},"product_brand":[162],"product_cat":[1564,1563,1565,1562],"product_tag":[],"class_list":{"0":"post-382374","1":"product","2":"type-product","3":"status-publish","4":"has-post-thumbnail","6":"product_brand-origins","7":"product_cat-cosmetice-ingrijire-personala","8":"product_cat-ingrijire-personala","9":"product_cat-ingrijirea-pielii","10":"product_cat-sanatate-si-frumusete","11":"pa_gen-female","12":"pa_marime-30-ml","14":"first","15":"instock","16":"sale","17":"product-type-external","18":"entry","19":"content-bg","20":"loop-entry"},"acf":[],"yoast_head":"<!-- This site is optimized with the Yoast SEO plugin v27.3 - https:\/\/yoast.com\/product\/yoast-seo-wordpress\/ -->\n<title>Origins Dr. Andrew Weil for Origins\u2122 Mega-Mushroom Dark Spot Brightening Corrector Serum ser facial impotriva imperfectiunilor pielii 30 ml - SHOPATOA.COM<\/title>\n<meta name=\"robots\" content=\"index, follow, max-snippet:-1, max-image-preview:large, max-video-preview:-1\" \/>\n<link rel=\"canonical\" href=\"https:\/\/shopatoa.com\/ro\/origins-dr-andrew-weil-for-origins-mega-mushroom-dark-spot-brightening-corrector-serum-ser-facial-impotriva-imperfectiunilor-pielii-30-ml\/\" \/>\n<meta property=\"og:locale\" content=\"ro_RO\" \/>\n<meta property=\"og:type\" content=\"article\" \/>\n<meta property=\"og:title\" content=\"Origins Dr. Andrew Weil for Origins\u2122 Mega-Mushroom Dark Spot Brightening Corrector Serum ser facial impotriva imperfectiunilor pielii 30 ml - SHOPATOA.COM\" \/>\n<meta property=\"og:description\" content=\"Origins Dr. Andrew Weil for Origins\u2122 Mega-Mushroom Dark Spot Brightening Corrector Serum, 30 ml, Seruri pentru piele pentru femei, Serul facial Origins Dr. Andrew Weil for Origins\u2122 este un produs cu un con\u021binut de substan\u021be active ridicat. De aceea, ofer\u0103 tenului cea mai luxoas\u0103 \u00eengrijire. Caracteristici: uniformizeaz\u0103 nuan\u021ba tenului hidrateaz\u0103 \u0219i hr\u0103ne\u0219te eficient ac\u021bioneaz\u0103 \u00eempotriva...\" \/>\n<meta property=\"og:url\" content=\"https:\/\/shopatoa.com\/ro\/origins-dr-andrew-weil-for-origins-mega-mushroom-dark-spot-brightening-corrector-serum-ser-facial-impotriva-imperfectiunilor-pielii-30-ml\/\" \/>\n<meta property=\"og:site_name\" content=\"SHOPATOA\" \/>\n<meta property=\"article:modified_time\" content=\"2025-12-12T12:04:26+00:00\" \/>\n<meta property=\"og:image\" content=\"https:\/\/storage.googleapis.com\/cz-shopatoa-img\/ro\/0f697e39-unnamed-file.webp\" \/>\n\t<meta property=\"og:image:width\" content=\"800\" \/>\n\t<meta property=\"og:image:height\" content=\"800\" \/>\n\t<meta property=\"og:image:type\" content=\"image\/webp\" \/>\n<meta name=\"twitter:card\" content=\"summary_large_image\" \/>\n<meta name=\"twitter:label1\" content=\"Timp estimat pentru citire\" \/>\n\t<meta name=\"twitter:data1\" content=\"1 minut\" \/>\n<script type=\"application\/ld+json\" class=\"yoast-schema-graph\">{\"@context\":\"https:\\\/\\\/schema.org\",\"@graph\":[{\"@type\":\"WebPage\",\"@id\":\"https:\\\/\\\/shopatoa.com\\\/ro\\\/origins-dr-andrew-weil-for-origins-mega-mushroom-dark-spot-brightening-corrector-serum-ser-facial-impotriva-imperfectiunilor-pielii-30-ml\\\/\",\"url\":\"https:\\\/\\\/shopatoa.com\\\/ro\\\/origins-dr-andrew-weil-for-origins-mega-mushroom-dark-spot-brightening-corrector-serum-ser-facial-impotriva-imperfectiunilor-pielii-30-ml\\\/\",\"name\":\"Origins Dr. Andrew Weil for Origins\u2122 Mega-Mushroom Dark Spot Brightening Corrector Serum ser facial impotriva imperfectiunilor pielii 30 ml - SHOPATOA.COM\",\"isPartOf\":{\"@id\":\"https:\\\/\\\/shopatoa.com\\\/ro\\\/#website\"},\"primaryImageOfPage\":{\"@id\":\"https:\\\/\\\/shopatoa.com\\\/ro\\\/origins-dr-andrew-weil-for-origins-mega-mushroom-dark-spot-brightening-corrector-serum-ser-facial-impotriva-imperfectiunilor-pielii-30-ml\\\/#primaryimage\"},\"image\":{\"@id\":\"https:\\\/\\\/shopatoa.com\\\/ro\\\/origins-dr-andrew-weil-for-origins-mega-mushroom-dark-spot-brightening-corrector-serum-ser-facial-impotriva-imperfectiunilor-pielii-30-ml\\\/#primaryimage\"},\"thumbnailUrl\":\"https:\\\/\\\/storage.googleapis.com\\\/cz-shopatoa-img\\\/ro\\\/0f697e39-unnamed-file.webp\",\"datePublished\":\"2025-06-16T05:17:10+00:00\",\"dateModified\":\"2025-12-12T12:04:26+00:00\",\"breadcrumb\":{\"@id\":\"https:\\\/\\\/shopatoa.com\\\/ro\\\/origins-dr-andrew-weil-for-origins-mega-mushroom-dark-spot-brightening-corrector-serum-ser-facial-impotriva-imperfectiunilor-pielii-30-ml\\\/#breadcrumb\"},\"inLanguage\":\"ro-RO\",\"potentialAction\":[{\"@type\":\"ReadAction\",\"target\":[\"https:\\\/\\\/shopatoa.com\\\/ro\\\/origins-dr-andrew-weil-for-origins-mega-mushroom-dark-spot-brightening-corrector-serum-ser-facial-impotriva-imperfectiunilor-pielii-30-ml\\\/\"]}]},{\"@type\":\"ImageObject\",\"inLanguage\":\"ro-RO\",\"@id\":\"https:\\\/\\\/shopatoa.com\\\/ro\\\/origins-dr-andrew-weil-for-origins-mega-mushroom-dark-spot-brightening-corrector-serum-ser-facial-impotriva-imperfectiunilor-pielii-30-ml\\\/#primaryimage\",\"url\":\"https:\\\/\\\/storage.googleapis.com\\\/cz-shopatoa-img\\\/ro\\\/0f697e39-unnamed-file.webp\",\"contentUrl\":\"https:\\\/\\\/storage.googleapis.com\\\/cz-shopatoa-img\\\/ro\\\/0f697e39-unnamed-file.webp\",\"width\":800,\"height\":800},{\"@type\":\"BreadcrumbList\",\"@id\":\"https:\\\/\\\/shopatoa.com\\\/ro\\\/origins-dr-andrew-weil-for-origins-mega-mushroom-dark-spot-brightening-corrector-serum-ser-facial-impotriva-imperfectiunilor-pielii-30-ml\\\/#breadcrumb\",\"itemListElement\":[{\"@type\":\"ListItem\",\"position\":1,\"name\":\"Dom\u016f\",\"item\":\"https:\\\/\\\/shopatoa.com\\\/ro\\\/\"},{\"@type\":\"ListItem\",\"position\":2,\"name\":\"Shop\",\"item\":\"https:\\\/\\\/shopatoa.com\\\/ro\\\/shop\\\/\"},{\"@type\":\"ListItem\",\"position\":3,\"name\":\"S\u0103n\u0103tate \u0219i frumuse\u021be\",\"item\":\"https:\\\/\\\/shopatoa.com\\\/ro\\\/sanatate-si-frumusete\\\/\"},{\"@type\":\"ListItem\",\"position\":4,\"name\":\"\u00cengrijire personal\u0103\",\"item\":\"https:\\\/\\\/shopatoa.com\\\/ro\\\/ingrijire-personala\\\/\"},{\"@type\":\"ListItem\",\"position\":5,\"name\":\"Cosmetice\",\"item\":\"https:\\\/\\\/shopatoa.com\\\/ro\\\/cosmetice-ingrijire-personala\\\/\"},{\"@type\":\"ListItem\",\"position\":6,\"name\":\"\u00cengrijirea pielii\",\"item\":\"https:\\\/\\\/shopatoa.com\\\/ro\\\/ingrijirea-pielii\\\/\"},{\"@type\":\"ListItem\",\"position\":7,\"name\":\"Origins Dr. Andrew Weil for Origins\u2122 Mega-Mushroom Dark Spot Brightening Corrector Serum ser facial impotriva imperfectiunilor pielii 30 ml\"}]},{\"@type\":\"WebSite\",\"@id\":\"https:\\\/\\\/shopatoa.com\\\/ro\\\/#website\",\"url\":\"https:\\\/\\\/shopatoa.com\\\/ro\\\/\",\"name\":\"SHOPATOA\",\"description\":\"\",\"publisher\":{\"@id\":\"https:\\\/\\\/shopatoa.com\\\/ro\\\/#organization\"},\"potentialAction\":[{\"@type\":\"SearchAction\",\"target\":{\"@type\":\"EntryPoint\",\"urlTemplate\":\"https:\\\/\\\/shopatoa.com\\\/ro\\\/?s={search_term_string}\"},\"query-input\":{\"@type\":\"PropertyValueSpecification\",\"valueRequired\":true,\"valueName\":\"search_term_string\"}}],\"inLanguage\":\"ro-RO\"},{\"@type\":\"Organization\",\"@id\":\"https:\\\/\\\/shopatoa.com\\\/ro\\\/#organization\",\"name\":\"SHOPATOA\",\"url\":\"https:\\\/\\\/shopatoa.com\\\/ro\\\/\",\"logo\":{\"@type\":\"ImageObject\",\"inLanguage\":\"ro-RO\",\"@id\":\"https:\\\/\\\/shopatoa.com\\\/ro\\\/#\\\/schema\\\/logo\\\/image\\\/\",\"url\":\"https:\\\/\\\/storage.googleapis.com\\\/cz-shopatoa-img\\\/ro\\\/b4dac915-shopatoa_logo.png\",\"contentUrl\":\"https:\\\/\\\/storage.googleapis.com\\\/cz-shopatoa-img\\\/ro\\\/b4dac915-shopatoa_logo.png\",\"width\":416,\"height\":63,\"caption\":\"SHOPATOA\"},\"image\":{\"@id\":\"https:\\\/\\\/shopatoa.com\\\/ro\\\/#\\\/schema\\\/logo\\\/image\\\/\"}}]}<\/script>\n<!-- \/ Yoast SEO plugin. -->","yoast_head_json":{"title":"Origins Dr. Andrew Weil for Origins\u2122 Mega-Mushroom Dark Spot Brightening Corrector Serum ser facial impotriva imperfectiunilor pielii 30 ml - SHOPATOA.COM","robots":{"index":"index","follow":"follow","max-snippet":"max-snippet:-1","max-image-preview":"max-image-preview:large","max-video-preview":"max-video-preview:-1"},"canonical":"https:\/\/shopatoa.com\/ro\/origins-dr-andrew-weil-for-origins-mega-mushroom-dark-spot-brightening-corrector-serum-ser-facial-impotriva-imperfectiunilor-pielii-30-ml\/","og_locale":"ro_RO","og_type":"article","og_title":"Origins Dr. Andrew Weil for Origins\u2122 Mega-Mushroom Dark Spot Brightening Corrector Serum ser facial impotriva imperfectiunilor pielii 30 ml - SHOPATOA.COM","og_description":"Origins Dr. Andrew Weil for Origins\u2122 Mega-Mushroom Dark Spot Brightening Corrector Serum, 30 ml, Seruri pentru piele pentru femei, Serul facial Origins Dr. Andrew Weil for Origins\u2122 este un produs cu un con\u021binut de substan\u021be active ridicat. De aceea, ofer\u0103 tenului cea mai luxoas\u0103 \u00eengrijire. Caracteristici: uniformizeaz\u0103 nuan\u021ba tenului hidrateaz\u0103 \u0219i hr\u0103ne\u0219te eficient ac\u021bioneaz\u0103 \u00eempotriva...","og_url":"https:\/\/shopatoa.com\/ro\/origins-dr-andrew-weil-for-origins-mega-mushroom-dark-spot-brightening-corrector-serum-ser-facial-impotriva-imperfectiunilor-pielii-30-ml\/","og_site_name":"SHOPATOA","article_modified_time":"2025-12-12T12:04:26+00:00","og_image":[{"width":800,"height":800,"url":"https:\/\/storage.googleapis.com\/cz-shopatoa-img\/ro\/0f697e39-unnamed-file.webp","type":"image\/webp"}],"twitter_card":"summary_large_image","twitter_misc":{"Timp estimat pentru citire":"1 minut"},"schema":{"@context":"https:\/\/schema.org","@graph":[{"@type":"WebPage","@id":"https:\/\/shopatoa.com\/ro\/origins-dr-andrew-weil-for-origins-mega-mushroom-dark-spot-brightening-corrector-serum-ser-facial-impotriva-imperfectiunilor-pielii-30-ml\/","url":"https:\/\/shopatoa.com\/ro\/origins-dr-andrew-weil-for-origins-mega-mushroom-dark-spot-brightening-corrector-serum-ser-facial-impotriva-imperfectiunilor-pielii-30-ml\/","name":"Origins Dr. Andrew Weil for Origins\u2122 Mega-Mushroom Dark Spot Brightening Corrector Serum ser facial impotriva imperfectiunilor pielii 30 ml - SHOPATOA.COM","isPartOf":{"@id":"https:\/\/shopatoa.com\/ro\/#website"},"primaryImageOfPage":{"@id":"https:\/\/shopatoa.com\/ro\/origins-dr-andrew-weil-for-origins-mega-mushroom-dark-spot-brightening-corrector-serum-ser-facial-impotriva-imperfectiunilor-pielii-30-ml\/#primaryimage"},"image":{"@id":"https:\/\/shopatoa.com\/ro\/origins-dr-andrew-weil-for-origins-mega-mushroom-dark-spot-brightening-corrector-serum-ser-facial-impotriva-imperfectiunilor-pielii-30-ml\/#primaryimage"},"thumbnailUrl":"https:\/\/storage.googleapis.com\/cz-shopatoa-img\/ro\/0f697e39-unnamed-file.webp","datePublished":"2025-06-16T05:17:10+00:00","dateModified":"2025-12-12T12:04:26+00:00","breadcrumb":{"@id":"https:\/\/shopatoa.com\/ro\/origins-dr-andrew-weil-for-origins-mega-mushroom-dark-spot-brightening-corrector-serum-ser-facial-impotriva-imperfectiunilor-pielii-30-ml\/#breadcrumb"},"inLanguage":"ro-RO","potentialAction":[{"@type":"ReadAction","target":["https:\/\/shopatoa.com\/ro\/origins-dr-andrew-weil-for-origins-mega-mushroom-dark-spot-brightening-corrector-serum-ser-facial-impotriva-imperfectiunilor-pielii-30-ml\/"]}]},{"@type":"ImageObject","inLanguage":"ro-RO","@id":"https:\/\/shopatoa.com\/ro\/origins-dr-andrew-weil-for-origins-mega-mushroom-dark-spot-brightening-corrector-serum-ser-facial-impotriva-imperfectiunilor-pielii-30-ml\/#primaryimage","url":"https:\/\/storage.googleapis.com\/cz-shopatoa-img\/ro\/0f697e39-unnamed-file.webp","contentUrl":"https:\/\/storage.googleapis.com\/cz-shopatoa-img\/ro\/0f697e39-unnamed-file.webp","width":800,"height":800},{"@type":"BreadcrumbList","@id":"https:\/\/shopatoa.com\/ro\/origins-dr-andrew-weil-for-origins-mega-mushroom-dark-spot-brightening-corrector-serum-ser-facial-impotriva-imperfectiunilor-pielii-30-ml\/#breadcrumb","itemListElement":[{"@type":"ListItem","position":1,"name":"Dom\u016f","item":"https:\/\/shopatoa.com\/ro\/"},{"@type":"ListItem","position":2,"name":"Shop","item":"https:\/\/shopatoa.com\/ro\/shop\/"},{"@type":"ListItem","position":3,"name":"S\u0103n\u0103tate \u0219i frumuse\u021be","item":"https:\/\/shopatoa.com\/ro\/sanatate-si-frumusete\/"},{"@type":"ListItem","position":4,"name":"\u00cengrijire personal\u0103","item":"https:\/\/shopatoa.com\/ro\/ingrijire-personala\/"},{"@type":"ListItem","position":5,"name":"Cosmetice","item":"https:\/\/shopatoa.com\/ro\/cosmetice-ingrijire-personala\/"},{"@type":"ListItem","position":6,"name":"\u00cengrijirea pielii","item":"https:\/\/shopatoa.com\/ro\/ingrijirea-pielii\/"},{"@type":"ListItem","position":7,"name":"Origins Dr. Andrew Weil for Origins\u2122 Mega-Mushroom Dark Spot Brightening Corrector Serum ser facial impotriva imperfectiunilor pielii 30 ml"}]},{"@type":"WebSite","@id":"https:\/\/shopatoa.com\/ro\/#website","url":"https:\/\/shopatoa.com\/ro\/","name":"SHOPATOA","description":"","publisher":{"@id":"https:\/\/shopatoa.com\/ro\/#organization"},"potentialAction":[{"@type":"SearchAction","target":{"@type":"EntryPoint","urlTemplate":"https:\/\/shopatoa.com\/ro\/?s={search_term_string}"},"query-input":{"@type":"PropertyValueSpecification","valueRequired":true,"valueName":"search_term_string"}}],"inLanguage":"ro-RO"},{"@type":"Organization","@id":"https:\/\/shopatoa.com\/ro\/#organization","name":"SHOPATOA","url":"https:\/\/shopatoa.com\/ro\/","logo":{"@type":"ImageObject","inLanguage":"ro-RO","@id":"https:\/\/shopatoa.com\/ro\/#\/schema\/logo\/image\/","url":"https:\/\/storage.googleapis.com\/cz-shopatoa-img\/ro\/b4dac915-shopatoa_logo.png","contentUrl":"https:\/\/storage.googleapis.com\/cz-shopatoa-img\/ro\/b4dac915-shopatoa_logo.png","width":416,"height":63,"caption":"SHOPATOA"},"image":{"@id":"https:\/\/shopatoa.com\/ro\/#\/schema\/logo\/image\/"}}]}},"_links":{"self":[{"href":"https:\/\/shopatoa.com\/ro\/wp-json\/wp\/v2\/product\/382374","targetHints":{"allow":["GET"]}}],"collection":[{"href":"https:\/\/shopatoa.com\/ro\/wp-json\/wp\/v2\/product"}],"about":[{"href":"https:\/\/shopatoa.com\/ro\/wp-json\/wp\/v2\/types\/product"}],"replies":[{"embeddable":true,"href":"https:\/\/shopatoa.com\/ro\/wp-json\/wp\/v2\/comments?post=382374"}],"wp:featuredmedia":[{"embeddable":true,"href":"https:\/\/shopatoa.com\/ro\/wp-json\/wp\/v2\/media\/382375"}],"wp:attachment":[{"href":"https:\/\/shopatoa.com\/ro\/wp-json\/wp\/v2\/media?parent=382374"}],"wp:term":[{"taxonomy":"product_brand","embeddable":true,"href":"https:\/\/shopatoa.com\/ro\/wp-json\/wp\/v2\/product_brand?post=382374"},{"taxonomy":"product_cat","embeddable":true,"href":"https:\/\/shopatoa.com\/ro\/wp-json\/wp\/v2\/product_cat?post=382374"},{"taxonomy":"product_tag","embeddable":true,"href":"https:\/\/shopatoa.com\/ro\/wp-json\/wp\/v2\/product_tag?post=382374"}],"curies":[{"name":"wp","href":"https:\/\/api.w.org\/{rel}","templated":true}]}}