{"id":382460,"date":"2025-06-16T07:24:09","date_gmt":"2025-06-16T05:24:09","guid":{"rendered":"https:\/\/shopatoa.com\/ro\/kiss-voguish-fantasy-fashspiration-unghii-artificiale-mediu-28-buc\/"},"modified":"2025-12-12T12:46:13","modified_gmt":"2025-12-12T11:46:13","slug":"kiss-voguish-fantasy-fashspiration-unghii-artificiale-mediu-28-buc","status":"publish","type":"product","link":"https:\/\/shopatoa.com\/ro\/kiss-voguish-fantasy-fashspiration-unghii-artificiale-mediu-28-buc\/","title":{"rendered":"KISS Voguish Fantasy Fashspiration unghii artificiale mediu 28 buc"},"content":{"rendered":"<p>KISS Voguish Fantasy Fashspiration, 28 buc, Manichiur\u0103 \u0219i pile de unghii pentru femei, Sunte\u021bi adepta manichiurii de precizie, dar simple? Atunci, ve\u021bi aprecia aplicarea u\u0219oar\u0103 pe care v-o ofer\u0103 unghiile false KISS Voguish Fantasy Fashspiration. V\u0103 permit s\u0103 crea\u021bi foarte rapid \u0219i \u00een confortul de acas\u0103 o manichiur\u0103 frumoas\u0103 ca de un profesionist. Vor oferi m\u00e2inilor dvs. un aspect sofisticat care va fi potrivit pentru o mul\u021bime de ocazii diferite. \u00cen plus, manichiura creat\u0103 va rezista \u00een stare perfect\u0103 mai mult dec\u00e2t una ob\u021binut\u0103 cu ajutorul ojelor obi\u0219nuite. Trebuie doar s\u0103 lipi\u021bi unghiile \u00een func\u021bie de dimensiune \u0219i gata: ave\u021bi o manichiur\u0103 ca din salon!  Caracteristici:  v\u0103 permit s\u0103 crea\u021bi o manichiur\u0103 impecabil\u0103 ca la salon \u00een c\u00e2teva minute pentru utilizare repetat\u0103 setul con\u021bine adeziv special pentru unghii cu efect de unghii cu gel  Cum se utilizeaz\u0103: \u00cempinge\u021bi cuticula sau \u00eendep\u0103rta\u021bi-o cu grij\u0103 cu ajutorul unei forfecu\u021be sau a unui cle\u0219te pentru cuticule. Aplica\u021bi o pic\u0103tur\u0103 de adeziv pe unghiile false, aplica\u021bi-le pe unghiile dvs. naturale \u0219i ap\u0103sa\u021bi timp de cel pu\u021bin 30 de secunde.<\/p>\n","protected":false},"excerpt":{"rendered":"<p>KISS Voguish Fantasy Fashspiration, 28 buc, Manichiur\u0103 \u0219i pile de unghii pentru femei, Sunte\u021bi adepta manichiurii de precizie, dar simple? Atunci, ve\u021bi aprecia aplicarea u\u0219oar\u0103 pe care v-o ofer\u0103 unghiile false KISS Voguish Fantasy Fashspiration. V\u0103 permit s\u0103 crea\u021bi foarte rapid \u0219i \u00een confortul de acas\u0103 o manichiur\u0103 frumoas\u0103 ca de un profesionist. Vor oferi&#8230;<\/p>\n","protected":false},"featured_media":382461,"comment_status":"closed","ping_status":"open","template":"","meta":{"_acf_changed":false,"_kadence_starter_templates_imported_post":false,"_kad_post_transparent":"","_kad_post_title":"","_kad_post_layout":"","_kad_post_sidebar_id":"","_kad_post_content_style":"","_kad_post_vertical_padding":"","_kad_post_feature":"","_kad_post_feature_position":"","_kad_post_header":false,"_kad_post_footer":false,"_kad_post_classname":""},"product_brand":[398],"product_cat":[1564,1563,1581,1562],"product_tag":[],"class_list":{"0":"post-382460","1":"product","2":"type-product","3":"status-publish","4":"has-post-thumbnail","6":"product_brand-kiss","7":"product_cat-cosmetice-ingrijire-personala","8":"product_cat-ingrijire-personala","9":"product_cat-ingrijirea-unghiilor","10":"product_cat-sanatate-si-frumusete","11":"pa_gen-female","12":"pa_marime-28-buc","14":"first","15":"instock","16":"sale","17":"product-type-external","18":"entry","19":"content-bg","20":"loop-entry"},"acf":[],"yoast_head":"<!-- This site is optimized with the Yoast SEO plugin v27.4 - https:\/\/yoast.com\/product\/yoast-seo-wordpress\/ -->\n<title>KISS Voguish Fantasy Fashspiration unghii artificiale mediu 28 buc - SHOPATOA.COM<\/title>\n<meta name=\"robots\" content=\"index, follow, max-snippet:-1, max-image-preview:large, max-video-preview:-1\" \/>\n<link rel=\"canonical\" href=\"https:\/\/shopatoa.com\/ro\/kiss-voguish-fantasy-fashspiration-unghii-artificiale-mediu-28-buc\/\" \/>\n<meta property=\"og:locale\" content=\"ro_RO\" \/>\n<meta property=\"og:type\" content=\"article\" \/>\n<meta property=\"og:title\" content=\"KISS Voguish Fantasy Fashspiration unghii artificiale mediu 28 buc - SHOPATOA.COM\" \/>\n<meta property=\"og:description\" content=\"KISS Voguish Fantasy Fashspiration, 28 buc, Manichiur\u0103 \u0219i pile de unghii pentru femei, Sunte\u021bi adepta manichiurii de precizie, dar simple? Atunci, ve\u021bi aprecia aplicarea u\u0219oar\u0103 pe care v-o ofer\u0103 unghiile false KISS Voguish Fantasy Fashspiration. V\u0103 permit s\u0103 crea\u021bi foarte rapid \u0219i \u00een confortul de acas\u0103 o manichiur\u0103 frumoas\u0103 ca de un profesionist. Vor oferi...\" \/>\n<meta property=\"og:url\" content=\"https:\/\/shopatoa.com\/ro\/kiss-voguish-fantasy-fashspiration-unghii-artificiale-mediu-28-buc\/\" \/>\n<meta property=\"og:site_name\" content=\"SHOPATOA\" \/>\n<meta property=\"article:modified_time\" content=\"2025-12-12T11:46:13+00:00\" \/>\n<meta property=\"og:image\" content=\"https:\/\/storage.googleapis.com\/cz-shopatoa-img\/ro\/15861c08-unnamed-file.webp\" \/>\n\t<meta property=\"og:image:width\" content=\"800\" \/>\n\t<meta property=\"og:image:height\" content=\"800\" \/>\n\t<meta property=\"og:image:type\" content=\"image\/webp\" \/>\n<meta name=\"twitter:card\" content=\"summary_large_image\" \/>\n<meta name=\"twitter:label1\" content=\"Timp estimat pentru citire\" \/>\n\t<meta name=\"twitter:data1\" content=\"1 minut\" \/>\n<script type=\"application\/ld+json\" class=\"yoast-schema-graph\">{\"@context\":\"https:\\\/\\\/schema.org\",\"@graph\":[{\"@type\":\"WebPage\",\"@id\":\"https:\\\/\\\/shopatoa.com\\\/ro\\\/kiss-voguish-fantasy-fashspiration-unghii-artificiale-mediu-28-buc\\\/\",\"url\":\"https:\\\/\\\/shopatoa.com\\\/ro\\\/kiss-voguish-fantasy-fashspiration-unghii-artificiale-mediu-28-buc\\\/\",\"name\":\"KISS Voguish Fantasy Fashspiration unghii artificiale mediu 28 buc - SHOPATOA.COM\",\"isPartOf\":{\"@id\":\"https:\\\/\\\/shopatoa.com\\\/ro\\\/#website\"},\"primaryImageOfPage\":{\"@id\":\"https:\\\/\\\/shopatoa.com\\\/ro\\\/kiss-voguish-fantasy-fashspiration-unghii-artificiale-mediu-28-buc\\\/#primaryimage\"},\"image\":{\"@id\":\"https:\\\/\\\/shopatoa.com\\\/ro\\\/kiss-voguish-fantasy-fashspiration-unghii-artificiale-mediu-28-buc\\\/#primaryimage\"},\"thumbnailUrl\":\"https:\\\/\\\/storage.googleapis.com\\\/cz-shopatoa-img\\\/ro\\\/15861c08-unnamed-file.webp\",\"datePublished\":\"2025-06-16T05:24:09+00:00\",\"dateModified\":\"2025-12-12T11:46:13+00:00\",\"breadcrumb\":{\"@id\":\"https:\\\/\\\/shopatoa.com\\\/ro\\\/kiss-voguish-fantasy-fashspiration-unghii-artificiale-mediu-28-buc\\\/#breadcrumb\"},\"inLanguage\":\"ro-RO\",\"potentialAction\":[{\"@type\":\"ReadAction\",\"target\":[\"https:\\\/\\\/shopatoa.com\\\/ro\\\/kiss-voguish-fantasy-fashspiration-unghii-artificiale-mediu-28-buc\\\/\"]}]},{\"@type\":\"ImageObject\",\"inLanguage\":\"ro-RO\",\"@id\":\"https:\\\/\\\/shopatoa.com\\\/ro\\\/kiss-voguish-fantasy-fashspiration-unghii-artificiale-mediu-28-buc\\\/#primaryimage\",\"url\":\"https:\\\/\\\/storage.googleapis.com\\\/cz-shopatoa-img\\\/ro\\\/15861c08-unnamed-file.webp\",\"contentUrl\":\"https:\\\/\\\/storage.googleapis.com\\\/cz-shopatoa-img\\\/ro\\\/15861c08-unnamed-file.webp\",\"width\":800,\"height\":800},{\"@type\":\"BreadcrumbList\",\"@id\":\"https:\\\/\\\/shopatoa.com\\\/ro\\\/kiss-voguish-fantasy-fashspiration-unghii-artificiale-mediu-28-buc\\\/#breadcrumb\",\"itemListElement\":[{\"@type\":\"ListItem\",\"position\":1,\"name\":\"Dom\u016f\",\"item\":\"https:\\\/\\\/shopatoa.com\\\/ro\\\/\"},{\"@type\":\"ListItem\",\"position\":2,\"name\":\"Shop\",\"item\":\"https:\\\/\\\/shopatoa.com\\\/ro\\\/shop\\\/\"},{\"@type\":\"ListItem\",\"position\":3,\"name\":\"S\u0103n\u0103tate \u0219i frumuse\u021be\",\"item\":\"https:\\\/\\\/shopatoa.com\\\/ro\\\/sanatate-si-frumusete\\\/\"},{\"@type\":\"ListItem\",\"position\":4,\"name\":\"\u00cengrijire personal\u0103\",\"item\":\"https:\\\/\\\/shopatoa.com\\\/ro\\\/ingrijire-personala\\\/\"},{\"@type\":\"ListItem\",\"position\":5,\"name\":\"Cosmetice\",\"item\":\"https:\\\/\\\/shopatoa.com\\\/ro\\\/cosmetice-ingrijire-personala\\\/\"},{\"@type\":\"ListItem\",\"position\":6,\"name\":\"\u00cengrijirea unghiilor\",\"item\":\"https:\\\/\\\/shopatoa.com\\\/ro\\\/ingrijirea-unghiilor\\\/\"},{\"@type\":\"ListItem\",\"position\":7,\"name\":\"KISS Voguish Fantasy Fashspiration unghii artificiale mediu 28 buc\"}]},{\"@type\":\"WebSite\",\"@id\":\"https:\\\/\\\/shopatoa.com\\\/ro\\\/#website\",\"url\":\"https:\\\/\\\/shopatoa.com\\\/ro\\\/\",\"name\":\"SHOPATOA\",\"description\":\"\",\"publisher\":{\"@id\":\"https:\\\/\\\/shopatoa.com\\\/ro\\\/#organization\"},\"potentialAction\":[{\"@type\":\"SearchAction\",\"target\":{\"@type\":\"EntryPoint\",\"urlTemplate\":\"https:\\\/\\\/shopatoa.com\\\/ro\\\/?s={search_term_string}\"},\"query-input\":{\"@type\":\"PropertyValueSpecification\",\"valueRequired\":true,\"valueName\":\"search_term_string\"}}],\"inLanguage\":\"ro-RO\"},{\"@type\":\"Organization\",\"@id\":\"https:\\\/\\\/shopatoa.com\\\/ro\\\/#organization\",\"name\":\"SHOPATOA\",\"url\":\"https:\\\/\\\/shopatoa.com\\\/ro\\\/\",\"logo\":{\"@type\":\"ImageObject\",\"inLanguage\":\"ro-RO\",\"@id\":\"https:\\\/\\\/shopatoa.com\\\/ro\\\/#\\\/schema\\\/logo\\\/image\\\/\",\"url\":\"https:\\\/\\\/storage.googleapis.com\\\/cz-shopatoa-img\\\/ro\\\/b4dac915-shopatoa_logo.png\",\"contentUrl\":\"https:\\\/\\\/storage.googleapis.com\\\/cz-shopatoa-img\\\/ro\\\/b4dac915-shopatoa_logo.png\",\"width\":416,\"height\":63,\"caption\":\"SHOPATOA\"},\"image\":{\"@id\":\"https:\\\/\\\/shopatoa.com\\\/ro\\\/#\\\/schema\\\/logo\\\/image\\\/\"}}]}<\/script>\n<!-- \/ Yoast SEO plugin. -->","yoast_head_json":{"title":"KISS Voguish Fantasy Fashspiration unghii artificiale mediu 28 buc - SHOPATOA.COM","robots":{"index":"index","follow":"follow","max-snippet":"max-snippet:-1","max-image-preview":"max-image-preview:large","max-video-preview":"max-video-preview:-1"},"canonical":"https:\/\/shopatoa.com\/ro\/kiss-voguish-fantasy-fashspiration-unghii-artificiale-mediu-28-buc\/","og_locale":"ro_RO","og_type":"article","og_title":"KISS Voguish Fantasy Fashspiration unghii artificiale mediu 28 buc - SHOPATOA.COM","og_description":"KISS Voguish Fantasy Fashspiration, 28 buc, Manichiur\u0103 \u0219i pile de unghii pentru femei, Sunte\u021bi adepta manichiurii de precizie, dar simple? Atunci, ve\u021bi aprecia aplicarea u\u0219oar\u0103 pe care v-o ofer\u0103 unghiile false KISS Voguish Fantasy Fashspiration. V\u0103 permit s\u0103 crea\u021bi foarte rapid \u0219i \u00een confortul de acas\u0103 o manichiur\u0103 frumoas\u0103 ca de un profesionist. Vor oferi...","og_url":"https:\/\/shopatoa.com\/ro\/kiss-voguish-fantasy-fashspiration-unghii-artificiale-mediu-28-buc\/","og_site_name":"SHOPATOA","article_modified_time":"2025-12-12T11:46:13+00:00","og_image":[{"width":800,"height":800,"url":"https:\/\/storage.googleapis.com\/cz-shopatoa-img\/ro\/15861c08-unnamed-file.webp","type":"image\/webp"}],"twitter_card":"summary_large_image","twitter_misc":{"Timp estimat pentru citire":"1 minut"},"schema":{"@context":"https:\/\/schema.org","@graph":[{"@type":"WebPage","@id":"https:\/\/shopatoa.com\/ro\/kiss-voguish-fantasy-fashspiration-unghii-artificiale-mediu-28-buc\/","url":"https:\/\/shopatoa.com\/ro\/kiss-voguish-fantasy-fashspiration-unghii-artificiale-mediu-28-buc\/","name":"KISS Voguish Fantasy Fashspiration unghii artificiale mediu 28 buc - SHOPATOA.COM","isPartOf":{"@id":"https:\/\/shopatoa.com\/ro\/#website"},"primaryImageOfPage":{"@id":"https:\/\/shopatoa.com\/ro\/kiss-voguish-fantasy-fashspiration-unghii-artificiale-mediu-28-buc\/#primaryimage"},"image":{"@id":"https:\/\/shopatoa.com\/ro\/kiss-voguish-fantasy-fashspiration-unghii-artificiale-mediu-28-buc\/#primaryimage"},"thumbnailUrl":"https:\/\/storage.googleapis.com\/cz-shopatoa-img\/ro\/15861c08-unnamed-file.webp","datePublished":"2025-06-16T05:24:09+00:00","dateModified":"2025-12-12T11:46:13+00:00","breadcrumb":{"@id":"https:\/\/shopatoa.com\/ro\/kiss-voguish-fantasy-fashspiration-unghii-artificiale-mediu-28-buc\/#breadcrumb"},"inLanguage":"ro-RO","potentialAction":[{"@type":"ReadAction","target":["https:\/\/shopatoa.com\/ro\/kiss-voguish-fantasy-fashspiration-unghii-artificiale-mediu-28-buc\/"]}]},{"@type":"ImageObject","inLanguage":"ro-RO","@id":"https:\/\/shopatoa.com\/ro\/kiss-voguish-fantasy-fashspiration-unghii-artificiale-mediu-28-buc\/#primaryimage","url":"https:\/\/storage.googleapis.com\/cz-shopatoa-img\/ro\/15861c08-unnamed-file.webp","contentUrl":"https:\/\/storage.googleapis.com\/cz-shopatoa-img\/ro\/15861c08-unnamed-file.webp","width":800,"height":800},{"@type":"BreadcrumbList","@id":"https:\/\/shopatoa.com\/ro\/kiss-voguish-fantasy-fashspiration-unghii-artificiale-mediu-28-buc\/#breadcrumb","itemListElement":[{"@type":"ListItem","position":1,"name":"Dom\u016f","item":"https:\/\/shopatoa.com\/ro\/"},{"@type":"ListItem","position":2,"name":"Shop","item":"https:\/\/shopatoa.com\/ro\/shop\/"},{"@type":"ListItem","position":3,"name":"S\u0103n\u0103tate \u0219i frumuse\u021be","item":"https:\/\/shopatoa.com\/ro\/sanatate-si-frumusete\/"},{"@type":"ListItem","position":4,"name":"\u00cengrijire personal\u0103","item":"https:\/\/shopatoa.com\/ro\/ingrijire-personala\/"},{"@type":"ListItem","position":5,"name":"Cosmetice","item":"https:\/\/shopatoa.com\/ro\/cosmetice-ingrijire-personala\/"},{"@type":"ListItem","position":6,"name":"\u00cengrijirea unghiilor","item":"https:\/\/shopatoa.com\/ro\/ingrijirea-unghiilor\/"},{"@type":"ListItem","position":7,"name":"KISS Voguish Fantasy Fashspiration unghii artificiale mediu 28 buc"}]},{"@type":"WebSite","@id":"https:\/\/shopatoa.com\/ro\/#website","url":"https:\/\/shopatoa.com\/ro\/","name":"SHOPATOA","description":"","publisher":{"@id":"https:\/\/shopatoa.com\/ro\/#organization"},"potentialAction":[{"@type":"SearchAction","target":{"@type":"EntryPoint","urlTemplate":"https:\/\/shopatoa.com\/ro\/?s={search_term_string}"},"query-input":{"@type":"PropertyValueSpecification","valueRequired":true,"valueName":"search_term_string"}}],"inLanguage":"ro-RO"},{"@type":"Organization","@id":"https:\/\/shopatoa.com\/ro\/#organization","name":"SHOPATOA","url":"https:\/\/shopatoa.com\/ro\/","logo":{"@type":"ImageObject","inLanguage":"ro-RO","@id":"https:\/\/shopatoa.com\/ro\/#\/schema\/logo\/image\/","url":"https:\/\/storage.googleapis.com\/cz-shopatoa-img\/ro\/b4dac915-shopatoa_logo.png","contentUrl":"https:\/\/storage.googleapis.com\/cz-shopatoa-img\/ro\/b4dac915-shopatoa_logo.png","width":416,"height":63,"caption":"SHOPATOA"},"image":{"@id":"https:\/\/shopatoa.com\/ro\/#\/schema\/logo\/image\/"}}]}},"_links":{"self":[{"href":"https:\/\/shopatoa.com\/ro\/wp-json\/wp\/v2\/product\/382460","targetHints":{"allow":["GET"]}}],"collection":[{"href":"https:\/\/shopatoa.com\/ro\/wp-json\/wp\/v2\/product"}],"about":[{"href":"https:\/\/shopatoa.com\/ro\/wp-json\/wp\/v2\/types\/product"}],"replies":[{"embeddable":true,"href":"https:\/\/shopatoa.com\/ro\/wp-json\/wp\/v2\/comments?post=382460"}],"wp:featuredmedia":[{"embeddable":true,"href":"https:\/\/shopatoa.com\/ro\/wp-json\/wp\/v2\/media\/382461"}],"wp:attachment":[{"href":"https:\/\/shopatoa.com\/ro\/wp-json\/wp\/v2\/media?parent=382460"}],"wp:term":[{"taxonomy":"product_brand","embeddable":true,"href":"https:\/\/shopatoa.com\/ro\/wp-json\/wp\/v2\/product_brand?post=382460"},{"taxonomy":"product_cat","embeddable":true,"href":"https:\/\/shopatoa.com\/ro\/wp-json\/wp\/v2\/product_cat?post=382460"},{"taxonomy":"product_tag","embeddable":true,"href":"https:\/\/shopatoa.com\/ro\/wp-json\/wp\/v2\/product_tag?post=382460"}],"curies":[{"name":"wp","href":"https:\/\/api.w.org\/{rel}","templated":true}]}}