{"id":383026,"date":"2025-06-16T08:26:10","date_gmt":"2025-06-16T06:26:10","guid":{"rendered":"https:\/\/shopatoa.com\/ro\/weleda-arnica-ulei-de-masaj-cu-arnica-200-ml\/"},"modified":"2025-12-13T02:35:41","modified_gmt":"2025-12-13T01:35:41","slug":"weleda-arnica-ulei-de-masaj-cu-arnica-200-ml","status":"publish","type":"product","link":"https:\/\/shopatoa.com\/ro\/weleda-arnica-ulei-de-masaj-cu-arnica-200-ml\/","title":{"rendered":"Weleda Arnica ulei de masaj cu arnic\u0103 200 ml"},"content":{"rendered":"<p>Weleda Arnica, 200 ml, Regenerare \u0219i masaj pentru femei, Sim\u021bi\u021bi c\u0103 pielea dvs. are nevoie de ceva \u00een plus fa\u021b\u0103 de \u00eengrijirea oferir\u0103 de lo\u021biune sau crem\u0103? Uleiul de corp Weleda Arnica v\u0103 va \u00eembog\u0103\u021bi perfect rutina de \u00eengrijire \u2013 va conferi pielii o doz\u0103 suplimentar\u0103 de substan\u021be nutritive, \u00eei va favoriza regenerarea \u0219i \u00eei va asigura un aspect neted.  Caracteristici:  pentru o piele moale \u0219i elastic\u0103 hr\u0103ne\u0219te \u0219i trateaz\u0103 pielea  Ingrediente:  nu con\u021bine parfum  Cum se utilizeaz\u0103: Se maseaz\u0103 u\u0219or cantit\u0103\u021bi mici de ulei pentru masaj, pe \u00eentregul corp. Se utilizeaz\u0103 diminea\u021ba \u0219i\/sau seara, dup\u0103 baie sau du\u0219.<\/p>\n","protected":false},"excerpt":{"rendered":"<p>Weleda Arnica, 200 ml, Regenerare \u0219i masaj pentru femei, Sim\u021bi\u021bi c\u0103 pielea dvs. are nevoie de ceva \u00een plus fa\u021b\u0103 de \u00eengrijirea oferir\u0103 de lo\u021biune sau crem\u0103? Uleiul de corp Weleda Arnica v\u0103 va \u00eembog\u0103\u021bi perfect rutina de \u00eengrijire \u2013 va conferi pielii o doz\u0103 suplimentar\u0103 de substan\u021be nutritive, \u00eei va favoriza regenerarea \u0219i \u00eei&#8230;<\/p>\n","protected":false},"featured_media":383027,"comment_status":"closed","ping_status":"open","template":"","meta":{"_acf_changed":false,"_kadence_starter_templates_imported_post":false,"_kad_post_transparent":"","_kad_post_title":"","_kad_post_layout":"","_kad_post_sidebar_id":"","_kad_post_content_style":"","_kad_post_vertical_padding":"","_kad_post_feature":"","_kad_post_feature_position":"","_kad_post_header":false,"_kad_post_footer":false,"_kad_post_classname":""},"product_brand":[554],"product_cat":[1563,2002,1562,2003],"product_tag":[],"class_list":{"0":"post-383026","1":"product","2":"type-product","3":"status-publish","4":"has-post-thumbnail","6":"product_brand-weleda","7":"product_cat-ingrijire-personala","8":"product_cat-masaj-si-relaxare","9":"product_cat-sanatate-si-frumusete","10":"product_cat-ulei-de-masaj","11":"pa_gen-female","12":"pa_marime-200-ml","14":"first","15":"instock","16":"sale","17":"product-type-external","18":"entry","19":"content-bg","20":"loop-entry"},"acf":[],"yoast_head":"<!-- This site is optimized with the Yoast SEO plugin v27.4 - https:\/\/yoast.com\/product\/yoast-seo-wordpress\/ -->\n<title>Weleda Arnica ulei de masaj cu arnic\u0103 200 ml - SHOPATOA.COM<\/title>\n<meta name=\"robots\" content=\"index, follow, max-snippet:-1, max-image-preview:large, max-video-preview:-1\" \/>\n<link rel=\"canonical\" href=\"https:\/\/shopatoa.com\/ro\/weleda-arnica-ulei-de-masaj-cu-arnica-200-ml\/\" \/>\n<meta property=\"og:locale\" content=\"ro_RO\" \/>\n<meta property=\"og:type\" content=\"article\" \/>\n<meta property=\"og:title\" content=\"Weleda Arnica ulei de masaj cu arnic\u0103 200 ml - SHOPATOA.COM\" \/>\n<meta property=\"og:description\" content=\"Weleda Arnica, 200 ml, Regenerare \u0219i masaj pentru femei, Sim\u021bi\u021bi c\u0103 pielea dvs. are nevoie de ceva \u00een plus fa\u021b\u0103 de \u00eengrijirea oferir\u0103 de lo\u021biune sau crem\u0103? Uleiul de corp Weleda Arnica v\u0103 va \u00eembog\u0103\u021bi perfect rutina de \u00eengrijire \u2013 va conferi pielii o doz\u0103 suplimentar\u0103 de substan\u021be nutritive, \u00eei va favoriza regenerarea \u0219i \u00eei...\" \/>\n<meta property=\"og:url\" content=\"https:\/\/shopatoa.com\/ro\/weleda-arnica-ulei-de-masaj-cu-arnica-200-ml\/\" \/>\n<meta property=\"og:site_name\" content=\"SHOPATOA\" \/>\n<meta property=\"article:modified_time\" content=\"2025-12-13T01:35:41+00:00\" \/>\n<meta property=\"og:image\" content=\"https:\/\/storage.googleapis.com\/cz-shopatoa-img\/ro\/d745a96b-unnamed-file.webp\" \/>\n\t<meta property=\"og:image:width\" content=\"800\" \/>\n\t<meta property=\"og:image:height\" content=\"800\" \/>\n\t<meta property=\"og:image:type\" content=\"image\/webp\" \/>\n<meta name=\"twitter:card\" content=\"summary_large_image\" \/>\n<meta name=\"twitter:label1\" content=\"Timp estimat pentru citire\" \/>\n\t<meta name=\"twitter:data1\" content=\"1 minut\" \/>\n<script type=\"application\/ld+json\" class=\"yoast-schema-graph\">{\"@context\":\"https:\\\/\\\/schema.org\",\"@graph\":[{\"@type\":\"WebPage\",\"@id\":\"https:\\\/\\\/shopatoa.com\\\/ro\\\/weleda-arnica-ulei-de-masaj-cu-arnica-200-ml\\\/\",\"url\":\"https:\\\/\\\/shopatoa.com\\\/ro\\\/weleda-arnica-ulei-de-masaj-cu-arnica-200-ml\\\/\",\"name\":\"Weleda Arnica ulei de masaj cu arnic\u0103 200 ml - SHOPATOA.COM\",\"isPartOf\":{\"@id\":\"https:\\\/\\\/shopatoa.com\\\/ro\\\/#website\"},\"primaryImageOfPage\":{\"@id\":\"https:\\\/\\\/shopatoa.com\\\/ro\\\/weleda-arnica-ulei-de-masaj-cu-arnica-200-ml\\\/#primaryimage\"},\"image\":{\"@id\":\"https:\\\/\\\/shopatoa.com\\\/ro\\\/weleda-arnica-ulei-de-masaj-cu-arnica-200-ml\\\/#primaryimage\"},\"thumbnailUrl\":\"https:\\\/\\\/storage.googleapis.com\\\/cz-shopatoa-img\\\/ro\\\/d745a96b-unnamed-file.webp\",\"datePublished\":\"2025-06-16T06:26:10+00:00\",\"dateModified\":\"2025-12-13T01:35:41+00:00\",\"breadcrumb\":{\"@id\":\"https:\\\/\\\/shopatoa.com\\\/ro\\\/weleda-arnica-ulei-de-masaj-cu-arnica-200-ml\\\/#breadcrumb\"},\"inLanguage\":\"ro-RO\",\"potentialAction\":[{\"@type\":\"ReadAction\",\"target\":[\"https:\\\/\\\/shopatoa.com\\\/ro\\\/weleda-arnica-ulei-de-masaj-cu-arnica-200-ml\\\/\"]}]},{\"@type\":\"ImageObject\",\"inLanguage\":\"ro-RO\",\"@id\":\"https:\\\/\\\/shopatoa.com\\\/ro\\\/weleda-arnica-ulei-de-masaj-cu-arnica-200-ml\\\/#primaryimage\",\"url\":\"https:\\\/\\\/storage.googleapis.com\\\/cz-shopatoa-img\\\/ro\\\/d745a96b-unnamed-file.webp\",\"contentUrl\":\"https:\\\/\\\/storage.googleapis.com\\\/cz-shopatoa-img\\\/ro\\\/d745a96b-unnamed-file.webp\",\"width\":800,\"height\":800},{\"@type\":\"BreadcrumbList\",\"@id\":\"https:\\\/\\\/shopatoa.com\\\/ro\\\/weleda-arnica-ulei-de-masaj-cu-arnica-200-ml\\\/#breadcrumb\",\"itemListElement\":[{\"@type\":\"ListItem\",\"position\":1,\"name\":\"Dom\u016f\",\"item\":\"https:\\\/\\\/shopatoa.com\\\/ro\\\/\"},{\"@type\":\"ListItem\",\"position\":2,\"name\":\"Shop\",\"item\":\"https:\\\/\\\/shopatoa.com\\\/ro\\\/shop\\\/\"},{\"@type\":\"ListItem\",\"position\":3,\"name\":\"S\u0103n\u0103tate \u0219i frumuse\u021be\",\"item\":\"https:\\\/\\\/shopatoa.com\\\/ro\\\/sanatate-si-frumusete\\\/\"},{\"@type\":\"ListItem\",\"position\":4,\"name\":\"\u00cengrijire personal\u0103\",\"item\":\"https:\\\/\\\/shopatoa.com\\\/ro\\\/ingrijire-personala\\\/\"},{\"@type\":\"ListItem\",\"position\":5,\"name\":\"Masaj \u0219i relaxare\",\"item\":\"https:\\\/\\\/shopatoa.com\\\/ro\\\/masaj-si-relaxare\\\/\"},{\"@type\":\"ListItem\",\"position\":6,\"name\":\"Ulei de masaj\",\"item\":\"https:\\\/\\\/shopatoa.com\\\/ro\\\/ulei-de-masaj\\\/\"},{\"@type\":\"ListItem\",\"position\":7,\"name\":\"Weleda Arnica ulei de masaj cu arnic\u0103 200 ml\"}]},{\"@type\":\"WebSite\",\"@id\":\"https:\\\/\\\/shopatoa.com\\\/ro\\\/#website\",\"url\":\"https:\\\/\\\/shopatoa.com\\\/ro\\\/\",\"name\":\"SHOPATOA\",\"description\":\"\",\"publisher\":{\"@id\":\"https:\\\/\\\/shopatoa.com\\\/ro\\\/#organization\"},\"potentialAction\":[{\"@type\":\"SearchAction\",\"target\":{\"@type\":\"EntryPoint\",\"urlTemplate\":\"https:\\\/\\\/shopatoa.com\\\/ro\\\/?s={search_term_string}\"},\"query-input\":{\"@type\":\"PropertyValueSpecification\",\"valueRequired\":true,\"valueName\":\"search_term_string\"}}],\"inLanguage\":\"ro-RO\"},{\"@type\":\"Organization\",\"@id\":\"https:\\\/\\\/shopatoa.com\\\/ro\\\/#organization\",\"name\":\"SHOPATOA\",\"url\":\"https:\\\/\\\/shopatoa.com\\\/ro\\\/\",\"logo\":{\"@type\":\"ImageObject\",\"inLanguage\":\"ro-RO\",\"@id\":\"https:\\\/\\\/shopatoa.com\\\/ro\\\/#\\\/schema\\\/logo\\\/image\\\/\",\"url\":\"https:\\\/\\\/storage.googleapis.com\\\/cz-shopatoa-img\\\/ro\\\/b4dac915-shopatoa_logo.png\",\"contentUrl\":\"https:\\\/\\\/storage.googleapis.com\\\/cz-shopatoa-img\\\/ro\\\/b4dac915-shopatoa_logo.png\",\"width\":416,\"height\":63,\"caption\":\"SHOPATOA\"},\"image\":{\"@id\":\"https:\\\/\\\/shopatoa.com\\\/ro\\\/#\\\/schema\\\/logo\\\/image\\\/\"}}]}<\/script>\n<!-- \/ Yoast SEO plugin. -->","yoast_head_json":{"title":"Weleda Arnica ulei de masaj cu arnic\u0103 200 ml - SHOPATOA.COM","robots":{"index":"index","follow":"follow","max-snippet":"max-snippet:-1","max-image-preview":"max-image-preview:large","max-video-preview":"max-video-preview:-1"},"canonical":"https:\/\/shopatoa.com\/ro\/weleda-arnica-ulei-de-masaj-cu-arnica-200-ml\/","og_locale":"ro_RO","og_type":"article","og_title":"Weleda Arnica ulei de masaj cu arnic\u0103 200 ml - SHOPATOA.COM","og_description":"Weleda Arnica, 200 ml, Regenerare \u0219i masaj pentru femei, Sim\u021bi\u021bi c\u0103 pielea dvs. are nevoie de ceva \u00een plus fa\u021b\u0103 de \u00eengrijirea oferir\u0103 de lo\u021biune sau crem\u0103? Uleiul de corp Weleda Arnica v\u0103 va \u00eembog\u0103\u021bi perfect rutina de \u00eengrijire \u2013 va conferi pielii o doz\u0103 suplimentar\u0103 de substan\u021be nutritive, \u00eei va favoriza regenerarea \u0219i \u00eei...","og_url":"https:\/\/shopatoa.com\/ro\/weleda-arnica-ulei-de-masaj-cu-arnica-200-ml\/","og_site_name":"SHOPATOA","article_modified_time":"2025-12-13T01:35:41+00:00","og_image":[{"width":800,"height":800,"url":"https:\/\/storage.googleapis.com\/cz-shopatoa-img\/ro\/d745a96b-unnamed-file.webp","type":"image\/webp"}],"twitter_card":"summary_large_image","twitter_misc":{"Timp estimat pentru citire":"1 minut"},"schema":{"@context":"https:\/\/schema.org","@graph":[{"@type":"WebPage","@id":"https:\/\/shopatoa.com\/ro\/weleda-arnica-ulei-de-masaj-cu-arnica-200-ml\/","url":"https:\/\/shopatoa.com\/ro\/weleda-arnica-ulei-de-masaj-cu-arnica-200-ml\/","name":"Weleda Arnica ulei de masaj cu arnic\u0103 200 ml - SHOPATOA.COM","isPartOf":{"@id":"https:\/\/shopatoa.com\/ro\/#website"},"primaryImageOfPage":{"@id":"https:\/\/shopatoa.com\/ro\/weleda-arnica-ulei-de-masaj-cu-arnica-200-ml\/#primaryimage"},"image":{"@id":"https:\/\/shopatoa.com\/ro\/weleda-arnica-ulei-de-masaj-cu-arnica-200-ml\/#primaryimage"},"thumbnailUrl":"https:\/\/storage.googleapis.com\/cz-shopatoa-img\/ro\/d745a96b-unnamed-file.webp","datePublished":"2025-06-16T06:26:10+00:00","dateModified":"2025-12-13T01:35:41+00:00","breadcrumb":{"@id":"https:\/\/shopatoa.com\/ro\/weleda-arnica-ulei-de-masaj-cu-arnica-200-ml\/#breadcrumb"},"inLanguage":"ro-RO","potentialAction":[{"@type":"ReadAction","target":["https:\/\/shopatoa.com\/ro\/weleda-arnica-ulei-de-masaj-cu-arnica-200-ml\/"]}]},{"@type":"ImageObject","inLanguage":"ro-RO","@id":"https:\/\/shopatoa.com\/ro\/weleda-arnica-ulei-de-masaj-cu-arnica-200-ml\/#primaryimage","url":"https:\/\/storage.googleapis.com\/cz-shopatoa-img\/ro\/d745a96b-unnamed-file.webp","contentUrl":"https:\/\/storage.googleapis.com\/cz-shopatoa-img\/ro\/d745a96b-unnamed-file.webp","width":800,"height":800},{"@type":"BreadcrumbList","@id":"https:\/\/shopatoa.com\/ro\/weleda-arnica-ulei-de-masaj-cu-arnica-200-ml\/#breadcrumb","itemListElement":[{"@type":"ListItem","position":1,"name":"Dom\u016f","item":"https:\/\/shopatoa.com\/ro\/"},{"@type":"ListItem","position":2,"name":"Shop","item":"https:\/\/shopatoa.com\/ro\/shop\/"},{"@type":"ListItem","position":3,"name":"S\u0103n\u0103tate \u0219i frumuse\u021be","item":"https:\/\/shopatoa.com\/ro\/sanatate-si-frumusete\/"},{"@type":"ListItem","position":4,"name":"\u00cengrijire personal\u0103","item":"https:\/\/shopatoa.com\/ro\/ingrijire-personala\/"},{"@type":"ListItem","position":5,"name":"Masaj \u0219i relaxare","item":"https:\/\/shopatoa.com\/ro\/masaj-si-relaxare\/"},{"@type":"ListItem","position":6,"name":"Ulei de masaj","item":"https:\/\/shopatoa.com\/ro\/ulei-de-masaj\/"},{"@type":"ListItem","position":7,"name":"Weleda Arnica ulei de masaj cu arnic\u0103 200 ml"}]},{"@type":"WebSite","@id":"https:\/\/shopatoa.com\/ro\/#website","url":"https:\/\/shopatoa.com\/ro\/","name":"SHOPATOA","description":"","publisher":{"@id":"https:\/\/shopatoa.com\/ro\/#organization"},"potentialAction":[{"@type":"SearchAction","target":{"@type":"EntryPoint","urlTemplate":"https:\/\/shopatoa.com\/ro\/?s={search_term_string}"},"query-input":{"@type":"PropertyValueSpecification","valueRequired":true,"valueName":"search_term_string"}}],"inLanguage":"ro-RO"},{"@type":"Organization","@id":"https:\/\/shopatoa.com\/ro\/#organization","name":"SHOPATOA","url":"https:\/\/shopatoa.com\/ro\/","logo":{"@type":"ImageObject","inLanguage":"ro-RO","@id":"https:\/\/shopatoa.com\/ro\/#\/schema\/logo\/image\/","url":"https:\/\/storage.googleapis.com\/cz-shopatoa-img\/ro\/b4dac915-shopatoa_logo.png","contentUrl":"https:\/\/storage.googleapis.com\/cz-shopatoa-img\/ro\/b4dac915-shopatoa_logo.png","width":416,"height":63,"caption":"SHOPATOA"},"image":{"@id":"https:\/\/shopatoa.com\/ro\/#\/schema\/logo\/image\/"}}]}},"_links":{"self":[{"href":"https:\/\/shopatoa.com\/ro\/wp-json\/wp\/v2\/product\/383026","targetHints":{"allow":["GET"]}}],"collection":[{"href":"https:\/\/shopatoa.com\/ro\/wp-json\/wp\/v2\/product"}],"about":[{"href":"https:\/\/shopatoa.com\/ro\/wp-json\/wp\/v2\/types\/product"}],"replies":[{"embeddable":true,"href":"https:\/\/shopatoa.com\/ro\/wp-json\/wp\/v2\/comments?post=383026"}],"wp:featuredmedia":[{"embeddable":true,"href":"https:\/\/shopatoa.com\/ro\/wp-json\/wp\/v2\/media\/383027"}],"wp:attachment":[{"href":"https:\/\/shopatoa.com\/ro\/wp-json\/wp\/v2\/media?parent=383026"}],"wp:term":[{"taxonomy":"product_brand","embeddable":true,"href":"https:\/\/shopatoa.com\/ro\/wp-json\/wp\/v2\/product_brand?post=383026"},{"taxonomy":"product_cat","embeddable":true,"href":"https:\/\/shopatoa.com\/ro\/wp-json\/wp\/v2\/product_cat?post=383026"},{"taxonomy":"product_tag","embeddable":true,"href":"https:\/\/shopatoa.com\/ro\/wp-json\/wp\/v2\/product_tag?post=383026"}],"curies":[{"name":"wp","href":"https:\/\/api.w.org\/{rel}","templated":true}]}}