{"id":383084,"date":"2025-06-16T08:30:55","date_gmt":"2025-06-16T06:30:55","guid":{"rendered":"https:\/\/shopatoa.com\/ro\/naif-sun-mineral-sunscreen-spf-50-spray-protector-pentru-plaja-spf-50-rezistent-la-apa-100-ml\/"},"modified":"2025-10-08T18:14:43","modified_gmt":"2025-10-08T16:14:43","slug":"naif-sun-mineral-sunscreen-spf-50-spray-protector-pentru-plaja-spf-50-rezistent-la-apa-100-ml","status":"publish","type":"product","link":"https:\/\/shopatoa.com\/ro\/naif-sun-mineral-sunscreen-spf-50-spray-protector-pentru-plaja-spf-50-rezistent-la-apa-100-ml\/","title":{"rendered":"Naif Sun Mineral Sunscreen SPF 50 spray protector pentru plaj\u0103 SPF 50 rezistent la ap\u0103 100 ml"},"content":{"rendered":"<p>Naif Sun Mineral Sunscreen SPF 50, 100 ml, Cosmetice solare pentru copii pentru femei, Produsul de protec\u021bie solar\u0103 constituie o parte indispensabil\u0103 a \u00eengrijirii pielii expuse la soare.  Caracteristici:  protejeaz\u0103 pielea fa\u021b\u0103 de arsurile solare protejeaz\u0103 pielea fa\u021b\u0103 de radia\u021biile UVA \u0219i UVB produsul este rezistent la ap\u0103 aplicare u\u0219oar\u0103 \u0219i rapid\u0103 poate fi folosit pe fa\u021b\u0103 \u0219i pe corp hr\u0103ne\u0219te \u0219i \u00eengrije\u0219te pielea se absoarbe rapid se aplic\u0103 u\u0219or filtrele minerale UV &#8211; r\u0103m\u00e2n pe suprafa\u021ba pielii \u0219i reflect\u0103 razele solare ac\u021bioneaz\u0103 imediat dup\u0103 aplicare se aplic\u0103 u\u0219or \u0219i nu las\u0103 o pelicul\u0103 gras\u0103 produsul este prietenos cu pielea \u0219i cu mediul \u00eenconjur\u0103tor  Cum se utilizeaz\u0103: Se aplic\u0103 pe piele, imediat \u00eenainte de expunerea la soare. Produsul de protec\u021bie se va aplica \u00een cantitate suficient\u0103. Produsul se va aplica cu aproximativ 20 de minute \u00eenainte de expunerea pielii la soare. Atunci c\u00e2nd folosi\u021bi produse de protec\u021bie solar\u0103 cu filtre UV minerale, nu uita\u021bi \u00eentotdeauna s\u0103 v\u0103 hidrata\u021bi suficient pielea. Seara, sp\u0103la\u021bi-o \u0219i masa\u021bi-o bine cu lo\u021biune, crem\u0103 sau balsam. Dac\u0103 pielea dvs. are nevoie de \u0219i mai mult\u0103 hidratare dup\u0103 expunerea la soare, hidrata\u021bi-o \u0219i diminea\u021ba, \u00eenainte de aplicarea \u00eengrijirii cu protec\u021bie mineral\u0103.<\/p>\n","protected":false},"excerpt":{"rendered":"<p>Naif Sun Mineral Sunscreen SPF 50, 100 ml, Cosmetice solare pentru copii pentru femei, Produsul de protec\u021bie solar\u0103 constituie o parte indispensabil\u0103 a \u00eengrijirii pielii expuse la soare. Caracteristici: protejeaz\u0103 pielea fa\u021b\u0103 de arsurile solare protejeaz\u0103 pielea fa\u021b\u0103 de radia\u021biile UVA \u0219i UVB produsul este rezistent la ap\u0103 aplicare u\u0219oar\u0103 \u0219i rapid\u0103 poate fi folosit&#8230;<\/p>\n","protected":false},"featured_media":383085,"comment_status":"closed","ping_status":"open","template":"","meta":{"_acf_changed":false,"_kadence_starter_templates_imported_post":false,"_kad_post_transparent":"","_kad_post_title":"","_kad_post_layout":"","_kad_post_sidebar_id":"","_kad_post_content_style":"","_kad_post_vertical_padding":"","_kad_post_feature":"","_kad_post_feature_position":"","_kad_post_header":false,"_kad_post_footer":false,"_kad_post_classname":""},"product_brand":[543],"product_cat":[1564,1563,1565,1722,1562],"product_tag":[],"class_list":{"0":"post-383084","1":"product","2":"type-product","3":"status-publish","4":"has-post-thumbnail","6":"product_brand-naif","7":"product_cat-cosmetice-ingrijire-personala","8":"product_cat-ingrijire-personala","9":"product_cat-ingrijirea-pielii","10":"product_cat-produse-pentru-bronzare-ingrijirea-pielii","11":"product_cat-sanatate-si-frumusete","12":"pa_gen-female","13":"pa_marime-100-ml","15":"first","16":"instock","17":"product-type-external","18":"entry","19":"content-bg","20":"loop-entry"},"acf":[],"yoast_head":"<!-- This site is optimized with the Yoast SEO plugin v27.4 - https:\/\/yoast.com\/product\/yoast-seo-wordpress\/ -->\n<title>Naif Sun Mineral Sunscreen SPF 50 spray protector pentru plaj\u0103 SPF 50 rezistent la ap\u0103 100 ml - SHOPATOA.COM<\/title>\n<meta name=\"robots\" content=\"index, follow, max-snippet:-1, max-image-preview:large, max-video-preview:-1\" \/>\n<link rel=\"canonical\" href=\"https:\/\/shopatoa.com\/ro\/naif-sun-mineral-sunscreen-spf-50-spray-protector-pentru-plaja-spf-50-rezistent-la-apa-100-ml\/\" \/>\n<meta property=\"og:locale\" content=\"ro_RO\" \/>\n<meta property=\"og:type\" content=\"article\" \/>\n<meta property=\"og:title\" content=\"Naif Sun Mineral Sunscreen SPF 50 spray protector pentru plaj\u0103 SPF 50 rezistent la ap\u0103 100 ml - SHOPATOA.COM\" \/>\n<meta property=\"og:description\" content=\"Naif Sun Mineral Sunscreen SPF 50, 100 ml, Cosmetice solare pentru copii pentru femei, Produsul de protec\u021bie solar\u0103 constituie o parte indispensabil\u0103 a \u00eengrijirii pielii expuse la soare. Caracteristici: protejeaz\u0103 pielea fa\u021b\u0103 de arsurile solare protejeaz\u0103 pielea fa\u021b\u0103 de radia\u021biile UVA \u0219i UVB produsul este rezistent la ap\u0103 aplicare u\u0219oar\u0103 \u0219i rapid\u0103 poate fi folosit...\" \/>\n<meta property=\"og:url\" content=\"https:\/\/shopatoa.com\/ro\/naif-sun-mineral-sunscreen-spf-50-spray-protector-pentru-plaja-spf-50-rezistent-la-apa-100-ml\/\" \/>\n<meta property=\"og:site_name\" content=\"SHOPATOA\" \/>\n<meta property=\"article:modified_time\" content=\"2025-10-08T16:14:43+00:00\" \/>\n<meta property=\"og:image\" content=\"https:\/\/storage.googleapis.com\/cz-shopatoa-img\/ro\/871e079e-unnamed-file.webp\" \/>\n\t<meta property=\"og:image:width\" content=\"800\" \/>\n\t<meta property=\"og:image:height\" content=\"800\" \/>\n\t<meta property=\"og:image:type\" content=\"image\/webp\" \/>\n<meta name=\"twitter:card\" content=\"summary_large_image\" \/>\n<meta name=\"twitter:label1\" content=\"Timp estimat pentru citire\" \/>\n\t<meta name=\"twitter:data1\" content=\"1 minut\" \/>\n<script type=\"application\/ld+json\" class=\"yoast-schema-graph\">{\"@context\":\"https:\\\/\\\/schema.org\",\"@graph\":[{\"@type\":\"WebPage\",\"@id\":\"https:\\\/\\\/shopatoa.com\\\/ro\\\/naif-sun-mineral-sunscreen-spf-50-spray-protector-pentru-plaja-spf-50-rezistent-la-apa-100-ml\\\/\",\"url\":\"https:\\\/\\\/shopatoa.com\\\/ro\\\/naif-sun-mineral-sunscreen-spf-50-spray-protector-pentru-plaja-spf-50-rezistent-la-apa-100-ml\\\/\",\"name\":\"Naif Sun Mineral Sunscreen SPF 50 spray protector pentru plaj\u0103 SPF 50 rezistent la ap\u0103 100 ml - SHOPATOA.COM\",\"isPartOf\":{\"@id\":\"https:\\\/\\\/shopatoa.com\\\/ro\\\/#website\"},\"primaryImageOfPage\":{\"@id\":\"https:\\\/\\\/shopatoa.com\\\/ro\\\/naif-sun-mineral-sunscreen-spf-50-spray-protector-pentru-plaja-spf-50-rezistent-la-apa-100-ml\\\/#primaryimage\"},\"image\":{\"@id\":\"https:\\\/\\\/shopatoa.com\\\/ro\\\/naif-sun-mineral-sunscreen-spf-50-spray-protector-pentru-plaja-spf-50-rezistent-la-apa-100-ml\\\/#primaryimage\"},\"thumbnailUrl\":\"https:\\\/\\\/storage.googleapis.com\\\/cz-shopatoa-img\\\/ro\\\/871e079e-unnamed-file.webp\",\"datePublished\":\"2025-06-16T06:30:55+00:00\",\"dateModified\":\"2025-10-08T16:14:43+00:00\",\"breadcrumb\":{\"@id\":\"https:\\\/\\\/shopatoa.com\\\/ro\\\/naif-sun-mineral-sunscreen-spf-50-spray-protector-pentru-plaja-spf-50-rezistent-la-apa-100-ml\\\/#breadcrumb\"},\"inLanguage\":\"ro-RO\",\"potentialAction\":[{\"@type\":\"ReadAction\",\"target\":[\"https:\\\/\\\/shopatoa.com\\\/ro\\\/naif-sun-mineral-sunscreen-spf-50-spray-protector-pentru-plaja-spf-50-rezistent-la-apa-100-ml\\\/\"]}]},{\"@type\":\"ImageObject\",\"inLanguage\":\"ro-RO\",\"@id\":\"https:\\\/\\\/shopatoa.com\\\/ro\\\/naif-sun-mineral-sunscreen-spf-50-spray-protector-pentru-plaja-spf-50-rezistent-la-apa-100-ml\\\/#primaryimage\",\"url\":\"https:\\\/\\\/storage.googleapis.com\\\/cz-shopatoa-img\\\/ro\\\/871e079e-unnamed-file.webp\",\"contentUrl\":\"https:\\\/\\\/storage.googleapis.com\\\/cz-shopatoa-img\\\/ro\\\/871e079e-unnamed-file.webp\",\"width\":800,\"height\":800},{\"@type\":\"BreadcrumbList\",\"@id\":\"https:\\\/\\\/shopatoa.com\\\/ro\\\/naif-sun-mineral-sunscreen-spf-50-spray-protector-pentru-plaja-spf-50-rezistent-la-apa-100-ml\\\/#breadcrumb\",\"itemListElement\":[{\"@type\":\"ListItem\",\"position\":1,\"name\":\"Dom\u016f\",\"item\":\"https:\\\/\\\/shopatoa.com\\\/ro\\\/\"},{\"@type\":\"ListItem\",\"position\":2,\"name\":\"Shop\",\"item\":\"https:\\\/\\\/shopatoa.com\\\/ro\\\/shop\\\/\"},{\"@type\":\"ListItem\",\"position\":3,\"name\":\"S\u0103n\u0103tate \u0219i frumuse\u021be\",\"item\":\"https:\\\/\\\/shopatoa.com\\\/ro\\\/sanatate-si-frumusete\\\/\"},{\"@type\":\"ListItem\",\"position\":4,\"name\":\"\u00cengrijire personal\u0103\",\"item\":\"https:\\\/\\\/shopatoa.com\\\/ro\\\/ingrijire-personala\\\/\"},{\"@type\":\"ListItem\",\"position\":5,\"name\":\"Cosmetice\",\"item\":\"https:\\\/\\\/shopatoa.com\\\/ro\\\/cosmetice-ingrijire-personala\\\/\"},{\"@type\":\"ListItem\",\"position\":6,\"name\":\"\u00cengrijirea pielii\",\"item\":\"https:\\\/\\\/shopatoa.com\\\/ro\\\/ingrijirea-pielii\\\/\"},{\"@type\":\"ListItem\",\"position\":7,\"name\":\"Produse pentru bronzare\",\"item\":\"https:\\\/\\\/shopatoa.com\\\/ro\\\/produse-pentru-bronzare-ingrijirea-pielii\\\/\"},{\"@type\":\"ListItem\",\"position\":8,\"name\":\"Naif Sun Mineral Sunscreen SPF 50 spray protector pentru plaj\u0103 SPF 50 rezistent la ap\u0103 100 ml\"}]},{\"@type\":\"WebSite\",\"@id\":\"https:\\\/\\\/shopatoa.com\\\/ro\\\/#website\",\"url\":\"https:\\\/\\\/shopatoa.com\\\/ro\\\/\",\"name\":\"SHOPATOA\",\"description\":\"\",\"publisher\":{\"@id\":\"https:\\\/\\\/shopatoa.com\\\/ro\\\/#organization\"},\"potentialAction\":[{\"@type\":\"SearchAction\",\"target\":{\"@type\":\"EntryPoint\",\"urlTemplate\":\"https:\\\/\\\/shopatoa.com\\\/ro\\\/?s={search_term_string}\"},\"query-input\":{\"@type\":\"PropertyValueSpecification\",\"valueRequired\":true,\"valueName\":\"search_term_string\"}}],\"inLanguage\":\"ro-RO\"},{\"@type\":\"Organization\",\"@id\":\"https:\\\/\\\/shopatoa.com\\\/ro\\\/#organization\",\"name\":\"SHOPATOA\",\"url\":\"https:\\\/\\\/shopatoa.com\\\/ro\\\/\",\"logo\":{\"@type\":\"ImageObject\",\"inLanguage\":\"ro-RO\",\"@id\":\"https:\\\/\\\/shopatoa.com\\\/ro\\\/#\\\/schema\\\/logo\\\/image\\\/\",\"url\":\"https:\\\/\\\/storage.googleapis.com\\\/cz-shopatoa-img\\\/ro\\\/b4dac915-shopatoa_logo.png\",\"contentUrl\":\"https:\\\/\\\/storage.googleapis.com\\\/cz-shopatoa-img\\\/ro\\\/b4dac915-shopatoa_logo.png\",\"width\":416,\"height\":63,\"caption\":\"SHOPATOA\"},\"image\":{\"@id\":\"https:\\\/\\\/shopatoa.com\\\/ro\\\/#\\\/schema\\\/logo\\\/image\\\/\"}}]}<\/script>\n<!-- \/ Yoast SEO plugin. -->","yoast_head_json":{"title":"Naif Sun Mineral Sunscreen SPF 50 spray protector pentru plaj\u0103 SPF 50 rezistent la ap\u0103 100 ml - SHOPATOA.COM","robots":{"index":"index","follow":"follow","max-snippet":"max-snippet:-1","max-image-preview":"max-image-preview:large","max-video-preview":"max-video-preview:-1"},"canonical":"https:\/\/shopatoa.com\/ro\/naif-sun-mineral-sunscreen-spf-50-spray-protector-pentru-plaja-spf-50-rezistent-la-apa-100-ml\/","og_locale":"ro_RO","og_type":"article","og_title":"Naif Sun Mineral Sunscreen SPF 50 spray protector pentru plaj\u0103 SPF 50 rezistent la ap\u0103 100 ml - SHOPATOA.COM","og_description":"Naif Sun Mineral Sunscreen SPF 50, 100 ml, Cosmetice solare pentru copii pentru femei, Produsul de protec\u021bie solar\u0103 constituie o parte indispensabil\u0103 a \u00eengrijirii pielii expuse la soare. Caracteristici: protejeaz\u0103 pielea fa\u021b\u0103 de arsurile solare protejeaz\u0103 pielea fa\u021b\u0103 de radia\u021biile UVA \u0219i UVB produsul este rezistent la ap\u0103 aplicare u\u0219oar\u0103 \u0219i rapid\u0103 poate fi folosit...","og_url":"https:\/\/shopatoa.com\/ro\/naif-sun-mineral-sunscreen-spf-50-spray-protector-pentru-plaja-spf-50-rezistent-la-apa-100-ml\/","og_site_name":"SHOPATOA","article_modified_time":"2025-10-08T16:14:43+00:00","og_image":[{"width":800,"height":800,"url":"https:\/\/storage.googleapis.com\/cz-shopatoa-img\/ro\/871e079e-unnamed-file.webp","type":"image\/webp"}],"twitter_card":"summary_large_image","twitter_misc":{"Timp estimat pentru citire":"1 minut"},"schema":{"@context":"https:\/\/schema.org","@graph":[{"@type":"WebPage","@id":"https:\/\/shopatoa.com\/ro\/naif-sun-mineral-sunscreen-spf-50-spray-protector-pentru-plaja-spf-50-rezistent-la-apa-100-ml\/","url":"https:\/\/shopatoa.com\/ro\/naif-sun-mineral-sunscreen-spf-50-spray-protector-pentru-plaja-spf-50-rezistent-la-apa-100-ml\/","name":"Naif Sun Mineral Sunscreen SPF 50 spray protector pentru plaj\u0103 SPF 50 rezistent la ap\u0103 100 ml - SHOPATOA.COM","isPartOf":{"@id":"https:\/\/shopatoa.com\/ro\/#website"},"primaryImageOfPage":{"@id":"https:\/\/shopatoa.com\/ro\/naif-sun-mineral-sunscreen-spf-50-spray-protector-pentru-plaja-spf-50-rezistent-la-apa-100-ml\/#primaryimage"},"image":{"@id":"https:\/\/shopatoa.com\/ro\/naif-sun-mineral-sunscreen-spf-50-spray-protector-pentru-plaja-spf-50-rezistent-la-apa-100-ml\/#primaryimage"},"thumbnailUrl":"https:\/\/storage.googleapis.com\/cz-shopatoa-img\/ro\/871e079e-unnamed-file.webp","datePublished":"2025-06-16T06:30:55+00:00","dateModified":"2025-10-08T16:14:43+00:00","breadcrumb":{"@id":"https:\/\/shopatoa.com\/ro\/naif-sun-mineral-sunscreen-spf-50-spray-protector-pentru-plaja-spf-50-rezistent-la-apa-100-ml\/#breadcrumb"},"inLanguage":"ro-RO","potentialAction":[{"@type":"ReadAction","target":["https:\/\/shopatoa.com\/ro\/naif-sun-mineral-sunscreen-spf-50-spray-protector-pentru-plaja-spf-50-rezistent-la-apa-100-ml\/"]}]},{"@type":"ImageObject","inLanguage":"ro-RO","@id":"https:\/\/shopatoa.com\/ro\/naif-sun-mineral-sunscreen-spf-50-spray-protector-pentru-plaja-spf-50-rezistent-la-apa-100-ml\/#primaryimage","url":"https:\/\/storage.googleapis.com\/cz-shopatoa-img\/ro\/871e079e-unnamed-file.webp","contentUrl":"https:\/\/storage.googleapis.com\/cz-shopatoa-img\/ro\/871e079e-unnamed-file.webp","width":800,"height":800},{"@type":"BreadcrumbList","@id":"https:\/\/shopatoa.com\/ro\/naif-sun-mineral-sunscreen-spf-50-spray-protector-pentru-plaja-spf-50-rezistent-la-apa-100-ml\/#breadcrumb","itemListElement":[{"@type":"ListItem","position":1,"name":"Dom\u016f","item":"https:\/\/shopatoa.com\/ro\/"},{"@type":"ListItem","position":2,"name":"Shop","item":"https:\/\/shopatoa.com\/ro\/shop\/"},{"@type":"ListItem","position":3,"name":"S\u0103n\u0103tate \u0219i frumuse\u021be","item":"https:\/\/shopatoa.com\/ro\/sanatate-si-frumusete\/"},{"@type":"ListItem","position":4,"name":"\u00cengrijire personal\u0103","item":"https:\/\/shopatoa.com\/ro\/ingrijire-personala\/"},{"@type":"ListItem","position":5,"name":"Cosmetice","item":"https:\/\/shopatoa.com\/ro\/cosmetice-ingrijire-personala\/"},{"@type":"ListItem","position":6,"name":"\u00cengrijirea pielii","item":"https:\/\/shopatoa.com\/ro\/ingrijirea-pielii\/"},{"@type":"ListItem","position":7,"name":"Produse pentru bronzare","item":"https:\/\/shopatoa.com\/ro\/produse-pentru-bronzare-ingrijirea-pielii\/"},{"@type":"ListItem","position":8,"name":"Naif Sun Mineral Sunscreen SPF 50 spray protector pentru plaj\u0103 SPF 50 rezistent la ap\u0103 100 ml"}]},{"@type":"WebSite","@id":"https:\/\/shopatoa.com\/ro\/#website","url":"https:\/\/shopatoa.com\/ro\/","name":"SHOPATOA","description":"","publisher":{"@id":"https:\/\/shopatoa.com\/ro\/#organization"},"potentialAction":[{"@type":"SearchAction","target":{"@type":"EntryPoint","urlTemplate":"https:\/\/shopatoa.com\/ro\/?s={search_term_string}"},"query-input":{"@type":"PropertyValueSpecification","valueRequired":true,"valueName":"search_term_string"}}],"inLanguage":"ro-RO"},{"@type":"Organization","@id":"https:\/\/shopatoa.com\/ro\/#organization","name":"SHOPATOA","url":"https:\/\/shopatoa.com\/ro\/","logo":{"@type":"ImageObject","inLanguage":"ro-RO","@id":"https:\/\/shopatoa.com\/ro\/#\/schema\/logo\/image\/","url":"https:\/\/storage.googleapis.com\/cz-shopatoa-img\/ro\/b4dac915-shopatoa_logo.png","contentUrl":"https:\/\/storage.googleapis.com\/cz-shopatoa-img\/ro\/b4dac915-shopatoa_logo.png","width":416,"height":63,"caption":"SHOPATOA"},"image":{"@id":"https:\/\/shopatoa.com\/ro\/#\/schema\/logo\/image\/"}}]}},"_links":{"self":[{"href":"https:\/\/shopatoa.com\/ro\/wp-json\/wp\/v2\/product\/383084","targetHints":{"allow":["GET"]}}],"collection":[{"href":"https:\/\/shopatoa.com\/ro\/wp-json\/wp\/v2\/product"}],"about":[{"href":"https:\/\/shopatoa.com\/ro\/wp-json\/wp\/v2\/types\/product"}],"replies":[{"embeddable":true,"href":"https:\/\/shopatoa.com\/ro\/wp-json\/wp\/v2\/comments?post=383084"}],"wp:featuredmedia":[{"embeddable":true,"href":"https:\/\/shopatoa.com\/ro\/wp-json\/wp\/v2\/media\/383085"}],"wp:attachment":[{"href":"https:\/\/shopatoa.com\/ro\/wp-json\/wp\/v2\/media?parent=383084"}],"wp:term":[{"taxonomy":"product_brand","embeddable":true,"href":"https:\/\/shopatoa.com\/ro\/wp-json\/wp\/v2\/product_brand?post=383084"},{"taxonomy":"product_cat","embeddable":true,"href":"https:\/\/shopatoa.com\/ro\/wp-json\/wp\/v2\/product_cat?post=383084"},{"taxonomy":"product_tag","embeddable":true,"href":"https:\/\/shopatoa.com\/ro\/wp-json\/wp\/v2\/product_tag?post=383084"}],"curies":[{"name":"wp","href":"https:\/\/api.w.org\/{rel}","templated":true}]}}