{"id":383360,"date":"2025-06-16T09:04:35","date_gmt":"2025-06-16T07:04:35","guid":{"rendered":"https:\/\/shopatoa.com\/ro\/lumene-invisible-illumination-instant-illuminizer-agent-de-stralucire-pe-zona-fetei-si-a-ochilor-culoare-golden-hour-15-ml\/"},"modified":"2025-12-12T21:36:19","modified_gmt":"2025-12-12T20:36:19","slug":"lumene-invisible-illumination-instant-illuminizer-agent-de-stralucire-pe-zona-fetei-si-a-ochilor-culoare-golden-hour-15-ml","status":"publish","type":"product","link":"https:\/\/shopatoa.com\/ro\/lumene-invisible-illumination-instant-illuminizer-agent-de-stralucire-pe-zona-fetei-si-a-ochilor-culoare-golden-hour-15-ml\/","title":{"rendered":"Lumene Invisible Illumination Instant Illuminizer agent de str\u0103lucire pe zona fe\u021bei \u0219i a ochilor culoare Golden Hour 15 ml"},"content":{"rendered":"<p>Lumene Invisible Illumination Instant Illuminizer, 15 ml, Iluminator pentru femei, Ave\u021bi impresia c\u0103 machiajului dvs. \u00eenc\u0103 \u00eei lipse\u0219te ceva pentru a atinge perfec\u021biunea? Dac\u0103 acel ceva este o str\u0103lucire radiant\u0103, atunci v\u0103 va ajuta iluminatorul Lumene Invisible Illumination Instant Illuminizer. Datorit\u0103 pigmen\u021bilor s\u0103i fini \u0219i str\u0103lucitori, care reflect\u0103 lumina, acesta ilumineaz\u0103 tenul \u0219i creeaz\u0103 un finish radiant indiferent unde \u00eel aplica\u021bi. V\u0103 permite s\u0103 accentua\u021bi tr\u0103s\u0103turile fe\u021bei \u0219i s\u0103 eviden\u021bia\u021bi zone precum pome\u021bii, podul nasului sau zona de sub arcada spr\u00e2ncenelor. S\u0103 oferi\u021bi fe\u021bei dvs. un aspect radiant care s\u0103 emane s\u0103n\u0103tate \u0219i vitalitate este mai u\u0219or ca niciodat\u0103.  Caracteristici:  ilumineaz\u0103 perfect fa\u021ba \u00eentinere\u0219te fa\u021ba subliniaz\u0103 farmecul natural al fe\u021bei efect sclipitor confer\u0103 prospe\u021bime pielii  Ingrediente:  produs vegan con\u021bine pigmen\u021bi care reflect\u0103 lumina  Cum se utilizeaz\u0103: Se aplic\u0103 pe zonele fe\u021bei care necesit\u0103 accentuare \u0219i iluminare.<\/p>\n","protected":false},"excerpt":{"rendered":"<p>Lumene Invisible Illumination Instant Illuminizer, 15 ml, Iluminator pentru femei, Ave\u021bi impresia c\u0103 machiajului dvs. \u00eenc\u0103 \u00eei lipse\u0219te ceva pentru a atinge perfec\u021biunea? Dac\u0103 acel ceva este o str\u0103lucire radiant\u0103, atunci v\u0103 va ajuta iluminatorul Lumene Invisible Illumination Instant Illuminizer. Datorit\u0103 pigmen\u021bilor s\u0103i fini \u0219i str\u0103lucitori, care reflect\u0103 lumina, acesta ilumineaz\u0103 tenul \u0219i creeaz\u0103 un&#8230;<\/p>\n","protected":false},"featured_media":383361,"comment_status":"closed","ping_status":"open","template":"","meta":{"_acf_changed":false,"_kadence_starter_templates_imported_post":false,"_kad_post_transparent":"","_kad_post_title":"","_kad_post_layout":"","_kad_post_sidebar_id":"","_kad_post_content_style":"","_kad_post_vertical_padding":"","_kad_post_feature":"","_kad_post_feature_position":"","_kad_post_header":false,"_kad_post_footer":false,"_kad_post_classname":""},"product_brand":[2054],"product_cat":[1564,1563,1576,1622,1562],"product_tag":[],"class_list":{"0":"post-383360","1":"product","2":"type-product","3":"status-publish","4":"has-post-thumbnail","6":"product_brand-lumene","7":"product_cat-cosmetice-ingrijire-personala","8":"product_cat-ingrijire-personala","9":"product_cat-machiaj","10":"product_cat-machiaj-de-fata","11":"product_cat-sanatate-si-frumusete","12":"pa_gen-female","13":"pa_marime-15-ml","15":"first","16":"instock","17":"sale","18":"product-type-external","19":"entry","20":"content-bg","21":"loop-entry"},"acf":[],"yoast_head":"<!-- This site is optimized with the Yoast SEO plugin v27.3 - https:\/\/yoast.com\/product\/yoast-seo-wordpress\/ -->\n<title>Lumene Invisible Illumination Instant Illuminizer agent de str\u0103lucire pe zona fe\u021bei \u0219i a ochilor culoare Golden Hour 15 ml - SHOPATOA.COM<\/title>\n<meta name=\"robots\" content=\"index, follow, max-snippet:-1, max-image-preview:large, max-video-preview:-1\" \/>\n<link rel=\"canonical\" href=\"https:\/\/shopatoa.com\/ro\/lumene-invisible-illumination-instant-illuminizer-agent-de-stralucire-pe-zona-fetei-si-a-ochilor-culoare-golden-hour-15-ml\/\" \/>\n<meta property=\"og:locale\" content=\"ro_RO\" \/>\n<meta property=\"og:type\" content=\"article\" \/>\n<meta property=\"og:title\" content=\"Lumene Invisible Illumination Instant Illuminizer agent de str\u0103lucire pe zona fe\u021bei \u0219i a ochilor culoare Golden Hour 15 ml - SHOPATOA.COM\" \/>\n<meta property=\"og:description\" content=\"Lumene Invisible Illumination Instant Illuminizer, 15 ml, Iluminator pentru femei, Ave\u021bi impresia c\u0103 machiajului dvs. \u00eenc\u0103 \u00eei lipse\u0219te ceva pentru a atinge perfec\u021biunea? Dac\u0103 acel ceva este o str\u0103lucire radiant\u0103, atunci v\u0103 va ajuta iluminatorul Lumene Invisible Illumination Instant Illuminizer. Datorit\u0103 pigmen\u021bilor s\u0103i fini \u0219i str\u0103lucitori, care reflect\u0103 lumina, acesta ilumineaz\u0103 tenul \u0219i creeaz\u0103 un...\" \/>\n<meta property=\"og:url\" content=\"https:\/\/shopatoa.com\/ro\/lumene-invisible-illumination-instant-illuminizer-agent-de-stralucire-pe-zona-fetei-si-a-ochilor-culoare-golden-hour-15-ml\/\" \/>\n<meta property=\"og:site_name\" content=\"SHOPATOA\" \/>\n<meta property=\"article:modified_time\" content=\"2025-12-12T20:36:19+00:00\" \/>\n<meta property=\"og:image\" content=\"https:\/\/storage.googleapis.com\/cz-shopatoa-img\/ro\/43850647-unnamed-file.webp\" \/>\n\t<meta property=\"og:image:width\" content=\"800\" \/>\n\t<meta property=\"og:image:height\" content=\"800\" \/>\n\t<meta property=\"og:image:type\" content=\"image\/webp\" \/>\n<meta name=\"twitter:card\" content=\"summary_large_image\" \/>\n<meta name=\"twitter:label1\" content=\"Timp estimat pentru citire\" \/>\n\t<meta name=\"twitter:data1\" content=\"1 minut\" \/>\n<script type=\"application\/ld+json\" class=\"yoast-schema-graph\">{\"@context\":\"https:\\\/\\\/schema.org\",\"@graph\":[{\"@type\":\"WebPage\",\"@id\":\"https:\\\/\\\/shopatoa.com\\\/ro\\\/lumene-invisible-illumination-instant-illuminizer-agent-de-stralucire-pe-zona-fetei-si-a-ochilor-culoare-golden-hour-15-ml\\\/\",\"url\":\"https:\\\/\\\/shopatoa.com\\\/ro\\\/lumene-invisible-illumination-instant-illuminizer-agent-de-stralucire-pe-zona-fetei-si-a-ochilor-culoare-golden-hour-15-ml\\\/\",\"name\":\"Lumene Invisible Illumination Instant Illuminizer agent de str\u0103lucire pe zona fe\u021bei \u0219i a ochilor culoare Golden Hour 15 ml - SHOPATOA.COM\",\"isPartOf\":{\"@id\":\"https:\\\/\\\/shopatoa.com\\\/ro\\\/#website\"},\"primaryImageOfPage\":{\"@id\":\"https:\\\/\\\/shopatoa.com\\\/ro\\\/lumene-invisible-illumination-instant-illuminizer-agent-de-stralucire-pe-zona-fetei-si-a-ochilor-culoare-golden-hour-15-ml\\\/#primaryimage\"},\"image\":{\"@id\":\"https:\\\/\\\/shopatoa.com\\\/ro\\\/lumene-invisible-illumination-instant-illuminizer-agent-de-stralucire-pe-zona-fetei-si-a-ochilor-culoare-golden-hour-15-ml\\\/#primaryimage\"},\"thumbnailUrl\":\"https:\\\/\\\/storage.googleapis.com\\\/cz-shopatoa-img\\\/ro\\\/43850647-unnamed-file.webp\",\"datePublished\":\"2025-06-16T07:04:35+00:00\",\"dateModified\":\"2025-12-12T20:36:19+00:00\",\"breadcrumb\":{\"@id\":\"https:\\\/\\\/shopatoa.com\\\/ro\\\/lumene-invisible-illumination-instant-illuminizer-agent-de-stralucire-pe-zona-fetei-si-a-ochilor-culoare-golden-hour-15-ml\\\/#breadcrumb\"},\"inLanguage\":\"ro-RO\",\"potentialAction\":[{\"@type\":\"ReadAction\",\"target\":[\"https:\\\/\\\/shopatoa.com\\\/ro\\\/lumene-invisible-illumination-instant-illuminizer-agent-de-stralucire-pe-zona-fetei-si-a-ochilor-culoare-golden-hour-15-ml\\\/\"]}]},{\"@type\":\"ImageObject\",\"inLanguage\":\"ro-RO\",\"@id\":\"https:\\\/\\\/shopatoa.com\\\/ro\\\/lumene-invisible-illumination-instant-illuminizer-agent-de-stralucire-pe-zona-fetei-si-a-ochilor-culoare-golden-hour-15-ml\\\/#primaryimage\",\"url\":\"https:\\\/\\\/storage.googleapis.com\\\/cz-shopatoa-img\\\/ro\\\/43850647-unnamed-file.webp\",\"contentUrl\":\"https:\\\/\\\/storage.googleapis.com\\\/cz-shopatoa-img\\\/ro\\\/43850647-unnamed-file.webp\",\"width\":800,\"height\":800},{\"@type\":\"BreadcrumbList\",\"@id\":\"https:\\\/\\\/shopatoa.com\\\/ro\\\/lumene-invisible-illumination-instant-illuminizer-agent-de-stralucire-pe-zona-fetei-si-a-ochilor-culoare-golden-hour-15-ml\\\/#breadcrumb\",\"itemListElement\":[{\"@type\":\"ListItem\",\"position\":1,\"name\":\"Dom\u016f\",\"item\":\"https:\\\/\\\/shopatoa.com\\\/ro\\\/\"},{\"@type\":\"ListItem\",\"position\":2,\"name\":\"Shop\",\"item\":\"https:\\\/\\\/shopatoa.com\\\/ro\\\/shop\\\/\"},{\"@type\":\"ListItem\",\"position\":3,\"name\":\"S\u0103n\u0103tate \u0219i frumuse\u021be\",\"item\":\"https:\\\/\\\/shopatoa.com\\\/ro\\\/sanatate-si-frumusete\\\/\"},{\"@type\":\"ListItem\",\"position\":4,\"name\":\"\u00cengrijire personal\u0103\",\"item\":\"https:\\\/\\\/shopatoa.com\\\/ro\\\/ingrijire-personala\\\/\"},{\"@type\":\"ListItem\",\"position\":5,\"name\":\"Cosmetice\",\"item\":\"https:\\\/\\\/shopatoa.com\\\/ro\\\/cosmetice-ingrijire-personala\\\/\"},{\"@type\":\"ListItem\",\"position\":6,\"name\":\"Machiaj\",\"item\":\"https:\\\/\\\/shopatoa.com\\\/ro\\\/machiaj\\\/\"},{\"@type\":\"ListItem\",\"position\":7,\"name\":\"Machiaj de fa\u021b\u0103\",\"item\":\"https:\\\/\\\/shopatoa.com\\\/ro\\\/machiaj-de-fata\\\/\"},{\"@type\":\"ListItem\",\"position\":8,\"name\":\"Lumene Invisible Illumination Instant Illuminizer agent de str\u0103lucire pe zona fe\u021bei \u0219i a ochilor culoare Golden Hour 15 ml\"}]},{\"@type\":\"WebSite\",\"@id\":\"https:\\\/\\\/shopatoa.com\\\/ro\\\/#website\",\"url\":\"https:\\\/\\\/shopatoa.com\\\/ro\\\/\",\"name\":\"SHOPATOA\",\"description\":\"\",\"publisher\":{\"@id\":\"https:\\\/\\\/shopatoa.com\\\/ro\\\/#organization\"},\"potentialAction\":[{\"@type\":\"SearchAction\",\"target\":{\"@type\":\"EntryPoint\",\"urlTemplate\":\"https:\\\/\\\/shopatoa.com\\\/ro\\\/?s={search_term_string}\"},\"query-input\":{\"@type\":\"PropertyValueSpecification\",\"valueRequired\":true,\"valueName\":\"search_term_string\"}}],\"inLanguage\":\"ro-RO\"},{\"@type\":\"Organization\",\"@id\":\"https:\\\/\\\/shopatoa.com\\\/ro\\\/#organization\",\"name\":\"SHOPATOA\",\"url\":\"https:\\\/\\\/shopatoa.com\\\/ro\\\/\",\"logo\":{\"@type\":\"ImageObject\",\"inLanguage\":\"ro-RO\",\"@id\":\"https:\\\/\\\/shopatoa.com\\\/ro\\\/#\\\/schema\\\/logo\\\/image\\\/\",\"url\":\"https:\\\/\\\/storage.googleapis.com\\\/cz-shopatoa-img\\\/ro\\\/b4dac915-shopatoa_logo.png\",\"contentUrl\":\"https:\\\/\\\/storage.googleapis.com\\\/cz-shopatoa-img\\\/ro\\\/b4dac915-shopatoa_logo.png\",\"width\":416,\"height\":63,\"caption\":\"SHOPATOA\"},\"image\":{\"@id\":\"https:\\\/\\\/shopatoa.com\\\/ro\\\/#\\\/schema\\\/logo\\\/image\\\/\"}}]}<\/script>\n<!-- \/ Yoast SEO plugin. -->","yoast_head_json":{"title":"Lumene Invisible Illumination Instant Illuminizer agent de str\u0103lucire pe zona fe\u021bei \u0219i a ochilor culoare Golden Hour 15 ml - SHOPATOA.COM","robots":{"index":"index","follow":"follow","max-snippet":"max-snippet:-1","max-image-preview":"max-image-preview:large","max-video-preview":"max-video-preview:-1"},"canonical":"https:\/\/shopatoa.com\/ro\/lumene-invisible-illumination-instant-illuminizer-agent-de-stralucire-pe-zona-fetei-si-a-ochilor-culoare-golden-hour-15-ml\/","og_locale":"ro_RO","og_type":"article","og_title":"Lumene Invisible Illumination Instant Illuminizer agent de str\u0103lucire pe zona fe\u021bei \u0219i a ochilor culoare Golden Hour 15 ml - SHOPATOA.COM","og_description":"Lumene Invisible Illumination Instant Illuminizer, 15 ml, Iluminator pentru femei, Ave\u021bi impresia c\u0103 machiajului dvs. \u00eenc\u0103 \u00eei lipse\u0219te ceva pentru a atinge perfec\u021biunea? Dac\u0103 acel ceva este o str\u0103lucire radiant\u0103, atunci v\u0103 va ajuta iluminatorul Lumene Invisible Illumination Instant Illuminizer. Datorit\u0103 pigmen\u021bilor s\u0103i fini \u0219i str\u0103lucitori, care reflect\u0103 lumina, acesta ilumineaz\u0103 tenul \u0219i creeaz\u0103 un...","og_url":"https:\/\/shopatoa.com\/ro\/lumene-invisible-illumination-instant-illuminizer-agent-de-stralucire-pe-zona-fetei-si-a-ochilor-culoare-golden-hour-15-ml\/","og_site_name":"SHOPATOA","article_modified_time":"2025-12-12T20:36:19+00:00","og_image":[{"width":800,"height":800,"url":"https:\/\/storage.googleapis.com\/cz-shopatoa-img\/ro\/43850647-unnamed-file.webp","type":"image\/webp"}],"twitter_card":"summary_large_image","twitter_misc":{"Timp estimat pentru citire":"1 minut"},"schema":{"@context":"https:\/\/schema.org","@graph":[{"@type":"WebPage","@id":"https:\/\/shopatoa.com\/ro\/lumene-invisible-illumination-instant-illuminizer-agent-de-stralucire-pe-zona-fetei-si-a-ochilor-culoare-golden-hour-15-ml\/","url":"https:\/\/shopatoa.com\/ro\/lumene-invisible-illumination-instant-illuminizer-agent-de-stralucire-pe-zona-fetei-si-a-ochilor-culoare-golden-hour-15-ml\/","name":"Lumene Invisible Illumination Instant Illuminizer agent de str\u0103lucire pe zona fe\u021bei \u0219i a ochilor culoare Golden Hour 15 ml - SHOPATOA.COM","isPartOf":{"@id":"https:\/\/shopatoa.com\/ro\/#website"},"primaryImageOfPage":{"@id":"https:\/\/shopatoa.com\/ro\/lumene-invisible-illumination-instant-illuminizer-agent-de-stralucire-pe-zona-fetei-si-a-ochilor-culoare-golden-hour-15-ml\/#primaryimage"},"image":{"@id":"https:\/\/shopatoa.com\/ro\/lumene-invisible-illumination-instant-illuminizer-agent-de-stralucire-pe-zona-fetei-si-a-ochilor-culoare-golden-hour-15-ml\/#primaryimage"},"thumbnailUrl":"https:\/\/storage.googleapis.com\/cz-shopatoa-img\/ro\/43850647-unnamed-file.webp","datePublished":"2025-06-16T07:04:35+00:00","dateModified":"2025-12-12T20:36:19+00:00","breadcrumb":{"@id":"https:\/\/shopatoa.com\/ro\/lumene-invisible-illumination-instant-illuminizer-agent-de-stralucire-pe-zona-fetei-si-a-ochilor-culoare-golden-hour-15-ml\/#breadcrumb"},"inLanguage":"ro-RO","potentialAction":[{"@type":"ReadAction","target":["https:\/\/shopatoa.com\/ro\/lumene-invisible-illumination-instant-illuminizer-agent-de-stralucire-pe-zona-fetei-si-a-ochilor-culoare-golden-hour-15-ml\/"]}]},{"@type":"ImageObject","inLanguage":"ro-RO","@id":"https:\/\/shopatoa.com\/ro\/lumene-invisible-illumination-instant-illuminizer-agent-de-stralucire-pe-zona-fetei-si-a-ochilor-culoare-golden-hour-15-ml\/#primaryimage","url":"https:\/\/storage.googleapis.com\/cz-shopatoa-img\/ro\/43850647-unnamed-file.webp","contentUrl":"https:\/\/storage.googleapis.com\/cz-shopatoa-img\/ro\/43850647-unnamed-file.webp","width":800,"height":800},{"@type":"BreadcrumbList","@id":"https:\/\/shopatoa.com\/ro\/lumene-invisible-illumination-instant-illuminizer-agent-de-stralucire-pe-zona-fetei-si-a-ochilor-culoare-golden-hour-15-ml\/#breadcrumb","itemListElement":[{"@type":"ListItem","position":1,"name":"Dom\u016f","item":"https:\/\/shopatoa.com\/ro\/"},{"@type":"ListItem","position":2,"name":"Shop","item":"https:\/\/shopatoa.com\/ro\/shop\/"},{"@type":"ListItem","position":3,"name":"S\u0103n\u0103tate \u0219i frumuse\u021be","item":"https:\/\/shopatoa.com\/ro\/sanatate-si-frumusete\/"},{"@type":"ListItem","position":4,"name":"\u00cengrijire personal\u0103","item":"https:\/\/shopatoa.com\/ro\/ingrijire-personala\/"},{"@type":"ListItem","position":5,"name":"Cosmetice","item":"https:\/\/shopatoa.com\/ro\/cosmetice-ingrijire-personala\/"},{"@type":"ListItem","position":6,"name":"Machiaj","item":"https:\/\/shopatoa.com\/ro\/machiaj\/"},{"@type":"ListItem","position":7,"name":"Machiaj de fa\u021b\u0103","item":"https:\/\/shopatoa.com\/ro\/machiaj-de-fata\/"},{"@type":"ListItem","position":8,"name":"Lumene Invisible Illumination Instant Illuminizer agent de str\u0103lucire pe zona fe\u021bei \u0219i a ochilor culoare Golden Hour 15 ml"}]},{"@type":"WebSite","@id":"https:\/\/shopatoa.com\/ro\/#website","url":"https:\/\/shopatoa.com\/ro\/","name":"SHOPATOA","description":"","publisher":{"@id":"https:\/\/shopatoa.com\/ro\/#organization"},"potentialAction":[{"@type":"SearchAction","target":{"@type":"EntryPoint","urlTemplate":"https:\/\/shopatoa.com\/ro\/?s={search_term_string}"},"query-input":{"@type":"PropertyValueSpecification","valueRequired":true,"valueName":"search_term_string"}}],"inLanguage":"ro-RO"},{"@type":"Organization","@id":"https:\/\/shopatoa.com\/ro\/#organization","name":"SHOPATOA","url":"https:\/\/shopatoa.com\/ro\/","logo":{"@type":"ImageObject","inLanguage":"ro-RO","@id":"https:\/\/shopatoa.com\/ro\/#\/schema\/logo\/image\/","url":"https:\/\/storage.googleapis.com\/cz-shopatoa-img\/ro\/b4dac915-shopatoa_logo.png","contentUrl":"https:\/\/storage.googleapis.com\/cz-shopatoa-img\/ro\/b4dac915-shopatoa_logo.png","width":416,"height":63,"caption":"SHOPATOA"},"image":{"@id":"https:\/\/shopatoa.com\/ro\/#\/schema\/logo\/image\/"}}]}},"_links":{"self":[{"href":"https:\/\/shopatoa.com\/ro\/wp-json\/wp\/v2\/product\/383360","targetHints":{"allow":["GET"]}}],"collection":[{"href":"https:\/\/shopatoa.com\/ro\/wp-json\/wp\/v2\/product"}],"about":[{"href":"https:\/\/shopatoa.com\/ro\/wp-json\/wp\/v2\/types\/product"}],"replies":[{"embeddable":true,"href":"https:\/\/shopatoa.com\/ro\/wp-json\/wp\/v2\/comments?post=383360"}],"wp:featuredmedia":[{"embeddable":true,"href":"https:\/\/shopatoa.com\/ro\/wp-json\/wp\/v2\/media\/383361"}],"wp:attachment":[{"href":"https:\/\/shopatoa.com\/ro\/wp-json\/wp\/v2\/media?parent=383360"}],"wp:term":[{"taxonomy":"product_brand","embeddable":true,"href":"https:\/\/shopatoa.com\/ro\/wp-json\/wp\/v2\/product_brand?post=383360"},{"taxonomy":"product_cat","embeddable":true,"href":"https:\/\/shopatoa.com\/ro\/wp-json\/wp\/v2\/product_cat?post=383360"},{"taxonomy":"product_tag","embeddable":true,"href":"https:\/\/shopatoa.com\/ro\/wp-json\/wp\/v2\/product_tag?post=383360"}],"curies":[{"name":"wp","href":"https:\/\/api.w.org\/{rel}","templated":true}]}}