{"id":383474,"date":"2025-06-16T09:15:19","date_gmt":"2025-06-16T07:15:19","guid":{"rendered":"https:\/\/shopatoa.com\/ro\/white-glo-whitening-toothpaste-juicy-watermelon-pasta-de-dinti-70-g\/"},"modified":"2025-12-12T21:32:30","modified_gmt":"2025-12-12T20:32:30","slug":"white-glo-whitening-toothpaste-juicy-watermelon-pasta-de-dinti-70-g","status":"publish","type":"product","link":"https:\/\/shopatoa.com\/ro\/white-glo-whitening-toothpaste-juicy-watermelon-pasta-de-dinti-70-g\/","title":{"rendered":"White Glo Whitening Toothpaste Juicy Watermelon past\u0103 de din\u021bi 70 g"},"content":{"rendered":"<p>White Glo Whitening Toothpaste Juicy Watermelon, 70 g, Pasta de dinti pentru albire pentru femei, Pasta de din\u021bi White Glo Whitening Toothpaste Juicy Watermelon este destinat\u0103 albirii delicate a din\u021bilor. Elimin\u0103 eficient pigmentarea nedorit\u0103 a din\u021bilor, prin folosirea sa regulat\u0103 ob\u021bin\u00e2ndu-se un z\u00e2mbet str\u0103lucitor.  Caracteristici:  albe\u0219te din\u021bii combate cariile \u0219i placa dentar\u0103 nu zg\u00e2rie din\u021bii garanteaz\u0103 protec\u021bia smal\u021bului dentar \u00eendep\u0103rteaz\u0103 tartrul \u0219i placa dentobacterian\u0103 \u00eemprosp\u0103teaz\u0103 respira\u021bia potrivit \u0219i pentru persoanele cu din\u021bi sau gingii sensibile  Ingrediente:  produs vegan  Cum se utilizeaz\u0103: Mai \u00eent\u00e2i se cur\u0103\u021b\u0103 bine din\u021bii, timp de cel pu\u021bin 2 minute. Se utilizeaz\u0103 cel pu\u021bin de 2 x pe zi.<\/p>\n","protected":false},"excerpt":{"rendered":"<p>White Glo Whitening Toothpaste Juicy Watermelon, 70 g, Pasta de dinti pentru albire pentru femei, Pasta de din\u021bi White Glo Whitening Toothpaste Juicy Watermelon este destinat\u0103 albirii delicate a din\u021bilor. Elimin\u0103 eficient pigmentarea nedorit\u0103 a din\u021bilor, prin folosirea sa regulat\u0103 ob\u021bin\u00e2ndu-se un z\u00e2mbet str\u0103lucitor. Caracteristici: albe\u0219te din\u021bii combate cariile \u0219i placa dentar\u0103 nu zg\u00e2rie din\u021bii&#8230;<\/p>\n","protected":false},"featured_media":383475,"comment_status":"closed","ping_status":"open","template":"","meta":{"_acf_changed":false,"_kadence_starter_templates_imported_post":false,"_kad_post_transparent":"","_kad_post_title":"","_kad_post_layout":"","_kad_post_sidebar_id":"","_kad_post_content_style":"","_kad_post_vertical_padding":"","_kad_post_feature":"","_kad_post_feature_position":"","_kad_post_header":false,"_kad_post_footer":false,"_kad_post_classname":""},"product_brand":[2020],"product_cat":[1926,1605,1563,1562],"product_tag":[],"class_list":{"0":"post-383474","1":"product","2":"type-product","3":"status-publish","4":"has-post-thumbnail","6":"product_brand-white-glo","7":"product_cat-albirea-dintilor-ingrijire-orala","8":"product_cat-ingrijire-orala","9":"product_cat-ingrijire-personala","10":"product_cat-sanatate-si-frumusete","11":"pa_gen-female","12":"pa_marime-70-g","14":"first","15":"instock","16":"sale","17":"product-type-external","18":"entry","19":"content-bg","20":"loop-entry"},"acf":[],"yoast_head":"<!-- This site is optimized with the Yoast SEO plugin v27.4 - https:\/\/yoast.com\/product\/yoast-seo-wordpress\/ -->\n<title>White Glo Whitening Toothpaste Juicy Watermelon past\u0103 de din\u021bi 70 g - SHOPATOA.COM<\/title>\n<meta name=\"robots\" content=\"index, follow, max-snippet:-1, max-image-preview:large, max-video-preview:-1\" \/>\n<link rel=\"canonical\" href=\"https:\/\/shopatoa.com\/ro\/white-glo-whitening-toothpaste-juicy-watermelon-pasta-de-dinti-70-g\/\" \/>\n<meta property=\"og:locale\" content=\"ro_RO\" \/>\n<meta property=\"og:type\" content=\"article\" \/>\n<meta property=\"og:title\" content=\"White Glo Whitening Toothpaste Juicy Watermelon past\u0103 de din\u021bi 70 g - SHOPATOA.COM\" \/>\n<meta property=\"og:description\" content=\"White Glo Whitening Toothpaste Juicy Watermelon, 70 g, Pasta de dinti pentru albire pentru femei, Pasta de din\u021bi White Glo Whitening Toothpaste Juicy Watermelon este destinat\u0103 albirii delicate a din\u021bilor. Elimin\u0103 eficient pigmentarea nedorit\u0103 a din\u021bilor, prin folosirea sa regulat\u0103 ob\u021bin\u00e2ndu-se un z\u00e2mbet str\u0103lucitor. Caracteristici: albe\u0219te din\u021bii combate cariile \u0219i placa dentar\u0103 nu zg\u00e2rie din\u021bii...\" \/>\n<meta property=\"og:url\" content=\"https:\/\/shopatoa.com\/ro\/white-glo-whitening-toothpaste-juicy-watermelon-pasta-de-dinti-70-g\/\" \/>\n<meta property=\"og:site_name\" content=\"SHOPATOA\" \/>\n<meta property=\"article:modified_time\" content=\"2025-12-12T20:32:30+00:00\" \/>\n<meta property=\"og:image\" content=\"https:\/\/storage.googleapis.com\/cz-shopatoa-img\/ro\/27f391a0-unnamed-file.webp\" \/>\n\t<meta property=\"og:image:width\" content=\"800\" \/>\n\t<meta property=\"og:image:height\" content=\"800\" \/>\n\t<meta property=\"og:image:type\" content=\"image\/webp\" \/>\n<meta name=\"twitter:card\" content=\"summary_large_image\" \/>\n<meta name=\"twitter:label1\" content=\"Timp estimat pentru citire\" \/>\n\t<meta name=\"twitter:data1\" content=\"1 minut\" \/>\n<script type=\"application\/ld+json\" class=\"yoast-schema-graph\">{\"@context\":\"https:\\\/\\\/schema.org\",\"@graph\":[{\"@type\":\"WebPage\",\"@id\":\"https:\\\/\\\/shopatoa.com\\\/ro\\\/white-glo-whitening-toothpaste-juicy-watermelon-pasta-de-dinti-70-g\\\/\",\"url\":\"https:\\\/\\\/shopatoa.com\\\/ro\\\/white-glo-whitening-toothpaste-juicy-watermelon-pasta-de-dinti-70-g\\\/\",\"name\":\"White Glo Whitening Toothpaste Juicy Watermelon past\u0103 de din\u021bi 70 g - SHOPATOA.COM\",\"isPartOf\":{\"@id\":\"https:\\\/\\\/shopatoa.com\\\/ro\\\/#website\"},\"primaryImageOfPage\":{\"@id\":\"https:\\\/\\\/shopatoa.com\\\/ro\\\/white-glo-whitening-toothpaste-juicy-watermelon-pasta-de-dinti-70-g\\\/#primaryimage\"},\"image\":{\"@id\":\"https:\\\/\\\/shopatoa.com\\\/ro\\\/white-glo-whitening-toothpaste-juicy-watermelon-pasta-de-dinti-70-g\\\/#primaryimage\"},\"thumbnailUrl\":\"https:\\\/\\\/storage.googleapis.com\\\/cz-shopatoa-img\\\/ro\\\/27f391a0-unnamed-file.webp\",\"datePublished\":\"2025-06-16T07:15:19+00:00\",\"dateModified\":\"2025-12-12T20:32:30+00:00\",\"breadcrumb\":{\"@id\":\"https:\\\/\\\/shopatoa.com\\\/ro\\\/white-glo-whitening-toothpaste-juicy-watermelon-pasta-de-dinti-70-g\\\/#breadcrumb\"},\"inLanguage\":\"ro-RO\",\"potentialAction\":[{\"@type\":\"ReadAction\",\"target\":[\"https:\\\/\\\/shopatoa.com\\\/ro\\\/white-glo-whitening-toothpaste-juicy-watermelon-pasta-de-dinti-70-g\\\/\"]}]},{\"@type\":\"ImageObject\",\"inLanguage\":\"ro-RO\",\"@id\":\"https:\\\/\\\/shopatoa.com\\\/ro\\\/white-glo-whitening-toothpaste-juicy-watermelon-pasta-de-dinti-70-g\\\/#primaryimage\",\"url\":\"https:\\\/\\\/storage.googleapis.com\\\/cz-shopatoa-img\\\/ro\\\/27f391a0-unnamed-file.webp\",\"contentUrl\":\"https:\\\/\\\/storage.googleapis.com\\\/cz-shopatoa-img\\\/ro\\\/27f391a0-unnamed-file.webp\",\"width\":800,\"height\":800},{\"@type\":\"BreadcrumbList\",\"@id\":\"https:\\\/\\\/shopatoa.com\\\/ro\\\/white-glo-whitening-toothpaste-juicy-watermelon-pasta-de-dinti-70-g\\\/#breadcrumb\",\"itemListElement\":[{\"@type\":\"ListItem\",\"position\":1,\"name\":\"Dom\u016f\",\"item\":\"https:\\\/\\\/shopatoa.com\\\/ro\\\/\"},{\"@type\":\"ListItem\",\"position\":2,\"name\":\"Shop\",\"item\":\"https:\\\/\\\/shopatoa.com\\\/ro\\\/shop\\\/\"},{\"@type\":\"ListItem\",\"position\":3,\"name\":\"S\u0103n\u0103tate \u0219i frumuse\u021be\",\"item\":\"https:\\\/\\\/shopatoa.com\\\/ro\\\/sanatate-si-frumusete\\\/\"},{\"@type\":\"ListItem\",\"position\":4,\"name\":\"\u00cengrijire personal\u0103\",\"item\":\"https:\\\/\\\/shopatoa.com\\\/ro\\\/ingrijire-personala\\\/\"},{\"@type\":\"ListItem\",\"position\":5,\"name\":\"\u00cengrijire oral\u0103\",\"item\":\"https:\\\/\\\/shopatoa.com\\\/ro\\\/ingrijire-orala\\\/\"},{\"@type\":\"ListItem\",\"position\":6,\"name\":\"Albirea din\u021bilor\",\"item\":\"https:\\\/\\\/shopatoa.com\\\/ro\\\/albirea-dintilor-ingrijire-orala\\\/\"},{\"@type\":\"ListItem\",\"position\":7,\"name\":\"White Glo Whitening Toothpaste Juicy Watermelon past\u0103 de din\u021bi 70 g\"}]},{\"@type\":\"WebSite\",\"@id\":\"https:\\\/\\\/shopatoa.com\\\/ro\\\/#website\",\"url\":\"https:\\\/\\\/shopatoa.com\\\/ro\\\/\",\"name\":\"SHOPATOA\",\"description\":\"\",\"publisher\":{\"@id\":\"https:\\\/\\\/shopatoa.com\\\/ro\\\/#organization\"},\"potentialAction\":[{\"@type\":\"SearchAction\",\"target\":{\"@type\":\"EntryPoint\",\"urlTemplate\":\"https:\\\/\\\/shopatoa.com\\\/ro\\\/?s={search_term_string}\"},\"query-input\":{\"@type\":\"PropertyValueSpecification\",\"valueRequired\":true,\"valueName\":\"search_term_string\"}}],\"inLanguage\":\"ro-RO\"},{\"@type\":\"Organization\",\"@id\":\"https:\\\/\\\/shopatoa.com\\\/ro\\\/#organization\",\"name\":\"SHOPATOA\",\"url\":\"https:\\\/\\\/shopatoa.com\\\/ro\\\/\",\"logo\":{\"@type\":\"ImageObject\",\"inLanguage\":\"ro-RO\",\"@id\":\"https:\\\/\\\/shopatoa.com\\\/ro\\\/#\\\/schema\\\/logo\\\/image\\\/\",\"url\":\"https:\\\/\\\/storage.googleapis.com\\\/cz-shopatoa-img\\\/ro\\\/b4dac915-shopatoa_logo.png\",\"contentUrl\":\"https:\\\/\\\/storage.googleapis.com\\\/cz-shopatoa-img\\\/ro\\\/b4dac915-shopatoa_logo.png\",\"width\":416,\"height\":63,\"caption\":\"SHOPATOA\"},\"image\":{\"@id\":\"https:\\\/\\\/shopatoa.com\\\/ro\\\/#\\\/schema\\\/logo\\\/image\\\/\"}}]}<\/script>\n<!-- \/ Yoast SEO plugin. -->","yoast_head_json":{"title":"White Glo Whitening Toothpaste Juicy Watermelon past\u0103 de din\u021bi 70 g - SHOPATOA.COM","robots":{"index":"index","follow":"follow","max-snippet":"max-snippet:-1","max-image-preview":"max-image-preview:large","max-video-preview":"max-video-preview:-1"},"canonical":"https:\/\/shopatoa.com\/ro\/white-glo-whitening-toothpaste-juicy-watermelon-pasta-de-dinti-70-g\/","og_locale":"ro_RO","og_type":"article","og_title":"White Glo Whitening Toothpaste Juicy Watermelon past\u0103 de din\u021bi 70 g - SHOPATOA.COM","og_description":"White Glo Whitening Toothpaste Juicy Watermelon, 70 g, Pasta de dinti pentru albire pentru femei, Pasta de din\u021bi White Glo Whitening Toothpaste Juicy Watermelon este destinat\u0103 albirii delicate a din\u021bilor. Elimin\u0103 eficient pigmentarea nedorit\u0103 a din\u021bilor, prin folosirea sa regulat\u0103 ob\u021bin\u00e2ndu-se un z\u00e2mbet str\u0103lucitor. Caracteristici: albe\u0219te din\u021bii combate cariile \u0219i placa dentar\u0103 nu zg\u00e2rie din\u021bii...","og_url":"https:\/\/shopatoa.com\/ro\/white-glo-whitening-toothpaste-juicy-watermelon-pasta-de-dinti-70-g\/","og_site_name":"SHOPATOA","article_modified_time":"2025-12-12T20:32:30+00:00","og_image":[{"width":800,"height":800,"url":"https:\/\/storage.googleapis.com\/cz-shopatoa-img\/ro\/27f391a0-unnamed-file.webp","type":"image\/webp"}],"twitter_card":"summary_large_image","twitter_misc":{"Timp estimat pentru citire":"1 minut"},"schema":{"@context":"https:\/\/schema.org","@graph":[{"@type":"WebPage","@id":"https:\/\/shopatoa.com\/ro\/white-glo-whitening-toothpaste-juicy-watermelon-pasta-de-dinti-70-g\/","url":"https:\/\/shopatoa.com\/ro\/white-glo-whitening-toothpaste-juicy-watermelon-pasta-de-dinti-70-g\/","name":"White Glo Whitening Toothpaste Juicy Watermelon past\u0103 de din\u021bi 70 g - SHOPATOA.COM","isPartOf":{"@id":"https:\/\/shopatoa.com\/ro\/#website"},"primaryImageOfPage":{"@id":"https:\/\/shopatoa.com\/ro\/white-glo-whitening-toothpaste-juicy-watermelon-pasta-de-dinti-70-g\/#primaryimage"},"image":{"@id":"https:\/\/shopatoa.com\/ro\/white-glo-whitening-toothpaste-juicy-watermelon-pasta-de-dinti-70-g\/#primaryimage"},"thumbnailUrl":"https:\/\/storage.googleapis.com\/cz-shopatoa-img\/ro\/27f391a0-unnamed-file.webp","datePublished":"2025-06-16T07:15:19+00:00","dateModified":"2025-12-12T20:32:30+00:00","breadcrumb":{"@id":"https:\/\/shopatoa.com\/ro\/white-glo-whitening-toothpaste-juicy-watermelon-pasta-de-dinti-70-g\/#breadcrumb"},"inLanguage":"ro-RO","potentialAction":[{"@type":"ReadAction","target":["https:\/\/shopatoa.com\/ro\/white-glo-whitening-toothpaste-juicy-watermelon-pasta-de-dinti-70-g\/"]}]},{"@type":"ImageObject","inLanguage":"ro-RO","@id":"https:\/\/shopatoa.com\/ro\/white-glo-whitening-toothpaste-juicy-watermelon-pasta-de-dinti-70-g\/#primaryimage","url":"https:\/\/storage.googleapis.com\/cz-shopatoa-img\/ro\/27f391a0-unnamed-file.webp","contentUrl":"https:\/\/storage.googleapis.com\/cz-shopatoa-img\/ro\/27f391a0-unnamed-file.webp","width":800,"height":800},{"@type":"BreadcrumbList","@id":"https:\/\/shopatoa.com\/ro\/white-glo-whitening-toothpaste-juicy-watermelon-pasta-de-dinti-70-g\/#breadcrumb","itemListElement":[{"@type":"ListItem","position":1,"name":"Dom\u016f","item":"https:\/\/shopatoa.com\/ro\/"},{"@type":"ListItem","position":2,"name":"Shop","item":"https:\/\/shopatoa.com\/ro\/shop\/"},{"@type":"ListItem","position":3,"name":"S\u0103n\u0103tate \u0219i frumuse\u021be","item":"https:\/\/shopatoa.com\/ro\/sanatate-si-frumusete\/"},{"@type":"ListItem","position":4,"name":"\u00cengrijire personal\u0103","item":"https:\/\/shopatoa.com\/ro\/ingrijire-personala\/"},{"@type":"ListItem","position":5,"name":"\u00cengrijire oral\u0103","item":"https:\/\/shopatoa.com\/ro\/ingrijire-orala\/"},{"@type":"ListItem","position":6,"name":"Albirea din\u021bilor","item":"https:\/\/shopatoa.com\/ro\/albirea-dintilor-ingrijire-orala\/"},{"@type":"ListItem","position":7,"name":"White Glo Whitening Toothpaste Juicy Watermelon past\u0103 de din\u021bi 70 g"}]},{"@type":"WebSite","@id":"https:\/\/shopatoa.com\/ro\/#website","url":"https:\/\/shopatoa.com\/ro\/","name":"SHOPATOA","description":"","publisher":{"@id":"https:\/\/shopatoa.com\/ro\/#organization"},"potentialAction":[{"@type":"SearchAction","target":{"@type":"EntryPoint","urlTemplate":"https:\/\/shopatoa.com\/ro\/?s={search_term_string}"},"query-input":{"@type":"PropertyValueSpecification","valueRequired":true,"valueName":"search_term_string"}}],"inLanguage":"ro-RO"},{"@type":"Organization","@id":"https:\/\/shopatoa.com\/ro\/#organization","name":"SHOPATOA","url":"https:\/\/shopatoa.com\/ro\/","logo":{"@type":"ImageObject","inLanguage":"ro-RO","@id":"https:\/\/shopatoa.com\/ro\/#\/schema\/logo\/image\/","url":"https:\/\/storage.googleapis.com\/cz-shopatoa-img\/ro\/b4dac915-shopatoa_logo.png","contentUrl":"https:\/\/storage.googleapis.com\/cz-shopatoa-img\/ro\/b4dac915-shopatoa_logo.png","width":416,"height":63,"caption":"SHOPATOA"},"image":{"@id":"https:\/\/shopatoa.com\/ro\/#\/schema\/logo\/image\/"}}]}},"_links":{"self":[{"href":"https:\/\/shopatoa.com\/ro\/wp-json\/wp\/v2\/product\/383474","targetHints":{"allow":["GET"]}}],"collection":[{"href":"https:\/\/shopatoa.com\/ro\/wp-json\/wp\/v2\/product"}],"about":[{"href":"https:\/\/shopatoa.com\/ro\/wp-json\/wp\/v2\/types\/product"}],"replies":[{"embeddable":true,"href":"https:\/\/shopatoa.com\/ro\/wp-json\/wp\/v2\/comments?post=383474"}],"wp:featuredmedia":[{"embeddable":true,"href":"https:\/\/shopatoa.com\/ro\/wp-json\/wp\/v2\/media\/383475"}],"wp:attachment":[{"href":"https:\/\/shopatoa.com\/ro\/wp-json\/wp\/v2\/media?parent=383474"}],"wp:term":[{"taxonomy":"product_brand","embeddable":true,"href":"https:\/\/shopatoa.com\/ro\/wp-json\/wp\/v2\/product_brand?post=383474"},{"taxonomy":"product_cat","embeddable":true,"href":"https:\/\/shopatoa.com\/ro\/wp-json\/wp\/v2\/product_cat?post=383474"},{"taxonomy":"product_tag","embeddable":true,"href":"https:\/\/shopatoa.com\/ro\/wp-json\/wp\/v2\/product_tag?post=383474"}],"curies":[{"name":"wp","href":"https:\/\/api.w.org\/{rel}","templated":true}]}}