{"id":383662,"date":"2025-06-16T09:32:29","date_gmt":"2025-06-16T07:32:29","guid":{"rendered":"https:\/\/shopatoa.com\/ro\/kevin-murphy-blow-dry-ever-bounce-spray-volumizant-pentru-uscarea-prin-suflare-si-coafatul-final-al-parului-150-ml\/"},"modified":"2025-12-12T21:05:15","modified_gmt":"2025-12-12T20:05:15","slug":"kevin-murphy-blow-dry-ever-bounce-spray-volumizant-pentru-uscarea-prin-suflare-si-coafatul-final-al-parului-150-ml","status":"publish","type":"product","link":"https:\/\/shopatoa.com\/ro\/kevin-murphy-blow-dry-ever-bounce-spray-volumizant-pentru-uscarea-prin-suflare-si-coafatul-final-al-parului-150-ml\/","title":{"rendered":"Kevin Murphy Blow.Dry Ever.Bounce spray volumizant pentru uscarea prin suflare \u0219i coafatul final al p\u0103rului 150 ml"},"content":{"rendered":"<p>Kevin Murphy Blow.Dry Ever.Bounce, 150 ml, Spray-uri pentru p\u0103r pentru femei, Spune\u021bi adio p\u0103rului flasc o dat\u0103 pentru totdeauna. Spray pentru volum Kevin Murphy Blow.Dry Ever.Bounce confer\u0103 volum chiar \u0219i celui mai sub\u021bire p\u0103r \u0219i \u00eel ridic\u0103 de la r\u0103d\u0103cin\u0103, pentru ca acesta s\u0103 par\u0103 instantaneu mai bogat \u0219i mult mai des. Nu \u00eencarc\u0103 p\u0103rul \u0219i nu las\u0103 o senza\u021bie lipicioas\u0103. V\u0103 ajut\u0103 s\u0103 crea\u021bi rapid \u0219i u\u0219or o coafur\u0103 frumoas\u0103, bogat\u0103 \u0219i aerisit\u0103 \u2013 exact a\u0219a cum v\u0103 dori\u021bi. De acum \u00eenainte, toat\u0103 lumea din anturajul dvs. o va admira.  Caracteristici:  confer\u0103 p\u0103rului volum, de la r\u0103d\u0103cin\u0103 p\u0103rul este aerisit \u0219i pare mai des aplicare u\u0219oar\u0103 \u0219i rapid\u0103 nu lipe\u0219te \u0219i nu \u00eencarc\u0103 p\u0103rul p\u0103rul r\u0103m\u00e2ne suplu las\u0103 p\u0103rul flexibil cu o mi\u0219care natural\u0103  Cum se utilizeaz\u0103: Se aplic\u0103 pe p\u0103rul sp\u0103lat \u0219i uscat cu prosopul. \u00cemp\u0103r\u021bi\u021bi p\u0103rul \u00een \u0219uvi\u021be \u0219i apoi aplica\u021bi o cantitate mic\u0103 de produs pe fiecare \u0219uvi\u021b\u0103. Usca\u021bi p\u0103rul cu foehnul \u0219i aranja\u021bi-l ca de obicei.<\/p>\n","protected":false},"excerpt":{"rendered":"<p>Kevin Murphy Blow.Dry Ever.Bounce, 150 ml, Spray-uri pentru p\u0103r pentru femei, Spune\u021bi adio p\u0103rului flasc o dat\u0103 pentru totdeauna. Spray pentru volum Kevin Murphy Blow.Dry Ever.Bounce confer\u0103 volum chiar \u0219i celui mai sub\u021bire p\u0103r \u0219i \u00eel ridic\u0103 de la r\u0103d\u0103cin\u0103, pentru ca acesta s\u0103 par\u0103 instantaneu mai bogat \u0219i mult mai des. Nu \u00eencarc\u0103 p\u0103rul&#8230;<\/p>\n","protected":false},"featured_media":383663,"comment_status":"closed","ping_status":"open","template":"","meta":{"_acf_changed":false,"_kadence_starter_templates_imported_post":false,"_kad_post_transparent":"","_kad_post_title":"","_kad_post_layout":"","_kad_post_sidebar_id":"","_kad_post_content_style":"","_kad_post_vertical_padding":"","_kad_post_feature":"","_kad_post_feature_position":"","_kad_post_header":false,"_kad_post_footer":false,"_kad_post_classname":""},"product_brand":[336],"product_cat":[1563,1590,1562],"product_tag":[],"class_list":{"0":"post-383662","1":"product","2":"type-product","3":"status-publish","4":"has-post-thumbnail","6":"product_brand-kevin-murphy","7":"product_cat-ingrijire-personala","8":"product_cat-ingrijirea-parului","9":"product_cat-sanatate-si-frumusete","10":"pa_gen-female","11":"pa_marime-150-ml","13":"first","14":"instock","15":"sale","16":"product-type-external","17":"entry","18":"content-bg","19":"loop-entry"},"acf":[],"yoast_head":"<!-- This site is optimized with the Yoast SEO plugin v27.4 - https:\/\/yoast.com\/product\/yoast-seo-wordpress\/ -->\n<title>Kevin Murphy Blow.Dry Ever.Bounce spray volumizant pentru uscarea prin suflare \u0219i coafatul final al p\u0103rului 150 ml - SHOPATOA.COM<\/title>\n<meta name=\"robots\" content=\"index, follow, max-snippet:-1, max-image-preview:large, max-video-preview:-1\" \/>\n<link rel=\"canonical\" href=\"https:\/\/shopatoa.com\/ro\/kevin-murphy-blow-dry-ever-bounce-spray-volumizant-pentru-uscarea-prin-suflare-si-coafatul-final-al-parului-150-ml\/\" \/>\n<meta property=\"og:locale\" content=\"ro_RO\" \/>\n<meta property=\"og:type\" content=\"article\" \/>\n<meta property=\"og:title\" content=\"Kevin Murphy Blow.Dry Ever.Bounce spray volumizant pentru uscarea prin suflare \u0219i coafatul final al p\u0103rului 150 ml - SHOPATOA.COM\" \/>\n<meta property=\"og:description\" content=\"Kevin Murphy Blow.Dry Ever.Bounce, 150 ml, Spray-uri pentru p\u0103r pentru femei, Spune\u021bi adio p\u0103rului flasc o dat\u0103 pentru totdeauna. Spray pentru volum Kevin Murphy Blow.Dry Ever.Bounce confer\u0103 volum chiar \u0219i celui mai sub\u021bire p\u0103r \u0219i \u00eel ridic\u0103 de la r\u0103d\u0103cin\u0103, pentru ca acesta s\u0103 par\u0103 instantaneu mai bogat \u0219i mult mai des. Nu \u00eencarc\u0103 p\u0103rul...\" \/>\n<meta property=\"og:url\" content=\"https:\/\/shopatoa.com\/ro\/kevin-murphy-blow-dry-ever-bounce-spray-volumizant-pentru-uscarea-prin-suflare-si-coafatul-final-al-parului-150-ml\/\" \/>\n<meta property=\"og:site_name\" content=\"SHOPATOA\" \/>\n<meta property=\"article:modified_time\" content=\"2025-12-12T20:05:15+00:00\" \/>\n<meta property=\"og:image\" content=\"https:\/\/storage.googleapis.com\/cz-shopatoa-img\/ro\/bcc81210-unnamed-file.webp\" \/>\n\t<meta property=\"og:image:width\" content=\"800\" \/>\n\t<meta property=\"og:image:height\" content=\"800\" \/>\n\t<meta property=\"og:image:type\" content=\"image\/webp\" \/>\n<meta name=\"twitter:card\" content=\"summary_large_image\" \/>\n<meta name=\"twitter:label1\" content=\"Timp estimat pentru citire\" \/>\n\t<meta name=\"twitter:data1\" content=\"1 minut\" \/>\n<script type=\"application\/ld+json\" class=\"yoast-schema-graph\">{\"@context\":\"https:\\\/\\\/schema.org\",\"@graph\":[{\"@type\":\"WebPage\",\"@id\":\"https:\\\/\\\/shopatoa.com\\\/ro\\\/kevin-murphy-blow-dry-ever-bounce-spray-volumizant-pentru-uscarea-prin-suflare-si-coafatul-final-al-parului-150-ml\\\/\",\"url\":\"https:\\\/\\\/shopatoa.com\\\/ro\\\/kevin-murphy-blow-dry-ever-bounce-spray-volumizant-pentru-uscarea-prin-suflare-si-coafatul-final-al-parului-150-ml\\\/\",\"name\":\"Kevin Murphy Blow.Dry Ever.Bounce spray volumizant pentru uscarea prin suflare \u0219i coafatul final al p\u0103rului 150 ml - SHOPATOA.COM\",\"isPartOf\":{\"@id\":\"https:\\\/\\\/shopatoa.com\\\/ro\\\/#website\"},\"primaryImageOfPage\":{\"@id\":\"https:\\\/\\\/shopatoa.com\\\/ro\\\/kevin-murphy-blow-dry-ever-bounce-spray-volumizant-pentru-uscarea-prin-suflare-si-coafatul-final-al-parului-150-ml\\\/#primaryimage\"},\"image\":{\"@id\":\"https:\\\/\\\/shopatoa.com\\\/ro\\\/kevin-murphy-blow-dry-ever-bounce-spray-volumizant-pentru-uscarea-prin-suflare-si-coafatul-final-al-parului-150-ml\\\/#primaryimage\"},\"thumbnailUrl\":\"https:\\\/\\\/storage.googleapis.com\\\/cz-shopatoa-img\\\/ro\\\/bcc81210-unnamed-file.webp\",\"datePublished\":\"2025-06-16T07:32:29+00:00\",\"dateModified\":\"2025-12-12T20:05:15+00:00\",\"breadcrumb\":{\"@id\":\"https:\\\/\\\/shopatoa.com\\\/ro\\\/kevin-murphy-blow-dry-ever-bounce-spray-volumizant-pentru-uscarea-prin-suflare-si-coafatul-final-al-parului-150-ml\\\/#breadcrumb\"},\"inLanguage\":\"ro-RO\",\"potentialAction\":[{\"@type\":\"ReadAction\",\"target\":[\"https:\\\/\\\/shopatoa.com\\\/ro\\\/kevin-murphy-blow-dry-ever-bounce-spray-volumizant-pentru-uscarea-prin-suflare-si-coafatul-final-al-parului-150-ml\\\/\"]}]},{\"@type\":\"ImageObject\",\"inLanguage\":\"ro-RO\",\"@id\":\"https:\\\/\\\/shopatoa.com\\\/ro\\\/kevin-murphy-blow-dry-ever-bounce-spray-volumizant-pentru-uscarea-prin-suflare-si-coafatul-final-al-parului-150-ml\\\/#primaryimage\",\"url\":\"https:\\\/\\\/storage.googleapis.com\\\/cz-shopatoa-img\\\/ro\\\/bcc81210-unnamed-file.webp\",\"contentUrl\":\"https:\\\/\\\/storage.googleapis.com\\\/cz-shopatoa-img\\\/ro\\\/bcc81210-unnamed-file.webp\",\"width\":800,\"height\":800},{\"@type\":\"BreadcrumbList\",\"@id\":\"https:\\\/\\\/shopatoa.com\\\/ro\\\/kevin-murphy-blow-dry-ever-bounce-spray-volumizant-pentru-uscarea-prin-suflare-si-coafatul-final-al-parului-150-ml\\\/#breadcrumb\",\"itemListElement\":[{\"@type\":\"ListItem\",\"position\":1,\"name\":\"Dom\u016f\",\"item\":\"https:\\\/\\\/shopatoa.com\\\/ro\\\/\"},{\"@type\":\"ListItem\",\"position\":2,\"name\":\"Shop\",\"item\":\"https:\\\/\\\/shopatoa.com\\\/ro\\\/shop\\\/\"},{\"@type\":\"ListItem\",\"position\":3,\"name\":\"S\u0103n\u0103tate \u0219i frumuse\u021be\",\"item\":\"https:\\\/\\\/shopatoa.com\\\/ro\\\/sanatate-si-frumusete\\\/\"},{\"@type\":\"ListItem\",\"position\":4,\"name\":\"\u00cengrijire personal\u0103\",\"item\":\"https:\\\/\\\/shopatoa.com\\\/ro\\\/ingrijire-personala\\\/\"},{\"@type\":\"ListItem\",\"position\":5,\"name\":\"\u00cengrijirea p\u0103rului\",\"item\":\"https:\\\/\\\/shopatoa.com\\\/ro\\\/ingrijirea-parului\\\/\"},{\"@type\":\"ListItem\",\"position\":6,\"name\":\"Kevin Murphy Blow.Dry Ever.Bounce spray volumizant pentru uscarea prin suflare \u0219i coafatul final al p\u0103rului 150 ml\"}]},{\"@type\":\"WebSite\",\"@id\":\"https:\\\/\\\/shopatoa.com\\\/ro\\\/#website\",\"url\":\"https:\\\/\\\/shopatoa.com\\\/ro\\\/\",\"name\":\"SHOPATOA\",\"description\":\"\",\"publisher\":{\"@id\":\"https:\\\/\\\/shopatoa.com\\\/ro\\\/#organization\"},\"potentialAction\":[{\"@type\":\"SearchAction\",\"target\":{\"@type\":\"EntryPoint\",\"urlTemplate\":\"https:\\\/\\\/shopatoa.com\\\/ro\\\/?s={search_term_string}\"},\"query-input\":{\"@type\":\"PropertyValueSpecification\",\"valueRequired\":true,\"valueName\":\"search_term_string\"}}],\"inLanguage\":\"ro-RO\"},{\"@type\":\"Organization\",\"@id\":\"https:\\\/\\\/shopatoa.com\\\/ro\\\/#organization\",\"name\":\"SHOPATOA\",\"url\":\"https:\\\/\\\/shopatoa.com\\\/ro\\\/\",\"logo\":{\"@type\":\"ImageObject\",\"inLanguage\":\"ro-RO\",\"@id\":\"https:\\\/\\\/shopatoa.com\\\/ro\\\/#\\\/schema\\\/logo\\\/image\\\/\",\"url\":\"https:\\\/\\\/storage.googleapis.com\\\/cz-shopatoa-img\\\/ro\\\/b4dac915-shopatoa_logo.png\",\"contentUrl\":\"https:\\\/\\\/storage.googleapis.com\\\/cz-shopatoa-img\\\/ro\\\/b4dac915-shopatoa_logo.png\",\"width\":416,\"height\":63,\"caption\":\"SHOPATOA\"},\"image\":{\"@id\":\"https:\\\/\\\/shopatoa.com\\\/ro\\\/#\\\/schema\\\/logo\\\/image\\\/\"}}]}<\/script>\n<!-- \/ Yoast SEO plugin. -->","yoast_head_json":{"title":"Kevin Murphy Blow.Dry Ever.Bounce spray volumizant pentru uscarea prin suflare \u0219i coafatul final al p\u0103rului 150 ml - SHOPATOA.COM","robots":{"index":"index","follow":"follow","max-snippet":"max-snippet:-1","max-image-preview":"max-image-preview:large","max-video-preview":"max-video-preview:-1"},"canonical":"https:\/\/shopatoa.com\/ro\/kevin-murphy-blow-dry-ever-bounce-spray-volumizant-pentru-uscarea-prin-suflare-si-coafatul-final-al-parului-150-ml\/","og_locale":"ro_RO","og_type":"article","og_title":"Kevin Murphy Blow.Dry Ever.Bounce spray volumizant pentru uscarea prin suflare \u0219i coafatul final al p\u0103rului 150 ml - SHOPATOA.COM","og_description":"Kevin Murphy Blow.Dry Ever.Bounce, 150 ml, Spray-uri pentru p\u0103r pentru femei, Spune\u021bi adio p\u0103rului flasc o dat\u0103 pentru totdeauna. Spray pentru volum Kevin Murphy Blow.Dry Ever.Bounce confer\u0103 volum chiar \u0219i celui mai sub\u021bire p\u0103r \u0219i \u00eel ridic\u0103 de la r\u0103d\u0103cin\u0103, pentru ca acesta s\u0103 par\u0103 instantaneu mai bogat \u0219i mult mai des. Nu \u00eencarc\u0103 p\u0103rul...","og_url":"https:\/\/shopatoa.com\/ro\/kevin-murphy-blow-dry-ever-bounce-spray-volumizant-pentru-uscarea-prin-suflare-si-coafatul-final-al-parului-150-ml\/","og_site_name":"SHOPATOA","article_modified_time":"2025-12-12T20:05:15+00:00","og_image":[{"width":800,"height":800,"url":"https:\/\/storage.googleapis.com\/cz-shopatoa-img\/ro\/bcc81210-unnamed-file.webp","type":"image\/webp"}],"twitter_card":"summary_large_image","twitter_misc":{"Timp estimat pentru citire":"1 minut"},"schema":{"@context":"https:\/\/schema.org","@graph":[{"@type":"WebPage","@id":"https:\/\/shopatoa.com\/ro\/kevin-murphy-blow-dry-ever-bounce-spray-volumizant-pentru-uscarea-prin-suflare-si-coafatul-final-al-parului-150-ml\/","url":"https:\/\/shopatoa.com\/ro\/kevin-murphy-blow-dry-ever-bounce-spray-volumizant-pentru-uscarea-prin-suflare-si-coafatul-final-al-parului-150-ml\/","name":"Kevin Murphy Blow.Dry Ever.Bounce spray volumizant pentru uscarea prin suflare \u0219i coafatul final al p\u0103rului 150 ml - SHOPATOA.COM","isPartOf":{"@id":"https:\/\/shopatoa.com\/ro\/#website"},"primaryImageOfPage":{"@id":"https:\/\/shopatoa.com\/ro\/kevin-murphy-blow-dry-ever-bounce-spray-volumizant-pentru-uscarea-prin-suflare-si-coafatul-final-al-parului-150-ml\/#primaryimage"},"image":{"@id":"https:\/\/shopatoa.com\/ro\/kevin-murphy-blow-dry-ever-bounce-spray-volumizant-pentru-uscarea-prin-suflare-si-coafatul-final-al-parului-150-ml\/#primaryimage"},"thumbnailUrl":"https:\/\/storage.googleapis.com\/cz-shopatoa-img\/ro\/bcc81210-unnamed-file.webp","datePublished":"2025-06-16T07:32:29+00:00","dateModified":"2025-12-12T20:05:15+00:00","breadcrumb":{"@id":"https:\/\/shopatoa.com\/ro\/kevin-murphy-blow-dry-ever-bounce-spray-volumizant-pentru-uscarea-prin-suflare-si-coafatul-final-al-parului-150-ml\/#breadcrumb"},"inLanguage":"ro-RO","potentialAction":[{"@type":"ReadAction","target":["https:\/\/shopatoa.com\/ro\/kevin-murphy-blow-dry-ever-bounce-spray-volumizant-pentru-uscarea-prin-suflare-si-coafatul-final-al-parului-150-ml\/"]}]},{"@type":"ImageObject","inLanguage":"ro-RO","@id":"https:\/\/shopatoa.com\/ro\/kevin-murphy-blow-dry-ever-bounce-spray-volumizant-pentru-uscarea-prin-suflare-si-coafatul-final-al-parului-150-ml\/#primaryimage","url":"https:\/\/storage.googleapis.com\/cz-shopatoa-img\/ro\/bcc81210-unnamed-file.webp","contentUrl":"https:\/\/storage.googleapis.com\/cz-shopatoa-img\/ro\/bcc81210-unnamed-file.webp","width":800,"height":800},{"@type":"BreadcrumbList","@id":"https:\/\/shopatoa.com\/ro\/kevin-murphy-blow-dry-ever-bounce-spray-volumizant-pentru-uscarea-prin-suflare-si-coafatul-final-al-parului-150-ml\/#breadcrumb","itemListElement":[{"@type":"ListItem","position":1,"name":"Dom\u016f","item":"https:\/\/shopatoa.com\/ro\/"},{"@type":"ListItem","position":2,"name":"Shop","item":"https:\/\/shopatoa.com\/ro\/shop\/"},{"@type":"ListItem","position":3,"name":"S\u0103n\u0103tate \u0219i frumuse\u021be","item":"https:\/\/shopatoa.com\/ro\/sanatate-si-frumusete\/"},{"@type":"ListItem","position":4,"name":"\u00cengrijire personal\u0103","item":"https:\/\/shopatoa.com\/ro\/ingrijire-personala\/"},{"@type":"ListItem","position":5,"name":"\u00cengrijirea p\u0103rului","item":"https:\/\/shopatoa.com\/ro\/ingrijirea-parului\/"},{"@type":"ListItem","position":6,"name":"Kevin Murphy Blow.Dry Ever.Bounce spray volumizant pentru uscarea prin suflare \u0219i coafatul final al p\u0103rului 150 ml"}]},{"@type":"WebSite","@id":"https:\/\/shopatoa.com\/ro\/#website","url":"https:\/\/shopatoa.com\/ro\/","name":"SHOPATOA","description":"","publisher":{"@id":"https:\/\/shopatoa.com\/ro\/#organization"},"potentialAction":[{"@type":"SearchAction","target":{"@type":"EntryPoint","urlTemplate":"https:\/\/shopatoa.com\/ro\/?s={search_term_string}"},"query-input":{"@type":"PropertyValueSpecification","valueRequired":true,"valueName":"search_term_string"}}],"inLanguage":"ro-RO"},{"@type":"Organization","@id":"https:\/\/shopatoa.com\/ro\/#organization","name":"SHOPATOA","url":"https:\/\/shopatoa.com\/ro\/","logo":{"@type":"ImageObject","inLanguage":"ro-RO","@id":"https:\/\/shopatoa.com\/ro\/#\/schema\/logo\/image\/","url":"https:\/\/storage.googleapis.com\/cz-shopatoa-img\/ro\/b4dac915-shopatoa_logo.png","contentUrl":"https:\/\/storage.googleapis.com\/cz-shopatoa-img\/ro\/b4dac915-shopatoa_logo.png","width":416,"height":63,"caption":"SHOPATOA"},"image":{"@id":"https:\/\/shopatoa.com\/ro\/#\/schema\/logo\/image\/"}}]}},"_links":{"self":[{"href":"https:\/\/shopatoa.com\/ro\/wp-json\/wp\/v2\/product\/383662","targetHints":{"allow":["GET"]}}],"collection":[{"href":"https:\/\/shopatoa.com\/ro\/wp-json\/wp\/v2\/product"}],"about":[{"href":"https:\/\/shopatoa.com\/ro\/wp-json\/wp\/v2\/types\/product"}],"replies":[{"embeddable":true,"href":"https:\/\/shopatoa.com\/ro\/wp-json\/wp\/v2\/comments?post=383662"}],"wp:featuredmedia":[{"embeddable":true,"href":"https:\/\/shopatoa.com\/ro\/wp-json\/wp\/v2\/media\/383663"}],"wp:attachment":[{"href":"https:\/\/shopatoa.com\/ro\/wp-json\/wp\/v2\/media?parent=383662"}],"wp:term":[{"taxonomy":"product_brand","embeddable":true,"href":"https:\/\/shopatoa.com\/ro\/wp-json\/wp\/v2\/product_brand?post=383662"},{"taxonomy":"product_cat","embeddable":true,"href":"https:\/\/shopatoa.com\/ro\/wp-json\/wp\/v2\/product_cat?post=383662"},{"taxonomy":"product_tag","embeddable":true,"href":"https:\/\/shopatoa.com\/ro\/wp-json\/wp\/v2\/product_tag?post=383662"}],"curies":[{"name":"wp","href":"https:\/\/api.w.org\/{rel}","templated":true}]}}