{"id":383814,"date":"2025-06-16T09:43:59","date_gmt":"2025-06-16T07:43:59","guid":{"rendered":"https:\/\/shopatoa.com\/ro\/olaplex-browbond-ser-pentru-stimularea-pentru-sprancene-35-ml\/"},"modified":"2025-12-12T20:52:14","modified_gmt":"2025-12-12T19:52:14","slug":"olaplex-browbond-ser-pentru-stimularea-pentru-sprancene-35-ml","status":"publish","type":"product","link":"https:\/\/shopatoa.com\/ro\/olaplex-browbond-ser-pentru-stimularea-pentru-sprancene-35-ml\/","title":{"rendered":"Olaplex Browbond ser pentru stimularea pentru spr\u00e2ncene 3,5 ml"},"content":{"rendered":"<p>Olaplex Browbond, 3,5 ml, Grija pentru gene si sprancene pentru femei, Fie c\u0103 a\u021bi exagerat cu smulgerea spr\u00e2ncenelor \u00een trecut, fie c\u0103 natura v-a \u00eenzestrat cu spr\u00e2ncene mai sub\u021biri dec\u00e2t v-a\u021bi fi dorit, \u00eengrijirea Olaplex Browbond v\u0103 va oferi o solu\u021bie eficient\u0103. Favorizeaz\u0103 cre\u0219terea firelor de p\u0103r din spr\u00e2ncene, fortific\u00e2ndu-le pentru a c\u00e2\u0219tiga lungime \u0219i volum. Ve\u021bi ob\u021bine ca rezultat spr\u00e2ncene mai bogate, \u00eengrijite \u0219i cu aspect mai s\u0103n\u0103tos. Intensific\u0103 privirea \u0219i subliniaz\u0103 frumuse\u021bea ochilor.  Caracteristici:  asigur\u0103 o densitate mai mare aplicare rapid\u0103 \u0219i u\u0219oar\u0103, din confortul de acas\u0103 pH cu valoare sc\u0103zut\u0103 testate oftalmologic se recomand\u0103 pentru tenul sensibil nu astup\u0103 porii are efect de calmare ac\u021bioneaz\u0103 \u00een timpul somnului  Ingrediente:  produs vegan testat dermatologic  Cum se utilizeaz\u0103: Se pune cu aplicatorul o cantitate mic\u0103 de produs pe spr\u00e2ncenele curate \u0219i uscate. L\u0103sa\u021bi s\u0103 ac\u021bioneze pentru num\u0103rul de minute indicat: 1,5. Apoi continua\u021bi cu rutina obi\u0219nuit\u0103 de \u00eenfrumuse\u021bare. Se utilizeaz\u0103 \u00een mod regulat. Se utilizeaz\u0103 conform instruc\u021biunilor incluse.<\/p>\n","protected":false},"excerpt":{"rendered":"<p>Olaplex Browbond, 3,5 ml, Grija pentru gene si sprancene pentru femei, Fie c\u0103 a\u021bi exagerat cu smulgerea spr\u00e2ncenelor \u00een trecut, fie c\u0103 natura v-a \u00eenzestrat cu spr\u00e2ncene mai sub\u021biri dec\u00e2t v-a\u021bi fi dorit, \u00eengrijirea Olaplex Browbond v\u0103 va oferi o solu\u021bie eficient\u0103. Favorizeaz\u0103 cre\u0219terea firelor de p\u0103r din spr\u00e2ncene, fortific\u00e2ndu-le pentru a c\u00e2\u0219tiga lungime \u0219i&#8230;<\/p>\n","protected":false},"featured_media":383815,"comment_status":"closed","ping_status":"open","template":"","meta":{"_acf_changed":false,"_kadence_starter_templates_imported_post":false,"_kad_post_transparent":"","_kad_post_title":"","_kad_post_layout":"","_kad_post_sidebar_id":"","_kad_post_content_style":"","_kad_post_vertical_padding":"","_kad_post_feature":"","_kad_post_feature_position":"","_kad_post_header":false,"_kad_post_footer":false,"_kad_post_classname":""},"product_brand":[280],"product_cat":[1564,1563,1576,1577,1562,1626],"product_tag":[],"class_list":{"0":"post-383814","1":"product","2":"type-product","3":"status-publish","4":"has-post-thumbnail","6":"product_brand-olaplex","7":"product_cat-cosmetice-ingrijire-personala","8":"product_cat-ingrijire-personala","9":"product_cat-machiaj","10":"product_cat-machiaj-ochi","11":"product_cat-sanatate-si-frumusete","12":"product_cat-tratamente-pentru-cresterea-genelor-si-a-sprancenelor","13":"pa_gen-female","14":"pa_marime-35-ml","16":"first","17":"instock","18":"product-type-external","19":"entry","20":"content-bg","21":"loop-entry"},"acf":[],"yoast_head":"<!-- This site is optimized with the Yoast SEO plugin v27.4 - https:\/\/yoast.com\/product\/yoast-seo-wordpress\/ -->\n<title>Olaplex Browbond ser pentru stimularea pentru spr\u00e2ncene 3,5 ml - SHOPATOA.COM<\/title>\n<meta name=\"robots\" content=\"index, follow, max-snippet:-1, max-image-preview:large, max-video-preview:-1\" \/>\n<link rel=\"canonical\" href=\"https:\/\/shopatoa.com\/ro\/olaplex-browbond-ser-pentru-stimularea-pentru-sprancene-35-ml\/\" \/>\n<meta property=\"og:locale\" content=\"ro_RO\" \/>\n<meta property=\"og:type\" content=\"article\" \/>\n<meta property=\"og:title\" content=\"Olaplex Browbond ser pentru stimularea pentru spr\u00e2ncene 3,5 ml - SHOPATOA.COM\" \/>\n<meta property=\"og:description\" content=\"Olaplex Browbond, 3,5 ml, Grija pentru gene si sprancene pentru femei, Fie c\u0103 a\u021bi exagerat cu smulgerea spr\u00e2ncenelor \u00een trecut, fie c\u0103 natura v-a \u00eenzestrat cu spr\u00e2ncene mai sub\u021biri dec\u00e2t v-a\u021bi fi dorit, \u00eengrijirea Olaplex Browbond v\u0103 va oferi o solu\u021bie eficient\u0103. Favorizeaz\u0103 cre\u0219terea firelor de p\u0103r din spr\u00e2ncene, fortific\u00e2ndu-le pentru a c\u00e2\u0219tiga lungime \u0219i...\" \/>\n<meta property=\"og:url\" content=\"https:\/\/shopatoa.com\/ro\/olaplex-browbond-ser-pentru-stimularea-pentru-sprancene-35-ml\/\" \/>\n<meta property=\"og:site_name\" content=\"SHOPATOA\" \/>\n<meta property=\"article:modified_time\" content=\"2025-12-12T19:52:14+00:00\" \/>\n<meta property=\"og:image\" content=\"https:\/\/storage.googleapis.com\/cz-shopatoa-img\/ro\/b5e7394b-unnamed-file.webp\" \/>\n\t<meta property=\"og:image:width\" content=\"800\" \/>\n\t<meta property=\"og:image:height\" content=\"800\" \/>\n\t<meta property=\"og:image:type\" content=\"image\/webp\" \/>\n<meta name=\"twitter:card\" content=\"summary_large_image\" \/>\n<meta name=\"twitter:label1\" content=\"Timp estimat pentru citire\" \/>\n\t<meta name=\"twitter:data1\" content=\"1 minut\" \/>\n<script type=\"application\/ld+json\" class=\"yoast-schema-graph\">{\"@context\":\"https:\\\/\\\/schema.org\",\"@graph\":[{\"@type\":\"WebPage\",\"@id\":\"https:\\\/\\\/shopatoa.com\\\/ro\\\/olaplex-browbond-ser-pentru-stimularea-pentru-sprancene-35-ml\\\/\",\"url\":\"https:\\\/\\\/shopatoa.com\\\/ro\\\/olaplex-browbond-ser-pentru-stimularea-pentru-sprancene-35-ml\\\/\",\"name\":\"Olaplex Browbond ser pentru stimularea pentru spr\u00e2ncene 3,5 ml - SHOPATOA.COM\",\"isPartOf\":{\"@id\":\"https:\\\/\\\/shopatoa.com\\\/ro\\\/#website\"},\"primaryImageOfPage\":{\"@id\":\"https:\\\/\\\/shopatoa.com\\\/ro\\\/olaplex-browbond-ser-pentru-stimularea-pentru-sprancene-35-ml\\\/#primaryimage\"},\"image\":{\"@id\":\"https:\\\/\\\/shopatoa.com\\\/ro\\\/olaplex-browbond-ser-pentru-stimularea-pentru-sprancene-35-ml\\\/#primaryimage\"},\"thumbnailUrl\":\"https:\\\/\\\/storage.googleapis.com\\\/cz-shopatoa-img\\\/ro\\\/b5e7394b-unnamed-file.webp\",\"datePublished\":\"2025-06-16T07:43:59+00:00\",\"dateModified\":\"2025-12-12T19:52:14+00:00\",\"breadcrumb\":{\"@id\":\"https:\\\/\\\/shopatoa.com\\\/ro\\\/olaplex-browbond-ser-pentru-stimularea-pentru-sprancene-35-ml\\\/#breadcrumb\"},\"inLanguage\":\"ro-RO\",\"potentialAction\":[{\"@type\":\"ReadAction\",\"target\":[\"https:\\\/\\\/shopatoa.com\\\/ro\\\/olaplex-browbond-ser-pentru-stimularea-pentru-sprancene-35-ml\\\/\"]}]},{\"@type\":\"ImageObject\",\"inLanguage\":\"ro-RO\",\"@id\":\"https:\\\/\\\/shopatoa.com\\\/ro\\\/olaplex-browbond-ser-pentru-stimularea-pentru-sprancene-35-ml\\\/#primaryimage\",\"url\":\"https:\\\/\\\/storage.googleapis.com\\\/cz-shopatoa-img\\\/ro\\\/b5e7394b-unnamed-file.webp\",\"contentUrl\":\"https:\\\/\\\/storage.googleapis.com\\\/cz-shopatoa-img\\\/ro\\\/b5e7394b-unnamed-file.webp\",\"width\":800,\"height\":800},{\"@type\":\"BreadcrumbList\",\"@id\":\"https:\\\/\\\/shopatoa.com\\\/ro\\\/olaplex-browbond-ser-pentru-stimularea-pentru-sprancene-35-ml\\\/#breadcrumb\",\"itemListElement\":[{\"@type\":\"ListItem\",\"position\":1,\"name\":\"Dom\u016f\",\"item\":\"https:\\\/\\\/shopatoa.com\\\/ro\\\/\"},{\"@type\":\"ListItem\",\"position\":2,\"name\":\"Shop\",\"item\":\"https:\\\/\\\/shopatoa.com\\\/ro\\\/shop\\\/\"},{\"@type\":\"ListItem\",\"position\":3,\"name\":\"S\u0103n\u0103tate \u0219i frumuse\u021be\",\"item\":\"https:\\\/\\\/shopatoa.com\\\/ro\\\/sanatate-si-frumusete\\\/\"},{\"@type\":\"ListItem\",\"position\":4,\"name\":\"\u00cengrijire personal\u0103\",\"item\":\"https:\\\/\\\/shopatoa.com\\\/ro\\\/ingrijire-personala\\\/\"},{\"@type\":\"ListItem\",\"position\":5,\"name\":\"Cosmetice\",\"item\":\"https:\\\/\\\/shopatoa.com\\\/ro\\\/cosmetice-ingrijire-personala\\\/\"},{\"@type\":\"ListItem\",\"position\":6,\"name\":\"Machiaj\",\"item\":\"https:\\\/\\\/shopatoa.com\\\/ro\\\/machiaj\\\/\"},{\"@type\":\"ListItem\",\"position\":7,\"name\":\"Machiaj ochi\",\"item\":\"https:\\\/\\\/shopatoa.com\\\/ro\\\/machiaj-ochi\\\/\"},{\"@type\":\"ListItem\",\"position\":8,\"name\":\"Tratamente pentru cre\u0219terea genelor \u0219i a spr\u00e2ncenelor\",\"item\":\"https:\\\/\\\/shopatoa.com\\\/ro\\\/tratamente-pentru-cresterea-genelor-si-a-sprancenelor\\\/\"},{\"@type\":\"ListItem\",\"position\":9,\"name\":\"Olaplex Browbond ser pentru stimularea pentru spr\u00e2ncene 3,5 ml\"}]},{\"@type\":\"WebSite\",\"@id\":\"https:\\\/\\\/shopatoa.com\\\/ro\\\/#website\",\"url\":\"https:\\\/\\\/shopatoa.com\\\/ro\\\/\",\"name\":\"SHOPATOA\",\"description\":\"\",\"publisher\":{\"@id\":\"https:\\\/\\\/shopatoa.com\\\/ro\\\/#organization\"},\"potentialAction\":[{\"@type\":\"SearchAction\",\"target\":{\"@type\":\"EntryPoint\",\"urlTemplate\":\"https:\\\/\\\/shopatoa.com\\\/ro\\\/?s={search_term_string}\"},\"query-input\":{\"@type\":\"PropertyValueSpecification\",\"valueRequired\":true,\"valueName\":\"search_term_string\"}}],\"inLanguage\":\"ro-RO\"},{\"@type\":\"Organization\",\"@id\":\"https:\\\/\\\/shopatoa.com\\\/ro\\\/#organization\",\"name\":\"SHOPATOA\",\"url\":\"https:\\\/\\\/shopatoa.com\\\/ro\\\/\",\"logo\":{\"@type\":\"ImageObject\",\"inLanguage\":\"ro-RO\",\"@id\":\"https:\\\/\\\/shopatoa.com\\\/ro\\\/#\\\/schema\\\/logo\\\/image\\\/\",\"url\":\"https:\\\/\\\/storage.googleapis.com\\\/cz-shopatoa-img\\\/ro\\\/b4dac915-shopatoa_logo.png\",\"contentUrl\":\"https:\\\/\\\/storage.googleapis.com\\\/cz-shopatoa-img\\\/ro\\\/b4dac915-shopatoa_logo.png\",\"width\":416,\"height\":63,\"caption\":\"SHOPATOA\"},\"image\":{\"@id\":\"https:\\\/\\\/shopatoa.com\\\/ro\\\/#\\\/schema\\\/logo\\\/image\\\/\"}}]}<\/script>\n<!-- \/ Yoast SEO plugin. -->","yoast_head_json":{"title":"Olaplex Browbond ser pentru stimularea pentru spr\u00e2ncene 3,5 ml - SHOPATOA.COM","robots":{"index":"index","follow":"follow","max-snippet":"max-snippet:-1","max-image-preview":"max-image-preview:large","max-video-preview":"max-video-preview:-1"},"canonical":"https:\/\/shopatoa.com\/ro\/olaplex-browbond-ser-pentru-stimularea-pentru-sprancene-35-ml\/","og_locale":"ro_RO","og_type":"article","og_title":"Olaplex Browbond ser pentru stimularea pentru spr\u00e2ncene 3,5 ml - SHOPATOA.COM","og_description":"Olaplex Browbond, 3,5 ml, Grija pentru gene si sprancene pentru femei, Fie c\u0103 a\u021bi exagerat cu smulgerea spr\u00e2ncenelor \u00een trecut, fie c\u0103 natura v-a \u00eenzestrat cu spr\u00e2ncene mai sub\u021biri dec\u00e2t v-a\u021bi fi dorit, \u00eengrijirea Olaplex Browbond v\u0103 va oferi o solu\u021bie eficient\u0103. Favorizeaz\u0103 cre\u0219terea firelor de p\u0103r din spr\u00e2ncene, fortific\u00e2ndu-le pentru a c\u00e2\u0219tiga lungime \u0219i...","og_url":"https:\/\/shopatoa.com\/ro\/olaplex-browbond-ser-pentru-stimularea-pentru-sprancene-35-ml\/","og_site_name":"SHOPATOA","article_modified_time":"2025-12-12T19:52:14+00:00","og_image":[{"width":800,"height":800,"url":"https:\/\/storage.googleapis.com\/cz-shopatoa-img\/ro\/b5e7394b-unnamed-file.webp","type":"image\/webp"}],"twitter_card":"summary_large_image","twitter_misc":{"Timp estimat pentru citire":"1 minut"},"schema":{"@context":"https:\/\/schema.org","@graph":[{"@type":"WebPage","@id":"https:\/\/shopatoa.com\/ro\/olaplex-browbond-ser-pentru-stimularea-pentru-sprancene-35-ml\/","url":"https:\/\/shopatoa.com\/ro\/olaplex-browbond-ser-pentru-stimularea-pentru-sprancene-35-ml\/","name":"Olaplex Browbond ser pentru stimularea pentru spr\u00e2ncene 3,5 ml - SHOPATOA.COM","isPartOf":{"@id":"https:\/\/shopatoa.com\/ro\/#website"},"primaryImageOfPage":{"@id":"https:\/\/shopatoa.com\/ro\/olaplex-browbond-ser-pentru-stimularea-pentru-sprancene-35-ml\/#primaryimage"},"image":{"@id":"https:\/\/shopatoa.com\/ro\/olaplex-browbond-ser-pentru-stimularea-pentru-sprancene-35-ml\/#primaryimage"},"thumbnailUrl":"https:\/\/storage.googleapis.com\/cz-shopatoa-img\/ro\/b5e7394b-unnamed-file.webp","datePublished":"2025-06-16T07:43:59+00:00","dateModified":"2025-12-12T19:52:14+00:00","breadcrumb":{"@id":"https:\/\/shopatoa.com\/ro\/olaplex-browbond-ser-pentru-stimularea-pentru-sprancene-35-ml\/#breadcrumb"},"inLanguage":"ro-RO","potentialAction":[{"@type":"ReadAction","target":["https:\/\/shopatoa.com\/ro\/olaplex-browbond-ser-pentru-stimularea-pentru-sprancene-35-ml\/"]}]},{"@type":"ImageObject","inLanguage":"ro-RO","@id":"https:\/\/shopatoa.com\/ro\/olaplex-browbond-ser-pentru-stimularea-pentru-sprancene-35-ml\/#primaryimage","url":"https:\/\/storage.googleapis.com\/cz-shopatoa-img\/ro\/b5e7394b-unnamed-file.webp","contentUrl":"https:\/\/storage.googleapis.com\/cz-shopatoa-img\/ro\/b5e7394b-unnamed-file.webp","width":800,"height":800},{"@type":"BreadcrumbList","@id":"https:\/\/shopatoa.com\/ro\/olaplex-browbond-ser-pentru-stimularea-pentru-sprancene-35-ml\/#breadcrumb","itemListElement":[{"@type":"ListItem","position":1,"name":"Dom\u016f","item":"https:\/\/shopatoa.com\/ro\/"},{"@type":"ListItem","position":2,"name":"Shop","item":"https:\/\/shopatoa.com\/ro\/shop\/"},{"@type":"ListItem","position":3,"name":"S\u0103n\u0103tate \u0219i frumuse\u021be","item":"https:\/\/shopatoa.com\/ro\/sanatate-si-frumusete\/"},{"@type":"ListItem","position":4,"name":"\u00cengrijire personal\u0103","item":"https:\/\/shopatoa.com\/ro\/ingrijire-personala\/"},{"@type":"ListItem","position":5,"name":"Cosmetice","item":"https:\/\/shopatoa.com\/ro\/cosmetice-ingrijire-personala\/"},{"@type":"ListItem","position":6,"name":"Machiaj","item":"https:\/\/shopatoa.com\/ro\/machiaj\/"},{"@type":"ListItem","position":7,"name":"Machiaj ochi","item":"https:\/\/shopatoa.com\/ro\/machiaj-ochi\/"},{"@type":"ListItem","position":8,"name":"Tratamente pentru cre\u0219terea genelor \u0219i a spr\u00e2ncenelor","item":"https:\/\/shopatoa.com\/ro\/tratamente-pentru-cresterea-genelor-si-a-sprancenelor\/"},{"@type":"ListItem","position":9,"name":"Olaplex Browbond ser pentru stimularea pentru spr\u00e2ncene 3,5 ml"}]},{"@type":"WebSite","@id":"https:\/\/shopatoa.com\/ro\/#website","url":"https:\/\/shopatoa.com\/ro\/","name":"SHOPATOA","description":"","publisher":{"@id":"https:\/\/shopatoa.com\/ro\/#organization"},"potentialAction":[{"@type":"SearchAction","target":{"@type":"EntryPoint","urlTemplate":"https:\/\/shopatoa.com\/ro\/?s={search_term_string}"},"query-input":{"@type":"PropertyValueSpecification","valueRequired":true,"valueName":"search_term_string"}}],"inLanguage":"ro-RO"},{"@type":"Organization","@id":"https:\/\/shopatoa.com\/ro\/#organization","name":"SHOPATOA","url":"https:\/\/shopatoa.com\/ro\/","logo":{"@type":"ImageObject","inLanguage":"ro-RO","@id":"https:\/\/shopatoa.com\/ro\/#\/schema\/logo\/image\/","url":"https:\/\/storage.googleapis.com\/cz-shopatoa-img\/ro\/b4dac915-shopatoa_logo.png","contentUrl":"https:\/\/storage.googleapis.com\/cz-shopatoa-img\/ro\/b4dac915-shopatoa_logo.png","width":416,"height":63,"caption":"SHOPATOA"},"image":{"@id":"https:\/\/shopatoa.com\/ro\/#\/schema\/logo\/image\/"}}]}},"_links":{"self":[{"href":"https:\/\/shopatoa.com\/ro\/wp-json\/wp\/v2\/product\/383814","targetHints":{"allow":["GET"]}}],"collection":[{"href":"https:\/\/shopatoa.com\/ro\/wp-json\/wp\/v2\/product"}],"about":[{"href":"https:\/\/shopatoa.com\/ro\/wp-json\/wp\/v2\/types\/product"}],"replies":[{"embeddable":true,"href":"https:\/\/shopatoa.com\/ro\/wp-json\/wp\/v2\/comments?post=383814"}],"wp:featuredmedia":[{"embeddable":true,"href":"https:\/\/shopatoa.com\/ro\/wp-json\/wp\/v2\/media\/383815"}],"wp:attachment":[{"href":"https:\/\/shopatoa.com\/ro\/wp-json\/wp\/v2\/media?parent=383814"}],"wp:term":[{"taxonomy":"product_brand","embeddable":true,"href":"https:\/\/shopatoa.com\/ro\/wp-json\/wp\/v2\/product_brand?post=383814"},{"taxonomy":"product_cat","embeddable":true,"href":"https:\/\/shopatoa.com\/ro\/wp-json\/wp\/v2\/product_cat?post=383814"},{"taxonomy":"product_tag","embeddable":true,"href":"https:\/\/shopatoa.com\/ro\/wp-json\/wp\/v2\/product_tag?post=383814"}],"curies":[{"name":"wp","href":"https:\/\/api.w.org\/{rel}","templated":true}]}}