{"id":384010,"date":"2025-06-16T10:01:18","date_gmt":"2025-06-16T08:01:18","guid":{"rendered":"https:\/\/shopatoa.com\/ro\/essence-fabowlous-pudra-mata-transparenta-culoare-01-bow-set-go-4-2-g\/"},"modified":"2025-11-10T02:04:34","modified_gmt":"2025-11-10T01:04:34","slug":"essence-fabowlous-pudra-mata-transparenta-culoare-01-bow-set-go-4-2-g","status":"publish","type":"product","link":"https:\/\/shopatoa.com\/ro\/essence-fabowlous-pudra-mata-transparenta-culoare-01-bow-set-go-4-2-g\/","title":{"rendered":"essence FaBOWlous pudra mata transparenta culoare 01 Bow, Set, Go! 4.2 g"},"content":{"rendered":"<p>essence FaBOWlous, 4.2 g, Pudra pentru femei, Fixa\u021bi-v\u0103 machiajul pentru a v\u0103 asigura o rezisten\u021b\u0103 \u00eendelungat\u0103 \u0219i un finish impecabil. Pudra essenceFaBOWlous fixeaz\u0103 machiajul aplicat f\u0103r\u0103 s\u0103 se murd\u0103reasc\u0103 sau s\u0103 se depun\u0103 nedorit \u00een riduri. \u00cen plus, v\u0103 ofer\u0103 control asupra excesului de sebum \u0219i a str\u0103lucirii \u00een zonele problematice. Va l\u0103sa tenul extrem de delicat, mat \u0219i cu un aspect catifelat, iar efectul s\u0103u natural de estompare va ajuta la ascunderea vizual\u0103 a porilor foarte vizibili \u0219i a altor imperfec\u021biuni ale tenului.  Caracteristici:  fixeaz\u0103 fondul de ten confer\u0103 tenului un aspect mat perfect confer\u0103 pielii un efect catifelat men\u021bine sub control str\u0103lucirea tenului o nuan\u021b\u0103 universal\u0103, potrivit\u0103 pentru toate tipurile \u0219i nuan\u021bele de ten  Ingrediente:  puful este inclus \u00een pachet nu con\u021bine uleiuri minerale f\u0103r\u0103 nanoparticule produs vegan  Cum se utilizeaz\u0103: Se ia pe pensul\u0103 o cantitate mic\u0103 de fond de ten \u0219i se aplic\u0103 pe fa\u021b\u0103, dup\u0103 dorin\u021b\u0103. \u00cen cazul metodei baking, folosi\u021bi bure\u021belul pentru a tapota o cantitate mai mare de pudr\u0103 pulbere, \u00een special sub ochi. \u00cendep\u0103rta\u021bi excesul dup\u0103 pu\u021bin timp.<\/p>\n","protected":false},"excerpt":{"rendered":"<p>essence FaBOWlous, 4.2 g, Pudra pentru femei, Fixa\u021bi-v\u0103 machiajul pentru a v\u0103 asigura o rezisten\u021b\u0103 \u00eendelungat\u0103 \u0219i un finish impecabil. Pudra essenceFaBOWlous fixeaz\u0103 machiajul aplicat f\u0103r\u0103 s\u0103 se murd\u0103reasc\u0103 sau s\u0103 se depun\u0103 nedorit \u00een riduri. \u00cen plus, v\u0103 ofer\u0103 control asupra excesului de sebum \u0219i a str\u0103lucirii \u00een zonele problematice. Va l\u0103sa tenul extrem&#8230;<\/p>\n","protected":false},"featured_media":384011,"comment_status":"closed","ping_status":"open","template":"","meta":{"_acf_changed":false,"_kadence_starter_templates_imported_post":false,"_kad_post_transparent":"","_kad_post_title":"","_kad_post_layout":"","_kad_post_sidebar_id":"","_kad_post_content_style":"","_kad_post_vertical_padding":"","_kad_post_feature":"","_kad_post_feature_position":"","_kad_post_header":false,"_kad_post_footer":false,"_kad_post_classname":""},"product_brand":[1665],"product_cat":[1564,1563,1576,1666,1667,1562],"product_tag":[],"class_list":{"0":"post-384010","1":"product","2":"type-product","3":"status-publish","4":"has-post-thumbnail","6":"product_brand-essence","7":"product_cat-cosmetice-ingrijire-personala","8":"product_cat-ingrijire-personala","9":"product_cat-machiaj","10":"product_cat-machiaj-pentru-fata-machiaj","11":"product_cat-pudra-pentru-fata","12":"product_cat-sanatate-si-frumusete","13":"pa_gen-female","14":"pa_marime-4-2-g","16":"first","17":"instock","18":"sale","19":"product-type-external","20":"entry","21":"content-bg","22":"loop-entry"},"acf":[],"yoast_head":"<!-- This site is optimized with the Yoast SEO plugin v27.4 - https:\/\/yoast.com\/product\/yoast-seo-wordpress\/ -->\n<title>essence FaBOWlous pudra mata transparenta culoare 01 Bow, Set, Go! 4.2 g - SHOPATOA.COM<\/title>\n<meta name=\"robots\" content=\"index, follow, max-snippet:-1, max-image-preview:large, max-video-preview:-1\" \/>\n<link rel=\"canonical\" href=\"https:\/\/shopatoa.com\/ro\/essence-fabowlous-pudra-mata-transparenta-culoare-01-bow-set-go-4-2-g\/\" \/>\n<meta property=\"og:locale\" content=\"ro_RO\" \/>\n<meta property=\"og:type\" content=\"article\" \/>\n<meta property=\"og:title\" content=\"essence FaBOWlous pudra mata transparenta culoare 01 Bow, Set, Go! 4.2 g - SHOPATOA.COM\" \/>\n<meta property=\"og:description\" content=\"essence FaBOWlous, 4.2 g, Pudra pentru femei, Fixa\u021bi-v\u0103 machiajul pentru a v\u0103 asigura o rezisten\u021b\u0103 \u00eendelungat\u0103 \u0219i un finish impecabil. Pudra essenceFaBOWlous fixeaz\u0103 machiajul aplicat f\u0103r\u0103 s\u0103 se murd\u0103reasc\u0103 sau s\u0103 se depun\u0103 nedorit \u00een riduri. \u00cen plus, v\u0103 ofer\u0103 control asupra excesului de sebum \u0219i a str\u0103lucirii \u00een zonele problematice. Va l\u0103sa tenul extrem...\" \/>\n<meta property=\"og:url\" content=\"https:\/\/shopatoa.com\/ro\/essence-fabowlous-pudra-mata-transparenta-culoare-01-bow-set-go-4-2-g\/\" \/>\n<meta property=\"og:site_name\" content=\"SHOPATOA\" \/>\n<meta property=\"article:modified_time\" content=\"2025-11-10T01:04:34+00:00\" \/>\n<meta property=\"og:image\" content=\"https:\/\/storage.googleapis.com\/cz-shopatoa-img\/ro\/efab34c3-unnamed-file.webp\" \/>\n\t<meta property=\"og:image:width\" content=\"800\" \/>\n\t<meta property=\"og:image:height\" content=\"800\" \/>\n\t<meta property=\"og:image:type\" content=\"image\/webp\" \/>\n<meta name=\"twitter:card\" content=\"summary_large_image\" \/>\n<meta name=\"twitter:label1\" content=\"Timp estimat pentru citire\" \/>\n\t<meta name=\"twitter:data1\" content=\"1 minut\" \/>\n<script type=\"application\/ld+json\" class=\"yoast-schema-graph\">{\"@context\":\"https:\\\/\\\/schema.org\",\"@graph\":[{\"@type\":\"WebPage\",\"@id\":\"https:\\\/\\\/shopatoa.com\\\/ro\\\/essence-fabowlous-pudra-mata-transparenta-culoare-01-bow-set-go-4-2-g\\\/\",\"url\":\"https:\\\/\\\/shopatoa.com\\\/ro\\\/essence-fabowlous-pudra-mata-transparenta-culoare-01-bow-set-go-4-2-g\\\/\",\"name\":\"essence FaBOWlous pudra mata transparenta culoare 01 Bow, Set, Go! 4.2 g - SHOPATOA.COM\",\"isPartOf\":{\"@id\":\"https:\\\/\\\/shopatoa.com\\\/ro\\\/#website\"},\"primaryImageOfPage\":{\"@id\":\"https:\\\/\\\/shopatoa.com\\\/ro\\\/essence-fabowlous-pudra-mata-transparenta-culoare-01-bow-set-go-4-2-g\\\/#primaryimage\"},\"image\":{\"@id\":\"https:\\\/\\\/shopatoa.com\\\/ro\\\/essence-fabowlous-pudra-mata-transparenta-culoare-01-bow-set-go-4-2-g\\\/#primaryimage\"},\"thumbnailUrl\":\"https:\\\/\\\/storage.googleapis.com\\\/cz-shopatoa-img\\\/ro\\\/efab34c3-unnamed-file.webp\",\"datePublished\":\"2025-06-16T08:01:18+00:00\",\"dateModified\":\"2025-11-10T01:04:34+00:00\",\"breadcrumb\":{\"@id\":\"https:\\\/\\\/shopatoa.com\\\/ro\\\/essence-fabowlous-pudra-mata-transparenta-culoare-01-bow-set-go-4-2-g\\\/#breadcrumb\"},\"inLanguage\":\"ro-RO\",\"potentialAction\":[{\"@type\":\"ReadAction\",\"target\":[\"https:\\\/\\\/shopatoa.com\\\/ro\\\/essence-fabowlous-pudra-mata-transparenta-culoare-01-bow-set-go-4-2-g\\\/\"]}]},{\"@type\":\"ImageObject\",\"inLanguage\":\"ro-RO\",\"@id\":\"https:\\\/\\\/shopatoa.com\\\/ro\\\/essence-fabowlous-pudra-mata-transparenta-culoare-01-bow-set-go-4-2-g\\\/#primaryimage\",\"url\":\"https:\\\/\\\/storage.googleapis.com\\\/cz-shopatoa-img\\\/ro\\\/efab34c3-unnamed-file.webp\",\"contentUrl\":\"https:\\\/\\\/storage.googleapis.com\\\/cz-shopatoa-img\\\/ro\\\/efab34c3-unnamed-file.webp\",\"width\":800,\"height\":800},{\"@type\":\"BreadcrumbList\",\"@id\":\"https:\\\/\\\/shopatoa.com\\\/ro\\\/essence-fabowlous-pudra-mata-transparenta-culoare-01-bow-set-go-4-2-g\\\/#breadcrumb\",\"itemListElement\":[{\"@type\":\"ListItem\",\"position\":1,\"name\":\"Dom\u016f\",\"item\":\"https:\\\/\\\/shopatoa.com\\\/ro\\\/\"},{\"@type\":\"ListItem\",\"position\":2,\"name\":\"Shop\",\"item\":\"https:\\\/\\\/shopatoa.com\\\/ro\\\/shop\\\/\"},{\"@type\":\"ListItem\",\"position\":3,\"name\":\"S\u0103n\u0103tate \u0219i frumuse\u021be\",\"item\":\"https:\\\/\\\/shopatoa.com\\\/ro\\\/sanatate-si-frumusete\\\/\"},{\"@type\":\"ListItem\",\"position\":4,\"name\":\"\u00cengrijire personal\u0103\",\"item\":\"https:\\\/\\\/shopatoa.com\\\/ro\\\/ingrijire-personala\\\/\"},{\"@type\":\"ListItem\",\"position\":5,\"name\":\"Cosmetice\",\"item\":\"https:\\\/\\\/shopatoa.com\\\/ro\\\/cosmetice-ingrijire-personala\\\/\"},{\"@type\":\"ListItem\",\"position\":6,\"name\":\"Machiaj\",\"item\":\"https:\\\/\\\/shopatoa.com\\\/ro\\\/machiaj\\\/\"},{\"@type\":\"ListItem\",\"position\":7,\"name\":\"Machiaj pentru fa\u021b\u0103\",\"item\":\"https:\\\/\\\/shopatoa.com\\\/ro\\\/machiaj-pentru-fata-machiaj\\\/\"},{\"@type\":\"ListItem\",\"position\":8,\"name\":\"Pudr\u0103 pentru fa\u021b\u0103\",\"item\":\"https:\\\/\\\/shopatoa.com\\\/ro\\\/pudra-pentru-fata\\\/\"},{\"@type\":\"ListItem\",\"position\":9,\"name\":\"essence FaBOWlous pudra mata transparenta culoare 01 Bow, Set, Go! 4.2 g\"}]},{\"@type\":\"WebSite\",\"@id\":\"https:\\\/\\\/shopatoa.com\\\/ro\\\/#website\",\"url\":\"https:\\\/\\\/shopatoa.com\\\/ro\\\/\",\"name\":\"SHOPATOA\",\"description\":\"\",\"publisher\":{\"@id\":\"https:\\\/\\\/shopatoa.com\\\/ro\\\/#organization\"},\"potentialAction\":[{\"@type\":\"SearchAction\",\"target\":{\"@type\":\"EntryPoint\",\"urlTemplate\":\"https:\\\/\\\/shopatoa.com\\\/ro\\\/?s={search_term_string}\"},\"query-input\":{\"@type\":\"PropertyValueSpecification\",\"valueRequired\":true,\"valueName\":\"search_term_string\"}}],\"inLanguage\":\"ro-RO\"},{\"@type\":\"Organization\",\"@id\":\"https:\\\/\\\/shopatoa.com\\\/ro\\\/#organization\",\"name\":\"SHOPATOA\",\"url\":\"https:\\\/\\\/shopatoa.com\\\/ro\\\/\",\"logo\":{\"@type\":\"ImageObject\",\"inLanguage\":\"ro-RO\",\"@id\":\"https:\\\/\\\/shopatoa.com\\\/ro\\\/#\\\/schema\\\/logo\\\/image\\\/\",\"url\":\"https:\\\/\\\/storage.googleapis.com\\\/cz-shopatoa-img\\\/ro\\\/b4dac915-shopatoa_logo.png\",\"contentUrl\":\"https:\\\/\\\/storage.googleapis.com\\\/cz-shopatoa-img\\\/ro\\\/b4dac915-shopatoa_logo.png\",\"width\":416,\"height\":63,\"caption\":\"SHOPATOA\"},\"image\":{\"@id\":\"https:\\\/\\\/shopatoa.com\\\/ro\\\/#\\\/schema\\\/logo\\\/image\\\/\"}}]}<\/script>\n<!-- \/ Yoast SEO plugin. -->","yoast_head_json":{"title":"essence FaBOWlous pudra mata transparenta culoare 01 Bow, Set, Go! 4.2 g - SHOPATOA.COM","robots":{"index":"index","follow":"follow","max-snippet":"max-snippet:-1","max-image-preview":"max-image-preview:large","max-video-preview":"max-video-preview:-1"},"canonical":"https:\/\/shopatoa.com\/ro\/essence-fabowlous-pudra-mata-transparenta-culoare-01-bow-set-go-4-2-g\/","og_locale":"ro_RO","og_type":"article","og_title":"essence FaBOWlous pudra mata transparenta culoare 01 Bow, Set, Go! 4.2 g - SHOPATOA.COM","og_description":"essence FaBOWlous, 4.2 g, Pudra pentru femei, Fixa\u021bi-v\u0103 machiajul pentru a v\u0103 asigura o rezisten\u021b\u0103 \u00eendelungat\u0103 \u0219i un finish impecabil. Pudra essenceFaBOWlous fixeaz\u0103 machiajul aplicat f\u0103r\u0103 s\u0103 se murd\u0103reasc\u0103 sau s\u0103 se depun\u0103 nedorit \u00een riduri. \u00cen plus, v\u0103 ofer\u0103 control asupra excesului de sebum \u0219i a str\u0103lucirii \u00een zonele problematice. Va l\u0103sa tenul extrem...","og_url":"https:\/\/shopatoa.com\/ro\/essence-fabowlous-pudra-mata-transparenta-culoare-01-bow-set-go-4-2-g\/","og_site_name":"SHOPATOA","article_modified_time":"2025-11-10T01:04:34+00:00","og_image":[{"width":800,"height":800,"url":"https:\/\/storage.googleapis.com\/cz-shopatoa-img\/ro\/efab34c3-unnamed-file.webp","type":"image\/webp"}],"twitter_card":"summary_large_image","twitter_misc":{"Timp estimat pentru citire":"1 minut"},"schema":{"@context":"https:\/\/schema.org","@graph":[{"@type":"WebPage","@id":"https:\/\/shopatoa.com\/ro\/essence-fabowlous-pudra-mata-transparenta-culoare-01-bow-set-go-4-2-g\/","url":"https:\/\/shopatoa.com\/ro\/essence-fabowlous-pudra-mata-transparenta-culoare-01-bow-set-go-4-2-g\/","name":"essence FaBOWlous pudra mata transparenta culoare 01 Bow, Set, Go! 4.2 g - SHOPATOA.COM","isPartOf":{"@id":"https:\/\/shopatoa.com\/ro\/#website"},"primaryImageOfPage":{"@id":"https:\/\/shopatoa.com\/ro\/essence-fabowlous-pudra-mata-transparenta-culoare-01-bow-set-go-4-2-g\/#primaryimage"},"image":{"@id":"https:\/\/shopatoa.com\/ro\/essence-fabowlous-pudra-mata-transparenta-culoare-01-bow-set-go-4-2-g\/#primaryimage"},"thumbnailUrl":"https:\/\/storage.googleapis.com\/cz-shopatoa-img\/ro\/efab34c3-unnamed-file.webp","datePublished":"2025-06-16T08:01:18+00:00","dateModified":"2025-11-10T01:04:34+00:00","breadcrumb":{"@id":"https:\/\/shopatoa.com\/ro\/essence-fabowlous-pudra-mata-transparenta-culoare-01-bow-set-go-4-2-g\/#breadcrumb"},"inLanguage":"ro-RO","potentialAction":[{"@type":"ReadAction","target":["https:\/\/shopatoa.com\/ro\/essence-fabowlous-pudra-mata-transparenta-culoare-01-bow-set-go-4-2-g\/"]}]},{"@type":"ImageObject","inLanguage":"ro-RO","@id":"https:\/\/shopatoa.com\/ro\/essence-fabowlous-pudra-mata-transparenta-culoare-01-bow-set-go-4-2-g\/#primaryimage","url":"https:\/\/storage.googleapis.com\/cz-shopatoa-img\/ro\/efab34c3-unnamed-file.webp","contentUrl":"https:\/\/storage.googleapis.com\/cz-shopatoa-img\/ro\/efab34c3-unnamed-file.webp","width":800,"height":800},{"@type":"BreadcrumbList","@id":"https:\/\/shopatoa.com\/ro\/essence-fabowlous-pudra-mata-transparenta-culoare-01-bow-set-go-4-2-g\/#breadcrumb","itemListElement":[{"@type":"ListItem","position":1,"name":"Dom\u016f","item":"https:\/\/shopatoa.com\/ro\/"},{"@type":"ListItem","position":2,"name":"Shop","item":"https:\/\/shopatoa.com\/ro\/shop\/"},{"@type":"ListItem","position":3,"name":"S\u0103n\u0103tate \u0219i frumuse\u021be","item":"https:\/\/shopatoa.com\/ro\/sanatate-si-frumusete\/"},{"@type":"ListItem","position":4,"name":"\u00cengrijire personal\u0103","item":"https:\/\/shopatoa.com\/ro\/ingrijire-personala\/"},{"@type":"ListItem","position":5,"name":"Cosmetice","item":"https:\/\/shopatoa.com\/ro\/cosmetice-ingrijire-personala\/"},{"@type":"ListItem","position":6,"name":"Machiaj","item":"https:\/\/shopatoa.com\/ro\/machiaj\/"},{"@type":"ListItem","position":7,"name":"Machiaj pentru fa\u021b\u0103","item":"https:\/\/shopatoa.com\/ro\/machiaj-pentru-fata-machiaj\/"},{"@type":"ListItem","position":8,"name":"Pudr\u0103 pentru fa\u021b\u0103","item":"https:\/\/shopatoa.com\/ro\/pudra-pentru-fata\/"},{"@type":"ListItem","position":9,"name":"essence FaBOWlous pudra mata transparenta culoare 01 Bow, Set, Go! 4.2 g"}]},{"@type":"WebSite","@id":"https:\/\/shopatoa.com\/ro\/#website","url":"https:\/\/shopatoa.com\/ro\/","name":"SHOPATOA","description":"","publisher":{"@id":"https:\/\/shopatoa.com\/ro\/#organization"},"potentialAction":[{"@type":"SearchAction","target":{"@type":"EntryPoint","urlTemplate":"https:\/\/shopatoa.com\/ro\/?s={search_term_string}"},"query-input":{"@type":"PropertyValueSpecification","valueRequired":true,"valueName":"search_term_string"}}],"inLanguage":"ro-RO"},{"@type":"Organization","@id":"https:\/\/shopatoa.com\/ro\/#organization","name":"SHOPATOA","url":"https:\/\/shopatoa.com\/ro\/","logo":{"@type":"ImageObject","inLanguage":"ro-RO","@id":"https:\/\/shopatoa.com\/ro\/#\/schema\/logo\/image\/","url":"https:\/\/storage.googleapis.com\/cz-shopatoa-img\/ro\/b4dac915-shopatoa_logo.png","contentUrl":"https:\/\/storage.googleapis.com\/cz-shopatoa-img\/ro\/b4dac915-shopatoa_logo.png","width":416,"height":63,"caption":"SHOPATOA"},"image":{"@id":"https:\/\/shopatoa.com\/ro\/#\/schema\/logo\/image\/"}}]}},"_links":{"self":[{"href":"https:\/\/shopatoa.com\/ro\/wp-json\/wp\/v2\/product\/384010","targetHints":{"allow":["GET"]}}],"collection":[{"href":"https:\/\/shopatoa.com\/ro\/wp-json\/wp\/v2\/product"}],"about":[{"href":"https:\/\/shopatoa.com\/ro\/wp-json\/wp\/v2\/types\/product"}],"replies":[{"embeddable":true,"href":"https:\/\/shopatoa.com\/ro\/wp-json\/wp\/v2\/comments?post=384010"}],"wp:featuredmedia":[{"embeddable":true,"href":"https:\/\/shopatoa.com\/ro\/wp-json\/wp\/v2\/media\/384011"}],"wp:attachment":[{"href":"https:\/\/shopatoa.com\/ro\/wp-json\/wp\/v2\/media?parent=384010"}],"wp:term":[{"taxonomy":"product_brand","embeddable":true,"href":"https:\/\/shopatoa.com\/ro\/wp-json\/wp\/v2\/product_brand?post=384010"},{"taxonomy":"product_cat","embeddable":true,"href":"https:\/\/shopatoa.com\/ro\/wp-json\/wp\/v2\/product_cat?post=384010"},{"taxonomy":"product_tag","embeddable":true,"href":"https:\/\/shopatoa.com\/ro\/wp-json\/wp\/v2\/product_tag?post=384010"}],"curies":[{"name":"wp","href":"https:\/\/api.w.org\/{rel}","templated":true}]}}