{"id":384236,"date":"2025-06-16T10:31:14","date_gmt":"2025-06-16T08:31:14","guid":{"rendered":"https:\/\/shopatoa.com\/ro\/bione-cosmetics-deo-krystal-deodorant-mineral-120-g\/"},"modified":"2025-12-12T19:36:50","modified_gmt":"2025-12-12T18:36:50","slug":"bione-cosmetics-deo-krystal-deodorant-mineral-120-g","status":"publish","type":"product","link":"https:\/\/shopatoa.com\/ro\/bione-cosmetics-deo-krystal-deodorant-mineral-120-g\/","title":{"rendered":"Bione Cosmetics Deo Krystal deodorant mineral 120 g"},"content":{"rendered":"<p>Bione Cosmetics Deo Krystal, 120 g, Deodorante \u0219i antiperspirante unisex, Oricare ar fi programul zilei, pute\u021bi l\u0103sa \u00een urm\u0103 grijile privind \u00eembr\u0103c\u0103mintea transpirat\u0103. Antiperspirantul Bione Cosmetics Deo Krystal previne senza\u021bia nepl\u0103cut\u0103 cauzat\u0103 de petele de la subra\u021b. Datorit\u0103 ingredientelor antiperspirante, acesta va preveni activ formarea transpira\u021biei \u00een sine, ajut\u00e2nd la men\u021binerea pielii uscate. V\u0103 va oferi protec\u021bie \u00eendelungat\u0103 \u00eempotriva mirosului corporal \u0219i a umezelii nedorite, cauzate de transpira\u021bie, pentru a v\u0103 bucura de senza\u021bia de prospe\u021bime \u0219i curat pe toat\u0103 durata zilei.  Caracteristici:  confer\u0103 o senza\u021bie de confort \u0219i cur\u0103\u021benie, de lung\u0103 durat\u0103 protejeaz\u0103 \u00eempotriva mirosurilor nepl\u0103cute Nu las\u0103 pete pe haine protejeaz\u0103 eficient \u00eempotriva transpira\u021biei  Ingrediente:  nu con\u021bine parfum  Cum se utilizeaz\u0103: Aplicarea poate fi repetat\u0103 oric\u00e2nd \u00een timpul zilei. Ideal pentru utilizarea zilnic\u0103.<\/p>\n","protected":false},"excerpt":{"rendered":"<p>Bione Cosmetics Deo Krystal, 120 g, Deodorante \u0219i antiperspirante unisex, Oricare ar fi programul zilei, pute\u021bi l\u0103sa \u00een urm\u0103 grijile privind \u00eembr\u0103c\u0103mintea transpirat\u0103. Antiperspirantul Bione Cosmetics Deo Krystal previne senza\u021bia nepl\u0103cut\u0103 cauzat\u0103 de petele de la subra\u021b. Datorit\u0103 ingredientelor antiperspirante, acesta va preveni activ formarea transpira\u021biei \u00een sine, ajut\u00e2nd la men\u021binerea pielii uscate. V\u0103 va&#8230;<\/p>\n","protected":false},"featured_media":384237,"comment_status":"closed","ping_status":"open","template":"","meta":{"_acf_changed":false,"_kadence_starter_templates_imported_post":false,"_kad_post_transparent":"","_kad_post_title":"","_kad_post_layout":"","_kad_post_sidebar_id":"","_kad_post_content_style":"","_kad_post_vertical_padding":"","_kad_post_feature":"","_kad_post_feature_position":"","_kad_post_header":false,"_kad_post_footer":false,"_kad_post_classname":""},"product_brand":[2183],"product_cat":[1594,1563,1562],"product_tag":[],"class_list":{"0":"post-384236","1":"product","2":"type-product","3":"status-publish","4":"has-post-thumbnail","6":"product_brand-bione-cosmetics","7":"product_cat-deodorant-si-antiperspirant","8":"product_cat-ingrijire-personala","9":"product_cat-sanatate-si-frumusete","10":"pa_gen-unisex","11":"pa_marime-120-g","13":"first","14":"instock","15":"sale","16":"product-type-external","17":"entry","18":"content-bg","19":"loop-entry"},"acf":[],"yoast_head":"<!-- This site is optimized with the Yoast SEO plugin v27.4 - https:\/\/yoast.com\/product\/yoast-seo-wordpress\/ -->\n<title>Bione Cosmetics Deo Krystal deodorant mineral 120 g - SHOPATOA.COM<\/title>\n<meta name=\"robots\" content=\"index, follow, max-snippet:-1, max-image-preview:large, max-video-preview:-1\" \/>\n<link rel=\"canonical\" href=\"https:\/\/shopatoa.com\/ro\/bione-cosmetics-deo-krystal-deodorant-mineral-120-g\/\" \/>\n<meta property=\"og:locale\" content=\"ro_RO\" \/>\n<meta property=\"og:type\" content=\"article\" \/>\n<meta property=\"og:title\" content=\"Bione Cosmetics Deo Krystal deodorant mineral 120 g - SHOPATOA.COM\" \/>\n<meta property=\"og:description\" content=\"Bione Cosmetics Deo Krystal, 120 g, Deodorante \u0219i antiperspirante unisex, Oricare ar fi programul zilei, pute\u021bi l\u0103sa \u00een urm\u0103 grijile privind \u00eembr\u0103c\u0103mintea transpirat\u0103. Antiperspirantul Bione Cosmetics Deo Krystal previne senza\u021bia nepl\u0103cut\u0103 cauzat\u0103 de petele de la subra\u021b. Datorit\u0103 ingredientelor antiperspirante, acesta va preveni activ formarea transpira\u021biei \u00een sine, ajut\u00e2nd la men\u021binerea pielii uscate. V\u0103 va...\" \/>\n<meta property=\"og:url\" content=\"https:\/\/shopatoa.com\/ro\/bione-cosmetics-deo-krystal-deodorant-mineral-120-g\/\" \/>\n<meta property=\"og:site_name\" content=\"SHOPATOA\" \/>\n<meta property=\"article:modified_time\" content=\"2025-12-12T18:36:50+00:00\" \/>\n<meta property=\"og:image\" content=\"https:\/\/storage.googleapis.com\/cz-shopatoa-img\/ro\/9d58b472-unnamed-file.webp\" \/>\n\t<meta property=\"og:image:width\" content=\"800\" \/>\n\t<meta property=\"og:image:height\" content=\"800\" \/>\n\t<meta property=\"og:image:type\" content=\"image\/webp\" \/>\n<meta name=\"twitter:card\" content=\"summary_large_image\" \/>\n<meta name=\"twitter:label1\" content=\"Timp estimat pentru citire\" \/>\n\t<meta name=\"twitter:data1\" content=\"1 minut\" \/>\n<script type=\"application\/ld+json\" class=\"yoast-schema-graph\">{\"@context\":\"https:\\\/\\\/schema.org\",\"@graph\":[{\"@type\":\"WebPage\",\"@id\":\"https:\\\/\\\/shopatoa.com\\\/ro\\\/bione-cosmetics-deo-krystal-deodorant-mineral-120-g\\\/\",\"url\":\"https:\\\/\\\/shopatoa.com\\\/ro\\\/bione-cosmetics-deo-krystal-deodorant-mineral-120-g\\\/\",\"name\":\"Bione Cosmetics Deo Krystal deodorant mineral 120 g - SHOPATOA.COM\",\"isPartOf\":{\"@id\":\"https:\\\/\\\/shopatoa.com\\\/ro\\\/#website\"},\"primaryImageOfPage\":{\"@id\":\"https:\\\/\\\/shopatoa.com\\\/ro\\\/bione-cosmetics-deo-krystal-deodorant-mineral-120-g\\\/#primaryimage\"},\"image\":{\"@id\":\"https:\\\/\\\/shopatoa.com\\\/ro\\\/bione-cosmetics-deo-krystal-deodorant-mineral-120-g\\\/#primaryimage\"},\"thumbnailUrl\":\"https:\\\/\\\/storage.googleapis.com\\\/cz-shopatoa-img\\\/ro\\\/9d58b472-unnamed-file.webp\",\"datePublished\":\"2025-06-16T08:31:14+00:00\",\"dateModified\":\"2025-12-12T18:36:50+00:00\",\"breadcrumb\":{\"@id\":\"https:\\\/\\\/shopatoa.com\\\/ro\\\/bione-cosmetics-deo-krystal-deodorant-mineral-120-g\\\/#breadcrumb\"},\"inLanguage\":\"ro-RO\",\"potentialAction\":[{\"@type\":\"ReadAction\",\"target\":[\"https:\\\/\\\/shopatoa.com\\\/ro\\\/bione-cosmetics-deo-krystal-deodorant-mineral-120-g\\\/\"]}]},{\"@type\":\"ImageObject\",\"inLanguage\":\"ro-RO\",\"@id\":\"https:\\\/\\\/shopatoa.com\\\/ro\\\/bione-cosmetics-deo-krystal-deodorant-mineral-120-g\\\/#primaryimage\",\"url\":\"https:\\\/\\\/storage.googleapis.com\\\/cz-shopatoa-img\\\/ro\\\/9d58b472-unnamed-file.webp\",\"contentUrl\":\"https:\\\/\\\/storage.googleapis.com\\\/cz-shopatoa-img\\\/ro\\\/9d58b472-unnamed-file.webp\",\"width\":800,\"height\":800},{\"@type\":\"BreadcrumbList\",\"@id\":\"https:\\\/\\\/shopatoa.com\\\/ro\\\/bione-cosmetics-deo-krystal-deodorant-mineral-120-g\\\/#breadcrumb\",\"itemListElement\":[{\"@type\":\"ListItem\",\"position\":1,\"name\":\"Dom\u016f\",\"item\":\"https:\\\/\\\/shopatoa.com\\\/ro\\\/\"},{\"@type\":\"ListItem\",\"position\":2,\"name\":\"Shop\",\"item\":\"https:\\\/\\\/shopatoa.com\\\/ro\\\/shop\\\/\"},{\"@type\":\"ListItem\",\"position\":3,\"name\":\"S\u0103n\u0103tate \u0219i frumuse\u021be\",\"item\":\"https:\\\/\\\/shopatoa.com\\\/ro\\\/sanatate-si-frumusete\\\/\"},{\"@type\":\"ListItem\",\"position\":4,\"name\":\"\u00cengrijire personal\u0103\",\"item\":\"https:\\\/\\\/shopatoa.com\\\/ro\\\/ingrijire-personala\\\/\"},{\"@type\":\"ListItem\",\"position\":5,\"name\":\"Deodorant \u0219i antiperspirant\",\"item\":\"https:\\\/\\\/shopatoa.com\\\/ro\\\/deodorant-si-antiperspirant\\\/\"},{\"@type\":\"ListItem\",\"position\":6,\"name\":\"Bione Cosmetics Deo Krystal deodorant mineral 120 g\"}]},{\"@type\":\"WebSite\",\"@id\":\"https:\\\/\\\/shopatoa.com\\\/ro\\\/#website\",\"url\":\"https:\\\/\\\/shopatoa.com\\\/ro\\\/\",\"name\":\"SHOPATOA\",\"description\":\"\",\"publisher\":{\"@id\":\"https:\\\/\\\/shopatoa.com\\\/ro\\\/#organization\"},\"potentialAction\":[{\"@type\":\"SearchAction\",\"target\":{\"@type\":\"EntryPoint\",\"urlTemplate\":\"https:\\\/\\\/shopatoa.com\\\/ro\\\/?s={search_term_string}\"},\"query-input\":{\"@type\":\"PropertyValueSpecification\",\"valueRequired\":true,\"valueName\":\"search_term_string\"}}],\"inLanguage\":\"ro-RO\"},{\"@type\":\"Organization\",\"@id\":\"https:\\\/\\\/shopatoa.com\\\/ro\\\/#organization\",\"name\":\"SHOPATOA\",\"url\":\"https:\\\/\\\/shopatoa.com\\\/ro\\\/\",\"logo\":{\"@type\":\"ImageObject\",\"inLanguage\":\"ro-RO\",\"@id\":\"https:\\\/\\\/shopatoa.com\\\/ro\\\/#\\\/schema\\\/logo\\\/image\\\/\",\"url\":\"https:\\\/\\\/storage.googleapis.com\\\/cz-shopatoa-img\\\/ro\\\/b4dac915-shopatoa_logo.png\",\"contentUrl\":\"https:\\\/\\\/storage.googleapis.com\\\/cz-shopatoa-img\\\/ro\\\/b4dac915-shopatoa_logo.png\",\"width\":416,\"height\":63,\"caption\":\"SHOPATOA\"},\"image\":{\"@id\":\"https:\\\/\\\/shopatoa.com\\\/ro\\\/#\\\/schema\\\/logo\\\/image\\\/\"}}]}<\/script>\n<!-- \/ Yoast SEO plugin. -->","yoast_head_json":{"title":"Bione Cosmetics Deo Krystal deodorant mineral 120 g - SHOPATOA.COM","robots":{"index":"index","follow":"follow","max-snippet":"max-snippet:-1","max-image-preview":"max-image-preview:large","max-video-preview":"max-video-preview:-1"},"canonical":"https:\/\/shopatoa.com\/ro\/bione-cosmetics-deo-krystal-deodorant-mineral-120-g\/","og_locale":"ro_RO","og_type":"article","og_title":"Bione Cosmetics Deo Krystal deodorant mineral 120 g - SHOPATOA.COM","og_description":"Bione Cosmetics Deo Krystal, 120 g, Deodorante \u0219i antiperspirante unisex, Oricare ar fi programul zilei, pute\u021bi l\u0103sa \u00een urm\u0103 grijile privind \u00eembr\u0103c\u0103mintea transpirat\u0103. Antiperspirantul Bione Cosmetics Deo Krystal previne senza\u021bia nepl\u0103cut\u0103 cauzat\u0103 de petele de la subra\u021b. Datorit\u0103 ingredientelor antiperspirante, acesta va preveni activ formarea transpira\u021biei \u00een sine, ajut\u00e2nd la men\u021binerea pielii uscate. V\u0103 va...","og_url":"https:\/\/shopatoa.com\/ro\/bione-cosmetics-deo-krystal-deodorant-mineral-120-g\/","og_site_name":"SHOPATOA","article_modified_time":"2025-12-12T18:36:50+00:00","og_image":[{"width":800,"height":800,"url":"https:\/\/storage.googleapis.com\/cz-shopatoa-img\/ro\/9d58b472-unnamed-file.webp","type":"image\/webp"}],"twitter_card":"summary_large_image","twitter_misc":{"Timp estimat pentru citire":"1 minut"},"schema":{"@context":"https:\/\/schema.org","@graph":[{"@type":"WebPage","@id":"https:\/\/shopatoa.com\/ro\/bione-cosmetics-deo-krystal-deodorant-mineral-120-g\/","url":"https:\/\/shopatoa.com\/ro\/bione-cosmetics-deo-krystal-deodorant-mineral-120-g\/","name":"Bione Cosmetics Deo Krystal deodorant mineral 120 g - SHOPATOA.COM","isPartOf":{"@id":"https:\/\/shopatoa.com\/ro\/#website"},"primaryImageOfPage":{"@id":"https:\/\/shopatoa.com\/ro\/bione-cosmetics-deo-krystal-deodorant-mineral-120-g\/#primaryimage"},"image":{"@id":"https:\/\/shopatoa.com\/ro\/bione-cosmetics-deo-krystal-deodorant-mineral-120-g\/#primaryimage"},"thumbnailUrl":"https:\/\/storage.googleapis.com\/cz-shopatoa-img\/ro\/9d58b472-unnamed-file.webp","datePublished":"2025-06-16T08:31:14+00:00","dateModified":"2025-12-12T18:36:50+00:00","breadcrumb":{"@id":"https:\/\/shopatoa.com\/ro\/bione-cosmetics-deo-krystal-deodorant-mineral-120-g\/#breadcrumb"},"inLanguage":"ro-RO","potentialAction":[{"@type":"ReadAction","target":["https:\/\/shopatoa.com\/ro\/bione-cosmetics-deo-krystal-deodorant-mineral-120-g\/"]}]},{"@type":"ImageObject","inLanguage":"ro-RO","@id":"https:\/\/shopatoa.com\/ro\/bione-cosmetics-deo-krystal-deodorant-mineral-120-g\/#primaryimage","url":"https:\/\/storage.googleapis.com\/cz-shopatoa-img\/ro\/9d58b472-unnamed-file.webp","contentUrl":"https:\/\/storage.googleapis.com\/cz-shopatoa-img\/ro\/9d58b472-unnamed-file.webp","width":800,"height":800},{"@type":"BreadcrumbList","@id":"https:\/\/shopatoa.com\/ro\/bione-cosmetics-deo-krystal-deodorant-mineral-120-g\/#breadcrumb","itemListElement":[{"@type":"ListItem","position":1,"name":"Dom\u016f","item":"https:\/\/shopatoa.com\/ro\/"},{"@type":"ListItem","position":2,"name":"Shop","item":"https:\/\/shopatoa.com\/ro\/shop\/"},{"@type":"ListItem","position":3,"name":"S\u0103n\u0103tate \u0219i frumuse\u021be","item":"https:\/\/shopatoa.com\/ro\/sanatate-si-frumusete\/"},{"@type":"ListItem","position":4,"name":"\u00cengrijire personal\u0103","item":"https:\/\/shopatoa.com\/ro\/ingrijire-personala\/"},{"@type":"ListItem","position":5,"name":"Deodorant \u0219i antiperspirant","item":"https:\/\/shopatoa.com\/ro\/deodorant-si-antiperspirant\/"},{"@type":"ListItem","position":6,"name":"Bione Cosmetics Deo Krystal deodorant mineral 120 g"}]},{"@type":"WebSite","@id":"https:\/\/shopatoa.com\/ro\/#website","url":"https:\/\/shopatoa.com\/ro\/","name":"SHOPATOA","description":"","publisher":{"@id":"https:\/\/shopatoa.com\/ro\/#organization"},"potentialAction":[{"@type":"SearchAction","target":{"@type":"EntryPoint","urlTemplate":"https:\/\/shopatoa.com\/ro\/?s={search_term_string}"},"query-input":{"@type":"PropertyValueSpecification","valueRequired":true,"valueName":"search_term_string"}}],"inLanguage":"ro-RO"},{"@type":"Organization","@id":"https:\/\/shopatoa.com\/ro\/#organization","name":"SHOPATOA","url":"https:\/\/shopatoa.com\/ro\/","logo":{"@type":"ImageObject","inLanguage":"ro-RO","@id":"https:\/\/shopatoa.com\/ro\/#\/schema\/logo\/image\/","url":"https:\/\/storage.googleapis.com\/cz-shopatoa-img\/ro\/b4dac915-shopatoa_logo.png","contentUrl":"https:\/\/storage.googleapis.com\/cz-shopatoa-img\/ro\/b4dac915-shopatoa_logo.png","width":416,"height":63,"caption":"SHOPATOA"},"image":{"@id":"https:\/\/shopatoa.com\/ro\/#\/schema\/logo\/image\/"}}]}},"_links":{"self":[{"href":"https:\/\/shopatoa.com\/ro\/wp-json\/wp\/v2\/product\/384236","targetHints":{"allow":["GET"]}}],"collection":[{"href":"https:\/\/shopatoa.com\/ro\/wp-json\/wp\/v2\/product"}],"about":[{"href":"https:\/\/shopatoa.com\/ro\/wp-json\/wp\/v2\/types\/product"}],"replies":[{"embeddable":true,"href":"https:\/\/shopatoa.com\/ro\/wp-json\/wp\/v2\/comments?post=384236"}],"wp:featuredmedia":[{"embeddable":true,"href":"https:\/\/shopatoa.com\/ro\/wp-json\/wp\/v2\/media\/384237"}],"wp:attachment":[{"href":"https:\/\/shopatoa.com\/ro\/wp-json\/wp\/v2\/media?parent=384236"}],"wp:term":[{"taxonomy":"product_brand","embeddable":true,"href":"https:\/\/shopatoa.com\/ro\/wp-json\/wp\/v2\/product_brand?post=384236"},{"taxonomy":"product_cat","embeddable":true,"href":"https:\/\/shopatoa.com\/ro\/wp-json\/wp\/v2\/product_cat?post=384236"},{"taxonomy":"product_tag","embeddable":true,"href":"https:\/\/shopatoa.com\/ro\/wp-json\/wp\/v2\/product_tag?post=384236"}],"curies":[{"name":"wp","href":"https:\/\/api.w.org\/{rel}","templated":true}]}}