{"id":384602,"date":"2025-06-16T11:04:34","date_gmt":"2025-06-16T09:04:34","guid":{"rendered":"https:\/\/shopatoa.com\/ro\/john-masters-organics-scalp-2-in-1-shampoo-with-zinc-sage-sampon-si-balsam-2-in-1-473-ml\/"},"modified":"2025-10-08T18:21:40","modified_gmt":"2025-10-08T16:21:40","slug":"john-masters-organics-scalp-2-in-1-shampoo-with-zinc-sage-sampon-si-balsam-2-in-1-473-ml","status":"publish","type":"product","link":"https:\/\/shopatoa.com\/ro\/john-masters-organics-scalp-2-in-1-shampoo-with-zinc-sage-sampon-si-balsam-2-in-1-473-ml\/","title":{"rendered":"John Masters Organics Scalp 2 in 1 Shampoo with Zinc &#038; Sage sampon si balsam 2 in 1 473 ml"},"content":{"rendered":"<p>John Masters Organics Scalp 2 in 1 Shampoo with Zinc &#038; Sage, 473 ml, \u0218ampon \u0219i balsam 2 \u00een 1 pentru femei, Uita\u021bi de orele \u00een \u0219ir petrecute \u00een baie. \u0218amponul \u0219i balsamul 2 \u00een 1 John Masters Organics Scalp 2 in 1 Shampoo with Zinc &#038; Sage combin\u0103 puterea a dou\u0103 produse \u00eentr-unul singur, economisind timp pre\u021bios. Spal\u0103 delicat p\u0103rul, \u00eendep\u0103rt\u00e2nd toate impurit\u0103\u021bile \u0219i gr\u0103simea, oferind \u00een acela\u0219i timp \u00eengrijirea de care ave\u021bi nevoie. \u00cel las\u0103 nu doar perfect curat, ci \u0219i catifelat \u0219i mai u\u0219or de piept\u0103nat.  Caracteristici:  cur\u0103\u021b\u0103 scalpul pentru un p\u0103r neted la atingere  Cum se utilizeaz\u0103: Se aplic\u0103 pe p\u0103rul umed. Se spumeaz\u0103, se maseaz\u0103 delicat scalpul \u0219i apoi se cl\u0103te\u0219te. Se repet\u0103 procedura, dac\u0103 este necesar.<\/p>\n","protected":false},"excerpt":{"rendered":"<p>John Masters Organics Scalp 2 in 1 Shampoo with Zinc &#038; Sage, 473 ml, \u0218ampon \u0219i balsam 2 \u00een 1 pentru femei, Uita\u021bi de orele \u00een \u0219ir petrecute \u00een baie. \u0218amponul \u0219i balsamul 2 \u00een 1 John Masters Organics Scalp 2 in 1 Shampoo with Zinc &#038; Sage combin\u0103 puterea a dou\u0103 produse \u00eentr-unul singur,&#8230;<\/p>\n","protected":false},"featured_media":384603,"comment_status":"closed","ping_status":"open","template":"","meta":{"_acf_changed":false,"_kadence_starter_templates_imported_post":false,"_kad_post_transparent":"","_kad_post_title":"","_kad_post_layout":"","_kad_post_sidebar_id":"","_kad_post_content_style":"","_kad_post_vertical_padding":"","_kad_post_feature":"","_kad_post_feature_position":"","_kad_post_header":false,"_kad_post_footer":false,"_kad_post_classname":""},"product_brand":[2117],"product_cat":[1563,1590,1562],"product_tag":[],"class_list":{"0":"post-384602","1":"product","2":"type-product","3":"status-publish","4":"has-post-thumbnail","6":"product_brand-john-masters-organics","7":"product_cat-ingrijire-personala","8":"product_cat-ingrijirea-parului","9":"product_cat-sanatate-si-frumusete","10":"pa_gen-female","11":"pa_marime-473-ml","13":"first","14":"instock","15":"product-type-external","16":"entry","17":"content-bg","18":"loop-entry"},"acf":[],"yoast_head":"<!-- This site is optimized with the Yoast SEO plugin v27.4 - https:\/\/yoast.com\/product\/yoast-seo-wordpress\/ -->\n<title>John Masters Organics Scalp 2 in 1 Shampoo with Zinc &amp; Sage sampon si balsam 2 in 1 473 ml - SHOPATOA.COM<\/title>\n<meta name=\"robots\" content=\"index, follow, max-snippet:-1, max-image-preview:large, max-video-preview:-1\" \/>\n<link rel=\"canonical\" href=\"https:\/\/shopatoa.com\/ro\/john-masters-organics-scalp-2-in-1-shampoo-with-zinc-sage-sampon-si-balsam-2-in-1-473-ml\/\" \/>\n<meta property=\"og:locale\" content=\"ro_RO\" \/>\n<meta property=\"og:type\" content=\"article\" \/>\n<meta property=\"og:title\" content=\"John Masters Organics Scalp 2 in 1 Shampoo with Zinc &amp; Sage sampon si balsam 2 in 1 473 ml - SHOPATOA.COM\" \/>\n<meta property=\"og:description\" content=\"John Masters Organics Scalp 2 in 1 Shampoo with Zinc &#038; Sage, 473 ml, \u0218ampon \u0219i balsam 2 \u00een 1 pentru femei, Uita\u021bi de orele \u00een \u0219ir petrecute \u00een baie. \u0218amponul \u0219i balsamul 2 \u00een 1 John Masters Organics Scalp 2 in 1 Shampoo with Zinc &#038; Sage combin\u0103 puterea a dou\u0103 produse \u00eentr-unul singur,...\" \/>\n<meta property=\"og:url\" content=\"https:\/\/shopatoa.com\/ro\/john-masters-organics-scalp-2-in-1-shampoo-with-zinc-sage-sampon-si-balsam-2-in-1-473-ml\/\" \/>\n<meta property=\"og:site_name\" content=\"SHOPATOA\" \/>\n<meta property=\"article:modified_time\" content=\"2025-10-08T16:21:40+00:00\" \/>\n<meta property=\"og:image\" content=\"https:\/\/storage.googleapis.com\/cz-shopatoa-img\/ro\/a1eca0cc-unnamed-file.webp\" \/>\n\t<meta property=\"og:image:width\" content=\"800\" \/>\n\t<meta property=\"og:image:height\" content=\"800\" \/>\n\t<meta property=\"og:image:type\" content=\"image\/webp\" \/>\n<meta name=\"twitter:card\" content=\"summary_large_image\" \/>\n<meta name=\"twitter:label1\" content=\"Timp estimat pentru citire\" \/>\n\t<meta name=\"twitter:data1\" content=\"1 minut\" \/>\n<script type=\"application\/ld+json\" class=\"yoast-schema-graph\">{\"@context\":\"https:\\\/\\\/schema.org\",\"@graph\":[{\"@type\":\"WebPage\",\"@id\":\"https:\\\/\\\/shopatoa.com\\\/ro\\\/john-masters-organics-scalp-2-in-1-shampoo-with-zinc-sage-sampon-si-balsam-2-in-1-473-ml\\\/\",\"url\":\"https:\\\/\\\/shopatoa.com\\\/ro\\\/john-masters-organics-scalp-2-in-1-shampoo-with-zinc-sage-sampon-si-balsam-2-in-1-473-ml\\\/\",\"name\":\"John Masters Organics Scalp 2 in 1 Shampoo with Zinc & Sage sampon si balsam 2 in 1 473 ml - SHOPATOA.COM\",\"isPartOf\":{\"@id\":\"https:\\\/\\\/shopatoa.com\\\/ro\\\/#website\"},\"primaryImageOfPage\":{\"@id\":\"https:\\\/\\\/shopatoa.com\\\/ro\\\/john-masters-organics-scalp-2-in-1-shampoo-with-zinc-sage-sampon-si-balsam-2-in-1-473-ml\\\/#primaryimage\"},\"image\":{\"@id\":\"https:\\\/\\\/shopatoa.com\\\/ro\\\/john-masters-organics-scalp-2-in-1-shampoo-with-zinc-sage-sampon-si-balsam-2-in-1-473-ml\\\/#primaryimage\"},\"thumbnailUrl\":\"https:\\\/\\\/storage.googleapis.com\\\/cz-shopatoa-img\\\/ro\\\/a1eca0cc-unnamed-file.webp\",\"datePublished\":\"2025-06-16T09:04:34+00:00\",\"dateModified\":\"2025-10-08T16:21:40+00:00\",\"breadcrumb\":{\"@id\":\"https:\\\/\\\/shopatoa.com\\\/ro\\\/john-masters-organics-scalp-2-in-1-shampoo-with-zinc-sage-sampon-si-balsam-2-in-1-473-ml\\\/#breadcrumb\"},\"inLanguage\":\"ro-RO\",\"potentialAction\":[{\"@type\":\"ReadAction\",\"target\":[\"https:\\\/\\\/shopatoa.com\\\/ro\\\/john-masters-organics-scalp-2-in-1-shampoo-with-zinc-sage-sampon-si-balsam-2-in-1-473-ml\\\/\"]}]},{\"@type\":\"ImageObject\",\"inLanguage\":\"ro-RO\",\"@id\":\"https:\\\/\\\/shopatoa.com\\\/ro\\\/john-masters-organics-scalp-2-in-1-shampoo-with-zinc-sage-sampon-si-balsam-2-in-1-473-ml\\\/#primaryimage\",\"url\":\"https:\\\/\\\/storage.googleapis.com\\\/cz-shopatoa-img\\\/ro\\\/a1eca0cc-unnamed-file.webp\",\"contentUrl\":\"https:\\\/\\\/storage.googleapis.com\\\/cz-shopatoa-img\\\/ro\\\/a1eca0cc-unnamed-file.webp\",\"width\":800,\"height\":800},{\"@type\":\"BreadcrumbList\",\"@id\":\"https:\\\/\\\/shopatoa.com\\\/ro\\\/john-masters-organics-scalp-2-in-1-shampoo-with-zinc-sage-sampon-si-balsam-2-in-1-473-ml\\\/#breadcrumb\",\"itemListElement\":[{\"@type\":\"ListItem\",\"position\":1,\"name\":\"Dom\u016f\",\"item\":\"https:\\\/\\\/shopatoa.com\\\/ro\\\/\"},{\"@type\":\"ListItem\",\"position\":2,\"name\":\"Shop\",\"item\":\"https:\\\/\\\/shopatoa.com\\\/ro\\\/shop\\\/\"},{\"@type\":\"ListItem\",\"position\":3,\"name\":\"S\u0103n\u0103tate \u0219i frumuse\u021be\",\"item\":\"https:\\\/\\\/shopatoa.com\\\/ro\\\/sanatate-si-frumusete\\\/\"},{\"@type\":\"ListItem\",\"position\":4,\"name\":\"\u00cengrijire personal\u0103\",\"item\":\"https:\\\/\\\/shopatoa.com\\\/ro\\\/ingrijire-personala\\\/\"},{\"@type\":\"ListItem\",\"position\":5,\"name\":\"\u00cengrijirea p\u0103rului\",\"item\":\"https:\\\/\\\/shopatoa.com\\\/ro\\\/ingrijirea-parului\\\/\"},{\"@type\":\"ListItem\",\"position\":6,\"name\":\"John Masters Organics Scalp 2 in 1 Shampoo with Zinc &#038; Sage sampon si balsam 2 in 1 473 ml\"}]},{\"@type\":\"WebSite\",\"@id\":\"https:\\\/\\\/shopatoa.com\\\/ro\\\/#website\",\"url\":\"https:\\\/\\\/shopatoa.com\\\/ro\\\/\",\"name\":\"SHOPATOA\",\"description\":\"\",\"publisher\":{\"@id\":\"https:\\\/\\\/shopatoa.com\\\/ro\\\/#organization\"},\"potentialAction\":[{\"@type\":\"SearchAction\",\"target\":{\"@type\":\"EntryPoint\",\"urlTemplate\":\"https:\\\/\\\/shopatoa.com\\\/ro\\\/?s={search_term_string}\"},\"query-input\":{\"@type\":\"PropertyValueSpecification\",\"valueRequired\":true,\"valueName\":\"search_term_string\"}}],\"inLanguage\":\"ro-RO\"},{\"@type\":\"Organization\",\"@id\":\"https:\\\/\\\/shopatoa.com\\\/ro\\\/#organization\",\"name\":\"SHOPATOA\",\"url\":\"https:\\\/\\\/shopatoa.com\\\/ro\\\/\",\"logo\":{\"@type\":\"ImageObject\",\"inLanguage\":\"ro-RO\",\"@id\":\"https:\\\/\\\/shopatoa.com\\\/ro\\\/#\\\/schema\\\/logo\\\/image\\\/\",\"url\":\"https:\\\/\\\/storage.googleapis.com\\\/cz-shopatoa-img\\\/ro\\\/b4dac915-shopatoa_logo.png\",\"contentUrl\":\"https:\\\/\\\/storage.googleapis.com\\\/cz-shopatoa-img\\\/ro\\\/b4dac915-shopatoa_logo.png\",\"width\":416,\"height\":63,\"caption\":\"SHOPATOA\"},\"image\":{\"@id\":\"https:\\\/\\\/shopatoa.com\\\/ro\\\/#\\\/schema\\\/logo\\\/image\\\/\"}}]}<\/script>\n<!-- \/ Yoast SEO plugin. -->","yoast_head_json":{"title":"John Masters Organics Scalp 2 in 1 Shampoo with Zinc & Sage sampon si balsam 2 in 1 473 ml - SHOPATOA.COM","robots":{"index":"index","follow":"follow","max-snippet":"max-snippet:-1","max-image-preview":"max-image-preview:large","max-video-preview":"max-video-preview:-1"},"canonical":"https:\/\/shopatoa.com\/ro\/john-masters-organics-scalp-2-in-1-shampoo-with-zinc-sage-sampon-si-balsam-2-in-1-473-ml\/","og_locale":"ro_RO","og_type":"article","og_title":"John Masters Organics Scalp 2 in 1 Shampoo with Zinc & Sage sampon si balsam 2 in 1 473 ml - SHOPATOA.COM","og_description":"John Masters Organics Scalp 2 in 1 Shampoo with Zinc &#038; Sage, 473 ml, \u0218ampon \u0219i balsam 2 \u00een 1 pentru femei, Uita\u021bi de orele \u00een \u0219ir petrecute \u00een baie. \u0218amponul \u0219i balsamul 2 \u00een 1 John Masters Organics Scalp 2 in 1 Shampoo with Zinc &#038; Sage combin\u0103 puterea a dou\u0103 produse \u00eentr-unul singur,...","og_url":"https:\/\/shopatoa.com\/ro\/john-masters-organics-scalp-2-in-1-shampoo-with-zinc-sage-sampon-si-balsam-2-in-1-473-ml\/","og_site_name":"SHOPATOA","article_modified_time":"2025-10-08T16:21:40+00:00","og_image":[{"width":800,"height":800,"url":"https:\/\/storage.googleapis.com\/cz-shopatoa-img\/ro\/a1eca0cc-unnamed-file.webp","type":"image\/webp"}],"twitter_card":"summary_large_image","twitter_misc":{"Timp estimat pentru citire":"1 minut"},"schema":{"@context":"https:\/\/schema.org","@graph":[{"@type":"WebPage","@id":"https:\/\/shopatoa.com\/ro\/john-masters-organics-scalp-2-in-1-shampoo-with-zinc-sage-sampon-si-balsam-2-in-1-473-ml\/","url":"https:\/\/shopatoa.com\/ro\/john-masters-organics-scalp-2-in-1-shampoo-with-zinc-sage-sampon-si-balsam-2-in-1-473-ml\/","name":"John Masters Organics Scalp 2 in 1 Shampoo with Zinc & Sage sampon si balsam 2 in 1 473 ml - SHOPATOA.COM","isPartOf":{"@id":"https:\/\/shopatoa.com\/ro\/#website"},"primaryImageOfPage":{"@id":"https:\/\/shopatoa.com\/ro\/john-masters-organics-scalp-2-in-1-shampoo-with-zinc-sage-sampon-si-balsam-2-in-1-473-ml\/#primaryimage"},"image":{"@id":"https:\/\/shopatoa.com\/ro\/john-masters-organics-scalp-2-in-1-shampoo-with-zinc-sage-sampon-si-balsam-2-in-1-473-ml\/#primaryimage"},"thumbnailUrl":"https:\/\/storage.googleapis.com\/cz-shopatoa-img\/ro\/a1eca0cc-unnamed-file.webp","datePublished":"2025-06-16T09:04:34+00:00","dateModified":"2025-10-08T16:21:40+00:00","breadcrumb":{"@id":"https:\/\/shopatoa.com\/ro\/john-masters-organics-scalp-2-in-1-shampoo-with-zinc-sage-sampon-si-balsam-2-in-1-473-ml\/#breadcrumb"},"inLanguage":"ro-RO","potentialAction":[{"@type":"ReadAction","target":["https:\/\/shopatoa.com\/ro\/john-masters-organics-scalp-2-in-1-shampoo-with-zinc-sage-sampon-si-balsam-2-in-1-473-ml\/"]}]},{"@type":"ImageObject","inLanguage":"ro-RO","@id":"https:\/\/shopatoa.com\/ro\/john-masters-organics-scalp-2-in-1-shampoo-with-zinc-sage-sampon-si-balsam-2-in-1-473-ml\/#primaryimage","url":"https:\/\/storage.googleapis.com\/cz-shopatoa-img\/ro\/a1eca0cc-unnamed-file.webp","contentUrl":"https:\/\/storage.googleapis.com\/cz-shopatoa-img\/ro\/a1eca0cc-unnamed-file.webp","width":800,"height":800},{"@type":"BreadcrumbList","@id":"https:\/\/shopatoa.com\/ro\/john-masters-organics-scalp-2-in-1-shampoo-with-zinc-sage-sampon-si-balsam-2-in-1-473-ml\/#breadcrumb","itemListElement":[{"@type":"ListItem","position":1,"name":"Dom\u016f","item":"https:\/\/shopatoa.com\/ro\/"},{"@type":"ListItem","position":2,"name":"Shop","item":"https:\/\/shopatoa.com\/ro\/shop\/"},{"@type":"ListItem","position":3,"name":"S\u0103n\u0103tate \u0219i frumuse\u021be","item":"https:\/\/shopatoa.com\/ro\/sanatate-si-frumusete\/"},{"@type":"ListItem","position":4,"name":"\u00cengrijire personal\u0103","item":"https:\/\/shopatoa.com\/ro\/ingrijire-personala\/"},{"@type":"ListItem","position":5,"name":"\u00cengrijirea p\u0103rului","item":"https:\/\/shopatoa.com\/ro\/ingrijirea-parului\/"},{"@type":"ListItem","position":6,"name":"John Masters Organics Scalp 2 in 1 Shampoo with Zinc &#038; Sage sampon si balsam 2 in 1 473 ml"}]},{"@type":"WebSite","@id":"https:\/\/shopatoa.com\/ro\/#website","url":"https:\/\/shopatoa.com\/ro\/","name":"SHOPATOA","description":"","publisher":{"@id":"https:\/\/shopatoa.com\/ro\/#organization"},"potentialAction":[{"@type":"SearchAction","target":{"@type":"EntryPoint","urlTemplate":"https:\/\/shopatoa.com\/ro\/?s={search_term_string}"},"query-input":{"@type":"PropertyValueSpecification","valueRequired":true,"valueName":"search_term_string"}}],"inLanguage":"ro-RO"},{"@type":"Organization","@id":"https:\/\/shopatoa.com\/ro\/#organization","name":"SHOPATOA","url":"https:\/\/shopatoa.com\/ro\/","logo":{"@type":"ImageObject","inLanguage":"ro-RO","@id":"https:\/\/shopatoa.com\/ro\/#\/schema\/logo\/image\/","url":"https:\/\/storage.googleapis.com\/cz-shopatoa-img\/ro\/b4dac915-shopatoa_logo.png","contentUrl":"https:\/\/storage.googleapis.com\/cz-shopatoa-img\/ro\/b4dac915-shopatoa_logo.png","width":416,"height":63,"caption":"SHOPATOA"},"image":{"@id":"https:\/\/shopatoa.com\/ro\/#\/schema\/logo\/image\/"}}]}},"_links":{"self":[{"href":"https:\/\/shopatoa.com\/ro\/wp-json\/wp\/v2\/product\/384602","targetHints":{"allow":["GET"]}}],"collection":[{"href":"https:\/\/shopatoa.com\/ro\/wp-json\/wp\/v2\/product"}],"about":[{"href":"https:\/\/shopatoa.com\/ro\/wp-json\/wp\/v2\/types\/product"}],"replies":[{"embeddable":true,"href":"https:\/\/shopatoa.com\/ro\/wp-json\/wp\/v2\/comments?post=384602"}],"wp:featuredmedia":[{"embeddable":true,"href":"https:\/\/shopatoa.com\/ro\/wp-json\/wp\/v2\/media\/384603"}],"wp:attachment":[{"href":"https:\/\/shopatoa.com\/ro\/wp-json\/wp\/v2\/media?parent=384602"}],"wp:term":[{"taxonomy":"product_brand","embeddable":true,"href":"https:\/\/shopatoa.com\/ro\/wp-json\/wp\/v2\/product_brand?post=384602"},{"taxonomy":"product_cat","embeddable":true,"href":"https:\/\/shopatoa.com\/ro\/wp-json\/wp\/v2\/product_cat?post=384602"},{"taxonomy":"product_tag","embeddable":true,"href":"https:\/\/shopatoa.com\/ro\/wp-json\/wp\/v2\/product_tag?post=384602"}],"curies":[{"name":"wp","href":"https:\/\/api.w.org\/{rel}","templated":true}]}}