{"id":384636,"date":"2025-06-16T11:06:30","date_gmt":"2025-06-16T09:06:30","guid":{"rendered":"https:\/\/shopatoa.com\/ro\/kiss-impress-bare-but-better-unghii-artificiale-autoadeziv-instinct-30-buc\/"},"modified":"2025-12-13T04:45:44","modified_gmt":"2025-12-13T03:45:44","slug":"kiss-impress-bare-but-better-unghii-artificiale-autoadeziv-instinct-30-buc","status":"publish","type":"product","link":"https:\/\/shopatoa.com\/ro\/kiss-impress-bare-but-better-unghii-artificiale-autoadeziv-instinct-30-buc\/","title":{"rendered":"KISS imPRESS Bare but Better unghii artificiale autoadeziv Instinct 30 buc"},"content":{"rendered":"<p>KISS imPRESS Bare but Better, 30 buc, Manichiur\u0103 \u0219i pile de unghii pentru femei, Sunte\u021bi adepta manichiurii de precizie, dar simple? Atunci, ve\u021bi aprecia aplicarea u\u0219oar\u0103 pe care v-o ofer\u0103 unghiile false KISS imPRESS Bare but Better . V\u0103 permit s\u0103 crea\u021bi foarte rapid \u0219i \u00een confortul de acas\u0103 o manichiur\u0103 frumoas\u0103 ca de un profesionist. Vor oferi m\u00e2inilor dvs. un aspect sofisticat care va fi potrivit pentru o mul\u021bime de ocazii diferite. \u00cen plus, manichiura creat\u0103 va rezista \u00een stare perfect\u0103 mai mult dec\u00e2t una ob\u021binut\u0103 cu ajutorul ojelor obi\u0219nuite. Trebuie doar s\u0103 lipi\u021bi unghiile \u00een func\u021bie de dimensiune \u0219i gata: ave\u021bi o manichiur\u0103 ca din salon!  Caracteristici:  aplicarea lor nu necesit\u0103 adeziv, av\u00e2nd propriul lor strat autoadeziv cu efect de unghii cu gel pentru utilizare repetat\u0103 nu deterioreaz\u0103 unghiile naturale  Cum se utilizeaz\u0103: Se vor urma instruc\u021biunile de utilizare incluse. \u00cempinge\u021bi cuticula sau \u00eendep\u0103rta\u021bi-o cu grij\u0103 cu ajutorul unei forfecu\u021be sau a unui cle\u0219te pentru cuticule. Ap\u0103sa\u021bi ferm unghia fals\u0103 pe unghia dvs. \u2013 mai \u00eent\u00e2i pe centru, apoi pe laterale. \u021aine\u021bi fiecare unghie timp de cel pu\u021bin 30 secunde.<\/p>\n","protected":false},"excerpt":{"rendered":"<p>KISS imPRESS Bare but Better, 30 buc, Manichiur\u0103 \u0219i pile de unghii pentru femei, Sunte\u021bi adepta manichiurii de precizie, dar simple? Atunci, ve\u021bi aprecia aplicarea u\u0219oar\u0103 pe care v-o ofer\u0103 unghiile false KISS imPRESS Bare but Better . V\u0103 permit s\u0103 crea\u021bi foarte rapid \u0219i \u00een confortul de acas\u0103 o manichiur\u0103 frumoas\u0103 ca de un&#8230;<\/p>\n","protected":false},"featured_media":384637,"comment_status":"closed","ping_status":"open","template":"","meta":{"_acf_changed":false,"_kadence_starter_templates_imported_post":false,"_kad_post_transparent":"","_kad_post_title":"","_kad_post_layout":"","_kad_post_sidebar_id":"","_kad_post_content_style":"","_kad_post_vertical_padding":"","_kad_post_feature":"","_kad_post_feature_position":"","_kad_post_header":false,"_kad_post_footer":false,"_kad_post_classname":""},"product_brand":[398],"product_cat":[1564,1563,1581,1562],"product_tag":[],"class_list":{"0":"post-384636","1":"product","2":"type-product","3":"status-publish","4":"has-post-thumbnail","6":"product_brand-kiss","7":"product_cat-cosmetice-ingrijire-personala","8":"product_cat-ingrijire-personala","9":"product_cat-ingrijirea-unghiilor","10":"product_cat-sanatate-si-frumusete","11":"pa_gen-female","12":"pa_marime-30-buc","14":"first","15":"instock","16":"sale","17":"product-type-external","18":"entry","19":"content-bg","20":"loop-entry"},"acf":[],"yoast_head":"<!-- This site is optimized with the Yoast SEO plugin v27.4 - https:\/\/yoast.com\/product\/yoast-seo-wordpress\/ -->\n<title>KISS imPRESS Bare but Better unghii artificiale autoadeziv Instinct 30 buc - SHOPATOA.COM<\/title>\n<meta name=\"robots\" content=\"index, follow, max-snippet:-1, max-image-preview:large, max-video-preview:-1\" \/>\n<link rel=\"canonical\" href=\"https:\/\/shopatoa.com\/ro\/kiss-impress-bare-but-better-unghii-artificiale-autoadeziv-instinct-30-buc\/\" \/>\n<meta property=\"og:locale\" content=\"ro_RO\" \/>\n<meta property=\"og:type\" content=\"article\" \/>\n<meta property=\"og:title\" content=\"KISS imPRESS Bare but Better unghii artificiale autoadeziv Instinct 30 buc - SHOPATOA.COM\" \/>\n<meta property=\"og:description\" content=\"KISS imPRESS Bare but Better, 30 buc, Manichiur\u0103 \u0219i pile de unghii pentru femei, Sunte\u021bi adepta manichiurii de precizie, dar simple? Atunci, ve\u021bi aprecia aplicarea u\u0219oar\u0103 pe care v-o ofer\u0103 unghiile false KISS imPRESS Bare but Better . V\u0103 permit s\u0103 crea\u021bi foarte rapid \u0219i \u00een confortul de acas\u0103 o manichiur\u0103 frumoas\u0103 ca de un...\" \/>\n<meta property=\"og:url\" content=\"https:\/\/shopatoa.com\/ro\/kiss-impress-bare-but-better-unghii-artificiale-autoadeziv-instinct-30-buc\/\" \/>\n<meta property=\"og:site_name\" content=\"SHOPATOA\" \/>\n<meta property=\"article:modified_time\" content=\"2025-12-13T03:45:44+00:00\" \/>\n<meta property=\"og:image\" content=\"https:\/\/storage.googleapis.com\/cz-shopatoa-img\/ro\/8ec909d4-unnamed-file.webp\" \/>\n\t<meta property=\"og:image:width\" content=\"800\" \/>\n\t<meta property=\"og:image:height\" content=\"800\" \/>\n\t<meta property=\"og:image:type\" content=\"image\/webp\" \/>\n<meta name=\"twitter:card\" content=\"summary_large_image\" \/>\n<meta name=\"twitter:label1\" content=\"Timp estimat pentru citire\" \/>\n\t<meta name=\"twitter:data1\" content=\"1 minut\" \/>\n<script type=\"application\/ld+json\" class=\"yoast-schema-graph\">{\"@context\":\"https:\\\/\\\/schema.org\",\"@graph\":[{\"@type\":\"WebPage\",\"@id\":\"https:\\\/\\\/shopatoa.com\\\/ro\\\/kiss-impress-bare-but-better-unghii-artificiale-autoadeziv-instinct-30-buc\\\/\",\"url\":\"https:\\\/\\\/shopatoa.com\\\/ro\\\/kiss-impress-bare-but-better-unghii-artificiale-autoadeziv-instinct-30-buc\\\/\",\"name\":\"KISS imPRESS Bare but Better unghii artificiale autoadeziv Instinct 30 buc - SHOPATOA.COM\",\"isPartOf\":{\"@id\":\"https:\\\/\\\/shopatoa.com\\\/ro\\\/#website\"},\"primaryImageOfPage\":{\"@id\":\"https:\\\/\\\/shopatoa.com\\\/ro\\\/kiss-impress-bare-but-better-unghii-artificiale-autoadeziv-instinct-30-buc\\\/#primaryimage\"},\"image\":{\"@id\":\"https:\\\/\\\/shopatoa.com\\\/ro\\\/kiss-impress-bare-but-better-unghii-artificiale-autoadeziv-instinct-30-buc\\\/#primaryimage\"},\"thumbnailUrl\":\"https:\\\/\\\/storage.googleapis.com\\\/cz-shopatoa-img\\\/ro\\\/8ec909d4-unnamed-file.webp\",\"datePublished\":\"2025-06-16T09:06:30+00:00\",\"dateModified\":\"2025-12-13T03:45:44+00:00\",\"breadcrumb\":{\"@id\":\"https:\\\/\\\/shopatoa.com\\\/ro\\\/kiss-impress-bare-but-better-unghii-artificiale-autoadeziv-instinct-30-buc\\\/#breadcrumb\"},\"inLanguage\":\"ro-RO\",\"potentialAction\":[{\"@type\":\"ReadAction\",\"target\":[\"https:\\\/\\\/shopatoa.com\\\/ro\\\/kiss-impress-bare-but-better-unghii-artificiale-autoadeziv-instinct-30-buc\\\/\"]}]},{\"@type\":\"ImageObject\",\"inLanguage\":\"ro-RO\",\"@id\":\"https:\\\/\\\/shopatoa.com\\\/ro\\\/kiss-impress-bare-but-better-unghii-artificiale-autoadeziv-instinct-30-buc\\\/#primaryimage\",\"url\":\"https:\\\/\\\/storage.googleapis.com\\\/cz-shopatoa-img\\\/ro\\\/8ec909d4-unnamed-file.webp\",\"contentUrl\":\"https:\\\/\\\/storage.googleapis.com\\\/cz-shopatoa-img\\\/ro\\\/8ec909d4-unnamed-file.webp\",\"width\":800,\"height\":800},{\"@type\":\"BreadcrumbList\",\"@id\":\"https:\\\/\\\/shopatoa.com\\\/ro\\\/kiss-impress-bare-but-better-unghii-artificiale-autoadeziv-instinct-30-buc\\\/#breadcrumb\",\"itemListElement\":[{\"@type\":\"ListItem\",\"position\":1,\"name\":\"Dom\u016f\",\"item\":\"https:\\\/\\\/shopatoa.com\\\/ro\\\/\"},{\"@type\":\"ListItem\",\"position\":2,\"name\":\"Shop\",\"item\":\"https:\\\/\\\/shopatoa.com\\\/ro\\\/shop\\\/\"},{\"@type\":\"ListItem\",\"position\":3,\"name\":\"S\u0103n\u0103tate \u0219i frumuse\u021be\",\"item\":\"https:\\\/\\\/shopatoa.com\\\/ro\\\/sanatate-si-frumusete\\\/\"},{\"@type\":\"ListItem\",\"position\":4,\"name\":\"\u00cengrijire personal\u0103\",\"item\":\"https:\\\/\\\/shopatoa.com\\\/ro\\\/ingrijire-personala\\\/\"},{\"@type\":\"ListItem\",\"position\":5,\"name\":\"Cosmetice\",\"item\":\"https:\\\/\\\/shopatoa.com\\\/ro\\\/cosmetice-ingrijire-personala\\\/\"},{\"@type\":\"ListItem\",\"position\":6,\"name\":\"\u00cengrijirea unghiilor\",\"item\":\"https:\\\/\\\/shopatoa.com\\\/ro\\\/ingrijirea-unghiilor\\\/\"},{\"@type\":\"ListItem\",\"position\":7,\"name\":\"KISS imPRESS Bare but Better unghii artificiale autoadeziv Instinct 30 buc\"}]},{\"@type\":\"WebSite\",\"@id\":\"https:\\\/\\\/shopatoa.com\\\/ro\\\/#website\",\"url\":\"https:\\\/\\\/shopatoa.com\\\/ro\\\/\",\"name\":\"SHOPATOA\",\"description\":\"\",\"publisher\":{\"@id\":\"https:\\\/\\\/shopatoa.com\\\/ro\\\/#organization\"},\"potentialAction\":[{\"@type\":\"SearchAction\",\"target\":{\"@type\":\"EntryPoint\",\"urlTemplate\":\"https:\\\/\\\/shopatoa.com\\\/ro\\\/?s={search_term_string}\"},\"query-input\":{\"@type\":\"PropertyValueSpecification\",\"valueRequired\":true,\"valueName\":\"search_term_string\"}}],\"inLanguage\":\"ro-RO\"},{\"@type\":\"Organization\",\"@id\":\"https:\\\/\\\/shopatoa.com\\\/ro\\\/#organization\",\"name\":\"SHOPATOA\",\"url\":\"https:\\\/\\\/shopatoa.com\\\/ro\\\/\",\"logo\":{\"@type\":\"ImageObject\",\"inLanguage\":\"ro-RO\",\"@id\":\"https:\\\/\\\/shopatoa.com\\\/ro\\\/#\\\/schema\\\/logo\\\/image\\\/\",\"url\":\"https:\\\/\\\/storage.googleapis.com\\\/cz-shopatoa-img\\\/ro\\\/b4dac915-shopatoa_logo.png\",\"contentUrl\":\"https:\\\/\\\/storage.googleapis.com\\\/cz-shopatoa-img\\\/ro\\\/b4dac915-shopatoa_logo.png\",\"width\":416,\"height\":63,\"caption\":\"SHOPATOA\"},\"image\":{\"@id\":\"https:\\\/\\\/shopatoa.com\\\/ro\\\/#\\\/schema\\\/logo\\\/image\\\/\"}}]}<\/script>\n<!-- \/ Yoast SEO plugin. -->","yoast_head_json":{"title":"KISS imPRESS Bare but Better unghii artificiale autoadeziv Instinct 30 buc - SHOPATOA.COM","robots":{"index":"index","follow":"follow","max-snippet":"max-snippet:-1","max-image-preview":"max-image-preview:large","max-video-preview":"max-video-preview:-1"},"canonical":"https:\/\/shopatoa.com\/ro\/kiss-impress-bare-but-better-unghii-artificiale-autoadeziv-instinct-30-buc\/","og_locale":"ro_RO","og_type":"article","og_title":"KISS imPRESS Bare but Better unghii artificiale autoadeziv Instinct 30 buc - SHOPATOA.COM","og_description":"KISS imPRESS Bare but Better, 30 buc, Manichiur\u0103 \u0219i pile de unghii pentru femei, Sunte\u021bi adepta manichiurii de precizie, dar simple? Atunci, ve\u021bi aprecia aplicarea u\u0219oar\u0103 pe care v-o ofer\u0103 unghiile false KISS imPRESS Bare but Better . V\u0103 permit s\u0103 crea\u021bi foarte rapid \u0219i \u00een confortul de acas\u0103 o manichiur\u0103 frumoas\u0103 ca de un...","og_url":"https:\/\/shopatoa.com\/ro\/kiss-impress-bare-but-better-unghii-artificiale-autoadeziv-instinct-30-buc\/","og_site_name":"SHOPATOA","article_modified_time":"2025-12-13T03:45:44+00:00","og_image":[{"width":800,"height":800,"url":"https:\/\/storage.googleapis.com\/cz-shopatoa-img\/ro\/8ec909d4-unnamed-file.webp","type":"image\/webp"}],"twitter_card":"summary_large_image","twitter_misc":{"Timp estimat pentru citire":"1 minut"},"schema":{"@context":"https:\/\/schema.org","@graph":[{"@type":"WebPage","@id":"https:\/\/shopatoa.com\/ro\/kiss-impress-bare-but-better-unghii-artificiale-autoadeziv-instinct-30-buc\/","url":"https:\/\/shopatoa.com\/ro\/kiss-impress-bare-but-better-unghii-artificiale-autoadeziv-instinct-30-buc\/","name":"KISS imPRESS Bare but Better unghii artificiale autoadeziv Instinct 30 buc - SHOPATOA.COM","isPartOf":{"@id":"https:\/\/shopatoa.com\/ro\/#website"},"primaryImageOfPage":{"@id":"https:\/\/shopatoa.com\/ro\/kiss-impress-bare-but-better-unghii-artificiale-autoadeziv-instinct-30-buc\/#primaryimage"},"image":{"@id":"https:\/\/shopatoa.com\/ro\/kiss-impress-bare-but-better-unghii-artificiale-autoadeziv-instinct-30-buc\/#primaryimage"},"thumbnailUrl":"https:\/\/storage.googleapis.com\/cz-shopatoa-img\/ro\/8ec909d4-unnamed-file.webp","datePublished":"2025-06-16T09:06:30+00:00","dateModified":"2025-12-13T03:45:44+00:00","breadcrumb":{"@id":"https:\/\/shopatoa.com\/ro\/kiss-impress-bare-but-better-unghii-artificiale-autoadeziv-instinct-30-buc\/#breadcrumb"},"inLanguage":"ro-RO","potentialAction":[{"@type":"ReadAction","target":["https:\/\/shopatoa.com\/ro\/kiss-impress-bare-but-better-unghii-artificiale-autoadeziv-instinct-30-buc\/"]}]},{"@type":"ImageObject","inLanguage":"ro-RO","@id":"https:\/\/shopatoa.com\/ro\/kiss-impress-bare-but-better-unghii-artificiale-autoadeziv-instinct-30-buc\/#primaryimage","url":"https:\/\/storage.googleapis.com\/cz-shopatoa-img\/ro\/8ec909d4-unnamed-file.webp","contentUrl":"https:\/\/storage.googleapis.com\/cz-shopatoa-img\/ro\/8ec909d4-unnamed-file.webp","width":800,"height":800},{"@type":"BreadcrumbList","@id":"https:\/\/shopatoa.com\/ro\/kiss-impress-bare-but-better-unghii-artificiale-autoadeziv-instinct-30-buc\/#breadcrumb","itemListElement":[{"@type":"ListItem","position":1,"name":"Dom\u016f","item":"https:\/\/shopatoa.com\/ro\/"},{"@type":"ListItem","position":2,"name":"Shop","item":"https:\/\/shopatoa.com\/ro\/shop\/"},{"@type":"ListItem","position":3,"name":"S\u0103n\u0103tate \u0219i frumuse\u021be","item":"https:\/\/shopatoa.com\/ro\/sanatate-si-frumusete\/"},{"@type":"ListItem","position":4,"name":"\u00cengrijire personal\u0103","item":"https:\/\/shopatoa.com\/ro\/ingrijire-personala\/"},{"@type":"ListItem","position":5,"name":"Cosmetice","item":"https:\/\/shopatoa.com\/ro\/cosmetice-ingrijire-personala\/"},{"@type":"ListItem","position":6,"name":"\u00cengrijirea unghiilor","item":"https:\/\/shopatoa.com\/ro\/ingrijirea-unghiilor\/"},{"@type":"ListItem","position":7,"name":"KISS imPRESS Bare but Better unghii artificiale autoadeziv Instinct 30 buc"}]},{"@type":"WebSite","@id":"https:\/\/shopatoa.com\/ro\/#website","url":"https:\/\/shopatoa.com\/ro\/","name":"SHOPATOA","description":"","publisher":{"@id":"https:\/\/shopatoa.com\/ro\/#organization"},"potentialAction":[{"@type":"SearchAction","target":{"@type":"EntryPoint","urlTemplate":"https:\/\/shopatoa.com\/ro\/?s={search_term_string}"},"query-input":{"@type":"PropertyValueSpecification","valueRequired":true,"valueName":"search_term_string"}}],"inLanguage":"ro-RO"},{"@type":"Organization","@id":"https:\/\/shopatoa.com\/ro\/#organization","name":"SHOPATOA","url":"https:\/\/shopatoa.com\/ro\/","logo":{"@type":"ImageObject","inLanguage":"ro-RO","@id":"https:\/\/shopatoa.com\/ro\/#\/schema\/logo\/image\/","url":"https:\/\/storage.googleapis.com\/cz-shopatoa-img\/ro\/b4dac915-shopatoa_logo.png","contentUrl":"https:\/\/storage.googleapis.com\/cz-shopatoa-img\/ro\/b4dac915-shopatoa_logo.png","width":416,"height":63,"caption":"SHOPATOA"},"image":{"@id":"https:\/\/shopatoa.com\/ro\/#\/schema\/logo\/image\/"}}]}},"_links":{"self":[{"href":"https:\/\/shopatoa.com\/ro\/wp-json\/wp\/v2\/product\/384636","targetHints":{"allow":["GET"]}}],"collection":[{"href":"https:\/\/shopatoa.com\/ro\/wp-json\/wp\/v2\/product"}],"about":[{"href":"https:\/\/shopatoa.com\/ro\/wp-json\/wp\/v2\/types\/product"}],"replies":[{"embeddable":true,"href":"https:\/\/shopatoa.com\/ro\/wp-json\/wp\/v2\/comments?post=384636"}],"wp:featuredmedia":[{"embeddable":true,"href":"https:\/\/shopatoa.com\/ro\/wp-json\/wp\/v2\/media\/384637"}],"wp:attachment":[{"href":"https:\/\/shopatoa.com\/ro\/wp-json\/wp\/v2\/media?parent=384636"}],"wp:term":[{"taxonomy":"product_brand","embeddable":true,"href":"https:\/\/shopatoa.com\/ro\/wp-json\/wp\/v2\/product_brand?post=384636"},{"taxonomy":"product_cat","embeddable":true,"href":"https:\/\/shopatoa.com\/ro\/wp-json\/wp\/v2\/product_cat?post=384636"},{"taxonomy":"product_tag","embeddable":true,"href":"https:\/\/shopatoa.com\/ro\/wp-json\/wp\/v2\/product_tag?post=384636"}],"curies":[{"name":"wp","href":"https:\/\/api.w.org\/{rel}","templated":true}]}}