{"id":384734,"date":"2025-06-16T11:15:08","date_gmt":"2025-06-16T09:15:08","guid":{"rendered":"https:\/\/shopatoa.com\/ro\/notino-makeup-brushes-advanced-professional-make-up-brush-set-set-de-pensule-cu-husa\/"},"modified":"2025-12-13T04:15:10","modified_gmt":"2025-12-13T03:15:10","slug":"notino-makeup-brushes-advanced-professional-make-up-brush-set-set-de-pensule-cu-husa","status":"publish","type":"product","link":"https:\/\/shopatoa.com\/ro\/notino-makeup-brushes-advanced-professional-make-up-brush-set-set-de-pensule-cu-husa\/","title":{"rendered":"Notino Makeup Brushes Advanced Professional Make-Up Brush Set set de pensule cu hus\u0103"},"content":{"rendered":"<p>Notino Makeup Brushes Advanced Professional Make-Up Brush Set, 10 buc, Set de pensule pentru machiaj pentru femei, Make-up arti\u0219tii profesioni\u0219ti nu se pot lipsi de pensule de calitate atunci c\u00e2nd aplic\u0103 machiajul. Inspira\u021bi-v\u0103 din arta lor \u0219i da\u021bi o \u0219ans\u0103 pensulelor \u00een loc s\u0103 v\u0103 folosi\u021bi degetele. Setul de pensule NotinoMakeup BrushesAdvanced Professional Make-Up Brush Set v\u0103 va \u00eembun\u0103t\u0103\u021bi rutina de machiaj \u0219i v\u0103 va permite s\u0103 crea\u021bi orice look de zi sau de sear\u0103, ca din m\u00e2inile unui profesionist. Niciun machiaj nu va fi imposibil pentru dvs. datorit\u0103 acestui set, fie c\u0103 v\u0103 aranja\u021bi acas\u0103 sau \u00een deplas\u0103ri.  Setul con\u021bine:   Notino Makeup Brushes Professional Large Powder Make-Up Brush 101 pensula pentru aplicarea pudrei 1 buc  Notino Makeup Brushes Professional Domed Foundation Make-Up Brush 123 pensula pentru machiaj 1 buc  Notino Makeup Brushes Professional Angled Contour Make-Up Brush 141 perie de contur 1 buc  Notino Makeup Brushes Professional Domed Contour Make-Up Brush 142 perie de contur 1 buc  Notino Makeup Brushes Professional Angled Blush Make-Up Brush 161 pensula pentru aplicare fard obraz 1 buc  Notino Makeup Brushes Professional Tapered Concealer Make-Up Brush 181 pensula pentru corector 1 buc  Notino Makeup Brushes Professional Small Eyeshadow Shader Make-Up Brush 202 pensula pentru fard de ochi 1 buc  Notino Makeup Brushes Professional Angled Eyeshadow Shader Make-Up Brush 203 pensula pentru fard de ochi 1 buc  Notino Makeup Brushes Professional Eyeshadow Blending Make-Up Brush 205 pensula pentru fard de ochi 1 buc  Notino Makeup Brushes Professional Angled Eyeliner Make-Up Brush 251 pensula pentru eyeliner 1 buc   Caracteristici:  foarte potrivit ca un cadou bucur\u0103 orice femeie pensule pentru un machiaj perfect cu fire fine se \u021bine confortabil \u00een m\u00e2n\u0103<\/p>\n","protected":false},"excerpt":{"rendered":"<p>Notino Makeup Brushes Advanced Professional Make-Up Brush Set, 10 buc, Set de pensule pentru machiaj pentru femei, Make-up arti\u0219tii profesioni\u0219ti nu se pot lipsi de pensule de calitate atunci c\u00e2nd aplic\u0103 machiajul. Inspira\u021bi-v\u0103 din arta lor \u0219i da\u021bi o \u0219ans\u0103 pensulelor \u00een loc s\u0103 v\u0103 folosi\u021bi degetele. Setul de pensule NotinoMakeup BrushesAdvanced Professional Make-Up Brush&#8230;<\/p>\n","protected":false},"featured_media":384735,"comment_status":"closed","ping_status":"open","template":"","meta":{"_acf_changed":false,"_kadence_starter_templates_imported_post":false,"_kad_post_transparent":"","_kad_post_title":"","_kad_post_layout":"","_kad_post_sidebar_id":"","_kad_post_content_style":"","_kad_post_vertical_padding":"","_kad_post_feature":"","_kad_post_feature_position":"","_kad_post_header":false,"_kad_post_footer":false,"_kad_post_classname":""},"product_brand":[2009],"product_cat":[1564,1563,1562,1651],"product_tag":[],"class_list":{"0":"post-384734","1":"product","2":"type-product","3":"status-publish","4":"has-post-thumbnail","6":"product_brand-notino","7":"product_cat-cosmetice-ingrijire-personala","8":"product_cat-ingrijire-personala","9":"product_cat-sanatate-si-frumusete","10":"product_cat-seturi-cosmetice","11":"pa_gen-female","12":"pa_marime-10-buc","14":"first","15":"instock","16":"sale","17":"product-type-external","18":"entry","19":"content-bg","20":"loop-entry"},"acf":[],"yoast_head":"<!-- This site is optimized with the Yoast SEO plugin v27.4 - https:\/\/yoast.com\/product\/yoast-seo-wordpress\/ -->\n<title>Notino Makeup Brushes Advanced Professional Make-Up Brush Set set de pensule cu hus\u0103 - SHOPATOA.COM<\/title>\n<meta name=\"robots\" content=\"index, follow, max-snippet:-1, max-image-preview:large, max-video-preview:-1\" \/>\n<link rel=\"canonical\" href=\"https:\/\/shopatoa.com\/ro\/notino-makeup-brushes-advanced-professional-make-up-brush-set-set-de-pensule-cu-husa\/\" \/>\n<meta property=\"og:locale\" content=\"ro_RO\" \/>\n<meta property=\"og:type\" content=\"article\" \/>\n<meta property=\"og:title\" content=\"Notino Makeup Brushes Advanced Professional Make-Up Brush Set set de pensule cu hus\u0103 - SHOPATOA.COM\" \/>\n<meta property=\"og:description\" content=\"Notino Makeup Brushes Advanced Professional Make-Up Brush Set, 10 buc, Set de pensule pentru machiaj pentru femei, Make-up arti\u0219tii profesioni\u0219ti nu se pot lipsi de pensule de calitate atunci c\u00e2nd aplic\u0103 machiajul. Inspira\u021bi-v\u0103 din arta lor \u0219i da\u021bi o \u0219ans\u0103 pensulelor \u00een loc s\u0103 v\u0103 folosi\u021bi degetele. Setul de pensule NotinoMakeup BrushesAdvanced Professional Make-Up Brush...\" \/>\n<meta property=\"og:url\" content=\"https:\/\/shopatoa.com\/ro\/notino-makeup-brushes-advanced-professional-make-up-brush-set-set-de-pensule-cu-husa\/\" \/>\n<meta property=\"og:site_name\" content=\"SHOPATOA\" \/>\n<meta property=\"article:modified_time\" content=\"2025-12-13T03:15:10+00:00\" \/>\n<meta property=\"og:image\" content=\"https:\/\/storage.googleapis.com\/cz-shopatoa-img\/ro\/67ba0d24-unnamed-file.webp\" \/>\n\t<meta property=\"og:image:width\" content=\"800\" \/>\n\t<meta property=\"og:image:height\" content=\"800\" \/>\n\t<meta property=\"og:image:type\" content=\"image\/webp\" \/>\n<meta name=\"twitter:card\" content=\"summary_large_image\" \/>\n<meta name=\"twitter:label1\" content=\"Timp estimat pentru citire\" \/>\n\t<meta name=\"twitter:data1\" content=\"1 minut\" \/>\n<script type=\"application\/ld+json\" class=\"yoast-schema-graph\">{\"@context\":\"https:\\\/\\\/schema.org\",\"@graph\":[{\"@type\":\"WebPage\",\"@id\":\"https:\\\/\\\/shopatoa.com\\\/ro\\\/notino-makeup-brushes-advanced-professional-make-up-brush-set-set-de-pensule-cu-husa\\\/\",\"url\":\"https:\\\/\\\/shopatoa.com\\\/ro\\\/notino-makeup-brushes-advanced-professional-make-up-brush-set-set-de-pensule-cu-husa\\\/\",\"name\":\"Notino Makeup Brushes Advanced Professional Make-Up Brush Set set de pensule cu hus\u0103 - SHOPATOA.COM\",\"isPartOf\":{\"@id\":\"https:\\\/\\\/shopatoa.com\\\/ro\\\/#website\"},\"primaryImageOfPage\":{\"@id\":\"https:\\\/\\\/shopatoa.com\\\/ro\\\/notino-makeup-brushes-advanced-professional-make-up-brush-set-set-de-pensule-cu-husa\\\/#primaryimage\"},\"image\":{\"@id\":\"https:\\\/\\\/shopatoa.com\\\/ro\\\/notino-makeup-brushes-advanced-professional-make-up-brush-set-set-de-pensule-cu-husa\\\/#primaryimage\"},\"thumbnailUrl\":\"https:\\\/\\\/storage.googleapis.com\\\/cz-shopatoa-img\\\/ro\\\/67ba0d24-unnamed-file.webp\",\"datePublished\":\"2025-06-16T09:15:08+00:00\",\"dateModified\":\"2025-12-13T03:15:10+00:00\",\"breadcrumb\":{\"@id\":\"https:\\\/\\\/shopatoa.com\\\/ro\\\/notino-makeup-brushes-advanced-professional-make-up-brush-set-set-de-pensule-cu-husa\\\/#breadcrumb\"},\"inLanguage\":\"ro-RO\",\"potentialAction\":[{\"@type\":\"ReadAction\",\"target\":[\"https:\\\/\\\/shopatoa.com\\\/ro\\\/notino-makeup-brushes-advanced-professional-make-up-brush-set-set-de-pensule-cu-husa\\\/\"]}]},{\"@type\":\"ImageObject\",\"inLanguage\":\"ro-RO\",\"@id\":\"https:\\\/\\\/shopatoa.com\\\/ro\\\/notino-makeup-brushes-advanced-professional-make-up-brush-set-set-de-pensule-cu-husa\\\/#primaryimage\",\"url\":\"https:\\\/\\\/storage.googleapis.com\\\/cz-shopatoa-img\\\/ro\\\/67ba0d24-unnamed-file.webp\",\"contentUrl\":\"https:\\\/\\\/storage.googleapis.com\\\/cz-shopatoa-img\\\/ro\\\/67ba0d24-unnamed-file.webp\",\"width\":800,\"height\":800},{\"@type\":\"BreadcrumbList\",\"@id\":\"https:\\\/\\\/shopatoa.com\\\/ro\\\/notino-makeup-brushes-advanced-professional-make-up-brush-set-set-de-pensule-cu-husa\\\/#breadcrumb\",\"itemListElement\":[{\"@type\":\"ListItem\",\"position\":1,\"name\":\"Dom\u016f\",\"item\":\"https:\\\/\\\/shopatoa.com\\\/ro\\\/\"},{\"@type\":\"ListItem\",\"position\":2,\"name\":\"Shop\",\"item\":\"https:\\\/\\\/shopatoa.com\\\/ro\\\/shop\\\/\"},{\"@type\":\"ListItem\",\"position\":3,\"name\":\"S\u0103n\u0103tate \u0219i frumuse\u021be\",\"item\":\"https:\\\/\\\/shopatoa.com\\\/ro\\\/sanatate-si-frumusete\\\/\"},{\"@type\":\"ListItem\",\"position\":4,\"name\":\"\u00cengrijire personal\u0103\",\"item\":\"https:\\\/\\\/shopatoa.com\\\/ro\\\/ingrijire-personala\\\/\"},{\"@type\":\"ListItem\",\"position\":5,\"name\":\"Cosmetice\",\"item\":\"https:\\\/\\\/shopatoa.com\\\/ro\\\/cosmetice-ingrijire-personala\\\/\"},{\"@type\":\"ListItem\",\"position\":6,\"name\":\"Seturi cosmetice\",\"item\":\"https:\\\/\\\/shopatoa.com\\\/ro\\\/seturi-cosmetice\\\/\"},{\"@type\":\"ListItem\",\"position\":7,\"name\":\"Notino Makeup Brushes Advanced Professional Make-Up Brush Set set de pensule cu hus\u0103\"}]},{\"@type\":\"WebSite\",\"@id\":\"https:\\\/\\\/shopatoa.com\\\/ro\\\/#website\",\"url\":\"https:\\\/\\\/shopatoa.com\\\/ro\\\/\",\"name\":\"SHOPATOA\",\"description\":\"\",\"publisher\":{\"@id\":\"https:\\\/\\\/shopatoa.com\\\/ro\\\/#organization\"},\"potentialAction\":[{\"@type\":\"SearchAction\",\"target\":{\"@type\":\"EntryPoint\",\"urlTemplate\":\"https:\\\/\\\/shopatoa.com\\\/ro\\\/?s={search_term_string}\"},\"query-input\":{\"@type\":\"PropertyValueSpecification\",\"valueRequired\":true,\"valueName\":\"search_term_string\"}}],\"inLanguage\":\"ro-RO\"},{\"@type\":\"Organization\",\"@id\":\"https:\\\/\\\/shopatoa.com\\\/ro\\\/#organization\",\"name\":\"SHOPATOA\",\"url\":\"https:\\\/\\\/shopatoa.com\\\/ro\\\/\",\"logo\":{\"@type\":\"ImageObject\",\"inLanguage\":\"ro-RO\",\"@id\":\"https:\\\/\\\/shopatoa.com\\\/ro\\\/#\\\/schema\\\/logo\\\/image\\\/\",\"url\":\"https:\\\/\\\/storage.googleapis.com\\\/cz-shopatoa-img\\\/ro\\\/b4dac915-shopatoa_logo.png\",\"contentUrl\":\"https:\\\/\\\/storage.googleapis.com\\\/cz-shopatoa-img\\\/ro\\\/b4dac915-shopatoa_logo.png\",\"width\":416,\"height\":63,\"caption\":\"SHOPATOA\"},\"image\":{\"@id\":\"https:\\\/\\\/shopatoa.com\\\/ro\\\/#\\\/schema\\\/logo\\\/image\\\/\"}}]}<\/script>\n<!-- \/ Yoast SEO plugin. -->","yoast_head_json":{"title":"Notino Makeup Brushes Advanced Professional Make-Up Brush Set set de pensule cu hus\u0103 - SHOPATOA.COM","robots":{"index":"index","follow":"follow","max-snippet":"max-snippet:-1","max-image-preview":"max-image-preview:large","max-video-preview":"max-video-preview:-1"},"canonical":"https:\/\/shopatoa.com\/ro\/notino-makeup-brushes-advanced-professional-make-up-brush-set-set-de-pensule-cu-husa\/","og_locale":"ro_RO","og_type":"article","og_title":"Notino Makeup Brushes Advanced Professional Make-Up Brush Set set de pensule cu hus\u0103 - SHOPATOA.COM","og_description":"Notino Makeup Brushes Advanced Professional Make-Up Brush Set, 10 buc, Set de pensule pentru machiaj pentru femei, Make-up arti\u0219tii profesioni\u0219ti nu se pot lipsi de pensule de calitate atunci c\u00e2nd aplic\u0103 machiajul. Inspira\u021bi-v\u0103 din arta lor \u0219i da\u021bi o \u0219ans\u0103 pensulelor \u00een loc s\u0103 v\u0103 folosi\u021bi degetele. Setul de pensule NotinoMakeup BrushesAdvanced Professional Make-Up Brush...","og_url":"https:\/\/shopatoa.com\/ro\/notino-makeup-brushes-advanced-professional-make-up-brush-set-set-de-pensule-cu-husa\/","og_site_name":"SHOPATOA","article_modified_time":"2025-12-13T03:15:10+00:00","og_image":[{"width":800,"height":800,"url":"https:\/\/storage.googleapis.com\/cz-shopatoa-img\/ro\/67ba0d24-unnamed-file.webp","type":"image\/webp"}],"twitter_card":"summary_large_image","twitter_misc":{"Timp estimat pentru citire":"1 minut"},"schema":{"@context":"https:\/\/schema.org","@graph":[{"@type":"WebPage","@id":"https:\/\/shopatoa.com\/ro\/notino-makeup-brushes-advanced-professional-make-up-brush-set-set-de-pensule-cu-husa\/","url":"https:\/\/shopatoa.com\/ro\/notino-makeup-brushes-advanced-professional-make-up-brush-set-set-de-pensule-cu-husa\/","name":"Notino Makeup Brushes Advanced Professional Make-Up Brush Set set de pensule cu hus\u0103 - SHOPATOA.COM","isPartOf":{"@id":"https:\/\/shopatoa.com\/ro\/#website"},"primaryImageOfPage":{"@id":"https:\/\/shopatoa.com\/ro\/notino-makeup-brushes-advanced-professional-make-up-brush-set-set-de-pensule-cu-husa\/#primaryimage"},"image":{"@id":"https:\/\/shopatoa.com\/ro\/notino-makeup-brushes-advanced-professional-make-up-brush-set-set-de-pensule-cu-husa\/#primaryimage"},"thumbnailUrl":"https:\/\/storage.googleapis.com\/cz-shopatoa-img\/ro\/67ba0d24-unnamed-file.webp","datePublished":"2025-06-16T09:15:08+00:00","dateModified":"2025-12-13T03:15:10+00:00","breadcrumb":{"@id":"https:\/\/shopatoa.com\/ro\/notino-makeup-brushes-advanced-professional-make-up-brush-set-set-de-pensule-cu-husa\/#breadcrumb"},"inLanguage":"ro-RO","potentialAction":[{"@type":"ReadAction","target":["https:\/\/shopatoa.com\/ro\/notino-makeup-brushes-advanced-professional-make-up-brush-set-set-de-pensule-cu-husa\/"]}]},{"@type":"ImageObject","inLanguage":"ro-RO","@id":"https:\/\/shopatoa.com\/ro\/notino-makeup-brushes-advanced-professional-make-up-brush-set-set-de-pensule-cu-husa\/#primaryimage","url":"https:\/\/storage.googleapis.com\/cz-shopatoa-img\/ro\/67ba0d24-unnamed-file.webp","contentUrl":"https:\/\/storage.googleapis.com\/cz-shopatoa-img\/ro\/67ba0d24-unnamed-file.webp","width":800,"height":800},{"@type":"BreadcrumbList","@id":"https:\/\/shopatoa.com\/ro\/notino-makeup-brushes-advanced-professional-make-up-brush-set-set-de-pensule-cu-husa\/#breadcrumb","itemListElement":[{"@type":"ListItem","position":1,"name":"Dom\u016f","item":"https:\/\/shopatoa.com\/ro\/"},{"@type":"ListItem","position":2,"name":"Shop","item":"https:\/\/shopatoa.com\/ro\/shop\/"},{"@type":"ListItem","position":3,"name":"S\u0103n\u0103tate \u0219i frumuse\u021be","item":"https:\/\/shopatoa.com\/ro\/sanatate-si-frumusete\/"},{"@type":"ListItem","position":4,"name":"\u00cengrijire personal\u0103","item":"https:\/\/shopatoa.com\/ro\/ingrijire-personala\/"},{"@type":"ListItem","position":5,"name":"Cosmetice","item":"https:\/\/shopatoa.com\/ro\/cosmetice-ingrijire-personala\/"},{"@type":"ListItem","position":6,"name":"Seturi cosmetice","item":"https:\/\/shopatoa.com\/ro\/seturi-cosmetice\/"},{"@type":"ListItem","position":7,"name":"Notino Makeup Brushes Advanced Professional Make-Up Brush Set set de pensule cu hus\u0103"}]},{"@type":"WebSite","@id":"https:\/\/shopatoa.com\/ro\/#website","url":"https:\/\/shopatoa.com\/ro\/","name":"SHOPATOA","description":"","publisher":{"@id":"https:\/\/shopatoa.com\/ro\/#organization"},"potentialAction":[{"@type":"SearchAction","target":{"@type":"EntryPoint","urlTemplate":"https:\/\/shopatoa.com\/ro\/?s={search_term_string}"},"query-input":{"@type":"PropertyValueSpecification","valueRequired":true,"valueName":"search_term_string"}}],"inLanguage":"ro-RO"},{"@type":"Organization","@id":"https:\/\/shopatoa.com\/ro\/#organization","name":"SHOPATOA","url":"https:\/\/shopatoa.com\/ro\/","logo":{"@type":"ImageObject","inLanguage":"ro-RO","@id":"https:\/\/shopatoa.com\/ro\/#\/schema\/logo\/image\/","url":"https:\/\/storage.googleapis.com\/cz-shopatoa-img\/ro\/b4dac915-shopatoa_logo.png","contentUrl":"https:\/\/storage.googleapis.com\/cz-shopatoa-img\/ro\/b4dac915-shopatoa_logo.png","width":416,"height":63,"caption":"SHOPATOA"},"image":{"@id":"https:\/\/shopatoa.com\/ro\/#\/schema\/logo\/image\/"}}]}},"_links":{"self":[{"href":"https:\/\/shopatoa.com\/ro\/wp-json\/wp\/v2\/product\/384734","targetHints":{"allow":["GET"]}}],"collection":[{"href":"https:\/\/shopatoa.com\/ro\/wp-json\/wp\/v2\/product"}],"about":[{"href":"https:\/\/shopatoa.com\/ro\/wp-json\/wp\/v2\/types\/product"}],"replies":[{"embeddable":true,"href":"https:\/\/shopatoa.com\/ro\/wp-json\/wp\/v2\/comments?post=384734"}],"wp:featuredmedia":[{"embeddable":true,"href":"https:\/\/shopatoa.com\/ro\/wp-json\/wp\/v2\/media\/384735"}],"wp:attachment":[{"href":"https:\/\/shopatoa.com\/ro\/wp-json\/wp\/v2\/media?parent=384734"}],"wp:term":[{"taxonomy":"product_brand","embeddable":true,"href":"https:\/\/shopatoa.com\/ro\/wp-json\/wp\/v2\/product_brand?post=384734"},{"taxonomy":"product_cat","embeddable":true,"href":"https:\/\/shopatoa.com\/ro\/wp-json\/wp\/v2\/product_cat?post=384734"},{"taxonomy":"product_tag","embeddable":true,"href":"https:\/\/shopatoa.com\/ro\/wp-json\/wp\/v2\/product_tag?post=384734"}],"curies":[{"name":"wp","href":"https:\/\/api.w.org\/{rel}","templated":true}]}}