{"id":384942,"date":"2025-06-16T11:44:56","date_gmt":"2025-06-16T09:44:56","guid":{"rendered":"https:\/\/shopatoa.com\/ro\/g-u-m-proxabrush-classic-suport-de-periute-de-dinti-interdentare-1-buc\/"},"modified":"2025-12-13T03:12:54","modified_gmt":"2025-12-13T02:12:54","slug":"g-u-m-proxabrush-classic-suport-de-periute-de-dinti-interdentare-1-buc","status":"publish","type":"product","link":"https:\/\/shopatoa.com\/ro\/g-u-m-proxabrush-classic-suport-de-periute-de-dinti-interdentare-1-buc\/","title":{"rendered":"G.U.M Proxabrush Classic suport de periute de dinti interdentare 1 buc"},"content":{"rendered":"<p>G.U.M Proxabrush Classic, 1 buc, \u00cengrijire interdentar\u0103 unisex, Suporturile pentru periu\u021bele de din\u021bi G.U.M Proxabrush Classic \u00eembun\u0103t\u0103\u021besc raza de ac\u021biune a periu\u021belor \u0219i faciliteaz\u0103 cur\u0103\u021barea spa\u021biilor interdentare.  Caracteristici:  nu irit\u0103 \u0219i nu deterioreaz\u0103 din\u021bii sau gingiile produsul se poate utiliza pe implanturi, pe aparate ortodontice \u0219i pe pun\u021bi \u00eenlocuire u\u0219oar\u0103 cur\u0103\u021b\u0103 \u0219i locurile greu accesibile din cavitatea bucal\u0103 \u00eendep\u0103rteaz\u0103 perfect impurit\u0103\u021bile din spa\u021biile interdentare  Ingrediente:  plastic  Cum se utilizeaz\u0103: Se introduce periu\u021ba \u00een spa\u021biul interdentar \u0219i se efectueaz\u0103 mi\u0219c\u0103ri de cur\u0103\u021bire, \u00eenainte \u0219i \u00eenapoi.<\/p>\n","protected":false},"excerpt":{"rendered":"<p>G.U.M Proxabrush Classic, 1 buc, \u00cengrijire interdentar\u0103 unisex, Suporturile pentru periu\u021bele de din\u021bi G.U.M Proxabrush Classic \u00eembun\u0103t\u0103\u021besc raza de ac\u021biune a periu\u021belor \u0219i faciliteaz\u0103 cur\u0103\u021barea spa\u021biilor interdentare. Caracteristici: nu irit\u0103 \u0219i nu deterioreaz\u0103 din\u021bii sau gingiile produsul se poate utiliza pe implanturi, pe aparate ortodontice \u0219i pe pun\u021bi \u00eenlocuire u\u0219oar\u0103 cur\u0103\u021b\u0103 \u0219i locurile greu accesibile&#8230;<\/p>\n","protected":false},"featured_media":384943,"comment_status":"closed","ping_status":"open","template":"","meta":{"_acf_changed":false,"_kadence_starter_templates_imported_post":false,"_kad_post_transparent":"","_kad_post_title":"","_kad_post_layout":"","_kad_post_sidebar_id":"","_kad_post_content_style":"","_kad_post_vertical_padding":"","_kad_post_feature":"","_kad_post_feature_position":"","_kad_post_header":false,"_kad_post_footer":false,"_kad_post_classname":""},"product_brand":[1904],"product_cat":[1960,1605,1563,1562],"product_tag":[],"class_list":{"0":"post-384942","1":"product","2":"type-product","3":"status-publish","4":"has-post-thumbnail","6":"product_brand-g-u-m","7":"product_cat-accesorii-pentru-periute-de-dinti","8":"product_cat-ingrijire-orala","9":"product_cat-ingrijire-personala","10":"product_cat-sanatate-si-frumusete","11":"pa_gen-unisex","12":"pa_marime-1-buc","14":"first","15":"instock","16":"sale","17":"product-type-external","18":"entry","19":"content-bg","20":"loop-entry"},"acf":[],"yoast_head":"<!-- This site is optimized with the Yoast SEO plugin v27.4 - https:\/\/yoast.com\/product\/yoast-seo-wordpress\/ -->\n<title>G.U.M Proxabrush Classic suport de periute de dinti interdentare 1 buc - SHOPATOA.COM<\/title>\n<meta name=\"robots\" content=\"index, follow, max-snippet:-1, max-image-preview:large, max-video-preview:-1\" \/>\n<link rel=\"canonical\" href=\"https:\/\/shopatoa.com\/ro\/g-u-m-proxabrush-classic-suport-de-periute-de-dinti-interdentare-1-buc\/\" \/>\n<meta property=\"og:locale\" content=\"ro_RO\" \/>\n<meta property=\"og:type\" content=\"article\" \/>\n<meta property=\"og:title\" content=\"G.U.M Proxabrush Classic suport de periute de dinti interdentare 1 buc - SHOPATOA.COM\" \/>\n<meta property=\"og:description\" content=\"G.U.M Proxabrush Classic, 1 buc, \u00cengrijire interdentar\u0103 unisex, Suporturile pentru periu\u021bele de din\u021bi G.U.M Proxabrush Classic \u00eembun\u0103t\u0103\u021besc raza de ac\u021biune a periu\u021belor \u0219i faciliteaz\u0103 cur\u0103\u021barea spa\u021biilor interdentare. Caracteristici: nu irit\u0103 \u0219i nu deterioreaz\u0103 din\u021bii sau gingiile produsul se poate utiliza pe implanturi, pe aparate ortodontice \u0219i pe pun\u021bi \u00eenlocuire u\u0219oar\u0103 cur\u0103\u021b\u0103 \u0219i locurile greu accesibile...\" \/>\n<meta property=\"og:url\" content=\"https:\/\/shopatoa.com\/ro\/g-u-m-proxabrush-classic-suport-de-periute-de-dinti-interdentare-1-buc\/\" \/>\n<meta property=\"og:site_name\" content=\"SHOPATOA\" \/>\n<meta property=\"article:modified_time\" content=\"2025-12-13T02:12:54+00:00\" \/>\n<meta property=\"og:image\" content=\"https:\/\/storage.googleapis.com\/cz-shopatoa-img\/ro\/342a8569-unnamed-file.webp\" \/>\n\t<meta property=\"og:image:width\" content=\"800\" \/>\n\t<meta property=\"og:image:height\" content=\"800\" \/>\n\t<meta property=\"og:image:type\" content=\"image\/webp\" \/>\n<meta name=\"twitter:card\" content=\"summary_large_image\" \/>\n<meta name=\"twitter:label1\" content=\"Timp estimat pentru citire\" \/>\n\t<meta name=\"twitter:data1\" content=\"1 minut\" \/>\n<script type=\"application\/ld+json\" class=\"yoast-schema-graph\">{\"@context\":\"https:\\\/\\\/schema.org\",\"@graph\":[{\"@type\":\"WebPage\",\"@id\":\"https:\\\/\\\/shopatoa.com\\\/ro\\\/g-u-m-proxabrush-classic-suport-de-periute-de-dinti-interdentare-1-buc\\\/\",\"url\":\"https:\\\/\\\/shopatoa.com\\\/ro\\\/g-u-m-proxabrush-classic-suport-de-periute-de-dinti-interdentare-1-buc\\\/\",\"name\":\"G.U.M Proxabrush Classic suport de periute de dinti interdentare 1 buc - SHOPATOA.COM\",\"isPartOf\":{\"@id\":\"https:\\\/\\\/shopatoa.com\\\/ro\\\/#website\"},\"primaryImageOfPage\":{\"@id\":\"https:\\\/\\\/shopatoa.com\\\/ro\\\/g-u-m-proxabrush-classic-suport-de-periute-de-dinti-interdentare-1-buc\\\/#primaryimage\"},\"image\":{\"@id\":\"https:\\\/\\\/shopatoa.com\\\/ro\\\/g-u-m-proxabrush-classic-suport-de-periute-de-dinti-interdentare-1-buc\\\/#primaryimage\"},\"thumbnailUrl\":\"https:\\\/\\\/storage.googleapis.com\\\/cz-shopatoa-img\\\/ro\\\/342a8569-unnamed-file.webp\",\"datePublished\":\"2025-06-16T09:44:56+00:00\",\"dateModified\":\"2025-12-13T02:12:54+00:00\",\"breadcrumb\":{\"@id\":\"https:\\\/\\\/shopatoa.com\\\/ro\\\/g-u-m-proxabrush-classic-suport-de-periute-de-dinti-interdentare-1-buc\\\/#breadcrumb\"},\"inLanguage\":\"ro-RO\",\"potentialAction\":[{\"@type\":\"ReadAction\",\"target\":[\"https:\\\/\\\/shopatoa.com\\\/ro\\\/g-u-m-proxabrush-classic-suport-de-periute-de-dinti-interdentare-1-buc\\\/\"]}]},{\"@type\":\"ImageObject\",\"inLanguage\":\"ro-RO\",\"@id\":\"https:\\\/\\\/shopatoa.com\\\/ro\\\/g-u-m-proxabrush-classic-suport-de-periute-de-dinti-interdentare-1-buc\\\/#primaryimage\",\"url\":\"https:\\\/\\\/storage.googleapis.com\\\/cz-shopatoa-img\\\/ro\\\/342a8569-unnamed-file.webp\",\"contentUrl\":\"https:\\\/\\\/storage.googleapis.com\\\/cz-shopatoa-img\\\/ro\\\/342a8569-unnamed-file.webp\",\"width\":800,\"height\":800},{\"@type\":\"BreadcrumbList\",\"@id\":\"https:\\\/\\\/shopatoa.com\\\/ro\\\/g-u-m-proxabrush-classic-suport-de-periute-de-dinti-interdentare-1-buc\\\/#breadcrumb\",\"itemListElement\":[{\"@type\":\"ListItem\",\"position\":1,\"name\":\"Dom\u016f\",\"item\":\"https:\\\/\\\/shopatoa.com\\\/ro\\\/\"},{\"@type\":\"ListItem\",\"position\":2,\"name\":\"Shop\",\"item\":\"https:\\\/\\\/shopatoa.com\\\/ro\\\/shop\\\/\"},{\"@type\":\"ListItem\",\"position\":3,\"name\":\"S\u0103n\u0103tate \u0219i frumuse\u021be\",\"item\":\"https:\\\/\\\/shopatoa.com\\\/ro\\\/sanatate-si-frumusete\\\/\"},{\"@type\":\"ListItem\",\"position\":4,\"name\":\"\u00cengrijire personal\u0103\",\"item\":\"https:\\\/\\\/shopatoa.com\\\/ro\\\/ingrijire-personala\\\/\"},{\"@type\":\"ListItem\",\"position\":5,\"name\":\"\u00cengrijire oral\u0103\",\"item\":\"https:\\\/\\\/shopatoa.com\\\/ro\\\/ingrijire-orala\\\/\"},{\"@type\":\"ListItem\",\"position\":6,\"name\":\"Accesorii pentru periu\u021be de din\u021bi\",\"item\":\"https:\\\/\\\/shopatoa.com\\\/ro\\\/accesorii-pentru-periute-de-dinti\\\/\"},{\"@type\":\"ListItem\",\"position\":7,\"name\":\"G.U.M Proxabrush Classic suport de periute de dinti interdentare 1 buc\"}]},{\"@type\":\"WebSite\",\"@id\":\"https:\\\/\\\/shopatoa.com\\\/ro\\\/#website\",\"url\":\"https:\\\/\\\/shopatoa.com\\\/ro\\\/\",\"name\":\"SHOPATOA\",\"description\":\"\",\"publisher\":{\"@id\":\"https:\\\/\\\/shopatoa.com\\\/ro\\\/#organization\"},\"potentialAction\":[{\"@type\":\"SearchAction\",\"target\":{\"@type\":\"EntryPoint\",\"urlTemplate\":\"https:\\\/\\\/shopatoa.com\\\/ro\\\/?s={search_term_string}\"},\"query-input\":{\"@type\":\"PropertyValueSpecification\",\"valueRequired\":true,\"valueName\":\"search_term_string\"}}],\"inLanguage\":\"ro-RO\"},{\"@type\":\"Organization\",\"@id\":\"https:\\\/\\\/shopatoa.com\\\/ro\\\/#organization\",\"name\":\"SHOPATOA\",\"url\":\"https:\\\/\\\/shopatoa.com\\\/ro\\\/\",\"logo\":{\"@type\":\"ImageObject\",\"inLanguage\":\"ro-RO\",\"@id\":\"https:\\\/\\\/shopatoa.com\\\/ro\\\/#\\\/schema\\\/logo\\\/image\\\/\",\"url\":\"https:\\\/\\\/storage.googleapis.com\\\/cz-shopatoa-img\\\/ro\\\/b4dac915-shopatoa_logo.png\",\"contentUrl\":\"https:\\\/\\\/storage.googleapis.com\\\/cz-shopatoa-img\\\/ro\\\/b4dac915-shopatoa_logo.png\",\"width\":416,\"height\":63,\"caption\":\"SHOPATOA\"},\"image\":{\"@id\":\"https:\\\/\\\/shopatoa.com\\\/ro\\\/#\\\/schema\\\/logo\\\/image\\\/\"}}]}<\/script>\n<!-- \/ Yoast SEO plugin. -->","yoast_head_json":{"title":"G.U.M Proxabrush Classic suport de periute de dinti interdentare 1 buc - SHOPATOA.COM","robots":{"index":"index","follow":"follow","max-snippet":"max-snippet:-1","max-image-preview":"max-image-preview:large","max-video-preview":"max-video-preview:-1"},"canonical":"https:\/\/shopatoa.com\/ro\/g-u-m-proxabrush-classic-suport-de-periute-de-dinti-interdentare-1-buc\/","og_locale":"ro_RO","og_type":"article","og_title":"G.U.M Proxabrush Classic suport de periute de dinti interdentare 1 buc - SHOPATOA.COM","og_description":"G.U.M Proxabrush Classic, 1 buc, \u00cengrijire interdentar\u0103 unisex, Suporturile pentru periu\u021bele de din\u021bi G.U.M Proxabrush Classic \u00eembun\u0103t\u0103\u021besc raza de ac\u021biune a periu\u021belor \u0219i faciliteaz\u0103 cur\u0103\u021barea spa\u021biilor interdentare. Caracteristici: nu irit\u0103 \u0219i nu deterioreaz\u0103 din\u021bii sau gingiile produsul se poate utiliza pe implanturi, pe aparate ortodontice \u0219i pe pun\u021bi \u00eenlocuire u\u0219oar\u0103 cur\u0103\u021b\u0103 \u0219i locurile greu accesibile...","og_url":"https:\/\/shopatoa.com\/ro\/g-u-m-proxabrush-classic-suport-de-periute-de-dinti-interdentare-1-buc\/","og_site_name":"SHOPATOA","article_modified_time":"2025-12-13T02:12:54+00:00","og_image":[{"width":800,"height":800,"url":"https:\/\/storage.googleapis.com\/cz-shopatoa-img\/ro\/342a8569-unnamed-file.webp","type":"image\/webp"}],"twitter_card":"summary_large_image","twitter_misc":{"Timp estimat pentru citire":"1 minut"},"schema":{"@context":"https:\/\/schema.org","@graph":[{"@type":"WebPage","@id":"https:\/\/shopatoa.com\/ro\/g-u-m-proxabrush-classic-suport-de-periute-de-dinti-interdentare-1-buc\/","url":"https:\/\/shopatoa.com\/ro\/g-u-m-proxabrush-classic-suport-de-periute-de-dinti-interdentare-1-buc\/","name":"G.U.M Proxabrush Classic suport de periute de dinti interdentare 1 buc - SHOPATOA.COM","isPartOf":{"@id":"https:\/\/shopatoa.com\/ro\/#website"},"primaryImageOfPage":{"@id":"https:\/\/shopatoa.com\/ro\/g-u-m-proxabrush-classic-suport-de-periute-de-dinti-interdentare-1-buc\/#primaryimage"},"image":{"@id":"https:\/\/shopatoa.com\/ro\/g-u-m-proxabrush-classic-suport-de-periute-de-dinti-interdentare-1-buc\/#primaryimage"},"thumbnailUrl":"https:\/\/storage.googleapis.com\/cz-shopatoa-img\/ro\/342a8569-unnamed-file.webp","datePublished":"2025-06-16T09:44:56+00:00","dateModified":"2025-12-13T02:12:54+00:00","breadcrumb":{"@id":"https:\/\/shopatoa.com\/ro\/g-u-m-proxabrush-classic-suport-de-periute-de-dinti-interdentare-1-buc\/#breadcrumb"},"inLanguage":"ro-RO","potentialAction":[{"@type":"ReadAction","target":["https:\/\/shopatoa.com\/ro\/g-u-m-proxabrush-classic-suport-de-periute-de-dinti-interdentare-1-buc\/"]}]},{"@type":"ImageObject","inLanguage":"ro-RO","@id":"https:\/\/shopatoa.com\/ro\/g-u-m-proxabrush-classic-suport-de-periute-de-dinti-interdentare-1-buc\/#primaryimage","url":"https:\/\/storage.googleapis.com\/cz-shopatoa-img\/ro\/342a8569-unnamed-file.webp","contentUrl":"https:\/\/storage.googleapis.com\/cz-shopatoa-img\/ro\/342a8569-unnamed-file.webp","width":800,"height":800},{"@type":"BreadcrumbList","@id":"https:\/\/shopatoa.com\/ro\/g-u-m-proxabrush-classic-suport-de-periute-de-dinti-interdentare-1-buc\/#breadcrumb","itemListElement":[{"@type":"ListItem","position":1,"name":"Dom\u016f","item":"https:\/\/shopatoa.com\/ro\/"},{"@type":"ListItem","position":2,"name":"Shop","item":"https:\/\/shopatoa.com\/ro\/shop\/"},{"@type":"ListItem","position":3,"name":"S\u0103n\u0103tate \u0219i frumuse\u021be","item":"https:\/\/shopatoa.com\/ro\/sanatate-si-frumusete\/"},{"@type":"ListItem","position":4,"name":"\u00cengrijire personal\u0103","item":"https:\/\/shopatoa.com\/ro\/ingrijire-personala\/"},{"@type":"ListItem","position":5,"name":"\u00cengrijire oral\u0103","item":"https:\/\/shopatoa.com\/ro\/ingrijire-orala\/"},{"@type":"ListItem","position":6,"name":"Accesorii pentru periu\u021be de din\u021bi","item":"https:\/\/shopatoa.com\/ro\/accesorii-pentru-periute-de-dinti\/"},{"@type":"ListItem","position":7,"name":"G.U.M Proxabrush Classic suport de periute de dinti interdentare 1 buc"}]},{"@type":"WebSite","@id":"https:\/\/shopatoa.com\/ro\/#website","url":"https:\/\/shopatoa.com\/ro\/","name":"SHOPATOA","description":"","publisher":{"@id":"https:\/\/shopatoa.com\/ro\/#organization"},"potentialAction":[{"@type":"SearchAction","target":{"@type":"EntryPoint","urlTemplate":"https:\/\/shopatoa.com\/ro\/?s={search_term_string}"},"query-input":{"@type":"PropertyValueSpecification","valueRequired":true,"valueName":"search_term_string"}}],"inLanguage":"ro-RO"},{"@type":"Organization","@id":"https:\/\/shopatoa.com\/ro\/#organization","name":"SHOPATOA","url":"https:\/\/shopatoa.com\/ro\/","logo":{"@type":"ImageObject","inLanguage":"ro-RO","@id":"https:\/\/shopatoa.com\/ro\/#\/schema\/logo\/image\/","url":"https:\/\/storage.googleapis.com\/cz-shopatoa-img\/ro\/b4dac915-shopatoa_logo.png","contentUrl":"https:\/\/storage.googleapis.com\/cz-shopatoa-img\/ro\/b4dac915-shopatoa_logo.png","width":416,"height":63,"caption":"SHOPATOA"},"image":{"@id":"https:\/\/shopatoa.com\/ro\/#\/schema\/logo\/image\/"}}]}},"_links":{"self":[{"href":"https:\/\/shopatoa.com\/ro\/wp-json\/wp\/v2\/product\/384942","targetHints":{"allow":["GET"]}}],"collection":[{"href":"https:\/\/shopatoa.com\/ro\/wp-json\/wp\/v2\/product"}],"about":[{"href":"https:\/\/shopatoa.com\/ro\/wp-json\/wp\/v2\/types\/product"}],"replies":[{"embeddable":true,"href":"https:\/\/shopatoa.com\/ro\/wp-json\/wp\/v2\/comments?post=384942"}],"wp:featuredmedia":[{"embeddable":true,"href":"https:\/\/shopatoa.com\/ro\/wp-json\/wp\/v2\/media\/384943"}],"wp:attachment":[{"href":"https:\/\/shopatoa.com\/ro\/wp-json\/wp\/v2\/media?parent=384942"}],"wp:term":[{"taxonomy":"product_brand","embeddable":true,"href":"https:\/\/shopatoa.com\/ro\/wp-json\/wp\/v2\/product_brand?post=384942"},{"taxonomy":"product_cat","embeddable":true,"href":"https:\/\/shopatoa.com\/ro\/wp-json\/wp\/v2\/product_cat?post=384942"},{"taxonomy":"product_tag","embeddable":true,"href":"https:\/\/shopatoa.com\/ro\/wp-json\/wp\/v2\/product_tag?post=384942"}],"curies":[{"name":"wp","href":"https:\/\/api.w.org\/{rel}","templated":true}]}}