{"id":385078,"date":"2025-06-16T12:06:53","date_gmt":"2025-06-16T10:06:53","guid":{"rendered":"https:\/\/shopatoa.com\/ro\/kii-baa-organic-baby-baby-cream-set-set-cadou-pentru-nou-nascuti-si-copii\/"},"modified":"2025-09-24T11:37:41","modified_gmt":"2025-09-24T09:37:41","slug":"kii-baa-organic-baby-baby-cream-set-set-cadou-pentru-nou-nascuti-si-copii","status":"publish","type":"product","link":"https:\/\/shopatoa.com\/ro\/kii-baa-organic-baby-baby-cream-set-set-cadou-pentru-nou-nascuti-si-copii\/","title":{"rendered":"kii-baa\u00ae organic Baby Baby Cream Set set cadou pentru nou-nascuti si copii"},"content":{"rendered":"<p>kii-baa\u00ae organic Baby Baby Cream Set, Pentru irita\u021bia de scutec pentru femei, Ajuta\u021bi ca \u00eengrijirea copilului s\u0103 devin\u0103 mai u\u0219oar\u0103 \u0219i mai pl\u0103cut\u0103, pentru dvs. sau pentru o alt\u0103 m\u0103mic\u0103. Setul pentru bebelu\u0219i kii-baa\u00ae organic Baby Baby Cream Set este plin de lucruri indispensabile, pe care orice mam\u0103 grijulie le va aprecia. Un set practic, cu care nu ave\u021bi cum s\u0103 da\u021bi gre\u0219.  Caracteristici:  set la pre\u021b promo\u021bional un mix de produse cosmetice pentru utilizare zilnic\u0103 produsele sunt potrivite \u0219i pentru bebelu\u0219i  Setul con\u021bine:   crema protectoare pentru bebelusi 50 g   crema protectoare pentru bebelusi cu Panthenol 50 ml  unguent pe baz\u0103 de lanolin\u0103 pentru mameloane 30 g  Cum se utilizeaz\u0103: Folosi\u021bi fiecare produs din setul cosmetic conform instruc\u021biunilor proprii.<\/p>\n","protected":false},"excerpt":{"rendered":"<p>kii-baa\u00ae organic Baby Baby Cream Set, Pentru irita\u021bia de scutec pentru femei, Ajuta\u021bi ca \u00eengrijirea copilului s\u0103 devin\u0103 mai u\u0219oar\u0103 \u0219i mai pl\u0103cut\u0103, pentru dvs. sau pentru o alt\u0103 m\u0103mic\u0103. Setul pentru bebelu\u0219i kii-baa\u00ae organic Baby Baby Cream Set este plin de lucruri indispensabile, pe care orice mam\u0103 grijulie le va aprecia. Un set practic,&#8230;<\/p>\n","protected":false},"featured_media":385079,"comment_status":"closed","ping_status":"open","template":"","meta":{"_acf_changed":false,"_kadence_starter_templates_imported_post":false,"_kad_post_transparent":"","_kad_post_title":"","_kad_post_layout":"","_kad_post_sidebar_id":"","_kad_post_content_style":"","_kad_post_vertical_padding":"","_kad_post_feature":"","_kad_post_feature_position":"","_kad_post_header":false,"_kad_post_footer":false,"_kad_post_classname":""},"product_brand":[2400],"product_cat":[1564,1563,1565,1562],"product_tag":[],"class_list":{"0":"post-385078","1":"product","2":"type-product","3":"status-publish","4":"has-post-thumbnail","6":"product_brand-kii-baa-organic","7":"product_cat-cosmetice-ingrijire-personala","8":"product_cat-ingrijire-personala","9":"product_cat-ingrijirea-pielii","10":"product_cat-sanatate-si-frumusete","11":"pa_gen-female","13":"first","14":"instock","15":"sale","16":"product-type-external","17":"entry","18":"content-bg","19":"loop-entry"},"acf":[],"yoast_head":"<!-- This site is optimized with the Yoast SEO plugin v27.4 - https:\/\/yoast.com\/product\/yoast-seo-wordpress\/ -->\n<title>kii-baa\u00ae organic Baby Baby Cream Set set cadou pentru nou-nascuti si copii - SHOPATOA.COM<\/title>\n<meta name=\"robots\" content=\"index, follow, max-snippet:-1, max-image-preview:large, max-video-preview:-1\" \/>\n<link rel=\"canonical\" href=\"https:\/\/shopatoa.com\/ro\/kii-baa-organic-baby-baby-cream-set-set-cadou-pentru-nou-nascuti-si-copii\/\" \/>\n<meta property=\"og:locale\" content=\"ro_RO\" \/>\n<meta property=\"og:type\" content=\"article\" \/>\n<meta property=\"og:title\" content=\"kii-baa\u00ae organic Baby Baby Cream Set set cadou pentru nou-nascuti si copii - SHOPATOA.COM\" \/>\n<meta property=\"og:description\" content=\"kii-baa\u00ae organic Baby Baby Cream Set, Pentru irita\u021bia de scutec pentru femei, Ajuta\u021bi ca \u00eengrijirea copilului s\u0103 devin\u0103 mai u\u0219oar\u0103 \u0219i mai pl\u0103cut\u0103, pentru dvs. sau pentru o alt\u0103 m\u0103mic\u0103. Setul pentru bebelu\u0219i kii-baa\u00ae organic Baby Baby Cream Set este plin de lucruri indispensabile, pe care orice mam\u0103 grijulie le va aprecia. Un set practic,...\" \/>\n<meta property=\"og:url\" content=\"https:\/\/shopatoa.com\/ro\/kii-baa-organic-baby-baby-cream-set-set-cadou-pentru-nou-nascuti-si-copii\/\" \/>\n<meta property=\"og:site_name\" content=\"SHOPATOA\" \/>\n<meta property=\"article:modified_time\" content=\"2025-09-24T09:37:41+00:00\" \/>\n<meta property=\"og:image\" content=\"https:\/\/storage.googleapis.com\/cz-shopatoa-img\/ro\/366b17e7-unnamed-file.webp\" \/>\n\t<meta property=\"og:image:width\" content=\"800\" \/>\n\t<meta property=\"og:image:height\" content=\"800\" \/>\n\t<meta property=\"og:image:type\" content=\"image\/webp\" \/>\n<meta name=\"twitter:card\" content=\"summary_large_image\" \/>\n<meta name=\"twitter:label1\" content=\"Timp estimat pentru citire\" \/>\n\t<meta name=\"twitter:data1\" content=\"1 minut\" \/>\n<script type=\"application\/ld+json\" class=\"yoast-schema-graph\">{\"@context\":\"https:\\\/\\\/schema.org\",\"@graph\":[{\"@type\":\"WebPage\",\"@id\":\"https:\\\/\\\/shopatoa.com\\\/ro\\\/kii-baa-organic-baby-baby-cream-set-set-cadou-pentru-nou-nascuti-si-copii\\\/\",\"url\":\"https:\\\/\\\/shopatoa.com\\\/ro\\\/kii-baa-organic-baby-baby-cream-set-set-cadou-pentru-nou-nascuti-si-copii\\\/\",\"name\":\"kii-baa\u00ae organic Baby Baby Cream Set set cadou pentru nou-nascuti si copii - SHOPATOA.COM\",\"isPartOf\":{\"@id\":\"https:\\\/\\\/shopatoa.com\\\/ro\\\/#website\"},\"primaryImageOfPage\":{\"@id\":\"https:\\\/\\\/shopatoa.com\\\/ro\\\/kii-baa-organic-baby-baby-cream-set-set-cadou-pentru-nou-nascuti-si-copii\\\/#primaryimage\"},\"image\":{\"@id\":\"https:\\\/\\\/shopatoa.com\\\/ro\\\/kii-baa-organic-baby-baby-cream-set-set-cadou-pentru-nou-nascuti-si-copii\\\/#primaryimage\"},\"thumbnailUrl\":\"https:\\\/\\\/storage.googleapis.com\\\/cz-shopatoa-img\\\/ro\\\/366b17e7-unnamed-file.webp\",\"datePublished\":\"2025-06-16T10:06:53+00:00\",\"dateModified\":\"2025-09-24T09:37:41+00:00\",\"breadcrumb\":{\"@id\":\"https:\\\/\\\/shopatoa.com\\\/ro\\\/kii-baa-organic-baby-baby-cream-set-set-cadou-pentru-nou-nascuti-si-copii\\\/#breadcrumb\"},\"inLanguage\":\"ro-RO\",\"potentialAction\":[{\"@type\":\"ReadAction\",\"target\":[\"https:\\\/\\\/shopatoa.com\\\/ro\\\/kii-baa-organic-baby-baby-cream-set-set-cadou-pentru-nou-nascuti-si-copii\\\/\"]}]},{\"@type\":\"ImageObject\",\"inLanguage\":\"ro-RO\",\"@id\":\"https:\\\/\\\/shopatoa.com\\\/ro\\\/kii-baa-organic-baby-baby-cream-set-set-cadou-pentru-nou-nascuti-si-copii\\\/#primaryimage\",\"url\":\"https:\\\/\\\/storage.googleapis.com\\\/cz-shopatoa-img\\\/ro\\\/366b17e7-unnamed-file.webp\",\"contentUrl\":\"https:\\\/\\\/storage.googleapis.com\\\/cz-shopatoa-img\\\/ro\\\/366b17e7-unnamed-file.webp\",\"width\":800,\"height\":800},{\"@type\":\"BreadcrumbList\",\"@id\":\"https:\\\/\\\/shopatoa.com\\\/ro\\\/kii-baa-organic-baby-baby-cream-set-set-cadou-pentru-nou-nascuti-si-copii\\\/#breadcrumb\",\"itemListElement\":[{\"@type\":\"ListItem\",\"position\":1,\"name\":\"Dom\u016f\",\"item\":\"https:\\\/\\\/shopatoa.com\\\/ro\\\/\"},{\"@type\":\"ListItem\",\"position\":2,\"name\":\"Shop\",\"item\":\"https:\\\/\\\/shopatoa.com\\\/ro\\\/shop\\\/\"},{\"@type\":\"ListItem\",\"position\":3,\"name\":\"S\u0103n\u0103tate \u0219i frumuse\u021be\",\"item\":\"https:\\\/\\\/shopatoa.com\\\/ro\\\/sanatate-si-frumusete\\\/\"},{\"@type\":\"ListItem\",\"position\":4,\"name\":\"\u00cengrijire personal\u0103\",\"item\":\"https:\\\/\\\/shopatoa.com\\\/ro\\\/ingrijire-personala\\\/\"},{\"@type\":\"ListItem\",\"position\":5,\"name\":\"Cosmetice\",\"item\":\"https:\\\/\\\/shopatoa.com\\\/ro\\\/cosmetice-ingrijire-personala\\\/\"},{\"@type\":\"ListItem\",\"position\":6,\"name\":\"\u00cengrijirea pielii\",\"item\":\"https:\\\/\\\/shopatoa.com\\\/ro\\\/ingrijirea-pielii\\\/\"},{\"@type\":\"ListItem\",\"position\":7,\"name\":\"kii-baa\u00ae organic Baby Baby Cream Set set cadou pentru nou-nascuti si copii\"}]},{\"@type\":\"WebSite\",\"@id\":\"https:\\\/\\\/shopatoa.com\\\/ro\\\/#website\",\"url\":\"https:\\\/\\\/shopatoa.com\\\/ro\\\/\",\"name\":\"SHOPATOA\",\"description\":\"\",\"publisher\":{\"@id\":\"https:\\\/\\\/shopatoa.com\\\/ro\\\/#organization\"},\"potentialAction\":[{\"@type\":\"SearchAction\",\"target\":{\"@type\":\"EntryPoint\",\"urlTemplate\":\"https:\\\/\\\/shopatoa.com\\\/ro\\\/?s={search_term_string}\"},\"query-input\":{\"@type\":\"PropertyValueSpecification\",\"valueRequired\":true,\"valueName\":\"search_term_string\"}}],\"inLanguage\":\"ro-RO\"},{\"@type\":\"Organization\",\"@id\":\"https:\\\/\\\/shopatoa.com\\\/ro\\\/#organization\",\"name\":\"SHOPATOA\",\"url\":\"https:\\\/\\\/shopatoa.com\\\/ro\\\/\",\"logo\":{\"@type\":\"ImageObject\",\"inLanguage\":\"ro-RO\",\"@id\":\"https:\\\/\\\/shopatoa.com\\\/ro\\\/#\\\/schema\\\/logo\\\/image\\\/\",\"url\":\"https:\\\/\\\/storage.googleapis.com\\\/cz-shopatoa-img\\\/ro\\\/b4dac915-shopatoa_logo.png\",\"contentUrl\":\"https:\\\/\\\/storage.googleapis.com\\\/cz-shopatoa-img\\\/ro\\\/b4dac915-shopatoa_logo.png\",\"width\":416,\"height\":63,\"caption\":\"SHOPATOA\"},\"image\":{\"@id\":\"https:\\\/\\\/shopatoa.com\\\/ro\\\/#\\\/schema\\\/logo\\\/image\\\/\"}}]}<\/script>\n<!-- \/ Yoast SEO plugin. -->","yoast_head_json":{"title":"kii-baa\u00ae organic Baby Baby Cream Set set cadou pentru nou-nascuti si copii - SHOPATOA.COM","robots":{"index":"index","follow":"follow","max-snippet":"max-snippet:-1","max-image-preview":"max-image-preview:large","max-video-preview":"max-video-preview:-1"},"canonical":"https:\/\/shopatoa.com\/ro\/kii-baa-organic-baby-baby-cream-set-set-cadou-pentru-nou-nascuti-si-copii\/","og_locale":"ro_RO","og_type":"article","og_title":"kii-baa\u00ae organic Baby Baby Cream Set set cadou pentru nou-nascuti si copii - SHOPATOA.COM","og_description":"kii-baa\u00ae organic Baby Baby Cream Set, Pentru irita\u021bia de scutec pentru femei, Ajuta\u021bi ca \u00eengrijirea copilului s\u0103 devin\u0103 mai u\u0219oar\u0103 \u0219i mai pl\u0103cut\u0103, pentru dvs. sau pentru o alt\u0103 m\u0103mic\u0103. Setul pentru bebelu\u0219i kii-baa\u00ae organic Baby Baby Cream Set este plin de lucruri indispensabile, pe care orice mam\u0103 grijulie le va aprecia. Un set practic,...","og_url":"https:\/\/shopatoa.com\/ro\/kii-baa-organic-baby-baby-cream-set-set-cadou-pentru-nou-nascuti-si-copii\/","og_site_name":"SHOPATOA","article_modified_time":"2025-09-24T09:37:41+00:00","og_image":[{"width":800,"height":800,"url":"https:\/\/storage.googleapis.com\/cz-shopatoa-img\/ro\/366b17e7-unnamed-file.webp","type":"image\/webp"}],"twitter_card":"summary_large_image","twitter_misc":{"Timp estimat pentru citire":"1 minut"},"schema":{"@context":"https:\/\/schema.org","@graph":[{"@type":"WebPage","@id":"https:\/\/shopatoa.com\/ro\/kii-baa-organic-baby-baby-cream-set-set-cadou-pentru-nou-nascuti-si-copii\/","url":"https:\/\/shopatoa.com\/ro\/kii-baa-organic-baby-baby-cream-set-set-cadou-pentru-nou-nascuti-si-copii\/","name":"kii-baa\u00ae organic Baby Baby Cream Set set cadou pentru nou-nascuti si copii - SHOPATOA.COM","isPartOf":{"@id":"https:\/\/shopatoa.com\/ro\/#website"},"primaryImageOfPage":{"@id":"https:\/\/shopatoa.com\/ro\/kii-baa-organic-baby-baby-cream-set-set-cadou-pentru-nou-nascuti-si-copii\/#primaryimage"},"image":{"@id":"https:\/\/shopatoa.com\/ro\/kii-baa-organic-baby-baby-cream-set-set-cadou-pentru-nou-nascuti-si-copii\/#primaryimage"},"thumbnailUrl":"https:\/\/storage.googleapis.com\/cz-shopatoa-img\/ro\/366b17e7-unnamed-file.webp","datePublished":"2025-06-16T10:06:53+00:00","dateModified":"2025-09-24T09:37:41+00:00","breadcrumb":{"@id":"https:\/\/shopatoa.com\/ro\/kii-baa-organic-baby-baby-cream-set-set-cadou-pentru-nou-nascuti-si-copii\/#breadcrumb"},"inLanguage":"ro-RO","potentialAction":[{"@type":"ReadAction","target":["https:\/\/shopatoa.com\/ro\/kii-baa-organic-baby-baby-cream-set-set-cadou-pentru-nou-nascuti-si-copii\/"]}]},{"@type":"ImageObject","inLanguage":"ro-RO","@id":"https:\/\/shopatoa.com\/ro\/kii-baa-organic-baby-baby-cream-set-set-cadou-pentru-nou-nascuti-si-copii\/#primaryimage","url":"https:\/\/storage.googleapis.com\/cz-shopatoa-img\/ro\/366b17e7-unnamed-file.webp","contentUrl":"https:\/\/storage.googleapis.com\/cz-shopatoa-img\/ro\/366b17e7-unnamed-file.webp","width":800,"height":800},{"@type":"BreadcrumbList","@id":"https:\/\/shopatoa.com\/ro\/kii-baa-organic-baby-baby-cream-set-set-cadou-pentru-nou-nascuti-si-copii\/#breadcrumb","itemListElement":[{"@type":"ListItem","position":1,"name":"Dom\u016f","item":"https:\/\/shopatoa.com\/ro\/"},{"@type":"ListItem","position":2,"name":"Shop","item":"https:\/\/shopatoa.com\/ro\/shop\/"},{"@type":"ListItem","position":3,"name":"S\u0103n\u0103tate \u0219i frumuse\u021be","item":"https:\/\/shopatoa.com\/ro\/sanatate-si-frumusete\/"},{"@type":"ListItem","position":4,"name":"\u00cengrijire personal\u0103","item":"https:\/\/shopatoa.com\/ro\/ingrijire-personala\/"},{"@type":"ListItem","position":5,"name":"Cosmetice","item":"https:\/\/shopatoa.com\/ro\/cosmetice-ingrijire-personala\/"},{"@type":"ListItem","position":6,"name":"\u00cengrijirea pielii","item":"https:\/\/shopatoa.com\/ro\/ingrijirea-pielii\/"},{"@type":"ListItem","position":7,"name":"kii-baa\u00ae organic Baby Baby Cream Set set cadou pentru nou-nascuti si copii"}]},{"@type":"WebSite","@id":"https:\/\/shopatoa.com\/ro\/#website","url":"https:\/\/shopatoa.com\/ro\/","name":"SHOPATOA","description":"","publisher":{"@id":"https:\/\/shopatoa.com\/ro\/#organization"},"potentialAction":[{"@type":"SearchAction","target":{"@type":"EntryPoint","urlTemplate":"https:\/\/shopatoa.com\/ro\/?s={search_term_string}"},"query-input":{"@type":"PropertyValueSpecification","valueRequired":true,"valueName":"search_term_string"}}],"inLanguage":"ro-RO"},{"@type":"Organization","@id":"https:\/\/shopatoa.com\/ro\/#organization","name":"SHOPATOA","url":"https:\/\/shopatoa.com\/ro\/","logo":{"@type":"ImageObject","inLanguage":"ro-RO","@id":"https:\/\/shopatoa.com\/ro\/#\/schema\/logo\/image\/","url":"https:\/\/storage.googleapis.com\/cz-shopatoa-img\/ro\/b4dac915-shopatoa_logo.png","contentUrl":"https:\/\/storage.googleapis.com\/cz-shopatoa-img\/ro\/b4dac915-shopatoa_logo.png","width":416,"height":63,"caption":"SHOPATOA"},"image":{"@id":"https:\/\/shopatoa.com\/ro\/#\/schema\/logo\/image\/"}}]}},"_links":{"self":[{"href":"https:\/\/shopatoa.com\/ro\/wp-json\/wp\/v2\/product\/385078","targetHints":{"allow":["GET"]}}],"collection":[{"href":"https:\/\/shopatoa.com\/ro\/wp-json\/wp\/v2\/product"}],"about":[{"href":"https:\/\/shopatoa.com\/ro\/wp-json\/wp\/v2\/types\/product"}],"replies":[{"embeddable":true,"href":"https:\/\/shopatoa.com\/ro\/wp-json\/wp\/v2\/comments?post=385078"}],"wp:featuredmedia":[{"embeddable":true,"href":"https:\/\/shopatoa.com\/ro\/wp-json\/wp\/v2\/media\/385079"}],"wp:attachment":[{"href":"https:\/\/shopatoa.com\/ro\/wp-json\/wp\/v2\/media?parent=385078"}],"wp:term":[{"taxonomy":"product_brand","embeddable":true,"href":"https:\/\/shopatoa.com\/ro\/wp-json\/wp\/v2\/product_brand?post=385078"},{"taxonomy":"product_cat","embeddable":true,"href":"https:\/\/shopatoa.com\/ro\/wp-json\/wp\/v2\/product_cat?post=385078"},{"taxonomy":"product_tag","embeddable":true,"href":"https:\/\/shopatoa.com\/ro\/wp-json\/wp\/v2\/product_tag?post=385078"}],"curies":[{"name":"wp","href":"https:\/\/api.w.org\/{rel}","templated":true}]}}