{"id":385351,"date":"2025-06-16T12:42:43","date_gmt":"2025-06-16T10:42:43","guid":{"rendered":"https:\/\/shopatoa.com\/ro\/lee-stafford-for-the-love-of-curls-custard-cream-crema-styling-pentru-definirea-buclelor-125-ml\/"},"modified":"2025-12-13T00:55:06","modified_gmt":"2025-12-12T23:55:06","slug":"lee-stafford-for-the-love-of-curls-custard-cream-crema-styling-pentru-definirea-buclelor-125-ml","status":"publish","type":"product","link":"https:\/\/shopatoa.com\/ro\/lee-stafford-for-the-love-of-curls-custard-cream-crema-styling-pentru-definirea-buclelor-125-ml\/","title":{"rendered":"Lee Stafford For The Love Of Curls Custard Cream crem\u0103 styling pentru definirea buclelor 125 ml"},"content":{"rendered":"<p>Lee Stafford For The Love Of Curls Custard Cream, 125 ml, Creme \u0219i geluri pentru p\u0103r pentru femei, Tratamentul f\u0103r\u0103 cl\u0103tire Lee Stafford For The Love Of Curls ofer\u0103 p\u0103rului sp\u0103lat toate cele necesare.  Caracteristici:  hidrateaz\u0103 nu \u00eencarc\u0103 p\u0103rul ofer\u0103 p\u0103rului hidratare \u0219i nutri\u021bie disciplineaz\u0103 p\u0103rul rebel  Cum se utilizeaz\u0103: Se maseaz\u0103 pe p\u0103rul uscat \u0219i apoi se modeleaz\u0103 \u00een forma dorit\u0103.<\/p>\n","protected":false},"excerpt":{"rendered":"<p>Lee Stafford For The Love Of Curls Custard Cream, 125 ml, Creme \u0219i geluri pentru p\u0103r pentru femei, Tratamentul f\u0103r\u0103 cl\u0103tire Lee Stafford For The Love Of Curls ofer\u0103 p\u0103rului sp\u0103lat toate cele necesare. Caracteristici: hidrateaz\u0103 nu \u00eencarc\u0103 p\u0103rul ofer\u0103 p\u0103rului hidratare \u0219i nutri\u021bie disciplineaz\u0103 p\u0103rul rebel Cum se utilizeaz\u0103: Se maseaz\u0103 pe p\u0103rul uscat&#8230;<\/p>\n","protected":false},"featured_media":385352,"comment_status":"closed","ping_status":"open","template":"","meta":{"_acf_changed":false,"_kadence_starter_templates_imported_post":false,"_kad_post_transparent":"","_kad_post_title":"","_kad_post_layout":"","_kad_post_sidebar_id":"","_kad_post_content_style":"","_kad_post_vertical_padding":"","_kad_post_feature":"","_kad_post_feature_position":"","_kad_post_header":false,"_kad_post_footer":false,"_kad_post_classname":""},"product_brand":[1989],"product_cat":[1563,1590,1633,1562],"product_tag":[],"class_list":{"0":"post-385351","1":"product","2":"type-product","3":"status-publish","4":"has-post-thumbnail","6":"product_brand-lee-stafford","7":"product_cat-ingrijire-personala","8":"product_cat-ingrijirea-parului","9":"product_cat-produse-de-coafare-a-parului","10":"product_cat-sanatate-si-frumusete","11":"pa_gen-female","12":"pa_marime-125-ml","14":"first","15":"instock","16":"sale","17":"product-type-external","18":"entry","19":"content-bg","20":"loop-entry"},"acf":[],"yoast_head":"<!-- This site is optimized with the Yoast SEO plugin v27.4 - https:\/\/yoast.com\/product\/yoast-seo-wordpress\/ -->\n<title>Lee Stafford For The Love Of Curls Custard Cream crem\u0103 styling pentru definirea buclelor 125 ml - SHOPATOA.COM<\/title>\n<meta name=\"robots\" content=\"index, follow, max-snippet:-1, max-image-preview:large, max-video-preview:-1\" \/>\n<link rel=\"canonical\" href=\"https:\/\/shopatoa.com\/ro\/lee-stafford-for-the-love-of-curls-custard-cream-crema-styling-pentru-definirea-buclelor-125-ml\/\" \/>\n<meta property=\"og:locale\" content=\"ro_RO\" \/>\n<meta property=\"og:type\" content=\"article\" \/>\n<meta property=\"og:title\" content=\"Lee Stafford For The Love Of Curls Custard Cream crem\u0103 styling pentru definirea buclelor 125 ml - SHOPATOA.COM\" \/>\n<meta property=\"og:description\" content=\"Lee Stafford For The Love Of Curls Custard Cream, 125 ml, Creme \u0219i geluri pentru p\u0103r pentru femei, Tratamentul f\u0103r\u0103 cl\u0103tire Lee Stafford For The Love Of Curls ofer\u0103 p\u0103rului sp\u0103lat toate cele necesare. Caracteristici: hidrateaz\u0103 nu \u00eencarc\u0103 p\u0103rul ofer\u0103 p\u0103rului hidratare \u0219i nutri\u021bie disciplineaz\u0103 p\u0103rul rebel Cum se utilizeaz\u0103: Se maseaz\u0103 pe p\u0103rul uscat...\" \/>\n<meta property=\"og:url\" content=\"https:\/\/shopatoa.com\/ro\/lee-stafford-for-the-love-of-curls-custard-cream-crema-styling-pentru-definirea-buclelor-125-ml\/\" \/>\n<meta property=\"og:site_name\" content=\"SHOPATOA\" \/>\n<meta property=\"article:modified_time\" content=\"2025-12-12T23:55:06+00:00\" \/>\n<meta property=\"og:image\" content=\"https:\/\/storage.googleapis.com\/cz-shopatoa-img\/ro\/3b65c55b-unnamed-file.webp\" \/>\n\t<meta property=\"og:image:width\" content=\"800\" \/>\n\t<meta property=\"og:image:height\" content=\"800\" \/>\n\t<meta property=\"og:image:type\" content=\"image\/webp\" \/>\n<meta name=\"twitter:card\" content=\"summary_large_image\" \/>\n<script type=\"application\/ld+json\" class=\"yoast-schema-graph\">{\"@context\":\"https:\\\/\\\/schema.org\",\"@graph\":[{\"@type\":\"WebPage\",\"@id\":\"https:\\\/\\\/shopatoa.com\\\/ro\\\/lee-stafford-for-the-love-of-curls-custard-cream-crema-styling-pentru-definirea-buclelor-125-ml\\\/\",\"url\":\"https:\\\/\\\/shopatoa.com\\\/ro\\\/lee-stafford-for-the-love-of-curls-custard-cream-crema-styling-pentru-definirea-buclelor-125-ml\\\/\",\"name\":\"Lee Stafford For The Love Of Curls Custard Cream crem\u0103 styling pentru definirea buclelor 125 ml - SHOPATOA.COM\",\"isPartOf\":{\"@id\":\"https:\\\/\\\/shopatoa.com\\\/ro\\\/#website\"},\"primaryImageOfPage\":{\"@id\":\"https:\\\/\\\/shopatoa.com\\\/ro\\\/lee-stafford-for-the-love-of-curls-custard-cream-crema-styling-pentru-definirea-buclelor-125-ml\\\/#primaryimage\"},\"image\":{\"@id\":\"https:\\\/\\\/shopatoa.com\\\/ro\\\/lee-stafford-for-the-love-of-curls-custard-cream-crema-styling-pentru-definirea-buclelor-125-ml\\\/#primaryimage\"},\"thumbnailUrl\":\"https:\\\/\\\/storage.googleapis.com\\\/cz-shopatoa-img\\\/ro\\\/3b65c55b-unnamed-file.webp\",\"datePublished\":\"2025-06-16T10:42:43+00:00\",\"dateModified\":\"2025-12-12T23:55:06+00:00\",\"breadcrumb\":{\"@id\":\"https:\\\/\\\/shopatoa.com\\\/ro\\\/lee-stafford-for-the-love-of-curls-custard-cream-crema-styling-pentru-definirea-buclelor-125-ml\\\/#breadcrumb\"},\"inLanguage\":\"ro-RO\",\"potentialAction\":[{\"@type\":\"ReadAction\",\"target\":[\"https:\\\/\\\/shopatoa.com\\\/ro\\\/lee-stafford-for-the-love-of-curls-custard-cream-crema-styling-pentru-definirea-buclelor-125-ml\\\/\"]}]},{\"@type\":\"ImageObject\",\"inLanguage\":\"ro-RO\",\"@id\":\"https:\\\/\\\/shopatoa.com\\\/ro\\\/lee-stafford-for-the-love-of-curls-custard-cream-crema-styling-pentru-definirea-buclelor-125-ml\\\/#primaryimage\",\"url\":\"https:\\\/\\\/storage.googleapis.com\\\/cz-shopatoa-img\\\/ro\\\/3b65c55b-unnamed-file.webp\",\"contentUrl\":\"https:\\\/\\\/storage.googleapis.com\\\/cz-shopatoa-img\\\/ro\\\/3b65c55b-unnamed-file.webp\",\"width\":800,\"height\":800},{\"@type\":\"BreadcrumbList\",\"@id\":\"https:\\\/\\\/shopatoa.com\\\/ro\\\/lee-stafford-for-the-love-of-curls-custard-cream-crema-styling-pentru-definirea-buclelor-125-ml\\\/#breadcrumb\",\"itemListElement\":[{\"@type\":\"ListItem\",\"position\":1,\"name\":\"Dom\u016f\",\"item\":\"https:\\\/\\\/shopatoa.com\\\/ro\\\/\"},{\"@type\":\"ListItem\",\"position\":2,\"name\":\"Shop\",\"item\":\"https:\\\/\\\/shopatoa.com\\\/ro\\\/shop\\\/\"},{\"@type\":\"ListItem\",\"position\":3,\"name\":\"S\u0103n\u0103tate \u0219i frumuse\u021be\",\"item\":\"https:\\\/\\\/shopatoa.com\\\/ro\\\/sanatate-si-frumusete\\\/\"},{\"@type\":\"ListItem\",\"position\":4,\"name\":\"\u00cengrijire personal\u0103\",\"item\":\"https:\\\/\\\/shopatoa.com\\\/ro\\\/ingrijire-personala\\\/\"},{\"@type\":\"ListItem\",\"position\":5,\"name\":\"\u00cengrijirea p\u0103rului\",\"item\":\"https:\\\/\\\/shopatoa.com\\\/ro\\\/ingrijirea-parului\\\/\"},{\"@type\":\"ListItem\",\"position\":6,\"name\":\"Produse de coafare a p\u0103rului\",\"item\":\"https:\\\/\\\/shopatoa.com\\\/ro\\\/produse-de-coafare-a-parului\\\/\"},{\"@type\":\"ListItem\",\"position\":7,\"name\":\"Lee Stafford For The Love Of Curls Custard Cream crem\u0103 styling pentru definirea buclelor 125 ml\"}]},{\"@type\":\"WebSite\",\"@id\":\"https:\\\/\\\/shopatoa.com\\\/ro\\\/#website\",\"url\":\"https:\\\/\\\/shopatoa.com\\\/ro\\\/\",\"name\":\"SHOPATOA\",\"description\":\"\",\"publisher\":{\"@id\":\"https:\\\/\\\/shopatoa.com\\\/ro\\\/#organization\"},\"potentialAction\":[{\"@type\":\"SearchAction\",\"target\":{\"@type\":\"EntryPoint\",\"urlTemplate\":\"https:\\\/\\\/shopatoa.com\\\/ro\\\/?s={search_term_string}\"},\"query-input\":{\"@type\":\"PropertyValueSpecification\",\"valueRequired\":true,\"valueName\":\"search_term_string\"}}],\"inLanguage\":\"ro-RO\"},{\"@type\":\"Organization\",\"@id\":\"https:\\\/\\\/shopatoa.com\\\/ro\\\/#organization\",\"name\":\"SHOPATOA\",\"url\":\"https:\\\/\\\/shopatoa.com\\\/ro\\\/\",\"logo\":{\"@type\":\"ImageObject\",\"inLanguage\":\"ro-RO\",\"@id\":\"https:\\\/\\\/shopatoa.com\\\/ro\\\/#\\\/schema\\\/logo\\\/image\\\/\",\"url\":\"https:\\\/\\\/storage.googleapis.com\\\/cz-shopatoa-img\\\/ro\\\/b4dac915-shopatoa_logo.png\",\"contentUrl\":\"https:\\\/\\\/storage.googleapis.com\\\/cz-shopatoa-img\\\/ro\\\/b4dac915-shopatoa_logo.png\",\"width\":416,\"height\":63,\"caption\":\"SHOPATOA\"},\"image\":{\"@id\":\"https:\\\/\\\/shopatoa.com\\\/ro\\\/#\\\/schema\\\/logo\\\/image\\\/\"}}]}<\/script>\n<!-- \/ Yoast SEO plugin. -->","yoast_head_json":{"title":"Lee Stafford For The Love Of Curls Custard Cream crem\u0103 styling pentru definirea buclelor 125 ml - SHOPATOA.COM","robots":{"index":"index","follow":"follow","max-snippet":"max-snippet:-1","max-image-preview":"max-image-preview:large","max-video-preview":"max-video-preview:-1"},"canonical":"https:\/\/shopatoa.com\/ro\/lee-stafford-for-the-love-of-curls-custard-cream-crema-styling-pentru-definirea-buclelor-125-ml\/","og_locale":"ro_RO","og_type":"article","og_title":"Lee Stafford For The Love Of Curls Custard Cream crem\u0103 styling pentru definirea buclelor 125 ml - SHOPATOA.COM","og_description":"Lee Stafford For The Love Of Curls Custard Cream, 125 ml, Creme \u0219i geluri pentru p\u0103r pentru femei, Tratamentul f\u0103r\u0103 cl\u0103tire Lee Stafford For The Love Of Curls ofer\u0103 p\u0103rului sp\u0103lat toate cele necesare. Caracteristici: hidrateaz\u0103 nu \u00eencarc\u0103 p\u0103rul ofer\u0103 p\u0103rului hidratare \u0219i nutri\u021bie disciplineaz\u0103 p\u0103rul rebel Cum se utilizeaz\u0103: Se maseaz\u0103 pe p\u0103rul uscat...","og_url":"https:\/\/shopatoa.com\/ro\/lee-stafford-for-the-love-of-curls-custard-cream-crema-styling-pentru-definirea-buclelor-125-ml\/","og_site_name":"SHOPATOA","article_modified_time":"2025-12-12T23:55:06+00:00","og_image":[{"width":800,"height":800,"url":"https:\/\/storage.googleapis.com\/cz-shopatoa-img\/ro\/3b65c55b-unnamed-file.webp","type":"image\/webp"}],"twitter_card":"summary_large_image","schema":{"@context":"https:\/\/schema.org","@graph":[{"@type":"WebPage","@id":"https:\/\/shopatoa.com\/ro\/lee-stafford-for-the-love-of-curls-custard-cream-crema-styling-pentru-definirea-buclelor-125-ml\/","url":"https:\/\/shopatoa.com\/ro\/lee-stafford-for-the-love-of-curls-custard-cream-crema-styling-pentru-definirea-buclelor-125-ml\/","name":"Lee Stafford For The Love Of Curls Custard Cream crem\u0103 styling pentru definirea buclelor 125 ml - SHOPATOA.COM","isPartOf":{"@id":"https:\/\/shopatoa.com\/ro\/#website"},"primaryImageOfPage":{"@id":"https:\/\/shopatoa.com\/ro\/lee-stafford-for-the-love-of-curls-custard-cream-crema-styling-pentru-definirea-buclelor-125-ml\/#primaryimage"},"image":{"@id":"https:\/\/shopatoa.com\/ro\/lee-stafford-for-the-love-of-curls-custard-cream-crema-styling-pentru-definirea-buclelor-125-ml\/#primaryimage"},"thumbnailUrl":"https:\/\/storage.googleapis.com\/cz-shopatoa-img\/ro\/3b65c55b-unnamed-file.webp","datePublished":"2025-06-16T10:42:43+00:00","dateModified":"2025-12-12T23:55:06+00:00","breadcrumb":{"@id":"https:\/\/shopatoa.com\/ro\/lee-stafford-for-the-love-of-curls-custard-cream-crema-styling-pentru-definirea-buclelor-125-ml\/#breadcrumb"},"inLanguage":"ro-RO","potentialAction":[{"@type":"ReadAction","target":["https:\/\/shopatoa.com\/ro\/lee-stafford-for-the-love-of-curls-custard-cream-crema-styling-pentru-definirea-buclelor-125-ml\/"]}]},{"@type":"ImageObject","inLanguage":"ro-RO","@id":"https:\/\/shopatoa.com\/ro\/lee-stafford-for-the-love-of-curls-custard-cream-crema-styling-pentru-definirea-buclelor-125-ml\/#primaryimage","url":"https:\/\/storage.googleapis.com\/cz-shopatoa-img\/ro\/3b65c55b-unnamed-file.webp","contentUrl":"https:\/\/storage.googleapis.com\/cz-shopatoa-img\/ro\/3b65c55b-unnamed-file.webp","width":800,"height":800},{"@type":"BreadcrumbList","@id":"https:\/\/shopatoa.com\/ro\/lee-stafford-for-the-love-of-curls-custard-cream-crema-styling-pentru-definirea-buclelor-125-ml\/#breadcrumb","itemListElement":[{"@type":"ListItem","position":1,"name":"Dom\u016f","item":"https:\/\/shopatoa.com\/ro\/"},{"@type":"ListItem","position":2,"name":"Shop","item":"https:\/\/shopatoa.com\/ro\/shop\/"},{"@type":"ListItem","position":3,"name":"S\u0103n\u0103tate \u0219i frumuse\u021be","item":"https:\/\/shopatoa.com\/ro\/sanatate-si-frumusete\/"},{"@type":"ListItem","position":4,"name":"\u00cengrijire personal\u0103","item":"https:\/\/shopatoa.com\/ro\/ingrijire-personala\/"},{"@type":"ListItem","position":5,"name":"\u00cengrijirea p\u0103rului","item":"https:\/\/shopatoa.com\/ro\/ingrijirea-parului\/"},{"@type":"ListItem","position":6,"name":"Produse de coafare a p\u0103rului","item":"https:\/\/shopatoa.com\/ro\/produse-de-coafare-a-parului\/"},{"@type":"ListItem","position":7,"name":"Lee Stafford For The Love Of Curls Custard Cream crem\u0103 styling pentru definirea buclelor 125 ml"}]},{"@type":"WebSite","@id":"https:\/\/shopatoa.com\/ro\/#website","url":"https:\/\/shopatoa.com\/ro\/","name":"SHOPATOA","description":"","publisher":{"@id":"https:\/\/shopatoa.com\/ro\/#organization"},"potentialAction":[{"@type":"SearchAction","target":{"@type":"EntryPoint","urlTemplate":"https:\/\/shopatoa.com\/ro\/?s={search_term_string}"},"query-input":{"@type":"PropertyValueSpecification","valueRequired":true,"valueName":"search_term_string"}}],"inLanguage":"ro-RO"},{"@type":"Organization","@id":"https:\/\/shopatoa.com\/ro\/#organization","name":"SHOPATOA","url":"https:\/\/shopatoa.com\/ro\/","logo":{"@type":"ImageObject","inLanguage":"ro-RO","@id":"https:\/\/shopatoa.com\/ro\/#\/schema\/logo\/image\/","url":"https:\/\/storage.googleapis.com\/cz-shopatoa-img\/ro\/b4dac915-shopatoa_logo.png","contentUrl":"https:\/\/storage.googleapis.com\/cz-shopatoa-img\/ro\/b4dac915-shopatoa_logo.png","width":416,"height":63,"caption":"SHOPATOA"},"image":{"@id":"https:\/\/shopatoa.com\/ro\/#\/schema\/logo\/image\/"}}]}},"_links":{"self":[{"href":"https:\/\/shopatoa.com\/ro\/wp-json\/wp\/v2\/product\/385351","targetHints":{"allow":["GET"]}}],"collection":[{"href":"https:\/\/shopatoa.com\/ro\/wp-json\/wp\/v2\/product"}],"about":[{"href":"https:\/\/shopatoa.com\/ro\/wp-json\/wp\/v2\/types\/product"}],"replies":[{"embeddable":true,"href":"https:\/\/shopatoa.com\/ro\/wp-json\/wp\/v2\/comments?post=385351"}],"wp:featuredmedia":[{"embeddable":true,"href":"https:\/\/shopatoa.com\/ro\/wp-json\/wp\/v2\/media\/385352"}],"wp:attachment":[{"href":"https:\/\/shopatoa.com\/ro\/wp-json\/wp\/v2\/media?parent=385351"}],"wp:term":[{"taxonomy":"product_brand","embeddable":true,"href":"https:\/\/shopatoa.com\/ro\/wp-json\/wp\/v2\/product_brand?post=385351"},{"taxonomy":"product_cat","embeddable":true,"href":"https:\/\/shopatoa.com\/ro\/wp-json\/wp\/v2\/product_cat?post=385351"},{"taxonomy":"product_tag","embeddable":true,"href":"https:\/\/shopatoa.com\/ro\/wp-json\/wp\/v2\/product_tag?post=385351"}],"curies":[{"name":"wp","href":"https:\/\/api.w.org\/{rel}","templated":true}]}}