{"id":385831,"date":"2025-06-16T13:56:36","date_gmt":"2025-06-16T11:56:36","guid":{"rendered":"https:\/\/shopatoa.com\/ro\/dr-irena-eris-cleanology-lapte-demachiant-pentru-toate-tipurile-de-ten-200-ml\/"},"modified":"2025-12-12T23:22:44","modified_gmt":"2025-12-12T22:22:44","slug":"dr-irena-eris-cleanology-lapte-demachiant-pentru-toate-tipurile-de-ten-200-ml","status":"publish","type":"product","link":"https:\/\/shopatoa.com\/ro\/dr-irena-eris-cleanology-lapte-demachiant-pentru-toate-tipurile-de-ten-200-ml\/","title":{"rendered":"Dr Irena Eris Cleanology lapte demachiant pentru toate tipurile de ten 200 ml"},"content":{"rendered":"<p>Dr Irena Eris Cleanology, 200 ml, Cur\u0103\u021barea pielii pentru femei, Demachierea este un pas esen\u021bial pentru \u00eengrijirea tenului, care nu ar trebui omis niciodat\u0103. Demachiantul Dr Irena Eris Cleanology \u00eendep\u0103rteaz\u0103 eficient tot machiajul \u0219i v\u0103 las\u0103 tenul delicat, perfect curat \u0219i preg\u0103tit pentru \u00eengrijirea ulterioar\u0103.  Caracteristici:  demachiaz\u0103 perfect toate tipurile de fond de ten pentru ochi are efect de calmare hidrateaz\u0103 tenul hr\u0103ne\u0219te tenul  Cum se utilizeaz\u0103: Se aplic\u0103 pe un tampon cosmetic \u0219i se \u0219terge fa\u021ba, pentru a elimina fondul de ten \u0219i impurit\u0103\u021bile.<\/p>\n","protected":false},"excerpt":{"rendered":"<p>Dr Irena Eris Cleanology, 200 ml, Cur\u0103\u021barea pielii pentru femei, Demachierea este un pas esen\u021bial pentru \u00eengrijirea tenului, care nu ar trebui omis niciodat\u0103. Demachiantul Dr Irena Eris Cleanology \u00eendep\u0103rteaz\u0103 eficient tot machiajul \u0219i v\u0103 las\u0103 tenul delicat, perfect curat \u0219i preg\u0103tit pentru \u00eengrijirea ulterioar\u0103. Caracteristici: demachiaz\u0103 perfect toate tipurile de fond de ten pentru&#8230;<\/p>\n","protected":false},"featured_media":385832,"comment_status":"closed","ping_status":"open","template":"","meta":{"_acf_changed":false,"_kadence_starter_templates_imported_post":false,"_kad_post_transparent":"","_kad_post_title":"","_kad_post_layout":"","_kad_post_sidebar_id":"","_kad_post_content_style":"","_kad_post_vertical_padding":"","_kad_post_feature":"","_kad_post_feature_position":"","_kad_post_header":false,"_kad_post_footer":false,"_kad_post_classname":""},"product_brand":[1694],"product_cat":[1564,1566,1563,1565,1562],"product_tag":[],"class_list":{"0":"post-385831","1":"product","2":"type-product","3":"status-publish","4":"has-post-thumbnail","6":"product_brand-dr-irena-eris","7":"product_cat-cosmetice-ingrijire-personala","8":"product_cat-demachiere","9":"product_cat-ingrijire-personala","10":"product_cat-ingrijirea-pielii","11":"product_cat-sanatate-si-frumusete","12":"pa_gen-female","13":"pa_marime-200-ml","15":"first","16":"instock","17":"product-type-external","18":"entry","19":"content-bg","20":"loop-entry"},"acf":[],"yoast_head":"<!-- This site is optimized with the Yoast SEO plugin v27.4 - https:\/\/yoast.com\/product\/yoast-seo-wordpress\/ -->\n<title>Dr Irena Eris Cleanology lapte demachiant pentru toate tipurile de ten 200 ml - SHOPATOA.COM<\/title>\n<meta name=\"robots\" content=\"index, follow, max-snippet:-1, max-image-preview:large, max-video-preview:-1\" \/>\n<link rel=\"canonical\" href=\"https:\/\/shopatoa.com\/ro\/dr-irena-eris-cleanology-lapte-demachiant-pentru-toate-tipurile-de-ten-200-ml\/\" \/>\n<meta property=\"og:locale\" content=\"ro_RO\" \/>\n<meta property=\"og:type\" content=\"article\" \/>\n<meta property=\"og:title\" content=\"Dr Irena Eris Cleanology lapte demachiant pentru toate tipurile de ten 200 ml - SHOPATOA.COM\" \/>\n<meta property=\"og:description\" content=\"Dr Irena Eris Cleanology, 200 ml, Cur\u0103\u021barea pielii pentru femei, Demachierea este un pas esen\u021bial pentru \u00eengrijirea tenului, care nu ar trebui omis niciodat\u0103. Demachiantul Dr Irena Eris Cleanology \u00eendep\u0103rteaz\u0103 eficient tot machiajul \u0219i v\u0103 las\u0103 tenul delicat, perfect curat \u0219i preg\u0103tit pentru \u00eengrijirea ulterioar\u0103. Caracteristici: demachiaz\u0103 perfect toate tipurile de fond de ten pentru...\" \/>\n<meta property=\"og:url\" content=\"https:\/\/shopatoa.com\/ro\/dr-irena-eris-cleanology-lapte-demachiant-pentru-toate-tipurile-de-ten-200-ml\/\" \/>\n<meta property=\"og:site_name\" content=\"SHOPATOA\" \/>\n<meta property=\"article:modified_time\" content=\"2025-12-12T22:22:44+00:00\" \/>\n<meta property=\"og:image\" content=\"https:\/\/storage.googleapis.com\/cz-shopatoa-img\/ro\/d445a5d3-unnamed-file.webp\" \/>\n\t<meta property=\"og:image:width\" content=\"800\" \/>\n\t<meta property=\"og:image:height\" content=\"800\" \/>\n\t<meta property=\"og:image:type\" content=\"image\/webp\" \/>\n<meta name=\"twitter:card\" content=\"summary_large_image\" \/>\n<script type=\"application\/ld+json\" class=\"yoast-schema-graph\">{\"@context\":\"https:\\\/\\\/schema.org\",\"@graph\":[{\"@type\":\"WebPage\",\"@id\":\"https:\\\/\\\/shopatoa.com\\\/ro\\\/dr-irena-eris-cleanology-lapte-demachiant-pentru-toate-tipurile-de-ten-200-ml\\\/\",\"url\":\"https:\\\/\\\/shopatoa.com\\\/ro\\\/dr-irena-eris-cleanology-lapte-demachiant-pentru-toate-tipurile-de-ten-200-ml\\\/\",\"name\":\"Dr Irena Eris Cleanology lapte demachiant pentru toate tipurile de ten 200 ml - SHOPATOA.COM\",\"isPartOf\":{\"@id\":\"https:\\\/\\\/shopatoa.com\\\/ro\\\/#website\"},\"primaryImageOfPage\":{\"@id\":\"https:\\\/\\\/shopatoa.com\\\/ro\\\/dr-irena-eris-cleanology-lapte-demachiant-pentru-toate-tipurile-de-ten-200-ml\\\/#primaryimage\"},\"image\":{\"@id\":\"https:\\\/\\\/shopatoa.com\\\/ro\\\/dr-irena-eris-cleanology-lapte-demachiant-pentru-toate-tipurile-de-ten-200-ml\\\/#primaryimage\"},\"thumbnailUrl\":\"https:\\\/\\\/storage.googleapis.com\\\/cz-shopatoa-img\\\/ro\\\/d445a5d3-unnamed-file.webp\",\"datePublished\":\"2025-06-16T11:56:36+00:00\",\"dateModified\":\"2025-12-12T22:22:44+00:00\",\"breadcrumb\":{\"@id\":\"https:\\\/\\\/shopatoa.com\\\/ro\\\/dr-irena-eris-cleanology-lapte-demachiant-pentru-toate-tipurile-de-ten-200-ml\\\/#breadcrumb\"},\"inLanguage\":\"ro-RO\",\"potentialAction\":[{\"@type\":\"ReadAction\",\"target\":[\"https:\\\/\\\/shopatoa.com\\\/ro\\\/dr-irena-eris-cleanology-lapte-demachiant-pentru-toate-tipurile-de-ten-200-ml\\\/\"]}]},{\"@type\":\"ImageObject\",\"inLanguage\":\"ro-RO\",\"@id\":\"https:\\\/\\\/shopatoa.com\\\/ro\\\/dr-irena-eris-cleanology-lapte-demachiant-pentru-toate-tipurile-de-ten-200-ml\\\/#primaryimage\",\"url\":\"https:\\\/\\\/storage.googleapis.com\\\/cz-shopatoa-img\\\/ro\\\/d445a5d3-unnamed-file.webp\",\"contentUrl\":\"https:\\\/\\\/storage.googleapis.com\\\/cz-shopatoa-img\\\/ro\\\/d445a5d3-unnamed-file.webp\",\"width\":800,\"height\":800},{\"@type\":\"BreadcrumbList\",\"@id\":\"https:\\\/\\\/shopatoa.com\\\/ro\\\/dr-irena-eris-cleanology-lapte-demachiant-pentru-toate-tipurile-de-ten-200-ml\\\/#breadcrumb\",\"itemListElement\":[{\"@type\":\"ListItem\",\"position\":1,\"name\":\"Dom\u016f\",\"item\":\"https:\\\/\\\/shopatoa.com\\\/ro\\\/\"},{\"@type\":\"ListItem\",\"position\":2,\"name\":\"Shop\",\"item\":\"https:\\\/\\\/shopatoa.com\\\/ro\\\/shop\\\/\"},{\"@type\":\"ListItem\",\"position\":3,\"name\":\"S\u0103n\u0103tate \u0219i frumuse\u021be\",\"item\":\"https:\\\/\\\/shopatoa.com\\\/ro\\\/sanatate-si-frumusete\\\/\"},{\"@type\":\"ListItem\",\"position\":4,\"name\":\"\u00cengrijire personal\u0103\",\"item\":\"https:\\\/\\\/shopatoa.com\\\/ro\\\/ingrijire-personala\\\/\"},{\"@type\":\"ListItem\",\"position\":5,\"name\":\"Cosmetice\",\"item\":\"https:\\\/\\\/shopatoa.com\\\/ro\\\/cosmetice-ingrijire-personala\\\/\"},{\"@type\":\"ListItem\",\"position\":6,\"name\":\"\u00cengrijirea pielii\",\"item\":\"https:\\\/\\\/shopatoa.com\\\/ro\\\/ingrijirea-pielii\\\/\"},{\"@type\":\"ListItem\",\"position\":7,\"name\":\"Demachiere\",\"item\":\"https:\\\/\\\/shopatoa.com\\\/ro\\\/demachiere\\\/\"},{\"@type\":\"ListItem\",\"position\":8,\"name\":\"Dr Irena Eris Cleanology lapte demachiant pentru toate tipurile de ten 200 ml\"}]},{\"@type\":\"WebSite\",\"@id\":\"https:\\\/\\\/shopatoa.com\\\/ro\\\/#website\",\"url\":\"https:\\\/\\\/shopatoa.com\\\/ro\\\/\",\"name\":\"SHOPATOA\",\"description\":\"\",\"publisher\":{\"@id\":\"https:\\\/\\\/shopatoa.com\\\/ro\\\/#organization\"},\"potentialAction\":[{\"@type\":\"SearchAction\",\"target\":{\"@type\":\"EntryPoint\",\"urlTemplate\":\"https:\\\/\\\/shopatoa.com\\\/ro\\\/?s={search_term_string}\"},\"query-input\":{\"@type\":\"PropertyValueSpecification\",\"valueRequired\":true,\"valueName\":\"search_term_string\"}}],\"inLanguage\":\"ro-RO\"},{\"@type\":\"Organization\",\"@id\":\"https:\\\/\\\/shopatoa.com\\\/ro\\\/#organization\",\"name\":\"SHOPATOA\",\"url\":\"https:\\\/\\\/shopatoa.com\\\/ro\\\/\",\"logo\":{\"@type\":\"ImageObject\",\"inLanguage\":\"ro-RO\",\"@id\":\"https:\\\/\\\/shopatoa.com\\\/ro\\\/#\\\/schema\\\/logo\\\/image\\\/\",\"url\":\"https:\\\/\\\/storage.googleapis.com\\\/cz-shopatoa-img\\\/ro\\\/b4dac915-shopatoa_logo.png\",\"contentUrl\":\"https:\\\/\\\/storage.googleapis.com\\\/cz-shopatoa-img\\\/ro\\\/b4dac915-shopatoa_logo.png\",\"width\":416,\"height\":63,\"caption\":\"SHOPATOA\"},\"image\":{\"@id\":\"https:\\\/\\\/shopatoa.com\\\/ro\\\/#\\\/schema\\\/logo\\\/image\\\/\"}}]}<\/script>\n<!-- \/ Yoast SEO plugin. -->","yoast_head_json":{"title":"Dr Irena Eris Cleanology lapte demachiant pentru toate tipurile de ten 200 ml - SHOPATOA.COM","robots":{"index":"index","follow":"follow","max-snippet":"max-snippet:-1","max-image-preview":"max-image-preview:large","max-video-preview":"max-video-preview:-1"},"canonical":"https:\/\/shopatoa.com\/ro\/dr-irena-eris-cleanology-lapte-demachiant-pentru-toate-tipurile-de-ten-200-ml\/","og_locale":"ro_RO","og_type":"article","og_title":"Dr Irena Eris Cleanology lapte demachiant pentru toate tipurile de ten 200 ml - SHOPATOA.COM","og_description":"Dr Irena Eris Cleanology, 200 ml, Cur\u0103\u021barea pielii pentru femei, Demachierea este un pas esen\u021bial pentru \u00eengrijirea tenului, care nu ar trebui omis niciodat\u0103. Demachiantul Dr Irena Eris Cleanology \u00eendep\u0103rteaz\u0103 eficient tot machiajul \u0219i v\u0103 las\u0103 tenul delicat, perfect curat \u0219i preg\u0103tit pentru \u00eengrijirea ulterioar\u0103. Caracteristici: demachiaz\u0103 perfect toate tipurile de fond de ten pentru...","og_url":"https:\/\/shopatoa.com\/ro\/dr-irena-eris-cleanology-lapte-demachiant-pentru-toate-tipurile-de-ten-200-ml\/","og_site_name":"SHOPATOA","article_modified_time":"2025-12-12T22:22:44+00:00","og_image":[{"width":800,"height":800,"url":"https:\/\/storage.googleapis.com\/cz-shopatoa-img\/ro\/d445a5d3-unnamed-file.webp","type":"image\/webp"}],"twitter_card":"summary_large_image","schema":{"@context":"https:\/\/schema.org","@graph":[{"@type":"WebPage","@id":"https:\/\/shopatoa.com\/ro\/dr-irena-eris-cleanology-lapte-demachiant-pentru-toate-tipurile-de-ten-200-ml\/","url":"https:\/\/shopatoa.com\/ro\/dr-irena-eris-cleanology-lapte-demachiant-pentru-toate-tipurile-de-ten-200-ml\/","name":"Dr Irena Eris Cleanology lapte demachiant pentru toate tipurile de ten 200 ml - SHOPATOA.COM","isPartOf":{"@id":"https:\/\/shopatoa.com\/ro\/#website"},"primaryImageOfPage":{"@id":"https:\/\/shopatoa.com\/ro\/dr-irena-eris-cleanology-lapte-demachiant-pentru-toate-tipurile-de-ten-200-ml\/#primaryimage"},"image":{"@id":"https:\/\/shopatoa.com\/ro\/dr-irena-eris-cleanology-lapte-demachiant-pentru-toate-tipurile-de-ten-200-ml\/#primaryimage"},"thumbnailUrl":"https:\/\/storage.googleapis.com\/cz-shopatoa-img\/ro\/d445a5d3-unnamed-file.webp","datePublished":"2025-06-16T11:56:36+00:00","dateModified":"2025-12-12T22:22:44+00:00","breadcrumb":{"@id":"https:\/\/shopatoa.com\/ro\/dr-irena-eris-cleanology-lapte-demachiant-pentru-toate-tipurile-de-ten-200-ml\/#breadcrumb"},"inLanguage":"ro-RO","potentialAction":[{"@type":"ReadAction","target":["https:\/\/shopatoa.com\/ro\/dr-irena-eris-cleanology-lapte-demachiant-pentru-toate-tipurile-de-ten-200-ml\/"]}]},{"@type":"ImageObject","inLanguage":"ro-RO","@id":"https:\/\/shopatoa.com\/ro\/dr-irena-eris-cleanology-lapte-demachiant-pentru-toate-tipurile-de-ten-200-ml\/#primaryimage","url":"https:\/\/storage.googleapis.com\/cz-shopatoa-img\/ro\/d445a5d3-unnamed-file.webp","contentUrl":"https:\/\/storage.googleapis.com\/cz-shopatoa-img\/ro\/d445a5d3-unnamed-file.webp","width":800,"height":800},{"@type":"BreadcrumbList","@id":"https:\/\/shopatoa.com\/ro\/dr-irena-eris-cleanology-lapte-demachiant-pentru-toate-tipurile-de-ten-200-ml\/#breadcrumb","itemListElement":[{"@type":"ListItem","position":1,"name":"Dom\u016f","item":"https:\/\/shopatoa.com\/ro\/"},{"@type":"ListItem","position":2,"name":"Shop","item":"https:\/\/shopatoa.com\/ro\/shop\/"},{"@type":"ListItem","position":3,"name":"S\u0103n\u0103tate \u0219i frumuse\u021be","item":"https:\/\/shopatoa.com\/ro\/sanatate-si-frumusete\/"},{"@type":"ListItem","position":4,"name":"\u00cengrijire personal\u0103","item":"https:\/\/shopatoa.com\/ro\/ingrijire-personala\/"},{"@type":"ListItem","position":5,"name":"Cosmetice","item":"https:\/\/shopatoa.com\/ro\/cosmetice-ingrijire-personala\/"},{"@type":"ListItem","position":6,"name":"\u00cengrijirea pielii","item":"https:\/\/shopatoa.com\/ro\/ingrijirea-pielii\/"},{"@type":"ListItem","position":7,"name":"Demachiere","item":"https:\/\/shopatoa.com\/ro\/demachiere\/"},{"@type":"ListItem","position":8,"name":"Dr Irena Eris Cleanology lapte demachiant pentru toate tipurile de ten 200 ml"}]},{"@type":"WebSite","@id":"https:\/\/shopatoa.com\/ro\/#website","url":"https:\/\/shopatoa.com\/ro\/","name":"SHOPATOA","description":"","publisher":{"@id":"https:\/\/shopatoa.com\/ro\/#organization"},"potentialAction":[{"@type":"SearchAction","target":{"@type":"EntryPoint","urlTemplate":"https:\/\/shopatoa.com\/ro\/?s={search_term_string}"},"query-input":{"@type":"PropertyValueSpecification","valueRequired":true,"valueName":"search_term_string"}}],"inLanguage":"ro-RO"},{"@type":"Organization","@id":"https:\/\/shopatoa.com\/ro\/#organization","name":"SHOPATOA","url":"https:\/\/shopatoa.com\/ro\/","logo":{"@type":"ImageObject","inLanguage":"ro-RO","@id":"https:\/\/shopatoa.com\/ro\/#\/schema\/logo\/image\/","url":"https:\/\/storage.googleapis.com\/cz-shopatoa-img\/ro\/b4dac915-shopatoa_logo.png","contentUrl":"https:\/\/storage.googleapis.com\/cz-shopatoa-img\/ro\/b4dac915-shopatoa_logo.png","width":416,"height":63,"caption":"SHOPATOA"},"image":{"@id":"https:\/\/shopatoa.com\/ro\/#\/schema\/logo\/image\/"}}]}},"_links":{"self":[{"href":"https:\/\/shopatoa.com\/ro\/wp-json\/wp\/v2\/product\/385831","targetHints":{"allow":["GET"]}}],"collection":[{"href":"https:\/\/shopatoa.com\/ro\/wp-json\/wp\/v2\/product"}],"about":[{"href":"https:\/\/shopatoa.com\/ro\/wp-json\/wp\/v2\/types\/product"}],"replies":[{"embeddable":true,"href":"https:\/\/shopatoa.com\/ro\/wp-json\/wp\/v2\/comments?post=385831"}],"wp:featuredmedia":[{"embeddable":true,"href":"https:\/\/shopatoa.com\/ro\/wp-json\/wp\/v2\/media\/385832"}],"wp:attachment":[{"href":"https:\/\/shopatoa.com\/ro\/wp-json\/wp\/v2\/media?parent=385831"}],"wp:term":[{"taxonomy":"product_brand","embeddable":true,"href":"https:\/\/shopatoa.com\/ro\/wp-json\/wp\/v2\/product_brand?post=385831"},{"taxonomy":"product_cat","embeddable":true,"href":"https:\/\/shopatoa.com\/ro\/wp-json\/wp\/v2\/product_cat?post=385831"},{"taxonomy":"product_tag","embeddable":true,"href":"https:\/\/shopatoa.com\/ro\/wp-json\/wp\/v2\/product_tag?post=385831"}],"curies":[{"name":"wp","href":"https:\/\/api.w.org\/{rel}","templated":true}]}}