{"id":385939,"date":"2025-06-16T14:15:56","date_gmt":"2025-06-16T12:15:56","guid":{"rendered":"https:\/\/shopatoa.com\/ro\/busyb-beaver-reliever-becky-blossom-balsam-dupa-barbierit-pentru-pielea-sensibila-75-ml\/"},"modified":"2025-12-12T23:04:31","modified_gmt":"2025-12-12T22:04:31","slug":"busyb-beaver-reliever-becky-blossom-balsam-dupa-barbierit-pentru-pielea-sensibila-75-ml","status":"publish","type":"product","link":"https:\/\/shopatoa.com\/ro\/busyb-beaver-reliever-becky-blossom-balsam-dupa-barbierit-pentru-pielea-sensibila-75-ml\/","title":{"rendered":"BusyB Beaver Reliever Becky Blossom balsam dup\u0103 b\u0103rbierit pentru pielea sensibil\u0103 75 ml"},"content":{"rendered":"<p>BusyB Beaver Reliever Becky Blossom, 75 ml, Produse dup\u0103 ras pentru femei, \u00cen urma rasului sau epil\u0103rii, pielea dvs. poate deveni iritat\u0103, sensibil\u0103 \u0219i foarte fragil\u0103. Produsul BusyB Beaver Reliever Becky Blossom, dup\u0103 \u00eendep\u0103rtarea firele de p\u0103r, v\u0103 va calma pielea, va ameliora semnele de irita\u021bie \u0219i va favoriza regenerarea acesteia. Indiferent dac\u0103 este stresat\u0103 \u00een urma depil\u0103rii sau epil\u0103rii, acesta va oferi o \u00eengrijire regeneratoare \u0219i o va l\u0103sa catifelat\u0103, hr\u0103nit\u0103 \u0219i cu o senza\u021bie de confort.  Caracteristici:  calmeaz\u0103 \u0219i regenereaz\u0103 pielea \u00eencetine\u0219te cre\u0219terea p\u0103rului nedorit amelioreaz\u0103 ro\u0219ea\u021ba elimin\u0103 senza\u021bia de arsur\u0103 dup\u0103 b\u0103rbierit miroase pl\u0103cut  Ingrediente:  aloe vera \u2013 are efecte puternic hidratante \u0219i de regenerare, ac\u021bioneaz\u0103 ca antioxidant, ajut\u0103 la protejarea \u00eempotriva radicalilor liberi \u0219i a usc\u0103rii extract de mu\u0219e\u021bel \u2013 calmeaz\u0103, combate irita\u021bia, ajut\u0103 la reducerea ro\u0219e\u021bii \u0219i favorizeaz\u0103 regenerarea pantenol \u2013 are efecte hidratante \u0219i calmante, amelioreaz\u0103 irita\u021bia, ro\u0219ea\u021ba, uscarea \u0219i senza\u021biilor de disconfort acid citric \u2013 prin exfoliere, \u00eendep\u0103rteaz\u0103 celulele moarte cutanate, ajut\u0103 la regenerarea stratului superior al pielii, contribuie la uniformizarea, luminarea \u0219i netezirea acesteia  Cum se utilizeaz\u0103: Crema se aplic\u0103 direct pe piele dup\u0103 ras, depilare sau epilare. Aplicarea poate fi repetat\u0103 oric\u00e2nd \u00een timpul zilei.<\/p>\n","protected":false},"excerpt":{"rendered":"<p>BusyB Beaver Reliever Becky Blossom, 75 ml, Produse dup\u0103 ras pentru femei, \u00cen urma rasului sau epil\u0103rii, pielea dvs. poate deveni iritat\u0103, sensibil\u0103 \u0219i foarte fragil\u0103. Produsul BusyB Beaver Reliever Becky Blossom, dup\u0103 \u00eendep\u0103rtarea firele de p\u0103r, v\u0103 va calma pielea, va ameliora semnele de irita\u021bie \u0219i va favoriza regenerarea acesteia. Indiferent dac\u0103 este stresat\u0103&#8230;<\/p>\n","protected":false},"featured_media":385940,"comment_status":"closed","ping_status":"open","template":"","meta":{"_acf_changed":false,"_kadence_starter_templates_imported_post":false,"_kad_post_transparent":"","_kad_post_title":"","_kad_post_layout":"","_kad_post_sidebar_id":"","_kad_post_content_style":"","_kad_post_vertical_padding":"","_kad_post_feature":"","_kad_post_feature_position":"","_kad_post_header":false,"_kad_post_footer":false,"_kad_post_classname":""},"product_brand":[2467],"product_cat":[1947,1881,1563,1562],"product_tag":[],"class_list":{"0":"post-385939","1":"product","2":"type-product","3":"status-publish","4":"has-post-thumbnail","6":"product_brand-busyb","7":"product_cat-balsam-dupa-ras","8":"product_cat-barbierit-si-ingrijire","9":"product_cat-ingrijire-personala","10":"product_cat-sanatate-si-frumusete","11":"pa_gen-female","12":"pa_marime-75-ml","14":"first","15":"instock","16":"sale","17":"product-type-external","18":"entry","19":"content-bg","20":"loop-entry"},"acf":[],"yoast_head":"<!-- This site is optimized with the Yoast SEO plugin v27.4 - https:\/\/yoast.com\/product\/yoast-seo-wordpress\/ -->\n<title>BusyB Beaver Reliever Becky Blossom balsam dup\u0103 b\u0103rbierit pentru pielea sensibil\u0103 75 ml - SHOPATOA.COM<\/title>\n<meta name=\"robots\" content=\"index, follow, max-snippet:-1, max-image-preview:large, max-video-preview:-1\" \/>\n<link rel=\"canonical\" href=\"https:\/\/shopatoa.com\/ro\/busyb-beaver-reliever-becky-blossom-balsam-dupa-barbierit-pentru-pielea-sensibila-75-ml\/\" \/>\n<meta property=\"og:locale\" content=\"ro_RO\" \/>\n<meta property=\"og:type\" content=\"article\" \/>\n<meta property=\"og:title\" content=\"BusyB Beaver Reliever Becky Blossom balsam dup\u0103 b\u0103rbierit pentru pielea sensibil\u0103 75 ml - SHOPATOA.COM\" \/>\n<meta property=\"og:description\" content=\"BusyB Beaver Reliever Becky Blossom, 75 ml, Produse dup\u0103 ras pentru femei, \u00cen urma rasului sau epil\u0103rii, pielea dvs. poate deveni iritat\u0103, sensibil\u0103 \u0219i foarte fragil\u0103. Produsul BusyB Beaver Reliever Becky Blossom, dup\u0103 \u00eendep\u0103rtarea firele de p\u0103r, v\u0103 va calma pielea, va ameliora semnele de irita\u021bie \u0219i va favoriza regenerarea acesteia. Indiferent dac\u0103 este stresat\u0103...\" \/>\n<meta property=\"og:url\" content=\"https:\/\/shopatoa.com\/ro\/busyb-beaver-reliever-becky-blossom-balsam-dupa-barbierit-pentru-pielea-sensibila-75-ml\/\" \/>\n<meta property=\"og:site_name\" content=\"SHOPATOA\" \/>\n<meta property=\"article:modified_time\" content=\"2025-12-12T22:04:31+00:00\" \/>\n<meta property=\"og:image\" content=\"https:\/\/storage.googleapis.com\/cz-shopatoa-img\/ro\/87ceaadd-unnamed-file.webp\" \/>\n\t<meta property=\"og:image:width\" content=\"800\" \/>\n\t<meta property=\"og:image:height\" content=\"800\" \/>\n\t<meta property=\"og:image:type\" content=\"image\/webp\" \/>\n<meta name=\"twitter:card\" content=\"summary_large_image\" \/>\n<meta name=\"twitter:label1\" content=\"Timp estimat pentru citire\" \/>\n\t<meta name=\"twitter:data1\" content=\"1 minut\" \/>\n<script type=\"application\/ld+json\" class=\"yoast-schema-graph\">{\"@context\":\"https:\\\/\\\/schema.org\",\"@graph\":[{\"@type\":\"WebPage\",\"@id\":\"https:\\\/\\\/shopatoa.com\\\/ro\\\/busyb-beaver-reliever-becky-blossom-balsam-dupa-barbierit-pentru-pielea-sensibila-75-ml\\\/\",\"url\":\"https:\\\/\\\/shopatoa.com\\\/ro\\\/busyb-beaver-reliever-becky-blossom-balsam-dupa-barbierit-pentru-pielea-sensibila-75-ml\\\/\",\"name\":\"BusyB Beaver Reliever Becky Blossom balsam dup\u0103 b\u0103rbierit pentru pielea sensibil\u0103 75 ml - SHOPATOA.COM\",\"isPartOf\":{\"@id\":\"https:\\\/\\\/shopatoa.com\\\/ro\\\/#website\"},\"primaryImageOfPage\":{\"@id\":\"https:\\\/\\\/shopatoa.com\\\/ro\\\/busyb-beaver-reliever-becky-blossom-balsam-dupa-barbierit-pentru-pielea-sensibila-75-ml\\\/#primaryimage\"},\"image\":{\"@id\":\"https:\\\/\\\/shopatoa.com\\\/ro\\\/busyb-beaver-reliever-becky-blossom-balsam-dupa-barbierit-pentru-pielea-sensibila-75-ml\\\/#primaryimage\"},\"thumbnailUrl\":\"https:\\\/\\\/storage.googleapis.com\\\/cz-shopatoa-img\\\/ro\\\/87ceaadd-unnamed-file.webp\",\"datePublished\":\"2025-06-16T12:15:56+00:00\",\"dateModified\":\"2025-12-12T22:04:31+00:00\",\"breadcrumb\":{\"@id\":\"https:\\\/\\\/shopatoa.com\\\/ro\\\/busyb-beaver-reliever-becky-blossom-balsam-dupa-barbierit-pentru-pielea-sensibila-75-ml\\\/#breadcrumb\"},\"inLanguage\":\"ro-RO\",\"potentialAction\":[{\"@type\":\"ReadAction\",\"target\":[\"https:\\\/\\\/shopatoa.com\\\/ro\\\/busyb-beaver-reliever-becky-blossom-balsam-dupa-barbierit-pentru-pielea-sensibila-75-ml\\\/\"]}]},{\"@type\":\"ImageObject\",\"inLanguage\":\"ro-RO\",\"@id\":\"https:\\\/\\\/shopatoa.com\\\/ro\\\/busyb-beaver-reliever-becky-blossom-balsam-dupa-barbierit-pentru-pielea-sensibila-75-ml\\\/#primaryimage\",\"url\":\"https:\\\/\\\/storage.googleapis.com\\\/cz-shopatoa-img\\\/ro\\\/87ceaadd-unnamed-file.webp\",\"contentUrl\":\"https:\\\/\\\/storage.googleapis.com\\\/cz-shopatoa-img\\\/ro\\\/87ceaadd-unnamed-file.webp\",\"width\":800,\"height\":800},{\"@type\":\"BreadcrumbList\",\"@id\":\"https:\\\/\\\/shopatoa.com\\\/ro\\\/busyb-beaver-reliever-becky-blossom-balsam-dupa-barbierit-pentru-pielea-sensibila-75-ml\\\/#breadcrumb\",\"itemListElement\":[{\"@type\":\"ListItem\",\"position\":1,\"name\":\"Dom\u016f\",\"item\":\"https:\\\/\\\/shopatoa.com\\\/ro\\\/\"},{\"@type\":\"ListItem\",\"position\":2,\"name\":\"Shop\",\"item\":\"https:\\\/\\\/shopatoa.com\\\/ro\\\/shop\\\/\"},{\"@type\":\"ListItem\",\"position\":3,\"name\":\"S\u0103n\u0103tate \u0219i frumuse\u021be\",\"item\":\"https:\\\/\\\/shopatoa.com\\\/ro\\\/sanatate-si-frumusete\\\/\"},{\"@type\":\"ListItem\",\"position\":4,\"name\":\"\u00cengrijire personal\u0103\",\"item\":\"https:\\\/\\\/shopatoa.com\\\/ro\\\/ingrijire-personala\\\/\"},{\"@type\":\"ListItem\",\"position\":5,\"name\":\"B\u0103rbierit \u0219i \u00eengrijire\",\"item\":\"https:\\\/\\\/shopatoa.com\\\/ro\\\/barbierit-si-ingrijire\\\/\"},{\"@type\":\"ListItem\",\"position\":6,\"name\":\"Balsam dup\u0103 ras\",\"item\":\"https:\\\/\\\/shopatoa.com\\\/ro\\\/balsam-dupa-ras\\\/\"},{\"@type\":\"ListItem\",\"position\":7,\"name\":\"BusyB Beaver Reliever Becky Blossom balsam dup\u0103 b\u0103rbierit pentru pielea sensibil\u0103 75 ml\"}]},{\"@type\":\"WebSite\",\"@id\":\"https:\\\/\\\/shopatoa.com\\\/ro\\\/#website\",\"url\":\"https:\\\/\\\/shopatoa.com\\\/ro\\\/\",\"name\":\"SHOPATOA\",\"description\":\"\",\"publisher\":{\"@id\":\"https:\\\/\\\/shopatoa.com\\\/ro\\\/#organization\"},\"potentialAction\":[{\"@type\":\"SearchAction\",\"target\":{\"@type\":\"EntryPoint\",\"urlTemplate\":\"https:\\\/\\\/shopatoa.com\\\/ro\\\/?s={search_term_string}\"},\"query-input\":{\"@type\":\"PropertyValueSpecification\",\"valueRequired\":true,\"valueName\":\"search_term_string\"}}],\"inLanguage\":\"ro-RO\"},{\"@type\":\"Organization\",\"@id\":\"https:\\\/\\\/shopatoa.com\\\/ro\\\/#organization\",\"name\":\"SHOPATOA\",\"url\":\"https:\\\/\\\/shopatoa.com\\\/ro\\\/\",\"logo\":{\"@type\":\"ImageObject\",\"inLanguage\":\"ro-RO\",\"@id\":\"https:\\\/\\\/shopatoa.com\\\/ro\\\/#\\\/schema\\\/logo\\\/image\\\/\",\"url\":\"https:\\\/\\\/storage.googleapis.com\\\/cz-shopatoa-img\\\/ro\\\/b4dac915-shopatoa_logo.png\",\"contentUrl\":\"https:\\\/\\\/storage.googleapis.com\\\/cz-shopatoa-img\\\/ro\\\/b4dac915-shopatoa_logo.png\",\"width\":416,\"height\":63,\"caption\":\"SHOPATOA\"},\"image\":{\"@id\":\"https:\\\/\\\/shopatoa.com\\\/ro\\\/#\\\/schema\\\/logo\\\/image\\\/\"}}]}<\/script>\n<!-- \/ Yoast SEO plugin. -->","yoast_head_json":{"title":"BusyB Beaver Reliever Becky Blossom balsam dup\u0103 b\u0103rbierit pentru pielea sensibil\u0103 75 ml - SHOPATOA.COM","robots":{"index":"index","follow":"follow","max-snippet":"max-snippet:-1","max-image-preview":"max-image-preview:large","max-video-preview":"max-video-preview:-1"},"canonical":"https:\/\/shopatoa.com\/ro\/busyb-beaver-reliever-becky-blossom-balsam-dupa-barbierit-pentru-pielea-sensibila-75-ml\/","og_locale":"ro_RO","og_type":"article","og_title":"BusyB Beaver Reliever Becky Blossom balsam dup\u0103 b\u0103rbierit pentru pielea sensibil\u0103 75 ml - SHOPATOA.COM","og_description":"BusyB Beaver Reliever Becky Blossom, 75 ml, Produse dup\u0103 ras pentru femei, \u00cen urma rasului sau epil\u0103rii, pielea dvs. poate deveni iritat\u0103, sensibil\u0103 \u0219i foarte fragil\u0103. Produsul BusyB Beaver Reliever Becky Blossom, dup\u0103 \u00eendep\u0103rtarea firele de p\u0103r, v\u0103 va calma pielea, va ameliora semnele de irita\u021bie \u0219i va favoriza regenerarea acesteia. Indiferent dac\u0103 este stresat\u0103...","og_url":"https:\/\/shopatoa.com\/ro\/busyb-beaver-reliever-becky-blossom-balsam-dupa-barbierit-pentru-pielea-sensibila-75-ml\/","og_site_name":"SHOPATOA","article_modified_time":"2025-12-12T22:04:31+00:00","og_image":[{"width":800,"height":800,"url":"https:\/\/storage.googleapis.com\/cz-shopatoa-img\/ro\/87ceaadd-unnamed-file.webp","type":"image\/webp"}],"twitter_card":"summary_large_image","twitter_misc":{"Timp estimat pentru citire":"1 minut"},"schema":{"@context":"https:\/\/schema.org","@graph":[{"@type":"WebPage","@id":"https:\/\/shopatoa.com\/ro\/busyb-beaver-reliever-becky-blossom-balsam-dupa-barbierit-pentru-pielea-sensibila-75-ml\/","url":"https:\/\/shopatoa.com\/ro\/busyb-beaver-reliever-becky-blossom-balsam-dupa-barbierit-pentru-pielea-sensibila-75-ml\/","name":"BusyB Beaver Reliever Becky Blossom balsam dup\u0103 b\u0103rbierit pentru pielea sensibil\u0103 75 ml - SHOPATOA.COM","isPartOf":{"@id":"https:\/\/shopatoa.com\/ro\/#website"},"primaryImageOfPage":{"@id":"https:\/\/shopatoa.com\/ro\/busyb-beaver-reliever-becky-blossom-balsam-dupa-barbierit-pentru-pielea-sensibila-75-ml\/#primaryimage"},"image":{"@id":"https:\/\/shopatoa.com\/ro\/busyb-beaver-reliever-becky-blossom-balsam-dupa-barbierit-pentru-pielea-sensibila-75-ml\/#primaryimage"},"thumbnailUrl":"https:\/\/storage.googleapis.com\/cz-shopatoa-img\/ro\/87ceaadd-unnamed-file.webp","datePublished":"2025-06-16T12:15:56+00:00","dateModified":"2025-12-12T22:04:31+00:00","breadcrumb":{"@id":"https:\/\/shopatoa.com\/ro\/busyb-beaver-reliever-becky-blossom-balsam-dupa-barbierit-pentru-pielea-sensibila-75-ml\/#breadcrumb"},"inLanguage":"ro-RO","potentialAction":[{"@type":"ReadAction","target":["https:\/\/shopatoa.com\/ro\/busyb-beaver-reliever-becky-blossom-balsam-dupa-barbierit-pentru-pielea-sensibila-75-ml\/"]}]},{"@type":"ImageObject","inLanguage":"ro-RO","@id":"https:\/\/shopatoa.com\/ro\/busyb-beaver-reliever-becky-blossom-balsam-dupa-barbierit-pentru-pielea-sensibila-75-ml\/#primaryimage","url":"https:\/\/storage.googleapis.com\/cz-shopatoa-img\/ro\/87ceaadd-unnamed-file.webp","contentUrl":"https:\/\/storage.googleapis.com\/cz-shopatoa-img\/ro\/87ceaadd-unnamed-file.webp","width":800,"height":800},{"@type":"BreadcrumbList","@id":"https:\/\/shopatoa.com\/ro\/busyb-beaver-reliever-becky-blossom-balsam-dupa-barbierit-pentru-pielea-sensibila-75-ml\/#breadcrumb","itemListElement":[{"@type":"ListItem","position":1,"name":"Dom\u016f","item":"https:\/\/shopatoa.com\/ro\/"},{"@type":"ListItem","position":2,"name":"Shop","item":"https:\/\/shopatoa.com\/ro\/shop\/"},{"@type":"ListItem","position":3,"name":"S\u0103n\u0103tate \u0219i frumuse\u021be","item":"https:\/\/shopatoa.com\/ro\/sanatate-si-frumusete\/"},{"@type":"ListItem","position":4,"name":"\u00cengrijire personal\u0103","item":"https:\/\/shopatoa.com\/ro\/ingrijire-personala\/"},{"@type":"ListItem","position":5,"name":"B\u0103rbierit \u0219i \u00eengrijire","item":"https:\/\/shopatoa.com\/ro\/barbierit-si-ingrijire\/"},{"@type":"ListItem","position":6,"name":"Balsam dup\u0103 ras","item":"https:\/\/shopatoa.com\/ro\/balsam-dupa-ras\/"},{"@type":"ListItem","position":7,"name":"BusyB Beaver Reliever Becky Blossom balsam dup\u0103 b\u0103rbierit pentru pielea sensibil\u0103 75 ml"}]},{"@type":"WebSite","@id":"https:\/\/shopatoa.com\/ro\/#website","url":"https:\/\/shopatoa.com\/ro\/","name":"SHOPATOA","description":"","publisher":{"@id":"https:\/\/shopatoa.com\/ro\/#organization"},"potentialAction":[{"@type":"SearchAction","target":{"@type":"EntryPoint","urlTemplate":"https:\/\/shopatoa.com\/ro\/?s={search_term_string}"},"query-input":{"@type":"PropertyValueSpecification","valueRequired":true,"valueName":"search_term_string"}}],"inLanguage":"ro-RO"},{"@type":"Organization","@id":"https:\/\/shopatoa.com\/ro\/#organization","name":"SHOPATOA","url":"https:\/\/shopatoa.com\/ro\/","logo":{"@type":"ImageObject","inLanguage":"ro-RO","@id":"https:\/\/shopatoa.com\/ro\/#\/schema\/logo\/image\/","url":"https:\/\/storage.googleapis.com\/cz-shopatoa-img\/ro\/b4dac915-shopatoa_logo.png","contentUrl":"https:\/\/storage.googleapis.com\/cz-shopatoa-img\/ro\/b4dac915-shopatoa_logo.png","width":416,"height":63,"caption":"SHOPATOA"},"image":{"@id":"https:\/\/shopatoa.com\/ro\/#\/schema\/logo\/image\/"}}]}},"_links":{"self":[{"href":"https:\/\/shopatoa.com\/ro\/wp-json\/wp\/v2\/product\/385939","targetHints":{"allow":["GET"]}}],"collection":[{"href":"https:\/\/shopatoa.com\/ro\/wp-json\/wp\/v2\/product"}],"about":[{"href":"https:\/\/shopatoa.com\/ro\/wp-json\/wp\/v2\/types\/product"}],"replies":[{"embeddable":true,"href":"https:\/\/shopatoa.com\/ro\/wp-json\/wp\/v2\/comments?post=385939"}],"wp:featuredmedia":[{"embeddable":true,"href":"https:\/\/shopatoa.com\/ro\/wp-json\/wp\/v2\/media\/385940"}],"wp:attachment":[{"href":"https:\/\/shopatoa.com\/ro\/wp-json\/wp\/v2\/media?parent=385939"}],"wp:term":[{"taxonomy":"product_brand","embeddable":true,"href":"https:\/\/shopatoa.com\/ro\/wp-json\/wp\/v2\/product_brand?post=385939"},{"taxonomy":"product_cat","embeddable":true,"href":"https:\/\/shopatoa.com\/ro\/wp-json\/wp\/v2\/product_cat?post=385939"},{"taxonomy":"product_tag","embeddable":true,"href":"https:\/\/shopatoa.com\/ro\/wp-json\/wp\/v2\/product_tag?post=385939"}],"curies":[{"name":"wp","href":"https:\/\/api.w.org\/{rel}","templated":true}]}}