{"id":386231,"date":"2025-06-16T14:52:46","date_gmt":"2025-06-16T12:52:46","guid":{"rendered":"https:\/\/shopatoa.com\/ro\/it-cosmetics-your-skin-but-better-cc-nude-glow-fond-de-ten-iluminator-spf-40-culoare-neutral-medium-32-ml\/"},"modified":"2025-12-14T08:02:36","modified_gmt":"2025-12-14T07:02:36","slug":"it-cosmetics-your-skin-but-better-cc-nude-glow-fond-de-ten-iluminator-spf-40-culoare-neutral-medium-32-ml","status":"publish","type":"product","link":"https:\/\/shopatoa.com\/ro\/it-cosmetics-your-skin-but-better-cc-nude-glow-fond-de-ten-iluminator-spf-40-culoare-neutral-medium-32-ml\/","title":{"rendered":"IT Cosmetics Your Skin But Better CC + Nude Glow Fond de ten iluminator SPF 40 culoare Neutral Medium 32 ml"},"content":{"rendered":"<p>IT Cosmetics Your Skin But Better CC + Nude Glow, 32 ml, Fond de ten pentru femei, Baza unui machiaj perfect este un ten impecabil, fie c\u0103 este vorba de un look de sear\u0103 \u00eendr\u0103zne\u021b sau de un machiaj de zi foarte natural. \u00cen acest sens v\u0103 va ajuta fondul de ten IT CosmeticsYour Skin But BetterCC + Nude Glow. Se contope\u0219te perfect cu tenul \u0219i asigur\u0103 o uniformizare impecabil\u0103 a nuan\u021bei tenului. Datorit\u0103 puterii sale de acoperire, mascheaz\u0103 instantaneu imperfec\u021biunile minore, precum petele pigmentare, ro\u0219ea\u021ba sau semnele de acnee. \u00cen c\u00e2teva clipe, pute\u021bi ob\u021bine un aspect cu nuan\u021b\u0103 uniform\u0103, care va servi drept baz\u0103 excelent\u0103 pentru orice machiaj ulterior.  Caracteristici:  efect de lung\u0103 durat\u0103 ilumineaz\u0103 tenul hidrateaz\u0103 protejeaz\u0103 \u00eempotriva efectelor razelor solare  Cum se utilizeaz\u0103: Aplica\u021bi pe ten folosind o pensul\u0103, un bure\u021bel sau cu ajutorul degetelor.<\/p>\n","protected":false},"excerpt":{"rendered":"<p>IT Cosmetics Your Skin But Better CC + Nude Glow, 32 ml, Fond de ten pentru femei, Baza unui machiaj perfect este un ten impecabil, fie c\u0103 este vorba de un look de sear\u0103 \u00eendr\u0103zne\u021b sau de un machiaj de zi foarte natural. \u00cen acest sens v\u0103 va ajuta fondul de ten IT CosmeticsYour Skin&#8230;<\/p>\n","protected":false},"featured_media":386232,"comment_status":"closed","ping_status":"open","template":"","meta":{"_acf_changed":false,"_kadence_starter_templates_imported_post":false,"_kad_post_transparent":"","_kad_post_title":"","_kad_post_layout":"","_kad_post_sidebar_id":"","_kad_post_content_style":"","_kad_post_vertical_padding":"","_kad_post_feature":"","_kad_post_feature_position":"","_kad_post_header":false,"_kad_post_footer":false,"_kad_post_classname":""},"product_brand":[2483],"product_cat":[1564,1563,1576,1562],"product_tag":[],"class_list":{"0":"post-386231","1":"product","2":"type-product","3":"status-publish","4":"has-post-thumbnail","6":"product_brand-it-cosmetics","7":"product_cat-cosmetice-ingrijire-personala","8":"product_cat-ingrijire-personala","9":"product_cat-machiaj","10":"product_cat-sanatate-si-frumusete","11":"pa_gen-female","12":"pa_marime-32-ml","14":"first","15":"instock","16":"sale","17":"product-type-external","18":"entry","19":"content-bg","20":"loop-entry"},"acf":[],"yoast_head":"<!-- This site is optimized with the Yoast SEO plugin v27.4 - https:\/\/yoast.com\/product\/yoast-seo-wordpress\/ -->\n<title>IT Cosmetics Your Skin But Better CC + Nude Glow Fond de ten iluminator SPF 40 culoare Neutral Medium 32 ml - SHOPATOA.COM<\/title>\n<meta name=\"robots\" content=\"index, follow, max-snippet:-1, max-image-preview:large, max-video-preview:-1\" \/>\n<link rel=\"canonical\" href=\"https:\/\/shopatoa.com\/ro\/it-cosmetics-your-skin-but-better-cc-nude-glow-fond-de-ten-iluminator-spf-40-culoare-neutral-medium-32-ml\/\" \/>\n<meta property=\"og:locale\" content=\"ro_RO\" \/>\n<meta property=\"og:type\" content=\"article\" \/>\n<meta property=\"og:title\" content=\"IT Cosmetics Your Skin But Better CC + Nude Glow Fond de ten iluminator SPF 40 culoare Neutral Medium 32 ml - SHOPATOA.COM\" \/>\n<meta property=\"og:description\" content=\"IT Cosmetics Your Skin But Better CC + Nude Glow, 32 ml, Fond de ten pentru femei, Baza unui machiaj perfect este un ten impecabil, fie c\u0103 este vorba de un look de sear\u0103 \u00eendr\u0103zne\u021b sau de un machiaj de zi foarte natural. \u00cen acest sens v\u0103 va ajuta fondul de ten IT CosmeticsYour Skin...\" \/>\n<meta property=\"og:url\" content=\"https:\/\/shopatoa.com\/ro\/it-cosmetics-your-skin-but-better-cc-nude-glow-fond-de-ten-iluminator-spf-40-culoare-neutral-medium-32-ml\/\" \/>\n<meta property=\"og:site_name\" content=\"SHOPATOA\" \/>\n<meta property=\"article:modified_time\" content=\"2025-12-14T07:02:36+00:00\" \/>\n<meta property=\"og:image\" content=\"https:\/\/storage.googleapis.com\/cz-shopatoa-img\/ro\/6d4baeed-unnamed-file.webp\" \/>\n\t<meta property=\"og:image:width\" content=\"800\" \/>\n\t<meta property=\"og:image:height\" content=\"800\" \/>\n\t<meta property=\"og:image:type\" content=\"image\/webp\" \/>\n<meta name=\"twitter:card\" content=\"summary_large_image\" \/>\n<meta name=\"twitter:label1\" content=\"Timp estimat pentru citire\" \/>\n\t<meta name=\"twitter:data1\" content=\"1 minut\" \/>\n<script type=\"application\/ld+json\" class=\"yoast-schema-graph\">{\"@context\":\"https:\\\/\\\/schema.org\",\"@graph\":[{\"@type\":\"WebPage\",\"@id\":\"https:\\\/\\\/shopatoa.com\\\/ro\\\/it-cosmetics-your-skin-but-better-cc-nude-glow-fond-de-ten-iluminator-spf-40-culoare-neutral-medium-32-ml\\\/\",\"url\":\"https:\\\/\\\/shopatoa.com\\\/ro\\\/it-cosmetics-your-skin-but-better-cc-nude-glow-fond-de-ten-iluminator-spf-40-culoare-neutral-medium-32-ml\\\/\",\"name\":\"IT Cosmetics Your Skin But Better CC + Nude Glow Fond de ten iluminator SPF 40 culoare Neutral Medium 32 ml - SHOPATOA.COM\",\"isPartOf\":{\"@id\":\"https:\\\/\\\/shopatoa.com\\\/ro\\\/#website\"},\"primaryImageOfPage\":{\"@id\":\"https:\\\/\\\/shopatoa.com\\\/ro\\\/it-cosmetics-your-skin-but-better-cc-nude-glow-fond-de-ten-iluminator-spf-40-culoare-neutral-medium-32-ml\\\/#primaryimage\"},\"image\":{\"@id\":\"https:\\\/\\\/shopatoa.com\\\/ro\\\/it-cosmetics-your-skin-but-better-cc-nude-glow-fond-de-ten-iluminator-spf-40-culoare-neutral-medium-32-ml\\\/#primaryimage\"},\"thumbnailUrl\":\"https:\\\/\\\/storage.googleapis.com\\\/cz-shopatoa-img\\\/ro\\\/6d4baeed-unnamed-file.webp\",\"datePublished\":\"2025-06-16T12:52:46+00:00\",\"dateModified\":\"2025-12-14T07:02:36+00:00\",\"breadcrumb\":{\"@id\":\"https:\\\/\\\/shopatoa.com\\\/ro\\\/it-cosmetics-your-skin-but-better-cc-nude-glow-fond-de-ten-iluminator-spf-40-culoare-neutral-medium-32-ml\\\/#breadcrumb\"},\"inLanguage\":\"ro-RO\",\"potentialAction\":[{\"@type\":\"ReadAction\",\"target\":[\"https:\\\/\\\/shopatoa.com\\\/ro\\\/it-cosmetics-your-skin-but-better-cc-nude-glow-fond-de-ten-iluminator-spf-40-culoare-neutral-medium-32-ml\\\/\"]}]},{\"@type\":\"ImageObject\",\"inLanguage\":\"ro-RO\",\"@id\":\"https:\\\/\\\/shopatoa.com\\\/ro\\\/it-cosmetics-your-skin-but-better-cc-nude-glow-fond-de-ten-iluminator-spf-40-culoare-neutral-medium-32-ml\\\/#primaryimage\",\"url\":\"https:\\\/\\\/storage.googleapis.com\\\/cz-shopatoa-img\\\/ro\\\/6d4baeed-unnamed-file.webp\",\"contentUrl\":\"https:\\\/\\\/storage.googleapis.com\\\/cz-shopatoa-img\\\/ro\\\/6d4baeed-unnamed-file.webp\",\"width\":800,\"height\":800},{\"@type\":\"BreadcrumbList\",\"@id\":\"https:\\\/\\\/shopatoa.com\\\/ro\\\/it-cosmetics-your-skin-but-better-cc-nude-glow-fond-de-ten-iluminator-spf-40-culoare-neutral-medium-32-ml\\\/#breadcrumb\",\"itemListElement\":[{\"@type\":\"ListItem\",\"position\":1,\"name\":\"Dom\u016f\",\"item\":\"https:\\\/\\\/shopatoa.com\\\/ro\\\/\"},{\"@type\":\"ListItem\",\"position\":2,\"name\":\"Shop\",\"item\":\"https:\\\/\\\/shopatoa.com\\\/ro\\\/shop\\\/\"},{\"@type\":\"ListItem\",\"position\":3,\"name\":\"S\u0103n\u0103tate \u0219i frumuse\u021be\",\"item\":\"https:\\\/\\\/shopatoa.com\\\/ro\\\/sanatate-si-frumusete\\\/\"},{\"@type\":\"ListItem\",\"position\":4,\"name\":\"\u00cengrijire personal\u0103\",\"item\":\"https:\\\/\\\/shopatoa.com\\\/ro\\\/ingrijire-personala\\\/\"},{\"@type\":\"ListItem\",\"position\":5,\"name\":\"Cosmetice\",\"item\":\"https:\\\/\\\/shopatoa.com\\\/ro\\\/cosmetice-ingrijire-personala\\\/\"},{\"@type\":\"ListItem\",\"position\":6,\"name\":\"Machiaj\",\"item\":\"https:\\\/\\\/shopatoa.com\\\/ro\\\/machiaj\\\/\"},{\"@type\":\"ListItem\",\"position\":7,\"name\":\"IT Cosmetics Your Skin But Better CC + Nude Glow Fond de ten iluminator SPF 40 culoare Neutral Medium 32 ml\"}]},{\"@type\":\"WebSite\",\"@id\":\"https:\\\/\\\/shopatoa.com\\\/ro\\\/#website\",\"url\":\"https:\\\/\\\/shopatoa.com\\\/ro\\\/\",\"name\":\"SHOPATOA\",\"description\":\"\",\"publisher\":{\"@id\":\"https:\\\/\\\/shopatoa.com\\\/ro\\\/#organization\"},\"potentialAction\":[{\"@type\":\"SearchAction\",\"target\":{\"@type\":\"EntryPoint\",\"urlTemplate\":\"https:\\\/\\\/shopatoa.com\\\/ro\\\/?s={search_term_string}\"},\"query-input\":{\"@type\":\"PropertyValueSpecification\",\"valueRequired\":true,\"valueName\":\"search_term_string\"}}],\"inLanguage\":\"ro-RO\"},{\"@type\":\"Organization\",\"@id\":\"https:\\\/\\\/shopatoa.com\\\/ro\\\/#organization\",\"name\":\"SHOPATOA\",\"url\":\"https:\\\/\\\/shopatoa.com\\\/ro\\\/\",\"logo\":{\"@type\":\"ImageObject\",\"inLanguage\":\"ro-RO\",\"@id\":\"https:\\\/\\\/shopatoa.com\\\/ro\\\/#\\\/schema\\\/logo\\\/image\\\/\",\"url\":\"https:\\\/\\\/storage.googleapis.com\\\/cz-shopatoa-img\\\/ro\\\/b4dac915-shopatoa_logo.png\",\"contentUrl\":\"https:\\\/\\\/storage.googleapis.com\\\/cz-shopatoa-img\\\/ro\\\/b4dac915-shopatoa_logo.png\",\"width\":416,\"height\":63,\"caption\":\"SHOPATOA\"},\"image\":{\"@id\":\"https:\\\/\\\/shopatoa.com\\\/ro\\\/#\\\/schema\\\/logo\\\/image\\\/\"}}]}<\/script>\n<!-- \/ Yoast SEO plugin. -->","yoast_head_json":{"title":"IT Cosmetics Your Skin But Better CC + Nude Glow Fond de ten iluminator SPF 40 culoare Neutral Medium 32 ml - SHOPATOA.COM","robots":{"index":"index","follow":"follow","max-snippet":"max-snippet:-1","max-image-preview":"max-image-preview:large","max-video-preview":"max-video-preview:-1"},"canonical":"https:\/\/shopatoa.com\/ro\/it-cosmetics-your-skin-but-better-cc-nude-glow-fond-de-ten-iluminator-spf-40-culoare-neutral-medium-32-ml\/","og_locale":"ro_RO","og_type":"article","og_title":"IT Cosmetics Your Skin But Better CC + Nude Glow Fond de ten iluminator SPF 40 culoare Neutral Medium 32 ml - SHOPATOA.COM","og_description":"IT Cosmetics Your Skin But Better CC + Nude Glow, 32 ml, Fond de ten pentru femei, Baza unui machiaj perfect este un ten impecabil, fie c\u0103 este vorba de un look de sear\u0103 \u00eendr\u0103zne\u021b sau de un machiaj de zi foarte natural. \u00cen acest sens v\u0103 va ajuta fondul de ten IT CosmeticsYour Skin...","og_url":"https:\/\/shopatoa.com\/ro\/it-cosmetics-your-skin-but-better-cc-nude-glow-fond-de-ten-iluminator-spf-40-culoare-neutral-medium-32-ml\/","og_site_name":"SHOPATOA","article_modified_time":"2025-12-14T07:02:36+00:00","og_image":[{"width":800,"height":800,"url":"https:\/\/storage.googleapis.com\/cz-shopatoa-img\/ro\/6d4baeed-unnamed-file.webp","type":"image\/webp"}],"twitter_card":"summary_large_image","twitter_misc":{"Timp estimat pentru citire":"1 minut"},"schema":{"@context":"https:\/\/schema.org","@graph":[{"@type":"WebPage","@id":"https:\/\/shopatoa.com\/ro\/it-cosmetics-your-skin-but-better-cc-nude-glow-fond-de-ten-iluminator-spf-40-culoare-neutral-medium-32-ml\/","url":"https:\/\/shopatoa.com\/ro\/it-cosmetics-your-skin-but-better-cc-nude-glow-fond-de-ten-iluminator-spf-40-culoare-neutral-medium-32-ml\/","name":"IT Cosmetics Your Skin But Better CC + Nude Glow Fond de ten iluminator SPF 40 culoare Neutral Medium 32 ml - SHOPATOA.COM","isPartOf":{"@id":"https:\/\/shopatoa.com\/ro\/#website"},"primaryImageOfPage":{"@id":"https:\/\/shopatoa.com\/ro\/it-cosmetics-your-skin-but-better-cc-nude-glow-fond-de-ten-iluminator-spf-40-culoare-neutral-medium-32-ml\/#primaryimage"},"image":{"@id":"https:\/\/shopatoa.com\/ro\/it-cosmetics-your-skin-but-better-cc-nude-glow-fond-de-ten-iluminator-spf-40-culoare-neutral-medium-32-ml\/#primaryimage"},"thumbnailUrl":"https:\/\/storage.googleapis.com\/cz-shopatoa-img\/ro\/6d4baeed-unnamed-file.webp","datePublished":"2025-06-16T12:52:46+00:00","dateModified":"2025-12-14T07:02:36+00:00","breadcrumb":{"@id":"https:\/\/shopatoa.com\/ro\/it-cosmetics-your-skin-but-better-cc-nude-glow-fond-de-ten-iluminator-spf-40-culoare-neutral-medium-32-ml\/#breadcrumb"},"inLanguage":"ro-RO","potentialAction":[{"@type":"ReadAction","target":["https:\/\/shopatoa.com\/ro\/it-cosmetics-your-skin-but-better-cc-nude-glow-fond-de-ten-iluminator-spf-40-culoare-neutral-medium-32-ml\/"]}]},{"@type":"ImageObject","inLanguage":"ro-RO","@id":"https:\/\/shopatoa.com\/ro\/it-cosmetics-your-skin-but-better-cc-nude-glow-fond-de-ten-iluminator-spf-40-culoare-neutral-medium-32-ml\/#primaryimage","url":"https:\/\/storage.googleapis.com\/cz-shopatoa-img\/ro\/6d4baeed-unnamed-file.webp","contentUrl":"https:\/\/storage.googleapis.com\/cz-shopatoa-img\/ro\/6d4baeed-unnamed-file.webp","width":800,"height":800},{"@type":"BreadcrumbList","@id":"https:\/\/shopatoa.com\/ro\/it-cosmetics-your-skin-but-better-cc-nude-glow-fond-de-ten-iluminator-spf-40-culoare-neutral-medium-32-ml\/#breadcrumb","itemListElement":[{"@type":"ListItem","position":1,"name":"Dom\u016f","item":"https:\/\/shopatoa.com\/ro\/"},{"@type":"ListItem","position":2,"name":"Shop","item":"https:\/\/shopatoa.com\/ro\/shop\/"},{"@type":"ListItem","position":3,"name":"S\u0103n\u0103tate \u0219i frumuse\u021be","item":"https:\/\/shopatoa.com\/ro\/sanatate-si-frumusete\/"},{"@type":"ListItem","position":4,"name":"\u00cengrijire personal\u0103","item":"https:\/\/shopatoa.com\/ro\/ingrijire-personala\/"},{"@type":"ListItem","position":5,"name":"Cosmetice","item":"https:\/\/shopatoa.com\/ro\/cosmetice-ingrijire-personala\/"},{"@type":"ListItem","position":6,"name":"Machiaj","item":"https:\/\/shopatoa.com\/ro\/machiaj\/"},{"@type":"ListItem","position":7,"name":"IT Cosmetics Your Skin But Better CC + Nude Glow Fond de ten iluminator SPF 40 culoare Neutral Medium 32 ml"}]},{"@type":"WebSite","@id":"https:\/\/shopatoa.com\/ro\/#website","url":"https:\/\/shopatoa.com\/ro\/","name":"SHOPATOA","description":"","publisher":{"@id":"https:\/\/shopatoa.com\/ro\/#organization"},"potentialAction":[{"@type":"SearchAction","target":{"@type":"EntryPoint","urlTemplate":"https:\/\/shopatoa.com\/ro\/?s={search_term_string}"},"query-input":{"@type":"PropertyValueSpecification","valueRequired":true,"valueName":"search_term_string"}}],"inLanguage":"ro-RO"},{"@type":"Organization","@id":"https:\/\/shopatoa.com\/ro\/#organization","name":"SHOPATOA","url":"https:\/\/shopatoa.com\/ro\/","logo":{"@type":"ImageObject","inLanguage":"ro-RO","@id":"https:\/\/shopatoa.com\/ro\/#\/schema\/logo\/image\/","url":"https:\/\/storage.googleapis.com\/cz-shopatoa-img\/ro\/b4dac915-shopatoa_logo.png","contentUrl":"https:\/\/storage.googleapis.com\/cz-shopatoa-img\/ro\/b4dac915-shopatoa_logo.png","width":416,"height":63,"caption":"SHOPATOA"},"image":{"@id":"https:\/\/shopatoa.com\/ro\/#\/schema\/logo\/image\/"}}]}},"_links":{"self":[{"href":"https:\/\/shopatoa.com\/ro\/wp-json\/wp\/v2\/product\/386231","targetHints":{"allow":["GET"]}}],"collection":[{"href":"https:\/\/shopatoa.com\/ro\/wp-json\/wp\/v2\/product"}],"about":[{"href":"https:\/\/shopatoa.com\/ro\/wp-json\/wp\/v2\/types\/product"}],"replies":[{"embeddable":true,"href":"https:\/\/shopatoa.com\/ro\/wp-json\/wp\/v2\/comments?post=386231"}],"wp:featuredmedia":[{"embeddable":true,"href":"https:\/\/shopatoa.com\/ro\/wp-json\/wp\/v2\/media\/386232"}],"wp:attachment":[{"href":"https:\/\/shopatoa.com\/ro\/wp-json\/wp\/v2\/media?parent=386231"}],"wp:term":[{"taxonomy":"product_brand","embeddable":true,"href":"https:\/\/shopatoa.com\/ro\/wp-json\/wp\/v2\/product_brand?post=386231"},{"taxonomy":"product_cat","embeddable":true,"href":"https:\/\/shopatoa.com\/ro\/wp-json\/wp\/v2\/product_cat?post=386231"},{"taxonomy":"product_tag","embeddable":true,"href":"https:\/\/shopatoa.com\/ro\/wp-json\/wp\/v2\/product_tag?post=386231"}],"curies":[{"name":"wp","href":"https:\/\/api.w.org\/{rel}","templated":true}]}}