{"id":386606,"date":"2025-06-16T15:36:43","date_gmt":"2025-06-16T13:36:43","guid":{"rendered":"https:\/\/shopatoa.com\/ro\/canpol-babies-nail-care-set-set-de-manichiura-pentru-copii-pink\/"},"modified":"2025-12-13T10:56:08","modified_gmt":"2025-12-13T09:56:08","slug":"canpol-babies-nail-care-set-set-de-manichiura-pentru-copii-pink","status":"publish","type":"product","link":"https:\/\/shopatoa.com\/ro\/canpol-babies-nail-care-set-set-de-manichiura-pentru-copii-pink\/","title":{"rendered":"Canpol babies Nail Care Set Set de manichiur\u0103 pentru copii Pink"},"content":{"rendered":"<p>Canpol babies Nail Care Set, Foarfece pentru bebelu\u0219i pentru copii, T\u0103ierea unghiu\u021belor copiilor nu este complicat\u0103. Foarfecele pentru bebelu\u0219i Canpol babies Nail Care Set au forma \u0219i elementele de siguran\u021b\u0103 special concepute, a\u0219a c\u0103 nu ave\u021bi de ce s\u0103 v\u0103 \u00eengrijora\u021bi. Rezolva\u021bi totul mai u\u0219or \u0219i mai confortabil dec\u00e2t a\u021bi putea crede.  Caracteristici:  recomandate pentru nou-n\u0103scu\u021bi \u0219i copii mici ambalaj de siguran\u021b\u0103 v\u00e2rfuri rotunjite realizate din o\u021bel inoxidabil  Setul con\u021bine:  foarfece cu v\u00e2rf rotunjit pentru copii unghiera pil\u0103 de unghii penseta cutie<\/p>\n","protected":false},"excerpt":{"rendered":"<p>Canpol babies Nail Care Set, Foarfece pentru bebelu\u0219i pentru copii, T\u0103ierea unghiu\u021belor copiilor nu este complicat\u0103. Foarfecele pentru bebelu\u0219i Canpol babies Nail Care Set au forma \u0219i elementele de siguran\u021b\u0103 special concepute, a\u0219a c\u0103 nu ave\u021bi de ce s\u0103 v\u0103 \u00eengrijora\u021bi. Rezolva\u021bi totul mai u\u0219or \u0219i mai confortabil dec\u00e2t a\u021bi putea crede. Caracteristici: recomandate pentru&#8230;<\/p>\n","protected":false},"featured_media":386607,"comment_status":"closed","ping_status":"open","template":"","meta":{"_acf_changed":false,"_kadence_starter_templates_imported_post":false,"_kad_post_transparent":"","_kad_post_title":"","_kad_post_layout":"","_kad_post_sidebar_id":"","_kad_post_content_style":"","_kad_post_vertical_padding":"","_kad_post_feature":"","_kad_post_feature_position":"","_kad_post_header":false,"_kad_post_footer":false,"_kad_post_classname":""},"product_brand":[2504],"product_cat":[1564,1563,1581,1562],"product_tag":[],"class_list":{"0":"post-386606","1":"product","2":"type-product","3":"status-publish","4":"has-post-thumbnail","6":"product_brand-canpol-babies","7":"product_cat-cosmetice-ingrijire-personala","8":"product_cat-ingrijire-personala","9":"product_cat-ingrijirea-unghiilor","10":"product_cat-sanatate-si-frumusete","11":"pa_gen-unisex","13":"first","14":"instock","15":"sale","16":"product-type-external","17":"entry","18":"content-bg","19":"loop-entry"},"acf":[],"yoast_head":"<!-- This site is optimized with the Yoast SEO plugin v27.4 - https:\/\/yoast.com\/product\/yoast-seo-wordpress\/ -->\n<title>Canpol babies Nail Care Set Set de manichiur\u0103 pentru copii Pink - SHOPATOA.COM<\/title>\n<meta name=\"robots\" content=\"index, follow, max-snippet:-1, max-image-preview:large, max-video-preview:-1\" \/>\n<link rel=\"canonical\" href=\"https:\/\/shopatoa.com\/ro\/canpol-babies-nail-care-set-set-de-manichiura-pentru-copii-pink\/\" \/>\n<meta property=\"og:locale\" content=\"ro_RO\" \/>\n<meta property=\"og:type\" content=\"article\" \/>\n<meta property=\"og:title\" content=\"Canpol babies Nail Care Set Set de manichiur\u0103 pentru copii Pink - SHOPATOA.COM\" \/>\n<meta property=\"og:description\" content=\"Canpol babies Nail Care Set, Foarfece pentru bebelu\u0219i pentru copii, T\u0103ierea unghiu\u021belor copiilor nu este complicat\u0103. Foarfecele pentru bebelu\u0219i Canpol babies Nail Care Set au forma \u0219i elementele de siguran\u021b\u0103 special concepute, a\u0219a c\u0103 nu ave\u021bi de ce s\u0103 v\u0103 \u00eengrijora\u021bi. Rezolva\u021bi totul mai u\u0219or \u0219i mai confortabil dec\u00e2t a\u021bi putea crede. Caracteristici: recomandate pentru...\" \/>\n<meta property=\"og:url\" content=\"https:\/\/shopatoa.com\/ro\/canpol-babies-nail-care-set-set-de-manichiura-pentru-copii-pink\/\" \/>\n<meta property=\"og:site_name\" content=\"SHOPATOA\" \/>\n<meta property=\"article:modified_time\" content=\"2025-12-13T09:56:08+00:00\" \/>\n<meta property=\"og:image\" content=\"https:\/\/storage.googleapis.com\/cz-shopatoa-img\/ro\/85e9afa3-unnamed-file.webp\" \/>\n\t<meta property=\"og:image:width\" content=\"800\" \/>\n\t<meta property=\"og:image:height\" content=\"800\" \/>\n\t<meta property=\"og:image:type\" content=\"image\/webp\" \/>\n<meta name=\"twitter:card\" content=\"summary_large_image\" \/>\n<script type=\"application\/ld+json\" class=\"yoast-schema-graph\">{\"@context\":\"https:\\\/\\\/schema.org\",\"@graph\":[{\"@type\":\"WebPage\",\"@id\":\"https:\\\/\\\/shopatoa.com\\\/ro\\\/canpol-babies-nail-care-set-set-de-manichiura-pentru-copii-pink\\\/\",\"url\":\"https:\\\/\\\/shopatoa.com\\\/ro\\\/canpol-babies-nail-care-set-set-de-manichiura-pentru-copii-pink\\\/\",\"name\":\"Canpol babies Nail Care Set Set de manichiur\u0103 pentru copii Pink - SHOPATOA.COM\",\"isPartOf\":{\"@id\":\"https:\\\/\\\/shopatoa.com\\\/ro\\\/#website\"},\"primaryImageOfPage\":{\"@id\":\"https:\\\/\\\/shopatoa.com\\\/ro\\\/canpol-babies-nail-care-set-set-de-manichiura-pentru-copii-pink\\\/#primaryimage\"},\"image\":{\"@id\":\"https:\\\/\\\/shopatoa.com\\\/ro\\\/canpol-babies-nail-care-set-set-de-manichiura-pentru-copii-pink\\\/#primaryimage\"},\"thumbnailUrl\":\"https:\\\/\\\/storage.googleapis.com\\\/cz-shopatoa-img\\\/ro\\\/85e9afa3-unnamed-file.webp\",\"datePublished\":\"2025-06-16T13:36:43+00:00\",\"dateModified\":\"2025-12-13T09:56:08+00:00\",\"breadcrumb\":{\"@id\":\"https:\\\/\\\/shopatoa.com\\\/ro\\\/canpol-babies-nail-care-set-set-de-manichiura-pentru-copii-pink\\\/#breadcrumb\"},\"inLanguage\":\"ro-RO\",\"potentialAction\":[{\"@type\":\"ReadAction\",\"target\":[\"https:\\\/\\\/shopatoa.com\\\/ro\\\/canpol-babies-nail-care-set-set-de-manichiura-pentru-copii-pink\\\/\"]}]},{\"@type\":\"ImageObject\",\"inLanguage\":\"ro-RO\",\"@id\":\"https:\\\/\\\/shopatoa.com\\\/ro\\\/canpol-babies-nail-care-set-set-de-manichiura-pentru-copii-pink\\\/#primaryimage\",\"url\":\"https:\\\/\\\/storage.googleapis.com\\\/cz-shopatoa-img\\\/ro\\\/85e9afa3-unnamed-file.webp\",\"contentUrl\":\"https:\\\/\\\/storage.googleapis.com\\\/cz-shopatoa-img\\\/ro\\\/85e9afa3-unnamed-file.webp\",\"width\":800,\"height\":800},{\"@type\":\"BreadcrumbList\",\"@id\":\"https:\\\/\\\/shopatoa.com\\\/ro\\\/canpol-babies-nail-care-set-set-de-manichiura-pentru-copii-pink\\\/#breadcrumb\",\"itemListElement\":[{\"@type\":\"ListItem\",\"position\":1,\"name\":\"Dom\u016f\",\"item\":\"https:\\\/\\\/shopatoa.com\\\/ro\\\/\"},{\"@type\":\"ListItem\",\"position\":2,\"name\":\"Shop\",\"item\":\"https:\\\/\\\/shopatoa.com\\\/ro\\\/shop\\\/\"},{\"@type\":\"ListItem\",\"position\":3,\"name\":\"S\u0103n\u0103tate \u0219i frumuse\u021be\",\"item\":\"https:\\\/\\\/shopatoa.com\\\/ro\\\/sanatate-si-frumusete\\\/\"},{\"@type\":\"ListItem\",\"position\":4,\"name\":\"\u00cengrijire personal\u0103\",\"item\":\"https:\\\/\\\/shopatoa.com\\\/ro\\\/ingrijire-personala\\\/\"},{\"@type\":\"ListItem\",\"position\":5,\"name\":\"Cosmetice\",\"item\":\"https:\\\/\\\/shopatoa.com\\\/ro\\\/cosmetice-ingrijire-personala\\\/\"},{\"@type\":\"ListItem\",\"position\":6,\"name\":\"\u00cengrijirea unghiilor\",\"item\":\"https:\\\/\\\/shopatoa.com\\\/ro\\\/ingrijirea-unghiilor\\\/\"},{\"@type\":\"ListItem\",\"position\":7,\"name\":\"Canpol babies Nail Care Set Set de manichiur\u0103 pentru copii Pink\"}]},{\"@type\":\"WebSite\",\"@id\":\"https:\\\/\\\/shopatoa.com\\\/ro\\\/#website\",\"url\":\"https:\\\/\\\/shopatoa.com\\\/ro\\\/\",\"name\":\"SHOPATOA\",\"description\":\"\",\"publisher\":{\"@id\":\"https:\\\/\\\/shopatoa.com\\\/ro\\\/#organization\"},\"potentialAction\":[{\"@type\":\"SearchAction\",\"target\":{\"@type\":\"EntryPoint\",\"urlTemplate\":\"https:\\\/\\\/shopatoa.com\\\/ro\\\/?s={search_term_string}\"},\"query-input\":{\"@type\":\"PropertyValueSpecification\",\"valueRequired\":true,\"valueName\":\"search_term_string\"}}],\"inLanguage\":\"ro-RO\"},{\"@type\":\"Organization\",\"@id\":\"https:\\\/\\\/shopatoa.com\\\/ro\\\/#organization\",\"name\":\"SHOPATOA\",\"url\":\"https:\\\/\\\/shopatoa.com\\\/ro\\\/\",\"logo\":{\"@type\":\"ImageObject\",\"inLanguage\":\"ro-RO\",\"@id\":\"https:\\\/\\\/shopatoa.com\\\/ro\\\/#\\\/schema\\\/logo\\\/image\\\/\",\"url\":\"https:\\\/\\\/storage.googleapis.com\\\/cz-shopatoa-img\\\/ro\\\/b4dac915-shopatoa_logo.png\",\"contentUrl\":\"https:\\\/\\\/storage.googleapis.com\\\/cz-shopatoa-img\\\/ro\\\/b4dac915-shopatoa_logo.png\",\"width\":416,\"height\":63,\"caption\":\"SHOPATOA\"},\"image\":{\"@id\":\"https:\\\/\\\/shopatoa.com\\\/ro\\\/#\\\/schema\\\/logo\\\/image\\\/\"}}]}<\/script>\n<!-- \/ Yoast SEO plugin. -->","yoast_head_json":{"title":"Canpol babies Nail Care Set Set de manichiur\u0103 pentru copii Pink - SHOPATOA.COM","robots":{"index":"index","follow":"follow","max-snippet":"max-snippet:-1","max-image-preview":"max-image-preview:large","max-video-preview":"max-video-preview:-1"},"canonical":"https:\/\/shopatoa.com\/ro\/canpol-babies-nail-care-set-set-de-manichiura-pentru-copii-pink\/","og_locale":"ro_RO","og_type":"article","og_title":"Canpol babies Nail Care Set Set de manichiur\u0103 pentru copii Pink - SHOPATOA.COM","og_description":"Canpol babies Nail Care Set, Foarfece pentru bebelu\u0219i pentru copii, T\u0103ierea unghiu\u021belor copiilor nu este complicat\u0103. Foarfecele pentru bebelu\u0219i Canpol babies Nail Care Set au forma \u0219i elementele de siguran\u021b\u0103 special concepute, a\u0219a c\u0103 nu ave\u021bi de ce s\u0103 v\u0103 \u00eengrijora\u021bi. Rezolva\u021bi totul mai u\u0219or \u0219i mai confortabil dec\u00e2t a\u021bi putea crede. Caracteristici: recomandate pentru...","og_url":"https:\/\/shopatoa.com\/ro\/canpol-babies-nail-care-set-set-de-manichiura-pentru-copii-pink\/","og_site_name":"SHOPATOA","article_modified_time":"2025-12-13T09:56:08+00:00","og_image":[{"width":800,"height":800,"url":"https:\/\/storage.googleapis.com\/cz-shopatoa-img\/ro\/85e9afa3-unnamed-file.webp","type":"image\/webp"}],"twitter_card":"summary_large_image","schema":{"@context":"https:\/\/schema.org","@graph":[{"@type":"WebPage","@id":"https:\/\/shopatoa.com\/ro\/canpol-babies-nail-care-set-set-de-manichiura-pentru-copii-pink\/","url":"https:\/\/shopatoa.com\/ro\/canpol-babies-nail-care-set-set-de-manichiura-pentru-copii-pink\/","name":"Canpol babies Nail Care Set Set de manichiur\u0103 pentru copii Pink - SHOPATOA.COM","isPartOf":{"@id":"https:\/\/shopatoa.com\/ro\/#website"},"primaryImageOfPage":{"@id":"https:\/\/shopatoa.com\/ro\/canpol-babies-nail-care-set-set-de-manichiura-pentru-copii-pink\/#primaryimage"},"image":{"@id":"https:\/\/shopatoa.com\/ro\/canpol-babies-nail-care-set-set-de-manichiura-pentru-copii-pink\/#primaryimage"},"thumbnailUrl":"https:\/\/storage.googleapis.com\/cz-shopatoa-img\/ro\/85e9afa3-unnamed-file.webp","datePublished":"2025-06-16T13:36:43+00:00","dateModified":"2025-12-13T09:56:08+00:00","breadcrumb":{"@id":"https:\/\/shopatoa.com\/ro\/canpol-babies-nail-care-set-set-de-manichiura-pentru-copii-pink\/#breadcrumb"},"inLanguage":"ro-RO","potentialAction":[{"@type":"ReadAction","target":["https:\/\/shopatoa.com\/ro\/canpol-babies-nail-care-set-set-de-manichiura-pentru-copii-pink\/"]}]},{"@type":"ImageObject","inLanguage":"ro-RO","@id":"https:\/\/shopatoa.com\/ro\/canpol-babies-nail-care-set-set-de-manichiura-pentru-copii-pink\/#primaryimage","url":"https:\/\/storage.googleapis.com\/cz-shopatoa-img\/ro\/85e9afa3-unnamed-file.webp","contentUrl":"https:\/\/storage.googleapis.com\/cz-shopatoa-img\/ro\/85e9afa3-unnamed-file.webp","width":800,"height":800},{"@type":"BreadcrumbList","@id":"https:\/\/shopatoa.com\/ro\/canpol-babies-nail-care-set-set-de-manichiura-pentru-copii-pink\/#breadcrumb","itemListElement":[{"@type":"ListItem","position":1,"name":"Dom\u016f","item":"https:\/\/shopatoa.com\/ro\/"},{"@type":"ListItem","position":2,"name":"Shop","item":"https:\/\/shopatoa.com\/ro\/shop\/"},{"@type":"ListItem","position":3,"name":"S\u0103n\u0103tate \u0219i frumuse\u021be","item":"https:\/\/shopatoa.com\/ro\/sanatate-si-frumusete\/"},{"@type":"ListItem","position":4,"name":"\u00cengrijire personal\u0103","item":"https:\/\/shopatoa.com\/ro\/ingrijire-personala\/"},{"@type":"ListItem","position":5,"name":"Cosmetice","item":"https:\/\/shopatoa.com\/ro\/cosmetice-ingrijire-personala\/"},{"@type":"ListItem","position":6,"name":"\u00cengrijirea unghiilor","item":"https:\/\/shopatoa.com\/ro\/ingrijirea-unghiilor\/"},{"@type":"ListItem","position":7,"name":"Canpol babies Nail Care Set Set de manichiur\u0103 pentru copii Pink"}]},{"@type":"WebSite","@id":"https:\/\/shopatoa.com\/ro\/#website","url":"https:\/\/shopatoa.com\/ro\/","name":"SHOPATOA","description":"","publisher":{"@id":"https:\/\/shopatoa.com\/ro\/#organization"},"potentialAction":[{"@type":"SearchAction","target":{"@type":"EntryPoint","urlTemplate":"https:\/\/shopatoa.com\/ro\/?s={search_term_string}"},"query-input":{"@type":"PropertyValueSpecification","valueRequired":true,"valueName":"search_term_string"}}],"inLanguage":"ro-RO"},{"@type":"Organization","@id":"https:\/\/shopatoa.com\/ro\/#organization","name":"SHOPATOA","url":"https:\/\/shopatoa.com\/ro\/","logo":{"@type":"ImageObject","inLanguage":"ro-RO","@id":"https:\/\/shopatoa.com\/ro\/#\/schema\/logo\/image\/","url":"https:\/\/storage.googleapis.com\/cz-shopatoa-img\/ro\/b4dac915-shopatoa_logo.png","contentUrl":"https:\/\/storage.googleapis.com\/cz-shopatoa-img\/ro\/b4dac915-shopatoa_logo.png","width":416,"height":63,"caption":"SHOPATOA"},"image":{"@id":"https:\/\/shopatoa.com\/ro\/#\/schema\/logo\/image\/"}}]}},"_links":{"self":[{"href":"https:\/\/shopatoa.com\/ro\/wp-json\/wp\/v2\/product\/386606","targetHints":{"allow":["GET"]}}],"collection":[{"href":"https:\/\/shopatoa.com\/ro\/wp-json\/wp\/v2\/product"}],"about":[{"href":"https:\/\/shopatoa.com\/ro\/wp-json\/wp\/v2\/types\/product"}],"replies":[{"embeddable":true,"href":"https:\/\/shopatoa.com\/ro\/wp-json\/wp\/v2\/comments?post=386606"}],"wp:featuredmedia":[{"embeddable":true,"href":"https:\/\/shopatoa.com\/ro\/wp-json\/wp\/v2\/media\/386607"}],"wp:attachment":[{"href":"https:\/\/shopatoa.com\/ro\/wp-json\/wp\/v2\/media?parent=386606"}],"wp:term":[{"taxonomy":"product_brand","embeddable":true,"href":"https:\/\/shopatoa.com\/ro\/wp-json\/wp\/v2\/product_brand?post=386606"},{"taxonomy":"product_cat","embeddable":true,"href":"https:\/\/shopatoa.com\/ro\/wp-json\/wp\/v2\/product_cat?post=386606"},{"taxonomy":"product_tag","embeddable":true,"href":"https:\/\/shopatoa.com\/ro\/wp-json\/wp\/v2\/product_tag?post=386606"}],"curies":[{"name":"wp","href":"https:\/\/api.w.org\/{rel}","templated":true}]}}