{"id":386747,"date":"2025-06-16T15:58:40","date_gmt":"2025-06-16T13:58:40","guid":{"rendered":"https:\/\/shopatoa.com\/ro\/tecna-its-creative-style-finishing-spray-fixativ-200-ml\/"},"modified":"2025-12-13T10:33:25","modified_gmt":"2025-12-13T09:33:25","slug":"tecna-its-creative-style-finishing-spray-fixativ-200-ml","status":"publish","type":"product","link":"https:\/\/shopatoa.com\/ro\/tecna-its-creative-style-finishing-spray-fixativ-200-ml\/","title":{"rendered":"Tecna It&#8217;s Creative Style Finishing Spray fixativ 200 ml"},"content":{"rendered":"<p>Tecna It&#8217;s Creative Style Finishing Spray, 200 ml, Spray-uri de p\u0103r pentru femei, Fixativul Tecna It&#8217;s Creative Style Finishing Spray va avea grij\u0103 de aranjarea final\u0103 \u0219i va asigura o rezisten\u021b\u0103 mai \u00eendelungat\u0103 a coafurii. Va fixa coafura \u0219i \u00eei va conferi rezisten\u021b\u0103 \u00eendelungat\u0103, indiferent c\u00e2t de complicat\u0103 ar fi aceasta, asigur\u00e2nd un control maxim asupra p\u0103rului dvs. Ve\u021bi putea conta pe faptul c\u0103 fiecare \u0219uvi\u021b\u0103 va r\u0103m\u00e2ne la locul ei \u0219i va fi protejat\u0103 de influen\u021bele externe, precum v\u00e2ntul \u0219i umiditatea.  Caracteristici:  las\u0103 p\u0103rul flexibil cu o mi\u0219care natural\u0103 aplicare u\u0219oar\u0103 \u0219i rapid\u0103 men\u021bine flexibilitatea \u0219i nu \u00eencarc\u0103 p\u0103rul  Cum se utilizeaz\u0103: Se pulverizeaz\u0103 pe p\u0103rul uscat, de la o distan\u021b\u0103 de 20\u201330 cm. Numai pentru uz profesional.<\/p>\n","protected":false},"excerpt":{"rendered":"<p>Tecna It&#8217;s Creative Style Finishing Spray, 200 ml, Spray-uri de p\u0103r pentru femei, Fixativul Tecna It&#8217;s Creative Style Finishing Spray va avea grij\u0103 de aranjarea final\u0103 \u0219i va asigura o rezisten\u021b\u0103 mai \u00eendelungat\u0103 a coafurii. Va fixa coafura \u0219i \u00eei va conferi rezisten\u021b\u0103 \u00eendelungat\u0103, indiferent c\u00e2t de complicat\u0103 ar fi aceasta, asigur\u00e2nd un control maxim&#8230;<\/p>\n","protected":false},"featured_media":386748,"comment_status":"closed","ping_status":"open","template":"","meta":{"_acf_changed":false,"_kadence_starter_templates_imported_post":false,"_kad_post_transparent":"","_kad_post_title":"","_kad_post_layout":"","_kad_post_sidebar_id":"","_kad_post_content_style":"","_kad_post_vertical_padding":"","_kad_post_feature":"","_kad_post_feature_position":"","_kad_post_header":false,"_kad_post_footer":false,"_kad_post_classname":""},"product_brand":[2351],"product_cat":[1563,1590,1633,1562],"product_tag":[],"class_list":{"0":"post-386747","1":"product","2":"type-product","3":"status-publish","4":"has-post-thumbnail","6":"product_brand-tecna","7":"product_cat-ingrijire-personala","8":"product_cat-ingrijirea-parului","9":"product_cat-produse-de-coafare-a-parului","10":"product_cat-sanatate-si-frumusete","11":"pa_gen-female","12":"pa_marime-200-ml","14":"first","15":"instock","16":"sale","17":"product-type-external","18":"entry","19":"content-bg","20":"loop-entry"},"acf":[],"yoast_head":"<!-- This site is optimized with the Yoast SEO plugin v27.3 - https:\/\/yoast.com\/product\/yoast-seo-wordpress\/ -->\n<title>Tecna It&#039;s Creative Style Finishing Spray fixativ 200 ml - SHOPATOA.COM<\/title>\n<meta name=\"robots\" content=\"index, follow, max-snippet:-1, max-image-preview:large, max-video-preview:-1\" \/>\n<link rel=\"canonical\" href=\"https:\/\/shopatoa.com\/ro\/tecna-its-creative-style-finishing-spray-fixativ-200-ml\/\" \/>\n<meta property=\"og:locale\" content=\"ro_RO\" \/>\n<meta property=\"og:type\" content=\"article\" \/>\n<meta property=\"og:title\" content=\"Tecna It&#039;s Creative Style Finishing Spray fixativ 200 ml - SHOPATOA.COM\" \/>\n<meta property=\"og:description\" content=\"Tecna It&#8217;s Creative Style Finishing Spray, 200 ml, Spray-uri de p\u0103r pentru femei, Fixativul Tecna It&#8217;s Creative Style Finishing Spray va avea grij\u0103 de aranjarea final\u0103 \u0219i va asigura o rezisten\u021b\u0103 mai \u00eendelungat\u0103 a coafurii. Va fixa coafura \u0219i \u00eei va conferi rezisten\u021b\u0103 \u00eendelungat\u0103, indiferent c\u00e2t de complicat\u0103 ar fi aceasta, asigur\u00e2nd un control maxim...\" \/>\n<meta property=\"og:url\" content=\"https:\/\/shopatoa.com\/ro\/tecna-its-creative-style-finishing-spray-fixativ-200-ml\/\" \/>\n<meta property=\"og:site_name\" content=\"SHOPATOA\" \/>\n<meta property=\"article:modified_time\" content=\"2025-12-13T09:33:25+00:00\" \/>\n<meta property=\"og:image\" content=\"https:\/\/storage.googleapis.com\/cz-shopatoa-img\/ro\/7a59795e-unnamed-file.webp\" \/>\n\t<meta property=\"og:image:width\" content=\"800\" \/>\n\t<meta property=\"og:image:height\" content=\"800\" \/>\n\t<meta property=\"og:image:type\" content=\"image\/webp\" \/>\n<meta name=\"twitter:card\" content=\"summary_large_image\" \/>\n<meta name=\"twitter:label1\" content=\"Timp estimat pentru citire\" \/>\n\t<meta name=\"twitter:data1\" content=\"1 minut\" \/>\n<script type=\"application\/ld+json\" class=\"yoast-schema-graph\">{\"@context\":\"https:\\\/\\\/schema.org\",\"@graph\":[{\"@type\":\"WebPage\",\"@id\":\"https:\\\/\\\/shopatoa.com\\\/ro\\\/tecna-its-creative-style-finishing-spray-fixativ-200-ml\\\/\",\"url\":\"https:\\\/\\\/shopatoa.com\\\/ro\\\/tecna-its-creative-style-finishing-spray-fixativ-200-ml\\\/\",\"name\":\"Tecna It's Creative Style Finishing Spray fixativ 200 ml - SHOPATOA.COM\",\"isPartOf\":{\"@id\":\"https:\\\/\\\/shopatoa.com\\\/ro\\\/#website\"},\"primaryImageOfPage\":{\"@id\":\"https:\\\/\\\/shopatoa.com\\\/ro\\\/tecna-its-creative-style-finishing-spray-fixativ-200-ml\\\/#primaryimage\"},\"image\":{\"@id\":\"https:\\\/\\\/shopatoa.com\\\/ro\\\/tecna-its-creative-style-finishing-spray-fixativ-200-ml\\\/#primaryimage\"},\"thumbnailUrl\":\"https:\\\/\\\/storage.googleapis.com\\\/cz-shopatoa-img\\\/ro\\\/7a59795e-unnamed-file.webp\",\"datePublished\":\"2025-06-16T13:58:40+00:00\",\"dateModified\":\"2025-12-13T09:33:25+00:00\",\"breadcrumb\":{\"@id\":\"https:\\\/\\\/shopatoa.com\\\/ro\\\/tecna-its-creative-style-finishing-spray-fixativ-200-ml\\\/#breadcrumb\"},\"inLanguage\":\"ro-RO\",\"potentialAction\":[{\"@type\":\"ReadAction\",\"target\":[\"https:\\\/\\\/shopatoa.com\\\/ro\\\/tecna-its-creative-style-finishing-spray-fixativ-200-ml\\\/\"]}]},{\"@type\":\"ImageObject\",\"inLanguage\":\"ro-RO\",\"@id\":\"https:\\\/\\\/shopatoa.com\\\/ro\\\/tecna-its-creative-style-finishing-spray-fixativ-200-ml\\\/#primaryimage\",\"url\":\"https:\\\/\\\/storage.googleapis.com\\\/cz-shopatoa-img\\\/ro\\\/7a59795e-unnamed-file.webp\",\"contentUrl\":\"https:\\\/\\\/storage.googleapis.com\\\/cz-shopatoa-img\\\/ro\\\/7a59795e-unnamed-file.webp\",\"width\":800,\"height\":800},{\"@type\":\"BreadcrumbList\",\"@id\":\"https:\\\/\\\/shopatoa.com\\\/ro\\\/tecna-its-creative-style-finishing-spray-fixativ-200-ml\\\/#breadcrumb\",\"itemListElement\":[{\"@type\":\"ListItem\",\"position\":1,\"name\":\"Dom\u016f\",\"item\":\"https:\\\/\\\/shopatoa.com\\\/ro\\\/\"},{\"@type\":\"ListItem\",\"position\":2,\"name\":\"Shop\",\"item\":\"https:\\\/\\\/shopatoa.com\\\/ro\\\/shop\\\/\"},{\"@type\":\"ListItem\",\"position\":3,\"name\":\"S\u0103n\u0103tate \u0219i frumuse\u021be\",\"item\":\"https:\\\/\\\/shopatoa.com\\\/ro\\\/sanatate-si-frumusete\\\/\"},{\"@type\":\"ListItem\",\"position\":4,\"name\":\"\u00cengrijire personal\u0103\",\"item\":\"https:\\\/\\\/shopatoa.com\\\/ro\\\/ingrijire-personala\\\/\"},{\"@type\":\"ListItem\",\"position\":5,\"name\":\"\u00cengrijirea p\u0103rului\",\"item\":\"https:\\\/\\\/shopatoa.com\\\/ro\\\/ingrijirea-parului\\\/\"},{\"@type\":\"ListItem\",\"position\":6,\"name\":\"Produse de coafare a p\u0103rului\",\"item\":\"https:\\\/\\\/shopatoa.com\\\/ro\\\/produse-de-coafare-a-parului\\\/\"},{\"@type\":\"ListItem\",\"position\":7,\"name\":\"Tecna It&#8217;s Creative Style Finishing Spray fixativ 200 ml\"}]},{\"@type\":\"WebSite\",\"@id\":\"https:\\\/\\\/shopatoa.com\\\/ro\\\/#website\",\"url\":\"https:\\\/\\\/shopatoa.com\\\/ro\\\/\",\"name\":\"SHOPATOA\",\"description\":\"\",\"publisher\":{\"@id\":\"https:\\\/\\\/shopatoa.com\\\/ro\\\/#organization\"},\"potentialAction\":[{\"@type\":\"SearchAction\",\"target\":{\"@type\":\"EntryPoint\",\"urlTemplate\":\"https:\\\/\\\/shopatoa.com\\\/ro\\\/?s={search_term_string}\"},\"query-input\":{\"@type\":\"PropertyValueSpecification\",\"valueRequired\":true,\"valueName\":\"search_term_string\"}}],\"inLanguage\":\"ro-RO\"},{\"@type\":\"Organization\",\"@id\":\"https:\\\/\\\/shopatoa.com\\\/ro\\\/#organization\",\"name\":\"SHOPATOA\",\"url\":\"https:\\\/\\\/shopatoa.com\\\/ro\\\/\",\"logo\":{\"@type\":\"ImageObject\",\"inLanguage\":\"ro-RO\",\"@id\":\"https:\\\/\\\/shopatoa.com\\\/ro\\\/#\\\/schema\\\/logo\\\/image\\\/\",\"url\":\"https:\\\/\\\/storage.googleapis.com\\\/cz-shopatoa-img\\\/ro\\\/b4dac915-shopatoa_logo.png\",\"contentUrl\":\"https:\\\/\\\/storage.googleapis.com\\\/cz-shopatoa-img\\\/ro\\\/b4dac915-shopatoa_logo.png\",\"width\":416,\"height\":63,\"caption\":\"SHOPATOA\"},\"image\":{\"@id\":\"https:\\\/\\\/shopatoa.com\\\/ro\\\/#\\\/schema\\\/logo\\\/image\\\/\"}}]}<\/script>\n<!-- \/ Yoast SEO plugin. -->","yoast_head_json":{"title":"Tecna It's Creative Style Finishing Spray fixativ 200 ml - SHOPATOA.COM","robots":{"index":"index","follow":"follow","max-snippet":"max-snippet:-1","max-image-preview":"max-image-preview:large","max-video-preview":"max-video-preview:-1"},"canonical":"https:\/\/shopatoa.com\/ro\/tecna-its-creative-style-finishing-spray-fixativ-200-ml\/","og_locale":"ro_RO","og_type":"article","og_title":"Tecna It's Creative Style Finishing Spray fixativ 200 ml - SHOPATOA.COM","og_description":"Tecna It&#8217;s Creative Style Finishing Spray, 200 ml, Spray-uri de p\u0103r pentru femei, Fixativul Tecna It&#8217;s Creative Style Finishing Spray va avea grij\u0103 de aranjarea final\u0103 \u0219i va asigura o rezisten\u021b\u0103 mai \u00eendelungat\u0103 a coafurii. Va fixa coafura \u0219i \u00eei va conferi rezisten\u021b\u0103 \u00eendelungat\u0103, indiferent c\u00e2t de complicat\u0103 ar fi aceasta, asigur\u00e2nd un control maxim...","og_url":"https:\/\/shopatoa.com\/ro\/tecna-its-creative-style-finishing-spray-fixativ-200-ml\/","og_site_name":"SHOPATOA","article_modified_time":"2025-12-13T09:33:25+00:00","og_image":[{"width":800,"height":800,"url":"https:\/\/storage.googleapis.com\/cz-shopatoa-img\/ro\/7a59795e-unnamed-file.webp","type":"image\/webp"}],"twitter_card":"summary_large_image","twitter_misc":{"Timp estimat pentru citire":"1 minut"},"schema":{"@context":"https:\/\/schema.org","@graph":[{"@type":"WebPage","@id":"https:\/\/shopatoa.com\/ro\/tecna-its-creative-style-finishing-spray-fixativ-200-ml\/","url":"https:\/\/shopatoa.com\/ro\/tecna-its-creative-style-finishing-spray-fixativ-200-ml\/","name":"Tecna It's Creative Style Finishing Spray fixativ 200 ml - SHOPATOA.COM","isPartOf":{"@id":"https:\/\/shopatoa.com\/ro\/#website"},"primaryImageOfPage":{"@id":"https:\/\/shopatoa.com\/ro\/tecna-its-creative-style-finishing-spray-fixativ-200-ml\/#primaryimage"},"image":{"@id":"https:\/\/shopatoa.com\/ro\/tecna-its-creative-style-finishing-spray-fixativ-200-ml\/#primaryimage"},"thumbnailUrl":"https:\/\/storage.googleapis.com\/cz-shopatoa-img\/ro\/7a59795e-unnamed-file.webp","datePublished":"2025-06-16T13:58:40+00:00","dateModified":"2025-12-13T09:33:25+00:00","breadcrumb":{"@id":"https:\/\/shopatoa.com\/ro\/tecna-its-creative-style-finishing-spray-fixativ-200-ml\/#breadcrumb"},"inLanguage":"ro-RO","potentialAction":[{"@type":"ReadAction","target":["https:\/\/shopatoa.com\/ro\/tecna-its-creative-style-finishing-spray-fixativ-200-ml\/"]}]},{"@type":"ImageObject","inLanguage":"ro-RO","@id":"https:\/\/shopatoa.com\/ro\/tecna-its-creative-style-finishing-spray-fixativ-200-ml\/#primaryimage","url":"https:\/\/storage.googleapis.com\/cz-shopatoa-img\/ro\/7a59795e-unnamed-file.webp","contentUrl":"https:\/\/storage.googleapis.com\/cz-shopatoa-img\/ro\/7a59795e-unnamed-file.webp","width":800,"height":800},{"@type":"BreadcrumbList","@id":"https:\/\/shopatoa.com\/ro\/tecna-its-creative-style-finishing-spray-fixativ-200-ml\/#breadcrumb","itemListElement":[{"@type":"ListItem","position":1,"name":"Dom\u016f","item":"https:\/\/shopatoa.com\/ro\/"},{"@type":"ListItem","position":2,"name":"Shop","item":"https:\/\/shopatoa.com\/ro\/shop\/"},{"@type":"ListItem","position":3,"name":"S\u0103n\u0103tate \u0219i frumuse\u021be","item":"https:\/\/shopatoa.com\/ro\/sanatate-si-frumusete\/"},{"@type":"ListItem","position":4,"name":"\u00cengrijire personal\u0103","item":"https:\/\/shopatoa.com\/ro\/ingrijire-personala\/"},{"@type":"ListItem","position":5,"name":"\u00cengrijirea p\u0103rului","item":"https:\/\/shopatoa.com\/ro\/ingrijirea-parului\/"},{"@type":"ListItem","position":6,"name":"Produse de coafare a p\u0103rului","item":"https:\/\/shopatoa.com\/ro\/produse-de-coafare-a-parului\/"},{"@type":"ListItem","position":7,"name":"Tecna It&#8217;s Creative Style Finishing Spray fixativ 200 ml"}]},{"@type":"WebSite","@id":"https:\/\/shopatoa.com\/ro\/#website","url":"https:\/\/shopatoa.com\/ro\/","name":"SHOPATOA","description":"","publisher":{"@id":"https:\/\/shopatoa.com\/ro\/#organization"},"potentialAction":[{"@type":"SearchAction","target":{"@type":"EntryPoint","urlTemplate":"https:\/\/shopatoa.com\/ro\/?s={search_term_string}"},"query-input":{"@type":"PropertyValueSpecification","valueRequired":true,"valueName":"search_term_string"}}],"inLanguage":"ro-RO"},{"@type":"Organization","@id":"https:\/\/shopatoa.com\/ro\/#organization","name":"SHOPATOA","url":"https:\/\/shopatoa.com\/ro\/","logo":{"@type":"ImageObject","inLanguage":"ro-RO","@id":"https:\/\/shopatoa.com\/ro\/#\/schema\/logo\/image\/","url":"https:\/\/storage.googleapis.com\/cz-shopatoa-img\/ro\/b4dac915-shopatoa_logo.png","contentUrl":"https:\/\/storage.googleapis.com\/cz-shopatoa-img\/ro\/b4dac915-shopatoa_logo.png","width":416,"height":63,"caption":"SHOPATOA"},"image":{"@id":"https:\/\/shopatoa.com\/ro\/#\/schema\/logo\/image\/"}}]}},"_links":{"self":[{"href":"https:\/\/shopatoa.com\/ro\/wp-json\/wp\/v2\/product\/386747","targetHints":{"allow":["GET"]}}],"collection":[{"href":"https:\/\/shopatoa.com\/ro\/wp-json\/wp\/v2\/product"}],"about":[{"href":"https:\/\/shopatoa.com\/ro\/wp-json\/wp\/v2\/types\/product"}],"replies":[{"embeddable":true,"href":"https:\/\/shopatoa.com\/ro\/wp-json\/wp\/v2\/comments?post=386747"}],"wp:featuredmedia":[{"embeddable":true,"href":"https:\/\/shopatoa.com\/ro\/wp-json\/wp\/v2\/media\/386748"}],"wp:attachment":[{"href":"https:\/\/shopatoa.com\/ro\/wp-json\/wp\/v2\/media?parent=386747"}],"wp:term":[{"taxonomy":"product_brand","embeddable":true,"href":"https:\/\/shopatoa.com\/ro\/wp-json\/wp\/v2\/product_brand?post=386747"},{"taxonomy":"product_cat","embeddable":true,"href":"https:\/\/shopatoa.com\/ro\/wp-json\/wp\/v2\/product_cat?post=386747"},{"taxonomy":"product_tag","embeddable":true,"href":"https:\/\/shopatoa.com\/ro\/wp-json\/wp\/v2\/product_tag?post=386747"}],"curies":[{"name":"wp","href":"https:\/\/api.w.org\/{rel}","templated":true}]}}