{"id":386965,"date":"2025-06-16T16:37:33","date_gmt":"2025-06-16T14:37:33","guid":{"rendered":"https:\/\/shopatoa.com\/ro\/folk-flora-pine-sare-de-baie-calmanta-500-g\/"},"modified":"2025-12-13T10:04:06","modified_gmt":"2025-12-13T09:04:06","slug":"folk-flora-pine-sare-de-baie-calmanta-500-g","status":"publish","type":"product","link":"https:\/\/shopatoa.com\/ro\/folk-flora-pine-sare-de-baie-calmanta-500-g\/","title":{"rendered":"Folk &amp; Flora Pine sare de baie calmanta 500 g"},"content":{"rendered":"<p>Folk &amp; Flora Pine, 500 g, Sare de baie pentru femei, V\u0103 plac b\u0103ile lungi \u00eentr-o cad\u0103 plin\u0103 cu ap\u0103 fierbinte? Sarea de baie Folk &amp; Flora Pine v\u0103 va \u00eembun\u0103t\u0103\u021bi ritualul preferat de relaxare \u0219i \u00eel va duce la un nou nivel. V\u0103 permite s\u0103 crea\u021bi acas\u0103 o baie de sare parfumat\u0103, care s\u0103 amelioreze tensiunea \u0219i senza\u021biile de nelini\u0219te interioar\u0103 \u0219i s\u0103 v\u0103 ofere o stare de bine. \u00cens\u0103, ve\u021bi avea parte nu doar de relaxarea pe care o merita\u021bi, chiar dac\u0103 mirosul \u00eembietor al s\u0103rii v\u0103 invit\u0103 la asta. Ofer\u0103 corpului \u0219i regenerare, pe l\u00e2ng\u0103 relaxare. Sarea este bogat\u0103 \u00een minerale naturale, av\u00e2nd astfel un efect regenerator \u0219i contribuind la ameliorarea problemelor cutanate.  Caracteristici:  miroase pl\u0103cut are efect relaxant are efect de calmare catifeleaz\u0103 \u0219i \u00eenmoaie pielea  Cum se utilizeaz\u0103: Se toarn\u0103 \u00een baia cald\u0103 \u0219i se las\u0103 s\u0103 se dizolve.<\/p>\n","protected":false},"excerpt":{"rendered":"<p>Folk &amp; Flora Pine, 500 g, Sare de baie pentru femei, V\u0103 plac b\u0103ile lungi \u00eentr-o cad\u0103 plin\u0103 cu ap\u0103 fierbinte? Sarea de baie Folk &amp; Flora Pine v\u0103 va \u00eembun\u0103t\u0103\u021bi ritualul preferat de relaxare \u0219i \u00eel va duce la un nou nivel. V\u0103 permite s\u0103 crea\u021bi acas\u0103 o baie de sare parfumat\u0103, care s\u0103&#8230;<\/p>\n","protected":false},"featured_media":386966,"comment_status":"closed","ping_status":"open","template":"","meta":{"_acf_changed":false,"_kadence_starter_templates_imported_post":false,"_kad_post_transparent":"","_kad_post_title":"","_kad_post_layout":"","_kad_post_sidebar_id":"","_kad_post_content_style":"","_kad_post_vertical_padding":"","_kad_post_feature":"","_kad_post_feature_position":"","_kad_post_header":false,"_kad_post_footer":false,"_kad_post_classname":""},"product_brand":[2522],"product_cat":[1630,1570,1564,1563,1562],"product_tag":[],"class_list":{"0":"post-386965","1":"product","2":"type-product","3":"status-publish","4":"has-post-thumbnail","6":"product_brand-folk-flora","7":"product_cat-aditivi-de-baie","8":"product_cat-baie-si-corp","9":"product_cat-cosmetice-ingrijire-personala","10":"product_cat-ingrijire-personala","11":"product_cat-sanatate-si-frumusete","12":"pa_gen-female","13":"pa_marime-500-g","15":"first","16":"instock","17":"sale","18":"product-type-external","19":"entry","20":"content-bg","21":"loop-entry"},"acf":[],"yoast_head":"<!-- This site is optimized with the Yoast SEO plugin v27.4 - https:\/\/yoast.com\/product\/yoast-seo-wordpress\/ -->\n<title>Folk &amp; Flora Pine sare de baie calmanta 500 g - SHOPATOA.COM<\/title>\n<meta name=\"robots\" content=\"index, follow, max-snippet:-1, max-image-preview:large, max-video-preview:-1\" \/>\n<link rel=\"canonical\" href=\"https:\/\/shopatoa.com\/ro\/folk-flora-pine-sare-de-baie-calmanta-500-g\/\" \/>\n<meta property=\"og:locale\" content=\"ro_RO\" \/>\n<meta property=\"og:type\" content=\"article\" \/>\n<meta property=\"og:title\" content=\"Folk &amp; Flora Pine sare de baie calmanta 500 g - SHOPATOA.COM\" \/>\n<meta property=\"og:description\" content=\"Folk &amp; Flora Pine, 500 g, Sare de baie pentru femei, V\u0103 plac b\u0103ile lungi \u00eentr-o cad\u0103 plin\u0103 cu ap\u0103 fierbinte? Sarea de baie Folk &amp; Flora Pine v\u0103 va \u00eembun\u0103t\u0103\u021bi ritualul preferat de relaxare \u0219i \u00eel va duce la un nou nivel. V\u0103 permite s\u0103 crea\u021bi acas\u0103 o baie de sare parfumat\u0103, care s\u0103...\" \/>\n<meta property=\"og:url\" content=\"https:\/\/shopatoa.com\/ro\/folk-flora-pine-sare-de-baie-calmanta-500-g\/\" \/>\n<meta property=\"og:site_name\" content=\"SHOPATOA\" \/>\n<meta property=\"article:modified_time\" content=\"2025-12-13T09:04:06+00:00\" \/>\n<meta property=\"og:image\" content=\"https:\/\/storage.googleapis.com\/cz-shopatoa-img\/ro\/fd236f98-unnamed-file.webp\" \/>\n\t<meta property=\"og:image:width\" content=\"800\" \/>\n\t<meta property=\"og:image:height\" content=\"800\" \/>\n\t<meta property=\"og:image:type\" content=\"image\/webp\" \/>\n<meta name=\"twitter:card\" content=\"summary_large_image\" \/>\n<meta name=\"twitter:label1\" content=\"Timp estimat pentru citire\" \/>\n\t<meta name=\"twitter:data1\" content=\"1 minut\" \/>\n<script type=\"application\/ld+json\" class=\"yoast-schema-graph\">{\"@context\":\"https:\\\/\\\/schema.org\",\"@graph\":[{\"@type\":\"WebPage\",\"@id\":\"https:\\\/\\\/shopatoa.com\\\/ro\\\/folk-flora-pine-sare-de-baie-calmanta-500-g\\\/\",\"url\":\"https:\\\/\\\/shopatoa.com\\\/ro\\\/folk-flora-pine-sare-de-baie-calmanta-500-g\\\/\",\"name\":\"Folk & Flora Pine sare de baie calmanta 500 g - SHOPATOA.COM\",\"isPartOf\":{\"@id\":\"https:\\\/\\\/shopatoa.com\\\/ro\\\/#website\"},\"primaryImageOfPage\":{\"@id\":\"https:\\\/\\\/shopatoa.com\\\/ro\\\/folk-flora-pine-sare-de-baie-calmanta-500-g\\\/#primaryimage\"},\"image\":{\"@id\":\"https:\\\/\\\/shopatoa.com\\\/ro\\\/folk-flora-pine-sare-de-baie-calmanta-500-g\\\/#primaryimage\"},\"thumbnailUrl\":\"https:\\\/\\\/storage.googleapis.com\\\/cz-shopatoa-img\\\/ro\\\/fd236f98-unnamed-file.webp\",\"datePublished\":\"2025-06-16T14:37:33+00:00\",\"dateModified\":\"2025-12-13T09:04:06+00:00\",\"breadcrumb\":{\"@id\":\"https:\\\/\\\/shopatoa.com\\\/ro\\\/folk-flora-pine-sare-de-baie-calmanta-500-g\\\/#breadcrumb\"},\"inLanguage\":\"ro-RO\",\"potentialAction\":[{\"@type\":\"ReadAction\",\"target\":[\"https:\\\/\\\/shopatoa.com\\\/ro\\\/folk-flora-pine-sare-de-baie-calmanta-500-g\\\/\"]}]},{\"@type\":\"ImageObject\",\"inLanguage\":\"ro-RO\",\"@id\":\"https:\\\/\\\/shopatoa.com\\\/ro\\\/folk-flora-pine-sare-de-baie-calmanta-500-g\\\/#primaryimage\",\"url\":\"https:\\\/\\\/storage.googleapis.com\\\/cz-shopatoa-img\\\/ro\\\/fd236f98-unnamed-file.webp\",\"contentUrl\":\"https:\\\/\\\/storage.googleapis.com\\\/cz-shopatoa-img\\\/ro\\\/fd236f98-unnamed-file.webp\",\"width\":800,\"height\":800},{\"@type\":\"BreadcrumbList\",\"@id\":\"https:\\\/\\\/shopatoa.com\\\/ro\\\/folk-flora-pine-sare-de-baie-calmanta-500-g\\\/#breadcrumb\",\"itemListElement\":[{\"@type\":\"ListItem\",\"position\":1,\"name\":\"Dom\u016f\",\"item\":\"https:\\\/\\\/shopatoa.com\\\/ro\\\/\"},{\"@type\":\"ListItem\",\"position\":2,\"name\":\"Shop\",\"item\":\"https:\\\/\\\/shopatoa.com\\\/ro\\\/shop\\\/\"},{\"@type\":\"ListItem\",\"position\":3,\"name\":\"S\u0103n\u0103tate \u0219i frumuse\u021be\",\"item\":\"https:\\\/\\\/shopatoa.com\\\/ro\\\/sanatate-si-frumusete\\\/\"},{\"@type\":\"ListItem\",\"position\":4,\"name\":\"\u00cengrijire personal\u0103\",\"item\":\"https:\\\/\\\/shopatoa.com\\\/ro\\\/ingrijire-personala\\\/\"},{\"@type\":\"ListItem\",\"position\":5,\"name\":\"Cosmetice\",\"item\":\"https:\\\/\\\/shopatoa.com\\\/ro\\\/cosmetice-ingrijire-personala\\\/\"},{\"@type\":\"ListItem\",\"position\":6,\"name\":\"Baie \u0219i corp\",\"item\":\"https:\\\/\\\/shopatoa.com\\\/ro\\\/baie-si-corp\\\/\"},{\"@type\":\"ListItem\",\"position\":7,\"name\":\"Aditivi de baie\",\"item\":\"https:\\\/\\\/shopatoa.com\\\/ro\\\/aditivi-de-baie\\\/\"},{\"@type\":\"ListItem\",\"position\":8,\"name\":\"Folk &amp; Flora Pine sare de baie calmanta 500 g\"}]},{\"@type\":\"WebSite\",\"@id\":\"https:\\\/\\\/shopatoa.com\\\/ro\\\/#website\",\"url\":\"https:\\\/\\\/shopatoa.com\\\/ro\\\/\",\"name\":\"SHOPATOA\",\"description\":\"\",\"publisher\":{\"@id\":\"https:\\\/\\\/shopatoa.com\\\/ro\\\/#organization\"},\"potentialAction\":[{\"@type\":\"SearchAction\",\"target\":{\"@type\":\"EntryPoint\",\"urlTemplate\":\"https:\\\/\\\/shopatoa.com\\\/ro\\\/?s={search_term_string}\"},\"query-input\":{\"@type\":\"PropertyValueSpecification\",\"valueRequired\":true,\"valueName\":\"search_term_string\"}}],\"inLanguage\":\"ro-RO\"},{\"@type\":\"Organization\",\"@id\":\"https:\\\/\\\/shopatoa.com\\\/ro\\\/#organization\",\"name\":\"SHOPATOA\",\"url\":\"https:\\\/\\\/shopatoa.com\\\/ro\\\/\",\"logo\":{\"@type\":\"ImageObject\",\"inLanguage\":\"ro-RO\",\"@id\":\"https:\\\/\\\/shopatoa.com\\\/ro\\\/#\\\/schema\\\/logo\\\/image\\\/\",\"url\":\"https:\\\/\\\/storage.googleapis.com\\\/cz-shopatoa-img\\\/ro\\\/b4dac915-shopatoa_logo.png\",\"contentUrl\":\"https:\\\/\\\/storage.googleapis.com\\\/cz-shopatoa-img\\\/ro\\\/b4dac915-shopatoa_logo.png\",\"width\":416,\"height\":63,\"caption\":\"SHOPATOA\"},\"image\":{\"@id\":\"https:\\\/\\\/shopatoa.com\\\/ro\\\/#\\\/schema\\\/logo\\\/image\\\/\"}}]}<\/script>\n<!-- \/ Yoast SEO plugin. -->","yoast_head_json":{"title":"Folk & Flora Pine sare de baie calmanta 500 g - SHOPATOA.COM","robots":{"index":"index","follow":"follow","max-snippet":"max-snippet:-1","max-image-preview":"max-image-preview:large","max-video-preview":"max-video-preview:-1"},"canonical":"https:\/\/shopatoa.com\/ro\/folk-flora-pine-sare-de-baie-calmanta-500-g\/","og_locale":"ro_RO","og_type":"article","og_title":"Folk & Flora Pine sare de baie calmanta 500 g - SHOPATOA.COM","og_description":"Folk &amp; Flora Pine, 500 g, Sare de baie pentru femei, V\u0103 plac b\u0103ile lungi \u00eentr-o cad\u0103 plin\u0103 cu ap\u0103 fierbinte? Sarea de baie Folk &amp; Flora Pine v\u0103 va \u00eembun\u0103t\u0103\u021bi ritualul preferat de relaxare \u0219i \u00eel va duce la un nou nivel. V\u0103 permite s\u0103 crea\u021bi acas\u0103 o baie de sare parfumat\u0103, care s\u0103...","og_url":"https:\/\/shopatoa.com\/ro\/folk-flora-pine-sare-de-baie-calmanta-500-g\/","og_site_name":"SHOPATOA","article_modified_time":"2025-12-13T09:04:06+00:00","og_image":[{"width":800,"height":800,"url":"https:\/\/storage.googleapis.com\/cz-shopatoa-img\/ro\/fd236f98-unnamed-file.webp","type":"image\/webp"}],"twitter_card":"summary_large_image","twitter_misc":{"Timp estimat pentru citire":"1 minut"},"schema":{"@context":"https:\/\/schema.org","@graph":[{"@type":"WebPage","@id":"https:\/\/shopatoa.com\/ro\/folk-flora-pine-sare-de-baie-calmanta-500-g\/","url":"https:\/\/shopatoa.com\/ro\/folk-flora-pine-sare-de-baie-calmanta-500-g\/","name":"Folk & Flora Pine sare de baie calmanta 500 g - SHOPATOA.COM","isPartOf":{"@id":"https:\/\/shopatoa.com\/ro\/#website"},"primaryImageOfPage":{"@id":"https:\/\/shopatoa.com\/ro\/folk-flora-pine-sare-de-baie-calmanta-500-g\/#primaryimage"},"image":{"@id":"https:\/\/shopatoa.com\/ro\/folk-flora-pine-sare-de-baie-calmanta-500-g\/#primaryimage"},"thumbnailUrl":"https:\/\/storage.googleapis.com\/cz-shopatoa-img\/ro\/fd236f98-unnamed-file.webp","datePublished":"2025-06-16T14:37:33+00:00","dateModified":"2025-12-13T09:04:06+00:00","breadcrumb":{"@id":"https:\/\/shopatoa.com\/ro\/folk-flora-pine-sare-de-baie-calmanta-500-g\/#breadcrumb"},"inLanguage":"ro-RO","potentialAction":[{"@type":"ReadAction","target":["https:\/\/shopatoa.com\/ro\/folk-flora-pine-sare-de-baie-calmanta-500-g\/"]}]},{"@type":"ImageObject","inLanguage":"ro-RO","@id":"https:\/\/shopatoa.com\/ro\/folk-flora-pine-sare-de-baie-calmanta-500-g\/#primaryimage","url":"https:\/\/storage.googleapis.com\/cz-shopatoa-img\/ro\/fd236f98-unnamed-file.webp","contentUrl":"https:\/\/storage.googleapis.com\/cz-shopatoa-img\/ro\/fd236f98-unnamed-file.webp","width":800,"height":800},{"@type":"BreadcrumbList","@id":"https:\/\/shopatoa.com\/ro\/folk-flora-pine-sare-de-baie-calmanta-500-g\/#breadcrumb","itemListElement":[{"@type":"ListItem","position":1,"name":"Dom\u016f","item":"https:\/\/shopatoa.com\/ro\/"},{"@type":"ListItem","position":2,"name":"Shop","item":"https:\/\/shopatoa.com\/ro\/shop\/"},{"@type":"ListItem","position":3,"name":"S\u0103n\u0103tate \u0219i frumuse\u021be","item":"https:\/\/shopatoa.com\/ro\/sanatate-si-frumusete\/"},{"@type":"ListItem","position":4,"name":"\u00cengrijire personal\u0103","item":"https:\/\/shopatoa.com\/ro\/ingrijire-personala\/"},{"@type":"ListItem","position":5,"name":"Cosmetice","item":"https:\/\/shopatoa.com\/ro\/cosmetice-ingrijire-personala\/"},{"@type":"ListItem","position":6,"name":"Baie \u0219i corp","item":"https:\/\/shopatoa.com\/ro\/baie-si-corp\/"},{"@type":"ListItem","position":7,"name":"Aditivi de baie","item":"https:\/\/shopatoa.com\/ro\/aditivi-de-baie\/"},{"@type":"ListItem","position":8,"name":"Folk &amp; Flora Pine sare de baie calmanta 500 g"}]},{"@type":"WebSite","@id":"https:\/\/shopatoa.com\/ro\/#website","url":"https:\/\/shopatoa.com\/ro\/","name":"SHOPATOA","description":"","publisher":{"@id":"https:\/\/shopatoa.com\/ro\/#organization"},"potentialAction":[{"@type":"SearchAction","target":{"@type":"EntryPoint","urlTemplate":"https:\/\/shopatoa.com\/ro\/?s={search_term_string}"},"query-input":{"@type":"PropertyValueSpecification","valueRequired":true,"valueName":"search_term_string"}}],"inLanguage":"ro-RO"},{"@type":"Organization","@id":"https:\/\/shopatoa.com\/ro\/#organization","name":"SHOPATOA","url":"https:\/\/shopatoa.com\/ro\/","logo":{"@type":"ImageObject","inLanguage":"ro-RO","@id":"https:\/\/shopatoa.com\/ro\/#\/schema\/logo\/image\/","url":"https:\/\/storage.googleapis.com\/cz-shopatoa-img\/ro\/b4dac915-shopatoa_logo.png","contentUrl":"https:\/\/storage.googleapis.com\/cz-shopatoa-img\/ro\/b4dac915-shopatoa_logo.png","width":416,"height":63,"caption":"SHOPATOA"},"image":{"@id":"https:\/\/shopatoa.com\/ro\/#\/schema\/logo\/image\/"}}]}},"_links":{"self":[{"href":"https:\/\/shopatoa.com\/ro\/wp-json\/wp\/v2\/product\/386965","targetHints":{"allow":["GET"]}}],"collection":[{"href":"https:\/\/shopatoa.com\/ro\/wp-json\/wp\/v2\/product"}],"about":[{"href":"https:\/\/shopatoa.com\/ro\/wp-json\/wp\/v2\/types\/product"}],"replies":[{"embeddable":true,"href":"https:\/\/shopatoa.com\/ro\/wp-json\/wp\/v2\/comments?post=386965"}],"wp:featuredmedia":[{"embeddable":true,"href":"https:\/\/shopatoa.com\/ro\/wp-json\/wp\/v2\/media\/386966"}],"wp:attachment":[{"href":"https:\/\/shopatoa.com\/ro\/wp-json\/wp\/v2\/media?parent=386965"}],"wp:term":[{"taxonomy":"product_brand","embeddable":true,"href":"https:\/\/shopatoa.com\/ro\/wp-json\/wp\/v2\/product_brand?post=386965"},{"taxonomy":"product_cat","embeddable":true,"href":"https:\/\/shopatoa.com\/ro\/wp-json\/wp\/v2\/product_cat?post=386965"},{"taxonomy":"product_tag","embeddable":true,"href":"https:\/\/shopatoa.com\/ro\/wp-json\/wp\/v2\/product_tag?post=386965"}],"curies":[{"name":"wp","href":"https:\/\/api.w.org\/{rel}","templated":true}]}}