{"id":387525,"date":"2025-06-16T17:25:20","date_gmt":"2025-06-16T15:25:20","guid":{"rendered":"https:\/\/shopatoa.com\/ro\/gosh-eyebrow-creion-pentru-sprancene-cu-pensula-culoare-01-brown-1-2-g\/"},"modified":"2025-12-13T20:22:49","modified_gmt":"2025-12-13T19:22:49","slug":"gosh-eyebrow-creion-pentru-sprancene-cu-pensula-culoare-01-brown-1-2-g","status":"publish","type":"product","link":"https:\/\/shopatoa.com\/ro\/gosh-eyebrow-creion-pentru-sprancene-cu-pensula-culoare-01-brown-1-2-g\/","title":{"rendered":"Gosh Eyebrow creion pentru sprancene cu pensula culoare 01 Brown 1.2 g"},"content":{"rendered":"<p>Gosh Eyebrow, 1,2 g, Creioane pentru sprancene pentru femei, Nimic nu v\u0103 \u00eencadreaz\u0103 fa\u021ba mai bine dec\u00e2t spr\u00e2ncenele \u00eengrijite \u0219i perfect conturate. Creionul pentru spr\u00e2ncene Gosh Eyebrow ajut\u0103 la modelarea unor spr\u00e2ncene pline, cu o form\u0103 perfect\u0103. Va permite desenarea, eviden\u021bierea \u0219i umplerea zonelor cu goluri sau lipsite de fire de p\u0103r. Ofer\u0103 spr\u00e2ncenelor un aspect dens, voluminos \u0219i o form\u0103 exact pe placul dvs. Datorit\u0103 eviden\u021bierii m\u0103gulitoare a spr\u00e2ncenelor, subliniaz\u0103 frumuse\u021bea natural\u0103 a tr\u0103s\u0103turilor fe\u021bei dvs.  Caracteristici:  eviden\u021biaz\u0103 spr\u00e2ncenele \u0219i le pune \u00een valoare frumuse\u021bea natural\u0103 coloreaz\u0103 spr\u00e2ncenele pu\u021bin pronun\u021bate ajusteaz\u0103 spr\u00e2ncenele, rapid \u0219i precis textur\u0103 pudrat\u0103 inclusiv peria practic\u0103 efect de lung\u0103 durat\u0103  Cum se utilizeaz\u0103: Se aplic\u0103 pe spr\u00e2ncene folosind pensula, dinspre centrul fe\u021bei spre exterior.<\/p>\n","protected":false},"excerpt":{"rendered":"<p>Gosh Eyebrow, 1,2 g, Creioane pentru sprancene pentru femei, Nimic nu v\u0103 \u00eencadreaz\u0103 fa\u021ba mai bine dec\u00e2t spr\u00e2ncenele \u00eengrijite \u0219i perfect conturate. Creionul pentru spr\u00e2ncene Gosh Eyebrow ajut\u0103 la modelarea unor spr\u00e2ncene pline, cu o form\u0103 perfect\u0103. Va permite desenarea, eviden\u021bierea \u0219i umplerea zonelor cu goluri sau lipsite de fire de p\u0103r. Ofer\u0103 spr\u00e2ncenelor un&#8230;<\/p>\n","protected":false},"featured_media":387526,"comment_status":"closed","ping_status":"open","template":"","meta":{"_acf_changed":false,"_kadence_starter_templates_imported_post":false,"_kad_post_transparent":"","_kad_post_title":"","_kad_post_layout":"","_kad_post_sidebar_id":"","_kad_post_content_style":"","_kad_post_vertical_padding":"","_kad_post_feature":"","_kad_post_feature_position":"","_kad_post_header":false,"_kad_post_footer":false,"_kad_post_classname":""},"product_brand":[2465],"product_cat":[1564,1563,1664,1576,1599,1562],"product_tag":[],"class_list":{"0":"post-387525","1":"product","2":"type-product","3":"status-publish","4":"has-post-thumbnail","6":"product_brand-gosh","7":"product_cat-cosmetice-ingrijire-personala","8":"product_cat-ingrijire-personala","9":"product_cat-intaritori-pentru-sprancene","10":"product_cat-machiaj","11":"product_cat-machiaj-pentru-ochi-machiaj","12":"product_cat-sanatate-si-frumusete","13":"pa_gen-female","14":"pa_marime-12-g","16":"first","17":"instock","18":"product-type-external","19":"entry","20":"content-bg","21":"loop-entry"},"acf":[],"yoast_head":"<!-- This site is optimized with the Yoast SEO plugin v27.3 - https:\/\/yoast.com\/product\/yoast-seo-wordpress\/ -->\n<title>Gosh Eyebrow creion pentru sprancene cu pensula culoare 01 Brown 1.2 g - SHOPATOA.COM<\/title>\n<meta name=\"robots\" content=\"index, follow, max-snippet:-1, max-image-preview:large, max-video-preview:-1\" \/>\n<link rel=\"canonical\" href=\"https:\/\/shopatoa.com\/ro\/gosh-eyebrow-creion-pentru-sprancene-cu-pensula-culoare-01-brown-1-2-g\/\" \/>\n<meta property=\"og:locale\" content=\"ro_RO\" \/>\n<meta property=\"og:type\" content=\"article\" \/>\n<meta property=\"og:title\" content=\"Gosh Eyebrow creion pentru sprancene cu pensula culoare 01 Brown 1.2 g - SHOPATOA.COM\" \/>\n<meta property=\"og:description\" content=\"Gosh Eyebrow, 1,2 g, Creioane pentru sprancene pentru femei, Nimic nu v\u0103 \u00eencadreaz\u0103 fa\u021ba mai bine dec\u00e2t spr\u00e2ncenele \u00eengrijite \u0219i perfect conturate. Creionul pentru spr\u00e2ncene Gosh Eyebrow ajut\u0103 la modelarea unor spr\u00e2ncene pline, cu o form\u0103 perfect\u0103. Va permite desenarea, eviden\u021bierea \u0219i umplerea zonelor cu goluri sau lipsite de fire de p\u0103r. Ofer\u0103 spr\u00e2ncenelor un...\" \/>\n<meta property=\"og:url\" content=\"https:\/\/shopatoa.com\/ro\/gosh-eyebrow-creion-pentru-sprancene-cu-pensula-culoare-01-brown-1-2-g\/\" \/>\n<meta property=\"og:site_name\" content=\"SHOPATOA\" \/>\n<meta property=\"article:modified_time\" content=\"2025-12-13T19:22:49+00:00\" \/>\n<meta property=\"og:image\" content=\"https:\/\/storage.googleapis.com\/cz-shopatoa-img\/ro\/6eb6b4f4-unnamed-file.webp\" \/>\n\t<meta property=\"og:image:width\" content=\"800\" \/>\n\t<meta property=\"og:image:height\" content=\"800\" \/>\n\t<meta property=\"og:image:type\" content=\"image\/webp\" \/>\n<meta name=\"twitter:card\" content=\"summary_large_image\" \/>\n<meta name=\"twitter:label1\" content=\"Timp estimat pentru citire\" \/>\n\t<meta name=\"twitter:data1\" content=\"1 minut\" \/>\n<script type=\"application\/ld+json\" class=\"yoast-schema-graph\">{\"@context\":\"https:\\\/\\\/schema.org\",\"@graph\":[{\"@type\":\"WebPage\",\"@id\":\"https:\\\/\\\/shopatoa.com\\\/ro\\\/gosh-eyebrow-creion-pentru-sprancene-cu-pensula-culoare-01-brown-1-2-g\\\/\",\"url\":\"https:\\\/\\\/shopatoa.com\\\/ro\\\/gosh-eyebrow-creion-pentru-sprancene-cu-pensula-culoare-01-brown-1-2-g\\\/\",\"name\":\"Gosh Eyebrow creion pentru sprancene cu pensula culoare 01 Brown 1.2 g - SHOPATOA.COM\",\"isPartOf\":{\"@id\":\"https:\\\/\\\/shopatoa.com\\\/ro\\\/#website\"},\"primaryImageOfPage\":{\"@id\":\"https:\\\/\\\/shopatoa.com\\\/ro\\\/gosh-eyebrow-creion-pentru-sprancene-cu-pensula-culoare-01-brown-1-2-g\\\/#primaryimage\"},\"image\":{\"@id\":\"https:\\\/\\\/shopatoa.com\\\/ro\\\/gosh-eyebrow-creion-pentru-sprancene-cu-pensula-culoare-01-brown-1-2-g\\\/#primaryimage\"},\"thumbnailUrl\":\"https:\\\/\\\/storage.googleapis.com\\\/cz-shopatoa-img\\\/ro\\\/6eb6b4f4-unnamed-file.webp\",\"datePublished\":\"2025-06-16T15:25:20+00:00\",\"dateModified\":\"2025-12-13T19:22:49+00:00\",\"breadcrumb\":{\"@id\":\"https:\\\/\\\/shopatoa.com\\\/ro\\\/gosh-eyebrow-creion-pentru-sprancene-cu-pensula-culoare-01-brown-1-2-g\\\/#breadcrumb\"},\"inLanguage\":\"ro-RO\",\"potentialAction\":[{\"@type\":\"ReadAction\",\"target\":[\"https:\\\/\\\/shopatoa.com\\\/ro\\\/gosh-eyebrow-creion-pentru-sprancene-cu-pensula-culoare-01-brown-1-2-g\\\/\"]}]},{\"@type\":\"ImageObject\",\"inLanguage\":\"ro-RO\",\"@id\":\"https:\\\/\\\/shopatoa.com\\\/ro\\\/gosh-eyebrow-creion-pentru-sprancene-cu-pensula-culoare-01-brown-1-2-g\\\/#primaryimage\",\"url\":\"https:\\\/\\\/storage.googleapis.com\\\/cz-shopatoa-img\\\/ro\\\/6eb6b4f4-unnamed-file.webp\",\"contentUrl\":\"https:\\\/\\\/storage.googleapis.com\\\/cz-shopatoa-img\\\/ro\\\/6eb6b4f4-unnamed-file.webp\",\"width\":800,\"height\":800},{\"@type\":\"BreadcrumbList\",\"@id\":\"https:\\\/\\\/shopatoa.com\\\/ro\\\/gosh-eyebrow-creion-pentru-sprancene-cu-pensula-culoare-01-brown-1-2-g\\\/#breadcrumb\",\"itemListElement\":[{\"@type\":\"ListItem\",\"position\":1,\"name\":\"Dom\u016f\",\"item\":\"https:\\\/\\\/shopatoa.com\\\/ro\\\/\"},{\"@type\":\"ListItem\",\"position\":2,\"name\":\"Shop\",\"item\":\"https:\\\/\\\/shopatoa.com\\\/ro\\\/shop\\\/\"},{\"@type\":\"ListItem\",\"position\":3,\"name\":\"S\u0103n\u0103tate \u0219i frumuse\u021be\",\"item\":\"https:\\\/\\\/shopatoa.com\\\/ro\\\/sanatate-si-frumusete\\\/\"},{\"@type\":\"ListItem\",\"position\":4,\"name\":\"\u00cengrijire personal\u0103\",\"item\":\"https:\\\/\\\/shopatoa.com\\\/ro\\\/ingrijire-personala\\\/\"},{\"@type\":\"ListItem\",\"position\":5,\"name\":\"Cosmetice\",\"item\":\"https:\\\/\\\/shopatoa.com\\\/ro\\\/cosmetice-ingrijire-personala\\\/\"},{\"@type\":\"ListItem\",\"position\":6,\"name\":\"Machiaj\",\"item\":\"https:\\\/\\\/shopatoa.com\\\/ro\\\/machiaj\\\/\"},{\"@type\":\"ListItem\",\"position\":7,\"name\":\"Machiaj pentru ochi\",\"item\":\"https:\\\/\\\/shopatoa.com\\\/ro\\\/machiaj-pentru-ochi-machiaj\\\/\"},{\"@type\":\"ListItem\",\"position\":8,\"name\":\"\u00cent\u0103ritori pentru spr\u00e2ncene\",\"item\":\"https:\\\/\\\/shopatoa.com\\\/ro\\\/intaritori-pentru-sprancene\\\/\"},{\"@type\":\"ListItem\",\"position\":9,\"name\":\"Gosh Eyebrow creion pentru sprancene cu pensula culoare 01 Brown 1.2 g\"}]},{\"@type\":\"WebSite\",\"@id\":\"https:\\\/\\\/shopatoa.com\\\/ro\\\/#website\",\"url\":\"https:\\\/\\\/shopatoa.com\\\/ro\\\/\",\"name\":\"SHOPATOA\",\"description\":\"\",\"publisher\":{\"@id\":\"https:\\\/\\\/shopatoa.com\\\/ro\\\/#organization\"},\"potentialAction\":[{\"@type\":\"SearchAction\",\"target\":{\"@type\":\"EntryPoint\",\"urlTemplate\":\"https:\\\/\\\/shopatoa.com\\\/ro\\\/?s={search_term_string}\"},\"query-input\":{\"@type\":\"PropertyValueSpecification\",\"valueRequired\":true,\"valueName\":\"search_term_string\"}}],\"inLanguage\":\"ro-RO\"},{\"@type\":\"Organization\",\"@id\":\"https:\\\/\\\/shopatoa.com\\\/ro\\\/#organization\",\"name\":\"SHOPATOA\",\"url\":\"https:\\\/\\\/shopatoa.com\\\/ro\\\/\",\"logo\":{\"@type\":\"ImageObject\",\"inLanguage\":\"ro-RO\",\"@id\":\"https:\\\/\\\/shopatoa.com\\\/ro\\\/#\\\/schema\\\/logo\\\/image\\\/\",\"url\":\"https:\\\/\\\/storage.googleapis.com\\\/cz-shopatoa-img\\\/ro\\\/b4dac915-shopatoa_logo.png\",\"contentUrl\":\"https:\\\/\\\/storage.googleapis.com\\\/cz-shopatoa-img\\\/ro\\\/b4dac915-shopatoa_logo.png\",\"width\":416,\"height\":63,\"caption\":\"SHOPATOA\"},\"image\":{\"@id\":\"https:\\\/\\\/shopatoa.com\\\/ro\\\/#\\\/schema\\\/logo\\\/image\\\/\"}}]}<\/script>\n<!-- \/ Yoast SEO plugin. -->","yoast_head_json":{"title":"Gosh Eyebrow creion pentru sprancene cu pensula culoare 01 Brown 1.2 g - SHOPATOA.COM","robots":{"index":"index","follow":"follow","max-snippet":"max-snippet:-1","max-image-preview":"max-image-preview:large","max-video-preview":"max-video-preview:-1"},"canonical":"https:\/\/shopatoa.com\/ro\/gosh-eyebrow-creion-pentru-sprancene-cu-pensula-culoare-01-brown-1-2-g\/","og_locale":"ro_RO","og_type":"article","og_title":"Gosh Eyebrow creion pentru sprancene cu pensula culoare 01 Brown 1.2 g - SHOPATOA.COM","og_description":"Gosh Eyebrow, 1,2 g, Creioane pentru sprancene pentru femei, Nimic nu v\u0103 \u00eencadreaz\u0103 fa\u021ba mai bine dec\u00e2t spr\u00e2ncenele \u00eengrijite \u0219i perfect conturate. Creionul pentru spr\u00e2ncene Gosh Eyebrow ajut\u0103 la modelarea unor spr\u00e2ncene pline, cu o form\u0103 perfect\u0103. Va permite desenarea, eviden\u021bierea \u0219i umplerea zonelor cu goluri sau lipsite de fire de p\u0103r. Ofer\u0103 spr\u00e2ncenelor un...","og_url":"https:\/\/shopatoa.com\/ro\/gosh-eyebrow-creion-pentru-sprancene-cu-pensula-culoare-01-brown-1-2-g\/","og_site_name":"SHOPATOA","article_modified_time":"2025-12-13T19:22:49+00:00","og_image":[{"width":800,"height":800,"url":"https:\/\/storage.googleapis.com\/cz-shopatoa-img\/ro\/6eb6b4f4-unnamed-file.webp","type":"image\/webp"}],"twitter_card":"summary_large_image","twitter_misc":{"Timp estimat pentru citire":"1 minut"},"schema":{"@context":"https:\/\/schema.org","@graph":[{"@type":"WebPage","@id":"https:\/\/shopatoa.com\/ro\/gosh-eyebrow-creion-pentru-sprancene-cu-pensula-culoare-01-brown-1-2-g\/","url":"https:\/\/shopatoa.com\/ro\/gosh-eyebrow-creion-pentru-sprancene-cu-pensula-culoare-01-brown-1-2-g\/","name":"Gosh Eyebrow creion pentru sprancene cu pensula culoare 01 Brown 1.2 g - SHOPATOA.COM","isPartOf":{"@id":"https:\/\/shopatoa.com\/ro\/#website"},"primaryImageOfPage":{"@id":"https:\/\/shopatoa.com\/ro\/gosh-eyebrow-creion-pentru-sprancene-cu-pensula-culoare-01-brown-1-2-g\/#primaryimage"},"image":{"@id":"https:\/\/shopatoa.com\/ro\/gosh-eyebrow-creion-pentru-sprancene-cu-pensula-culoare-01-brown-1-2-g\/#primaryimage"},"thumbnailUrl":"https:\/\/storage.googleapis.com\/cz-shopatoa-img\/ro\/6eb6b4f4-unnamed-file.webp","datePublished":"2025-06-16T15:25:20+00:00","dateModified":"2025-12-13T19:22:49+00:00","breadcrumb":{"@id":"https:\/\/shopatoa.com\/ro\/gosh-eyebrow-creion-pentru-sprancene-cu-pensula-culoare-01-brown-1-2-g\/#breadcrumb"},"inLanguage":"ro-RO","potentialAction":[{"@type":"ReadAction","target":["https:\/\/shopatoa.com\/ro\/gosh-eyebrow-creion-pentru-sprancene-cu-pensula-culoare-01-brown-1-2-g\/"]}]},{"@type":"ImageObject","inLanguage":"ro-RO","@id":"https:\/\/shopatoa.com\/ro\/gosh-eyebrow-creion-pentru-sprancene-cu-pensula-culoare-01-brown-1-2-g\/#primaryimage","url":"https:\/\/storage.googleapis.com\/cz-shopatoa-img\/ro\/6eb6b4f4-unnamed-file.webp","contentUrl":"https:\/\/storage.googleapis.com\/cz-shopatoa-img\/ro\/6eb6b4f4-unnamed-file.webp","width":800,"height":800},{"@type":"BreadcrumbList","@id":"https:\/\/shopatoa.com\/ro\/gosh-eyebrow-creion-pentru-sprancene-cu-pensula-culoare-01-brown-1-2-g\/#breadcrumb","itemListElement":[{"@type":"ListItem","position":1,"name":"Dom\u016f","item":"https:\/\/shopatoa.com\/ro\/"},{"@type":"ListItem","position":2,"name":"Shop","item":"https:\/\/shopatoa.com\/ro\/shop\/"},{"@type":"ListItem","position":3,"name":"S\u0103n\u0103tate \u0219i frumuse\u021be","item":"https:\/\/shopatoa.com\/ro\/sanatate-si-frumusete\/"},{"@type":"ListItem","position":4,"name":"\u00cengrijire personal\u0103","item":"https:\/\/shopatoa.com\/ro\/ingrijire-personala\/"},{"@type":"ListItem","position":5,"name":"Cosmetice","item":"https:\/\/shopatoa.com\/ro\/cosmetice-ingrijire-personala\/"},{"@type":"ListItem","position":6,"name":"Machiaj","item":"https:\/\/shopatoa.com\/ro\/machiaj\/"},{"@type":"ListItem","position":7,"name":"Machiaj pentru ochi","item":"https:\/\/shopatoa.com\/ro\/machiaj-pentru-ochi-machiaj\/"},{"@type":"ListItem","position":8,"name":"\u00cent\u0103ritori pentru spr\u00e2ncene","item":"https:\/\/shopatoa.com\/ro\/intaritori-pentru-sprancene\/"},{"@type":"ListItem","position":9,"name":"Gosh Eyebrow creion pentru sprancene cu pensula culoare 01 Brown 1.2 g"}]},{"@type":"WebSite","@id":"https:\/\/shopatoa.com\/ro\/#website","url":"https:\/\/shopatoa.com\/ro\/","name":"SHOPATOA","description":"","publisher":{"@id":"https:\/\/shopatoa.com\/ro\/#organization"},"potentialAction":[{"@type":"SearchAction","target":{"@type":"EntryPoint","urlTemplate":"https:\/\/shopatoa.com\/ro\/?s={search_term_string}"},"query-input":{"@type":"PropertyValueSpecification","valueRequired":true,"valueName":"search_term_string"}}],"inLanguage":"ro-RO"},{"@type":"Organization","@id":"https:\/\/shopatoa.com\/ro\/#organization","name":"SHOPATOA","url":"https:\/\/shopatoa.com\/ro\/","logo":{"@type":"ImageObject","inLanguage":"ro-RO","@id":"https:\/\/shopatoa.com\/ro\/#\/schema\/logo\/image\/","url":"https:\/\/storage.googleapis.com\/cz-shopatoa-img\/ro\/b4dac915-shopatoa_logo.png","contentUrl":"https:\/\/storage.googleapis.com\/cz-shopatoa-img\/ro\/b4dac915-shopatoa_logo.png","width":416,"height":63,"caption":"SHOPATOA"},"image":{"@id":"https:\/\/shopatoa.com\/ro\/#\/schema\/logo\/image\/"}}]}},"_links":{"self":[{"href":"https:\/\/shopatoa.com\/ro\/wp-json\/wp\/v2\/product\/387525","targetHints":{"allow":["GET"]}}],"collection":[{"href":"https:\/\/shopatoa.com\/ro\/wp-json\/wp\/v2\/product"}],"about":[{"href":"https:\/\/shopatoa.com\/ro\/wp-json\/wp\/v2\/types\/product"}],"replies":[{"embeddable":true,"href":"https:\/\/shopatoa.com\/ro\/wp-json\/wp\/v2\/comments?post=387525"}],"wp:featuredmedia":[{"embeddable":true,"href":"https:\/\/shopatoa.com\/ro\/wp-json\/wp\/v2\/media\/387526"}],"wp:attachment":[{"href":"https:\/\/shopatoa.com\/ro\/wp-json\/wp\/v2\/media?parent=387525"}],"wp:term":[{"taxonomy":"product_brand","embeddable":true,"href":"https:\/\/shopatoa.com\/ro\/wp-json\/wp\/v2\/product_brand?post=387525"},{"taxonomy":"product_cat","embeddable":true,"href":"https:\/\/shopatoa.com\/ro\/wp-json\/wp\/v2\/product_cat?post=387525"},{"taxonomy":"product_tag","embeddable":true,"href":"https:\/\/shopatoa.com\/ro\/wp-json\/wp\/v2\/product_tag?post=387525"}],"curies":[{"name":"wp","href":"https:\/\/api.w.org\/{rel}","templated":true}]}}