{"id":387739,"date":"2025-06-16T17:44:15","date_gmt":"2025-06-16T15:44:15","guid":{"rendered":"https:\/\/shopatoa.com\/ro\/gosh-catchy-eyes-allergy-certified-mascara-pentru-volum-pentru-ochi-sensibili-culoare-001-black-8-ml\/"},"modified":"2025-12-13T06:22:04","modified_gmt":"2025-12-13T05:22:04","slug":"gosh-catchy-eyes-allergy-certified-mascara-pentru-volum-pentru-ochi-sensibili-culoare-001-black-8-ml","status":"publish","type":"product","link":"https:\/\/shopatoa.com\/ro\/gosh-catchy-eyes-allergy-certified-mascara-pentru-volum-pentru-ochi-sensibili-culoare-001-black-8-ml\/","title":{"rendered":"Gosh Catchy Eyes Allergy Certified mascara pentru volum pentru ochi sensibili culoare 001 Black 8 ml"},"content":{"rendered":"<p>Gosh Catchy Eyes Allergy Certified, 8 ml, Mascara pentru femei, Dori\u021bi s\u0103 v\u0103 sublinia\u021bi ochii \u0219i s\u0103 le scoate\u021bi \u00een eviden\u021b\u0103 frumuse\u021bea natural\u0103? V\u0103 va ajuta rimelul GoshCatchy EyesAllergy Certified. Acoper\u0103 toate genele pe toat\u0103 lungimea lor cu un strat uniform de culoare intens\u0103 \u0219i bogat\u0103, alungindu-le vizual \u0219i oferindu-le un plus de volum. \u00cen c\u00e2teva clipe, genele dvs. vor p\u0103rea mai dese \u0219i mai pline, iar privirea dvs. va c\u0103p\u0103ta profunzime \u0219i dramatism.  Caracteristici:  prelunge\u0219te genele nu se \u00eentinde are o culoare intens\u0103 separ\u0103 individual fiecare gean\u0103  Ingrediente:  produsul este hipoalergenic  Cum se utilizeaz\u0103: Rimelul se aplic\u0103 pe gene, prin tu\u0219e delicate, de la r\u0103d\u0103cini la v\u00e2rfuri. Pentru un plus de intensitate, se aplic\u0103 mai multe straturi.<\/p>\n","protected":false},"excerpt":{"rendered":"<p>Gosh Catchy Eyes Allergy Certified, 8 ml, Mascara pentru femei, Dori\u021bi s\u0103 v\u0103 sublinia\u021bi ochii \u0219i s\u0103 le scoate\u021bi \u00een eviden\u021b\u0103 frumuse\u021bea natural\u0103? V\u0103 va ajuta rimelul GoshCatchy EyesAllergy Certified. Acoper\u0103 toate genele pe toat\u0103 lungimea lor cu un strat uniform de culoare intens\u0103 \u0219i bogat\u0103, alungindu-le vizual \u0219i oferindu-le un plus de volum. \u00cen&#8230;<\/p>\n","protected":false},"featured_media":387740,"comment_status":"closed","ping_status":"open","template":"","meta":{"_acf_changed":false,"_kadence_starter_templates_imported_post":false,"_kad_post_transparent":"","_kad_post_title":"","_kad_post_layout":"","_kad_post_sidebar_id":"","_kad_post_content_style":"","_kad_post_vertical_padding":"","_kad_post_feature":"","_kad_post_feature_position":"","_kad_post_header":false,"_kad_post_footer":false,"_kad_post_classname":""},"product_brand":[2465],"product_cat":[1564,1563,1576,1599,1726,1562],"product_tag":[],"class_list":{"0":"post-387739","1":"product","2":"type-product","3":"status-publish","4":"has-post-thumbnail","6":"product_brand-gosh","7":"product_cat-cosmetice-ingrijire-personala","8":"product_cat-ingrijire-personala","9":"product_cat-machiaj","10":"product_cat-machiaj-pentru-ochi-machiaj","11":"product_cat-rimel","12":"product_cat-sanatate-si-frumusete","13":"pa_gen-female","14":"pa_marime-8-ml","16":"first","17":"instock","18":"sale","19":"product-type-external","20":"entry","21":"content-bg","22":"loop-entry"},"acf":[],"yoast_head":"<!-- This site is optimized with the Yoast SEO plugin v27.3 - https:\/\/yoast.com\/product\/yoast-seo-wordpress\/ -->\n<title>Gosh Catchy Eyes Allergy Certified mascara pentru volum pentru ochi sensibili culoare 001 Black 8 ml - SHOPATOA.COM<\/title>\n<meta name=\"robots\" content=\"index, follow, max-snippet:-1, max-image-preview:large, max-video-preview:-1\" \/>\n<link rel=\"canonical\" href=\"https:\/\/shopatoa.com\/ro\/gosh-catchy-eyes-allergy-certified-mascara-pentru-volum-pentru-ochi-sensibili-culoare-001-black-8-ml\/\" \/>\n<meta property=\"og:locale\" content=\"ro_RO\" \/>\n<meta property=\"og:type\" content=\"article\" \/>\n<meta property=\"og:title\" content=\"Gosh Catchy Eyes Allergy Certified mascara pentru volum pentru ochi sensibili culoare 001 Black 8 ml - SHOPATOA.COM\" \/>\n<meta property=\"og:description\" content=\"Gosh Catchy Eyes Allergy Certified, 8 ml, Mascara pentru femei, Dori\u021bi s\u0103 v\u0103 sublinia\u021bi ochii \u0219i s\u0103 le scoate\u021bi \u00een eviden\u021b\u0103 frumuse\u021bea natural\u0103? V\u0103 va ajuta rimelul GoshCatchy EyesAllergy Certified. Acoper\u0103 toate genele pe toat\u0103 lungimea lor cu un strat uniform de culoare intens\u0103 \u0219i bogat\u0103, alungindu-le vizual \u0219i oferindu-le un plus de volum. \u00cen...\" \/>\n<meta property=\"og:url\" content=\"https:\/\/shopatoa.com\/ro\/gosh-catchy-eyes-allergy-certified-mascara-pentru-volum-pentru-ochi-sensibili-culoare-001-black-8-ml\/\" \/>\n<meta property=\"og:site_name\" content=\"SHOPATOA\" \/>\n<meta property=\"article:modified_time\" content=\"2025-12-13T05:22:04+00:00\" \/>\n<meta property=\"og:image\" content=\"https:\/\/storage.googleapis.com\/cz-shopatoa-img\/ro\/4396b18b-unnamed-file.webp\" \/>\n\t<meta property=\"og:image:width\" content=\"800\" \/>\n\t<meta property=\"og:image:height\" content=\"800\" \/>\n\t<meta property=\"og:image:type\" content=\"image\/webp\" \/>\n<meta name=\"twitter:card\" content=\"summary_large_image\" \/>\n<meta name=\"twitter:label1\" content=\"Timp estimat pentru citire\" \/>\n\t<meta name=\"twitter:data1\" content=\"1 minut\" \/>\n<script type=\"application\/ld+json\" class=\"yoast-schema-graph\">{\"@context\":\"https:\\\/\\\/schema.org\",\"@graph\":[{\"@type\":\"WebPage\",\"@id\":\"https:\\\/\\\/shopatoa.com\\\/ro\\\/gosh-catchy-eyes-allergy-certified-mascara-pentru-volum-pentru-ochi-sensibili-culoare-001-black-8-ml\\\/\",\"url\":\"https:\\\/\\\/shopatoa.com\\\/ro\\\/gosh-catchy-eyes-allergy-certified-mascara-pentru-volum-pentru-ochi-sensibili-culoare-001-black-8-ml\\\/\",\"name\":\"Gosh Catchy Eyes Allergy Certified mascara pentru volum pentru ochi sensibili culoare 001 Black 8 ml - SHOPATOA.COM\",\"isPartOf\":{\"@id\":\"https:\\\/\\\/shopatoa.com\\\/ro\\\/#website\"},\"primaryImageOfPage\":{\"@id\":\"https:\\\/\\\/shopatoa.com\\\/ro\\\/gosh-catchy-eyes-allergy-certified-mascara-pentru-volum-pentru-ochi-sensibili-culoare-001-black-8-ml\\\/#primaryimage\"},\"image\":{\"@id\":\"https:\\\/\\\/shopatoa.com\\\/ro\\\/gosh-catchy-eyes-allergy-certified-mascara-pentru-volum-pentru-ochi-sensibili-culoare-001-black-8-ml\\\/#primaryimage\"},\"thumbnailUrl\":\"https:\\\/\\\/storage.googleapis.com\\\/cz-shopatoa-img\\\/ro\\\/4396b18b-unnamed-file.webp\",\"datePublished\":\"2025-06-16T15:44:15+00:00\",\"dateModified\":\"2025-12-13T05:22:04+00:00\",\"breadcrumb\":{\"@id\":\"https:\\\/\\\/shopatoa.com\\\/ro\\\/gosh-catchy-eyes-allergy-certified-mascara-pentru-volum-pentru-ochi-sensibili-culoare-001-black-8-ml\\\/#breadcrumb\"},\"inLanguage\":\"ro-RO\",\"potentialAction\":[{\"@type\":\"ReadAction\",\"target\":[\"https:\\\/\\\/shopatoa.com\\\/ro\\\/gosh-catchy-eyes-allergy-certified-mascara-pentru-volum-pentru-ochi-sensibili-culoare-001-black-8-ml\\\/\"]}]},{\"@type\":\"ImageObject\",\"inLanguage\":\"ro-RO\",\"@id\":\"https:\\\/\\\/shopatoa.com\\\/ro\\\/gosh-catchy-eyes-allergy-certified-mascara-pentru-volum-pentru-ochi-sensibili-culoare-001-black-8-ml\\\/#primaryimage\",\"url\":\"https:\\\/\\\/storage.googleapis.com\\\/cz-shopatoa-img\\\/ro\\\/4396b18b-unnamed-file.webp\",\"contentUrl\":\"https:\\\/\\\/storage.googleapis.com\\\/cz-shopatoa-img\\\/ro\\\/4396b18b-unnamed-file.webp\",\"width\":800,\"height\":800},{\"@type\":\"BreadcrumbList\",\"@id\":\"https:\\\/\\\/shopatoa.com\\\/ro\\\/gosh-catchy-eyes-allergy-certified-mascara-pentru-volum-pentru-ochi-sensibili-culoare-001-black-8-ml\\\/#breadcrumb\",\"itemListElement\":[{\"@type\":\"ListItem\",\"position\":1,\"name\":\"Dom\u016f\",\"item\":\"https:\\\/\\\/shopatoa.com\\\/ro\\\/\"},{\"@type\":\"ListItem\",\"position\":2,\"name\":\"Shop\",\"item\":\"https:\\\/\\\/shopatoa.com\\\/ro\\\/shop\\\/\"},{\"@type\":\"ListItem\",\"position\":3,\"name\":\"S\u0103n\u0103tate \u0219i frumuse\u021be\",\"item\":\"https:\\\/\\\/shopatoa.com\\\/ro\\\/sanatate-si-frumusete\\\/\"},{\"@type\":\"ListItem\",\"position\":4,\"name\":\"\u00cengrijire personal\u0103\",\"item\":\"https:\\\/\\\/shopatoa.com\\\/ro\\\/ingrijire-personala\\\/\"},{\"@type\":\"ListItem\",\"position\":5,\"name\":\"Cosmetice\",\"item\":\"https:\\\/\\\/shopatoa.com\\\/ro\\\/cosmetice-ingrijire-personala\\\/\"},{\"@type\":\"ListItem\",\"position\":6,\"name\":\"Machiaj\",\"item\":\"https:\\\/\\\/shopatoa.com\\\/ro\\\/machiaj\\\/\"},{\"@type\":\"ListItem\",\"position\":7,\"name\":\"Machiaj pentru ochi\",\"item\":\"https:\\\/\\\/shopatoa.com\\\/ro\\\/machiaj-pentru-ochi-machiaj\\\/\"},{\"@type\":\"ListItem\",\"position\":8,\"name\":\"Rimel\",\"item\":\"https:\\\/\\\/shopatoa.com\\\/ro\\\/rimel\\\/\"},{\"@type\":\"ListItem\",\"position\":9,\"name\":\"Gosh Catchy Eyes Allergy Certified mascara pentru volum pentru ochi sensibili culoare 001 Black 8 ml\"}]},{\"@type\":\"WebSite\",\"@id\":\"https:\\\/\\\/shopatoa.com\\\/ro\\\/#website\",\"url\":\"https:\\\/\\\/shopatoa.com\\\/ro\\\/\",\"name\":\"SHOPATOA\",\"description\":\"\",\"publisher\":{\"@id\":\"https:\\\/\\\/shopatoa.com\\\/ro\\\/#organization\"},\"potentialAction\":[{\"@type\":\"SearchAction\",\"target\":{\"@type\":\"EntryPoint\",\"urlTemplate\":\"https:\\\/\\\/shopatoa.com\\\/ro\\\/?s={search_term_string}\"},\"query-input\":{\"@type\":\"PropertyValueSpecification\",\"valueRequired\":true,\"valueName\":\"search_term_string\"}}],\"inLanguage\":\"ro-RO\"},{\"@type\":\"Organization\",\"@id\":\"https:\\\/\\\/shopatoa.com\\\/ro\\\/#organization\",\"name\":\"SHOPATOA\",\"url\":\"https:\\\/\\\/shopatoa.com\\\/ro\\\/\",\"logo\":{\"@type\":\"ImageObject\",\"inLanguage\":\"ro-RO\",\"@id\":\"https:\\\/\\\/shopatoa.com\\\/ro\\\/#\\\/schema\\\/logo\\\/image\\\/\",\"url\":\"https:\\\/\\\/storage.googleapis.com\\\/cz-shopatoa-img\\\/ro\\\/b4dac915-shopatoa_logo.png\",\"contentUrl\":\"https:\\\/\\\/storage.googleapis.com\\\/cz-shopatoa-img\\\/ro\\\/b4dac915-shopatoa_logo.png\",\"width\":416,\"height\":63,\"caption\":\"SHOPATOA\"},\"image\":{\"@id\":\"https:\\\/\\\/shopatoa.com\\\/ro\\\/#\\\/schema\\\/logo\\\/image\\\/\"}}]}<\/script>\n<!-- \/ Yoast SEO plugin. -->","yoast_head_json":{"title":"Gosh Catchy Eyes Allergy Certified mascara pentru volum pentru ochi sensibili culoare 001 Black 8 ml - SHOPATOA.COM","robots":{"index":"index","follow":"follow","max-snippet":"max-snippet:-1","max-image-preview":"max-image-preview:large","max-video-preview":"max-video-preview:-1"},"canonical":"https:\/\/shopatoa.com\/ro\/gosh-catchy-eyes-allergy-certified-mascara-pentru-volum-pentru-ochi-sensibili-culoare-001-black-8-ml\/","og_locale":"ro_RO","og_type":"article","og_title":"Gosh Catchy Eyes Allergy Certified mascara pentru volum pentru ochi sensibili culoare 001 Black 8 ml - SHOPATOA.COM","og_description":"Gosh Catchy Eyes Allergy Certified, 8 ml, Mascara pentru femei, Dori\u021bi s\u0103 v\u0103 sublinia\u021bi ochii \u0219i s\u0103 le scoate\u021bi \u00een eviden\u021b\u0103 frumuse\u021bea natural\u0103? V\u0103 va ajuta rimelul GoshCatchy EyesAllergy Certified. Acoper\u0103 toate genele pe toat\u0103 lungimea lor cu un strat uniform de culoare intens\u0103 \u0219i bogat\u0103, alungindu-le vizual \u0219i oferindu-le un plus de volum. \u00cen...","og_url":"https:\/\/shopatoa.com\/ro\/gosh-catchy-eyes-allergy-certified-mascara-pentru-volum-pentru-ochi-sensibili-culoare-001-black-8-ml\/","og_site_name":"SHOPATOA","article_modified_time":"2025-12-13T05:22:04+00:00","og_image":[{"width":800,"height":800,"url":"https:\/\/storage.googleapis.com\/cz-shopatoa-img\/ro\/4396b18b-unnamed-file.webp","type":"image\/webp"}],"twitter_card":"summary_large_image","twitter_misc":{"Timp estimat pentru citire":"1 minut"},"schema":{"@context":"https:\/\/schema.org","@graph":[{"@type":"WebPage","@id":"https:\/\/shopatoa.com\/ro\/gosh-catchy-eyes-allergy-certified-mascara-pentru-volum-pentru-ochi-sensibili-culoare-001-black-8-ml\/","url":"https:\/\/shopatoa.com\/ro\/gosh-catchy-eyes-allergy-certified-mascara-pentru-volum-pentru-ochi-sensibili-culoare-001-black-8-ml\/","name":"Gosh Catchy Eyes Allergy Certified mascara pentru volum pentru ochi sensibili culoare 001 Black 8 ml - SHOPATOA.COM","isPartOf":{"@id":"https:\/\/shopatoa.com\/ro\/#website"},"primaryImageOfPage":{"@id":"https:\/\/shopatoa.com\/ro\/gosh-catchy-eyes-allergy-certified-mascara-pentru-volum-pentru-ochi-sensibili-culoare-001-black-8-ml\/#primaryimage"},"image":{"@id":"https:\/\/shopatoa.com\/ro\/gosh-catchy-eyes-allergy-certified-mascara-pentru-volum-pentru-ochi-sensibili-culoare-001-black-8-ml\/#primaryimage"},"thumbnailUrl":"https:\/\/storage.googleapis.com\/cz-shopatoa-img\/ro\/4396b18b-unnamed-file.webp","datePublished":"2025-06-16T15:44:15+00:00","dateModified":"2025-12-13T05:22:04+00:00","breadcrumb":{"@id":"https:\/\/shopatoa.com\/ro\/gosh-catchy-eyes-allergy-certified-mascara-pentru-volum-pentru-ochi-sensibili-culoare-001-black-8-ml\/#breadcrumb"},"inLanguage":"ro-RO","potentialAction":[{"@type":"ReadAction","target":["https:\/\/shopatoa.com\/ro\/gosh-catchy-eyes-allergy-certified-mascara-pentru-volum-pentru-ochi-sensibili-culoare-001-black-8-ml\/"]}]},{"@type":"ImageObject","inLanguage":"ro-RO","@id":"https:\/\/shopatoa.com\/ro\/gosh-catchy-eyes-allergy-certified-mascara-pentru-volum-pentru-ochi-sensibili-culoare-001-black-8-ml\/#primaryimage","url":"https:\/\/storage.googleapis.com\/cz-shopatoa-img\/ro\/4396b18b-unnamed-file.webp","contentUrl":"https:\/\/storage.googleapis.com\/cz-shopatoa-img\/ro\/4396b18b-unnamed-file.webp","width":800,"height":800},{"@type":"BreadcrumbList","@id":"https:\/\/shopatoa.com\/ro\/gosh-catchy-eyes-allergy-certified-mascara-pentru-volum-pentru-ochi-sensibili-culoare-001-black-8-ml\/#breadcrumb","itemListElement":[{"@type":"ListItem","position":1,"name":"Dom\u016f","item":"https:\/\/shopatoa.com\/ro\/"},{"@type":"ListItem","position":2,"name":"Shop","item":"https:\/\/shopatoa.com\/ro\/shop\/"},{"@type":"ListItem","position":3,"name":"S\u0103n\u0103tate \u0219i frumuse\u021be","item":"https:\/\/shopatoa.com\/ro\/sanatate-si-frumusete\/"},{"@type":"ListItem","position":4,"name":"\u00cengrijire personal\u0103","item":"https:\/\/shopatoa.com\/ro\/ingrijire-personala\/"},{"@type":"ListItem","position":5,"name":"Cosmetice","item":"https:\/\/shopatoa.com\/ro\/cosmetice-ingrijire-personala\/"},{"@type":"ListItem","position":6,"name":"Machiaj","item":"https:\/\/shopatoa.com\/ro\/machiaj\/"},{"@type":"ListItem","position":7,"name":"Machiaj pentru ochi","item":"https:\/\/shopatoa.com\/ro\/machiaj-pentru-ochi-machiaj\/"},{"@type":"ListItem","position":8,"name":"Rimel","item":"https:\/\/shopatoa.com\/ro\/rimel\/"},{"@type":"ListItem","position":9,"name":"Gosh Catchy Eyes Allergy Certified mascara pentru volum pentru ochi sensibili culoare 001 Black 8 ml"}]},{"@type":"WebSite","@id":"https:\/\/shopatoa.com\/ro\/#website","url":"https:\/\/shopatoa.com\/ro\/","name":"SHOPATOA","description":"","publisher":{"@id":"https:\/\/shopatoa.com\/ro\/#organization"},"potentialAction":[{"@type":"SearchAction","target":{"@type":"EntryPoint","urlTemplate":"https:\/\/shopatoa.com\/ro\/?s={search_term_string}"},"query-input":{"@type":"PropertyValueSpecification","valueRequired":true,"valueName":"search_term_string"}}],"inLanguage":"ro-RO"},{"@type":"Organization","@id":"https:\/\/shopatoa.com\/ro\/#organization","name":"SHOPATOA","url":"https:\/\/shopatoa.com\/ro\/","logo":{"@type":"ImageObject","inLanguage":"ro-RO","@id":"https:\/\/shopatoa.com\/ro\/#\/schema\/logo\/image\/","url":"https:\/\/storage.googleapis.com\/cz-shopatoa-img\/ro\/b4dac915-shopatoa_logo.png","contentUrl":"https:\/\/storage.googleapis.com\/cz-shopatoa-img\/ro\/b4dac915-shopatoa_logo.png","width":416,"height":63,"caption":"SHOPATOA"},"image":{"@id":"https:\/\/shopatoa.com\/ro\/#\/schema\/logo\/image\/"}}]}},"_links":{"self":[{"href":"https:\/\/shopatoa.com\/ro\/wp-json\/wp\/v2\/product\/387739","targetHints":{"allow":["GET"]}}],"collection":[{"href":"https:\/\/shopatoa.com\/ro\/wp-json\/wp\/v2\/product"}],"about":[{"href":"https:\/\/shopatoa.com\/ro\/wp-json\/wp\/v2\/types\/product"}],"replies":[{"embeddable":true,"href":"https:\/\/shopatoa.com\/ro\/wp-json\/wp\/v2\/comments?post=387739"}],"wp:featuredmedia":[{"embeddable":true,"href":"https:\/\/shopatoa.com\/ro\/wp-json\/wp\/v2\/media\/387740"}],"wp:attachment":[{"href":"https:\/\/shopatoa.com\/ro\/wp-json\/wp\/v2\/media?parent=387739"}],"wp:term":[{"taxonomy":"product_brand","embeddable":true,"href":"https:\/\/shopatoa.com\/ro\/wp-json\/wp\/v2\/product_brand?post=387739"},{"taxonomy":"product_cat","embeddable":true,"href":"https:\/\/shopatoa.com\/ro\/wp-json\/wp\/v2\/product_cat?post=387739"},{"taxonomy":"product_tag","embeddable":true,"href":"https:\/\/shopatoa.com\/ro\/wp-json\/wp\/v2\/product_tag?post=387739"}],"curies":[{"name":"wp","href":"https:\/\/api.w.org\/{rel}","templated":true}]}}