{"id":388874,"date":"2025-06-16T20:19:31","date_gmt":"2025-06-16T18:19:31","guid":{"rendered":"https:\/\/shopatoa.com\/ro\/lee-stafford-coco-loco-agave-ulei-pentru-un-par-stralucitor-si-catifelat-75-ml\/"},"modified":"2025-12-13T16:36:44","modified_gmt":"2025-12-13T15:36:44","slug":"lee-stafford-coco-loco-agave-ulei-pentru-un-par-stralucitor-si-catifelat-75-ml","status":"publish","type":"product","link":"https:\/\/shopatoa.com\/ro\/lee-stafford-coco-loco-agave-ulei-pentru-un-par-stralucitor-si-catifelat-75-ml\/","title":{"rendered":"Lee Stafford CoCo LoCo Agave ulei pentru un par stralucitor si catifelat 75 ml"},"content":{"rendered":"<p>Lee Stafford CoCo LoCo Agave, 75 ml, Uleiuri uscate pentru p\u0103r pentru femei, Dori\u021bi s\u0103 oferi\u021bi p\u0103rului dvs. ceva \u00een plus fa\u021b\u0103 de \u00eengrijirea de baz\u0103 oferit\u0103 de \u0219ampon sau balsam, dar s\u0103 evita\u021bi senza\u021bia nedorit\u0103 de gr\u0103sime? Uleiul uscat Lee Stafford CoCo LoCo Agave v\u0103 va completa de minute rutina de \u00eengrijire \u2013 ofer\u0103 p\u0103rului o doz\u0103 suplimentar\u0103 de nutri\u021bie, fiind totu\u0219i absorbit foarte rapid. Va ajuta la restabilirea elasticit\u0103\u021bii \u0219i a flexibilit\u0103\u021bii generale a p\u0103rului, va favoriza regenerarea \u0219i, nu \u00een ultimul r\u00e2nd, se va ocupa de netezirea suprafe\u021bei acestuia. Rezultatul va fi un p\u0103r mai delicat, mai catifelat \u0219i s\u0103n\u0103tos str\u0103lucitor, cu o tendin\u021b\u0103 mai redus\u0103 de frizz.  Caracteristici:  d\u0103 str\u0103lucire p\u0103rului confer\u0103 p\u0103rului o moliciune de catifea nu \u00eencarc\u0103 p\u0103rul miroase frumos  Ingrediente:  produs vegan  Cum se utilizeaz\u0103: Se aplic\u0103 pe lungimile \u0219i pe v\u00e2rfurile p\u0103rului uscat sau umed. Nu cl\u0103ti\u021bi. Se aranjeaz\u0103 p\u0103rul, ca de obicei. Se poate utiliza \u00een fiecare zi.<\/p>\n","protected":false},"excerpt":{"rendered":"<p>Lee Stafford CoCo LoCo Agave, 75 ml, Uleiuri uscate pentru p\u0103r pentru femei, Dori\u021bi s\u0103 oferi\u021bi p\u0103rului dvs. ceva \u00een plus fa\u021b\u0103 de \u00eengrijirea de baz\u0103 oferit\u0103 de \u0219ampon sau balsam, dar s\u0103 evita\u021bi senza\u021bia nedorit\u0103 de gr\u0103sime? Uleiul uscat Lee Stafford CoCo LoCo Agave v\u0103 va completa de minute rutina de \u00eengrijire \u2013 ofer\u0103&#8230;<\/p>\n","protected":false},"featured_media":388875,"comment_status":"closed","ping_status":"open","template":"","meta":{"_acf_changed":false,"_kadence_starter_templates_imported_post":false,"_kad_post_transparent":"","_kad_post_title":"","_kad_post_layout":"","_kad_post_sidebar_id":"","_kad_post_content_style":"","_kad_post_vertical_padding":"","_kad_post_feature":"","_kad_post_feature_position":"","_kad_post_header":false,"_kad_post_footer":false,"_kad_post_classname":""},"product_brand":[1989],"product_cat":[1563,1590,1562],"product_tag":[],"class_list":{"0":"post-388874","1":"product","2":"type-product","3":"status-publish","4":"has-post-thumbnail","6":"product_brand-lee-stafford","7":"product_cat-ingrijire-personala","8":"product_cat-ingrijirea-parului","9":"product_cat-sanatate-si-frumusete","10":"pa_gen-female","11":"pa_marime-75-ml","13":"first","14":"instock","15":"sale","16":"product-type-external","17":"entry","18":"content-bg","19":"loop-entry"},"acf":[],"yoast_head":"<!-- This site is optimized with the Yoast SEO plugin v27.4 - https:\/\/yoast.com\/product\/yoast-seo-wordpress\/ -->\n<title>Lee Stafford CoCo LoCo Agave ulei pentru un par stralucitor si catifelat 75 ml - SHOPATOA.COM<\/title>\n<meta name=\"robots\" content=\"index, follow, max-snippet:-1, max-image-preview:large, max-video-preview:-1\" \/>\n<link rel=\"canonical\" href=\"https:\/\/shopatoa.com\/ro\/lee-stafford-coco-loco-agave-ulei-pentru-un-par-stralucitor-si-catifelat-75-ml\/\" \/>\n<meta property=\"og:locale\" content=\"ro_RO\" \/>\n<meta property=\"og:type\" content=\"article\" \/>\n<meta property=\"og:title\" content=\"Lee Stafford CoCo LoCo Agave ulei pentru un par stralucitor si catifelat 75 ml - SHOPATOA.COM\" \/>\n<meta property=\"og:description\" content=\"Lee Stafford CoCo LoCo Agave, 75 ml, Uleiuri uscate pentru p\u0103r pentru femei, Dori\u021bi s\u0103 oferi\u021bi p\u0103rului dvs. ceva \u00een plus fa\u021b\u0103 de \u00eengrijirea de baz\u0103 oferit\u0103 de \u0219ampon sau balsam, dar s\u0103 evita\u021bi senza\u021bia nedorit\u0103 de gr\u0103sime? Uleiul uscat Lee Stafford CoCo LoCo Agave v\u0103 va completa de minute rutina de \u00eengrijire \u2013 ofer\u0103...\" \/>\n<meta property=\"og:url\" content=\"https:\/\/shopatoa.com\/ro\/lee-stafford-coco-loco-agave-ulei-pentru-un-par-stralucitor-si-catifelat-75-ml\/\" \/>\n<meta property=\"og:site_name\" content=\"SHOPATOA\" \/>\n<meta property=\"article:modified_time\" content=\"2025-12-13T15:36:44+00:00\" \/>\n<meta property=\"og:image\" content=\"https:\/\/storage.googleapis.com\/cz-shopatoa-img\/ro\/1b62deda-unnamed-file.webp\" \/>\n\t<meta property=\"og:image:width\" content=\"800\" \/>\n\t<meta property=\"og:image:height\" content=\"800\" \/>\n\t<meta property=\"og:image:type\" content=\"image\/webp\" \/>\n<meta name=\"twitter:card\" content=\"summary_large_image\" \/>\n<meta name=\"twitter:label1\" content=\"Timp estimat pentru citire\" \/>\n\t<meta name=\"twitter:data1\" content=\"1 minut\" \/>\n<script type=\"application\/ld+json\" class=\"yoast-schema-graph\">{\"@context\":\"https:\\\/\\\/schema.org\",\"@graph\":[{\"@type\":\"WebPage\",\"@id\":\"https:\\\/\\\/shopatoa.com\\\/ro\\\/lee-stafford-coco-loco-agave-ulei-pentru-un-par-stralucitor-si-catifelat-75-ml\\\/\",\"url\":\"https:\\\/\\\/shopatoa.com\\\/ro\\\/lee-stafford-coco-loco-agave-ulei-pentru-un-par-stralucitor-si-catifelat-75-ml\\\/\",\"name\":\"Lee Stafford CoCo LoCo Agave ulei pentru un par stralucitor si catifelat 75 ml - SHOPATOA.COM\",\"isPartOf\":{\"@id\":\"https:\\\/\\\/shopatoa.com\\\/ro\\\/#website\"},\"primaryImageOfPage\":{\"@id\":\"https:\\\/\\\/shopatoa.com\\\/ro\\\/lee-stafford-coco-loco-agave-ulei-pentru-un-par-stralucitor-si-catifelat-75-ml\\\/#primaryimage\"},\"image\":{\"@id\":\"https:\\\/\\\/shopatoa.com\\\/ro\\\/lee-stafford-coco-loco-agave-ulei-pentru-un-par-stralucitor-si-catifelat-75-ml\\\/#primaryimage\"},\"thumbnailUrl\":\"https:\\\/\\\/storage.googleapis.com\\\/cz-shopatoa-img\\\/ro\\\/1b62deda-unnamed-file.webp\",\"datePublished\":\"2025-06-16T18:19:31+00:00\",\"dateModified\":\"2025-12-13T15:36:44+00:00\",\"breadcrumb\":{\"@id\":\"https:\\\/\\\/shopatoa.com\\\/ro\\\/lee-stafford-coco-loco-agave-ulei-pentru-un-par-stralucitor-si-catifelat-75-ml\\\/#breadcrumb\"},\"inLanguage\":\"ro-RO\",\"potentialAction\":[{\"@type\":\"ReadAction\",\"target\":[\"https:\\\/\\\/shopatoa.com\\\/ro\\\/lee-stafford-coco-loco-agave-ulei-pentru-un-par-stralucitor-si-catifelat-75-ml\\\/\"]}]},{\"@type\":\"ImageObject\",\"inLanguage\":\"ro-RO\",\"@id\":\"https:\\\/\\\/shopatoa.com\\\/ro\\\/lee-stafford-coco-loco-agave-ulei-pentru-un-par-stralucitor-si-catifelat-75-ml\\\/#primaryimage\",\"url\":\"https:\\\/\\\/storage.googleapis.com\\\/cz-shopatoa-img\\\/ro\\\/1b62deda-unnamed-file.webp\",\"contentUrl\":\"https:\\\/\\\/storage.googleapis.com\\\/cz-shopatoa-img\\\/ro\\\/1b62deda-unnamed-file.webp\",\"width\":800,\"height\":800},{\"@type\":\"BreadcrumbList\",\"@id\":\"https:\\\/\\\/shopatoa.com\\\/ro\\\/lee-stafford-coco-loco-agave-ulei-pentru-un-par-stralucitor-si-catifelat-75-ml\\\/#breadcrumb\",\"itemListElement\":[{\"@type\":\"ListItem\",\"position\":1,\"name\":\"Dom\u016f\",\"item\":\"https:\\\/\\\/shopatoa.com\\\/ro\\\/\"},{\"@type\":\"ListItem\",\"position\":2,\"name\":\"Shop\",\"item\":\"https:\\\/\\\/shopatoa.com\\\/ro\\\/shop\\\/\"},{\"@type\":\"ListItem\",\"position\":3,\"name\":\"S\u0103n\u0103tate \u0219i frumuse\u021be\",\"item\":\"https:\\\/\\\/shopatoa.com\\\/ro\\\/sanatate-si-frumusete\\\/\"},{\"@type\":\"ListItem\",\"position\":4,\"name\":\"\u00cengrijire personal\u0103\",\"item\":\"https:\\\/\\\/shopatoa.com\\\/ro\\\/ingrijire-personala\\\/\"},{\"@type\":\"ListItem\",\"position\":5,\"name\":\"\u00cengrijirea p\u0103rului\",\"item\":\"https:\\\/\\\/shopatoa.com\\\/ro\\\/ingrijirea-parului\\\/\"},{\"@type\":\"ListItem\",\"position\":6,\"name\":\"Lee Stafford CoCo LoCo Agave ulei pentru un par stralucitor si catifelat 75 ml\"}]},{\"@type\":\"WebSite\",\"@id\":\"https:\\\/\\\/shopatoa.com\\\/ro\\\/#website\",\"url\":\"https:\\\/\\\/shopatoa.com\\\/ro\\\/\",\"name\":\"SHOPATOA\",\"description\":\"\",\"publisher\":{\"@id\":\"https:\\\/\\\/shopatoa.com\\\/ro\\\/#organization\"},\"potentialAction\":[{\"@type\":\"SearchAction\",\"target\":{\"@type\":\"EntryPoint\",\"urlTemplate\":\"https:\\\/\\\/shopatoa.com\\\/ro\\\/?s={search_term_string}\"},\"query-input\":{\"@type\":\"PropertyValueSpecification\",\"valueRequired\":true,\"valueName\":\"search_term_string\"}}],\"inLanguage\":\"ro-RO\"},{\"@type\":\"Organization\",\"@id\":\"https:\\\/\\\/shopatoa.com\\\/ro\\\/#organization\",\"name\":\"SHOPATOA\",\"url\":\"https:\\\/\\\/shopatoa.com\\\/ro\\\/\",\"logo\":{\"@type\":\"ImageObject\",\"inLanguage\":\"ro-RO\",\"@id\":\"https:\\\/\\\/shopatoa.com\\\/ro\\\/#\\\/schema\\\/logo\\\/image\\\/\",\"url\":\"https:\\\/\\\/storage.googleapis.com\\\/cz-shopatoa-img\\\/ro\\\/b4dac915-shopatoa_logo.png\",\"contentUrl\":\"https:\\\/\\\/storage.googleapis.com\\\/cz-shopatoa-img\\\/ro\\\/b4dac915-shopatoa_logo.png\",\"width\":416,\"height\":63,\"caption\":\"SHOPATOA\"},\"image\":{\"@id\":\"https:\\\/\\\/shopatoa.com\\\/ro\\\/#\\\/schema\\\/logo\\\/image\\\/\"}}]}<\/script>\n<!-- \/ Yoast SEO plugin. -->","yoast_head_json":{"title":"Lee Stafford CoCo LoCo Agave ulei pentru un par stralucitor si catifelat 75 ml - SHOPATOA.COM","robots":{"index":"index","follow":"follow","max-snippet":"max-snippet:-1","max-image-preview":"max-image-preview:large","max-video-preview":"max-video-preview:-1"},"canonical":"https:\/\/shopatoa.com\/ro\/lee-stafford-coco-loco-agave-ulei-pentru-un-par-stralucitor-si-catifelat-75-ml\/","og_locale":"ro_RO","og_type":"article","og_title":"Lee Stafford CoCo LoCo Agave ulei pentru un par stralucitor si catifelat 75 ml - SHOPATOA.COM","og_description":"Lee Stafford CoCo LoCo Agave, 75 ml, Uleiuri uscate pentru p\u0103r pentru femei, Dori\u021bi s\u0103 oferi\u021bi p\u0103rului dvs. ceva \u00een plus fa\u021b\u0103 de \u00eengrijirea de baz\u0103 oferit\u0103 de \u0219ampon sau balsam, dar s\u0103 evita\u021bi senza\u021bia nedorit\u0103 de gr\u0103sime? Uleiul uscat Lee Stafford CoCo LoCo Agave v\u0103 va completa de minute rutina de \u00eengrijire \u2013 ofer\u0103...","og_url":"https:\/\/shopatoa.com\/ro\/lee-stafford-coco-loco-agave-ulei-pentru-un-par-stralucitor-si-catifelat-75-ml\/","og_site_name":"SHOPATOA","article_modified_time":"2025-12-13T15:36:44+00:00","og_image":[{"width":800,"height":800,"url":"https:\/\/storage.googleapis.com\/cz-shopatoa-img\/ro\/1b62deda-unnamed-file.webp","type":"image\/webp"}],"twitter_card":"summary_large_image","twitter_misc":{"Timp estimat pentru citire":"1 minut"},"schema":{"@context":"https:\/\/schema.org","@graph":[{"@type":"WebPage","@id":"https:\/\/shopatoa.com\/ro\/lee-stafford-coco-loco-agave-ulei-pentru-un-par-stralucitor-si-catifelat-75-ml\/","url":"https:\/\/shopatoa.com\/ro\/lee-stafford-coco-loco-agave-ulei-pentru-un-par-stralucitor-si-catifelat-75-ml\/","name":"Lee Stafford CoCo LoCo Agave ulei pentru un par stralucitor si catifelat 75 ml - SHOPATOA.COM","isPartOf":{"@id":"https:\/\/shopatoa.com\/ro\/#website"},"primaryImageOfPage":{"@id":"https:\/\/shopatoa.com\/ro\/lee-stafford-coco-loco-agave-ulei-pentru-un-par-stralucitor-si-catifelat-75-ml\/#primaryimage"},"image":{"@id":"https:\/\/shopatoa.com\/ro\/lee-stafford-coco-loco-agave-ulei-pentru-un-par-stralucitor-si-catifelat-75-ml\/#primaryimage"},"thumbnailUrl":"https:\/\/storage.googleapis.com\/cz-shopatoa-img\/ro\/1b62deda-unnamed-file.webp","datePublished":"2025-06-16T18:19:31+00:00","dateModified":"2025-12-13T15:36:44+00:00","breadcrumb":{"@id":"https:\/\/shopatoa.com\/ro\/lee-stafford-coco-loco-agave-ulei-pentru-un-par-stralucitor-si-catifelat-75-ml\/#breadcrumb"},"inLanguage":"ro-RO","potentialAction":[{"@type":"ReadAction","target":["https:\/\/shopatoa.com\/ro\/lee-stafford-coco-loco-agave-ulei-pentru-un-par-stralucitor-si-catifelat-75-ml\/"]}]},{"@type":"ImageObject","inLanguage":"ro-RO","@id":"https:\/\/shopatoa.com\/ro\/lee-stafford-coco-loco-agave-ulei-pentru-un-par-stralucitor-si-catifelat-75-ml\/#primaryimage","url":"https:\/\/storage.googleapis.com\/cz-shopatoa-img\/ro\/1b62deda-unnamed-file.webp","contentUrl":"https:\/\/storage.googleapis.com\/cz-shopatoa-img\/ro\/1b62deda-unnamed-file.webp","width":800,"height":800},{"@type":"BreadcrumbList","@id":"https:\/\/shopatoa.com\/ro\/lee-stafford-coco-loco-agave-ulei-pentru-un-par-stralucitor-si-catifelat-75-ml\/#breadcrumb","itemListElement":[{"@type":"ListItem","position":1,"name":"Dom\u016f","item":"https:\/\/shopatoa.com\/ro\/"},{"@type":"ListItem","position":2,"name":"Shop","item":"https:\/\/shopatoa.com\/ro\/shop\/"},{"@type":"ListItem","position":3,"name":"S\u0103n\u0103tate \u0219i frumuse\u021be","item":"https:\/\/shopatoa.com\/ro\/sanatate-si-frumusete\/"},{"@type":"ListItem","position":4,"name":"\u00cengrijire personal\u0103","item":"https:\/\/shopatoa.com\/ro\/ingrijire-personala\/"},{"@type":"ListItem","position":5,"name":"\u00cengrijirea p\u0103rului","item":"https:\/\/shopatoa.com\/ro\/ingrijirea-parului\/"},{"@type":"ListItem","position":6,"name":"Lee Stafford CoCo LoCo Agave ulei pentru un par stralucitor si catifelat 75 ml"}]},{"@type":"WebSite","@id":"https:\/\/shopatoa.com\/ro\/#website","url":"https:\/\/shopatoa.com\/ro\/","name":"SHOPATOA","description":"","publisher":{"@id":"https:\/\/shopatoa.com\/ro\/#organization"},"potentialAction":[{"@type":"SearchAction","target":{"@type":"EntryPoint","urlTemplate":"https:\/\/shopatoa.com\/ro\/?s={search_term_string}"},"query-input":{"@type":"PropertyValueSpecification","valueRequired":true,"valueName":"search_term_string"}}],"inLanguage":"ro-RO"},{"@type":"Organization","@id":"https:\/\/shopatoa.com\/ro\/#organization","name":"SHOPATOA","url":"https:\/\/shopatoa.com\/ro\/","logo":{"@type":"ImageObject","inLanguage":"ro-RO","@id":"https:\/\/shopatoa.com\/ro\/#\/schema\/logo\/image\/","url":"https:\/\/storage.googleapis.com\/cz-shopatoa-img\/ro\/b4dac915-shopatoa_logo.png","contentUrl":"https:\/\/storage.googleapis.com\/cz-shopatoa-img\/ro\/b4dac915-shopatoa_logo.png","width":416,"height":63,"caption":"SHOPATOA"},"image":{"@id":"https:\/\/shopatoa.com\/ro\/#\/schema\/logo\/image\/"}}]}},"_links":{"self":[{"href":"https:\/\/shopatoa.com\/ro\/wp-json\/wp\/v2\/product\/388874","targetHints":{"allow":["GET"]}}],"collection":[{"href":"https:\/\/shopatoa.com\/ro\/wp-json\/wp\/v2\/product"}],"about":[{"href":"https:\/\/shopatoa.com\/ro\/wp-json\/wp\/v2\/types\/product"}],"replies":[{"embeddable":true,"href":"https:\/\/shopatoa.com\/ro\/wp-json\/wp\/v2\/comments?post=388874"}],"wp:featuredmedia":[{"embeddable":true,"href":"https:\/\/shopatoa.com\/ro\/wp-json\/wp\/v2\/media\/388875"}],"wp:attachment":[{"href":"https:\/\/shopatoa.com\/ro\/wp-json\/wp\/v2\/media?parent=388874"}],"wp:term":[{"taxonomy":"product_brand","embeddable":true,"href":"https:\/\/shopatoa.com\/ro\/wp-json\/wp\/v2\/product_brand?post=388874"},{"taxonomy":"product_cat","embeddable":true,"href":"https:\/\/shopatoa.com\/ro\/wp-json\/wp\/v2\/product_cat?post=388874"},{"taxonomy":"product_tag","embeddable":true,"href":"https:\/\/shopatoa.com\/ro\/wp-json\/wp\/v2\/product_tag?post=388874"}],"curies":[{"name":"wp","href":"https:\/\/api.w.org\/{rel}","templated":true}]}}