{"id":388958,"date":"2025-06-16T20:26:32","date_gmt":"2025-06-16T18:26:32","guid":{"rendered":"https:\/\/shopatoa.com\/ro\/venira-lip-scrub-peeling-sour-cherry-15-ml\/"},"modified":"2025-12-13T16:14:54","modified_gmt":"2025-12-13T15:14:54","slug":"venira-lip-scrub-peeling-sour-cherry-15-ml","status":"publish","type":"product","link":"https:\/\/shopatoa.com\/ro\/venira-lip-scrub-peeling-sour-cherry-15-ml\/","title":{"rendered":"Venira Lip Scrub peeling Sour cherry 15 ml"},"content":{"rendered":"<p>Venira Lip Scrub, 15 ml, Peeling pentru buze pentru femei, Tratamentul special pentru buze asigur\u0103 buze \u0219i mai frumoase.  Caracteristici:  regenereaz\u0103 \u0219i protejeaz\u0103 intensiv stimuleaz\u0103 circula\u021bia sanguin\u0103 \u00een buze \u00eenl\u0103tur\u0103 celulele moarte de pe buze ofer\u0103 buzelor \u0219i zonei din jur hidratarea \u0219i nutri\u021bia necesare buzele devin moi \u0219i fine ca m\u0103tasea  Cum se utilizeaz\u0103: Se aplic\u0103 cu mi\u0219c\u0103ri circulare, pe buzele umede \u0219i se maseaz\u0103. Apoi se limpeze\u0219te bine.<\/p>\n","protected":false},"excerpt":{"rendered":"<p>Venira Lip Scrub, 15 ml, Peeling pentru buze pentru femei, Tratamentul special pentru buze asigur\u0103 buze \u0219i mai frumoase. Caracteristici: regenereaz\u0103 \u0219i protejeaz\u0103 intensiv stimuleaz\u0103 circula\u021bia sanguin\u0103 \u00een buze \u00eenl\u0103tur\u0103 celulele moarte de pe buze ofer\u0103 buzelor \u0219i zonei din jur hidratarea \u0219i nutri\u021bia necesare buzele devin moi \u0219i fine ca m\u0103tasea Cum se utilizeaz\u0103:&#8230;<\/p>\n","protected":false},"featured_media":388959,"comment_status":"closed","ping_status":"open","template":"","meta":{"_acf_changed":false,"_kadence_starter_templates_imported_post":false,"_kad_post_transparent":"","_kad_post_title":"","_kad_post_layout":"","_kad_post_sidebar_id":"","_kad_post_content_style":"","_kad_post_vertical_padding":"","_kad_post_feature":"","_kad_post_feature_position":"","_kad_post_header":false,"_kad_post_footer":false,"_kad_post_classname":""},"product_brand":[2474],"product_cat":[1628,1564,1563,1565,1562],"product_tag":[],"class_list":{"0":"post-388958","1":"product","2":"type-product","3":"status-publish","4":"has-post-thumbnail","6":"product_brand-venira","7":"product_cat-balsamuri-si-tratamente-pentru-buze","8":"product_cat-cosmetice-ingrijire-personala","9":"product_cat-ingrijire-personala","10":"product_cat-ingrijirea-pielii","11":"product_cat-sanatate-si-frumusete","12":"pa_gen-female","13":"pa_marime-15-ml","15":"first","16":"instock","17":"sale","18":"product-type-external","19":"entry","20":"content-bg","21":"loop-entry"},"acf":[],"yoast_head":"<!-- This site is optimized with the Yoast SEO plugin v27.4 - https:\/\/yoast.com\/product\/yoast-seo-wordpress\/ -->\n<title>Venira Lip Scrub peeling Sour cherry 15 ml - SHOPATOA.COM<\/title>\n<meta name=\"robots\" content=\"index, follow, max-snippet:-1, max-image-preview:large, max-video-preview:-1\" \/>\n<link rel=\"canonical\" href=\"https:\/\/shopatoa.com\/ro\/venira-lip-scrub-peeling-sour-cherry-15-ml\/\" \/>\n<meta property=\"og:locale\" content=\"ro_RO\" \/>\n<meta property=\"og:type\" content=\"article\" \/>\n<meta property=\"og:title\" content=\"Venira Lip Scrub peeling Sour cherry 15 ml - SHOPATOA.COM\" \/>\n<meta property=\"og:description\" content=\"Venira Lip Scrub, 15 ml, Peeling pentru buze pentru femei, Tratamentul special pentru buze asigur\u0103 buze \u0219i mai frumoase. Caracteristici: regenereaz\u0103 \u0219i protejeaz\u0103 intensiv stimuleaz\u0103 circula\u021bia sanguin\u0103 \u00een buze \u00eenl\u0103tur\u0103 celulele moarte de pe buze ofer\u0103 buzelor \u0219i zonei din jur hidratarea \u0219i nutri\u021bia necesare buzele devin moi \u0219i fine ca m\u0103tasea Cum se utilizeaz\u0103:...\" \/>\n<meta property=\"og:url\" content=\"https:\/\/shopatoa.com\/ro\/venira-lip-scrub-peeling-sour-cherry-15-ml\/\" \/>\n<meta property=\"og:site_name\" content=\"SHOPATOA\" \/>\n<meta property=\"article:modified_time\" content=\"2025-12-13T15:14:54+00:00\" \/>\n<meta property=\"og:image\" content=\"https:\/\/storage.googleapis.com\/cz-shopatoa-img\/ro\/78a4d59b-unnamed-file.webp\" \/>\n\t<meta property=\"og:image:width\" content=\"800\" \/>\n\t<meta property=\"og:image:height\" content=\"800\" \/>\n\t<meta property=\"og:image:type\" content=\"image\/webp\" \/>\n<meta name=\"twitter:card\" content=\"summary_large_image\" \/>\n<script type=\"application\/ld+json\" class=\"yoast-schema-graph\">{\"@context\":\"https:\\\/\\\/schema.org\",\"@graph\":[{\"@type\":\"WebPage\",\"@id\":\"https:\\\/\\\/shopatoa.com\\\/ro\\\/venira-lip-scrub-peeling-sour-cherry-15-ml\\\/\",\"url\":\"https:\\\/\\\/shopatoa.com\\\/ro\\\/venira-lip-scrub-peeling-sour-cherry-15-ml\\\/\",\"name\":\"Venira Lip Scrub peeling Sour cherry 15 ml - SHOPATOA.COM\",\"isPartOf\":{\"@id\":\"https:\\\/\\\/shopatoa.com\\\/ro\\\/#website\"},\"primaryImageOfPage\":{\"@id\":\"https:\\\/\\\/shopatoa.com\\\/ro\\\/venira-lip-scrub-peeling-sour-cherry-15-ml\\\/#primaryimage\"},\"image\":{\"@id\":\"https:\\\/\\\/shopatoa.com\\\/ro\\\/venira-lip-scrub-peeling-sour-cherry-15-ml\\\/#primaryimage\"},\"thumbnailUrl\":\"https:\\\/\\\/storage.googleapis.com\\\/cz-shopatoa-img\\\/ro\\\/78a4d59b-unnamed-file.webp\",\"datePublished\":\"2025-06-16T18:26:32+00:00\",\"dateModified\":\"2025-12-13T15:14:54+00:00\",\"breadcrumb\":{\"@id\":\"https:\\\/\\\/shopatoa.com\\\/ro\\\/venira-lip-scrub-peeling-sour-cherry-15-ml\\\/#breadcrumb\"},\"inLanguage\":\"ro-RO\",\"potentialAction\":[{\"@type\":\"ReadAction\",\"target\":[\"https:\\\/\\\/shopatoa.com\\\/ro\\\/venira-lip-scrub-peeling-sour-cherry-15-ml\\\/\"]}]},{\"@type\":\"ImageObject\",\"inLanguage\":\"ro-RO\",\"@id\":\"https:\\\/\\\/shopatoa.com\\\/ro\\\/venira-lip-scrub-peeling-sour-cherry-15-ml\\\/#primaryimage\",\"url\":\"https:\\\/\\\/storage.googleapis.com\\\/cz-shopatoa-img\\\/ro\\\/78a4d59b-unnamed-file.webp\",\"contentUrl\":\"https:\\\/\\\/storage.googleapis.com\\\/cz-shopatoa-img\\\/ro\\\/78a4d59b-unnamed-file.webp\",\"width\":800,\"height\":800},{\"@type\":\"BreadcrumbList\",\"@id\":\"https:\\\/\\\/shopatoa.com\\\/ro\\\/venira-lip-scrub-peeling-sour-cherry-15-ml\\\/#breadcrumb\",\"itemListElement\":[{\"@type\":\"ListItem\",\"position\":1,\"name\":\"Dom\u016f\",\"item\":\"https:\\\/\\\/shopatoa.com\\\/ro\\\/\"},{\"@type\":\"ListItem\",\"position\":2,\"name\":\"Shop\",\"item\":\"https:\\\/\\\/shopatoa.com\\\/ro\\\/shop\\\/\"},{\"@type\":\"ListItem\",\"position\":3,\"name\":\"S\u0103n\u0103tate \u0219i frumuse\u021be\",\"item\":\"https:\\\/\\\/shopatoa.com\\\/ro\\\/sanatate-si-frumusete\\\/\"},{\"@type\":\"ListItem\",\"position\":4,\"name\":\"\u00cengrijire personal\u0103\",\"item\":\"https:\\\/\\\/shopatoa.com\\\/ro\\\/ingrijire-personala\\\/\"},{\"@type\":\"ListItem\",\"position\":5,\"name\":\"Cosmetice\",\"item\":\"https:\\\/\\\/shopatoa.com\\\/ro\\\/cosmetice-ingrijire-personala\\\/\"},{\"@type\":\"ListItem\",\"position\":6,\"name\":\"\u00cengrijirea pielii\",\"item\":\"https:\\\/\\\/shopatoa.com\\\/ro\\\/ingrijirea-pielii\\\/\"},{\"@type\":\"ListItem\",\"position\":7,\"name\":\"Balsamuri \u0219i tratamente pentru buze\",\"item\":\"https:\\\/\\\/shopatoa.com\\\/ro\\\/balsamuri-si-tratamente-pentru-buze\\\/\"},{\"@type\":\"ListItem\",\"position\":8,\"name\":\"Venira Lip Scrub peeling Sour cherry 15 ml\"}]},{\"@type\":\"WebSite\",\"@id\":\"https:\\\/\\\/shopatoa.com\\\/ro\\\/#website\",\"url\":\"https:\\\/\\\/shopatoa.com\\\/ro\\\/\",\"name\":\"SHOPATOA\",\"description\":\"\",\"publisher\":{\"@id\":\"https:\\\/\\\/shopatoa.com\\\/ro\\\/#organization\"},\"potentialAction\":[{\"@type\":\"SearchAction\",\"target\":{\"@type\":\"EntryPoint\",\"urlTemplate\":\"https:\\\/\\\/shopatoa.com\\\/ro\\\/?s={search_term_string}\"},\"query-input\":{\"@type\":\"PropertyValueSpecification\",\"valueRequired\":true,\"valueName\":\"search_term_string\"}}],\"inLanguage\":\"ro-RO\"},{\"@type\":\"Organization\",\"@id\":\"https:\\\/\\\/shopatoa.com\\\/ro\\\/#organization\",\"name\":\"SHOPATOA\",\"url\":\"https:\\\/\\\/shopatoa.com\\\/ro\\\/\",\"logo\":{\"@type\":\"ImageObject\",\"inLanguage\":\"ro-RO\",\"@id\":\"https:\\\/\\\/shopatoa.com\\\/ro\\\/#\\\/schema\\\/logo\\\/image\\\/\",\"url\":\"https:\\\/\\\/storage.googleapis.com\\\/cz-shopatoa-img\\\/ro\\\/b4dac915-shopatoa_logo.png\",\"contentUrl\":\"https:\\\/\\\/storage.googleapis.com\\\/cz-shopatoa-img\\\/ro\\\/b4dac915-shopatoa_logo.png\",\"width\":416,\"height\":63,\"caption\":\"SHOPATOA\"},\"image\":{\"@id\":\"https:\\\/\\\/shopatoa.com\\\/ro\\\/#\\\/schema\\\/logo\\\/image\\\/\"}}]}<\/script>\n<!-- \/ Yoast SEO plugin. -->","yoast_head_json":{"title":"Venira Lip Scrub peeling Sour cherry 15 ml - SHOPATOA.COM","robots":{"index":"index","follow":"follow","max-snippet":"max-snippet:-1","max-image-preview":"max-image-preview:large","max-video-preview":"max-video-preview:-1"},"canonical":"https:\/\/shopatoa.com\/ro\/venira-lip-scrub-peeling-sour-cherry-15-ml\/","og_locale":"ro_RO","og_type":"article","og_title":"Venira Lip Scrub peeling Sour cherry 15 ml - SHOPATOA.COM","og_description":"Venira Lip Scrub, 15 ml, Peeling pentru buze pentru femei, Tratamentul special pentru buze asigur\u0103 buze \u0219i mai frumoase. Caracteristici: regenereaz\u0103 \u0219i protejeaz\u0103 intensiv stimuleaz\u0103 circula\u021bia sanguin\u0103 \u00een buze \u00eenl\u0103tur\u0103 celulele moarte de pe buze ofer\u0103 buzelor \u0219i zonei din jur hidratarea \u0219i nutri\u021bia necesare buzele devin moi \u0219i fine ca m\u0103tasea Cum se utilizeaz\u0103:...","og_url":"https:\/\/shopatoa.com\/ro\/venira-lip-scrub-peeling-sour-cherry-15-ml\/","og_site_name":"SHOPATOA","article_modified_time":"2025-12-13T15:14:54+00:00","og_image":[{"width":800,"height":800,"url":"https:\/\/storage.googleapis.com\/cz-shopatoa-img\/ro\/78a4d59b-unnamed-file.webp","type":"image\/webp"}],"twitter_card":"summary_large_image","schema":{"@context":"https:\/\/schema.org","@graph":[{"@type":"WebPage","@id":"https:\/\/shopatoa.com\/ro\/venira-lip-scrub-peeling-sour-cherry-15-ml\/","url":"https:\/\/shopatoa.com\/ro\/venira-lip-scrub-peeling-sour-cherry-15-ml\/","name":"Venira Lip Scrub peeling Sour cherry 15 ml - SHOPATOA.COM","isPartOf":{"@id":"https:\/\/shopatoa.com\/ro\/#website"},"primaryImageOfPage":{"@id":"https:\/\/shopatoa.com\/ro\/venira-lip-scrub-peeling-sour-cherry-15-ml\/#primaryimage"},"image":{"@id":"https:\/\/shopatoa.com\/ro\/venira-lip-scrub-peeling-sour-cherry-15-ml\/#primaryimage"},"thumbnailUrl":"https:\/\/storage.googleapis.com\/cz-shopatoa-img\/ro\/78a4d59b-unnamed-file.webp","datePublished":"2025-06-16T18:26:32+00:00","dateModified":"2025-12-13T15:14:54+00:00","breadcrumb":{"@id":"https:\/\/shopatoa.com\/ro\/venira-lip-scrub-peeling-sour-cherry-15-ml\/#breadcrumb"},"inLanguage":"ro-RO","potentialAction":[{"@type":"ReadAction","target":["https:\/\/shopatoa.com\/ro\/venira-lip-scrub-peeling-sour-cherry-15-ml\/"]}]},{"@type":"ImageObject","inLanguage":"ro-RO","@id":"https:\/\/shopatoa.com\/ro\/venira-lip-scrub-peeling-sour-cherry-15-ml\/#primaryimage","url":"https:\/\/storage.googleapis.com\/cz-shopatoa-img\/ro\/78a4d59b-unnamed-file.webp","contentUrl":"https:\/\/storage.googleapis.com\/cz-shopatoa-img\/ro\/78a4d59b-unnamed-file.webp","width":800,"height":800},{"@type":"BreadcrumbList","@id":"https:\/\/shopatoa.com\/ro\/venira-lip-scrub-peeling-sour-cherry-15-ml\/#breadcrumb","itemListElement":[{"@type":"ListItem","position":1,"name":"Dom\u016f","item":"https:\/\/shopatoa.com\/ro\/"},{"@type":"ListItem","position":2,"name":"Shop","item":"https:\/\/shopatoa.com\/ro\/shop\/"},{"@type":"ListItem","position":3,"name":"S\u0103n\u0103tate \u0219i frumuse\u021be","item":"https:\/\/shopatoa.com\/ro\/sanatate-si-frumusete\/"},{"@type":"ListItem","position":4,"name":"\u00cengrijire personal\u0103","item":"https:\/\/shopatoa.com\/ro\/ingrijire-personala\/"},{"@type":"ListItem","position":5,"name":"Cosmetice","item":"https:\/\/shopatoa.com\/ro\/cosmetice-ingrijire-personala\/"},{"@type":"ListItem","position":6,"name":"\u00cengrijirea pielii","item":"https:\/\/shopatoa.com\/ro\/ingrijirea-pielii\/"},{"@type":"ListItem","position":7,"name":"Balsamuri \u0219i tratamente pentru buze","item":"https:\/\/shopatoa.com\/ro\/balsamuri-si-tratamente-pentru-buze\/"},{"@type":"ListItem","position":8,"name":"Venira Lip Scrub peeling Sour cherry 15 ml"}]},{"@type":"WebSite","@id":"https:\/\/shopatoa.com\/ro\/#website","url":"https:\/\/shopatoa.com\/ro\/","name":"SHOPATOA","description":"","publisher":{"@id":"https:\/\/shopatoa.com\/ro\/#organization"},"potentialAction":[{"@type":"SearchAction","target":{"@type":"EntryPoint","urlTemplate":"https:\/\/shopatoa.com\/ro\/?s={search_term_string}"},"query-input":{"@type":"PropertyValueSpecification","valueRequired":true,"valueName":"search_term_string"}}],"inLanguage":"ro-RO"},{"@type":"Organization","@id":"https:\/\/shopatoa.com\/ro\/#organization","name":"SHOPATOA","url":"https:\/\/shopatoa.com\/ro\/","logo":{"@type":"ImageObject","inLanguage":"ro-RO","@id":"https:\/\/shopatoa.com\/ro\/#\/schema\/logo\/image\/","url":"https:\/\/storage.googleapis.com\/cz-shopatoa-img\/ro\/b4dac915-shopatoa_logo.png","contentUrl":"https:\/\/storage.googleapis.com\/cz-shopatoa-img\/ro\/b4dac915-shopatoa_logo.png","width":416,"height":63,"caption":"SHOPATOA"},"image":{"@id":"https:\/\/shopatoa.com\/ro\/#\/schema\/logo\/image\/"}}]}},"_links":{"self":[{"href":"https:\/\/shopatoa.com\/ro\/wp-json\/wp\/v2\/product\/388958","targetHints":{"allow":["GET"]}}],"collection":[{"href":"https:\/\/shopatoa.com\/ro\/wp-json\/wp\/v2\/product"}],"about":[{"href":"https:\/\/shopatoa.com\/ro\/wp-json\/wp\/v2\/types\/product"}],"replies":[{"embeddable":true,"href":"https:\/\/shopatoa.com\/ro\/wp-json\/wp\/v2\/comments?post=388958"}],"wp:featuredmedia":[{"embeddable":true,"href":"https:\/\/shopatoa.com\/ro\/wp-json\/wp\/v2\/media\/388959"}],"wp:attachment":[{"href":"https:\/\/shopatoa.com\/ro\/wp-json\/wp\/v2\/media?parent=388958"}],"wp:term":[{"taxonomy":"product_brand","embeddable":true,"href":"https:\/\/shopatoa.com\/ro\/wp-json\/wp\/v2\/product_brand?post=388958"},{"taxonomy":"product_cat","embeddable":true,"href":"https:\/\/shopatoa.com\/ro\/wp-json\/wp\/v2\/product_cat?post=388958"},{"taxonomy":"product_tag","embeddable":true,"href":"https:\/\/shopatoa.com\/ro\/wp-json\/wp\/v2\/product_tag?post=388958"}],"curies":[{"name":"wp","href":"https:\/\/api.w.org\/{rel}","templated":true}]}}