{"id":389008,"date":"2025-06-16T20:29:43","date_gmt":"2025-06-16T18:29:43","guid":{"rendered":"https:\/\/shopatoa.com\/ro\/fluff-fluffy-crema-de-ochi-delicata-13-ml\/"},"modified":"2025-12-13T16:05:49","modified_gmt":"2025-12-13T15:05:49","slug":"fluff-fluffy-crema-de-ochi-delicata-13-ml","status":"publish","type":"product","link":"https:\/\/shopatoa.com\/ro\/fluff-fluffy-crema-de-ochi-delicata-13-ml\/","title":{"rendered":"Fluff Fluffy crema de ochi delicata 13 ml"},"content":{"rendered":"<p>Fluff Fluffy, 13 ml, Creme \u0219i geluri pentru ochi pentru femei, Zona ochilor este extrem de sensibil\u0103, tenul acesteia fiind foarte sub\u021bire \u0219i fragil \u0219i, prin urmare, mai predispus la semnele de oboseal\u0103 \u0219i \u00eemb\u0103tr\u00e2nire. De aceea, necesit\u0103 o \u00eengrijire special\u0103, cu o compozi\u021bie \u0219i consisten\u021b\u0103 concepute exact pentru nevoile ei. Crema de ochi Fluff Fluffy face fa\u021b\u0103 problemelor specifice zonei ochilor. Aceasta va asigura tenului din jurul ochilor nutri\u021bia \u0219i hidratarea necesare, \u00eei va \u00eembun\u0103t\u0103\u021bi calitatea \u0219i \u00eei va restabili vitalitatea \u0219i aspectul proasp\u0103t \u0219i odihnit.  Caracteristici:  elimin\u0103 pungile \u0219i cercurile \u00eentunecate de sub ochi neteze\u0219te liniile \u0219i ridurile fine \u00eenvioreaz\u0103 \u0219i neteze\u0219te zona ochilor ofer\u0103 zonei ochilor un aspect tineresc  Cum se utilizeaz\u0103: Produsul se aplic\u0103 \u00een jurul ochilor diminea\u021ba \u0219i\/sau seara, prin tapotare cu degetele, p\u00e2n\u0103 la absorb\u021bie.<\/p>\n","protected":false},"excerpt":{"rendered":"<p>Fluff Fluffy, 13 ml, Creme \u0219i geluri pentru ochi pentru femei, Zona ochilor este extrem de sensibil\u0103, tenul acesteia fiind foarte sub\u021bire \u0219i fragil \u0219i, prin urmare, mai predispus la semnele de oboseal\u0103 \u0219i \u00eemb\u0103tr\u00e2nire. De aceea, necesit\u0103 o \u00eengrijire special\u0103, cu o compozi\u021bie \u0219i consisten\u021b\u0103 concepute exact pentru nevoile ei. Crema de ochi Fluff&#8230;<\/p>\n","protected":false},"featured_media":389009,"comment_status":"closed","ping_status":"open","template":"","meta":{"_acf_changed":false,"_kadence_starter_templates_imported_post":false,"_kad_post_transparent":"","_kad_post_title":"","_kad_post_layout":"","_kad_post_sidebar_id":"","_kad_post_content_style":"","_kad_post_vertical_padding":"","_kad_post_feature":"","_kad_post_feature_position":"","_kad_post_header":false,"_kad_post_footer":false,"_kad_post_classname":""},"product_brand":[2637],"product_cat":[1564,1563,1565,1562],"product_tag":[],"class_list":{"0":"post-389008","1":"product","2":"type-product","3":"status-publish","4":"has-post-thumbnail","6":"product_brand-fluff","7":"product_cat-cosmetice-ingrijire-personala","8":"product_cat-ingrijire-personala","9":"product_cat-ingrijirea-pielii","10":"product_cat-sanatate-si-frumusete","11":"pa_gen-female","12":"pa_marime-13-ml","14":"first","15":"instock","16":"sale","17":"product-type-external","18":"entry","19":"content-bg","20":"loop-entry"},"acf":[],"yoast_head":"<!-- This site is optimized with the Yoast SEO plugin v27.3 - https:\/\/yoast.com\/product\/yoast-seo-wordpress\/ -->\n<title>Fluff Fluffy crema de ochi delicata 13 ml - SHOPATOA.COM<\/title>\n<meta name=\"robots\" content=\"index, follow, max-snippet:-1, max-image-preview:large, max-video-preview:-1\" \/>\n<link rel=\"canonical\" href=\"https:\/\/shopatoa.com\/ro\/fluff-fluffy-crema-de-ochi-delicata-13-ml\/\" \/>\n<meta property=\"og:locale\" content=\"ro_RO\" \/>\n<meta property=\"og:type\" content=\"article\" \/>\n<meta property=\"og:title\" content=\"Fluff Fluffy crema de ochi delicata 13 ml - SHOPATOA.COM\" \/>\n<meta property=\"og:description\" content=\"Fluff Fluffy, 13 ml, Creme \u0219i geluri pentru ochi pentru femei, Zona ochilor este extrem de sensibil\u0103, tenul acesteia fiind foarte sub\u021bire \u0219i fragil \u0219i, prin urmare, mai predispus la semnele de oboseal\u0103 \u0219i \u00eemb\u0103tr\u00e2nire. De aceea, necesit\u0103 o \u00eengrijire special\u0103, cu o compozi\u021bie \u0219i consisten\u021b\u0103 concepute exact pentru nevoile ei. Crema de ochi Fluff...\" \/>\n<meta property=\"og:url\" content=\"https:\/\/shopatoa.com\/ro\/fluff-fluffy-crema-de-ochi-delicata-13-ml\/\" \/>\n<meta property=\"og:site_name\" content=\"SHOPATOA\" \/>\n<meta property=\"article:modified_time\" content=\"2025-12-13T15:05:49+00:00\" \/>\n<meta property=\"og:image\" content=\"https:\/\/storage.googleapis.com\/cz-shopatoa-img\/ro\/371d042b-unnamed-file.webp\" \/>\n\t<meta property=\"og:image:width\" content=\"800\" \/>\n\t<meta property=\"og:image:height\" content=\"800\" \/>\n\t<meta property=\"og:image:type\" content=\"image\/webp\" \/>\n<meta name=\"twitter:card\" content=\"summary_large_image\" \/>\n<meta name=\"twitter:label1\" content=\"Timp estimat pentru citire\" \/>\n\t<meta name=\"twitter:data1\" content=\"1 minut\" \/>\n<script type=\"application\/ld+json\" class=\"yoast-schema-graph\">{\"@context\":\"https:\\\/\\\/schema.org\",\"@graph\":[{\"@type\":\"WebPage\",\"@id\":\"https:\\\/\\\/shopatoa.com\\\/ro\\\/fluff-fluffy-crema-de-ochi-delicata-13-ml\\\/\",\"url\":\"https:\\\/\\\/shopatoa.com\\\/ro\\\/fluff-fluffy-crema-de-ochi-delicata-13-ml\\\/\",\"name\":\"Fluff Fluffy crema de ochi delicata 13 ml - SHOPATOA.COM\",\"isPartOf\":{\"@id\":\"https:\\\/\\\/shopatoa.com\\\/ro\\\/#website\"},\"primaryImageOfPage\":{\"@id\":\"https:\\\/\\\/shopatoa.com\\\/ro\\\/fluff-fluffy-crema-de-ochi-delicata-13-ml\\\/#primaryimage\"},\"image\":{\"@id\":\"https:\\\/\\\/shopatoa.com\\\/ro\\\/fluff-fluffy-crema-de-ochi-delicata-13-ml\\\/#primaryimage\"},\"thumbnailUrl\":\"https:\\\/\\\/storage.googleapis.com\\\/cz-shopatoa-img\\\/ro\\\/371d042b-unnamed-file.webp\",\"datePublished\":\"2025-06-16T18:29:43+00:00\",\"dateModified\":\"2025-12-13T15:05:49+00:00\",\"breadcrumb\":{\"@id\":\"https:\\\/\\\/shopatoa.com\\\/ro\\\/fluff-fluffy-crema-de-ochi-delicata-13-ml\\\/#breadcrumb\"},\"inLanguage\":\"ro-RO\",\"potentialAction\":[{\"@type\":\"ReadAction\",\"target\":[\"https:\\\/\\\/shopatoa.com\\\/ro\\\/fluff-fluffy-crema-de-ochi-delicata-13-ml\\\/\"]}]},{\"@type\":\"ImageObject\",\"inLanguage\":\"ro-RO\",\"@id\":\"https:\\\/\\\/shopatoa.com\\\/ro\\\/fluff-fluffy-crema-de-ochi-delicata-13-ml\\\/#primaryimage\",\"url\":\"https:\\\/\\\/storage.googleapis.com\\\/cz-shopatoa-img\\\/ro\\\/371d042b-unnamed-file.webp\",\"contentUrl\":\"https:\\\/\\\/storage.googleapis.com\\\/cz-shopatoa-img\\\/ro\\\/371d042b-unnamed-file.webp\",\"width\":800,\"height\":800},{\"@type\":\"BreadcrumbList\",\"@id\":\"https:\\\/\\\/shopatoa.com\\\/ro\\\/fluff-fluffy-crema-de-ochi-delicata-13-ml\\\/#breadcrumb\",\"itemListElement\":[{\"@type\":\"ListItem\",\"position\":1,\"name\":\"Dom\u016f\",\"item\":\"https:\\\/\\\/shopatoa.com\\\/ro\\\/\"},{\"@type\":\"ListItem\",\"position\":2,\"name\":\"Shop\",\"item\":\"https:\\\/\\\/shopatoa.com\\\/ro\\\/shop\\\/\"},{\"@type\":\"ListItem\",\"position\":3,\"name\":\"S\u0103n\u0103tate \u0219i frumuse\u021be\",\"item\":\"https:\\\/\\\/shopatoa.com\\\/ro\\\/sanatate-si-frumusete\\\/\"},{\"@type\":\"ListItem\",\"position\":4,\"name\":\"\u00cengrijire personal\u0103\",\"item\":\"https:\\\/\\\/shopatoa.com\\\/ro\\\/ingrijire-personala\\\/\"},{\"@type\":\"ListItem\",\"position\":5,\"name\":\"Cosmetice\",\"item\":\"https:\\\/\\\/shopatoa.com\\\/ro\\\/cosmetice-ingrijire-personala\\\/\"},{\"@type\":\"ListItem\",\"position\":6,\"name\":\"\u00cengrijirea pielii\",\"item\":\"https:\\\/\\\/shopatoa.com\\\/ro\\\/ingrijirea-pielii\\\/\"},{\"@type\":\"ListItem\",\"position\":7,\"name\":\"Fluff Fluffy crema de ochi delicata 13 ml\"}]},{\"@type\":\"WebSite\",\"@id\":\"https:\\\/\\\/shopatoa.com\\\/ro\\\/#website\",\"url\":\"https:\\\/\\\/shopatoa.com\\\/ro\\\/\",\"name\":\"SHOPATOA\",\"description\":\"\",\"publisher\":{\"@id\":\"https:\\\/\\\/shopatoa.com\\\/ro\\\/#organization\"},\"potentialAction\":[{\"@type\":\"SearchAction\",\"target\":{\"@type\":\"EntryPoint\",\"urlTemplate\":\"https:\\\/\\\/shopatoa.com\\\/ro\\\/?s={search_term_string}\"},\"query-input\":{\"@type\":\"PropertyValueSpecification\",\"valueRequired\":true,\"valueName\":\"search_term_string\"}}],\"inLanguage\":\"ro-RO\"},{\"@type\":\"Organization\",\"@id\":\"https:\\\/\\\/shopatoa.com\\\/ro\\\/#organization\",\"name\":\"SHOPATOA\",\"url\":\"https:\\\/\\\/shopatoa.com\\\/ro\\\/\",\"logo\":{\"@type\":\"ImageObject\",\"inLanguage\":\"ro-RO\",\"@id\":\"https:\\\/\\\/shopatoa.com\\\/ro\\\/#\\\/schema\\\/logo\\\/image\\\/\",\"url\":\"https:\\\/\\\/storage.googleapis.com\\\/cz-shopatoa-img\\\/ro\\\/b4dac915-shopatoa_logo.png\",\"contentUrl\":\"https:\\\/\\\/storage.googleapis.com\\\/cz-shopatoa-img\\\/ro\\\/b4dac915-shopatoa_logo.png\",\"width\":416,\"height\":63,\"caption\":\"SHOPATOA\"},\"image\":{\"@id\":\"https:\\\/\\\/shopatoa.com\\\/ro\\\/#\\\/schema\\\/logo\\\/image\\\/\"}}]}<\/script>\n<!-- \/ Yoast SEO plugin. -->","yoast_head_json":{"title":"Fluff Fluffy crema de ochi delicata 13 ml - SHOPATOA.COM","robots":{"index":"index","follow":"follow","max-snippet":"max-snippet:-1","max-image-preview":"max-image-preview:large","max-video-preview":"max-video-preview:-1"},"canonical":"https:\/\/shopatoa.com\/ro\/fluff-fluffy-crema-de-ochi-delicata-13-ml\/","og_locale":"ro_RO","og_type":"article","og_title":"Fluff Fluffy crema de ochi delicata 13 ml - SHOPATOA.COM","og_description":"Fluff Fluffy, 13 ml, Creme \u0219i geluri pentru ochi pentru femei, Zona ochilor este extrem de sensibil\u0103, tenul acesteia fiind foarte sub\u021bire \u0219i fragil \u0219i, prin urmare, mai predispus la semnele de oboseal\u0103 \u0219i \u00eemb\u0103tr\u00e2nire. De aceea, necesit\u0103 o \u00eengrijire special\u0103, cu o compozi\u021bie \u0219i consisten\u021b\u0103 concepute exact pentru nevoile ei. Crema de ochi Fluff...","og_url":"https:\/\/shopatoa.com\/ro\/fluff-fluffy-crema-de-ochi-delicata-13-ml\/","og_site_name":"SHOPATOA","article_modified_time":"2025-12-13T15:05:49+00:00","og_image":[{"width":800,"height":800,"url":"https:\/\/storage.googleapis.com\/cz-shopatoa-img\/ro\/371d042b-unnamed-file.webp","type":"image\/webp"}],"twitter_card":"summary_large_image","twitter_misc":{"Timp estimat pentru citire":"1 minut"},"schema":{"@context":"https:\/\/schema.org","@graph":[{"@type":"WebPage","@id":"https:\/\/shopatoa.com\/ro\/fluff-fluffy-crema-de-ochi-delicata-13-ml\/","url":"https:\/\/shopatoa.com\/ro\/fluff-fluffy-crema-de-ochi-delicata-13-ml\/","name":"Fluff Fluffy crema de ochi delicata 13 ml - SHOPATOA.COM","isPartOf":{"@id":"https:\/\/shopatoa.com\/ro\/#website"},"primaryImageOfPage":{"@id":"https:\/\/shopatoa.com\/ro\/fluff-fluffy-crema-de-ochi-delicata-13-ml\/#primaryimage"},"image":{"@id":"https:\/\/shopatoa.com\/ro\/fluff-fluffy-crema-de-ochi-delicata-13-ml\/#primaryimage"},"thumbnailUrl":"https:\/\/storage.googleapis.com\/cz-shopatoa-img\/ro\/371d042b-unnamed-file.webp","datePublished":"2025-06-16T18:29:43+00:00","dateModified":"2025-12-13T15:05:49+00:00","breadcrumb":{"@id":"https:\/\/shopatoa.com\/ro\/fluff-fluffy-crema-de-ochi-delicata-13-ml\/#breadcrumb"},"inLanguage":"ro-RO","potentialAction":[{"@type":"ReadAction","target":["https:\/\/shopatoa.com\/ro\/fluff-fluffy-crema-de-ochi-delicata-13-ml\/"]}]},{"@type":"ImageObject","inLanguage":"ro-RO","@id":"https:\/\/shopatoa.com\/ro\/fluff-fluffy-crema-de-ochi-delicata-13-ml\/#primaryimage","url":"https:\/\/storage.googleapis.com\/cz-shopatoa-img\/ro\/371d042b-unnamed-file.webp","contentUrl":"https:\/\/storage.googleapis.com\/cz-shopatoa-img\/ro\/371d042b-unnamed-file.webp","width":800,"height":800},{"@type":"BreadcrumbList","@id":"https:\/\/shopatoa.com\/ro\/fluff-fluffy-crema-de-ochi-delicata-13-ml\/#breadcrumb","itemListElement":[{"@type":"ListItem","position":1,"name":"Dom\u016f","item":"https:\/\/shopatoa.com\/ro\/"},{"@type":"ListItem","position":2,"name":"Shop","item":"https:\/\/shopatoa.com\/ro\/shop\/"},{"@type":"ListItem","position":3,"name":"S\u0103n\u0103tate \u0219i frumuse\u021be","item":"https:\/\/shopatoa.com\/ro\/sanatate-si-frumusete\/"},{"@type":"ListItem","position":4,"name":"\u00cengrijire personal\u0103","item":"https:\/\/shopatoa.com\/ro\/ingrijire-personala\/"},{"@type":"ListItem","position":5,"name":"Cosmetice","item":"https:\/\/shopatoa.com\/ro\/cosmetice-ingrijire-personala\/"},{"@type":"ListItem","position":6,"name":"\u00cengrijirea pielii","item":"https:\/\/shopatoa.com\/ro\/ingrijirea-pielii\/"},{"@type":"ListItem","position":7,"name":"Fluff Fluffy crema de ochi delicata 13 ml"}]},{"@type":"WebSite","@id":"https:\/\/shopatoa.com\/ro\/#website","url":"https:\/\/shopatoa.com\/ro\/","name":"SHOPATOA","description":"","publisher":{"@id":"https:\/\/shopatoa.com\/ro\/#organization"},"potentialAction":[{"@type":"SearchAction","target":{"@type":"EntryPoint","urlTemplate":"https:\/\/shopatoa.com\/ro\/?s={search_term_string}"},"query-input":{"@type":"PropertyValueSpecification","valueRequired":true,"valueName":"search_term_string"}}],"inLanguage":"ro-RO"},{"@type":"Organization","@id":"https:\/\/shopatoa.com\/ro\/#organization","name":"SHOPATOA","url":"https:\/\/shopatoa.com\/ro\/","logo":{"@type":"ImageObject","inLanguage":"ro-RO","@id":"https:\/\/shopatoa.com\/ro\/#\/schema\/logo\/image\/","url":"https:\/\/storage.googleapis.com\/cz-shopatoa-img\/ro\/b4dac915-shopatoa_logo.png","contentUrl":"https:\/\/storage.googleapis.com\/cz-shopatoa-img\/ro\/b4dac915-shopatoa_logo.png","width":416,"height":63,"caption":"SHOPATOA"},"image":{"@id":"https:\/\/shopatoa.com\/ro\/#\/schema\/logo\/image\/"}}]}},"_links":{"self":[{"href":"https:\/\/shopatoa.com\/ro\/wp-json\/wp\/v2\/product\/389008","targetHints":{"allow":["GET"]}}],"collection":[{"href":"https:\/\/shopatoa.com\/ro\/wp-json\/wp\/v2\/product"}],"about":[{"href":"https:\/\/shopatoa.com\/ro\/wp-json\/wp\/v2\/types\/product"}],"replies":[{"embeddable":true,"href":"https:\/\/shopatoa.com\/ro\/wp-json\/wp\/v2\/comments?post=389008"}],"wp:featuredmedia":[{"embeddable":true,"href":"https:\/\/shopatoa.com\/ro\/wp-json\/wp\/v2\/media\/389009"}],"wp:attachment":[{"href":"https:\/\/shopatoa.com\/ro\/wp-json\/wp\/v2\/media?parent=389008"}],"wp:term":[{"taxonomy":"product_brand","embeddable":true,"href":"https:\/\/shopatoa.com\/ro\/wp-json\/wp\/v2\/product_brand?post=389008"},{"taxonomy":"product_cat","embeddable":true,"href":"https:\/\/shopatoa.com\/ro\/wp-json\/wp\/v2\/product_cat?post=389008"},{"taxonomy":"product_tag","embeddable":true,"href":"https:\/\/shopatoa.com\/ro\/wp-json\/wp\/v2\/product_tag?post=389008"}],"curies":[{"name":"wp","href":"https:\/\/api.w.org\/{rel}","templated":true}]}}