{"id":389214,"date":"2025-06-16T21:00:45","date_gmt":"2025-06-16T19:00:45","guid":{"rendered":"https:\/\/shopatoa.com\/ro\/sigma-beauty-palmat-dispozitiv-de-silicon-pentru-perii-de-curatare-2-in-1-1-buc\/"},"modified":"2025-12-13T14:55:46","modified_gmt":"2025-12-13T13:55:46","slug":"sigma-beauty-palmat-dispozitiv-de-silicon-pentru-perii-de-curatare-2-in-1-1-buc","status":"publish","type":"product","link":"https:\/\/shopatoa.com\/ro\/sigma-beauty-palmat-dispozitiv-de-silicon-pentru-perii-de-curatare-2-in-1-1-buc\/","title":{"rendered":"Sigma Beauty PALMAT\u00ae Dispozitiv de silicon pentru perii de cur\u0103\u021bare 2 in 1 1 buc"},"content":{"rendered":"<p>Sigma Beauty PALMAT\u00ae, 1 buc, Pentru curatarea pensulelor pentru femei, Pe pensulele de machiaj se pot acumula, pe l\u00e2ng\u0103 reziduurile de machiaj, sebum, transpira\u021bie \u0219i diverse impurit\u0103\u021bi, astfel \u00eenc\u00e2t cur\u0103\u021barea regulat\u0103 a acestora este esen\u021bial\u0103. Produsul Sigma BeautyPALMAT\u00ae v\u0103 va ajuta s\u0103 \u00eendep\u0103rta\u021bi de pe pensule tot machiajul, s\u0103 le men\u021bine\u021bi curate \u0219i s\u0103 le extinde\u021bi durata de via\u021b\u0103. De asemenea, v\u0103 va permite s\u0103 aplica\u021bi cu pensula pe care tocmai a\u021bi folosit-o, de exemplu, pentru farduri albastru \u00eenchis, farduri bej. Sau s\u0103 folosi\u021bi aceea\u0219i pensul\u0103 pentru a v\u0103 machia f\u0103r\u0103 griji prietena.  Caracteristici:  cur\u0103\u021b\u0103 temeinic peria extinde durata de via\u021b\u0103 a pensulei produsul este potrivit pentru cur\u0103\u021barea periilor mai mici \u0219i mai mari ambalaj practic  Cum se utilizeaz\u0103: Se utilizeaz\u0103 \u00eempreun\u0103 cu preparatul uzual, pentru sp\u0103larea temeinic\u0103 a periilor.<\/p>\n","protected":false},"excerpt":{"rendered":"<p>Sigma Beauty PALMAT\u00ae, 1 buc, Pentru curatarea pensulelor pentru femei, Pe pensulele de machiaj se pot acumula, pe l\u00e2ng\u0103 reziduurile de machiaj, sebum, transpira\u021bie \u0219i diverse impurit\u0103\u021bi, astfel \u00eenc\u00e2t cur\u0103\u021barea regulat\u0103 a acestora este esen\u021bial\u0103. Produsul Sigma BeautyPALMAT\u00ae v\u0103 va ajuta s\u0103 \u00eendep\u0103rta\u021bi de pe pensule tot machiajul, s\u0103 le men\u021bine\u021bi curate \u0219i s\u0103 le&#8230;<\/p>\n","protected":false},"featured_media":389215,"comment_status":"closed","ping_status":"open","template":"","meta":{"_acf_changed":false,"_kadence_starter_templates_imported_post":false,"_kad_post_transparent":"","_kad_post_title":"","_kad_post_layout":"","_kad_post_sidebar_id":"","_kad_post_content_style":"","_kad_post_vertical_padding":"","_kad_post_feature":"","_kad_post_feature_position":"","_kad_post_header":false,"_kad_post_footer":false,"_kad_post_classname":""},"product_brand":[2291],"product_cat":[1564,2169,1563,1562],"product_tag":[],"class_list":{"0":"post-389214","1":"product","2":"type-product","3":"status-publish","4":"has-post-thumbnail","6":"product_brand-sigma-beauty","7":"product_cat-cosmetice-ingrijire-personala","8":"product_cat-curatatori-pentru-instrumente-cosmetice","9":"product_cat-ingrijire-personala","10":"product_cat-sanatate-si-frumusete","11":"pa_gen-female","12":"pa_marime-1-buc","14":"first","15":"instock","16":"sale","17":"product-type-external","18":"entry","19":"content-bg","20":"loop-entry"},"acf":[],"yoast_head":"<!-- This site is optimized with the Yoast SEO plugin v27.4 - https:\/\/yoast.com\/product\/yoast-seo-wordpress\/ -->\n<title>Sigma Beauty PALMAT\u00ae Dispozitiv de silicon pentru perii de cur\u0103\u021bare 2 in 1 1 buc - SHOPATOA.COM<\/title>\n<meta name=\"robots\" content=\"index, follow, max-snippet:-1, max-image-preview:large, max-video-preview:-1\" \/>\n<link rel=\"canonical\" href=\"https:\/\/shopatoa.com\/ro\/sigma-beauty-palmat-dispozitiv-de-silicon-pentru-perii-de-curatare-2-in-1-1-buc\/\" \/>\n<meta property=\"og:locale\" content=\"ro_RO\" \/>\n<meta property=\"og:type\" content=\"article\" \/>\n<meta property=\"og:title\" content=\"Sigma Beauty PALMAT\u00ae Dispozitiv de silicon pentru perii de cur\u0103\u021bare 2 in 1 1 buc - SHOPATOA.COM\" \/>\n<meta property=\"og:description\" content=\"Sigma Beauty PALMAT\u00ae, 1 buc, Pentru curatarea pensulelor pentru femei, Pe pensulele de machiaj se pot acumula, pe l\u00e2ng\u0103 reziduurile de machiaj, sebum, transpira\u021bie \u0219i diverse impurit\u0103\u021bi, astfel \u00eenc\u00e2t cur\u0103\u021barea regulat\u0103 a acestora este esen\u021bial\u0103. Produsul Sigma BeautyPALMAT\u00ae v\u0103 va ajuta s\u0103 \u00eendep\u0103rta\u021bi de pe pensule tot machiajul, s\u0103 le men\u021bine\u021bi curate \u0219i s\u0103 le...\" \/>\n<meta property=\"og:url\" content=\"https:\/\/shopatoa.com\/ro\/sigma-beauty-palmat-dispozitiv-de-silicon-pentru-perii-de-curatare-2-in-1-1-buc\/\" \/>\n<meta property=\"og:site_name\" content=\"SHOPATOA\" \/>\n<meta property=\"article:modified_time\" content=\"2025-12-13T13:55:46+00:00\" \/>\n<meta property=\"og:image\" content=\"https:\/\/storage.googleapis.com\/cz-shopatoa-img\/ro\/f3a4ded3-unnamed-file.webp\" \/>\n\t<meta property=\"og:image:width\" content=\"800\" \/>\n\t<meta property=\"og:image:height\" content=\"800\" \/>\n\t<meta property=\"og:image:type\" content=\"image\/webp\" \/>\n<meta name=\"twitter:card\" content=\"summary_large_image\" \/>\n<meta name=\"twitter:label1\" content=\"Timp estimat pentru citire\" \/>\n\t<meta name=\"twitter:data1\" content=\"1 minut\" \/>\n<script type=\"application\/ld+json\" class=\"yoast-schema-graph\">{\"@context\":\"https:\\\/\\\/schema.org\",\"@graph\":[{\"@type\":\"WebPage\",\"@id\":\"https:\\\/\\\/shopatoa.com\\\/ro\\\/sigma-beauty-palmat-dispozitiv-de-silicon-pentru-perii-de-curatare-2-in-1-1-buc\\\/\",\"url\":\"https:\\\/\\\/shopatoa.com\\\/ro\\\/sigma-beauty-palmat-dispozitiv-de-silicon-pentru-perii-de-curatare-2-in-1-1-buc\\\/\",\"name\":\"Sigma Beauty PALMAT\u00ae Dispozitiv de silicon pentru perii de cur\u0103\u021bare 2 in 1 1 buc - SHOPATOA.COM\",\"isPartOf\":{\"@id\":\"https:\\\/\\\/shopatoa.com\\\/ro\\\/#website\"},\"primaryImageOfPage\":{\"@id\":\"https:\\\/\\\/shopatoa.com\\\/ro\\\/sigma-beauty-palmat-dispozitiv-de-silicon-pentru-perii-de-curatare-2-in-1-1-buc\\\/#primaryimage\"},\"image\":{\"@id\":\"https:\\\/\\\/shopatoa.com\\\/ro\\\/sigma-beauty-palmat-dispozitiv-de-silicon-pentru-perii-de-curatare-2-in-1-1-buc\\\/#primaryimage\"},\"thumbnailUrl\":\"https:\\\/\\\/storage.googleapis.com\\\/cz-shopatoa-img\\\/ro\\\/f3a4ded3-unnamed-file.webp\",\"datePublished\":\"2025-06-16T19:00:45+00:00\",\"dateModified\":\"2025-12-13T13:55:46+00:00\",\"breadcrumb\":{\"@id\":\"https:\\\/\\\/shopatoa.com\\\/ro\\\/sigma-beauty-palmat-dispozitiv-de-silicon-pentru-perii-de-curatare-2-in-1-1-buc\\\/#breadcrumb\"},\"inLanguage\":\"ro-RO\",\"potentialAction\":[{\"@type\":\"ReadAction\",\"target\":[\"https:\\\/\\\/shopatoa.com\\\/ro\\\/sigma-beauty-palmat-dispozitiv-de-silicon-pentru-perii-de-curatare-2-in-1-1-buc\\\/\"]}]},{\"@type\":\"ImageObject\",\"inLanguage\":\"ro-RO\",\"@id\":\"https:\\\/\\\/shopatoa.com\\\/ro\\\/sigma-beauty-palmat-dispozitiv-de-silicon-pentru-perii-de-curatare-2-in-1-1-buc\\\/#primaryimage\",\"url\":\"https:\\\/\\\/storage.googleapis.com\\\/cz-shopatoa-img\\\/ro\\\/f3a4ded3-unnamed-file.webp\",\"contentUrl\":\"https:\\\/\\\/storage.googleapis.com\\\/cz-shopatoa-img\\\/ro\\\/f3a4ded3-unnamed-file.webp\",\"width\":800,\"height\":800},{\"@type\":\"BreadcrumbList\",\"@id\":\"https:\\\/\\\/shopatoa.com\\\/ro\\\/sigma-beauty-palmat-dispozitiv-de-silicon-pentru-perii-de-curatare-2-in-1-1-buc\\\/#breadcrumb\",\"itemListElement\":[{\"@type\":\"ListItem\",\"position\":1,\"name\":\"Dom\u016f\",\"item\":\"https:\\\/\\\/shopatoa.com\\\/ro\\\/\"},{\"@type\":\"ListItem\",\"position\":2,\"name\":\"Shop\",\"item\":\"https:\\\/\\\/shopatoa.com\\\/ro\\\/shop\\\/\"},{\"@type\":\"ListItem\",\"position\":3,\"name\":\"S\u0103n\u0103tate \u0219i frumuse\u021be\",\"item\":\"https:\\\/\\\/shopatoa.com\\\/ro\\\/sanatate-si-frumusete\\\/\"},{\"@type\":\"ListItem\",\"position\":4,\"name\":\"\u00cengrijire personal\u0103\",\"item\":\"https:\\\/\\\/shopatoa.com\\\/ro\\\/ingrijire-personala\\\/\"},{\"@type\":\"ListItem\",\"position\":5,\"name\":\"Cosmetice\",\"item\":\"https:\\\/\\\/shopatoa.com\\\/ro\\\/cosmetice-ingrijire-personala\\\/\"},{\"@type\":\"ListItem\",\"position\":6,\"name\":\"Cur\u0103\u021b\u0103tori pentru instrumente cosmetice\",\"item\":\"https:\\\/\\\/shopatoa.com\\\/ro\\\/curatatori-pentru-instrumente-cosmetice\\\/\"},{\"@type\":\"ListItem\",\"position\":7,\"name\":\"Sigma Beauty PALMAT\u00ae Dispozitiv de silicon pentru perii de cur\u0103\u021bare 2 in 1 1 buc\"}]},{\"@type\":\"WebSite\",\"@id\":\"https:\\\/\\\/shopatoa.com\\\/ro\\\/#website\",\"url\":\"https:\\\/\\\/shopatoa.com\\\/ro\\\/\",\"name\":\"SHOPATOA\",\"description\":\"\",\"publisher\":{\"@id\":\"https:\\\/\\\/shopatoa.com\\\/ro\\\/#organization\"},\"potentialAction\":[{\"@type\":\"SearchAction\",\"target\":{\"@type\":\"EntryPoint\",\"urlTemplate\":\"https:\\\/\\\/shopatoa.com\\\/ro\\\/?s={search_term_string}\"},\"query-input\":{\"@type\":\"PropertyValueSpecification\",\"valueRequired\":true,\"valueName\":\"search_term_string\"}}],\"inLanguage\":\"ro-RO\"},{\"@type\":\"Organization\",\"@id\":\"https:\\\/\\\/shopatoa.com\\\/ro\\\/#organization\",\"name\":\"SHOPATOA\",\"url\":\"https:\\\/\\\/shopatoa.com\\\/ro\\\/\",\"logo\":{\"@type\":\"ImageObject\",\"inLanguage\":\"ro-RO\",\"@id\":\"https:\\\/\\\/shopatoa.com\\\/ro\\\/#\\\/schema\\\/logo\\\/image\\\/\",\"url\":\"https:\\\/\\\/storage.googleapis.com\\\/cz-shopatoa-img\\\/ro\\\/b4dac915-shopatoa_logo.png\",\"contentUrl\":\"https:\\\/\\\/storage.googleapis.com\\\/cz-shopatoa-img\\\/ro\\\/b4dac915-shopatoa_logo.png\",\"width\":416,\"height\":63,\"caption\":\"SHOPATOA\"},\"image\":{\"@id\":\"https:\\\/\\\/shopatoa.com\\\/ro\\\/#\\\/schema\\\/logo\\\/image\\\/\"}}]}<\/script>\n<!-- \/ Yoast SEO plugin. -->","yoast_head_json":{"title":"Sigma Beauty PALMAT\u00ae Dispozitiv de silicon pentru perii de cur\u0103\u021bare 2 in 1 1 buc - SHOPATOA.COM","robots":{"index":"index","follow":"follow","max-snippet":"max-snippet:-1","max-image-preview":"max-image-preview:large","max-video-preview":"max-video-preview:-1"},"canonical":"https:\/\/shopatoa.com\/ro\/sigma-beauty-palmat-dispozitiv-de-silicon-pentru-perii-de-curatare-2-in-1-1-buc\/","og_locale":"ro_RO","og_type":"article","og_title":"Sigma Beauty PALMAT\u00ae Dispozitiv de silicon pentru perii de cur\u0103\u021bare 2 in 1 1 buc - SHOPATOA.COM","og_description":"Sigma Beauty PALMAT\u00ae, 1 buc, Pentru curatarea pensulelor pentru femei, Pe pensulele de machiaj se pot acumula, pe l\u00e2ng\u0103 reziduurile de machiaj, sebum, transpira\u021bie \u0219i diverse impurit\u0103\u021bi, astfel \u00eenc\u00e2t cur\u0103\u021barea regulat\u0103 a acestora este esen\u021bial\u0103. Produsul Sigma BeautyPALMAT\u00ae v\u0103 va ajuta s\u0103 \u00eendep\u0103rta\u021bi de pe pensule tot machiajul, s\u0103 le men\u021bine\u021bi curate \u0219i s\u0103 le...","og_url":"https:\/\/shopatoa.com\/ro\/sigma-beauty-palmat-dispozitiv-de-silicon-pentru-perii-de-curatare-2-in-1-1-buc\/","og_site_name":"SHOPATOA","article_modified_time":"2025-12-13T13:55:46+00:00","og_image":[{"width":800,"height":800,"url":"https:\/\/storage.googleapis.com\/cz-shopatoa-img\/ro\/f3a4ded3-unnamed-file.webp","type":"image\/webp"}],"twitter_card":"summary_large_image","twitter_misc":{"Timp estimat pentru citire":"1 minut"},"schema":{"@context":"https:\/\/schema.org","@graph":[{"@type":"WebPage","@id":"https:\/\/shopatoa.com\/ro\/sigma-beauty-palmat-dispozitiv-de-silicon-pentru-perii-de-curatare-2-in-1-1-buc\/","url":"https:\/\/shopatoa.com\/ro\/sigma-beauty-palmat-dispozitiv-de-silicon-pentru-perii-de-curatare-2-in-1-1-buc\/","name":"Sigma Beauty PALMAT\u00ae Dispozitiv de silicon pentru perii de cur\u0103\u021bare 2 in 1 1 buc - SHOPATOA.COM","isPartOf":{"@id":"https:\/\/shopatoa.com\/ro\/#website"},"primaryImageOfPage":{"@id":"https:\/\/shopatoa.com\/ro\/sigma-beauty-palmat-dispozitiv-de-silicon-pentru-perii-de-curatare-2-in-1-1-buc\/#primaryimage"},"image":{"@id":"https:\/\/shopatoa.com\/ro\/sigma-beauty-palmat-dispozitiv-de-silicon-pentru-perii-de-curatare-2-in-1-1-buc\/#primaryimage"},"thumbnailUrl":"https:\/\/storage.googleapis.com\/cz-shopatoa-img\/ro\/f3a4ded3-unnamed-file.webp","datePublished":"2025-06-16T19:00:45+00:00","dateModified":"2025-12-13T13:55:46+00:00","breadcrumb":{"@id":"https:\/\/shopatoa.com\/ro\/sigma-beauty-palmat-dispozitiv-de-silicon-pentru-perii-de-curatare-2-in-1-1-buc\/#breadcrumb"},"inLanguage":"ro-RO","potentialAction":[{"@type":"ReadAction","target":["https:\/\/shopatoa.com\/ro\/sigma-beauty-palmat-dispozitiv-de-silicon-pentru-perii-de-curatare-2-in-1-1-buc\/"]}]},{"@type":"ImageObject","inLanguage":"ro-RO","@id":"https:\/\/shopatoa.com\/ro\/sigma-beauty-palmat-dispozitiv-de-silicon-pentru-perii-de-curatare-2-in-1-1-buc\/#primaryimage","url":"https:\/\/storage.googleapis.com\/cz-shopatoa-img\/ro\/f3a4ded3-unnamed-file.webp","contentUrl":"https:\/\/storage.googleapis.com\/cz-shopatoa-img\/ro\/f3a4ded3-unnamed-file.webp","width":800,"height":800},{"@type":"BreadcrumbList","@id":"https:\/\/shopatoa.com\/ro\/sigma-beauty-palmat-dispozitiv-de-silicon-pentru-perii-de-curatare-2-in-1-1-buc\/#breadcrumb","itemListElement":[{"@type":"ListItem","position":1,"name":"Dom\u016f","item":"https:\/\/shopatoa.com\/ro\/"},{"@type":"ListItem","position":2,"name":"Shop","item":"https:\/\/shopatoa.com\/ro\/shop\/"},{"@type":"ListItem","position":3,"name":"S\u0103n\u0103tate \u0219i frumuse\u021be","item":"https:\/\/shopatoa.com\/ro\/sanatate-si-frumusete\/"},{"@type":"ListItem","position":4,"name":"\u00cengrijire personal\u0103","item":"https:\/\/shopatoa.com\/ro\/ingrijire-personala\/"},{"@type":"ListItem","position":5,"name":"Cosmetice","item":"https:\/\/shopatoa.com\/ro\/cosmetice-ingrijire-personala\/"},{"@type":"ListItem","position":6,"name":"Cur\u0103\u021b\u0103tori pentru instrumente cosmetice","item":"https:\/\/shopatoa.com\/ro\/curatatori-pentru-instrumente-cosmetice\/"},{"@type":"ListItem","position":7,"name":"Sigma Beauty PALMAT\u00ae Dispozitiv de silicon pentru perii de cur\u0103\u021bare 2 in 1 1 buc"}]},{"@type":"WebSite","@id":"https:\/\/shopatoa.com\/ro\/#website","url":"https:\/\/shopatoa.com\/ro\/","name":"SHOPATOA","description":"","publisher":{"@id":"https:\/\/shopatoa.com\/ro\/#organization"},"potentialAction":[{"@type":"SearchAction","target":{"@type":"EntryPoint","urlTemplate":"https:\/\/shopatoa.com\/ro\/?s={search_term_string}"},"query-input":{"@type":"PropertyValueSpecification","valueRequired":true,"valueName":"search_term_string"}}],"inLanguage":"ro-RO"},{"@type":"Organization","@id":"https:\/\/shopatoa.com\/ro\/#organization","name":"SHOPATOA","url":"https:\/\/shopatoa.com\/ro\/","logo":{"@type":"ImageObject","inLanguage":"ro-RO","@id":"https:\/\/shopatoa.com\/ro\/#\/schema\/logo\/image\/","url":"https:\/\/storage.googleapis.com\/cz-shopatoa-img\/ro\/b4dac915-shopatoa_logo.png","contentUrl":"https:\/\/storage.googleapis.com\/cz-shopatoa-img\/ro\/b4dac915-shopatoa_logo.png","width":416,"height":63,"caption":"SHOPATOA"},"image":{"@id":"https:\/\/shopatoa.com\/ro\/#\/schema\/logo\/image\/"}}]}},"_links":{"self":[{"href":"https:\/\/shopatoa.com\/ro\/wp-json\/wp\/v2\/product\/389214","targetHints":{"allow":["GET"]}}],"collection":[{"href":"https:\/\/shopatoa.com\/ro\/wp-json\/wp\/v2\/product"}],"about":[{"href":"https:\/\/shopatoa.com\/ro\/wp-json\/wp\/v2\/types\/product"}],"replies":[{"embeddable":true,"href":"https:\/\/shopatoa.com\/ro\/wp-json\/wp\/v2\/comments?post=389214"}],"wp:featuredmedia":[{"embeddable":true,"href":"https:\/\/shopatoa.com\/ro\/wp-json\/wp\/v2\/media\/389215"}],"wp:attachment":[{"href":"https:\/\/shopatoa.com\/ro\/wp-json\/wp\/v2\/media?parent=389214"}],"wp:term":[{"taxonomy":"product_brand","embeddable":true,"href":"https:\/\/shopatoa.com\/ro\/wp-json\/wp\/v2\/product_brand?post=389214"},{"taxonomy":"product_cat","embeddable":true,"href":"https:\/\/shopatoa.com\/ro\/wp-json\/wp\/v2\/product_cat?post=389214"},{"taxonomy":"product_tag","embeddable":true,"href":"https:\/\/shopatoa.com\/ro\/wp-json\/wp\/v2\/product_tag?post=389214"}],"curies":[{"name":"wp","href":"https:\/\/api.w.org\/{rel}","templated":true}]}}