{"id":390107,"date":"2025-06-16T22:41:36","date_gmt":"2025-06-16T20:41:36","guid":{"rendered":"https:\/\/shopatoa.com\/ro\/farmona-nivelazione-feet-crema-emolienta-pentru-picioare-15-ml\/"},"modified":"2025-12-14T10:42:25","modified_gmt":"2025-12-14T09:42:25","slug":"farmona-nivelazione-feet-crema-emolienta-pentru-picioare-15-ml","status":"publish","type":"product","link":"https:\/\/shopatoa.com\/ro\/farmona-nivelazione-feet-crema-emolienta-pentru-picioare-15-ml\/","title":{"rendered":"Farmona Nivelazione Feet crema emolienta pentru picioare 15 ml"},"content":{"rendered":"<p>Farmona Nivelazione Feet, 15 ml, Crema pentru picioare pentru femei, Picioarele dvs. n-au mai fost de mult timp u\u0219oare ca un puf? Ameliorarea senza\u021biei de picioare grele va fi oferit\u0103 de produsul Farmona Nivelazione Feet, care \u00eenvioreaz\u0103 delicat picioarele obosite \u0219i contribuie la regenerarea \u0219i emolierea pielii aspre a t\u0103lpilor. Oferi\u021bi membrelor dvs. inferioare un moment de \u00eengrijire pl\u0103cut\u0103 \u0219i relaxant\u0103 dup\u0103 o zi grea \u0219i o ameliorare instantanee a oboselii.  Caracteristici:  are efect regenerator efect exfoliant are efect de calmare vindec\u0103 pielea cr\u0103pat\u0103  Cum se utilizeaz\u0103: Se aplic\u0103 pe picioare \u0219i se maseaz\u0103 delicat.<\/p>\n","protected":false},"excerpt":{"rendered":"<p>Farmona Nivelazione Feet, 15 ml, Crema pentru picioare pentru femei, Picioarele dvs. n-au mai fost de mult timp u\u0219oare ca un puf? Ameliorarea senza\u021biei de picioare grele va fi oferit\u0103 de produsul Farmona Nivelazione Feet, care \u00eenvioreaz\u0103 delicat picioarele obosite \u0219i contribuie la regenerarea \u0219i emolierea pielii aspre a t\u0103lpilor. Oferi\u021bi membrelor dvs. inferioare un&#8230;<\/p>\n","protected":false},"featured_media":390108,"comment_status":"closed","ping_status":"open","template":"","meta":{"_acf_changed":false,"_kadence_starter_templates_imported_post":false,"_kad_post_transparent":"","_kad_post_title":"","_kad_post_layout":"","_kad_post_sidebar_id":"","_kad_post_content_style":"","_kad_post_vertical_padding":"","_kad_post_feature":"","_kad_post_feature_position":"","_kad_post_header":false,"_kad_post_footer":false,"_kad_post_classname":""},"product_brand":[1775],"product_cat":[1563,1972,1562],"product_tag":[],"class_list":{"0":"post-390107","1":"product","2":"type-product","3":"status-publish","4":"has-post-thumbnail","6":"product_brand-farmona","7":"product_cat-ingrijire-personala","8":"product_cat-ingrijirea-picioarelor","9":"product_cat-sanatate-si-frumusete","10":"pa_gen-female","11":"pa_marime-15-ml","13":"first","14":"instock","15":"sale","16":"product-type-external","17":"entry","18":"content-bg","19":"loop-entry"},"acf":[],"yoast_head":"<!-- This site is optimized with the Yoast SEO plugin v27.4 - https:\/\/yoast.com\/product\/yoast-seo-wordpress\/ -->\n<title>Farmona Nivelazione Feet crema emolienta pentru picioare 15 ml - SHOPATOA.COM<\/title>\n<meta name=\"robots\" content=\"index, follow, max-snippet:-1, max-image-preview:large, max-video-preview:-1\" \/>\n<link rel=\"canonical\" href=\"https:\/\/shopatoa.com\/ro\/farmona-nivelazione-feet-crema-emolienta-pentru-picioare-15-ml\/\" \/>\n<meta property=\"og:locale\" content=\"ro_RO\" \/>\n<meta property=\"og:type\" content=\"article\" \/>\n<meta property=\"og:title\" content=\"Farmona Nivelazione Feet crema emolienta pentru picioare 15 ml - SHOPATOA.COM\" \/>\n<meta property=\"og:description\" content=\"Farmona Nivelazione Feet, 15 ml, Crema pentru picioare pentru femei, Picioarele dvs. n-au mai fost de mult timp u\u0219oare ca un puf? Ameliorarea senza\u021biei de picioare grele va fi oferit\u0103 de produsul Farmona Nivelazione Feet, care \u00eenvioreaz\u0103 delicat picioarele obosite \u0219i contribuie la regenerarea \u0219i emolierea pielii aspre a t\u0103lpilor. Oferi\u021bi membrelor dvs. inferioare un...\" \/>\n<meta property=\"og:url\" content=\"https:\/\/shopatoa.com\/ro\/farmona-nivelazione-feet-crema-emolienta-pentru-picioare-15-ml\/\" \/>\n<meta property=\"og:site_name\" content=\"SHOPATOA\" \/>\n<meta property=\"article:modified_time\" content=\"2025-12-14T09:42:25+00:00\" \/>\n<meta property=\"og:image\" content=\"https:\/\/storage.googleapis.com\/cz-shopatoa-img\/ro\/d6d0340f-unnamed-file.webp\" \/>\n\t<meta property=\"og:image:width\" content=\"800\" \/>\n\t<meta property=\"og:image:height\" content=\"800\" \/>\n\t<meta property=\"og:image:type\" content=\"image\/webp\" \/>\n<meta name=\"twitter:card\" content=\"summary_large_image\" \/>\n<meta name=\"twitter:label1\" content=\"Timp estimat pentru citire\" \/>\n\t<meta name=\"twitter:data1\" content=\"1 minut\" \/>\n<script type=\"application\/ld+json\" class=\"yoast-schema-graph\">{\"@context\":\"https:\\\/\\\/schema.org\",\"@graph\":[{\"@type\":\"WebPage\",\"@id\":\"https:\\\/\\\/shopatoa.com\\\/ro\\\/farmona-nivelazione-feet-crema-emolienta-pentru-picioare-15-ml\\\/\",\"url\":\"https:\\\/\\\/shopatoa.com\\\/ro\\\/farmona-nivelazione-feet-crema-emolienta-pentru-picioare-15-ml\\\/\",\"name\":\"Farmona Nivelazione Feet crema emolienta pentru picioare 15 ml - SHOPATOA.COM\",\"isPartOf\":{\"@id\":\"https:\\\/\\\/shopatoa.com\\\/ro\\\/#website\"},\"primaryImageOfPage\":{\"@id\":\"https:\\\/\\\/shopatoa.com\\\/ro\\\/farmona-nivelazione-feet-crema-emolienta-pentru-picioare-15-ml\\\/#primaryimage\"},\"image\":{\"@id\":\"https:\\\/\\\/shopatoa.com\\\/ro\\\/farmona-nivelazione-feet-crema-emolienta-pentru-picioare-15-ml\\\/#primaryimage\"},\"thumbnailUrl\":\"https:\\\/\\\/storage.googleapis.com\\\/cz-shopatoa-img\\\/ro\\\/d6d0340f-unnamed-file.webp\",\"datePublished\":\"2025-06-16T20:41:36+00:00\",\"dateModified\":\"2025-12-14T09:42:25+00:00\",\"breadcrumb\":{\"@id\":\"https:\\\/\\\/shopatoa.com\\\/ro\\\/farmona-nivelazione-feet-crema-emolienta-pentru-picioare-15-ml\\\/#breadcrumb\"},\"inLanguage\":\"ro-RO\",\"potentialAction\":[{\"@type\":\"ReadAction\",\"target\":[\"https:\\\/\\\/shopatoa.com\\\/ro\\\/farmona-nivelazione-feet-crema-emolienta-pentru-picioare-15-ml\\\/\"]}]},{\"@type\":\"ImageObject\",\"inLanguage\":\"ro-RO\",\"@id\":\"https:\\\/\\\/shopatoa.com\\\/ro\\\/farmona-nivelazione-feet-crema-emolienta-pentru-picioare-15-ml\\\/#primaryimage\",\"url\":\"https:\\\/\\\/storage.googleapis.com\\\/cz-shopatoa-img\\\/ro\\\/d6d0340f-unnamed-file.webp\",\"contentUrl\":\"https:\\\/\\\/storage.googleapis.com\\\/cz-shopatoa-img\\\/ro\\\/d6d0340f-unnamed-file.webp\",\"width\":800,\"height\":800},{\"@type\":\"BreadcrumbList\",\"@id\":\"https:\\\/\\\/shopatoa.com\\\/ro\\\/farmona-nivelazione-feet-crema-emolienta-pentru-picioare-15-ml\\\/#breadcrumb\",\"itemListElement\":[{\"@type\":\"ListItem\",\"position\":1,\"name\":\"Dom\u016f\",\"item\":\"https:\\\/\\\/shopatoa.com\\\/ro\\\/\"},{\"@type\":\"ListItem\",\"position\":2,\"name\":\"Shop\",\"item\":\"https:\\\/\\\/shopatoa.com\\\/ro\\\/shop\\\/\"},{\"@type\":\"ListItem\",\"position\":3,\"name\":\"S\u0103n\u0103tate \u0219i frumuse\u021be\",\"item\":\"https:\\\/\\\/shopatoa.com\\\/ro\\\/sanatate-si-frumusete\\\/\"},{\"@type\":\"ListItem\",\"position\":4,\"name\":\"\u00cengrijire personal\u0103\",\"item\":\"https:\\\/\\\/shopatoa.com\\\/ro\\\/ingrijire-personala\\\/\"},{\"@type\":\"ListItem\",\"position\":5,\"name\":\"\u00cengrijirea picioarelor\",\"item\":\"https:\\\/\\\/shopatoa.com\\\/ro\\\/ingrijirea-picioarelor\\\/\"},{\"@type\":\"ListItem\",\"position\":6,\"name\":\"Farmona Nivelazione Feet crema emolienta pentru picioare 15 ml\"}]},{\"@type\":\"WebSite\",\"@id\":\"https:\\\/\\\/shopatoa.com\\\/ro\\\/#website\",\"url\":\"https:\\\/\\\/shopatoa.com\\\/ro\\\/\",\"name\":\"SHOPATOA\",\"description\":\"\",\"publisher\":{\"@id\":\"https:\\\/\\\/shopatoa.com\\\/ro\\\/#organization\"},\"potentialAction\":[{\"@type\":\"SearchAction\",\"target\":{\"@type\":\"EntryPoint\",\"urlTemplate\":\"https:\\\/\\\/shopatoa.com\\\/ro\\\/?s={search_term_string}\"},\"query-input\":{\"@type\":\"PropertyValueSpecification\",\"valueRequired\":true,\"valueName\":\"search_term_string\"}}],\"inLanguage\":\"ro-RO\"},{\"@type\":\"Organization\",\"@id\":\"https:\\\/\\\/shopatoa.com\\\/ro\\\/#organization\",\"name\":\"SHOPATOA\",\"url\":\"https:\\\/\\\/shopatoa.com\\\/ro\\\/\",\"logo\":{\"@type\":\"ImageObject\",\"inLanguage\":\"ro-RO\",\"@id\":\"https:\\\/\\\/shopatoa.com\\\/ro\\\/#\\\/schema\\\/logo\\\/image\\\/\",\"url\":\"https:\\\/\\\/storage.googleapis.com\\\/cz-shopatoa-img\\\/ro\\\/b4dac915-shopatoa_logo.png\",\"contentUrl\":\"https:\\\/\\\/storage.googleapis.com\\\/cz-shopatoa-img\\\/ro\\\/b4dac915-shopatoa_logo.png\",\"width\":416,\"height\":63,\"caption\":\"SHOPATOA\"},\"image\":{\"@id\":\"https:\\\/\\\/shopatoa.com\\\/ro\\\/#\\\/schema\\\/logo\\\/image\\\/\"}}]}<\/script>\n<!-- \/ Yoast SEO plugin. -->","yoast_head_json":{"title":"Farmona Nivelazione Feet crema emolienta pentru picioare 15 ml - SHOPATOA.COM","robots":{"index":"index","follow":"follow","max-snippet":"max-snippet:-1","max-image-preview":"max-image-preview:large","max-video-preview":"max-video-preview:-1"},"canonical":"https:\/\/shopatoa.com\/ro\/farmona-nivelazione-feet-crema-emolienta-pentru-picioare-15-ml\/","og_locale":"ro_RO","og_type":"article","og_title":"Farmona Nivelazione Feet crema emolienta pentru picioare 15 ml - SHOPATOA.COM","og_description":"Farmona Nivelazione Feet, 15 ml, Crema pentru picioare pentru femei, Picioarele dvs. n-au mai fost de mult timp u\u0219oare ca un puf? Ameliorarea senza\u021biei de picioare grele va fi oferit\u0103 de produsul Farmona Nivelazione Feet, care \u00eenvioreaz\u0103 delicat picioarele obosite \u0219i contribuie la regenerarea \u0219i emolierea pielii aspre a t\u0103lpilor. Oferi\u021bi membrelor dvs. inferioare un...","og_url":"https:\/\/shopatoa.com\/ro\/farmona-nivelazione-feet-crema-emolienta-pentru-picioare-15-ml\/","og_site_name":"SHOPATOA","article_modified_time":"2025-12-14T09:42:25+00:00","og_image":[{"width":800,"height":800,"url":"https:\/\/storage.googleapis.com\/cz-shopatoa-img\/ro\/d6d0340f-unnamed-file.webp","type":"image\/webp"}],"twitter_card":"summary_large_image","twitter_misc":{"Timp estimat pentru citire":"1 minut"},"schema":{"@context":"https:\/\/schema.org","@graph":[{"@type":"WebPage","@id":"https:\/\/shopatoa.com\/ro\/farmona-nivelazione-feet-crema-emolienta-pentru-picioare-15-ml\/","url":"https:\/\/shopatoa.com\/ro\/farmona-nivelazione-feet-crema-emolienta-pentru-picioare-15-ml\/","name":"Farmona Nivelazione Feet crema emolienta pentru picioare 15 ml - SHOPATOA.COM","isPartOf":{"@id":"https:\/\/shopatoa.com\/ro\/#website"},"primaryImageOfPage":{"@id":"https:\/\/shopatoa.com\/ro\/farmona-nivelazione-feet-crema-emolienta-pentru-picioare-15-ml\/#primaryimage"},"image":{"@id":"https:\/\/shopatoa.com\/ro\/farmona-nivelazione-feet-crema-emolienta-pentru-picioare-15-ml\/#primaryimage"},"thumbnailUrl":"https:\/\/storage.googleapis.com\/cz-shopatoa-img\/ro\/d6d0340f-unnamed-file.webp","datePublished":"2025-06-16T20:41:36+00:00","dateModified":"2025-12-14T09:42:25+00:00","breadcrumb":{"@id":"https:\/\/shopatoa.com\/ro\/farmona-nivelazione-feet-crema-emolienta-pentru-picioare-15-ml\/#breadcrumb"},"inLanguage":"ro-RO","potentialAction":[{"@type":"ReadAction","target":["https:\/\/shopatoa.com\/ro\/farmona-nivelazione-feet-crema-emolienta-pentru-picioare-15-ml\/"]}]},{"@type":"ImageObject","inLanguage":"ro-RO","@id":"https:\/\/shopatoa.com\/ro\/farmona-nivelazione-feet-crema-emolienta-pentru-picioare-15-ml\/#primaryimage","url":"https:\/\/storage.googleapis.com\/cz-shopatoa-img\/ro\/d6d0340f-unnamed-file.webp","contentUrl":"https:\/\/storage.googleapis.com\/cz-shopatoa-img\/ro\/d6d0340f-unnamed-file.webp","width":800,"height":800},{"@type":"BreadcrumbList","@id":"https:\/\/shopatoa.com\/ro\/farmona-nivelazione-feet-crema-emolienta-pentru-picioare-15-ml\/#breadcrumb","itemListElement":[{"@type":"ListItem","position":1,"name":"Dom\u016f","item":"https:\/\/shopatoa.com\/ro\/"},{"@type":"ListItem","position":2,"name":"Shop","item":"https:\/\/shopatoa.com\/ro\/shop\/"},{"@type":"ListItem","position":3,"name":"S\u0103n\u0103tate \u0219i frumuse\u021be","item":"https:\/\/shopatoa.com\/ro\/sanatate-si-frumusete\/"},{"@type":"ListItem","position":4,"name":"\u00cengrijire personal\u0103","item":"https:\/\/shopatoa.com\/ro\/ingrijire-personala\/"},{"@type":"ListItem","position":5,"name":"\u00cengrijirea picioarelor","item":"https:\/\/shopatoa.com\/ro\/ingrijirea-picioarelor\/"},{"@type":"ListItem","position":6,"name":"Farmona Nivelazione Feet crema emolienta pentru picioare 15 ml"}]},{"@type":"WebSite","@id":"https:\/\/shopatoa.com\/ro\/#website","url":"https:\/\/shopatoa.com\/ro\/","name":"SHOPATOA","description":"","publisher":{"@id":"https:\/\/shopatoa.com\/ro\/#organization"},"potentialAction":[{"@type":"SearchAction","target":{"@type":"EntryPoint","urlTemplate":"https:\/\/shopatoa.com\/ro\/?s={search_term_string}"},"query-input":{"@type":"PropertyValueSpecification","valueRequired":true,"valueName":"search_term_string"}}],"inLanguage":"ro-RO"},{"@type":"Organization","@id":"https:\/\/shopatoa.com\/ro\/#organization","name":"SHOPATOA","url":"https:\/\/shopatoa.com\/ro\/","logo":{"@type":"ImageObject","inLanguage":"ro-RO","@id":"https:\/\/shopatoa.com\/ro\/#\/schema\/logo\/image\/","url":"https:\/\/storage.googleapis.com\/cz-shopatoa-img\/ro\/b4dac915-shopatoa_logo.png","contentUrl":"https:\/\/storage.googleapis.com\/cz-shopatoa-img\/ro\/b4dac915-shopatoa_logo.png","width":416,"height":63,"caption":"SHOPATOA"},"image":{"@id":"https:\/\/shopatoa.com\/ro\/#\/schema\/logo\/image\/"}}]}},"_links":{"self":[{"href":"https:\/\/shopatoa.com\/ro\/wp-json\/wp\/v2\/product\/390107","targetHints":{"allow":["GET"]}}],"collection":[{"href":"https:\/\/shopatoa.com\/ro\/wp-json\/wp\/v2\/product"}],"about":[{"href":"https:\/\/shopatoa.com\/ro\/wp-json\/wp\/v2\/types\/product"}],"replies":[{"embeddable":true,"href":"https:\/\/shopatoa.com\/ro\/wp-json\/wp\/v2\/comments?post=390107"}],"wp:featuredmedia":[{"embeddable":true,"href":"https:\/\/shopatoa.com\/ro\/wp-json\/wp\/v2\/media\/390108"}],"wp:attachment":[{"href":"https:\/\/shopatoa.com\/ro\/wp-json\/wp\/v2\/media?parent=390107"}],"wp:term":[{"taxonomy":"product_brand","embeddable":true,"href":"https:\/\/shopatoa.com\/ro\/wp-json\/wp\/v2\/product_brand?post=390107"},{"taxonomy":"product_cat","embeddable":true,"href":"https:\/\/shopatoa.com\/ro\/wp-json\/wp\/v2\/product_cat?post=390107"},{"taxonomy":"product_tag","embeddable":true,"href":"https:\/\/shopatoa.com\/ro\/wp-json\/wp\/v2\/product_tag?post=390107"}],"curies":[{"name":"wp","href":"https:\/\/api.w.org\/{rel}","templated":true}]}}