{"id":390189,"date":"2025-06-16T22:48:47","date_gmt":"2025-06-16T20:48:47","guid":{"rendered":"https:\/\/shopatoa.com\/ro\/ref-frizz-tamer-n130-tratament-pentru-netezire-pentru-par-20-ml\/"},"modified":"2025-12-14T10:23:34","modified_gmt":"2025-12-14T09:23:34","slug":"ref-frizz-tamer-n130-tratament-pentru-netezire-pentru-par-20-ml","status":"publish","type":"product","link":"https:\/\/shopatoa.com\/ro\/ref-frizz-tamer-n130-tratament-pentru-netezire-pentru-par-20-ml\/","title":{"rendered":"REF Frizz Tamer N\u00b0130 tratament pentru netezire pentru p\u0103r 20 ml"},"content":{"rendered":"<p>REF Frizz Tamer N\u00b0130, 20 ml, Pomad\u0103 pentru p\u0103r pentru femei, Dori\u021bi s\u0103 \u00eembl\u00e2nzi\u021bi p\u0103rul rebel \u0219i s\u0103 ob\u021bine\u021bi o coafur\u0103 neted\u0103 care s\u0103 reziste? Miza\u021bi pe produse cosmetice de styling dovedite. Pomada pentru p\u0103r REF Frizz Tamer N\u00b0130 v\u0103 va ajuta s\u0103 ob\u021bine\u021bi un rezultat perfect. V\u0103 va permite s\u0103 netezi\u021bi p\u0103rul, s\u0103 \u00eei conferi\u021bi forma dorit\u0103 \u0219i s\u0103 crea\u021bi un styling perfect ca din m\u00e2inile unui profesionist, \u00een confortul de acas\u0103. \u00cen plus, va asigura o fixare puternic\u0103 \u0219i rezisten\u021b\u0103, astfel \u00eenc\u00e2t fiecare \u0219uvi\u021b\u0103 s\u0103 r\u0103m\u00e2n\u0103 la locul ei, iar p\u0103rul dvs. s\u0103 arate perfect aranjat pe tot parcursul zilei. \u00cencerca\u021bi acest produs de styling testat \u00een timp \u0219i l\u0103sa\u021bi-l s\u0103 v\u0103 accentueze coafura \u0219i s\u0103 o fixeze pentru o perioad\u0103 lung\u0103 de timp.  Caracteristici:  nu \u00eencarc\u0103 p\u0103rul ofer\u0103 o str\u0103lucire s\u0103n\u0103toas\u0103 neteze\u0219te  Ingrediente:  produs vegan  Cum se utilizeaz\u0103: Aplica\u021bi o cantitate mic\u0103 de pomad\u0103 pe p\u0103rul uscat \u0219i aranja\u021bi-l \u00een forma dorit\u0103.<\/p>\n","protected":false},"excerpt":{"rendered":"<p>REF Frizz Tamer N\u00b0130, 20 ml, Pomad\u0103 pentru p\u0103r pentru femei, Dori\u021bi s\u0103 \u00eembl\u00e2nzi\u021bi p\u0103rul rebel \u0219i s\u0103 ob\u021bine\u021bi o coafur\u0103 neted\u0103 care s\u0103 reziste? Miza\u021bi pe produse cosmetice de styling dovedite. Pomada pentru p\u0103r REF Frizz Tamer N\u00b0130 v\u0103 va ajuta s\u0103 ob\u021bine\u021bi un rezultat perfect. V\u0103 va permite s\u0103 netezi\u021bi p\u0103rul, s\u0103 \u00eei&#8230;<\/p>\n","protected":false},"featured_media":390190,"comment_status":"closed","ping_status":"open","template":"","meta":{"_acf_changed":false,"_kadence_starter_templates_imported_post":false,"_kad_post_transparent":"","_kad_post_title":"","_kad_post_layout":"","_kad_post_sidebar_id":"","_kad_post_content_style":"","_kad_post_vertical_padding":"","_kad_post_feature":"","_kad_post_feature_position":"","_kad_post_header":false,"_kad_post_footer":false,"_kad_post_classname":""},"product_brand":[2037],"product_cat":[1563,1590,1633,1562],"product_tag":[],"class_list":{"0":"post-390189","1":"product","2":"type-product","3":"status-publish","4":"has-post-thumbnail","6":"product_brand-ref","7":"product_cat-ingrijire-personala","8":"product_cat-ingrijirea-parului","9":"product_cat-produse-de-coafare-a-parului","10":"product_cat-sanatate-si-frumusete","11":"pa_gen-female","12":"pa_marime-20-ml","14":"first","15":"instock","16":"sale","17":"product-type-external","18":"entry","19":"content-bg","20":"loop-entry"},"acf":[],"yoast_head":"<!-- This site is optimized with the Yoast SEO plugin v27.3 - https:\/\/yoast.com\/product\/yoast-seo-wordpress\/ -->\n<title>REF Frizz Tamer N\u00b0130 tratament pentru netezire pentru p\u0103r 20 ml - SHOPATOA.COM<\/title>\n<meta name=\"robots\" content=\"index, follow, max-snippet:-1, max-image-preview:large, max-video-preview:-1\" \/>\n<link rel=\"canonical\" href=\"https:\/\/shopatoa.com\/ro\/ref-frizz-tamer-n130-tratament-pentru-netezire-pentru-par-20-ml\/\" \/>\n<meta property=\"og:locale\" content=\"ro_RO\" \/>\n<meta property=\"og:type\" content=\"article\" \/>\n<meta property=\"og:title\" content=\"REF Frizz Tamer N\u00b0130 tratament pentru netezire pentru p\u0103r 20 ml - SHOPATOA.COM\" \/>\n<meta property=\"og:description\" content=\"REF Frizz Tamer N\u00b0130, 20 ml, Pomad\u0103 pentru p\u0103r pentru femei, Dori\u021bi s\u0103 \u00eembl\u00e2nzi\u021bi p\u0103rul rebel \u0219i s\u0103 ob\u021bine\u021bi o coafur\u0103 neted\u0103 care s\u0103 reziste? Miza\u021bi pe produse cosmetice de styling dovedite. Pomada pentru p\u0103r REF Frizz Tamer N\u00b0130 v\u0103 va ajuta s\u0103 ob\u021bine\u021bi un rezultat perfect. V\u0103 va permite s\u0103 netezi\u021bi p\u0103rul, s\u0103 \u00eei...\" \/>\n<meta property=\"og:url\" content=\"https:\/\/shopatoa.com\/ro\/ref-frizz-tamer-n130-tratament-pentru-netezire-pentru-par-20-ml\/\" \/>\n<meta property=\"og:site_name\" content=\"SHOPATOA\" \/>\n<meta property=\"article:modified_time\" content=\"2025-12-14T09:23:34+00:00\" \/>\n<meta property=\"og:image\" content=\"https:\/\/storage.googleapis.com\/cz-shopatoa-img\/ro\/7c9f2633-unnamed-file.webp\" \/>\n\t<meta property=\"og:image:width\" content=\"800\" \/>\n\t<meta property=\"og:image:height\" content=\"800\" \/>\n\t<meta property=\"og:image:type\" content=\"image\/webp\" \/>\n<meta name=\"twitter:card\" content=\"summary_large_image\" \/>\n<meta name=\"twitter:label1\" content=\"Timp estimat pentru citire\" \/>\n\t<meta name=\"twitter:data1\" content=\"1 minut\" \/>\n<script type=\"application\/ld+json\" class=\"yoast-schema-graph\">{\"@context\":\"https:\\\/\\\/schema.org\",\"@graph\":[{\"@type\":\"WebPage\",\"@id\":\"https:\\\/\\\/shopatoa.com\\\/ro\\\/ref-frizz-tamer-n130-tratament-pentru-netezire-pentru-par-20-ml\\\/\",\"url\":\"https:\\\/\\\/shopatoa.com\\\/ro\\\/ref-frizz-tamer-n130-tratament-pentru-netezire-pentru-par-20-ml\\\/\",\"name\":\"REF Frizz Tamer N\u00b0130 tratament pentru netezire pentru p\u0103r 20 ml - SHOPATOA.COM\",\"isPartOf\":{\"@id\":\"https:\\\/\\\/shopatoa.com\\\/ro\\\/#website\"},\"primaryImageOfPage\":{\"@id\":\"https:\\\/\\\/shopatoa.com\\\/ro\\\/ref-frizz-tamer-n130-tratament-pentru-netezire-pentru-par-20-ml\\\/#primaryimage\"},\"image\":{\"@id\":\"https:\\\/\\\/shopatoa.com\\\/ro\\\/ref-frizz-tamer-n130-tratament-pentru-netezire-pentru-par-20-ml\\\/#primaryimage\"},\"thumbnailUrl\":\"https:\\\/\\\/storage.googleapis.com\\\/cz-shopatoa-img\\\/ro\\\/7c9f2633-unnamed-file.webp\",\"datePublished\":\"2025-06-16T20:48:47+00:00\",\"dateModified\":\"2025-12-14T09:23:34+00:00\",\"breadcrumb\":{\"@id\":\"https:\\\/\\\/shopatoa.com\\\/ro\\\/ref-frizz-tamer-n130-tratament-pentru-netezire-pentru-par-20-ml\\\/#breadcrumb\"},\"inLanguage\":\"ro-RO\",\"potentialAction\":[{\"@type\":\"ReadAction\",\"target\":[\"https:\\\/\\\/shopatoa.com\\\/ro\\\/ref-frizz-tamer-n130-tratament-pentru-netezire-pentru-par-20-ml\\\/\"]}]},{\"@type\":\"ImageObject\",\"inLanguage\":\"ro-RO\",\"@id\":\"https:\\\/\\\/shopatoa.com\\\/ro\\\/ref-frizz-tamer-n130-tratament-pentru-netezire-pentru-par-20-ml\\\/#primaryimage\",\"url\":\"https:\\\/\\\/storage.googleapis.com\\\/cz-shopatoa-img\\\/ro\\\/7c9f2633-unnamed-file.webp\",\"contentUrl\":\"https:\\\/\\\/storage.googleapis.com\\\/cz-shopatoa-img\\\/ro\\\/7c9f2633-unnamed-file.webp\",\"width\":800,\"height\":800},{\"@type\":\"BreadcrumbList\",\"@id\":\"https:\\\/\\\/shopatoa.com\\\/ro\\\/ref-frizz-tamer-n130-tratament-pentru-netezire-pentru-par-20-ml\\\/#breadcrumb\",\"itemListElement\":[{\"@type\":\"ListItem\",\"position\":1,\"name\":\"Dom\u016f\",\"item\":\"https:\\\/\\\/shopatoa.com\\\/ro\\\/\"},{\"@type\":\"ListItem\",\"position\":2,\"name\":\"Shop\",\"item\":\"https:\\\/\\\/shopatoa.com\\\/ro\\\/shop\\\/\"},{\"@type\":\"ListItem\",\"position\":3,\"name\":\"S\u0103n\u0103tate \u0219i frumuse\u021be\",\"item\":\"https:\\\/\\\/shopatoa.com\\\/ro\\\/sanatate-si-frumusete\\\/\"},{\"@type\":\"ListItem\",\"position\":4,\"name\":\"\u00cengrijire personal\u0103\",\"item\":\"https:\\\/\\\/shopatoa.com\\\/ro\\\/ingrijire-personala\\\/\"},{\"@type\":\"ListItem\",\"position\":5,\"name\":\"\u00cengrijirea p\u0103rului\",\"item\":\"https:\\\/\\\/shopatoa.com\\\/ro\\\/ingrijirea-parului\\\/\"},{\"@type\":\"ListItem\",\"position\":6,\"name\":\"Produse de coafare a p\u0103rului\",\"item\":\"https:\\\/\\\/shopatoa.com\\\/ro\\\/produse-de-coafare-a-parului\\\/\"},{\"@type\":\"ListItem\",\"position\":7,\"name\":\"REF Frizz Tamer N\u00b0130 tratament pentru netezire pentru p\u0103r 20 ml\"}]},{\"@type\":\"WebSite\",\"@id\":\"https:\\\/\\\/shopatoa.com\\\/ro\\\/#website\",\"url\":\"https:\\\/\\\/shopatoa.com\\\/ro\\\/\",\"name\":\"SHOPATOA\",\"description\":\"\",\"publisher\":{\"@id\":\"https:\\\/\\\/shopatoa.com\\\/ro\\\/#organization\"},\"potentialAction\":[{\"@type\":\"SearchAction\",\"target\":{\"@type\":\"EntryPoint\",\"urlTemplate\":\"https:\\\/\\\/shopatoa.com\\\/ro\\\/?s={search_term_string}\"},\"query-input\":{\"@type\":\"PropertyValueSpecification\",\"valueRequired\":true,\"valueName\":\"search_term_string\"}}],\"inLanguage\":\"ro-RO\"},{\"@type\":\"Organization\",\"@id\":\"https:\\\/\\\/shopatoa.com\\\/ro\\\/#organization\",\"name\":\"SHOPATOA\",\"url\":\"https:\\\/\\\/shopatoa.com\\\/ro\\\/\",\"logo\":{\"@type\":\"ImageObject\",\"inLanguage\":\"ro-RO\",\"@id\":\"https:\\\/\\\/shopatoa.com\\\/ro\\\/#\\\/schema\\\/logo\\\/image\\\/\",\"url\":\"https:\\\/\\\/storage.googleapis.com\\\/cz-shopatoa-img\\\/ro\\\/b4dac915-shopatoa_logo.png\",\"contentUrl\":\"https:\\\/\\\/storage.googleapis.com\\\/cz-shopatoa-img\\\/ro\\\/b4dac915-shopatoa_logo.png\",\"width\":416,\"height\":63,\"caption\":\"SHOPATOA\"},\"image\":{\"@id\":\"https:\\\/\\\/shopatoa.com\\\/ro\\\/#\\\/schema\\\/logo\\\/image\\\/\"}}]}<\/script>\n<!-- \/ Yoast SEO plugin. -->","yoast_head_json":{"title":"REF Frizz Tamer N\u00b0130 tratament pentru netezire pentru p\u0103r 20 ml - SHOPATOA.COM","robots":{"index":"index","follow":"follow","max-snippet":"max-snippet:-1","max-image-preview":"max-image-preview:large","max-video-preview":"max-video-preview:-1"},"canonical":"https:\/\/shopatoa.com\/ro\/ref-frizz-tamer-n130-tratament-pentru-netezire-pentru-par-20-ml\/","og_locale":"ro_RO","og_type":"article","og_title":"REF Frizz Tamer N\u00b0130 tratament pentru netezire pentru p\u0103r 20 ml - SHOPATOA.COM","og_description":"REF Frizz Tamer N\u00b0130, 20 ml, Pomad\u0103 pentru p\u0103r pentru femei, Dori\u021bi s\u0103 \u00eembl\u00e2nzi\u021bi p\u0103rul rebel \u0219i s\u0103 ob\u021bine\u021bi o coafur\u0103 neted\u0103 care s\u0103 reziste? Miza\u021bi pe produse cosmetice de styling dovedite. Pomada pentru p\u0103r REF Frizz Tamer N\u00b0130 v\u0103 va ajuta s\u0103 ob\u021bine\u021bi un rezultat perfect. V\u0103 va permite s\u0103 netezi\u021bi p\u0103rul, s\u0103 \u00eei...","og_url":"https:\/\/shopatoa.com\/ro\/ref-frizz-tamer-n130-tratament-pentru-netezire-pentru-par-20-ml\/","og_site_name":"SHOPATOA","article_modified_time":"2025-12-14T09:23:34+00:00","og_image":[{"width":800,"height":800,"url":"https:\/\/storage.googleapis.com\/cz-shopatoa-img\/ro\/7c9f2633-unnamed-file.webp","type":"image\/webp"}],"twitter_card":"summary_large_image","twitter_misc":{"Timp estimat pentru citire":"1 minut"},"schema":{"@context":"https:\/\/schema.org","@graph":[{"@type":"WebPage","@id":"https:\/\/shopatoa.com\/ro\/ref-frizz-tamer-n130-tratament-pentru-netezire-pentru-par-20-ml\/","url":"https:\/\/shopatoa.com\/ro\/ref-frizz-tamer-n130-tratament-pentru-netezire-pentru-par-20-ml\/","name":"REF Frizz Tamer N\u00b0130 tratament pentru netezire pentru p\u0103r 20 ml - SHOPATOA.COM","isPartOf":{"@id":"https:\/\/shopatoa.com\/ro\/#website"},"primaryImageOfPage":{"@id":"https:\/\/shopatoa.com\/ro\/ref-frizz-tamer-n130-tratament-pentru-netezire-pentru-par-20-ml\/#primaryimage"},"image":{"@id":"https:\/\/shopatoa.com\/ro\/ref-frizz-tamer-n130-tratament-pentru-netezire-pentru-par-20-ml\/#primaryimage"},"thumbnailUrl":"https:\/\/storage.googleapis.com\/cz-shopatoa-img\/ro\/7c9f2633-unnamed-file.webp","datePublished":"2025-06-16T20:48:47+00:00","dateModified":"2025-12-14T09:23:34+00:00","breadcrumb":{"@id":"https:\/\/shopatoa.com\/ro\/ref-frizz-tamer-n130-tratament-pentru-netezire-pentru-par-20-ml\/#breadcrumb"},"inLanguage":"ro-RO","potentialAction":[{"@type":"ReadAction","target":["https:\/\/shopatoa.com\/ro\/ref-frizz-tamer-n130-tratament-pentru-netezire-pentru-par-20-ml\/"]}]},{"@type":"ImageObject","inLanguage":"ro-RO","@id":"https:\/\/shopatoa.com\/ro\/ref-frizz-tamer-n130-tratament-pentru-netezire-pentru-par-20-ml\/#primaryimage","url":"https:\/\/storage.googleapis.com\/cz-shopatoa-img\/ro\/7c9f2633-unnamed-file.webp","contentUrl":"https:\/\/storage.googleapis.com\/cz-shopatoa-img\/ro\/7c9f2633-unnamed-file.webp","width":800,"height":800},{"@type":"BreadcrumbList","@id":"https:\/\/shopatoa.com\/ro\/ref-frizz-tamer-n130-tratament-pentru-netezire-pentru-par-20-ml\/#breadcrumb","itemListElement":[{"@type":"ListItem","position":1,"name":"Dom\u016f","item":"https:\/\/shopatoa.com\/ro\/"},{"@type":"ListItem","position":2,"name":"Shop","item":"https:\/\/shopatoa.com\/ro\/shop\/"},{"@type":"ListItem","position":3,"name":"S\u0103n\u0103tate \u0219i frumuse\u021be","item":"https:\/\/shopatoa.com\/ro\/sanatate-si-frumusete\/"},{"@type":"ListItem","position":4,"name":"\u00cengrijire personal\u0103","item":"https:\/\/shopatoa.com\/ro\/ingrijire-personala\/"},{"@type":"ListItem","position":5,"name":"\u00cengrijirea p\u0103rului","item":"https:\/\/shopatoa.com\/ro\/ingrijirea-parului\/"},{"@type":"ListItem","position":6,"name":"Produse de coafare a p\u0103rului","item":"https:\/\/shopatoa.com\/ro\/produse-de-coafare-a-parului\/"},{"@type":"ListItem","position":7,"name":"REF Frizz Tamer N\u00b0130 tratament pentru netezire pentru p\u0103r 20 ml"}]},{"@type":"WebSite","@id":"https:\/\/shopatoa.com\/ro\/#website","url":"https:\/\/shopatoa.com\/ro\/","name":"SHOPATOA","description":"","publisher":{"@id":"https:\/\/shopatoa.com\/ro\/#organization"},"potentialAction":[{"@type":"SearchAction","target":{"@type":"EntryPoint","urlTemplate":"https:\/\/shopatoa.com\/ro\/?s={search_term_string}"},"query-input":{"@type":"PropertyValueSpecification","valueRequired":true,"valueName":"search_term_string"}}],"inLanguage":"ro-RO"},{"@type":"Organization","@id":"https:\/\/shopatoa.com\/ro\/#organization","name":"SHOPATOA","url":"https:\/\/shopatoa.com\/ro\/","logo":{"@type":"ImageObject","inLanguage":"ro-RO","@id":"https:\/\/shopatoa.com\/ro\/#\/schema\/logo\/image\/","url":"https:\/\/storage.googleapis.com\/cz-shopatoa-img\/ro\/b4dac915-shopatoa_logo.png","contentUrl":"https:\/\/storage.googleapis.com\/cz-shopatoa-img\/ro\/b4dac915-shopatoa_logo.png","width":416,"height":63,"caption":"SHOPATOA"},"image":{"@id":"https:\/\/shopatoa.com\/ro\/#\/schema\/logo\/image\/"}}]}},"_links":{"self":[{"href":"https:\/\/shopatoa.com\/ro\/wp-json\/wp\/v2\/product\/390189","targetHints":{"allow":["GET"]}}],"collection":[{"href":"https:\/\/shopatoa.com\/ro\/wp-json\/wp\/v2\/product"}],"about":[{"href":"https:\/\/shopatoa.com\/ro\/wp-json\/wp\/v2\/types\/product"}],"replies":[{"embeddable":true,"href":"https:\/\/shopatoa.com\/ro\/wp-json\/wp\/v2\/comments?post=390189"}],"wp:featuredmedia":[{"embeddable":true,"href":"https:\/\/shopatoa.com\/ro\/wp-json\/wp\/v2\/media\/390190"}],"wp:attachment":[{"href":"https:\/\/shopatoa.com\/ro\/wp-json\/wp\/v2\/media?parent=390189"}],"wp:term":[{"taxonomy":"product_brand","embeddable":true,"href":"https:\/\/shopatoa.com\/ro\/wp-json\/wp\/v2\/product_brand?post=390189"},{"taxonomy":"product_cat","embeddable":true,"href":"https:\/\/shopatoa.com\/ro\/wp-json\/wp\/v2\/product_cat?post=390189"},{"taxonomy":"product_tag","embeddable":true,"href":"https:\/\/shopatoa.com\/ro\/wp-json\/wp\/v2\/product_tag?post=390189"}],"curies":[{"name":"wp","href":"https:\/\/api.w.org\/{rel}","templated":true}]}}