{"id":390315,"date":"2025-06-16T23:01:00","date_gmt":"2025-06-16T21:01:00","guid":{"rendered":"https:\/\/shopatoa.com\/ro\/rude-cosmetics-manga-collection-sparkle-lip-oil-ulei-nuantator-pentru-buze-cu-efect-de-hidratare-culoare-watermelon-4-g\/"},"modified":"2025-12-14T09:44:32","modified_gmt":"2025-12-14T08:44:32","slug":"rude-cosmetics-manga-collection-sparkle-lip-oil-ulei-nuantator-pentru-buze-cu-efect-de-hidratare-culoare-watermelon-4-g","status":"publish","type":"product","link":"https:\/\/shopatoa.com\/ro\/rude-cosmetics-manga-collection-sparkle-lip-oil-ulei-nuantator-pentru-buze-cu-efect-de-hidratare-culoare-watermelon-4-g\/","title":{"rendered":"Rude Cosmetics Manga Collection Sparkle Lip Oil ulei nuan\u021bator pentru buze cu efect de hidratare culoare Watermelon 4 g"},"content":{"rendered":"<p>Rude Cosmetics Manga Collection Sparkle Lip Oil, 4 g, Lip Glosses pentru femei, Acum pute\u021bi avea buze suculente \u0219i hidratate \u00een cel mai scurt timp, datorit\u0103 combin\u0103rii beneficiilor produselor cosmetice decorative \u0219i de \u00eengrijire. Tocmai prin aceast\u0103 combina\u021bie se remarc\u0103 uleiul de buze Rude CosmeticsManga CollectionSparkle Lip Oil, care \u00eentr-un singur pas face buzele mai frumoase \u0219i le asigur\u0103 \u00eengrijire suficient\u0103. Nu numai c\u0103 acoper\u0103 buzele cu un strat str\u0103lucitor, netezind \u0219i uniformiz\u00e2nd suprafa\u021ba lor, dar totodat\u0103 le r\u0103sfa\u021b\u0103 \u0219i asigur\u0103 o senza\u021bie de confort de lung\u0103 durat\u0103. Le hr\u0103ne\u0219te intens, le favorizeaz\u0103 aspectul catifelat \u0219i previne uscarea vizibil\u0103 care compromite machiajul impecabil. Uleiurile pre\u021bioase \u0219i vitaminele con\u021binute las\u0103 buzele perfect protejate, hr\u0103nite, catifelate&#8230; pe scurt, ca \u00een puf!  Caracteristici:  str\u0103luce\u0219te hidrateaz\u0103 \u0219i catifeleaz\u0103 buzele coloreaz\u0103 u\u0219or buzele neteze\u0219te ridurile fine de pe buze confer\u0103 un luciu intens  Ingrediente:  produs vegan  Cum se utilizeaz\u0103: Se aplic\u0103 pe buze un strat uniform, cu aplicatorul.<\/p>\n","protected":false},"excerpt":{"rendered":"<p>Rude Cosmetics Manga Collection Sparkle Lip Oil, 4 g, Lip Glosses pentru femei, Acum pute\u021bi avea buze suculente \u0219i hidratate \u00een cel mai scurt timp, datorit\u0103 combin\u0103rii beneficiilor produselor cosmetice decorative \u0219i de \u00eengrijire. Tocmai prin aceast\u0103 combina\u021bie se remarc\u0103 uleiul de buze Rude CosmeticsManga CollectionSparkle Lip Oil, care \u00eentr-un singur pas face buzele mai&#8230;<\/p>\n","protected":false},"featured_media":390316,"comment_status":"closed","ping_status":"open","template":"","meta":{"_acf_changed":false,"_kadence_starter_templates_imported_post":false,"_kad_post_transparent":"","_kad_post_title":"","_kad_post_layout":"","_kad_post_sidebar_id":"","_kad_post_content_style":"","_kad_post_vertical_padding":"","_kad_post_feature":"","_kad_post_feature_position":"","_kad_post_header":false,"_kad_post_footer":false,"_kad_post_classname":""},"product_brand":[2432],"product_cat":[1628,1564,1563,1565,1562],"product_tag":[],"class_list":{"0":"post-390315","1":"product","2":"type-product","3":"status-publish","4":"has-post-thumbnail","6":"product_brand-rude-cosmetics","7":"product_cat-balsamuri-si-tratamente-pentru-buze","8":"product_cat-cosmetice-ingrijire-personala","9":"product_cat-ingrijire-personala","10":"product_cat-ingrijirea-pielii","11":"product_cat-sanatate-si-frumusete","12":"pa_gen-female","13":"pa_marime-4-g","15":"first","16":"instock","17":"sale","18":"product-type-external","19":"entry","20":"content-bg","21":"loop-entry"},"acf":[],"yoast_head":"<!-- This site is optimized with the Yoast SEO plugin v27.4 - https:\/\/yoast.com\/product\/yoast-seo-wordpress\/ -->\n<title>Rude Cosmetics Manga Collection Sparkle Lip Oil ulei nuan\u021bator pentru buze cu efect de hidratare culoare Watermelon 4 g - SHOPATOA.COM<\/title>\n<meta name=\"robots\" content=\"index, follow, max-snippet:-1, max-image-preview:large, max-video-preview:-1\" \/>\n<link rel=\"canonical\" href=\"https:\/\/shopatoa.com\/ro\/rude-cosmetics-manga-collection-sparkle-lip-oil-ulei-nuantator-pentru-buze-cu-efect-de-hidratare-culoare-watermelon-4-g\/\" \/>\n<meta property=\"og:locale\" content=\"ro_RO\" \/>\n<meta property=\"og:type\" content=\"article\" \/>\n<meta property=\"og:title\" content=\"Rude Cosmetics Manga Collection Sparkle Lip Oil ulei nuan\u021bator pentru buze cu efect de hidratare culoare Watermelon 4 g - SHOPATOA.COM\" \/>\n<meta property=\"og:description\" content=\"Rude Cosmetics Manga Collection Sparkle Lip Oil, 4 g, Lip Glosses pentru femei, Acum pute\u021bi avea buze suculente \u0219i hidratate \u00een cel mai scurt timp, datorit\u0103 combin\u0103rii beneficiilor produselor cosmetice decorative \u0219i de \u00eengrijire. Tocmai prin aceast\u0103 combina\u021bie se remarc\u0103 uleiul de buze Rude CosmeticsManga CollectionSparkle Lip Oil, care \u00eentr-un singur pas face buzele mai...\" \/>\n<meta property=\"og:url\" content=\"https:\/\/shopatoa.com\/ro\/rude-cosmetics-manga-collection-sparkle-lip-oil-ulei-nuantator-pentru-buze-cu-efect-de-hidratare-culoare-watermelon-4-g\/\" \/>\n<meta property=\"og:site_name\" content=\"SHOPATOA\" \/>\n<meta property=\"article:modified_time\" content=\"2025-12-14T08:44:32+00:00\" \/>\n<meta property=\"og:image\" content=\"https:\/\/storage.googleapis.com\/cz-shopatoa-img\/ro\/ad38ae0a-unnamed-file.webp\" \/>\n\t<meta property=\"og:image:width\" content=\"800\" \/>\n\t<meta property=\"og:image:height\" content=\"800\" \/>\n\t<meta property=\"og:image:type\" content=\"image\/webp\" \/>\n<meta name=\"twitter:card\" content=\"summary_large_image\" \/>\n<meta name=\"twitter:label1\" content=\"Timp estimat pentru citire\" \/>\n\t<meta name=\"twitter:data1\" content=\"1 minut\" \/>\n<script type=\"application\/ld+json\" class=\"yoast-schema-graph\">{\"@context\":\"https:\\\/\\\/schema.org\",\"@graph\":[{\"@type\":\"WebPage\",\"@id\":\"https:\\\/\\\/shopatoa.com\\\/ro\\\/rude-cosmetics-manga-collection-sparkle-lip-oil-ulei-nuantator-pentru-buze-cu-efect-de-hidratare-culoare-watermelon-4-g\\\/\",\"url\":\"https:\\\/\\\/shopatoa.com\\\/ro\\\/rude-cosmetics-manga-collection-sparkle-lip-oil-ulei-nuantator-pentru-buze-cu-efect-de-hidratare-culoare-watermelon-4-g\\\/\",\"name\":\"Rude Cosmetics Manga Collection Sparkle Lip Oil ulei nuan\u021bator pentru buze cu efect de hidratare culoare Watermelon 4 g - SHOPATOA.COM\",\"isPartOf\":{\"@id\":\"https:\\\/\\\/shopatoa.com\\\/ro\\\/#website\"},\"primaryImageOfPage\":{\"@id\":\"https:\\\/\\\/shopatoa.com\\\/ro\\\/rude-cosmetics-manga-collection-sparkle-lip-oil-ulei-nuantator-pentru-buze-cu-efect-de-hidratare-culoare-watermelon-4-g\\\/#primaryimage\"},\"image\":{\"@id\":\"https:\\\/\\\/shopatoa.com\\\/ro\\\/rude-cosmetics-manga-collection-sparkle-lip-oil-ulei-nuantator-pentru-buze-cu-efect-de-hidratare-culoare-watermelon-4-g\\\/#primaryimage\"},\"thumbnailUrl\":\"https:\\\/\\\/storage.googleapis.com\\\/cz-shopatoa-img\\\/ro\\\/ad38ae0a-unnamed-file.webp\",\"datePublished\":\"2025-06-16T21:01:00+00:00\",\"dateModified\":\"2025-12-14T08:44:32+00:00\",\"breadcrumb\":{\"@id\":\"https:\\\/\\\/shopatoa.com\\\/ro\\\/rude-cosmetics-manga-collection-sparkle-lip-oil-ulei-nuantator-pentru-buze-cu-efect-de-hidratare-culoare-watermelon-4-g\\\/#breadcrumb\"},\"inLanguage\":\"ro-RO\",\"potentialAction\":[{\"@type\":\"ReadAction\",\"target\":[\"https:\\\/\\\/shopatoa.com\\\/ro\\\/rude-cosmetics-manga-collection-sparkle-lip-oil-ulei-nuantator-pentru-buze-cu-efect-de-hidratare-culoare-watermelon-4-g\\\/\"]}]},{\"@type\":\"ImageObject\",\"inLanguage\":\"ro-RO\",\"@id\":\"https:\\\/\\\/shopatoa.com\\\/ro\\\/rude-cosmetics-manga-collection-sparkle-lip-oil-ulei-nuantator-pentru-buze-cu-efect-de-hidratare-culoare-watermelon-4-g\\\/#primaryimage\",\"url\":\"https:\\\/\\\/storage.googleapis.com\\\/cz-shopatoa-img\\\/ro\\\/ad38ae0a-unnamed-file.webp\",\"contentUrl\":\"https:\\\/\\\/storage.googleapis.com\\\/cz-shopatoa-img\\\/ro\\\/ad38ae0a-unnamed-file.webp\",\"width\":800,\"height\":800},{\"@type\":\"BreadcrumbList\",\"@id\":\"https:\\\/\\\/shopatoa.com\\\/ro\\\/rude-cosmetics-manga-collection-sparkle-lip-oil-ulei-nuantator-pentru-buze-cu-efect-de-hidratare-culoare-watermelon-4-g\\\/#breadcrumb\",\"itemListElement\":[{\"@type\":\"ListItem\",\"position\":1,\"name\":\"Dom\u016f\",\"item\":\"https:\\\/\\\/shopatoa.com\\\/ro\\\/\"},{\"@type\":\"ListItem\",\"position\":2,\"name\":\"Shop\",\"item\":\"https:\\\/\\\/shopatoa.com\\\/ro\\\/shop\\\/\"},{\"@type\":\"ListItem\",\"position\":3,\"name\":\"S\u0103n\u0103tate \u0219i frumuse\u021be\",\"item\":\"https:\\\/\\\/shopatoa.com\\\/ro\\\/sanatate-si-frumusete\\\/\"},{\"@type\":\"ListItem\",\"position\":4,\"name\":\"\u00cengrijire personal\u0103\",\"item\":\"https:\\\/\\\/shopatoa.com\\\/ro\\\/ingrijire-personala\\\/\"},{\"@type\":\"ListItem\",\"position\":5,\"name\":\"Cosmetice\",\"item\":\"https:\\\/\\\/shopatoa.com\\\/ro\\\/cosmetice-ingrijire-personala\\\/\"},{\"@type\":\"ListItem\",\"position\":6,\"name\":\"\u00cengrijirea pielii\",\"item\":\"https:\\\/\\\/shopatoa.com\\\/ro\\\/ingrijirea-pielii\\\/\"},{\"@type\":\"ListItem\",\"position\":7,\"name\":\"Balsamuri \u0219i tratamente pentru buze\",\"item\":\"https:\\\/\\\/shopatoa.com\\\/ro\\\/balsamuri-si-tratamente-pentru-buze\\\/\"},{\"@type\":\"ListItem\",\"position\":8,\"name\":\"Rude Cosmetics Manga Collection Sparkle Lip Oil ulei nuan\u021bator pentru buze cu efect de hidratare culoare Watermelon 4 g\"}]},{\"@type\":\"WebSite\",\"@id\":\"https:\\\/\\\/shopatoa.com\\\/ro\\\/#website\",\"url\":\"https:\\\/\\\/shopatoa.com\\\/ro\\\/\",\"name\":\"SHOPATOA\",\"description\":\"\",\"publisher\":{\"@id\":\"https:\\\/\\\/shopatoa.com\\\/ro\\\/#organization\"},\"potentialAction\":[{\"@type\":\"SearchAction\",\"target\":{\"@type\":\"EntryPoint\",\"urlTemplate\":\"https:\\\/\\\/shopatoa.com\\\/ro\\\/?s={search_term_string}\"},\"query-input\":{\"@type\":\"PropertyValueSpecification\",\"valueRequired\":true,\"valueName\":\"search_term_string\"}}],\"inLanguage\":\"ro-RO\"},{\"@type\":\"Organization\",\"@id\":\"https:\\\/\\\/shopatoa.com\\\/ro\\\/#organization\",\"name\":\"SHOPATOA\",\"url\":\"https:\\\/\\\/shopatoa.com\\\/ro\\\/\",\"logo\":{\"@type\":\"ImageObject\",\"inLanguage\":\"ro-RO\",\"@id\":\"https:\\\/\\\/shopatoa.com\\\/ro\\\/#\\\/schema\\\/logo\\\/image\\\/\",\"url\":\"https:\\\/\\\/storage.googleapis.com\\\/cz-shopatoa-img\\\/ro\\\/b4dac915-shopatoa_logo.png\",\"contentUrl\":\"https:\\\/\\\/storage.googleapis.com\\\/cz-shopatoa-img\\\/ro\\\/b4dac915-shopatoa_logo.png\",\"width\":416,\"height\":63,\"caption\":\"SHOPATOA\"},\"image\":{\"@id\":\"https:\\\/\\\/shopatoa.com\\\/ro\\\/#\\\/schema\\\/logo\\\/image\\\/\"}}]}<\/script>\n<!-- \/ Yoast SEO plugin. -->","yoast_head_json":{"title":"Rude Cosmetics Manga Collection Sparkle Lip Oil ulei nuan\u021bator pentru buze cu efect de hidratare culoare Watermelon 4 g - SHOPATOA.COM","robots":{"index":"index","follow":"follow","max-snippet":"max-snippet:-1","max-image-preview":"max-image-preview:large","max-video-preview":"max-video-preview:-1"},"canonical":"https:\/\/shopatoa.com\/ro\/rude-cosmetics-manga-collection-sparkle-lip-oil-ulei-nuantator-pentru-buze-cu-efect-de-hidratare-culoare-watermelon-4-g\/","og_locale":"ro_RO","og_type":"article","og_title":"Rude Cosmetics Manga Collection Sparkle Lip Oil ulei nuan\u021bator pentru buze cu efect de hidratare culoare Watermelon 4 g - SHOPATOA.COM","og_description":"Rude Cosmetics Manga Collection Sparkle Lip Oil, 4 g, Lip Glosses pentru femei, Acum pute\u021bi avea buze suculente \u0219i hidratate \u00een cel mai scurt timp, datorit\u0103 combin\u0103rii beneficiilor produselor cosmetice decorative \u0219i de \u00eengrijire. Tocmai prin aceast\u0103 combina\u021bie se remarc\u0103 uleiul de buze Rude CosmeticsManga CollectionSparkle Lip Oil, care \u00eentr-un singur pas face buzele mai...","og_url":"https:\/\/shopatoa.com\/ro\/rude-cosmetics-manga-collection-sparkle-lip-oil-ulei-nuantator-pentru-buze-cu-efect-de-hidratare-culoare-watermelon-4-g\/","og_site_name":"SHOPATOA","article_modified_time":"2025-12-14T08:44:32+00:00","og_image":[{"width":800,"height":800,"url":"https:\/\/storage.googleapis.com\/cz-shopatoa-img\/ro\/ad38ae0a-unnamed-file.webp","type":"image\/webp"}],"twitter_card":"summary_large_image","twitter_misc":{"Timp estimat pentru citire":"1 minut"},"schema":{"@context":"https:\/\/schema.org","@graph":[{"@type":"WebPage","@id":"https:\/\/shopatoa.com\/ro\/rude-cosmetics-manga-collection-sparkle-lip-oil-ulei-nuantator-pentru-buze-cu-efect-de-hidratare-culoare-watermelon-4-g\/","url":"https:\/\/shopatoa.com\/ro\/rude-cosmetics-manga-collection-sparkle-lip-oil-ulei-nuantator-pentru-buze-cu-efect-de-hidratare-culoare-watermelon-4-g\/","name":"Rude Cosmetics Manga Collection Sparkle Lip Oil ulei nuan\u021bator pentru buze cu efect de hidratare culoare Watermelon 4 g - SHOPATOA.COM","isPartOf":{"@id":"https:\/\/shopatoa.com\/ro\/#website"},"primaryImageOfPage":{"@id":"https:\/\/shopatoa.com\/ro\/rude-cosmetics-manga-collection-sparkle-lip-oil-ulei-nuantator-pentru-buze-cu-efect-de-hidratare-culoare-watermelon-4-g\/#primaryimage"},"image":{"@id":"https:\/\/shopatoa.com\/ro\/rude-cosmetics-manga-collection-sparkle-lip-oil-ulei-nuantator-pentru-buze-cu-efect-de-hidratare-culoare-watermelon-4-g\/#primaryimage"},"thumbnailUrl":"https:\/\/storage.googleapis.com\/cz-shopatoa-img\/ro\/ad38ae0a-unnamed-file.webp","datePublished":"2025-06-16T21:01:00+00:00","dateModified":"2025-12-14T08:44:32+00:00","breadcrumb":{"@id":"https:\/\/shopatoa.com\/ro\/rude-cosmetics-manga-collection-sparkle-lip-oil-ulei-nuantator-pentru-buze-cu-efect-de-hidratare-culoare-watermelon-4-g\/#breadcrumb"},"inLanguage":"ro-RO","potentialAction":[{"@type":"ReadAction","target":["https:\/\/shopatoa.com\/ro\/rude-cosmetics-manga-collection-sparkle-lip-oil-ulei-nuantator-pentru-buze-cu-efect-de-hidratare-culoare-watermelon-4-g\/"]}]},{"@type":"ImageObject","inLanguage":"ro-RO","@id":"https:\/\/shopatoa.com\/ro\/rude-cosmetics-manga-collection-sparkle-lip-oil-ulei-nuantator-pentru-buze-cu-efect-de-hidratare-culoare-watermelon-4-g\/#primaryimage","url":"https:\/\/storage.googleapis.com\/cz-shopatoa-img\/ro\/ad38ae0a-unnamed-file.webp","contentUrl":"https:\/\/storage.googleapis.com\/cz-shopatoa-img\/ro\/ad38ae0a-unnamed-file.webp","width":800,"height":800},{"@type":"BreadcrumbList","@id":"https:\/\/shopatoa.com\/ro\/rude-cosmetics-manga-collection-sparkle-lip-oil-ulei-nuantator-pentru-buze-cu-efect-de-hidratare-culoare-watermelon-4-g\/#breadcrumb","itemListElement":[{"@type":"ListItem","position":1,"name":"Dom\u016f","item":"https:\/\/shopatoa.com\/ro\/"},{"@type":"ListItem","position":2,"name":"Shop","item":"https:\/\/shopatoa.com\/ro\/shop\/"},{"@type":"ListItem","position":3,"name":"S\u0103n\u0103tate \u0219i frumuse\u021be","item":"https:\/\/shopatoa.com\/ro\/sanatate-si-frumusete\/"},{"@type":"ListItem","position":4,"name":"\u00cengrijire personal\u0103","item":"https:\/\/shopatoa.com\/ro\/ingrijire-personala\/"},{"@type":"ListItem","position":5,"name":"Cosmetice","item":"https:\/\/shopatoa.com\/ro\/cosmetice-ingrijire-personala\/"},{"@type":"ListItem","position":6,"name":"\u00cengrijirea pielii","item":"https:\/\/shopatoa.com\/ro\/ingrijirea-pielii\/"},{"@type":"ListItem","position":7,"name":"Balsamuri \u0219i tratamente pentru buze","item":"https:\/\/shopatoa.com\/ro\/balsamuri-si-tratamente-pentru-buze\/"},{"@type":"ListItem","position":8,"name":"Rude Cosmetics Manga Collection Sparkle Lip Oil ulei nuan\u021bator pentru buze cu efect de hidratare culoare Watermelon 4 g"}]},{"@type":"WebSite","@id":"https:\/\/shopatoa.com\/ro\/#website","url":"https:\/\/shopatoa.com\/ro\/","name":"SHOPATOA","description":"","publisher":{"@id":"https:\/\/shopatoa.com\/ro\/#organization"},"potentialAction":[{"@type":"SearchAction","target":{"@type":"EntryPoint","urlTemplate":"https:\/\/shopatoa.com\/ro\/?s={search_term_string}"},"query-input":{"@type":"PropertyValueSpecification","valueRequired":true,"valueName":"search_term_string"}}],"inLanguage":"ro-RO"},{"@type":"Organization","@id":"https:\/\/shopatoa.com\/ro\/#organization","name":"SHOPATOA","url":"https:\/\/shopatoa.com\/ro\/","logo":{"@type":"ImageObject","inLanguage":"ro-RO","@id":"https:\/\/shopatoa.com\/ro\/#\/schema\/logo\/image\/","url":"https:\/\/storage.googleapis.com\/cz-shopatoa-img\/ro\/b4dac915-shopatoa_logo.png","contentUrl":"https:\/\/storage.googleapis.com\/cz-shopatoa-img\/ro\/b4dac915-shopatoa_logo.png","width":416,"height":63,"caption":"SHOPATOA"},"image":{"@id":"https:\/\/shopatoa.com\/ro\/#\/schema\/logo\/image\/"}}]}},"_links":{"self":[{"href":"https:\/\/shopatoa.com\/ro\/wp-json\/wp\/v2\/product\/390315","targetHints":{"allow":["GET"]}}],"collection":[{"href":"https:\/\/shopatoa.com\/ro\/wp-json\/wp\/v2\/product"}],"about":[{"href":"https:\/\/shopatoa.com\/ro\/wp-json\/wp\/v2\/types\/product"}],"replies":[{"embeddable":true,"href":"https:\/\/shopatoa.com\/ro\/wp-json\/wp\/v2\/comments?post=390315"}],"wp:featuredmedia":[{"embeddable":true,"href":"https:\/\/shopatoa.com\/ro\/wp-json\/wp\/v2\/media\/390316"}],"wp:attachment":[{"href":"https:\/\/shopatoa.com\/ro\/wp-json\/wp\/v2\/media?parent=390315"}],"wp:term":[{"taxonomy":"product_brand","embeddable":true,"href":"https:\/\/shopatoa.com\/ro\/wp-json\/wp\/v2\/product_brand?post=390315"},{"taxonomy":"product_cat","embeddable":true,"href":"https:\/\/shopatoa.com\/ro\/wp-json\/wp\/v2\/product_cat?post=390315"},{"taxonomy":"product_tag","embeddable":true,"href":"https:\/\/shopatoa.com\/ro\/wp-json\/wp\/v2\/product_tag?post=390315"}],"curies":[{"name":"wp","href":"https:\/\/api.w.org\/{rel}","templated":true}]}}