{"id":390321,"date":"2025-06-16T23:01:00","date_gmt":"2025-06-16T21:01:00","guid":{"rendered":"https:\/\/shopatoa.com\/ro\/dolcegabbana-flawless-everlast-foundation-spray-cu-efect-de-lunga-durata-ce-fixeaza-machiajul-spf-20-culoare-05n-light-27-ml\/"},"modified":"2025-12-14T09:44:54","modified_gmt":"2025-12-14T08:44:54","slug":"dolcegabbana-flawless-everlast-foundation-spray-cu-efect-de-lunga-durata-ce-fixeaza-machiajul-spf-20-culoare-05n-light-27-ml","status":"publish","type":"product","link":"https:\/\/shopatoa.com\/ro\/dolcegabbana-flawless-everlast-foundation-spray-cu-efect-de-lunga-durata-ce-fixeaza-machiajul-spf-20-culoare-05n-light-27-ml\/","title":{"rendered":"Dolce&amp;Gabbana Flawless Everlast Foundation spray cu efect de lunga durata ce fixeaza machiajul SPF 20 culoare 05N LIGHT 27 ml"},"content":{"rendered":"<p>Dolce&amp;Gabbana Flawless Everlast Foundation, 27 ml, Fond de ten pentru femei, Fondul de ten Dolce&amp;Gabbana Flawless uniformizeaz\u0103 nuan\u021ba pielii, acoperind micile imperfec\u021biuni.  Caracteristici:  efect de lung\u0103 durat\u0103 capacitate de acoperire excelent\u0103 uniformizeaz\u0103 nuan\u021ba tenului efect matifiant pentru ten simplu de aplicat poate fi stratificat ofer\u0103 protec\u021bie \u00eempotriva razelor solare nu astup\u0103 porii  Cum se utilizeaz\u0103: Se aplic\u0103 fondul de ten pe punctele de baz\u0103 ale fe\u021bei, \u0219i anume fruntea, obrajii \u0219i b\u0103rbia.<\/p>\n","protected":false},"excerpt":{"rendered":"<p>Dolce&amp;Gabbana Flawless Everlast Foundation, 27 ml, Fond de ten pentru femei, Fondul de ten Dolce&amp;Gabbana Flawless uniformizeaz\u0103 nuan\u021ba pielii, acoperind micile imperfec\u021biuni. Caracteristici: efect de lung\u0103 durat\u0103 capacitate de acoperire excelent\u0103 uniformizeaz\u0103 nuan\u021ba tenului efect matifiant pentru ten simplu de aplicat poate fi stratificat ofer\u0103 protec\u021bie \u00eempotriva razelor solare nu astup\u0103 porii Cum se utilizeaz\u0103:&#8230;<\/p>\n","protected":false},"featured_media":390322,"comment_status":"closed","ping_status":"open","template":"","meta":{"_acf_changed":false,"_kadence_starter_templates_imported_post":false,"_kad_post_transparent":"","_kad_post_title":"","_kad_post_layout":"","_kad_post_sidebar_id":"","_kad_post_content_style":"","_kad_post_vertical_padding":"","_kad_post_feature":"","_kad_post_feature_position":"","_kad_post_header":false,"_kad_post_footer":false,"_kad_post_classname":""},"product_brand":[1922],"product_cat":[1564,1563,1576,1562],"product_tag":[],"class_list":{"0":"post-390321","1":"product","2":"type-product","3":"status-publish","4":"has-post-thumbnail","6":"product_brand-dolcegabbana","7":"product_cat-cosmetice-ingrijire-personala","8":"product_cat-ingrijire-personala","9":"product_cat-machiaj","10":"product_cat-sanatate-si-frumusete","11":"pa_gen-female","12":"pa_marime-27-ml","14":"first","15":"instock","16":"sale","17":"product-type-external","18":"entry","19":"content-bg","20":"loop-entry"},"acf":[],"yoast_head":"<!-- This site is optimized with the Yoast SEO plugin v27.4 - https:\/\/yoast.com\/product\/yoast-seo-wordpress\/ -->\n<title>Dolce&amp;Gabbana Flawless Everlast Foundation spray cu efect de lunga durata ce fixeaza machiajul SPF 20 culoare 05N LIGHT 27 ml - SHOPATOA.COM<\/title>\n<meta name=\"robots\" content=\"index, follow, max-snippet:-1, max-image-preview:large, max-video-preview:-1\" \/>\n<link rel=\"canonical\" href=\"https:\/\/shopatoa.com\/ro\/dolcegabbana-flawless-everlast-foundation-spray-cu-efect-de-lunga-durata-ce-fixeaza-machiajul-spf-20-culoare-05n-light-27-ml\/\" \/>\n<meta property=\"og:locale\" content=\"ro_RO\" \/>\n<meta property=\"og:type\" content=\"article\" \/>\n<meta property=\"og:title\" content=\"Dolce&amp;Gabbana Flawless Everlast Foundation spray cu efect de lunga durata ce fixeaza machiajul SPF 20 culoare 05N LIGHT 27 ml - SHOPATOA.COM\" \/>\n<meta property=\"og:description\" content=\"Dolce&amp;Gabbana Flawless Everlast Foundation, 27 ml, Fond de ten pentru femei, Fondul de ten Dolce&amp;Gabbana Flawless uniformizeaz\u0103 nuan\u021ba pielii, acoperind micile imperfec\u021biuni. Caracteristici: efect de lung\u0103 durat\u0103 capacitate de acoperire excelent\u0103 uniformizeaz\u0103 nuan\u021ba tenului efect matifiant pentru ten simplu de aplicat poate fi stratificat ofer\u0103 protec\u021bie \u00eempotriva razelor solare nu astup\u0103 porii Cum se utilizeaz\u0103:...\" \/>\n<meta property=\"og:url\" content=\"https:\/\/shopatoa.com\/ro\/dolcegabbana-flawless-everlast-foundation-spray-cu-efect-de-lunga-durata-ce-fixeaza-machiajul-spf-20-culoare-05n-light-27-ml\/\" \/>\n<meta property=\"og:site_name\" content=\"SHOPATOA\" \/>\n<meta property=\"article:modified_time\" content=\"2025-12-14T08:44:54+00:00\" \/>\n<meta property=\"og:image\" content=\"https:\/\/storage.googleapis.com\/cz-shopatoa-img\/ro\/ad92f347-unnamed-file.webp\" \/>\n\t<meta property=\"og:image:width\" content=\"800\" \/>\n\t<meta property=\"og:image:height\" content=\"800\" \/>\n\t<meta property=\"og:image:type\" content=\"image\/webp\" \/>\n<meta name=\"twitter:card\" content=\"summary_large_image\" \/>\n<script type=\"application\/ld+json\" class=\"yoast-schema-graph\">{\"@context\":\"https:\\\/\\\/schema.org\",\"@graph\":[{\"@type\":\"WebPage\",\"@id\":\"https:\\\/\\\/shopatoa.com\\\/ro\\\/dolcegabbana-flawless-everlast-foundation-spray-cu-efect-de-lunga-durata-ce-fixeaza-machiajul-spf-20-culoare-05n-light-27-ml\\\/\",\"url\":\"https:\\\/\\\/shopatoa.com\\\/ro\\\/dolcegabbana-flawless-everlast-foundation-spray-cu-efect-de-lunga-durata-ce-fixeaza-machiajul-spf-20-culoare-05n-light-27-ml\\\/\",\"name\":\"Dolce&Gabbana Flawless Everlast Foundation spray cu efect de lunga durata ce fixeaza machiajul SPF 20 culoare 05N LIGHT 27 ml - SHOPATOA.COM\",\"isPartOf\":{\"@id\":\"https:\\\/\\\/shopatoa.com\\\/ro\\\/#website\"},\"primaryImageOfPage\":{\"@id\":\"https:\\\/\\\/shopatoa.com\\\/ro\\\/dolcegabbana-flawless-everlast-foundation-spray-cu-efect-de-lunga-durata-ce-fixeaza-machiajul-spf-20-culoare-05n-light-27-ml\\\/#primaryimage\"},\"image\":{\"@id\":\"https:\\\/\\\/shopatoa.com\\\/ro\\\/dolcegabbana-flawless-everlast-foundation-spray-cu-efect-de-lunga-durata-ce-fixeaza-machiajul-spf-20-culoare-05n-light-27-ml\\\/#primaryimage\"},\"thumbnailUrl\":\"https:\\\/\\\/storage.googleapis.com\\\/cz-shopatoa-img\\\/ro\\\/ad92f347-unnamed-file.webp\",\"datePublished\":\"2025-06-16T21:01:00+00:00\",\"dateModified\":\"2025-12-14T08:44:54+00:00\",\"breadcrumb\":{\"@id\":\"https:\\\/\\\/shopatoa.com\\\/ro\\\/dolcegabbana-flawless-everlast-foundation-spray-cu-efect-de-lunga-durata-ce-fixeaza-machiajul-spf-20-culoare-05n-light-27-ml\\\/#breadcrumb\"},\"inLanguage\":\"ro-RO\",\"potentialAction\":[{\"@type\":\"ReadAction\",\"target\":[\"https:\\\/\\\/shopatoa.com\\\/ro\\\/dolcegabbana-flawless-everlast-foundation-spray-cu-efect-de-lunga-durata-ce-fixeaza-machiajul-spf-20-culoare-05n-light-27-ml\\\/\"]}]},{\"@type\":\"ImageObject\",\"inLanguage\":\"ro-RO\",\"@id\":\"https:\\\/\\\/shopatoa.com\\\/ro\\\/dolcegabbana-flawless-everlast-foundation-spray-cu-efect-de-lunga-durata-ce-fixeaza-machiajul-spf-20-culoare-05n-light-27-ml\\\/#primaryimage\",\"url\":\"https:\\\/\\\/storage.googleapis.com\\\/cz-shopatoa-img\\\/ro\\\/ad92f347-unnamed-file.webp\",\"contentUrl\":\"https:\\\/\\\/storage.googleapis.com\\\/cz-shopatoa-img\\\/ro\\\/ad92f347-unnamed-file.webp\",\"width\":800,\"height\":800},{\"@type\":\"BreadcrumbList\",\"@id\":\"https:\\\/\\\/shopatoa.com\\\/ro\\\/dolcegabbana-flawless-everlast-foundation-spray-cu-efect-de-lunga-durata-ce-fixeaza-machiajul-spf-20-culoare-05n-light-27-ml\\\/#breadcrumb\",\"itemListElement\":[{\"@type\":\"ListItem\",\"position\":1,\"name\":\"Dom\u016f\",\"item\":\"https:\\\/\\\/shopatoa.com\\\/ro\\\/\"},{\"@type\":\"ListItem\",\"position\":2,\"name\":\"Shop\",\"item\":\"https:\\\/\\\/shopatoa.com\\\/ro\\\/shop\\\/\"},{\"@type\":\"ListItem\",\"position\":3,\"name\":\"S\u0103n\u0103tate \u0219i frumuse\u021be\",\"item\":\"https:\\\/\\\/shopatoa.com\\\/ro\\\/sanatate-si-frumusete\\\/\"},{\"@type\":\"ListItem\",\"position\":4,\"name\":\"\u00cengrijire personal\u0103\",\"item\":\"https:\\\/\\\/shopatoa.com\\\/ro\\\/ingrijire-personala\\\/\"},{\"@type\":\"ListItem\",\"position\":5,\"name\":\"Cosmetice\",\"item\":\"https:\\\/\\\/shopatoa.com\\\/ro\\\/cosmetice-ingrijire-personala\\\/\"},{\"@type\":\"ListItem\",\"position\":6,\"name\":\"Machiaj\",\"item\":\"https:\\\/\\\/shopatoa.com\\\/ro\\\/machiaj\\\/\"},{\"@type\":\"ListItem\",\"position\":7,\"name\":\"Dolce&amp;Gabbana Flawless Everlast Foundation spray cu efect de lunga durata ce fixeaza machiajul SPF 20 culoare 05N LIGHT 27 ml\"}]},{\"@type\":\"WebSite\",\"@id\":\"https:\\\/\\\/shopatoa.com\\\/ro\\\/#website\",\"url\":\"https:\\\/\\\/shopatoa.com\\\/ro\\\/\",\"name\":\"SHOPATOA\",\"description\":\"\",\"publisher\":{\"@id\":\"https:\\\/\\\/shopatoa.com\\\/ro\\\/#organization\"},\"potentialAction\":[{\"@type\":\"SearchAction\",\"target\":{\"@type\":\"EntryPoint\",\"urlTemplate\":\"https:\\\/\\\/shopatoa.com\\\/ro\\\/?s={search_term_string}\"},\"query-input\":{\"@type\":\"PropertyValueSpecification\",\"valueRequired\":true,\"valueName\":\"search_term_string\"}}],\"inLanguage\":\"ro-RO\"},{\"@type\":\"Organization\",\"@id\":\"https:\\\/\\\/shopatoa.com\\\/ro\\\/#organization\",\"name\":\"SHOPATOA\",\"url\":\"https:\\\/\\\/shopatoa.com\\\/ro\\\/\",\"logo\":{\"@type\":\"ImageObject\",\"inLanguage\":\"ro-RO\",\"@id\":\"https:\\\/\\\/shopatoa.com\\\/ro\\\/#\\\/schema\\\/logo\\\/image\\\/\",\"url\":\"https:\\\/\\\/storage.googleapis.com\\\/cz-shopatoa-img\\\/ro\\\/b4dac915-shopatoa_logo.png\",\"contentUrl\":\"https:\\\/\\\/storage.googleapis.com\\\/cz-shopatoa-img\\\/ro\\\/b4dac915-shopatoa_logo.png\",\"width\":416,\"height\":63,\"caption\":\"SHOPATOA\"},\"image\":{\"@id\":\"https:\\\/\\\/shopatoa.com\\\/ro\\\/#\\\/schema\\\/logo\\\/image\\\/\"}}]}<\/script>\n<!-- \/ Yoast SEO plugin. -->","yoast_head_json":{"title":"Dolce&Gabbana Flawless Everlast Foundation spray cu efect de lunga durata ce fixeaza machiajul SPF 20 culoare 05N LIGHT 27 ml - SHOPATOA.COM","robots":{"index":"index","follow":"follow","max-snippet":"max-snippet:-1","max-image-preview":"max-image-preview:large","max-video-preview":"max-video-preview:-1"},"canonical":"https:\/\/shopatoa.com\/ro\/dolcegabbana-flawless-everlast-foundation-spray-cu-efect-de-lunga-durata-ce-fixeaza-machiajul-spf-20-culoare-05n-light-27-ml\/","og_locale":"ro_RO","og_type":"article","og_title":"Dolce&Gabbana Flawless Everlast Foundation spray cu efect de lunga durata ce fixeaza machiajul SPF 20 culoare 05N LIGHT 27 ml - SHOPATOA.COM","og_description":"Dolce&amp;Gabbana Flawless Everlast Foundation, 27 ml, Fond de ten pentru femei, Fondul de ten Dolce&amp;Gabbana Flawless uniformizeaz\u0103 nuan\u021ba pielii, acoperind micile imperfec\u021biuni. Caracteristici: efect de lung\u0103 durat\u0103 capacitate de acoperire excelent\u0103 uniformizeaz\u0103 nuan\u021ba tenului efect matifiant pentru ten simplu de aplicat poate fi stratificat ofer\u0103 protec\u021bie \u00eempotriva razelor solare nu astup\u0103 porii Cum se utilizeaz\u0103:...","og_url":"https:\/\/shopatoa.com\/ro\/dolcegabbana-flawless-everlast-foundation-spray-cu-efect-de-lunga-durata-ce-fixeaza-machiajul-spf-20-culoare-05n-light-27-ml\/","og_site_name":"SHOPATOA","article_modified_time":"2025-12-14T08:44:54+00:00","og_image":[{"width":800,"height":800,"url":"https:\/\/storage.googleapis.com\/cz-shopatoa-img\/ro\/ad92f347-unnamed-file.webp","type":"image\/webp"}],"twitter_card":"summary_large_image","schema":{"@context":"https:\/\/schema.org","@graph":[{"@type":"WebPage","@id":"https:\/\/shopatoa.com\/ro\/dolcegabbana-flawless-everlast-foundation-spray-cu-efect-de-lunga-durata-ce-fixeaza-machiajul-spf-20-culoare-05n-light-27-ml\/","url":"https:\/\/shopatoa.com\/ro\/dolcegabbana-flawless-everlast-foundation-spray-cu-efect-de-lunga-durata-ce-fixeaza-machiajul-spf-20-culoare-05n-light-27-ml\/","name":"Dolce&Gabbana Flawless Everlast Foundation spray cu efect de lunga durata ce fixeaza machiajul SPF 20 culoare 05N LIGHT 27 ml - SHOPATOA.COM","isPartOf":{"@id":"https:\/\/shopatoa.com\/ro\/#website"},"primaryImageOfPage":{"@id":"https:\/\/shopatoa.com\/ro\/dolcegabbana-flawless-everlast-foundation-spray-cu-efect-de-lunga-durata-ce-fixeaza-machiajul-spf-20-culoare-05n-light-27-ml\/#primaryimage"},"image":{"@id":"https:\/\/shopatoa.com\/ro\/dolcegabbana-flawless-everlast-foundation-spray-cu-efect-de-lunga-durata-ce-fixeaza-machiajul-spf-20-culoare-05n-light-27-ml\/#primaryimage"},"thumbnailUrl":"https:\/\/storage.googleapis.com\/cz-shopatoa-img\/ro\/ad92f347-unnamed-file.webp","datePublished":"2025-06-16T21:01:00+00:00","dateModified":"2025-12-14T08:44:54+00:00","breadcrumb":{"@id":"https:\/\/shopatoa.com\/ro\/dolcegabbana-flawless-everlast-foundation-spray-cu-efect-de-lunga-durata-ce-fixeaza-machiajul-spf-20-culoare-05n-light-27-ml\/#breadcrumb"},"inLanguage":"ro-RO","potentialAction":[{"@type":"ReadAction","target":["https:\/\/shopatoa.com\/ro\/dolcegabbana-flawless-everlast-foundation-spray-cu-efect-de-lunga-durata-ce-fixeaza-machiajul-spf-20-culoare-05n-light-27-ml\/"]}]},{"@type":"ImageObject","inLanguage":"ro-RO","@id":"https:\/\/shopatoa.com\/ro\/dolcegabbana-flawless-everlast-foundation-spray-cu-efect-de-lunga-durata-ce-fixeaza-machiajul-spf-20-culoare-05n-light-27-ml\/#primaryimage","url":"https:\/\/storage.googleapis.com\/cz-shopatoa-img\/ro\/ad92f347-unnamed-file.webp","contentUrl":"https:\/\/storage.googleapis.com\/cz-shopatoa-img\/ro\/ad92f347-unnamed-file.webp","width":800,"height":800},{"@type":"BreadcrumbList","@id":"https:\/\/shopatoa.com\/ro\/dolcegabbana-flawless-everlast-foundation-spray-cu-efect-de-lunga-durata-ce-fixeaza-machiajul-spf-20-culoare-05n-light-27-ml\/#breadcrumb","itemListElement":[{"@type":"ListItem","position":1,"name":"Dom\u016f","item":"https:\/\/shopatoa.com\/ro\/"},{"@type":"ListItem","position":2,"name":"Shop","item":"https:\/\/shopatoa.com\/ro\/shop\/"},{"@type":"ListItem","position":3,"name":"S\u0103n\u0103tate \u0219i frumuse\u021be","item":"https:\/\/shopatoa.com\/ro\/sanatate-si-frumusete\/"},{"@type":"ListItem","position":4,"name":"\u00cengrijire personal\u0103","item":"https:\/\/shopatoa.com\/ro\/ingrijire-personala\/"},{"@type":"ListItem","position":5,"name":"Cosmetice","item":"https:\/\/shopatoa.com\/ro\/cosmetice-ingrijire-personala\/"},{"@type":"ListItem","position":6,"name":"Machiaj","item":"https:\/\/shopatoa.com\/ro\/machiaj\/"},{"@type":"ListItem","position":7,"name":"Dolce&amp;Gabbana Flawless Everlast Foundation spray cu efect de lunga durata ce fixeaza machiajul SPF 20 culoare 05N LIGHT 27 ml"}]},{"@type":"WebSite","@id":"https:\/\/shopatoa.com\/ro\/#website","url":"https:\/\/shopatoa.com\/ro\/","name":"SHOPATOA","description":"","publisher":{"@id":"https:\/\/shopatoa.com\/ro\/#organization"},"potentialAction":[{"@type":"SearchAction","target":{"@type":"EntryPoint","urlTemplate":"https:\/\/shopatoa.com\/ro\/?s={search_term_string}"},"query-input":{"@type":"PropertyValueSpecification","valueRequired":true,"valueName":"search_term_string"}}],"inLanguage":"ro-RO"},{"@type":"Organization","@id":"https:\/\/shopatoa.com\/ro\/#organization","name":"SHOPATOA","url":"https:\/\/shopatoa.com\/ro\/","logo":{"@type":"ImageObject","inLanguage":"ro-RO","@id":"https:\/\/shopatoa.com\/ro\/#\/schema\/logo\/image\/","url":"https:\/\/storage.googleapis.com\/cz-shopatoa-img\/ro\/b4dac915-shopatoa_logo.png","contentUrl":"https:\/\/storage.googleapis.com\/cz-shopatoa-img\/ro\/b4dac915-shopatoa_logo.png","width":416,"height":63,"caption":"SHOPATOA"},"image":{"@id":"https:\/\/shopatoa.com\/ro\/#\/schema\/logo\/image\/"}}]}},"_links":{"self":[{"href":"https:\/\/shopatoa.com\/ro\/wp-json\/wp\/v2\/product\/390321","targetHints":{"allow":["GET"]}}],"collection":[{"href":"https:\/\/shopatoa.com\/ro\/wp-json\/wp\/v2\/product"}],"about":[{"href":"https:\/\/shopatoa.com\/ro\/wp-json\/wp\/v2\/types\/product"}],"replies":[{"embeddable":true,"href":"https:\/\/shopatoa.com\/ro\/wp-json\/wp\/v2\/comments?post=390321"}],"wp:featuredmedia":[{"embeddable":true,"href":"https:\/\/shopatoa.com\/ro\/wp-json\/wp\/v2\/media\/390322"}],"wp:attachment":[{"href":"https:\/\/shopatoa.com\/ro\/wp-json\/wp\/v2\/media?parent=390321"}],"wp:term":[{"taxonomy":"product_brand","embeddable":true,"href":"https:\/\/shopatoa.com\/ro\/wp-json\/wp\/v2\/product_brand?post=390321"},{"taxonomy":"product_cat","embeddable":true,"href":"https:\/\/shopatoa.com\/ro\/wp-json\/wp\/v2\/product_cat?post=390321"},{"taxonomy":"product_tag","embeddable":true,"href":"https:\/\/shopatoa.com\/ro\/wp-json\/wp\/v2\/product_tag?post=390321"}],"curies":[{"name":"wp","href":"https:\/\/api.w.org\/{rel}","templated":true}]}}