{"id":390549,"date":"2025-06-16T23:31:12","date_gmt":"2025-06-16T21:31:12","guid":{"rendered":"https:\/\/shopatoa.com\/ro\/astrid-beauty-elixir-set-set-cadou-antirid\/"},"modified":"2025-12-14T08:55:23","modified_gmt":"2025-12-14T07:55:23","slug":"astrid-beauty-elixir-set-set-cadou-antirid","status":"publish","type":"product","link":"https:\/\/shopatoa.com\/ro\/astrid-beauty-elixir-set-set-cadou-antirid\/","title":{"rendered":"Astrid Beauty Elixir Set set cadou antirid"},"content":{"rendered":"<p>Astrid Beauty Elixir Set, 1 buc, Demachiant pentru ochi pentru femei, Ocaziile speciale presupun cadouri speciale, fie c\u0103 dori\u021bi s\u0103 v\u0103 oferi\u021bi o bucurie dvs. sau celor dragi. Setul cadou Astrid Beauty Elixir Set include o combina\u021bie de parfumuri \u0219i produse cosmetice atent selec\u021bionate \u0219i asortate cu mult\u0103 dragoste, care vor aduce cu siguran\u021b\u0103 un z\u00e2mbet pe fa\u021b\u0103, fie dvs., fie celor dragi, indiferent dac\u0103 le ve\u021bi \u00eencerca pe toate deodat\u0103, sau dac\u0103 le ve\u021bi deschide treptat, pe parcursul lunii.  Setul con\u021bine:   Astrid Beauty Elixir crema de noapte hranitoare antirid 50 ml  Astrid Beauty Elixir crema de zi hidratanta antirid 50 ml  Astrid Aqua Biotic dou\u0103 faze pentru \u00eendep\u0103rtarea machiajului de pe ochi \u0219i buze 125 ml  Astrid geanta de cosmetice 1 buc  Caracteristici:  reduce ridurile \u0219i previne formarea acestora reface fermitatea pielii \u0219i are efect de lifting hr\u0103ne\u0219te \u00een profunzime hidrateaz\u0103 intens  Cum se utilizeaz\u0103: Se utilizeaz\u0103 dup\u0103 cum este necesar.<\/p>\n","protected":false},"excerpt":{"rendered":"<p>Astrid Beauty Elixir Set, 1 buc, Demachiant pentru ochi pentru femei, Ocaziile speciale presupun cadouri speciale, fie c\u0103 dori\u021bi s\u0103 v\u0103 oferi\u021bi o bucurie dvs. sau celor dragi. Setul cadou Astrid Beauty Elixir Set include o combina\u021bie de parfumuri \u0219i produse cosmetice atent selec\u021bionate \u0219i asortate cu mult\u0103 dragoste, care vor aduce cu siguran\u021b\u0103 un&#8230;<\/p>\n","protected":false},"featured_media":390550,"comment_status":"closed","ping_status":"open","template":"","meta":{"_acf_changed":false,"_kadence_starter_templates_imported_post":false,"_kad_post_transparent":"","_kad_post_title":"","_kad_post_layout":"","_kad_post_sidebar_id":"","_kad_post_content_style":"","_kad_post_vertical_padding":"","_kad_post_feature":"","_kad_post_feature_position":"","_kad_post_header":false,"_kad_post_footer":false,"_kad_post_classname":""},"product_brand":[2275],"product_cat":[1564,1563,1565,1562],"product_tag":[],"class_list":{"0":"post-390549","1":"product","2":"type-product","3":"status-publish","4":"has-post-thumbnail","6":"product_brand-astrid","7":"product_cat-cosmetice-ingrijire-personala","8":"product_cat-ingrijire-personala","9":"product_cat-ingrijirea-pielii","10":"product_cat-sanatate-si-frumusete","11":"pa_gen-female","12":"pa_marime-1-buc","14":"first","15":"instock","16":"sale","17":"product-type-external","18":"entry","19":"content-bg","20":"loop-entry"},"acf":[],"yoast_head":"<!-- This site is optimized with the Yoast SEO plugin v27.4 - https:\/\/yoast.com\/product\/yoast-seo-wordpress\/ -->\n<title>Astrid Beauty Elixir Set set cadou antirid - SHOPATOA.COM<\/title>\n<meta name=\"robots\" content=\"index, follow, max-snippet:-1, max-image-preview:large, max-video-preview:-1\" \/>\n<link rel=\"canonical\" href=\"https:\/\/shopatoa.com\/ro\/astrid-beauty-elixir-set-set-cadou-antirid\/\" \/>\n<meta property=\"og:locale\" content=\"ro_RO\" \/>\n<meta property=\"og:type\" content=\"article\" \/>\n<meta property=\"og:title\" content=\"Astrid Beauty Elixir Set set cadou antirid - SHOPATOA.COM\" \/>\n<meta property=\"og:description\" content=\"Astrid Beauty Elixir Set, 1 buc, Demachiant pentru ochi pentru femei, Ocaziile speciale presupun cadouri speciale, fie c\u0103 dori\u021bi s\u0103 v\u0103 oferi\u021bi o bucurie dvs. sau celor dragi. Setul cadou Astrid Beauty Elixir Set include o combina\u021bie de parfumuri \u0219i produse cosmetice atent selec\u021bionate \u0219i asortate cu mult\u0103 dragoste, care vor aduce cu siguran\u021b\u0103 un...\" \/>\n<meta property=\"og:url\" content=\"https:\/\/shopatoa.com\/ro\/astrid-beauty-elixir-set-set-cadou-antirid\/\" \/>\n<meta property=\"og:site_name\" content=\"SHOPATOA\" \/>\n<meta property=\"article:modified_time\" content=\"2025-12-14T07:55:23+00:00\" \/>\n<meta property=\"og:image\" content=\"https:\/\/storage.googleapis.com\/cz-shopatoa-img\/ro\/7ca4c6ee-unnamed-file.webp\" \/>\n\t<meta property=\"og:image:width\" content=\"800\" \/>\n\t<meta property=\"og:image:height\" content=\"800\" \/>\n\t<meta property=\"og:image:type\" content=\"image\/webp\" \/>\n<meta name=\"twitter:card\" content=\"summary_large_image\" \/>\n<meta name=\"twitter:label1\" content=\"Timp estimat pentru citire\" \/>\n\t<meta name=\"twitter:data1\" content=\"1 minut\" \/>\n<script type=\"application\/ld+json\" class=\"yoast-schema-graph\">{\"@context\":\"https:\\\/\\\/schema.org\",\"@graph\":[{\"@type\":\"WebPage\",\"@id\":\"https:\\\/\\\/shopatoa.com\\\/ro\\\/astrid-beauty-elixir-set-set-cadou-antirid\\\/\",\"url\":\"https:\\\/\\\/shopatoa.com\\\/ro\\\/astrid-beauty-elixir-set-set-cadou-antirid\\\/\",\"name\":\"Astrid Beauty Elixir Set set cadou antirid - SHOPATOA.COM\",\"isPartOf\":{\"@id\":\"https:\\\/\\\/shopatoa.com\\\/ro\\\/#website\"},\"primaryImageOfPage\":{\"@id\":\"https:\\\/\\\/shopatoa.com\\\/ro\\\/astrid-beauty-elixir-set-set-cadou-antirid\\\/#primaryimage\"},\"image\":{\"@id\":\"https:\\\/\\\/shopatoa.com\\\/ro\\\/astrid-beauty-elixir-set-set-cadou-antirid\\\/#primaryimage\"},\"thumbnailUrl\":\"https:\\\/\\\/storage.googleapis.com\\\/cz-shopatoa-img\\\/ro\\\/7ca4c6ee-unnamed-file.webp\",\"datePublished\":\"2025-06-16T21:31:12+00:00\",\"dateModified\":\"2025-12-14T07:55:23+00:00\",\"breadcrumb\":{\"@id\":\"https:\\\/\\\/shopatoa.com\\\/ro\\\/astrid-beauty-elixir-set-set-cadou-antirid\\\/#breadcrumb\"},\"inLanguage\":\"ro-RO\",\"potentialAction\":[{\"@type\":\"ReadAction\",\"target\":[\"https:\\\/\\\/shopatoa.com\\\/ro\\\/astrid-beauty-elixir-set-set-cadou-antirid\\\/\"]}]},{\"@type\":\"ImageObject\",\"inLanguage\":\"ro-RO\",\"@id\":\"https:\\\/\\\/shopatoa.com\\\/ro\\\/astrid-beauty-elixir-set-set-cadou-antirid\\\/#primaryimage\",\"url\":\"https:\\\/\\\/storage.googleapis.com\\\/cz-shopatoa-img\\\/ro\\\/7ca4c6ee-unnamed-file.webp\",\"contentUrl\":\"https:\\\/\\\/storage.googleapis.com\\\/cz-shopatoa-img\\\/ro\\\/7ca4c6ee-unnamed-file.webp\",\"width\":800,\"height\":800},{\"@type\":\"BreadcrumbList\",\"@id\":\"https:\\\/\\\/shopatoa.com\\\/ro\\\/astrid-beauty-elixir-set-set-cadou-antirid\\\/#breadcrumb\",\"itemListElement\":[{\"@type\":\"ListItem\",\"position\":1,\"name\":\"Dom\u016f\",\"item\":\"https:\\\/\\\/shopatoa.com\\\/ro\\\/\"},{\"@type\":\"ListItem\",\"position\":2,\"name\":\"Shop\",\"item\":\"https:\\\/\\\/shopatoa.com\\\/ro\\\/shop\\\/\"},{\"@type\":\"ListItem\",\"position\":3,\"name\":\"S\u0103n\u0103tate \u0219i frumuse\u021be\",\"item\":\"https:\\\/\\\/shopatoa.com\\\/ro\\\/sanatate-si-frumusete\\\/\"},{\"@type\":\"ListItem\",\"position\":4,\"name\":\"\u00cengrijire personal\u0103\",\"item\":\"https:\\\/\\\/shopatoa.com\\\/ro\\\/ingrijire-personala\\\/\"},{\"@type\":\"ListItem\",\"position\":5,\"name\":\"Cosmetice\",\"item\":\"https:\\\/\\\/shopatoa.com\\\/ro\\\/cosmetice-ingrijire-personala\\\/\"},{\"@type\":\"ListItem\",\"position\":6,\"name\":\"\u00cengrijirea pielii\",\"item\":\"https:\\\/\\\/shopatoa.com\\\/ro\\\/ingrijirea-pielii\\\/\"},{\"@type\":\"ListItem\",\"position\":7,\"name\":\"Astrid Beauty Elixir Set set cadou antirid\"}]},{\"@type\":\"WebSite\",\"@id\":\"https:\\\/\\\/shopatoa.com\\\/ro\\\/#website\",\"url\":\"https:\\\/\\\/shopatoa.com\\\/ro\\\/\",\"name\":\"SHOPATOA\",\"description\":\"\",\"publisher\":{\"@id\":\"https:\\\/\\\/shopatoa.com\\\/ro\\\/#organization\"},\"potentialAction\":[{\"@type\":\"SearchAction\",\"target\":{\"@type\":\"EntryPoint\",\"urlTemplate\":\"https:\\\/\\\/shopatoa.com\\\/ro\\\/?s={search_term_string}\"},\"query-input\":{\"@type\":\"PropertyValueSpecification\",\"valueRequired\":true,\"valueName\":\"search_term_string\"}}],\"inLanguage\":\"ro-RO\"},{\"@type\":\"Organization\",\"@id\":\"https:\\\/\\\/shopatoa.com\\\/ro\\\/#organization\",\"name\":\"SHOPATOA\",\"url\":\"https:\\\/\\\/shopatoa.com\\\/ro\\\/\",\"logo\":{\"@type\":\"ImageObject\",\"inLanguage\":\"ro-RO\",\"@id\":\"https:\\\/\\\/shopatoa.com\\\/ro\\\/#\\\/schema\\\/logo\\\/image\\\/\",\"url\":\"https:\\\/\\\/storage.googleapis.com\\\/cz-shopatoa-img\\\/ro\\\/b4dac915-shopatoa_logo.png\",\"contentUrl\":\"https:\\\/\\\/storage.googleapis.com\\\/cz-shopatoa-img\\\/ro\\\/b4dac915-shopatoa_logo.png\",\"width\":416,\"height\":63,\"caption\":\"SHOPATOA\"},\"image\":{\"@id\":\"https:\\\/\\\/shopatoa.com\\\/ro\\\/#\\\/schema\\\/logo\\\/image\\\/\"}}]}<\/script>\n<!-- \/ Yoast SEO plugin. -->","yoast_head_json":{"title":"Astrid Beauty Elixir Set set cadou antirid - SHOPATOA.COM","robots":{"index":"index","follow":"follow","max-snippet":"max-snippet:-1","max-image-preview":"max-image-preview:large","max-video-preview":"max-video-preview:-1"},"canonical":"https:\/\/shopatoa.com\/ro\/astrid-beauty-elixir-set-set-cadou-antirid\/","og_locale":"ro_RO","og_type":"article","og_title":"Astrid Beauty Elixir Set set cadou antirid - SHOPATOA.COM","og_description":"Astrid Beauty Elixir Set, 1 buc, Demachiant pentru ochi pentru femei, Ocaziile speciale presupun cadouri speciale, fie c\u0103 dori\u021bi s\u0103 v\u0103 oferi\u021bi o bucurie dvs. sau celor dragi. Setul cadou Astrid Beauty Elixir Set include o combina\u021bie de parfumuri \u0219i produse cosmetice atent selec\u021bionate \u0219i asortate cu mult\u0103 dragoste, care vor aduce cu siguran\u021b\u0103 un...","og_url":"https:\/\/shopatoa.com\/ro\/astrid-beauty-elixir-set-set-cadou-antirid\/","og_site_name":"SHOPATOA","article_modified_time":"2025-12-14T07:55:23+00:00","og_image":[{"width":800,"height":800,"url":"https:\/\/storage.googleapis.com\/cz-shopatoa-img\/ro\/7ca4c6ee-unnamed-file.webp","type":"image\/webp"}],"twitter_card":"summary_large_image","twitter_misc":{"Timp estimat pentru citire":"1 minut"},"schema":{"@context":"https:\/\/schema.org","@graph":[{"@type":"WebPage","@id":"https:\/\/shopatoa.com\/ro\/astrid-beauty-elixir-set-set-cadou-antirid\/","url":"https:\/\/shopatoa.com\/ro\/astrid-beauty-elixir-set-set-cadou-antirid\/","name":"Astrid Beauty Elixir Set set cadou antirid - SHOPATOA.COM","isPartOf":{"@id":"https:\/\/shopatoa.com\/ro\/#website"},"primaryImageOfPage":{"@id":"https:\/\/shopatoa.com\/ro\/astrid-beauty-elixir-set-set-cadou-antirid\/#primaryimage"},"image":{"@id":"https:\/\/shopatoa.com\/ro\/astrid-beauty-elixir-set-set-cadou-antirid\/#primaryimage"},"thumbnailUrl":"https:\/\/storage.googleapis.com\/cz-shopatoa-img\/ro\/7ca4c6ee-unnamed-file.webp","datePublished":"2025-06-16T21:31:12+00:00","dateModified":"2025-12-14T07:55:23+00:00","breadcrumb":{"@id":"https:\/\/shopatoa.com\/ro\/astrid-beauty-elixir-set-set-cadou-antirid\/#breadcrumb"},"inLanguage":"ro-RO","potentialAction":[{"@type":"ReadAction","target":["https:\/\/shopatoa.com\/ro\/astrid-beauty-elixir-set-set-cadou-antirid\/"]}]},{"@type":"ImageObject","inLanguage":"ro-RO","@id":"https:\/\/shopatoa.com\/ro\/astrid-beauty-elixir-set-set-cadou-antirid\/#primaryimage","url":"https:\/\/storage.googleapis.com\/cz-shopatoa-img\/ro\/7ca4c6ee-unnamed-file.webp","contentUrl":"https:\/\/storage.googleapis.com\/cz-shopatoa-img\/ro\/7ca4c6ee-unnamed-file.webp","width":800,"height":800},{"@type":"BreadcrumbList","@id":"https:\/\/shopatoa.com\/ro\/astrid-beauty-elixir-set-set-cadou-antirid\/#breadcrumb","itemListElement":[{"@type":"ListItem","position":1,"name":"Dom\u016f","item":"https:\/\/shopatoa.com\/ro\/"},{"@type":"ListItem","position":2,"name":"Shop","item":"https:\/\/shopatoa.com\/ro\/shop\/"},{"@type":"ListItem","position":3,"name":"S\u0103n\u0103tate \u0219i frumuse\u021be","item":"https:\/\/shopatoa.com\/ro\/sanatate-si-frumusete\/"},{"@type":"ListItem","position":4,"name":"\u00cengrijire personal\u0103","item":"https:\/\/shopatoa.com\/ro\/ingrijire-personala\/"},{"@type":"ListItem","position":5,"name":"Cosmetice","item":"https:\/\/shopatoa.com\/ro\/cosmetice-ingrijire-personala\/"},{"@type":"ListItem","position":6,"name":"\u00cengrijirea pielii","item":"https:\/\/shopatoa.com\/ro\/ingrijirea-pielii\/"},{"@type":"ListItem","position":7,"name":"Astrid Beauty Elixir Set set cadou antirid"}]},{"@type":"WebSite","@id":"https:\/\/shopatoa.com\/ro\/#website","url":"https:\/\/shopatoa.com\/ro\/","name":"SHOPATOA","description":"","publisher":{"@id":"https:\/\/shopatoa.com\/ro\/#organization"},"potentialAction":[{"@type":"SearchAction","target":{"@type":"EntryPoint","urlTemplate":"https:\/\/shopatoa.com\/ro\/?s={search_term_string}"},"query-input":{"@type":"PropertyValueSpecification","valueRequired":true,"valueName":"search_term_string"}}],"inLanguage":"ro-RO"},{"@type":"Organization","@id":"https:\/\/shopatoa.com\/ro\/#organization","name":"SHOPATOA","url":"https:\/\/shopatoa.com\/ro\/","logo":{"@type":"ImageObject","inLanguage":"ro-RO","@id":"https:\/\/shopatoa.com\/ro\/#\/schema\/logo\/image\/","url":"https:\/\/storage.googleapis.com\/cz-shopatoa-img\/ro\/b4dac915-shopatoa_logo.png","contentUrl":"https:\/\/storage.googleapis.com\/cz-shopatoa-img\/ro\/b4dac915-shopatoa_logo.png","width":416,"height":63,"caption":"SHOPATOA"},"image":{"@id":"https:\/\/shopatoa.com\/ro\/#\/schema\/logo\/image\/"}}]}},"_links":{"self":[{"href":"https:\/\/shopatoa.com\/ro\/wp-json\/wp\/v2\/product\/390549","targetHints":{"allow":["GET"]}}],"collection":[{"href":"https:\/\/shopatoa.com\/ro\/wp-json\/wp\/v2\/product"}],"about":[{"href":"https:\/\/shopatoa.com\/ro\/wp-json\/wp\/v2\/types\/product"}],"replies":[{"embeddable":true,"href":"https:\/\/shopatoa.com\/ro\/wp-json\/wp\/v2\/comments?post=390549"}],"wp:featuredmedia":[{"embeddable":true,"href":"https:\/\/shopatoa.com\/ro\/wp-json\/wp\/v2\/media\/390550"}],"wp:attachment":[{"href":"https:\/\/shopatoa.com\/ro\/wp-json\/wp\/v2\/media?parent=390549"}],"wp:term":[{"taxonomy":"product_brand","embeddable":true,"href":"https:\/\/shopatoa.com\/ro\/wp-json\/wp\/v2\/product_brand?post=390549"},{"taxonomy":"product_cat","embeddable":true,"href":"https:\/\/shopatoa.com\/ro\/wp-json\/wp\/v2\/product_cat?post=390549"},{"taxonomy":"product_tag","embeddable":true,"href":"https:\/\/shopatoa.com\/ro\/wp-json\/wp\/v2\/product_tag?post=390549"}],"curies":[{"name":"wp","href":"https:\/\/api.w.org\/{rel}","templated":true}]}}