{"id":390793,"date":"2025-06-16T23:53:49","date_gmt":"2025-06-16T21:53:49","guid":{"rendered":"https:\/\/shopatoa.com\/ro\/institut-esthederm-intensive-propolis-lotion-serum-tonic-reglator-al-sebumului-ce-minimizeaza-porii-cu-zinc-130-ml\/"},"modified":"2025-12-14T07:44:37","modified_gmt":"2025-12-14T06:44:37","slug":"institut-esthederm-intensive-propolis-lotion-serum-tonic-reglator-al-sebumului-ce-minimizeaza-porii-cu-zinc-130-ml","status":"publish","type":"product","link":"https:\/\/shopatoa.com\/ro\/institut-esthederm-intensive-propolis-lotion-serum-tonic-reglator-al-sebumului-ce-minimizeaza-porii-cu-zinc-130-ml\/","title":{"rendered":"Institut Esthederm Intensive Propolis+ Lotion-Serum tonic reglator al sebumului ce minimizeaza porii cu zinc 130 ml"},"content":{"rendered":"<p>Institut Esthederm Intensive Propolis+ Lotion-Serum, 130 ml, Cur\u0103\u021barea pielii pentru femei, Tranzi\u021bia dintre cur\u0103\u021bare \u0219i rutina ulterioar\u0103 de \u00eengrijire a tenului este la fel de important\u0103 ca \u0219i procesul de cur\u0103\u021bare \u00een sine. Tonicul facial Institut Esthederm Intensive Propolis+ Lotion-Serum \u00eembog\u0103\u021be\u0219te \u00eentreaga rutin\u0103 de cur\u0103\u021bare a tenului, conect\u00e2nd perfect etapele individuale ale acestor procese. Acesta se va ocupa de procesul de dup\u0103 cur\u0103\u021barea tenului, \u00eendep\u0103rt\u00e2nd reziduurile de machiaj, impurit\u0103\u021bile \u0219i produsele de cur\u0103\u021bare, \u00een timp ce tonifiaz\u0103 delicat tenul. \u00cel l\u0103sa perfect cur\u0103\u021bat \u0219i preg\u0103tit pentru \u00eengrijirea ulterioar\u0103, dar \u0219i revigorat, calmat \u0219i echilibrat.  Caracteristici:  debaraseaz\u0103 pielea de impurit\u0103\u021bi \u0219i de gr\u0103sime regleaz\u0103 produc\u021bia de sebum amelioreaz\u0103 simptomele acneei calmeaz\u0103 instantaneu pielea regenereaz\u0103 tenul  Ingrediente:  propolis \u2013 amestec de substan\u021be produse de albine, datorit\u0103 polifenolilor are efecte antioxidante, hr\u0103ne\u0219te, calmeaz\u0103, favorizeaz\u0103 regenerarea mai rapid\u0103, are efecte de cur\u0103\u021bare, ajut\u0103 la combaterea acneei \u0219i a altor probleme cutanate zinc \u2013 men\u021bine sebumul \u00een echilibru, calmeaz\u0103 \u0219i reduce ro\u0219ea\u021ba, are efecte de cur\u0103\u021bare, ajut\u0103 la combaterea acneei, favorizeaz\u0103 minimizarea porilor  Cum se utilizeaz\u0103: Se aplic\u0103 pe un tampon cosmetic \u0219i se trateaz\u0103 pielea, cu mi\u0219c\u0103ri circulare.<\/p>\n","protected":false},"excerpt":{"rendered":"<p>Institut Esthederm Intensive Propolis+ Lotion-Serum, 130 ml, Cur\u0103\u021barea pielii pentru femei, Tranzi\u021bia dintre cur\u0103\u021bare \u0219i rutina ulterioar\u0103 de \u00eengrijire a tenului este la fel de important\u0103 ca \u0219i procesul de cur\u0103\u021bare \u00een sine. Tonicul facial Institut Esthederm Intensive Propolis+ Lotion-Serum \u00eembog\u0103\u021be\u0219te \u00eentreaga rutin\u0103 de cur\u0103\u021bare a tenului, conect\u00e2nd perfect etapele individuale ale acestor procese. Acesta&#8230;<\/p>\n","protected":false},"featured_media":390794,"comment_status":"closed","ping_status":"open","template":"","meta":{"_acf_changed":false,"_kadence_starter_templates_imported_post":false,"_kad_post_transparent":"","_kad_post_title":"","_kad_post_layout":"","_kad_post_sidebar_id":"","_kad_post_content_style":"","_kad_post_vertical_padding":"","_kad_post_feature":"","_kad_post_feature_position":"","_kad_post_header":false,"_kad_post_footer":false,"_kad_post_classname":""},"product_brand":[442],"product_cat":[1564,1563,1565,1562],"product_tag":[],"class_list":{"0":"post-390793","1":"product","2":"type-product","3":"status-publish","4":"has-post-thumbnail","6":"product_brand-institut-esthederm","7":"product_cat-cosmetice-ingrijire-personala","8":"product_cat-ingrijire-personala","9":"product_cat-ingrijirea-pielii","10":"product_cat-sanatate-si-frumusete","11":"pa_gen-female","12":"pa_marime-130-ml","14":"first","15":"instock","16":"sale","17":"product-type-external","18":"entry","19":"content-bg","20":"loop-entry"},"acf":[],"yoast_head":"<!-- This site is optimized with the Yoast SEO plugin v27.4 - https:\/\/yoast.com\/product\/yoast-seo-wordpress\/ -->\n<title>Institut Esthederm Intensive Propolis+ Lotion-Serum tonic reglator al sebumului ce minimizeaza porii cu zinc 130 ml - SHOPATOA.COM<\/title>\n<meta name=\"robots\" content=\"index, follow, max-snippet:-1, max-image-preview:large, max-video-preview:-1\" \/>\n<link rel=\"canonical\" href=\"https:\/\/shopatoa.com\/ro\/institut-esthederm-intensive-propolis-lotion-serum-tonic-reglator-al-sebumului-ce-minimizeaza-porii-cu-zinc-130-ml\/\" \/>\n<meta property=\"og:locale\" content=\"ro_RO\" \/>\n<meta property=\"og:type\" content=\"article\" \/>\n<meta property=\"og:title\" content=\"Institut Esthederm Intensive Propolis+ Lotion-Serum tonic reglator al sebumului ce minimizeaza porii cu zinc 130 ml - SHOPATOA.COM\" \/>\n<meta property=\"og:description\" content=\"Institut Esthederm Intensive Propolis+ Lotion-Serum, 130 ml, Cur\u0103\u021barea pielii pentru femei, Tranzi\u021bia dintre cur\u0103\u021bare \u0219i rutina ulterioar\u0103 de \u00eengrijire a tenului este la fel de important\u0103 ca \u0219i procesul de cur\u0103\u021bare \u00een sine. Tonicul facial Institut Esthederm Intensive Propolis+ Lotion-Serum \u00eembog\u0103\u021be\u0219te \u00eentreaga rutin\u0103 de cur\u0103\u021bare a tenului, conect\u00e2nd perfect etapele individuale ale acestor procese. Acesta...\" \/>\n<meta property=\"og:url\" content=\"https:\/\/shopatoa.com\/ro\/institut-esthederm-intensive-propolis-lotion-serum-tonic-reglator-al-sebumului-ce-minimizeaza-porii-cu-zinc-130-ml\/\" \/>\n<meta property=\"og:site_name\" content=\"SHOPATOA\" \/>\n<meta property=\"article:modified_time\" content=\"2025-12-14T06:44:37+00:00\" \/>\n<meta property=\"og:image\" content=\"https:\/\/storage.googleapis.com\/cz-shopatoa-img\/ro\/34041253-unnamed-file.webp\" \/>\n\t<meta property=\"og:image:width\" content=\"800\" \/>\n\t<meta property=\"og:image:height\" content=\"800\" \/>\n\t<meta property=\"og:image:type\" content=\"image\/webp\" \/>\n<meta name=\"twitter:card\" content=\"summary_large_image\" \/>\n<meta name=\"twitter:label1\" content=\"Timp estimat pentru citire\" \/>\n\t<meta name=\"twitter:data1\" content=\"1 minut\" \/>\n<script type=\"application\/ld+json\" class=\"yoast-schema-graph\">{\"@context\":\"https:\\\/\\\/schema.org\",\"@graph\":[{\"@type\":\"WebPage\",\"@id\":\"https:\\\/\\\/shopatoa.com\\\/ro\\\/institut-esthederm-intensive-propolis-lotion-serum-tonic-reglator-al-sebumului-ce-minimizeaza-porii-cu-zinc-130-ml\\\/\",\"url\":\"https:\\\/\\\/shopatoa.com\\\/ro\\\/institut-esthederm-intensive-propolis-lotion-serum-tonic-reglator-al-sebumului-ce-minimizeaza-porii-cu-zinc-130-ml\\\/\",\"name\":\"Institut Esthederm Intensive Propolis+ Lotion-Serum tonic reglator al sebumului ce minimizeaza porii cu zinc 130 ml - SHOPATOA.COM\",\"isPartOf\":{\"@id\":\"https:\\\/\\\/shopatoa.com\\\/ro\\\/#website\"},\"primaryImageOfPage\":{\"@id\":\"https:\\\/\\\/shopatoa.com\\\/ro\\\/institut-esthederm-intensive-propolis-lotion-serum-tonic-reglator-al-sebumului-ce-minimizeaza-porii-cu-zinc-130-ml\\\/#primaryimage\"},\"image\":{\"@id\":\"https:\\\/\\\/shopatoa.com\\\/ro\\\/institut-esthederm-intensive-propolis-lotion-serum-tonic-reglator-al-sebumului-ce-minimizeaza-porii-cu-zinc-130-ml\\\/#primaryimage\"},\"thumbnailUrl\":\"https:\\\/\\\/storage.googleapis.com\\\/cz-shopatoa-img\\\/ro\\\/34041253-unnamed-file.webp\",\"datePublished\":\"2025-06-16T21:53:49+00:00\",\"dateModified\":\"2025-12-14T06:44:37+00:00\",\"breadcrumb\":{\"@id\":\"https:\\\/\\\/shopatoa.com\\\/ro\\\/institut-esthederm-intensive-propolis-lotion-serum-tonic-reglator-al-sebumului-ce-minimizeaza-porii-cu-zinc-130-ml\\\/#breadcrumb\"},\"inLanguage\":\"ro-RO\",\"potentialAction\":[{\"@type\":\"ReadAction\",\"target\":[\"https:\\\/\\\/shopatoa.com\\\/ro\\\/institut-esthederm-intensive-propolis-lotion-serum-tonic-reglator-al-sebumului-ce-minimizeaza-porii-cu-zinc-130-ml\\\/\"]}]},{\"@type\":\"ImageObject\",\"inLanguage\":\"ro-RO\",\"@id\":\"https:\\\/\\\/shopatoa.com\\\/ro\\\/institut-esthederm-intensive-propolis-lotion-serum-tonic-reglator-al-sebumului-ce-minimizeaza-porii-cu-zinc-130-ml\\\/#primaryimage\",\"url\":\"https:\\\/\\\/storage.googleapis.com\\\/cz-shopatoa-img\\\/ro\\\/34041253-unnamed-file.webp\",\"contentUrl\":\"https:\\\/\\\/storage.googleapis.com\\\/cz-shopatoa-img\\\/ro\\\/34041253-unnamed-file.webp\",\"width\":800,\"height\":800},{\"@type\":\"BreadcrumbList\",\"@id\":\"https:\\\/\\\/shopatoa.com\\\/ro\\\/institut-esthederm-intensive-propolis-lotion-serum-tonic-reglator-al-sebumului-ce-minimizeaza-porii-cu-zinc-130-ml\\\/#breadcrumb\",\"itemListElement\":[{\"@type\":\"ListItem\",\"position\":1,\"name\":\"Dom\u016f\",\"item\":\"https:\\\/\\\/shopatoa.com\\\/ro\\\/\"},{\"@type\":\"ListItem\",\"position\":2,\"name\":\"Shop\",\"item\":\"https:\\\/\\\/shopatoa.com\\\/ro\\\/shop\\\/\"},{\"@type\":\"ListItem\",\"position\":3,\"name\":\"S\u0103n\u0103tate \u0219i frumuse\u021be\",\"item\":\"https:\\\/\\\/shopatoa.com\\\/ro\\\/sanatate-si-frumusete\\\/\"},{\"@type\":\"ListItem\",\"position\":4,\"name\":\"\u00cengrijire personal\u0103\",\"item\":\"https:\\\/\\\/shopatoa.com\\\/ro\\\/ingrijire-personala\\\/\"},{\"@type\":\"ListItem\",\"position\":5,\"name\":\"Cosmetice\",\"item\":\"https:\\\/\\\/shopatoa.com\\\/ro\\\/cosmetice-ingrijire-personala\\\/\"},{\"@type\":\"ListItem\",\"position\":6,\"name\":\"\u00cengrijirea pielii\",\"item\":\"https:\\\/\\\/shopatoa.com\\\/ro\\\/ingrijirea-pielii\\\/\"},{\"@type\":\"ListItem\",\"position\":7,\"name\":\"Institut Esthederm Intensive Propolis+ Lotion-Serum tonic reglator al sebumului ce minimizeaza porii cu zinc 130 ml\"}]},{\"@type\":\"WebSite\",\"@id\":\"https:\\\/\\\/shopatoa.com\\\/ro\\\/#website\",\"url\":\"https:\\\/\\\/shopatoa.com\\\/ro\\\/\",\"name\":\"SHOPATOA\",\"description\":\"\",\"publisher\":{\"@id\":\"https:\\\/\\\/shopatoa.com\\\/ro\\\/#organization\"},\"potentialAction\":[{\"@type\":\"SearchAction\",\"target\":{\"@type\":\"EntryPoint\",\"urlTemplate\":\"https:\\\/\\\/shopatoa.com\\\/ro\\\/?s={search_term_string}\"},\"query-input\":{\"@type\":\"PropertyValueSpecification\",\"valueRequired\":true,\"valueName\":\"search_term_string\"}}],\"inLanguage\":\"ro-RO\"},{\"@type\":\"Organization\",\"@id\":\"https:\\\/\\\/shopatoa.com\\\/ro\\\/#organization\",\"name\":\"SHOPATOA\",\"url\":\"https:\\\/\\\/shopatoa.com\\\/ro\\\/\",\"logo\":{\"@type\":\"ImageObject\",\"inLanguage\":\"ro-RO\",\"@id\":\"https:\\\/\\\/shopatoa.com\\\/ro\\\/#\\\/schema\\\/logo\\\/image\\\/\",\"url\":\"https:\\\/\\\/storage.googleapis.com\\\/cz-shopatoa-img\\\/ro\\\/b4dac915-shopatoa_logo.png\",\"contentUrl\":\"https:\\\/\\\/storage.googleapis.com\\\/cz-shopatoa-img\\\/ro\\\/b4dac915-shopatoa_logo.png\",\"width\":416,\"height\":63,\"caption\":\"SHOPATOA\"},\"image\":{\"@id\":\"https:\\\/\\\/shopatoa.com\\\/ro\\\/#\\\/schema\\\/logo\\\/image\\\/\"}}]}<\/script>\n<!-- \/ Yoast SEO plugin. -->","yoast_head_json":{"title":"Institut Esthederm Intensive Propolis+ Lotion-Serum tonic reglator al sebumului ce minimizeaza porii cu zinc 130 ml - SHOPATOA.COM","robots":{"index":"index","follow":"follow","max-snippet":"max-snippet:-1","max-image-preview":"max-image-preview:large","max-video-preview":"max-video-preview:-1"},"canonical":"https:\/\/shopatoa.com\/ro\/institut-esthederm-intensive-propolis-lotion-serum-tonic-reglator-al-sebumului-ce-minimizeaza-porii-cu-zinc-130-ml\/","og_locale":"ro_RO","og_type":"article","og_title":"Institut Esthederm Intensive Propolis+ Lotion-Serum tonic reglator al sebumului ce minimizeaza porii cu zinc 130 ml - SHOPATOA.COM","og_description":"Institut Esthederm Intensive Propolis+ Lotion-Serum, 130 ml, Cur\u0103\u021barea pielii pentru femei, Tranzi\u021bia dintre cur\u0103\u021bare \u0219i rutina ulterioar\u0103 de \u00eengrijire a tenului este la fel de important\u0103 ca \u0219i procesul de cur\u0103\u021bare \u00een sine. Tonicul facial Institut Esthederm Intensive Propolis+ Lotion-Serum \u00eembog\u0103\u021be\u0219te \u00eentreaga rutin\u0103 de cur\u0103\u021bare a tenului, conect\u00e2nd perfect etapele individuale ale acestor procese. Acesta...","og_url":"https:\/\/shopatoa.com\/ro\/institut-esthederm-intensive-propolis-lotion-serum-tonic-reglator-al-sebumului-ce-minimizeaza-porii-cu-zinc-130-ml\/","og_site_name":"SHOPATOA","article_modified_time":"2025-12-14T06:44:37+00:00","og_image":[{"width":800,"height":800,"url":"https:\/\/storage.googleapis.com\/cz-shopatoa-img\/ro\/34041253-unnamed-file.webp","type":"image\/webp"}],"twitter_card":"summary_large_image","twitter_misc":{"Timp estimat pentru citire":"1 minut"},"schema":{"@context":"https:\/\/schema.org","@graph":[{"@type":"WebPage","@id":"https:\/\/shopatoa.com\/ro\/institut-esthederm-intensive-propolis-lotion-serum-tonic-reglator-al-sebumului-ce-minimizeaza-porii-cu-zinc-130-ml\/","url":"https:\/\/shopatoa.com\/ro\/institut-esthederm-intensive-propolis-lotion-serum-tonic-reglator-al-sebumului-ce-minimizeaza-porii-cu-zinc-130-ml\/","name":"Institut Esthederm Intensive Propolis+ Lotion-Serum tonic reglator al sebumului ce minimizeaza porii cu zinc 130 ml - SHOPATOA.COM","isPartOf":{"@id":"https:\/\/shopatoa.com\/ro\/#website"},"primaryImageOfPage":{"@id":"https:\/\/shopatoa.com\/ro\/institut-esthederm-intensive-propolis-lotion-serum-tonic-reglator-al-sebumului-ce-minimizeaza-porii-cu-zinc-130-ml\/#primaryimage"},"image":{"@id":"https:\/\/shopatoa.com\/ro\/institut-esthederm-intensive-propolis-lotion-serum-tonic-reglator-al-sebumului-ce-minimizeaza-porii-cu-zinc-130-ml\/#primaryimage"},"thumbnailUrl":"https:\/\/storage.googleapis.com\/cz-shopatoa-img\/ro\/34041253-unnamed-file.webp","datePublished":"2025-06-16T21:53:49+00:00","dateModified":"2025-12-14T06:44:37+00:00","breadcrumb":{"@id":"https:\/\/shopatoa.com\/ro\/institut-esthederm-intensive-propolis-lotion-serum-tonic-reglator-al-sebumului-ce-minimizeaza-porii-cu-zinc-130-ml\/#breadcrumb"},"inLanguage":"ro-RO","potentialAction":[{"@type":"ReadAction","target":["https:\/\/shopatoa.com\/ro\/institut-esthederm-intensive-propolis-lotion-serum-tonic-reglator-al-sebumului-ce-minimizeaza-porii-cu-zinc-130-ml\/"]}]},{"@type":"ImageObject","inLanguage":"ro-RO","@id":"https:\/\/shopatoa.com\/ro\/institut-esthederm-intensive-propolis-lotion-serum-tonic-reglator-al-sebumului-ce-minimizeaza-porii-cu-zinc-130-ml\/#primaryimage","url":"https:\/\/storage.googleapis.com\/cz-shopatoa-img\/ro\/34041253-unnamed-file.webp","contentUrl":"https:\/\/storage.googleapis.com\/cz-shopatoa-img\/ro\/34041253-unnamed-file.webp","width":800,"height":800},{"@type":"BreadcrumbList","@id":"https:\/\/shopatoa.com\/ro\/institut-esthederm-intensive-propolis-lotion-serum-tonic-reglator-al-sebumului-ce-minimizeaza-porii-cu-zinc-130-ml\/#breadcrumb","itemListElement":[{"@type":"ListItem","position":1,"name":"Dom\u016f","item":"https:\/\/shopatoa.com\/ro\/"},{"@type":"ListItem","position":2,"name":"Shop","item":"https:\/\/shopatoa.com\/ro\/shop\/"},{"@type":"ListItem","position":3,"name":"S\u0103n\u0103tate \u0219i frumuse\u021be","item":"https:\/\/shopatoa.com\/ro\/sanatate-si-frumusete\/"},{"@type":"ListItem","position":4,"name":"\u00cengrijire personal\u0103","item":"https:\/\/shopatoa.com\/ro\/ingrijire-personala\/"},{"@type":"ListItem","position":5,"name":"Cosmetice","item":"https:\/\/shopatoa.com\/ro\/cosmetice-ingrijire-personala\/"},{"@type":"ListItem","position":6,"name":"\u00cengrijirea pielii","item":"https:\/\/shopatoa.com\/ro\/ingrijirea-pielii\/"},{"@type":"ListItem","position":7,"name":"Institut Esthederm Intensive Propolis+ Lotion-Serum tonic reglator al sebumului ce minimizeaza porii cu zinc 130 ml"}]},{"@type":"WebSite","@id":"https:\/\/shopatoa.com\/ro\/#website","url":"https:\/\/shopatoa.com\/ro\/","name":"SHOPATOA","description":"","publisher":{"@id":"https:\/\/shopatoa.com\/ro\/#organization"},"potentialAction":[{"@type":"SearchAction","target":{"@type":"EntryPoint","urlTemplate":"https:\/\/shopatoa.com\/ro\/?s={search_term_string}"},"query-input":{"@type":"PropertyValueSpecification","valueRequired":true,"valueName":"search_term_string"}}],"inLanguage":"ro-RO"},{"@type":"Organization","@id":"https:\/\/shopatoa.com\/ro\/#organization","name":"SHOPATOA","url":"https:\/\/shopatoa.com\/ro\/","logo":{"@type":"ImageObject","inLanguage":"ro-RO","@id":"https:\/\/shopatoa.com\/ro\/#\/schema\/logo\/image\/","url":"https:\/\/storage.googleapis.com\/cz-shopatoa-img\/ro\/b4dac915-shopatoa_logo.png","contentUrl":"https:\/\/storage.googleapis.com\/cz-shopatoa-img\/ro\/b4dac915-shopatoa_logo.png","width":416,"height":63,"caption":"SHOPATOA"},"image":{"@id":"https:\/\/shopatoa.com\/ro\/#\/schema\/logo\/image\/"}}]}},"_links":{"self":[{"href":"https:\/\/shopatoa.com\/ro\/wp-json\/wp\/v2\/product\/390793","targetHints":{"allow":["GET"]}}],"collection":[{"href":"https:\/\/shopatoa.com\/ro\/wp-json\/wp\/v2\/product"}],"about":[{"href":"https:\/\/shopatoa.com\/ro\/wp-json\/wp\/v2\/types\/product"}],"replies":[{"embeddable":true,"href":"https:\/\/shopatoa.com\/ro\/wp-json\/wp\/v2\/comments?post=390793"}],"wp:featuredmedia":[{"embeddable":true,"href":"https:\/\/shopatoa.com\/ro\/wp-json\/wp\/v2\/media\/390794"}],"wp:attachment":[{"href":"https:\/\/shopatoa.com\/ro\/wp-json\/wp\/v2\/media?parent=390793"}],"wp:term":[{"taxonomy":"product_brand","embeddable":true,"href":"https:\/\/shopatoa.com\/ro\/wp-json\/wp\/v2\/product_brand?post=390793"},{"taxonomy":"product_cat","embeddable":true,"href":"https:\/\/shopatoa.com\/ro\/wp-json\/wp\/v2\/product_cat?post=390793"},{"taxonomy":"product_tag","embeddable":true,"href":"https:\/\/shopatoa.com\/ro\/wp-json\/wp\/v2\/product_tag?post=390793"}],"curies":[{"name":"wp","href":"https:\/\/api.w.org\/{rel}","templated":true}]}}